{"id":19650,"date":"2025-08-12T17:21:43","date_gmt":"2025-08-12T14:21:43","guid":{"rendered":"https:\/\/ranoja.ee\/?post_type=product&#038;p=19650"},"modified":"2026-04-14T11:59:24","modified_gmt":"2026-04-14T08:59:24","slug":"kolmefaasiline-diisel-generaator-konner-sohnen-ks-33-3ye","status":"publish","type":"product","link":"https:\/\/ranoja.ee\/en\/toode\/kolmefaasiline-diisel-generaator-konner-sohnen-ks-33-3ye\/","title":{"rendered":"Kolmefaasiline diisel generaator K\u00f6nner &#038; S\u00f6hnen KS 33-3YE"},"content":{"rendered":"<p>Kolmefaasiline diisel generaator K\u00f6nner &#038; S\u00f6hnen KS 33-3YE<\/p>\n<p>KS 33-3YE diiselgeneraator on varustatud automaatse pingeregulaatoriga neljapooluselise harjadeta vahelduvvoolugeneraatoriga, k\u00fclmal aastaajal kasutamiseks m\u00f5eldud eelsoojendiga, 75-liitrise k\u00fctusepaagiga, mis pakub 15-tunnist autonoomset t\u00f6\u00f6d ilma tankimiseta, k\u00fctusekulu on 5,1 liitrit tunnis keskmise 50% koormuse juures, \u00fchendus automaatse start\/stopp s\u00fcsteemi jaoks ja iga ilmaga vandaalivastane helikindel korpus.<\/p>\n<p>EELISED:<\/p>\n<p>VESIJAHUTUS<br \/>\nVesijahutusega mootoris\u00fcsteem tagab seadme t\u00f6\u00f6kindla t\u00f6\u00f6 ja hoiab \u00e4ra mootori enneaegse rikke. Mootori t\u00f5hus jahutus v\u00f5imaldab sellel generaatorikomplektil kokku puutuda k\u00f5rgete \u00fcmbritseva \u00f5hu temperatuuridega.<\/p>\n<p>EELSOOJENDI<br \/>\nMootori eelsoojendi h\u00f5lbustab elektrijaama k\u00e4ivitamist ilma mootorit koormamata, isegi k\u00fclmal aastaajal miinustemperatuuridel. S\u00fcsteem eelsoojendab automaatselt mootori vees\u00e4rgi vajaliku temperatuurini ja hoiab mootori temperatuuri, et h\u00f5lbustada mootori k\u00e4ivitamist iga ilmaga.<\/p>\n<p>DIGITAALNE KONTROLLER<br \/>\nK\u00f5iki toiminguid juhitakse kaasaegse multifunktsionaalse digitaalse kontrolleri kaudu. Kontroller v\u00f5imaldab j\u00e4lgida k\u00f5iki elektrijaama t\u00f6\u00f6n\u00e4idikuid, mugavaid k\u00e4ivitus- ja t\u00f6\u00f6seadistusi, j\u00e4lgida aku olekut, mootori p\u00f6\u00f6rlemissagedust ja koormusele kohandatud k\u00fctusevarustust ning kaitset \u00fclekuumenemise ja madala \u00f5litaseme eest.<\/p>\n<p>K\u00f6nner &amp; S\u00f6hnen on saksa kvaliteeti pakkuv br\u00e4nd. Meie valik sisaldab generaatorid, aiat\u00f6\u00f6riistad ja voolutooted. Oleme tuntud usaldusv\u00e4\u00e4rsuse ja soodsa hinna poolest.<\/p>\n<p>Tootekategooriad:<br \/>\nInvertergeneraatorid<br \/>\nKompaktsed kaasaskantavad generaatorid. Sobivad tundlike elektroonikaseadmete jaoks. Madal k\u00fctusekulu, stabiilne pinge ja madal m\u00fcratase.<\/p>\n<p>Diiselgeneraatorid<br \/>\nV\u00f5imsad seadmed kuni 16\u202fkVA. Singel\u2011 ja 3\u2011faasilised mudelid. Sobivad t\u00f6\u00f6stuslikuks ja koduseks kasutuseks.<\/p>\n<p>P\u00f5hiv\u00e4\u00e4rtused:<br \/>\nEuroopa kvaliteet taskukohase hinnaga.<br \/>\nEuro\u202fV heitgaasistandard, EFI ja PVA tehnoloogiad. Igal mootoril oma seerianumber. Testitud ja sertifitseeritud seadmed.<br \/>\nLai tootevalik generaatorid + aiat\u00f6\u00f6riistad: murutrimmer, aiapuhurid, log splitters, motopumbad, survepesurid, aku- ja laadijad<br \/>\nTeenindus ja garantii olemas kogu Euroopas. Dimax Group toetab varuosi ja tehnilist tuge.<\/p>\n<p>K\u00f6nner &amp; S\u00f6hnen generaatorid:<br \/>\nInvertergeneraatorid<br \/>\nDiiselgeneraatorid<br \/>\n48\u202fV DC generaator<br \/>\nMatka generaator<br \/>\nKodune varugeneraator<br \/>\nEuro V generaator<\/p>\n<p>K\u00f6nner &amp; S\u00f6hnen pakub usaldusv\u00e4\u00e4rseid ja mitmek\u00fclgseid generaatorilahendusi. Tootevalik katab inverter\u2011, diisel\u2011 ja DC generaatorid. Lisaks aiat\u00f6\u00f6riistad ning tehniline tugi.<br \/>\nIdeaalne valik kodu ja professionaalseks kasutamiseks.<\/p>\n<p>Kolmefaasiline diisel generaator K\u00f6nner &#038; S\u00f6hnen KS 33-3YE<\/p>\n","protected":false},"excerpt":{"rendered":"<p>Kolmefaasiline diisel generaator K\u00f6nner &#038; S\u00f6hnen KS 33-3YE<br \/>\nPinge: 230V\/400V<br \/>\nMaksimaalne v\u00f5imsus 400V: 33kVA<br \/>\nMaksimaalne nominaalne v\u00f5imsus 400V: 30kVA<br \/>\nVool maksimaalne: 47.63A<br \/>\nKaitseklass: IP24<br \/>\nPistikupesad: 1 x 230 V, 1 x 400V 16A ja 1 x 400V 32A<br \/>\nSisseehitatud akulaadia<br \/>\nAku: 2 x 85Ah<br \/>\nK\u00fctusepaagi maht: 75L<br \/>\nKarteri maht: 11L<br \/>\nJahutusvedeliku maht: 8L<br \/>\nEelsoojendi<br \/>\nMootori silindri t\u00f6\u00f6maht: 3707m3<br \/>\nMootor: 4-taktiline, 4-silindriline, diiselmootoriga, vesijahutusega<br \/>\nMootori k\u00e4ivitamine: Automaatne ja manuaalne<br \/>\nMootori p\u00f6\u00f6rlemiskiiruse juhtimine: elektrooniline<br \/>\nToitev\u00e4ljundi kontroller: Pinge stabiliseerimiss\u00fcsteem AVR<br \/>\nKorpuse t\u00fc\u00fcp: Helikindel, niiskuskindel, vandaalivastane, vandaalivastane<br \/>\nT\u00f6\u00f6aeg: Kuni 15 tundi (50% koormusel)<br \/>\nK\u00fctusekulu 50% koormuse juures: 5.1l\/h<br \/>\nNimipinge tolerants: Maksimaalselt 5%<br \/>\nKaal: 981Kg<br \/>\n<strong>Eeldatav tarneaeg 1-7 t\u00f6\u00f6p\u00e4eva<\/strong><\/p>\n","protected":false},"featured_media":19671,"template":"","meta":{"inline_featured_image":false},"product_cat":[1090,102],"product_tag":[2112,1813,2110],"class_list":{"0":"post-19650","1":"product","2":"type-product","3":"status-publish","4":"has-post-thumbnail","6":"product_brand-konner-sohnen","7":"product_cat-ehitustehnika","8":"product_cat-generaatorid-ja-inverterid","9":"product_tag-diisel-generaator","10":"product_tag-konner-sohnen","11":"product_tag-ks-33-3ye","13":"first","14":"outofstock","15":"taxable","16":"shipping-taxable","17":"purchasable","18":"product-type-simple"},"yoast_head":"<!-- This site is optimized with the Yoast SEO plugin v27.4 - https:\/\/yoast.com\/product\/yoast-seo-wordpress\/ -->\n<title>Kolmefaasiline diisel generaator K\u00f6nner &amp; S\u00f6hnen KS 33-3YE<\/title>\n<meta name=\"description\" content=\"Kolmefaasiline diisel generaator K\u00f6nner &amp; S\u00f6hnen KS 33-3YE Mootori eelsoojendi h\u00f5lbustab elektrijaama k\u00e4ivitamist, k\u00fclmal aastaajal miinustemperatuuridel.\" \/>\n<meta name=\"robots\" content=\"index, follow, max-snippet:-1, max-image-preview:large, max-video-preview:-1\" \/>\n<link rel=\"canonical\" href=\"https:\/\/ranoja.ee\/toode\/kolmefaasiline-diisel-generaator-konner-sohnen-ks-33-3ye\/\" \/>\n<meta property=\"og:locale\" content=\"en_US\" \/>\n<meta property=\"og:type\" content=\"article\" \/>\n<meta property=\"og:title\" content=\"Kolmefaasiline diisel generaator K\u00f6nner &amp; S\u00f6hnen KS 33-3YE\" \/>\n<meta property=\"og:description\" content=\"Kolmefaasiline diisel generaator K\u00f6nner &amp; S\u00f6hnen KS 33-3YE Mootori eelsoojendi h\u00f5lbustab elektrijaama k\u00e4ivitamist, k\u00fclmal aastaajal miinustemperatuuridel.\" \/>\n<meta property=\"og:url\" content=\"https:\/\/ranoja.ee\/toode\/kolmefaasiline-diisel-generaator-konner-sohnen-ks-33-3ye\/\" \/>\n<meta property=\"og:site_name\" content=\"Ranoja\" \/>\n<meta property=\"article:publisher\" content=\"https:\/\/www.facebook.com\/ranoja.ee\" \/>\n<meta property=\"article:modified_time\" content=\"2026-04-14T08:59:24+00:00\" \/>\n<meta property=\"og:image\" content=\"https:\/\/ranoja.ee\/wp-content\/uploads\/2025\/08\/Kolmefaasiline-diisel-generaator-Konner-Sohnen-KS-33-3YE-5.webp\" \/>\n\t<meta property=\"og:image:width\" content=\"1600\" \/>\n\t<meta property=\"og:image:height\" content=\"1200\" \/>\n\t<meta property=\"og:image:type\" content=\"image\/webp\" \/>\n<meta name=\"twitter:card\" content=\"summary_large_image\" \/>\n<meta name=\"twitter:label1\" content=\"Est. reading time\" \/>\n\t<meta name=\"twitter:data1\" content=\"2 minutes\" \/>\n<script type=\"application\/ld+json\" class=\"yoast-schema-graph\">{\"@context\":\"https:\\\/\\\/schema.org\",\"@graph\":[{\"@type\":\"WebPage\",\"@id\":\"https:\\\/\\\/ranoja.ee\\\/toode\\\/kolmefaasiline-diisel-generaator-konner-sohnen-ks-33-3ye\\\/\",\"url\":\"https:\\\/\\\/ranoja.ee\\\/toode\\\/kolmefaasiline-diisel-generaator-konner-sohnen-ks-33-3ye\\\/\",\"name\":\"Kolmefaasiline diisel generaator K\u00f6nner & S\u00f6hnen KS 33-3YE\",\"isPartOf\":{\"@id\":\"https:\\\/\\\/ranoja.ee\\\/#website\"},\"primaryImageOfPage\":{\"@id\":\"https:\\\/\\\/ranoja.ee\\\/toode\\\/kolmefaasiline-diisel-generaator-konner-sohnen-ks-33-3ye\\\/#primaryimage\"},\"image\":{\"@id\":\"https:\\\/\\\/ranoja.ee\\\/toode\\\/kolmefaasiline-diisel-generaator-konner-sohnen-ks-33-3ye\\\/#primaryimage\"},\"thumbnailUrl\":\"https:\\\/\\\/ranoja.ee\\\/wp-content\\\/uploads\\\/2025\\\/08\\\/Kolmefaasiline-diisel-generaator-Konner-Sohnen-KS-33-3YE-5.webp\",\"datePublished\":\"2025-08-12T14:21:43+00:00\",\"dateModified\":\"2026-04-14T08:59:24+00:00\",\"description\":\"Kolmefaasiline diisel generaator K\u00f6nner & S\u00f6hnen KS 33-3YE Mootori eelsoojendi h\u00f5lbustab elektrijaama k\u00e4ivitamist, k\u00fclmal aastaajal miinustemperatuuridel.\",\"breadcrumb\":{\"@id\":\"https:\\\/\\\/ranoja.ee\\\/toode\\\/kolmefaasiline-diisel-generaator-konner-sohnen-ks-33-3ye\\\/#breadcrumb\"},\"inLanguage\":\"en-US\",\"potentialAction\":[{\"@type\":\"ReadAction\",\"target\":[\"https:\\\/\\\/ranoja.ee\\\/toode\\\/kolmefaasiline-diisel-generaator-konner-sohnen-ks-33-3ye\\\/\"]}]},{\"@type\":\"ImageObject\",\"inLanguage\":\"en-US\",\"@id\":\"https:\\\/\\\/ranoja.ee\\\/toode\\\/kolmefaasiline-diisel-generaator-konner-sohnen-ks-33-3ye\\\/#primaryimage\",\"url\":\"https:\\\/\\\/ranoja.ee\\\/wp-content\\\/uploads\\\/2025\\\/08\\\/Kolmefaasiline-diisel-generaator-Konner-Sohnen-KS-33-3YE-5.webp\",\"contentUrl\":\"https:\\\/\\\/ranoja.ee\\\/wp-content\\\/uploads\\\/2025\\\/08\\\/Kolmefaasiline-diisel-generaator-Konner-Sohnen-KS-33-3YE-5.webp\",\"width\":1600,\"height\":1200,\"caption\":\"Kolmefaasiline diisel generaator K\u00f6nner & S\u00f6hnen KS 33-3YE\"},{\"@type\":\"BreadcrumbList\",\"@id\":\"https:\\\/\\\/ranoja.ee\\\/toode\\\/kolmefaasiline-diisel-generaator-konner-sohnen-ks-33-3ye\\\/#breadcrumb\",\"itemListElement\":[{\"@type\":\"ListItem\",\"position\":1,\"name\":\"Home\",\"item\":\"https:\\\/\\\/ranoja.ee\\\/\"},{\"@type\":\"ListItem\",\"position\":2,\"name\":\"Shop\",\"item\":\"https:\\\/\\\/ranoja.ee\\\/en\\\/shop\\\/\"},{\"@type\":\"ListItem\",\"position\":3,\"name\":\"Kolmefaasiline diisel generaator K\u00f6nner &#038; S\u00f6hnen KS 33-3YE\"}]},{\"@type\":\"WebSite\",\"@id\":\"https:\\\/\\\/ranoja.ee\\\/#website\",\"url\":\"https:\\\/\\\/ranoja.ee\\\/\",\"name\":\"Ranoja\",\"description\":\"Equipment Shop WooCommerce WordPress Theme for Machine &amp; Tools\",\"publisher\":{\"@id\":\"https:\\\/\\\/ranoja.ee\\\/#organization\"},\"potentialAction\":[{\"@type\":\"SearchAction\",\"target\":{\"@type\":\"EntryPoint\",\"urlTemplate\":\"https:\\\/\\\/ranoja.ee\\\/?s={search_term_string}\"},\"query-input\":{\"@type\":\"PropertyValueSpecification\",\"valueRequired\":true,\"valueName\":\"search_term_string\"}}],\"inLanguage\":\"en-US\"},{\"@type\":\"Organization\",\"@id\":\"https:\\\/\\\/ranoja.ee\\\/#organization\",\"name\":\"Ranoja O\u00dc\",\"url\":\"https:\\\/\\\/ranoja.ee\\\/\",\"logo\":{\"@type\":\"ImageObject\",\"inLanguage\":\"en-US\",\"@id\":\"https:\\\/\\\/ranoja.ee\\\/#\\\/schema\\\/logo\\\/image\\\/\",\"url\":\"https:\\\/\\\/ranoja.ee\\\/wp-content\\\/uploads\\\/2023\\\/11\\\/ranoja-Logo.png\",\"contentUrl\":\"https:\\\/\\\/ranoja.ee\\\/wp-content\\\/uploads\\\/2023\\\/11\\\/ranoja-Logo.png\",\"width\":207,\"height\":58,\"caption\":\"Ranoja O\u00dc\"},\"image\":{\"@id\":\"https:\\\/\\\/ranoja.ee\\\/#\\\/schema\\\/logo\\\/image\\\/\"},\"sameAs\":[\"https:\\\/\\\/www.facebook.com\\\/ranoja.ee\",\"https:\\\/\\\/www.instagram.com\\\/ranoja__\\\/\"]}]}<\/script>\n<!-- \/ Yoast SEO plugin. -->","yoast_head_json":{"title":"Kolmefaasiline diisel generaator K\u00f6nner & S\u00f6hnen KS 33-3YE","description":"Kolmefaasiline diisel generaator K\u00f6nner & S\u00f6hnen KS 33-3YE Mootori eelsoojendi h\u00f5lbustab elektrijaama k\u00e4ivitamist, k\u00fclmal aastaajal miinustemperatuuridel.","robots":{"index":"index","follow":"follow","max-snippet":"max-snippet:-1","max-image-preview":"max-image-preview:large","max-video-preview":"max-video-preview:-1"},"canonical":"https:\/\/ranoja.ee\/toode\/kolmefaasiline-diisel-generaator-konner-sohnen-ks-33-3ye\/","og_locale":"en_US","og_type":"article","og_title":"Kolmefaasiline diisel generaator K\u00f6nner & S\u00f6hnen KS 33-3YE","og_description":"Kolmefaasiline diisel generaator K\u00f6nner & S\u00f6hnen KS 33-3YE Mootori eelsoojendi h\u00f5lbustab elektrijaama k\u00e4ivitamist, k\u00fclmal aastaajal miinustemperatuuridel.","og_url":"https:\/\/ranoja.ee\/toode\/kolmefaasiline-diisel-generaator-konner-sohnen-ks-33-3ye\/","og_site_name":"Ranoja","article_publisher":"https:\/\/www.facebook.com\/ranoja.ee","article_modified_time":"2026-04-14T08:59:24+00:00","og_image":[{"width":1600,"height":1200,"url":"https:\/\/ranoja.ee\/wp-content\/uploads\/2025\/08\/Kolmefaasiline-diisel-generaator-Konner-Sohnen-KS-33-3YE-5.webp","type":"image\/webp"}],"twitter_card":"summary_large_image","twitter_misc":{"Est. reading time":"2 minutes"},"schema":{"@context":"https:\/\/schema.org","@graph":[{"@type":"WebPage","@id":"https:\/\/ranoja.ee\/toode\/kolmefaasiline-diisel-generaator-konner-sohnen-ks-33-3ye\/","url":"https:\/\/ranoja.ee\/toode\/kolmefaasiline-diisel-generaator-konner-sohnen-ks-33-3ye\/","name":"Kolmefaasiline diisel generaator K\u00f6nner & S\u00f6hnen KS 33-3YE","isPartOf":{"@id":"https:\/\/ranoja.ee\/#website"},"primaryImageOfPage":{"@id":"https:\/\/ranoja.ee\/toode\/kolmefaasiline-diisel-generaator-konner-sohnen-ks-33-3ye\/#primaryimage"},"image":{"@id":"https:\/\/ranoja.ee\/toode\/kolmefaasiline-diisel-generaator-konner-sohnen-ks-33-3ye\/#primaryimage"},"thumbnailUrl":"https:\/\/ranoja.ee\/wp-content\/uploads\/2025\/08\/Kolmefaasiline-diisel-generaator-Konner-Sohnen-KS-33-3YE-5.webp","datePublished":"2025-08-12T14:21:43+00:00","dateModified":"2026-04-14T08:59:24+00:00","description":"Kolmefaasiline diisel generaator K\u00f6nner & S\u00f6hnen KS 33-3YE Mootori eelsoojendi h\u00f5lbustab elektrijaama k\u00e4ivitamist, k\u00fclmal aastaajal miinustemperatuuridel.","breadcrumb":{"@id":"https:\/\/ranoja.ee\/toode\/kolmefaasiline-diisel-generaator-konner-sohnen-ks-33-3ye\/#breadcrumb"},"inLanguage":"en-US","potentialAction":[{"@type":"ReadAction","target":["https:\/\/ranoja.ee\/toode\/kolmefaasiline-diisel-generaator-konner-sohnen-ks-33-3ye\/"]}]},{"@type":"ImageObject","inLanguage":"en-US","@id":"https:\/\/ranoja.ee\/toode\/kolmefaasiline-diisel-generaator-konner-sohnen-ks-33-3ye\/#primaryimage","url":"https:\/\/ranoja.ee\/wp-content\/uploads\/2025\/08\/Kolmefaasiline-diisel-generaator-Konner-Sohnen-KS-33-3YE-5.webp","contentUrl":"https:\/\/ranoja.ee\/wp-content\/uploads\/2025\/08\/Kolmefaasiline-diisel-generaator-Konner-Sohnen-KS-33-3YE-5.webp","width":1600,"height":1200,"caption":"Kolmefaasiline diisel generaator K\u00f6nner & S\u00f6hnen KS 33-3YE"},{"@type":"BreadcrumbList","@id":"https:\/\/ranoja.ee\/toode\/kolmefaasiline-diisel-generaator-konner-sohnen-ks-33-3ye\/#breadcrumb","itemListElement":[{"@type":"ListItem","position":1,"name":"Home","item":"https:\/\/ranoja.ee\/"},{"@type":"ListItem","position":2,"name":"Shop","item":"https:\/\/ranoja.ee\/en\/shop\/"},{"@type":"ListItem","position":3,"name":"Kolmefaasiline diisel generaator K\u00f6nner &#038; S\u00f6hnen KS 33-3YE"}]},{"@type":"WebSite","@id":"https:\/\/ranoja.ee\/#website","url":"https:\/\/ranoja.ee\/","name":"Ranoja","description":"Equipment Shop WooCommerce WordPress Theme for Machine &amp; Tools","publisher":{"@id":"https:\/\/ranoja.ee\/#organization"},"potentialAction":[{"@type":"SearchAction","target":{"@type":"EntryPoint","urlTemplate":"https:\/\/ranoja.ee\/?s={search_term_string}"},"query-input":{"@type":"PropertyValueSpecification","valueRequired":true,"valueName":"search_term_string"}}],"inLanguage":"en-US"},{"@type":"Organization","@id":"https:\/\/ranoja.ee\/#organization","name":"Ranoja O\u00dc","url":"https:\/\/ranoja.ee\/","logo":{"@type":"ImageObject","inLanguage":"en-US","@id":"https:\/\/ranoja.ee\/#\/schema\/logo\/image\/","url":"https:\/\/ranoja.ee\/wp-content\/uploads\/2023\/11\/ranoja-Logo.png","contentUrl":"https:\/\/ranoja.ee\/wp-content\/uploads\/2023\/11\/ranoja-Logo.png","width":207,"height":58,"caption":"Ranoja O\u00dc"},"image":{"@id":"https:\/\/ranoja.ee\/#\/schema\/logo\/image\/"},"sameAs":["https:\/\/www.facebook.com\/ranoja.ee","https:\/\/www.instagram.com\/ranoja__\/"]}]}},"_links":{"self":[{"href":"https:\/\/ranoja.ee\/en\/wp-json\/wp\/v2\/product\/19650","targetHints":{"allow":["GET"]}}],"collection":[{"href":"https:\/\/ranoja.ee\/en\/wp-json\/wp\/v2\/product"}],"about":[{"href":"https:\/\/ranoja.ee\/en\/wp-json\/wp\/v2\/types\/product"}],"wp:featuredmedia":[{"embeddable":true,"href":"https:\/\/ranoja.ee\/en\/wp-json\/wp\/v2\/media\/19671"}],"wp:attachment":[{"href":"https:\/\/ranoja.ee\/en\/wp-json\/wp\/v2\/media?parent=19650"}],"wp:term":[{"taxonomy":"product_cat","embeddable":true,"href":"https:\/\/ranoja.ee\/en\/wp-json\/wp\/v2\/product_cat?post=19650"},{"taxonomy":"product_tag","embeddable":true,"href":"https:\/\/ranoja.ee\/en\/wp-json\/wp\/v2\/product_tag?post=19650"}],"curies":[{"name":"wp","href":"https:\/\/api.w.org\/{rel}","templated":true}]}}