{"id":19483,"date":"2025-08-11T16:57:11","date_gmt":"2025-08-11T13:57:11","guid":{"rendered":"https:\/\/ranoja.ee\/?post_type=product&#038;p=19483"},"modified":"2026-04-14T11:59:25","modified_gmt":"2026-04-14T08:59:25","slug":"alalisvoolu-generaator-konner-sohnen-ks-48v-dc","status":"publish","type":"product","link":"https:\/\/ranoja.ee\/en\/toode\/alalisvoolu-generaator-konner-sohnen-ks-48v-dc\/","title":{"rendered":"Alalisvoolu generaator K\u00f6nner &#038; S\u00f6hnen KS 48V-DC"},"content":{"rendered":"<p>Alalisvoolu generaator K\u00f6nner &#038; S\u00f6hnen KS 48V-DC<\/p>\n<p>Saksa kaubam\u00e4rgi K\u00f6nner &#038; S\u00f6hnen alalisvoolugeneraator KS 48V-DC on m\u00f5eldud varuakulaadijaks 48-54 V akude laadimiseks. Generaator sobib akude laadimiseks, mida kasutatakse kodumajapidamise, v\u00f5rguv\u00e4lise p\u00e4ikese-, tuule-, telekommunikatsioonis\u00fcsteemide, paatide, k\u00e4mpingute ja muude seadmete toiteks.<\/p>\n<p>Tugev K\u00f6nner &#038; S\u00f6hneni mootor vastab k\u00f5igile Euroopa kvaliteedistandarditele, sealhulgas uusimale EURO V heitmestandardile. Vaskm\u00e4hisega tipptasemel generaator ja kaubam\u00e4rgiga mootor tagavad t\u00f5rgeteta ja pikaajalise t\u00f6\u00f6.<\/p>\n<p>Eelised:<br \/>\nIntegreeritud kontrolleriga j\u00e4lgib generaator pidevalt aku pinget automaatre\u017eiimis ja hakkab automaatselt akut laadima, kui selle pinge langeb.<\/p>\n<p>Usaldusv\u00e4\u00e4rse kaubam\u00e4rgiga K\u00f6nner &#038; S\u00f6hnen mootoril on k\u00f5rge kulumiskindlus, see tagab pika ja stabiilse t\u00f6\u00f6 ning vastab k\u00f5igile Euroopa kvaliteedistandarditele, sealhulgas uusimale EURO V heitestandardile.<\/p>\n<p>K\u00f5igi peamiste t\u00f6\u00f6oleku n\u00e4itajate juhtimine: automaatne mootori seiskamine madalal \u00f5litasemel, \u00fclekoormus- ja l\u00fchisekaitse, k\u00fctusetaseme andur.<\/p>\n<p>Ergonoomiline juhtpaneel, mis on varustatud voltmeetri, ampermeetri, \u00f5litaseme indikaatori, \u00fclekoormuse indikaatori, alalisvoolu indikaatori, aku klemmide, juhtklemmide, AUTO ja MANUAL\/EXTERNAL re\u017eiimide l\u00fclitiga, mootori k\u00e4ivitamisega.<\/p>\n<p>Varustatud transpordikomplektiga (lahtik\u00e4iv k\u00e4epide ja rattad), mis v\u00f5imaldab selle mugavat k\u00e4sitsemist.<\/p>\n<p>K\u00f6nner &amp; S\u00f6hnen on saksa kvaliteeti pakkuv br\u00e4nd. Meie valik sisaldab generaatorid, aiat\u00f6\u00f6riistad ja voolutooted. Oleme tuntud usaldusv\u00e4\u00e4rsuse ja soodsa hinna poolest.<\/p>\n<p>Tootekategooriad:<br \/>\nInvertergeneraatorid<br \/>\nKompaktsed kaasaskantavad generaatorid. Sobivad tundlike elektroonikaseadmete jaoks. Madal k\u00fctusekulu, stabiilne pinge ja madal m\u00fcratase.<\/p>\n<p>Diiselgeneraatorid<br \/>\nV\u00f5imsad seadmed kuni 16\u202fkVA. Singel\u2011 ja 3\u2011faasilised mudelid. Sobivad t\u00f6\u00f6stuslikuks ja koduseks kasutuseks.<\/p>\n<p>P\u00f5hiv\u00e4\u00e4rtused:<br \/>\nEuroopa kvaliteet taskukohase hinnaga.<br \/>\nEuro\u202fV heitgaasistandard, EFI ja PVA tehnoloogiad. Igal mootoril oma seerianumber. Testitud ja sertifitseeritud seadmed.<br \/>\nLai tootevalik generaatorid + aiat\u00f6\u00f6riistad: murutrimmer, aiapuhurid, log splitters, motopumbad, survepesurid, aku- ja laadijad<br \/>\nTeenindus ja garantii olemas kogu Euroopas. Dimax Group toetab varuosi ja tehnilist tuge.<\/p>\n<p>K\u00f6nner &amp; S\u00f6hnen generaatorid:<br \/>\nInvertergeneraatorid<br \/>\nDiiselgeneraatorid<br \/>\n48\u202fV DC generaator<br \/>\nMatka generaator<br \/>\nKodune varugeneraator<br \/>\nEuro V generaator<\/p>\n<p>K\u00f6nner &amp; S\u00f6hnen pakub usaldusv\u00e4\u00e4rseid ja mitmek\u00fclgseid generaatorilahendusi. Tootevalik katab inverter\u2011, diisel\u2011 ja DC generaatorid. Lisaks aiat\u00f6\u00f6riistad ning tehniline tugi.<br \/>\nIdeaalne valik kodu ja professionaalseks kasutamiseks.<\/p>\n<p>Alalisvoolu generaator K\u00f6nner &#038; S\u00f6hnen KS 48V-DC<\/p>\n","protected":false},"excerpt":{"rendered":"<p>Alalisvoolu generaator K\u00f6nner &#038; S\u00f6hnen KS 48V-DC<br \/>\nPinge: 48-54V<br \/>\nVool maksimaalne: 70A<br \/>\nKaitseklass: IP23M<br \/>\nMootori silindri t\u00f6\u00f6maht: 223m3<br \/>\nMootori v\u00f5imsus: 16HP<br \/>\nMootor: 4-taktiline, bensiinimootor, \u00f5hkjahutus<br \/>\nK\u00e4ivitamine: Automaatne, manuaalne ja elektriline<br \/>\nK\u00fctusepaagi maht: 12.5L<br \/>\nKarteri maht: 0.6L<br \/>\nLed ekraan: Pinge, voolutugevus<br \/>\nKaal: 38kg<br \/>\n<strong>Eeldatav tarneaeg 1-7 t\u00f6\u00f6p\u00e4eva<\/strong><\/p>\n","protected":false},"featured_media":19500,"template":"","meta":{"inline_featured_image":false},"product_cat":[1090,102],"product_tag":[2097,421,1813,2099],"class_list":{"0":"post-19483","1":"product","2":"type-product","3":"status-publish","4":"has-post-thumbnail","6":"product_brand-konner-sohnen","7":"product_cat-ehitustehnika","8":"product_cat-generaatorid-ja-inverterid","9":"product_tag-alalisvoolu-generaator","10":"product_tag-generaator","11":"product_tag-konner-sohnen","12":"product_tag-ks-48v-dc","14":"first","15":"outofstock","16":"taxable","17":"shipping-taxable","18":"purchasable","19":"product-type-simple"},"yoast_head":"<!-- This site is optimized with the Yoast SEO plugin v27.4 - https:\/\/yoast.com\/product\/yoast-seo-wordpress\/ -->\n<title>Alalisvoolu generaator K\u00f6nner &amp; S\u00f6hnen KS 48V-DC<\/title>\n<meta name=\"description\" content=\"Alalisvoolu generaator K\u00f6nner &amp; S\u00f6hnen KS 48V-DC K\u00f6nner &amp; S\u00f6hneni mootor vastab k\u00f5igile Euroopa kvaliteedistandarditele, sealhulgas EURO V heitmestandardile\" \/>\n<meta name=\"robots\" content=\"index, follow, max-snippet:-1, max-image-preview:large, max-video-preview:-1\" \/>\n<link rel=\"canonical\" href=\"https:\/\/ranoja.ee\/toode\/alalisvoolu-generaator-konner-sohnen-ks-48v-dc\/\" \/>\n<meta property=\"og:locale\" content=\"en_US\" \/>\n<meta property=\"og:type\" content=\"article\" \/>\n<meta property=\"og:title\" content=\"Alalisvoolu generaator K\u00f6nner &amp; S\u00f6hnen KS 48V-DC\" \/>\n<meta property=\"og:description\" content=\"Alalisvoolu generaator K\u00f6nner &amp; S\u00f6hnen KS 48V-DC K\u00f6nner &amp; S\u00f6hneni mootor vastab k\u00f5igile Euroopa kvaliteedistandarditele, sealhulgas EURO V heitmestandardile\" \/>\n<meta property=\"og:url\" content=\"https:\/\/ranoja.ee\/toode\/alalisvoolu-generaator-konner-sohnen-ks-48v-dc\/\" \/>\n<meta property=\"og:site_name\" content=\"Ranoja\" \/>\n<meta property=\"article:publisher\" content=\"https:\/\/www.facebook.com\/ranoja.ee\" \/>\n<meta property=\"article:modified_time\" content=\"2026-04-14T08:59:25+00:00\" \/>\n<meta property=\"og:image\" content=\"https:\/\/ranoja.ee\/wp-content\/uploads\/2025\/08\/Alalisvoolu-generaator-Konner-Sohnen-KS-48V-DC-7.jpg\" \/>\n\t<meta property=\"og:image:width\" content=\"600\" \/>\n\t<meta property=\"og:image:height\" content=\"450\" \/>\n\t<meta property=\"og:image:type\" content=\"image\/jpeg\" \/>\n<meta name=\"twitter:card\" content=\"summary_large_image\" \/>\n<meta name=\"twitter:label1\" content=\"Est. reading time\" \/>\n\t<meta name=\"twitter:data1\" content=\"2 minutes\" \/>\n<script type=\"application\/ld+json\" class=\"yoast-schema-graph\">{\"@context\":\"https:\\\/\\\/schema.org\",\"@graph\":[{\"@type\":\"WebPage\",\"@id\":\"https:\\\/\\\/ranoja.ee\\\/toode\\\/alalisvoolu-generaator-konner-sohnen-ks-48v-dc\\\/\",\"url\":\"https:\\\/\\\/ranoja.ee\\\/toode\\\/alalisvoolu-generaator-konner-sohnen-ks-48v-dc\\\/\",\"name\":\"Alalisvoolu generaator K\u00f6nner & S\u00f6hnen KS 48V-DC\",\"isPartOf\":{\"@id\":\"https:\\\/\\\/ranoja.ee\\\/#website\"},\"primaryImageOfPage\":{\"@id\":\"https:\\\/\\\/ranoja.ee\\\/toode\\\/alalisvoolu-generaator-konner-sohnen-ks-48v-dc\\\/#primaryimage\"},\"image\":{\"@id\":\"https:\\\/\\\/ranoja.ee\\\/toode\\\/alalisvoolu-generaator-konner-sohnen-ks-48v-dc\\\/#primaryimage\"},\"thumbnailUrl\":\"https:\\\/\\\/ranoja.ee\\\/wp-content\\\/uploads\\\/2025\\\/08\\\/Alalisvoolu-generaator-Konner-Sohnen-KS-48V-DC-7.jpg\",\"datePublished\":\"2025-08-11T13:57:11+00:00\",\"dateModified\":\"2026-04-14T08:59:25+00:00\",\"description\":\"Alalisvoolu generaator K\u00f6nner & S\u00f6hnen KS 48V-DC K\u00f6nner & S\u00f6hneni mootor vastab k\u00f5igile Euroopa kvaliteedistandarditele, sealhulgas EURO V heitmestandardile\",\"breadcrumb\":{\"@id\":\"https:\\\/\\\/ranoja.ee\\\/toode\\\/alalisvoolu-generaator-konner-sohnen-ks-48v-dc\\\/#breadcrumb\"},\"inLanguage\":\"en-US\",\"potentialAction\":[{\"@type\":\"ReadAction\",\"target\":[\"https:\\\/\\\/ranoja.ee\\\/toode\\\/alalisvoolu-generaator-konner-sohnen-ks-48v-dc\\\/\"]}]},{\"@type\":\"ImageObject\",\"inLanguage\":\"en-US\",\"@id\":\"https:\\\/\\\/ranoja.ee\\\/toode\\\/alalisvoolu-generaator-konner-sohnen-ks-48v-dc\\\/#primaryimage\",\"url\":\"https:\\\/\\\/ranoja.ee\\\/wp-content\\\/uploads\\\/2025\\\/08\\\/Alalisvoolu-generaator-Konner-Sohnen-KS-48V-DC-7.jpg\",\"contentUrl\":\"https:\\\/\\\/ranoja.ee\\\/wp-content\\\/uploads\\\/2025\\\/08\\\/Alalisvoolu-generaator-Konner-Sohnen-KS-48V-DC-7.jpg\",\"width\":600,\"height\":450,\"caption\":\"Alalisvoolu generaator K\u00f6nner & S\u00f6hnen KS 48V-DC\"},{\"@type\":\"BreadcrumbList\",\"@id\":\"https:\\\/\\\/ranoja.ee\\\/toode\\\/alalisvoolu-generaator-konner-sohnen-ks-48v-dc\\\/#breadcrumb\",\"itemListElement\":[{\"@type\":\"ListItem\",\"position\":1,\"name\":\"Home\",\"item\":\"https:\\\/\\\/ranoja.ee\\\/\"},{\"@type\":\"ListItem\",\"position\":2,\"name\":\"Shop\",\"item\":\"https:\\\/\\\/ranoja.ee\\\/en\\\/shop\\\/\"},{\"@type\":\"ListItem\",\"position\":3,\"name\":\"Alalisvoolu generaator K\u00f6nner &#038; S\u00f6hnen KS 48V-DC\"}]},{\"@type\":\"WebSite\",\"@id\":\"https:\\\/\\\/ranoja.ee\\\/#website\",\"url\":\"https:\\\/\\\/ranoja.ee\\\/\",\"name\":\"Ranoja\",\"description\":\"Equipment Shop WooCommerce WordPress Theme for Machine &amp; Tools\",\"publisher\":{\"@id\":\"https:\\\/\\\/ranoja.ee\\\/#organization\"},\"potentialAction\":[{\"@type\":\"SearchAction\",\"target\":{\"@type\":\"EntryPoint\",\"urlTemplate\":\"https:\\\/\\\/ranoja.ee\\\/?s={search_term_string}\"},\"query-input\":{\"@type\":\"PropertyValueSpecification\",\"valueRequired\":true,\"valueName\":\"search_term_string\"}}],\"inLanguage\":\"en-US\"},{\"@type\":\"Organization\",\"@id\":\"https:\\\/\\\/ranoja.ee\\\/#organization\",\"name\":\"Ranoja O\u00dc\",\"url\":\"https:\\\/\\\/ranoja.ee\\\/\",\"logo\":{\"@type\":\"ImageObject\",\"inLanguage\":\"en-US\",\"@id\":\"https:\\\/\\\/ranoja.ee\\\/#\\\/schema\\\/logo\\\/image\\\/\",\"url\":\"https:\\\/\\\/ranoja.ee\\\/wp-content\\\/uploads\\\/2023\\\/11\\\/ranoja-Logo.png\",\"contentUrl\":\"https:\\\/\\\/ranoja.ee\\\/wp-content\\\/uploads\\\/2023\\\/11\\\/ranoja-Logo.png\",\"width\":207,\"height\":58,\"caption\":\"Ranoja O\u00dc\"},\"image\":{\"@id\":\"https:\\\/\\\/ranoja.ee\\\/#\\\/schema\\\/logo\\\/image\\\/\"},\"sameAs\":[\"https:\\\/\\\/www.facebook.com\\\/ranoja.ee\",\"https:\\\/\\\/www.instagram.com\\\/ranoja__\\\/\"]}]}<\/script>\n<!-- \/ Yoast SEO plugin. -->","yoast_head_json":{"title":"Alalisvoolu generaator K\u00f6nner & S\u00f6hnen KS 48V-DC","description":"Alalisvoolu generaator K\u00f6nner & S\u00f6hnen KS 48V-DC K\u00f6nner & S\u00f6hneni mootor vastab k\u00f5igile Euroopa kvaliteedistandarditele, sealhulgas EURO V heitmestandardile","robots":{"index":"index","follow":"follow","max-snippet":"max-snippet:-1","max-image-preview":"max-image-preview:large","max-video-preview":"max-video-preview:-1"},"canonical":"https:\/\/ranoja.ee\/toode\/alalisvoolu-generaator-konner-sohnen-ks-48v-dc\/","og_locale":"en_US","og_type":"article","og_title":"Alalisvoolu generaator K\u00f6nner & S\u00f6hnen KS 48V-DC","og_description":"Alalisvoolu generaator K\u00f6nner & S\u00f6hnen KS 48V-DC K\u00f6nner & S\u00f6hneni mootor vastab k\u00f5igile Euroopa kvaliteedistandarditele, sealhulgas EURO V heitmestandardile","og_url":"https:\/\/ranoja.ee\/toode\/alalisvoolu-generaator-konner-sohnen-ks-48v-dc\/","og_site_name":"Ranoja","article_publisher":"https:\/\/www.facebook.com\/ranoja.ee","article_modified_time":"2026-04-14T08:59:25+00:00","og_image":[{"width":600,"height":450,"url":"https:\/\/ranoja.ee\/wp-content\/uploads\/2025\/08\/Alalisvoolu-generaator-Konner-Sohnen-KS-48V-DC-7.jpg","type":"image\/jpeg"}],"twitter_card":"summary_large_image","twitter_misc":{"Est. reading time":"2 minutes"},"schema":{"@context":"https:\/\/schema.org","@graph":[{"@type":"WebPage","@id":"https:\/\/ranoja.ee\/toode\/alalisvoolu-generaator-konner-sohnen-ks-48v-dc\/","url":"https:\/\/ranoja.ee\/toode\/alalisvoolu-generaator-konner-sohnen-ks-48v-dc\/","name":"Alalisvoolu generaator K\u00f6nner & S\u00f6hnen KS 48V-DC","isPartOf":{"@id":"https:\/\/ranoja.ee\/#website"},"primaryImageOfPage":{"@id":"https:\/\/ranoja.ee\/toode\/alalisvoolu-generaator-konner-sohnen-ks-48v-dc\/#primaryimage"},"image":{"@id":"https:\/\/ranoja.ee\/toode\/alalisvoolu-generaator-konner-sohnen-ks-48v-dc\/#primaryimage"},"thumbnailUrl":"https:\/\/ranoja.ee\/wp-content\/uploads\/2025\/08\/Alalisvoolu-generaator-Konner-Sohnen-KS-48V-DC-7.jpg","datePublished":"2025-08-11T13:57:11+00:00","dateModified":"2026-04-14T08:59:25+00:00","description":"Alalisvoolu generaator K\u00f6nner & S\u00f6hnen KS 48V-DC K\u00f6nner & S\u00f6hneni mootor vastab k\u00f5igile Euroopa kvaliteedistandarditele, sealhulgas EURO V heitmestandardile","breadcrumb":{"@id":"https:\/\/ranoja.ee\/toode\/alalisvoolu-generaator-konner-sohnen-ks-48v-dc\/#breadcrumb"},"inLanguage":"en-US","potentialAction":[{"@type":"ReadAction","target":["https:\/\/ranoja.ee\/toode\/alalisvoolu-generaator-konner-sohnen-ks-48v-dc\/"]}]},{"@type":"ImageObject","inLanguage":"en-US","@id":"https:\/\/ranoja.ee\/toode\/alalisvoolu-generaator-konner-sohnen-ks-48v-dc\/#primaryimage","url":"https:\/\/ranoja.ee\/wp-content\/uploads\/2025\/08\/Alalisvoolu-generaator-Konner-Sohnen-KS-48V-DC-7.jpg","contentUrl":"https:\/\/ranoja.ee\/wp-content\/uploads\/2025\/08\/Alalisvoolu-generaator-Konner-Sohnen-KS-48V-DC-7.jpg","width":600,"height":450,"caption":"Alalisvoolu generaator K\u00f6nner & S\u00f6hnen KS 48V-DC"},{"@type":"BreadcrumbList","@id":"https:\/\/ranoja.ee\/toode\/alalisvoolu-generaator-konner-sohnen-ks-48v-dc\/#breadcrumb","itemListElement":[{"@type":"ListItem","position":1,"name":"Home","item":"https:\/\/ranoja.ee\/"},{"@type":"ListItem","position":2,"name":"Shop","item":"https:\/\/ranoja.ee\/en\/shop\/"},{"@type":"ListItem","position":3,"name":"Alalisvoolu generaator K\u00f6nner &#038; S\u00f6hnen KS 48V-DC"}]},{"@type":"WebSite","@id":"https:\/\/ranoja.ee\/#website","url":"https:\/\/ranoja.ee\/","name":"Ranoja","description":"Equipment Shop WooCommerce WordPress Theme for Machine &amp; Tools","publisher":{"@id":"https:\/\/ranoja.ee\/#organization"},"potentialAction":[{"@type":"SearchAction","target":{"@type":"EntryPoint","urlTemplate":"https:\/\/ranoja.ee\/?s={search_term_string}"},"query-input":{"@type":"PropertyValueSpecification","valueRequired":true,"valueName":"search_term_string"}}],"inLanguage":"en-US"},{"@type":"Organization","@id":"https:\/\/ranoja.ee\/#organization","name":"Ranoja O\u00dc","url":"https:\/\/ranoja.ee\/","logo":{"@type":"ImageObject","inLanguage":"en-US","@id":"https:\/\/ranoja.ee\/#\/schema\/logo\/image\/","url":"https:\/\/ranoja.ee\/wp-content\/uploads\/2023\/11\/ranoja-Logo.png","contentUrl":"https:\/\/ranoja.ee\/wp-content\/uploads\/2023\/11\/ranoja-Logo.png","width":207,"height":58,"caption":"Ranoja O\u00dc"},"image":{"@id":"https:\/\/ranoja.ee\/#\/schema\/logo\/image\/"},"sameAs":["https:\/\/www.facebook.com\/ranoja.ee","https:\/\/www.instagram.com\/ranoja__\/"]}]}},"_links":{"self":[{"href":"https:\/\/ranoja.ee\/en\/wp-json\/wp\/v2\/product\/19483","targetHints":{"allow":["GET"]}}],"collection":[{"href":"https:\/\/ranoja.ee\/en\/wp-json\/wp\/v2\/product"}],"about":[{"href":"https:\/\/ranoja.ee\/en\/wp-json\/wp\/v2\/types\/product"}],"wp:featuredmedia":[{"embeddable":true,"href":"https:\/\/ranoja.ee\/en\/wp-json\/wp\/v2\/media\/19500"}],"wp:attachment":[{"href":"https:\/\/ranoja.ee\/en\/wp-json\/wp\/v2\/media?parent=19483"}],"wp:term":[{"taxonomy":"product_cat","embeddable":true,"href":"https:\/\/ranoja.ee\/en\/wp-json\/wp\/v2\/product_cat?post=19483"},{"taxonomy":"product_tag","embeddable":true,"href":"https:\/\/ranoja.ee\/en\/wp-json\/wp\/v2\/product_tag?post=19483"}],"curies":[{"name":"wp","href":"https:\/\/api.w.org\/{rel}","templated":true}]}}