{"id":19429,"date":"2025-08-11T15:17:39","date_gmt":"2025-08-11T12:17:39","guid":{"rendered":"https:\/\/ranoja.ee\/?post_type=product&#038;p=19429"},"modified":"2026-04-14T11:59:25","modified_gmt":"2026-04-14T08:59:25","slug":"diiselgeneraator-konner-sohnen-ks-9200hdes-1-3-atsr","status":"publish","type":"product","link":"https:\/\/ranoja.ee\/en\/toode\/diiselgeneraator-konner-sohnen-ks-9200hdes-1-3-atsr\/","title":{"rendered":"Diiselgeneraator K\u00f6nner &#038; S\u00f6hnen KS 9200HDES-1\/3 ATSR"},"content":{"rendered":"<p>Diiselgeneraator K\u00f6nner &#038; S\u00f6hnen KS 9200HDES-1\/3 ATSR <\/p>\n<p>Mootorite suur v\u00f5imsus generaatori suhtes v\u00f5imaldab saada deklareeritud v\u00e4ljundv\u00f5imsuse ja s\u00e4ilitada stabiilse t\u00f6\u00f6 mis tahes koormusel. K\u00f5iki mootoreid testitakse pideva t\u00f6\u00f6 nimel. Testimisel v\u00f5etakse need lahti ja kontrollitakse t\u00f5rkeotsingu eesm\u00e4rgil.<\/p>\n<p>Igal mootoril ja generaatoril on individuaalne seerianumber, mis v\u00f5imaldab meil kontrollida tootmise ja hoolduse kvaliteeti. Mootorid vastavad k\u00f5igile Euroopa kvaliteedistandarditele, sealhulgas uusimatele EURO V heitestandarditele.<\/p>\n<p>VTS S\u00dcSTEEM<br \/>\nUniversaalsed generaatorid 2 in 1 ainulaadse faasil\u00fclituss\u00fcsteemiga VTS (Voltage Transfer Switch), mis v\u00f5imaldab kasutada sama generaatorit \u00fchefaasilise (230V) ja kolmefaasilisena (400V). Igal re\u017eiimil on oma automaatne kaitse.<\/p>\n<p>TRANSPORDIRATTAD<br \/>\nGeneraatori korpus on varustatud 4-rattalise transpordikomplektiga seadme mugavaks liigutamiseks.<\/p>\n<p>K\u00c4IVITAMISEELNE SOOJENDI<br \/>\nDiiselgeneraatorite  seeria HEAVY DUTY on varustatud k\u00e4ivituseelse k\u00fcttefunktsiooniga, mis v\u00f5imaldab generaatorit talvel ilma suurema pingutuseta t\u00f6\u00f6le panna.<\/p>\n<p>K\u00f6nner &#038; S\u00f6hneni mootorid vastavad k\u00f5igile maailma ja Euroopa kvaliteedistandarditele, sealhulgas kahjulike emissioonide ja m\u00fcrataseme n\u00f5utele. Seda t\u00f5endavad Euroopa kvaliteedisertifikaadid. Igal mootoril ja generaatoril on individuaalne seerianumber, mis v\u00f5imaldab meil kontrollida tootmise ja teeninduse kvaliteeti.<\/p>\n<p>K\u00f6nner &amp; S\u00f6hnen on saksa kvaliteeti pakkuv br\u00e4nd. Meie valik sisaldab generaatorid, aiat\u00f6\u00f6riistad ja voolutooted. Oleme tuntud usaldusv\u00e4\u00e4rsuse ja soodsa hinna poolest.<\/p>\n<p>Tootekategooriad:<br \/>\nInvertergeneraatorid<br \/>\nKompaktsed kaasaskantavad generaatorid. Sobivad tundlike elektroonikaseadmete jaoks. Madal k\u00fctusekulu, stabiilne pinge ja madal m\u00fcratase.<\/p>\n<p>Diiselgeneraatorid<br \/>\nV\u00f5imsad seadmed kuni 16\u202fkVA. Singel\u2011 ja 3\u2011faasilised mudelid. Sobivad t\u00f6\u00f6stuslikuks ja koduseks kasutuseks.<\/p>\n<p>P\u00f5hiv\u00e4\u00e4rtused:<br \/>\nEuroopa kvaliteet taskukohase hinnaga.<br \/>\nEuro\u202fV heitgaasistandard, EFI ja PVA tehnoloogiad. Igal mootoril oma seerianumber. Testitud ja sertifitseeritud seadmed.<br \/>\nLai tootevalik generaatorid + aiat\u00f6\u00f6riistad: murutrimmer, aiapuhurid, log splitters, motopumbad, survepesurid, aku- ja laadijad<br \/>\nTeenindus ja garantii olemas kogu Euroopas. Dimax Group toetab varuosi ja tehnilist tuge.<\/p>\n<p>K\u00f6nner &amp; S\u00f6hnen generaatorid:<br \/>\nInvertergeneraatorid<br \/>\nDiiselgeneraatorid<br \/>\n48\u202fV DC generaator<br \/>\nMatka generaator<br \/>\nKodune varugeneraator<br \/>\nEuro V generaator<\/p>\n<p>K\u00f6nner &amp; S\u00f6hnen pakub usaldusv\u00e4\u00e4rseid ja mitmek\u00fclgseid generaatorilahendusi. Tootevalik katab inverter\u2011, diisel\u2011 ja DC generaatorid. Lisaks aiat\u00f6\u00f6riistad ning tehniline tugi.<br \/>\nIdeaalne valik kodu ja professionaalseks kasutamiseks.<\/p>\n<p>Diiselgeneraator K\u00f6nner &#038; S\u00f6hnen KS 9200HDES-1\/3 ATSR <\/p>\n","protected":false},"excerpt":{"rendered":"<p>Diiselgeneraator K\u00f6nner &#038; S\u00f6hnen KS 9200HDES-1\/3 ATSR<br \/>\nPinge: 230V\/400V<br \/>\nMaksimaalne nominaalne v\u00f5imsus 230V: 6.5\/6.0KW<br \/>\nMaksimaalne nominaalne v\u00f5imsus 400V: 7.5\/7.0KW<br \/>\nVool maksimaalne 230\/400 V: 28.26\/13.54A<br \/>\nSagedus: 50HZ<br \/>\nKaitseklass: IP23M<br \/>\nEURO V<br \/>\nV\u00e4ljundpesad: 1 \u00d7 230V 32A ja 1x 400V 16A<br \/>\nMootori silindri t\u00f6\u00f6maht: 498m3<br \/>\nMootori v\u00f5imsus: 18.0HP ja 13.24KW<br \/>\nT\u00f6\u00f6aeg: Kuni 11.1 tundi (50% koormusel)<br \/>\nMootor: 4-taktiline, 1-silindriline, diiselmootoriga, \u00f5hkjahutusega<br \/>\nToitev\u00e4ljundi kontroller: Pinge stabiliseerimiss\u00fcsteem AVR<br \/>\nK\u00e4ivitamine: Elektriline<br \/>\nK\u00fctusepaagi maht: 20 L<br \/>\nKarteri maht: 1.65L<br \/>\nEelsoojendi<br \/>\nLed ekraan: Pinge, sagedus, t\u00f6\u00f6tunnid<br \/>\nKaal: 178Kg<br \/>\n<strong>Eeldatav tarneaeg 1-7 t\u00f6\u00f6p\u00e4eva<\/strong><\/p>\n","protected":false},"featured_media":19440,"template":"","meta":{"inline_featured_image":false},"product_cat":[1090,102],"product_tag":[442,421,1813,2094],"class_list":{"0":"post-19429","1":"product","2":"type-product","3":"status-publish","4":"has-post-thumbnail","6":"product_brand-konner-sohnen","7":"product_cat-ehitustehnika","8":"product_cat-generaatorid-ja-inverterid","9":"product_tag-diiselgeneraator","10":"product_tag-generaator","11":"product_tag-konner-sohnen","12":"product_tag-ks-9200hdes-1-3-atsr","14":"first","15":"outofstock","16":"taxable","17":"shipping-taxable","18":"purchasable","19":"product-type-simple"},"yoast_head":"<!-- This site is optimized with the Yoast SEO plugin v27.4 - https:\/\/yoast.com\/product\/yoast-seo-wordpress\/ -->\n<title>Diiselgeneraator K\u00f6nner &amp; S\u00f6hnen KS 9200HDES-1\/3 ATSR<\/title>\n<meta name=\"description\" content=\"Diiselgeneraator K\u00f6nner &amp; S\u00f6hnen KS 9200HDES-1\/3 ATSR Generaatori korpus on varustatud 4-rattalise transpordikomplektiga seadme mugavaks liigutamiseks.\" \/>\n<meta name=\"robots\" content=\"index, follow, max-snippet:-1, max-image-preview:large, max-video-preview:-1\" \/>\n<link rel=\"canonical\" href=\"https:\/\/ranoja.ee\/toode\/diiselgeneraator-konner-sohnen-ks-9200hdes-1-3-atsr\/\" \/>\n<meta property=\"og:locale\" content=\"en_US\" \/>\n<meta property=\"og:type\" content=\"article\" \/>\n<meta property=\"og:title\" content=\"Diiselgeneraator K\u00f6nner &amp; S\u00f6hnen KS 9200HDES-1\/3 ATSR\" \/>\n<meta property=\"og:description\" content=\"Diiselgeneraator K\u00f6nner &amp; S\u00f6hnen KS 9200HDES-1\/3 ATSR Generaatori korpus on varustatud 4-rattalise transpordikomplektiga seadme mugavaks liigutamiseks.\" \/>\n<meta property=\"og:url\" content=\"https:\/\/ranoja.ee\/toode\/diiselgeneraator-konner-sohnen-ks-9200hdes-1-3-atsr\/\" \/>\n<meta property=\"og:site_name\" content=\"Ranoja\" \/>\n<meta property=\"article:publisher\" content=\"https:\/\/www.facebook.com\/ranoja.ee\" \/>\n<meta property=\"article:modified_time\" content=\"2026-04-14T08:59:25+00:00\" \/>\n<meta property=\"og:image\" content=\"https:\/\/ranoja.ee\/wp-content\/uploads\/2025\/08\/Diiselgeneraator-Konner-Sohnen-KS-9200HDES-1-3-ATSR.png\" \/>\n\t<meta property=\"og:image:width\" content=\"600\" \/>\n\t<meta property=\"og:image:height\" content=\"450\" \/>\n\t<meta property=\"og:image:type\" content=\"image\/png\" \/>\n<meta name=\"twitter:card\" content=\"summary_large_image\" \/>\n<meta name=\"twitter:label1\" content=\"Est. reading time\" \/>\n\t<meta name=\"twitter:data1\" content=\"2 minutes\" \/>\n<script type=\"application\/ld+json\" class=\"yoast-schema-graph\">{\"@context\":\"https:\\\/\\\/schema.org\",\"@graph\":[{\"@type\":\"WebPage\",\"@id\":\"https:\\\/\\\/ranoja.ee\\\/toode\\\/diiselgeneraator-konner-sohnen-ks-9200hdes-1-3-atsr\\\/\",\"url\":\"https:\\\/\\\/ranoja.ee\\\/toode\\\/diiselgeneraator-konner-sohnen-ks-9200hdes-1-3-atsr\\\/\",\"name\":\"Diiselgeneraator K\u00f6nner & S\u00f6hnen KS 9200HDES-1\\\/3 ATSR\",\"isPartOf\":{\"@id\":\"https:\\\/\\\/ranoja.ee\\\/#website\"},\"primaryImageOfPage\":{\"@id\":\"https:\\\/\\\/ranoja.ee\\\/toode\\\/diiselgeneraator-konner-sohnen-ks-9200hdes-1-3-atsr\\\/#primaryimage\"},\"image\":{\"@id\":\"https:\\\/\\\/ranoja.ee\\\/toode\\\/diiselgeneraator-konner-sohnen-ks-9200hdes-1-3-atsr\\\/#primaryimage\"},\"thumbnailUrl\":\"https:\\\/\\\/ranoja.ee\\\/wp-content\\\/uploads\\\/2025\\\/08\\\/Diiselgeneraator-Konner-Sohnen-KS-9200HDES-1-3-ATSR.png\",\"datePublished\":\"2025-08-11T12:17:39+00:00\",\"dateModified\":\"2026-04-14T08:59:25+00:00\",\"description\":\"Diiselgeneraator K\u00f6nner & S\u00f6hnen KS 9200HDES-1\\\/3 ATSR Generaatori korpus on varustatud 4-rattalise transpordikomplektiga seadme mugavaks liigutamiseks.\",\"breadcrumb\":{\"@id\":\"https:\\\/\\\/ranoja.ee\\\/toode\\\/diiselgeneraator-konner-sohnen-ks-9200hdes-1-3-atsr\\\/#breadcrumb\"},\"inLanguage\":\"en-US\",\"potentialAction\":[{\"@type\":\"ReadAction\",\"target\":[\"https:\\\/\\\/ranoja.ee\\\/toode\\\/diiselgeneraator-konner-sohnen-ks-9200hdes-1-3-atsr\\\/\"]}]},{\"@type\":\"ImageObject\",\"inLanguage\":\"en-US\",\"@id\":\"https:\\\/\\\/ranoja.ee\\\/toode\\\/diiselgeneraator-konner-sohnen-ks-9200hdes-1-3-atsr\\\/#primaryimage\",\"url\":\"https:\\\/\\\/ranoja.ee\\\/wp-content\\\/uploads\\\/2025\\\/08\\\/Diiselgeneraator-Konner-Sohnen-KS-9200HDES-1-3-ATSR.png\",\"contentUrl\":\"https:\\\/\\\/ranoja.ee\\\/wp-content\\\/uploads\\\/2025\\\/08\\\/Diiselgeneraator-Konner-Sohnen-KS-9200HDES-1-3-ATSR.png\",\"width\":600,\"height\":450,\"caption\":\"Diiselgeneraator K\u00f6nner & S\u00f6hnen KS 9200HDES-1\\\/3 ATSR\"},{\"@type\":\"BreadcrumbList\",\"@id\":\"https:\\\/\\\/ranoja.ee\\\/toode\\\/diiselgeneraator-konner-sohnen-ks-9200hdes-1-3-atsr\\\/#breadcrumb\",\"itemListElement\":[{\"@type\":\"ListItem\",\"position\":1,\"name\":\"Home\",\"item\":\"https:\\\/\\\/ranoja.ee\\\/\"},{\"@type\":\"ListItem\",\"position\":2,\"name\":\"Shop\",\"item\":\"https:\\\/\\\/ranoja.ee\\\/en\\\/shop\\\/\"},{\"@type\":\"ListItem\",\"position\":3,\"name\":\"Diiselgeneraator K\u00f6nner &#038; S\u00f6hnen KS 9200HDES-1\\\/3 ATSR\"}]},{\"@type\":\"WebSite\",\"@id\":\"https:\\\/\\\/ranoja.ee\\\/#website\",\"url\":\"https:\\\/\\\/ranoja.ee\\\/\",\"name\":\"Ranoja\",\"description\":\"Equipment Shop WooCommerce WordPress Theme for Machine &amp; Tools\",\"publisher\":{\"@id\":\"https:\\\/\\\/ranoja.ee\\\/#organization\"},\"potentialAction\":[{\"@type\":\"SearchAction\",\"target\":{\"@type\":\"EntryPoint\",\"urlTemplate\":\"https:\\\/\\\/ranoja.ee\\\/?s={search_term_string}\"},\"query-input\":{\"@type\":\"PropertyValueSpecification\",\"valueRequired\":true,\"valueName\":\"search_term_string\"}}],\"inLanguage\":\"en-US\"},{\"@type\":\"Organization\",\"@id\":\"https:\\\/\\\/ranoja.ee\\\/#organization\",\"name\":\"Ranoja O\u00dc\",\"url\":\"https:\\\/\\\/ranoja.ee\\\/\",\"logo\":{\"@type\":\"ImageObject\",\"inLanguage\":\"en-US\",\"@id\":\"https:\\\/\\\/ranoja.ee\\\/#\\\/schema\\\/logo\\\/image\\\/\",\"url\":\"https:\\\/\\\/ranoja.ee\\\/wp-content\\\/uploads\\\/2023\\\/11\\\/ranoja-Logo.png\",\"contentUrl\":\"https:\\\/\\\/ranoja.ee\\\/wp-content\\\/uploads\\\/2023\\\/11\\\/ranoja-Logo.png\",\"width\":207,\"height\":58,\"caption\":\"Ranoja O\u00dc\"},\"image\":{\"@id\":\"https:\\\/\\\/ranoja.ee\\\/#\\\/schema\\\/logo\\\/image\\\/\"},\"sameAs\":[\"https:\\\/\\\/www.facebook.com\\\/ranoja.ee\",\"https:\\\/\\\/www.instagram.com\\\/ranoja__\\\/\"]}]}<\/script>\n<!-- \/ Yoast SEO plugin. -->","yoast_head_json":{"title":"Diiselgeneraator K\u00f6nner & S\u00f6hnen KS 9200HDES-1\/3 ATSR","description":"Diiselgeneraator K\u00f6nner & S\u00f6hnen KS 9200HDES-1\/3 ATSR Generaatori korpus on varustatud 4-rattalise transpordikomplektiga seadme mugavaks liigutamiseks.","robots":{"index":"index","follow":"follow","max-snippet":"max-snippet:-1","max-image-preview":"max-image-preview:large","max-video-preview":"max-video-preview:-1"},"canonical":"https:\/\/ranoja.ee\/toode\/diiselgeneraator-konner-sohnen-ks-9200hdes-1-3-atsr\/","og_locale":"en_US","og_type":"article","og_title":"Diiselgeneraator K\u00f6nner & S\u00f6hnen KS 9200HDES-1\/3 ATSR","og_description":"Diiselgeneraator K\u00f6nner & S\u00f6hnen KS 9200HDES-1\/3 ATSR Generaatori korpus on varustatud 4-rattalise transpordikomplektiga seadme mugavaks liigutamiseks.","og_url":"https:\/\/ranoja.ee\/toode\/diiselgeneraator-konner-sohnen-ks-9200hdes-1-3-atsr\/","og_site_name":"Ranoja","article_publisher":"https:\/\/www.facebook.com\/ranoja.ee","article_modified_time":"2026-04-14T08:59:25+00:00","og_image":[{"width":600,"height":450,"url":"https:\/\/ranoja.ee\/wp-content\/uploads\/2025\/08\/Diiselgeneraator-Konner-Sohnen-KS-9200HDES-1-3-ATSR.png","type":"image\/png"}],"twitter_card":"summary_large_image","twitter_misc":{"Est. reading time":"2 minutes"},"schema":{"@context":"https:\/\/schema.org","@graph":[{"@type":"WebPage","@id":"https:\/\/ranoja.ee\/toode\/diiselgeneraator-konner-sohnen-ks-9200hdes-1-3-atsr\/","url":"https:\/\/ranoja.ee\/toode\/diiselgeneraator-konner-sohnen-ks-9200hdes-1-3-atsr\/","name":"Diiselgeneraator K\u00f6nner & S\u00f6hnen KS 9200HDES-1\/3 ATSR","isPartOf":{"@id":"https:\/\/ranoja.ee\/#website"},"primaryImageOfPage":{"@id":"https:\/\/ranoja.ee\/toode\/diiselgeneraator-konner-sohnen-ks-9200hdes-1-3-atsr\/#primaryimage"},"image":{"@id":"https:\/\/ranoja.ee\/toode\/diiselgeneraator-konner-sohnen-ks-9200hdes-1-3-atsr\/#primaryimage"},"thumbnailUrl":"https:\/\/ranoja.ee\/wp-content\/uploads\/2025\/08\/Diiselgeneraator-Konner-Sohnen-KS-9200HDES-1-3-ATSR.png","datePublished":"2025-08-11T12:17:39+00:00","dateModified":"2026-04-14T08:59:25+00:00","description":"Diiselgeneraator K\u00f6nner & S\u00f6hnen KS 9200HDES-1\/3 ATSR Generaatori korpus on varustatud 4-rattalise transpordikomplektiga seadme mugavaks liigutamiseks.","breadcrumb":{"@id":"https:\/\/ranoja.ee\/toode\/diiselgeneraator-konner-sohnen-ks-9200hdes-1-3-atsr\/#breadcrumb"},"inLanguage":"en-US","potentialAction":[{"@type":"ReadAction","target":["https:\/\/ranoja.ee\/toode\/diiselgeneraator-konner-sohnen-ks-9200hdes-1-3-atsr\/"]}]},{"@type":"ImageObject","inLanguage":"en-US","@id":"https:\/\/ranoja.ee\/toode\/diiselgeneraator-konner-sohnen-ks-9200hdes-1-3-atsr\/#primaryimage","url":"https:\/\/ranoja.ee\/wp-content\/uploads\/2025\/08\/Diiselgeneraator-Konner-Sohnen-KS-9200HDES-1-3-ATSR.png","contentUrl":"https:\/\/ranoja.ee\/wp-content\/uploads\/2025\/08\/Diiselgeneraator-Konner-Sohnen-KS-9200HDES-1-3-ATSR.png","width":600,"height":450,"caption":"Diiselgeneraator K\u00f6nner & S\u00f6hnen KS 9200HDES-1\/3 ATSR"},{"@type":"BreadcrumbList","@id":"https:\/\/ranoja.ee\/toode\/diiselgeneraator-konner-sohnen-ks-9200hdes-1-3-atsr\/#breadcrumb","itemListElement":[{"@type":"ListItem","position":1,"name":"Home","item":"https:\/\/ranoja.ee\/"},{"@type":"ListItem","position":2,"name":"Shop","item":"https:\/\/ranoja.ee\/en\/shop\/"},{"@type":"ListItem","position":3,"name":"Diiselgeneraator K\u00f6nner &#038; S\u00f6hnen KS 9200HDES-1\/3 ATSR"}]},{"@type":"WebSite","@id":"https:\/\/ranoja.ee\/#website","url":"https:\/\/ranoja.ee\/","name":"Ranoja","description":"Equipment Shop WooCommerce WordPress Theme for Machine &amp; Tools","publisher":{"@id":"https:\/\/ranoja.ee\/#organization"},"potentialAction":[{"@type":"SearchAction","target":{"@type":"EntryPoint","urlTemplate":"https:\/\/ranoja.ee\/?s={search_term_string}"},"query-input":{"@type":"PropertyValueSpecification","valueRequired":true,"valueName":"search_term_string"}}],"inLanguage":"en-US"},{"@type":"Organization","@id":"https:\/\/ranoja.ee\/#organization","name":"Ranoja O\u00dc","url":"https:\/\/ranoja.ee\/","logo":{"@type":"ImageObject","inLanguage":"en-US","@id":"https:\/\/ranoja.ee\/#\/schema\/logo\/image\/","url":"https:\/\/ranoja.ee\/wp-content\/uploads\/2023\/11\/ranoja-Logo.png","contentUrl":"https:\/\/ranoja.ee\/wp-content\/uploads\/2023\/11\/ranoja-Logo.png","width":207,"height":58,"caption":"Ranoja O\u00dc"},"image":{"@id":"https:\/\/ranoja.ee\/#\/schema\/logo\/image\/"},"sameAs":["https:\/\/www.facebook.com\/ranoja.ee","https:\/\/www.instagram.com\/ranoja__\/"]}]}},"_links":{"self":[{"href":"https:\/\/ranoja.ee\/en\/wp-json\/wp\/v2\/product\/19429","targetHints":{"allow":["GET"]}}],"collection":[{"href":"https:\/\/ranoja.ee\/en\/wp-json\/wp\/v2\/product"}],"about":[{"href":"https:\/\/ranoja.ee\/en\/wp-json\/wp\/v2\/types\/product"}],"wp:featuredmedia":[{"embeddable":true,"href":"https:\/\/ranoja.ee\/en\/wp-json\/wp\/v2\/media\/19440"}],"wp:attachment":[{"href":"https:\/\/ranoja.ee\/en\/wp-json\/wp\/v2\/media?parent=19429"}],"wp:term":[{"taxonomy":"product_cat","embeddable":true,"href":"https:\/\/ranoja.ee\/en\/wp-json\/wp\/v2\/product_cat?post=19429"},{"taxonomy":"product_tag","embeddable":true,"href":"https:\/\/ranoja.ee\/en\/wp-json\/wp\/v2\/product_tag?post=19429"}],"curies":[{"name":"wp","href":"https:\/\/api.w.org\/{rel}","templated":true}]}}