{"id":19405,"date":"2025-08-11T14:29:21","date_gmt":"2025-08-11T11:29:21","guid":{"rendered":"https:\/\/ranoja.ee\/?post_type=product&#038;p=19405"},"modified":"2026-04-14T11:59:25","modified_gmt":"2026-04-14T08:59:25","slug":"invertergeneraator-konner-sohnen-ks-basic-22i-s","status":"publish","type":"product","link":"https:\/\/ranoja.ee\/en\/toode\/invertergeneraator-konner-sohnen-ks-basic-22i-s\/","title":{"rendered":"Invertergeneraator K\u00f6nner &#038; S\u00f6hnen KS Basic 22i S"},"content":{"rendered":"<p>Invertergeneraator K\u00f6nner &#038; S\u00f6hnen KS Basic 22i S<\/p>\n<p>Inverteriga bensiinimootoriga generaator on kasutajas\u00f5bralik kaasaskantav energiaallikas. Invertergeneraatorite valikus on mudelid v\u00f5imsusega 1,8\u20138,0 kW. Elektrienergia topeltmuundamine tagab puhta siinuslaine ja sageduse 50 Hz, mis tagab tundliku ja \u00fclit\u00e4pse elektroonika usaldusv\u00e4\u00e4rse t\u00f6\u00f6.<\/p>\n<p>K\u00f5ik mudelid p\u00f5hinevad j\u00f5ulistel mootoritel, mis vastavad k\u00f5igile Euroopa kvaliteedistandarditele, sh EURO V. K&#038;S invertergeneraatorite mootoritel on Economy re\u017eiim, mis v\u00f5imaldab kasutada generaatorit madalatel p\u00f6\u00f6retel ja v\u00e4hendab k\u00fctusekulu kuni 50%.<\/p>\n<p>PUHAS SIINUSLAINE<br \/>\nSisseehitatud mikroprotsessori juhtimisega elektroonikaseade j\u00e4lgib generaatori t\u00f6\u00f6d ja tagab stabiilse v\u00e4ljundpinge 230V 50Hz sinusoidi kujul, mis sobib tundliku elektroonika t\u00f6\u00f6kindlaks t\u00f6\u00f6ks.<\/p>\n<p>K\u00d5RGEIMA KLASSI DISAIN<br \/>\nSpetsiaalselt v\u00e4ljat\u00f6\u00f6tatud kujuga ainulaadne disain tagab t\u00f6\u00f6tava seadme suurema stabiilsuse. Helikindel korpus ja k\u00f5rge ehituskvaliteet tagavad minimaalse m\u00fcrataseme. <\/p>\n<p>K\u00f6nner &#038; S\u00f6hneni mootorid vastavad k\u00f5igile maailma ja Euroopa kvaliteedistandarditele, sealhulgas kahjulike emissioonide ja m\u00fcrataseme n\u00f5utele. Seda t\u00f5endavad Euroopa kvaliteedisertifikaadid. Igal mootoril ja generaatoril on individuaalne seerianumber, mis v\u00f5imaldab meil kontrollida tootmise ja teeninduse kvaliteeti.<\/p>\n<p>K\u00f6nner &amp; S\u00f6hnen on saksa kvaliteeti pakkuv br\u00e4nd. Meie valik sisaldab generaatorid, aiat\u00f6\u00f6riistad ja voolutooted. Oleme tuntud usaldusv\u00e4\u00e4rsuse ja soodsa hinna poolest.<\/p>\n<p>Tootekategooriad:<br \/>\nInvertergeneraatorid<br \/>\nKompaktsed kaasaskantavad generaatorid. Sobivad tundlike elektroonikaseadmete jaoks. Madal k\u00fctusekulu, stabiilne pinge ja madal m\u00fcratase.<\/p>\n<p>Diiselgeneraatorid<br \/>\nV\u00f5imsad seadmed kuni 16\u202fkVA. Singel\u2011 ja 3\u2011faasilised mudelid. Sobivad t\u00f6\u00f6stuslikuks ja koduseks kasutuseks.<\/p>\n<p>P\u00f5hiv\u00e4\u00e4rtused:<br \/>\nEuroopa kvaliteet taskukohase hinnaga.<br \/>\nEuro\u202fV heitgaasistandard, EFI ja PVA tehnoloogiad. Igal mootoril oma seerianumber. Testitud ja sertifitseeritud seadmed.<br \/>\nLai tootevalik generaatorid + aiat\u00f6\u00f6riistad: murutrimmer, aiapuhurid, log splitters, motopumbad, survepesurid, aku- ja laadijad<br \/>\nTeenindus ja garantii olemas kogu Euroopas. Dimax Group toetab varuosi ja tehnilist tuge.<\/p>\n<p>K\u00f6nner &amp; S\u00f6hnen generaatorid:<br \/>\nInvertergeneraatorid<br \/>\nDiiselgeneraatorid<br \/>\n48\u202fV DC generaator<br \/>\nMatka generaator<br \/>\nKodune varugeneraator<br \/>\nEuro V generaator<\/p>\n<p>K\u00f6nner &amp; S\u00f6hnen pakub usaldusv\u00e4\u00e4rseid ja mitmek\u00fclgseid generaatorilahendusi. Tootevalik katab inverter\u2011, diisel\u2011 ja DC generaatorid. Lisaks aiat\u00f6\u00f6riistad ning tehniline tugi.<br \/>\nIdeaalne valik kodu ja professionaalseks kasutamiseks.<\/p>\n<p>Invertergeneraator K\u00f6nner &#038; S\u00f6hnen KS Basic 22i S<\/p>\n","protected":false},"excerpt":{"rendered":"<p>Invertergeneraator K\u00f6nner &#038; S\u00f6hnen KS Basic 22i S<br \/>\nPinge: 230V<br \/>\nMaksimaalne v\u00f5imsus: 2.0KW<br \/>\nMaksimaalne nominaalne v\u00f5imsus: 1.8KW<br \/>\nVool maksimaalne: 8.7A<br \/>\nSagedus: 50HZ<br \/>\nKaitseklass: IP23M<br \/>\nEURO V<br \/>\nV\u00e4ljundpesad: 2 \u00d7 230V<br \/>\nMootori silindri t\u00f6\u00f6maht: 79.7m3<br \/>\nMootori v\u00f5imsus: 3.3HP<br \/>\nT\u00f6\u00f6aeg: Kuni 5 tundi (50% koormusel)<br \/>\nMootor: 4-taktiline, 1-silindriline, bensiinimootoriga , \u00f5hkjahutusega<br \/>\nK\u00e4ivitamine: Manuaalne<br \/>\nK\u00fctusepaagi maht: 4 L<br \/>\nKarteri maht: 0.35L<br \/>\nKaal: 18kg<br \/>\n<strong>Eeldatav tarneaeg 1-7 t\u00f6\u00f6p\u00e4eva<\/strong><\/p>\n","protected":false},"featured_media":19414,"template":"","meta":{"inline_featured_image":false},"product_cat":[1090,102],"product_tag":[421,2087,1813,2092],"class_list":{"0":"post-19405","1":"product","2":"type-product","3":"status-publish","4":"has-post-thumbnail","6":"product_brand-konner-sohnen","7":"product_cat-ehitustehnika","8":"product_cat-generaatorid-ja-inverterid","9":"product_tag-generaator","10":"product_tag-invertergeneraator","11":"product_tag-konner-sohnen","12":"product_tag-ks-basic-22i-s","14":"first","15":"outofstock","16":"taxable","17":"shipping-taxable","18":"purchasable","19":"product-type-simple"},"yoast_head":"<!-- This site is optimized with the Yoast SEO plugin v27.4 - https:\/\/yoast.com\/product\/yoast-seo-wordpress\/ -->\n<title>Invertergeneraator K\u00f6nner &amp; S\u00f6hnen KS Basic 22i S<\/title>\n<meta name=\"description\" content=\"Invertergeneraator K\u00f6nner &amp; S\u00f6hnen KS Basic 22i S Elektrienergia topeltmuundamine tagab puhta siinuslaine ja sageduse 50 Hz, mis tagab tundliku seadmete t\u00f6\u00f6\" \/>\n<meta name=\"robots\" content=\"index, follow, max-snippet:-1, max-image-preview:large, max-video-preview:-1\" \/>\n<link rel=\"canonical\" href=\"https:\/\/ranoja.ee\/toode\/invertergeneraator-konner-sohnen-ks-basic-22i-s\/\" \/>\n<meta property=\"og:locale\" content=\"en_US\" \/>\n<meta property=\"og:type\" content=\"article\" \/>\n<meta property=\"og:title\" content=\"Invertergeneraator K\u00f6nner &amp; S\u00f6hnen KS Basic 22i S\" \/>\n<meta property=\"og:description\" content=\"Invertergeneraator K\u00f6nner &amp; S\u00f6hnen KS Basic 22i S Elektrienergia topeltmuundamine tagab puhta siinuslaine ja sageduse 50 Hz, mis tagab tundliku seadmete t\u00f6\u00f6\" \/>\n<meta property=\"og:url\" content=\"https:\/\/ranoja.ee\/toode\/invertergeneraator-konner-sohnen-ks-basic-22i-s\/\" \/>\n<meta property=\"og:site_name\" content=\"Ranoja\" \/>\n<meta property=\"article:publisher\" content=\"https:\/\/www.facebook.com\/ranoja.ee\" \/>\n<meta property=\"article:modified_time\" content=\"2026-04-14T08:59:25+00:00\" \/>\n<meta property=\"og:image\" content=\"https:\/\/ranoja.ee\/wp-content\/uploads\/2025\/08\/Invertergeneraator-Konner-Sohnen-KS-Basic-22i-S-3.webp\" \/>\n\t<meta property=\"og:image:width\" content=\"600\" \/>\n\t<meta property=\"og:image:height\" content=\"475\" \/>\n\t<meta property=\"og:image:type\" content=\"image\/webp\" \/>\n<meta name=\"twitter:card\" content=\"summary_large_image\" \/>\n<meta name=\"twitter:label1\" content=\"Est. reading time\" \/>\n\t<meta name=\"twitter:data1\" content=\"2 minutes\" \/>\n<script type=\"application\/ld+json\" class=\"yoast-schema-graph\">{\"@context\":\"https:\\\/\\\/schema.org\",\"@graph\":[{\"@type\":\"WebPage\",\"@id\":\"https:\\\/\\\/ranoja.ee\\\/toode\\\/invertergeneraator-konner-sohnen-ks-basic-22i-s\\\/\",\"url\":\"https:\\\/\\\/ranoja.ee\\\/toode\\\/invertergeneraator-konner-sohnen-ks-basic-22i-s\\\/\",\"name\":\"Invertergeneraator K\u00f6nner & S\u00f6hnen KS Basic 22i S\",\"isPartOf\":{\"@id\":\"https:\\\/\\\/ranoja.ee\\\/#website\"},\"primaryImageOfPage\":{\"@id\":\"https:\\\/\\\/ranoja.ee\\\/toode\\\/invertergeneraator-konner-sohnen-ks-basic-22i-s\\\/#primaryimage\"},\"image\":{\"@id\":\"https:\\\/\\\/ranoja.ee\\\/toode\\\/invertergeneraator-konner-sohnen-ks-basic-22i-s\\\/#primaryimage\"},\"thumbnailUrl\":\"https:\\\/\\\/ranoja.ee\\\/wp-content\\\/uploads\\\/2025\\\/08\\\/Invertergeneraator-Konner-Sohnen-KS-Basic-22i-S-3.webp\",\"datePublished\":\"2025-08-11T11:29:21+00:00\",\"dateModified\":\"2026-04-14T08:59:25+00:00\",\"description\":\"Invertergeneraator K\u00f6nner & S\u00f6hnen KS Basic 22i S Elektrienergia topeltmuundamine tagab puhta siinuslaine ja sageduse 50 Hz, mis tagab tundliku seadmete t\u00f6\u00f6\",\"breadcrumb\":{\"@id\":\"https:\\\/\\\/ranoja.ee\\\/toode\\\/invertergeneraator-konner-sohnen-ks-basic-22i-s\\\/#breadcrumb\"},\"inLanguage\":\"en-US\",\"potentialAction\":[{\"@type\":\"ReadAction\",\"target\":[\"https:\\\/\\\/ranoja.ee\\\/toode\\\/invertergeneraator-konner-sohnen-ks-basic-22i-s\\\/\"]}]},{\"@type\":\"ImageObject\",\"inLanguage\":\"en-US\",\"@id\":\"https:\\\/\\\/ranoja.ee\\\/toode\\\/invertergeneraator-konner-sohnen-ks-basic-22i-s\\\/#primaryimage\",\"url\":\"https:\\\/\\\/ranoja.ee\\\/wp-content\\\/uploads\\\/2025\\\/08\\\/Invertergeneraator-Konner-Sohnen-KS-Basic-22i-S-3.webp\",\"contentUrl\":\"https:\\\/\\\/ranoja.ee\\\/wp-content\\\/uploads\\\/2025\\\/08\\\/Invertergeneraator-Konner-Sohnen-KS-Basic-22i-S-3.webp\",\"width\":600,\"height\":475,\"caption\":\"Invertergeneraator K\u00f6nner & S\u00f6hnen KS Basic 22i S\"},{\"@type\":\"BreadcrumbList\",\"@id\":\"https:\\\/\\\/ranoja.ee\\\/toode\\\/invertergeneraator-konner-sohnen-ks-basic-22i-s\\\/#breadcrumb\",\"itemListElement\":[{\"@type\":\"ListItem\",\"position\":1,\"name\":\"Home\",\"item\":\"https:\\\/\\\/ranoja.ee\\\/\"},{\"@type\":\"ListItem\",\"position\":2,\"name\":\"Shop\",\"item\":\"https:\\\/\\\/ranoja.ee\\\/en\\\/shop\\\/\"},{\"@type\":\"ListItem\",\"position\":3,\"name\":\"Invertergeneraator K\u00f6nner &#038; S\u00f6hnen KS Basic 22i S\"}]},{\"@type\":\"WebSite\",\"@id\":\"https:\\\/\\\/ranoja.ee\\\/#website\",\"url\":\"https:\\\/\\\/ranoja.ee\\\/\",\"name\":\"Ranoja\",\"description\":\"Equipment Shop WooCommerce WordPress Theme for Machine &amp; Tools\",\"publisher\":{\"@id\":\"https:\\\/\\\/ranoja.ee\\\/#organization\"},\"potentialAction\":[{\"@type\":\"SearchAction\",\"target\":{\"@type\":\"EntryPoint\",\"urlTemplate\":\"https:\\\/\\\/ranoja.ee\\\/?s={search_term_string}\"},\"query-input\":{\"@type\":\"PropertyValueSpecification\",\"valueRequired\":true,\"valueName\":\"search_term_string\"}}],\"inLanguage\":\"en-US\"},{\"@type\":\"Organization\",\"@id\":\"https:\\\/\\\/ranoja.ee\\\/#organization\",\"name\":\"Ranoja O\u00dc\",\"url\":\"https:\\\/\\\/ranoja.ee\\\/\",\"logo\":{\"@type\":\"ImageObject\",\"inLanguage\":\"en-US\",\"@id\":\"https:\\\/\\\/ranoja.ee\\\/#\\\/schema\\\/logo\\\/image\\\/\",\"url\":\"https:\\\/\\\/ranoja.ee\\\/wp-content\\\/uploads\\\/2023\\\/11\\\/ranoja-Logo.png\",\"contentUrl\":\"https:\\\/\\\/ranoja.ee\\\/wp-content\\\/uploads\\\/2023\\\/11\\\/ranoja-Logo.png\",\"width\":207,\"height\":58,\"caption\":\"Ranoja O\u00dc\"},\"image\":{\"@id\":\"https:\\\/\\\/ranoja.ee\\\/#\\\/schema\\\/logo\\\/image\\\/\"},\"sameAs\":[\"https:\\\/\\\/www.facebook.com\\\/ranoja.ee\",\"https:\\\/\\\/www.instagram.com\\\/ranoja__\\\/\"]}]}<\/script>\n<!-- \/ Yoast SEO plugin. -->","yoast_head_json":{"title":"Invertergeneraator K\u00f6nner & S\u00f6hnen KS Basic 22i S","description":"Invertergeneraator K\u00f6nner & S\u00f6hnen KS Basic 22i S Elektrienergia topeltmuundamine tagab puhta siinuslaine ja sageduse 50 Hz, mis tagab tundliku seadmete t\u00f6\u00f6","robots":{"index":"index","follow":"follow","max-snippet":"max-snippet:-1","max-image-preview":"max-image-preview:large","max-video-preview":"max-video-preview:-1"},"canonical":"https:\/\/ranoja.ee\/toode\/invertergeneraator-konner-sohnen-ks-basic-22i-s\/","og_locale":"en_US","og_type":"article","og_title":"Invertergeneraator K\u00f6nner & S\u00f6hnen KS Basic 22i S","og_description":"Invertergeneraator K\u00f6nner & S\u00f6hnen KS Basic 22i S Elektrienergia topeltmuundamine tagab puhta siinuslaine ja sageduse 50 Hz, mis tagab tundliku seadmete t\u00f6\u00f6","og_url":"https:\/\/ranoja.ee\/toode\/invertergeneraator-konner-sohnen-ks-basic-22i-s\/","og_site_name":"Ranoja","article_publisher":"https:\/\/www.facebook.com\/ranoja.ee","article_modified_time":"2026-04-14T08:59:25+00:00","og_image":[{"width":600,"height":475,"url":"https:\/\/ranoja.ee\/wp-content\/uploads\/2025\/08\/Invertergeneraator-Konner-Sohnen-KS-Basic-22i-S-3.webp","type":"image\/webp"}],"twitter_card":"summary_large_image","twitter_misc":{"Est. reading time":"2 minutes"},"schema":{"@context":"https:\/\/schema.org","@graph":[{"@type":"WebPage","@id":"https:\/\/ranoja.ee\/toode\/invertergeneraator-konner-sohnen-ks-basic-22i-s\/","url":"https:\/\/ranoja.ee\/toode\/invertergeneraator-konner-sohnen-ks-basic-22i-s\/","name":"Invertergeneraator K\u00f6nner & S\u00f6hnen KS Basic 22i S","isPartOf":{"@id":"https:\/\/ranoja.ee\/#website"},"primaryImageOfPage":{"@id":"https:\/\/ranoja.ee\/toode\/invertergeneraator-konner-sohnen-ks-basic-22i-s\/#primaryimage"},"image":{"@id":"https:\/\/ranoja.ee\/toode\/invertergeneraator-konner-sohnen-ks-basic-22i-s\/#primaryimage"},"thumbnailUrl":"https:\/\/ranoja.ee\/wp-content\/uploads\/2025\/08\/Invertergeneraator-Konner-Sohnen-KS-Basic-22i-S-3.webp","datePublished":"2025-08-11T11:29:21+00:00","dateModified":"2026-04-14T08:59:25+00:00","description":"Invertergeneraator K\u00f6nner & S\u00f6hnen KS Basic 22i S Elektrienergia topeltmuundamine tagab puhta siinuslaine ja sageduse 50 Hz, mis tagab tundliku seadmete t\u00f6\u00f6","breadcrumb":{"@id":"https:\/\/ranoja.ee\/toode\/invertergeneraator-konner-sohnen-ks-basic-22i-s\/#breadcrumb"},"inLanguage":"en-US","potentialAction":[{"@type":"ReadAction","target":["https:\/\/ranoja.ee\/toode\/invertergeneraator-konner-sohnen-ks-basic-22i-s\/"]}]},{"@type":"ImageObject","inLanguage":"en-US","@id":"https:\/\/ranoja.ee\/toode\/invertergeneraator-konner-sohnen-ks-basic-22i-s\/#primaryimage","url":"https:\/\/ranoja.ee\/wp-content\/uploads\/2025\/08\/Invertergeneraator-Konner-Sohnen-KS-Basic-22i-S-3.webp","contentUrl":"https:\/\/ranoja.ee\/wp-content\/uploads\/2025\/08\/Invertergeneraator-Konner-Sohnen-KS-Basic-22i-S-3.webp","width":600,"height":475,"caption":"Invertergeneraator K\u00f6nner & S\u00f6hnen KS Basic 22i S"},{"@type":"BreadcrumbList","@id":"https:\/\/ranoja.ee\/toode\/invertergeneraator-konner-sohnen-ks-basic-22i-s\/#breadcrumb","itemListElement":[{"@type":"ListItem","position":1,"name":"Home","item":"https:\/\/ranoja.ee\/"},{"@type":"ListItem","position":2,"name":"Shop","item":"https:\/\/ranoja.ee\/en\/shop\/"},{"@type":"ListItem","position":3,"name":"Invertergeneraator K\u00f6nner &#038; S\u00f6hnen KS Basic 22i S"}]},{"@type":"WebSite","@id":"https:\/\/ranoja.ee\/#website","url":"https:\/\/ranoja.ee\/","name":"Ranoja","description":"Equipment Shop WooCommerce WordPress Theme for Machine &amp; Tools","publisher":{"@id":"https:\/\/ranoja.ee\/#organization"},"potentialAction":[{"@type":"SearchAction","target":{"@type":"EntryPoint","urlTemplate":"https:\/\/ranoja.ee\/?s={search_term_string}"},"query-input":{"@type":"PropertyValueSpecification","valueRequired":true,"valueName":"search_term_string"}}],"inLanguage":"en-US"},{"@type":"Organization","@id":"https:\/\/ranoja.ee\/#organization","name":"Ranoja O\u00dc","url":"https:\/\/ranoja.ee\/","logo":{"@type":"ImageObject","inLanguage":"en-US","@id":"https:\/\/ranoja.ee\/#\/schema\/logo\/image\/","url":"https:\/\/ranoja.ee\/wp-content\/uploads\/2023\/11\/ranoja-Logo.png","contentUrl":"https:\/\/ranoja.ee\/wp-content\/uploads\/2023\/11\/ranoja-Logo.png","width":207,"height":58,"caption":"Ranoja O\u00dc"},"image":{"@id":"https:\/\/ranoja.ee\/#\/schema\/logo\/image\/"},"sameAs":["https:\/\/www.facebook.com\/ranoja.ee","https:\/\/www.instagram.com\/ranoja__\/"]}]}},"_links":{"self":[{"href":"https:\/\/ranoja.ee\/en\/wp-json\/wp\/v2\/product\/19405","targetHints":{"allow":["GET"]}}],"collection":[{"href":"https:\/\/ranoja.ee\/en\/wp-json\/wp\/v2\/product"}],"about":[{"href":"https:\/\/ranoja.ee\/en\/wp-json\/wp\/v2\/types\/product"}],"wp:featuredmedia":[{"embeddable":true,"href":"https:\/\/ranoja.ee\/en\/wp-json\/wp\/v2\/media\/19414"}],"wp:attachment":[{"href":"https:\/\/ranoja.ee\/en\/wp-json\/wp\/v2\/media?parent=19405"}],"wp:term":[{"taxonomy":"product_cat","embeddable":true,"href":"https:\/\/ranoja.ee\/en\/wp-json\/wp\/v2\/product_cat?post=19405"},{"taxonomy":"product_tag","embeddable":true,"href":"https:\/\/ranoja.ee\/en\/wp-json\/wp\/v2\/product_tag?post=19405"}],"curies":[{"name":"wp","href":"https:\/\/api.w.org\/{rel}","templated":true}]}}