{"id":19250,"date":"2025-08-07T15:07:41","date_gmt":"2025-08-07T12:07:41","guid":{"rendered":"https:\/\/ranoja.ee\/?post_type=product&#038;p=19250"},"modified":"2026-02-26T11:53:56","modified_gmt":"2026-02-26T08:53:56","slug":"kaabli-paigaldamis-masin-ecotech-nt60-kasutatud","status":"publish","type":"product","link":"https:\/\/ranoja.ee\/en\/toode\/kaabli-paigaldamis-masin-ecotech-nt60-kasutatud\/","title":{"rendered":"Kaabli paigaldamis masin Ecotech NT60 (kasutatud)"},"content":{"rendered":"<p>Kaabli paigaldamis masin Ecotech NT60 (kasutatud)<br \/>\nMururobotite paigaldusmasinad ja kaablipaigaldusmasinad on kaks erinevat t\u00fc\u00fcpi seadet, mida kasutatakse erinevatel eesm\u00e4rkidel ja t\u00f6\u00f6tingimustes.<\/p>\n<p>Mururobotite paigaldusmasinad:<\/p>\n<p>Need masinad on m\u00f5eldud mururobotite (automaatsete muruniidukite) paigaldamiseks, mis on m\u00f5eldud muru regulaarseks niitmiseks.<br \/>\nMururobotite paigaldusmasinad v\u00f5ivad olla konstrueeritud spetsiaalselt mururobotite paigaldamiseks ja seadistamiseks muru niitmiseks sobivatesse piirkondadesse.<br \/>\nNeed masinad v\u00f5ivad aidata kaabli paigaldamisel muru alla, mis on vajalik mururoboti toiteallika \u00fchendamiseks.<br \/>\nKaablipaigaldusmasinad:<\/p>\n<p>Kaablipaigaldusmasinad on spetsiaalselt kavandatud elektrikaablite v\u00f5i muude juhtmete paigaldamiseks maa-alustesse kanalitesse v\u00f5i torudesse.<br \/>\nNeed masinad kasutavad erinevaid meetodeid, sealhulgas rullikuid, pumbasid v\u00f5i kerimismehhanisme, et paigaldada kaableid t\u00f5husalt ja t\u00e4pselt vastavalt vajadusele.<br \/>\nKaablipaigaldusmasinad v\u00f5ivad olla varustatud bensiinimootoritega v\u00f5i elektrimootoritega, olenevalt t\u00f6\u00f6tingimustest ja kasutusvaldkonnast.<\/p>\n<p>Kuigi m\u00f5lemad masinad on m\u00f5eldud maa-aluste s\u00fcsteemide paigaldamiseks, on nende eesm\u00e4rk ja kasutusala erinevad. <\/p>\n<p>Mururobotite paigaldusmasinad on suunatud spetsiifiliselt mururobotite paigaldamisele ja seadistamisele. <\/p>\n<p>Kaablipaigaldusmasinad on m\u00f5eldud laiemalt elektrikaablite ja muude juhtmete paigaldamiseks maa-alustesse kanalitesse v\u00f5i torudesse erinevates rakendustes, nagu elektris\u00fcsteemid, sidev\u00f5rgud ja muud infrastruktuurid.<\/p>\n<p>Iga masina valik s\u00f5ltub konkreetsetest vajadustest ja rakendustest ning enne nende kasutamist on oluline tutvuda k\u00f5igi ohutusjuhiste ja kasutusjuhendiga ning tagada, et masinad oleksid korralikult hooldatud ja kasutatud vastavalt tootja soovitustele.<br \/>\nKaablipaigaldaja ecotech nt60<\/p>\n","protected":false},"excerpt":{"rendered":"<p>Masinaga on paigaldatud kaableid ca 30-40 t\u00f6\u00f6tunni ulatuses.<br \/>\n<strong>Peal on ka kaabliloendur!<\/strong><\/p>\n<p>Kaabli paigaldamis masin Ecotech NT60 (kasutatud)<br \/>\nMootor Honda GCV160, 160cm3<br \/>\nK\u00fctusepaak 1,1L<br \/>\nKaablipaigaldus s\u00fcgavus 10-60mm<br \/>\nL\u00f5iketera:Puur<br \/>\nKaabli paksus kuni 5mm<br \/>\nKiirus ca 36m\/min<br \/>\nReguleeritav teljevahe<br \/>\nReguleeritav k\u00e4epide<br \/>\nKaal 45kg<\/p>\n","protected":false},"featured_media":19253,"template":"","meta":{"inline_featured_image":false},"product_cat":[1210,895],"product_tag":[],"class_list":{"0":"post-19250","1":"product","2":"type-product","3":"status-publish","4":"has-post-thumbnail","6":"product_cat-kasutatud-masinad","7":"product_cat-parimad-pakkumised-aiatehnikale-ja-ehitustehnikale","9":"first","10":"instock","11":"sale","12":"taxable","13":"shipping-taxable","14":"purchasable","15":"product-type-simple"},"yoast_head":"<!-- This site is optimized with the Yoast SEO plugin v27.4 - https:\/\/yoast.com\/product\/yoast-seo-wordpress\/ -->\n<title>Kaabli paigaldamis masin Ecotech NT60 (kasutatud)<\/title>\n<meta name=\"description\" content=\"Kaabli paigaldamis masin Ecotech NT60 (kasutatud) - Masinaga on paigaldatud kaableid ca 30-40 t\u00f6\u00f6tunni ulatuses.Peal on ka kaabliloendur!\" \/>\n<meta name=\"robots\" content=\"index, follow, max-snippet:-1, max-image-preview:large, max-video-preview:-1\" \/>\n<link rel=\"canonical\" href=\"https:\/\/ranoja.ee\/toode\/kaabli-paigaldamis-masin-ecotech-nt60-kasutatud\/\" \/>\n<meta property=\"og:locale\" content=\"en_US\" \/>\n<meta property=\"og:type\" content=\"article\" \/>\n<meta property=\"og:title\" content=\"Kaabli paigaldamis masin Ecotech NT60 (kasutatud)\" \/>\n<meta property=\"og:description\" content=\"Kaabli paigaldamis masin Ecotech NT60 (kasutatud) - Masinaga on paigaldatud kaableid ca 30-40 t\u00f6\u00f6tunni ulatuses.Peal on ka kaabliloendur!\" \/>\n<meta property=\"og:url\" content=\"https:\/\/ranoja.ee\/toode\/kaabli-paigaldamis-masin-ecotech-nt60-kasutatud\/\" \/>\n<meta property=\"og:site_name\" content=\"Ranoja\" \/>\n<meta property=\"article:publisher\" content=\"https:\/\/www.facebook.com\/ranoja.ee\" \/>\n<meta property=\"article:modified_time\" content=\"2026-02-26T08:53:56+00:00\" \/>\n<meta property=\"og:image\" content=\"https:\/\/ranoja.ee\/wp-content\/uploads\/2025\/08\/Kaabli-paigaldamis-masin-Ecotech-NT60-kasutatud-2-1.jpg\" \/>\n\t<meta property=\"og:image:width\" content=\"900\" \/>\n\t<meta property=\"og:image:height\" content=\"675\" \/>\n\t<meta property=\"og:image:type\" content=\"image\/jpeg\" \/>\n<meta name=\"twitter:card\" content=\"summary_large_image\" \/>\n<meta name=\"twitter:label1\" content=\"Est. reading time\" \/>\n\t<meta name=\"twitter:data1\" content=\"2 minutes\" \/>\n<script type=\"application\/ld+json\" class=\"yoast-schema-graph\">{\"@context\":\"https:\\\/\\\/schema.org\",\"@graph\":[{\"@type\":\"WebPage\",\"@id\":\"https:\\\/\\\/ranoja.ee\\\/toode\\\/kaabli-paigaldamis-masin-ecotech-nt60-kasutatud\\\/\",\"url\":\"https:\\\/\\\/ranoja.ee\\\/toode\\\/kaabli-paigaldamis-masin-ecotech-nt60-kasutatud\\\/\",\"name\":\"Kaabli paigaldamis masin Ecotech NT60 (kasutatud)\",\"isPartOf\":{\"@id\":\"https:\\\/\\\/ranoja.ee\\\/#website\"},\"primaryImageOfPage\":{\"@id\":\"https:\\\/\\\/ranoja.ee\\\/toode\\\/kaabli-paigaldamis-masin-ecotech-nt60-kasutatud\\\/#primaryimage\"},\"image\":{\"@id\":\"https:\\\/\\\/ranoja.ee\\\/toode\\\/kaabli-paigaldamis-masin-ecotech-nt60-kasutatud\\\/#primaryimage\"},\"thumbnailUrl\":\"https:\\\/\\\/ranoja.ee\\\/wp-content\\\/uploads\\\/2025\\\/08\\\/Kaabli-paigaldamis-masin-Ecotech-NT60-kasutatud-2-1.jpg\",\"datePublished\":\"2025-08-07T12:07:41+00:00\",\"dateModified\":\"2026-02-26T08:53:56+00:00\",\"description\":\"Kaabli paigaldamis masin Ecotech NT60 (kasutatud) - Masinaga on paigaldatud kaableid ca 30-40 t\u00f6\u00f6tunni ulatuses.Peal on ka kaabliloendur!\",\"breadcrumb\":{\"@id\":\"https:\\\/\\\/ranoja.ee\\\/toode\\\/kaabli-paigaldamis-masin-ecotech-nt60-kasutatud\\\/#breadcrumb\"},\"inLanguage\":\"en-US\",\"potentialAction\":[{\"@type\":\"ReadAction\",\"target\":[\"https:\\\/\\\/ranoja.ee\\\/toode\\\/kaabli-paigaldamis-masin-ecotech-nt60-kasutatud\\\/\"]}]},{\"@type\":\"ImageObject\",\"inLanguage\":\"en-US\",\"@id\":\"https:\\\/\\\/ranoja.ee\\\/toode\\\/kaabli-paigaldamis-masin-ecotech-nt60-kasutatud\\\/#primaryimage\",\"url\":\"https:\\\/\\\/ranoja.ee\\\/wp-content\\\/uploads\\\/2025\\\/08\\\/Kaabli-paigaldamis-masin-Ecotech-NT60-kasutatud-2-1.jpg\",\"contentUrl\":\"https:\\\/\\\/ranoja.ee\\\/wp-content\\\/uploads\\\/2025\\\/08\\\/Kaabli-paigaldamis-masin-Ecotech-NT60-kasutatud-2-1.jpg\",\"width\":900,\"height\":675,\"caption\":\"Kaabli paigaldamis masin Ecotech NT60 (kasutatud)\"},{\"@type\":\"BreadcrumbList\",\"@id\":\"https:\\\/\\\/ranoja.ee\\\/toode\\\/kaabli-paigaldamis-masin-ecotech-nt60-kasutatud\\\/#breadcrumb\",\"itemListElement\":[{\"@type\":\"ListItem\",\"position\":1,\"name\":\"Home\",\"item\":\"https:\\\/\\\/ranoja.ee\\\/\"},{\"@type\":\"ListItem\",\"position\":2,\"name\":\"Shop\",\"item\":\"https:\\\/\\\/ranoja.ee\\\/en\\\/shop\\\/\"},{\"@type\":\"ListItem\",\"position\":3,\"name\":\"Kaabli paigaldamis masin Ecotech NT60 (kasutatud)\"}]},{\"@type\":\"WebSite\",\"@id\":\"https:\\\/\\\/ranoja.ee\\\/#website\",\"url\":\"https:\\\/\\\/ranoja.ee\\\/\",\"name\":\"Ranoja\",\"description\":\"Equipment Shop WooCommerce WordPress Theme for Machine &amp; Tools\",\"publisher\":{\"@id\":\"https:\\\/\\\/ranoja.ee\\\/#organization\"},\"potentialAction\":[{\"@type\":\"SearchAction\",\"target\":{\"@type\":\"EntryPoint\",\"urlTemplate\":\"https:\\\/\\\/ranoja.ee\\\/?s={search_term_string}\"},\"query-input\":{\"@type\":\"PropertyValueSpecification\",\"valueRequired\":true,\"valueName\":\"search_term_string\"}}],\"inLanguage\":\"en-US\"},{\"@type\":\"Organization\",\"@id\":\"https:\\\/\\\/ranoja.ee\\\/#organization\",\"name\":\"Ranoja O\u00dc\",\"url\":\"https:\\\/\\\/ranoja.ee\\\/\",\"logo\":{\"@type\":\"ImageObject\",\"inLanguage\":\"en-US\",\"@id\":\"https:\\\/\\\/ranoja.ee\\\/#\\\/schema\\\/logo\\\/image\\\/\",\"url\":\"https:\\\/\\\/ranoja.ee\\\/wp-content\\\/uploads\\\/2023\\\/11\\\/ranoja-Logo.png\",\"contentUrl\":\"https:\\\/\\\/ranoja.ee\\\/wp-content\\\/uploads\\\/2023\\\/11\\\/ranoja-Logo.png\",\"width\":207,\"height\":58,\"caption\":\"Ranoja O\u00dc\"},\"image\":{\"@id\":\"https:\\\/\\\/ranoja.ee\\\/#\\\/schema\\\/logo\\\/image\\\/\"},\"sameAs\":[\"https:\\\/\\\/www.facebook.com\\\/ranoja.ee\",\"https:\\\/\\\/www.instagram.com\\\/ranoja__\\\/\"]}]}<\/script>\n<!-- \/ Yoast SEO plugin. -->","yoast_head_json":{"title":"Kaabli paigaldamis masin Ecotech NT60 (kasutatud)","description":"Kaabli paigaldamis masin Ecotech NT60 (kasutatud) - Masinaga on paigaldatud kaableid ca 30-40 t\u00f6\u00f6tunni ulatuses.Peal on ka kaabliloendur!","robots":{"index":"index","follow":"follow","max-snippet":"max-snippet:-1","max-image-preview":"max-image-preview:large","max-video-preview":"max-video-preview:-1"},"canonical":"https:\/\/ranoja.ee\/toode\/kaabli-paigaldamis-masin-ecotech-nt60-kasutatud\/","og_locale":"en_US","og_type":"article","og_title":"Kaabli paigaldamis masin Ecotech NT60 (kasutatud)","og_description":"Kaabli paigaldamis masin Ecotech NT60 (kasutatud) - Masinaga on paigaldatud kaableid ca 30-40 t\u00f6\u00f6tunni ulatuses.Peal on ka kaabliloendur!","og_url":"https:\/\/ranoja.ee\/toode\/kaabli-paigaldamis-masin-ecotech-nt60-kasutatud\/","og_site_name":"Ranoja","article_publisher":"https:\/\/www.facebook.com\/ranoja.ee","article_modified_time":"2026-02-26T08:53:56+00:00","og_image":[{"width":900,"height":675,"url":"https:\/\/ranoja.ee\/wp-content\/uploads\/2025\/08\/Kaabli-paigaldamis-masin-Ecotech-NT60-kasutatud-2-1.jpg","type":"image\/jpeg"}],"twitter_card":"summary_large_image","twitter_misc":{"Est. reading time":"2 minutes"},"schema":{"@context":"https:\/\/schema.org","@graph":[{"@type":"WebPage","@id":"https:\/\/ranoja.ee\/toode\/kaabli-paigaldamis-masin-ecotech-nt60-kasutatud\/","url":"https:\/\/ranoja.ee\/toode\/kaabli-paigaldamis-masin-ecotech-nt60-kasutatud\/","name":"Kaabli paigaldamis masin Ecotech NT60 (kasutatud)","isPartOf":{"@id":"https:\/\/ranoja.ee\/#website"},"primaryImageOfPage":{"@id":"https:\/\/ranoja.ee\/toode\/kaabli-paigaldamis-masin-ecotech-nt60-kasutatud\/#primaryimage"},"image":{"@id":"https:\/\/ranoja.ee\/toode\/kaabli-paigaldamis-masin-ecotech-nt60-kasutatud\/#primaryimage"},"thumbnailUrl":"https:\/\/ranoja.ee\/wp-content\/uploads\/2025\/08\/Kaabli-paigaldamis-masin-Ecotech-NT60-kasutatud-2-1.jpg","datePublished":"2025-08-07T12:07:41+00:00","dateModified":"2026-02-26T08:53:56+00:00","description":"Kaabli paigaldamis masin Ecotech NT60 (kasutatud) - Masinaga on paigaldatud kaableid ca 30-40 t\u00f6\u00f6tunni ulatuses.Peal on ka kaabliloendur!","breadcrumb":{"@id":"https:\/\/ranoja.ee\/toode\/kaabli-paigaldamis-masin-ecotech-nt60-kasutatud\/#breadcrumb"},"inLanguage":"en-US","potentialAction":[{"@type":"ReadAction","target":["https:\/\/ranoja.ee\/toode\/kaabli-paigaldamis-masin-ecotech-nt60-kasutatud\/"]}]},{"@type":"ImageObject","inLanguage":"en-US","@id":"https:\/\/ranoja.ee\/toode\/kaabli-paigaldamis-masin-ecotech-nt60-kasutatud\/#primaryimage","url":"https:\/\/ranoja.ee\/wp-content\/uploads\/2025\/08\/Kaabli-paigaldamis-masin-Ecotech-NT60-kasutatud-2-1.jpg","contentUrl":"https:\/\/ranoja.ee\/wp-content\/uploads\/2025\/08\/Kaabli-paigaldamis-masin-Ecotech-NT60-kasutatud-2-1.jpg","width":900,"height":675,"caption":"Kaabli paigaldamis masin Ecotech NT60 (kasutatud)"},{"@type":"BreadcrumbList","@id":"https:\/\/ranoja.ee\/toode\/kaabli-paigaldamis-masin-ecotech-nt60-kasutatud\/#breadcrumb","itemListElement":[{"@type":"ListItem","position":1,"name":"Home","item":"https:\/\/ranoja.ee\/"},{"@type":"ListItem","position":2,"name":"Shop","item":"https:\/\/ranoja.ee\/en\/shop\/"},{"@type":"ListItem","position":3,"name":"Kaabli paigaldamis masin Ecotech NT60 (kasutatud)"}]},{"@type":"WebSite","@id":"https:\/\/ranoja.ee\/#website","url":"https:\/\/ranoja.ee\/","name":"Ranoja","description":"Equipment Shop WooCommerce WordPress Theme for Machine &amp; Tools","publisher":{"@id":"https:\/\/ranoja.ee\/#organization"},"potentialAction":[{"@type":"SearchAction","target":{"@type":"EntryPoint","urlTemplate":"https:\/\/ranoja.ee\/?s={search_term_string}"},"query-input":{"@type":"PropertyValueSpecification","valueRequired":true,"valueName":"search_term_string"}}],"inLanguage":"en-US"},{"@type":"Organization","@id":"https:\/\/ranoja.ee\/#organization","name":"Ranoja O\u00dc","url":"https:\/\/ranoja.ee\/","logo":{"@type":"ImageObject","inLanguage":"en-US","@id":"https:\/\/ranoja.ee\/#\/schema\/logo\/image\/","url":"https:\/\/ranoja.ee\/wp-content\/uploads\/2023\/11\/ranoja-Logo.png","contentUrl":"https:\/\/ranoja.ee\/wp-content\/uploads\/2023\/11\/ranoja-Logo.png","width":207,"height":58,"caption":"Ranoja O\u00dc"},"image":{"@id":"https:\/\/ranoja.ee\/#\/schema\/logo\/image\/"},"sameAs":["https:\/\/www.facebook.com\/ranoja.ee","https:\/\/www.instagram.com\/ranoja__\/"]}]}},"_links":{"self":[{"href":"https:\/\/ranoja.ee\/en\/wp-json\/wp\/v2\/product\/19250","targetHints":{"allow":["GET"]}}],"collection":[{"href":"https:\/\/ranoja.ee\/en\/wp-json\/wp\/v2\/product"}],"about":[{"href":"https:\/\/ranoja.ee\/en\/wp-json\/wp\/v2\/types\/product"}],"wp:featuredmedia":[{"embeddable":true,"href":"https:\/\/ranoja.ee\/en\/wp-json\/wp\/v2\/media\/19253"}],"wp:attachment":[{"href":"https:\/\/ranoja.ee\/en\/wp-json\/wp\/v2\/media?parent=19250"}],"wp:term":[{"taxonomy":"product_cat","embeddable":true,"href":"https:\/\/ranoja.ee\/en\/wp-json\/wp\/v2\/product_cat?post=19250"},{"taxonomy":"product_tag","embeddable":true,"href":"https:\/\/ranoja.ee\/en\/wp-json\/wp\/v2\/product_tag?post=19250"}],"curies":[{"name":"wp","href":"https:\/\/api.w.org\/{rel}","templated":true}]}}