{"id":19118,"date":"2025-08-06T15:35:27","date_gmt":"2025-08-06T12:35:27","guid":{"rendered":"https:\/\/ranoja.ee\/?post_type=product&#038;p=19118"},"modified":"2026-04-14T11:59:26","modified_gmt":"2026-04-14T08:59:26","slug":"bensiinigeneraator-konner-sohnen-ks-7000e-3-ats","status":"publish","type":"product","link":"https:\/\/ranoja.ee\/en\/toode\/bensiinigeneraator-konner-sohnen-ks-7000e-3-ats\/","title":{"rendered":"Bensiinigeneraator K\u00f6nner &#038; S\u00f6hnen KS 7000E-3 ATS"},"content":{"rendered":"<p>Bensiinigeneraator K\u00f6nner &#038; S\u00f6hnen KS 7000E-3 ATS <\/p>\n<p>Kasutage kolmefaasilist generaatorit ainult kolmefaasiliste tarbijate jaoks (400 V)!<\/p>\n<p>\u00dcks meie generaatorite unikaalseid funktsioone on sisseehitatud ATS-seade (automaatne \u00fclekandel\u00fcliti). See funktsioon v\u00f5imalda bensiinigeneraatoril j\u00e4lgida vooluv\u00f5rku ja l\u00fclituda automaatselt sisse voolukatkestuse korral ning samuti automaatselt v\u00e4lja l\u00fclitada, kui toide taastub. See funktsioon on vajalik hoonetes, kus puudub temperatuuri- v\u00f5i valgusregulatsioon j\u00e4relevalve.<\/p>\n<p>K\u00f6nner &amp; S\u00f6hnen on saksa kvaliteeti pakkuv br\u00e4nd. Meie valik sisaldab generaatorid, aiat\u00f6\u00f6riistad ja voolutooted. Oleme tuntud usaldusv\u00e4\u00e4rsuse ja soodsa hinna poolest.<\/p>\n<p>Tootekategooriad:<br \/>\nInvertergeneraatorid<br \/>\nKompaktsed kaasaskantavad generaatorid. Sobivad tundlike elektroonikaseadmete jaoks. Madal k\u00fctusekulu, stabiilne pinge ja madal m\u00fcratase.<\/p>\n<p>Diiselgeneraatorid<br \/>\nV\u00f5imsad seadmed kuni 16\u202fkVA. Singel\u2011 ja 3\u2011faasilised mudelid. Sobivad t\u00f6\u00f6stuslikuks ja koduseks kasutuseks.<\/p>\n<p>Otse\u2011DC generaatorid (n\u00e4iteks 48\u202fV)<br \/>\nDC\u2011voolu seadmed erivajadusteks. Led\u2011n\u00e4idikuga ja automaatse juhtimisega mudelid.<\/p>\n<p>Heavy Duty Silent Diesel<br \/>\nTugevad ja summutatud diiselgeneraatorid madala m\u00fcratasemega. Sobivad pikaks t\u00f6\u00f6ks ja raske koormuse korral.<\/p>\n<p>Komplektid ja lisavarustus<br \/>\nParalelli \u00fchenduse seadmed, automaatsed starterid (ATS), juhtplokid ja tarvikud.<\/p>\n<p>Tootegrupid:<br \/>\nKS\u2011seeria diiselgeneraatorid \u2013 stabiilne pinge ja kuni 8\u202fkW v\u00f5imsus, sobiv ka suurematele t\u00f6\u00f6stus\u2011 ja kodus\u00fcsteemidele.<br \/>\nKS inverter\u2011seeria \u2013 bensiin- ja LPG\/gasoline mudelid alates 0.9 kuni 4.5\u202fkW. Sobivad matka ja koduse varus\u00fcsteemina.<br \/>\nKS_DC generaatorid \u2013 48\u202fV DC voolu tootmine sinu 24\u202fV s\u00fcsteemidele.<br \/>\nKS Heavy Duty Silent \u2013 kuni 16\u202fkVA, summutatud korpuses madala m\u00fcratasemega, sobivad paigaldamiseks lukustatud seadmesse.<\/p>\n<p>P\u00f5hiv\u00e4\u00e4rtused:<br \/>\nEuroopa kvaliteet taskukohase hinnaga.<br \/>\nEuro\u202fV heitgaasistandard, EFI ja PVA tehnoloogiad. Igal mootoril oma seerianumber. Testitud ja sertifitseeritud seadmed.<br \/>\nLai tootevalik generaatorid + aiat\u00f6\u00f6riistad: murutrimmer, aiapuhurid, log splitters, motopumbad, survepesurid, aku- ja laadijad<br \/>\nTeenindus ja garantii olemas kogu Euroopas. Dimax Group toetab varuosi ja tehnilist tuge.<\/p>\n<p>K\u00f6nner &amp; S\u00f6hnen generaatorid:<br \/>\nInvertergeneraatorid<br \/>\nDiiselgeneraatorid<br \/>\n48\u202fV DC generaator<br \/>\nMatka generaator<br \/>\nKodune varugeneraator<br \/>\nEuro V generaator<\/p>\n<p>K\u00f6nner &amp; S\u00f6hnen pakub usaldusv\u00e4\u00e4rseid ja mitmek\u00fclgseid generaatorilahendusi. Tootevalik katab inverter\u2011, diisel\u2011 ja DC generaatorid. Lisaks aiat\u00f6\u00f6riistad ning tehniline tugi. Ideaalne valik kodu ja professionaalseks kasutamiseks.<\/p>\n<p>Bensiinigeneraator K\u00f6nner &#038; S\u00f6hnen KS 7000E-3 ATS<\/p>\n","protected":false},"excerpt":{"rendered":"<p>Bensiinigeneraator K\u00f6nner &#038; S\u00f6hnen KS 7000E-3 ATS<br \/>\nPinge: 400V<br \/>\nMaksimaalne v\u00f5imsus: 5.5kW<br \/>\nNominaalne v\u00f5imsus: 5.0kW<br \/>\nVool maksimaalne: 9.93A<br \/>\nV\u00e4ljundpesad: 1 \u00d7 230V ja 1x 400V 16A<br \/>\nMootori silindri t\u00f6\u00f6maht: 389m3<br \/>\nMootori v\u00f5imsus: 13.0 HJ ja 9.56KW<br \/>\nMootor: 4-taktiline, 1-silindriline, bensiinmootoriga, \u00f5hkjahutusega<br \/>\nT\u00f6\u00f6aeg: Kuni 17 tundi (50% koormusel)<br \/>\nK\u00e4ivitamine: Manuaalne, elektriline ja automaatne<br \/>\nK\u00fctusepaagi maht: 25 L<br \/>\nATS-seade: Automaatne \u00fclekandel\u00fcliti<br \/>\nLed ekraan: Pinge, sagedus, t\u00f6\u00f6aeg<br \/>\nKaal: 84.7 kg<br \/>\n<strong>Eeldatav tarneaeg 1-7 t\u00f6\u00f6p\u00e4eva<\/strong><\/p>\n","protected":false},"featured_media":19129,"template":"","meta":{"inline_featured_image":false},"product_cat":[1090,102],"product_tag":[421,1813,2075],"class_list":{"0":"post-19118","1":"product","2":"type-product","3":"status-publish","4":"has-post-thumbnail","6":"product_brand-konner-sohnen","7":"product_cat-ehitustehnika","8":"product_cat-generaatorid-ja-inverterid","9":"product_tag-generaator","10":"product_tag-konner-sohnen","11":"product_tag-ks-7000e-3-ats","13":"first","14":"outofstock","15":"taxable","16":"shipping-taxable","17":"purchasable","18":"product-type-simple"},"yoast_head":"<!-- This site is optimized with the Yoast SEO plugin v27.4 - https:\/\/yoast.com\/product\/yoast-seo-wordpress\/ -->\n<title>Bensiinigeneraator K\u00f6nner &amp; S\u00f6hnen KS 7000E-3 ATS<\/title>\n<meta name=\"description\" content=\"Bensiinigeneraator K\u00f6nner &amp; S\u00f6hnen KS 7000E-3 ATS Automaatne \u00fclekandel\u00fcliti funktsioon v\u00f5imaldab bensiinigeneraatoril j\u00e4lgida vooluv\u00f5rku.\" \/>\n<meta name=\"robots\" content=\"index, follow, max-snippet:-1, max-image-preview:large, max-video-preview:-1\" \/>\n<link rel=\"canonical\" href=\"https:\/\/ranoja.ee\/toode\/bensiinigeneraator-konner-sohnen-ks-7000e-3-ats\/\" \/>\n<meta property=\"og:locale\" content=\"en_US\" \/>\n<meta property=\"og:type\" content=\"article\" \/>\n<meta property=\"og:title\" content=\"Bensiinigeneraator K\u00f6nner &amp; S\u00f6hnen KS 7000E-3 ATS\" \/>\n<meta property=\"og:description\" content=\"Bensiinigeneraator K\u00f6nner &amp; S\u00f6hnen KS 7000E-3 ATS Automaatne \u00fclekandel\u00fcliti funktsioon v\u00f5imaldab bensiinigeneraatoril j\u00e4lgida vooluv\u00f5rku.\" \/>\n<meta property=\"og:url\" content=\"https:\/\/ranoja.ee\/toode\/bensiinigeneraator-konner-sohnen-ks-7000e-3-ats\/\" \/>\n<meta property=\"og:site_name\" content=\"Ranoja\" \/>\n<meta property=\"article:publisher\" content=\"https:\/\/www.facebook.com\/ranoja.ee\" \/>\n<meta property=\"article:modified_time\" content=\"2026-04-14T08:59:26+00:00\" \/>\n<meta property=\"og:image\" content=\"https:\/\/ranoja.ee\/wp-content\/uploads\/2025\/08\/Bensiinigeneraator-Konner-Sohnen-KS-7000E-3-ATS-2.webp\" \/>\n\t<meta property=\"og:image:width\" content=\"1600\" \/>\n\t<meta property=\"og:image:height\" content=\"1200\" \/>\n\t<meta property=\"og:image:type\" content=\"image\/webp\" \/>\n<meta name=\"twitter:card\" content=\"summary_large_image\" \/>\n<meta name=\"twitter:label1\" content=\"Est. reading time\" \/>\n\t<meta name=\"twitter:data1\" content=\"2 minutes\" \/>\n<script type=\"application\/ld+json\" class=\"yoast-schema-graph\">{\"@context\":\"https:\\\/\\\/schema.org\",\"@graph\":[{\"@type\":\"WebPage\",\"@id\":\"https:\\\/\\\/ranoja.ee\\\/toode\\\/bensiinigeneraator-konner-sohnen-ks-7000e-3-ats\\\/\",\"url\":\"https:\\\/\\\/ranoja.ee\\\/toode\\\/bensiinigeneraator-konner-sohnen-ks-7000e-3-ats\\\/\",\"name\":\"Bensiinigeneraator K\u00f6nner & S\u00f6hnen KS 7000E-3 ATS\",\"isPartOf\":{\"@id\":\"https:\\\/\\\/ranoja.ee\\\/#website\"},\"primaryImageOfPage\":{\"@id\":\"https:\\\/\\\/ranoja.ee\\\/toode\\\/bensiinigeneraator-konner-sohnen-ks-7000e-3-ats\\\/#primaryimage\"},\"image\":{\"@id\":\"https:\\\/\\\/ranoja.ee\\\/toode\\\/bensiinigeneraator-konner-sohnen-ks-7000e-3-ats\\\/#primaryimage\"},\"thumbnailUrl\":\"https:\\\/\\\/ranoja.ee\\\/wp-content\\\/uploads\\\/2025\\\/08\\\/Bensiinigeneraator-Konner-Sohnen-KS-7000E-3-ATS-2.webp\",\"datePublished\":\"2025-08-06T12:35:27+00:00\",\"dateModified\":\"2026-04-14T08:59:26+00:00\",\"description\":\"Bensiinigeneraator K\u00f6nner & S\u00f6hnen KS 7000E-3 ATS Automaatne \u00fclekandel\u00fcliti funktsioon v\u00f5imaldab bensiinigeneraatoril j\u00e4lgida vooluv\u00f5rku.\",\"breadcrumb\":{\"@id\":\"https:\\\/\\\/ranoja.ee\\\/toode\\\/bensiinigeneraator-konner-sohnen-ks-7000e-3-ats\\\/#breadcrumb\"},\"inLanguage\":\"en-US\",\"potentialAction\":[{\"@type\":\"ReadAction\",\"target\":[\"https:\\\/\\\/ranoja.ee\\\/toode\\\/bensiinigeneraator-konner-sohnen-ks-7000e-3-ats\\\/\"]}]},{\"@type\":\"ImageObject\",\"inLanguage\":\"en-US\",\"@id\":\"https:\\\/\\\/ranoja.ee\\\/toode\\\/bensiinigeneraator-konner-sohnen-ks-7000e-3-ats\\\/#primaryimage\",\"url\":\"https:\\\/\\\/ranoja.ee\\\/wp-content\\\/uploads\\\/2025\\\/08\\\/Bensiinigeneraator-Konner-Sohnen-KS-7000E-3-ATS-2.webp\",\"contentUrl\":\"https:\\\/\\\/ranoja.ee\\\/wp-content\\\/uploads\\\/2025\\\/08\\\/Bensiinigeneraator-Konner-Sohnen-KS-7000E-3-ATS-2.webp\",\"width\":1600,\"height\":1200,\"caption\":\"Bensiinigeneraator K\u00f6nner & S\u00f6hnen KS 7000E-3 ATS\"},{\"@type\":\"BreadcrumbList\",\"@id\":\"https:\\\/\\\/ranoja.ee\\\/toode\\\/bensiinigeneraator-konner-sohnen-ks-7000e-3-ats\\\/#breadcrumb\",\"itemListElement\":[{\"@type\":\"ListItem\",\"position\":1,\"name\":\"Home\",\"item\":\"https:\\\/\\\/ranoja.ee\\\/\"},{\"@type\":\"ListItem\",\"position\":2,\"name\":\"Shop\",\"item\":\"https:\\\/\\\/ranoja.ee\\\/en\\\/shop\\\/\"},{\"@type\":\"ListItem\",\"position\":3,\"name\":\"Bensiinigeneraator K\u00f6nner &#038; S\u00f6hnen KS 7000E-3 ATS\"}]},{\"@type\":\"WebSite\",\"@id\":\"https:\\\/\\\/ranoja.ee\\\/#website\",\"url\":\"https:\\\/\\\/ranoja.ee\\\/\",\"name\":\"Ranoja\",\"description\":\"Equipment Shop WooCommerce WordPress Theme for Machine &amp; Tools\",\"publisher\":{\"@id\":\"https:\\\/\\\/ranoja.ee\\\/#organization\"},\"potentialAction\":[{\"@type\":\"SearchAction\",\"target\":{\"@type\":\"EntryPoint\",\"urlTemplate\":\"https:\\\/\\\/ranoja.ee\\\/?s={search_term_string}\"},\"query-input\":{\"@type\":\"PropertyValueSpecification\",\"valueRequired\":true,\"valueName\":\"search_term_string\"}}],\"inLanguage\":\"en-US\"},{\"@type\":\"Organization\",\"@id\":\"https:\\\/\\\/ranoja.ee\\\/#organization\",\"name\":\"Ranoja O\u00dc\",\"url\":\"https:\\\/\\\/ranoja.ee\\\/\",\"logo\":{\"@type\":\"ImageObject\",\"inLanguage\":\"en-US\",\"@id\":\"https:\\\/\\\/ranoja.ee\\\/#\\\/schema\\\/logo\\\/image\\\/\",\"url\":\"https:\\\/\\\/ranoja.ee\\\/wp-content\\\/uploads\\\/2023\\\/11\\\/ranoja-Logo.png\",\"contentUrl\":\"https:\\\/\\\/ranoja.ee\\\/wp-content\\\/uploads\\\/2023\\\/11\\\/ranoja-Logo.png\",\"width\":207,\"height\":58,\"caption\":\"Ranoja O\u00dc\"},\"image\":{\"@id\":\"https:\\\/\\\/ranoja.ee\\\/#\\\/schema\\\/logo\\\/image\\\/\"},\"sameAs\":[\"https:\\\/\\\/www.facebook.com\\\/ranoja.ee\",\"https:\\\/\\\/www.instagram.com\\\/ranoja__\\\/\"]}]}<\/script>\n<!-- \/ Yoast SEO plugin. -->","yoast_head_json":{"title":"Bensiinigeneraator K\u00f6nner & S\u00f6hnen KS 7000E-3 ATS","description":"Bensiinigeneraator K\u00f6nner & S\u00f6hnen KS 7000E-3 ATS Automaatne \u00fclekandel\u00fcliti funktsioon v\u00f5imaldab bensiinigeneraatoril j\u00e4lgida vooluv\u00f5rku.","robots":{"index":"index","follow":"follow","max-snippet":"max-snippet:-1","max-image-preview":"max-image-preview:large","max-video-preview":"max-video-preview:-1"},"canonical":"https:\/\/ranoja.ee\/toode\/bensiinigeneraator-konner-sohnen-ks-7000e-3-ats\/","og_locale":"en_US","og_type":"article","og_title":"Bensiinigeneraator K\u00f6nner & S\u00f6hnen KS 7000E-3 ATS","og_description":"Bensiinigeneraator K\u00f6nner & S\u00f6hnen KS 7000E-3 ATS Automaatne \u00fclekandel\u00fcliti funktsioon v\u00f5imaldab bensiinigeneraatoril j\u00e4lgida vooluv\u00f5rku.","og_url":"https:\/\/ranoja.ee\/toode\/bensiinigeneraator-konner-sohnen-ks-7000e-3-ats\/","og_site_name":"Ranoja","article_publisher":"https:\/\/www.facebook.com\/ranoja.ee","article_modified_time":"2026-04-14T08:59:26+00:00","og_image":[{"width":1600,"height":1200,"url":"https:\/\/ranoja.ee\/wp-content\/uploads\/2025\/08\/Bensiinigeneraator-Konner-Sohnen-KS-7000E-3-ATS-2.webp","type":"image\/webp"}],"twitter_card":"summary_large_image","twitter_misc":{"Est. reading time":"2 minutes"},"schema":{"@context":"https:\/\/schema.org","@graph":[{"@type":"WebPage","@id":"https:\/\/ranoja.ee\/toode\/bensiinigeneraator-konner-sohnen-ks-7000e-3-ats\/","url":"https:\/\/ranoja.ee\/toode\/bensiinigeneraator-konner-sohnen-ks-7000e-3-ats\/","name":"Bensiinigeneraator K\u00f6nner & S\u00f6hnen KS 7000E-3 ATS","isPartOf":{"@id":"https:\/\/ranoja.ee\/#website"},"primaryImageOfPage":{"@id":"https:\/\/ranoja.ee\/toode\/bensiinigeneraator-konner-sohnen-ks-7000e-3-ats\/#primaryimage"},"image":{"@id":"https:\/\/ranoja.ee\/toode\/bensiinigeneraator-konner-sohnen-ks-7000e-3-ats\/#primaryimage"},"thumbnailUrl":"https:\/\/ranoja.ee\/wp-content\/uploads\/2025\/08\/Bensiinigeneraator-Konner-Sohnen-KS-7000E-3-ATS-2.webp","datePublished":"2025-08-06T12:35:27+00:00","dateModified":"2026-04-14T08:59:26+00:00","description":"Bensiinigeneraator K\u00f6nner & S\u00f6hnen KS 7000E-3 ATS Automaatne \u00fclekandel\u00fcliti funktsioon v\u00f5imaldab bensiinigeneraatoril j\u00e4lgida vooluv\u00f5rku.","breadcrumb":{"@id":"https:\/\/ranoja.ee\/toode\/bensiinigeneraator-konner-sohnen-ks-7000e-3-ats\/#breadcrumb"},"inLanguage":"en-US","potentialAction":[{"@type":"ReadAction","target":["https:\/\/ranoja.ee\/toode\/bensiinigeneraator-konner-sohnen-ks-7000e-3-ats\/"]}]},{"@type":"ImageObject","inLanguage":"en-US","@id":"https:\/\/ranoja.ee\/toode\/bensiinigeneraator-konner-sohnen-ks-7000e-3-ats\/#primaryimage","url":"https:\/\/ranoja.ee\/wp-content\/uploads\/2025\/08\/Bensiinigeneraator-Konner-Sohnen-KS-7000E-3-ATS-2.webp","contentUrl":"https:\/\/ranoja.ee\/wp-content\/uploads\/2025\/08\/Bensiinigeneraator-Konner-Sohnen-KS-7000E-3-ATS-2.webp","width":1600,"height":1200,"caption":"Bensiinigeneraator K\u00f6nner & S\u00f6hnen KS 7000E-3 ATS"},{"@type":"BreadcrumbList","@id":"https:\/\/ranoja.ee\/toode\/bensiinigeneraator-konner-sohnen-ks-7000e-3-ats\/#breadcrumb","itemListElement":[{"@type":"ListItem","position":1,"name":"Home","item":"https:\/\/ranoja.ee\/"},{"@type":"ListItem","position":2,"name":"Shop","item":"https:\/\/ranoja.ee\/en\/shop\/"},{"@type":"ListItem","position":3,"name":"Bensiinigeneraator K\u00f6nner &#038; S\u00f6hnen KS 7000E-3 ATS"}]},{"@type":"WebSite","@id":"https:\/\/ranoja.ee\/#website","url":"https:\/\/ranoja.ee\/","name":"Ranoja","description":"Equipment Shop WooCommerce WordPress Theme for Machine &amp; Tools","publisher":{"@id":"https:\/\/ranoja.ee\/#organization"},"potentialAction":[{"@type":"SearchAction","target":{"@type":"EntryPoint","urlTemplate":"https:\/\/ranoja.ee\/?s={search_term_string}"},"query-input":{"@type":"PropertyValueSpecification","valueRequired":true,"valueName":"search_term_string"}}],"inLanguage":"en-US"},{"@type":"Organization","@id":"https:\/\/ranoja.ee\/#organization","name":"Ranoja O\u00dc","url":"https:\/\/ranoja.ee\/","logo":{"@type":"ImageObject","inLanguage":"en-US","@id":"https:\/\/ranoja.ee\/#\/schema\/logo\/image\/","url":"https:\/\/ranoja.ee\/wp-content\/uploads\/2023\/11\/ranoja-Logo.png","contentUrl":"https:\/\/ranoja.ee\/wp-content\/uploads\/2023\/11\/ranoja-Logo.png","width":207,"height":58,"caption":"Ranoja O\u00dc"},"image":{"@id":"https:\/\/ranoja.ee\/#\/schema\/logo\/image\/"},"sameAs":["https:\/\/www.facebook.com\/ranoja.ee","https:\/\/www.instagram.com\/ranoja__\/"]}]}},"_links":{"self":[{"href":"https:\/\/ranoja.ee\/en\/wp-json\/wp\/v2\/product\/19118","targetHints":{"allow":["GET"]}}],"collection":[{"href":"https:\/\/ranoja.ee\/en\/wp-json\/wp\/v2\/product"}],"about":[{"href":"https:\/\/ranoja.ee\/en\/wp-json\/wp\/v2\/types\/product"}],"wp:featuredmedia":[{"embeddable":true,"href":"https:\/\/ranoja.ee\/en\/wp-json\/wp\/v2\/media\/19129"}],"wp:attachment":[{"href":"https:\/\/ranoja.ee\/en\/wp-json\/wp\/v2\/media?parent=19118"}],"wp:term":[{"taxonomy":"product_cat","embeddable":true,"href":"https:\/\/ranoja.ee\/en\/wp-json\/wp\/v2\/product_cat?post=19118"},{"taxonomy":"product_tag","embeddable":true,"href":"https:\/\/ranoja.ee\/en\/wp-json\/wp\/v2\/product_tag?post=19118"}],"curies":[{"name":"wp","href":"https:\/\/api.w.org\/{rel}","templated":true}]}}