{"id":18855,"date":"2025-07-31T14:43:24","date_gmt":"2025-07-31T11:43:24","guid":{"rendered":"https:\/\/ranoja.ee\/?post_type=product&#038;p=18855"},"modified":"2026-01-23T14:52:00","modified_gmt":"2026-01-23T11:52:00","slug":"rtx2300-roto-cut-topeltteraga-loikuri-otsik","status":"publish","type":"product","link":"https:\/\/ranoja.ee\/en\/toode\/rtx2300-roto-cut-topeltteraga-loikuri-otsik\/","title":{"rendered":"RTX2300 ROTO-CUT TOPELTTERAGA L\u00d5IKURI OTSIK"},"content":{"rendered":"<p>RTX2300 ROTO-CUT TOPELTTERAGA L\u00d5IKURI OTSIK<\/p>\n<p>T\u00e4nu madalale k\u00e4igukasti profiilile saab see hakkama ka k\u00f5ige raskemini ligip\u00e4\u00e4setavates kohtades. Alusplaat on paigaldatud laagritele, mis suurendab t\u00f6\u00f6riista \u00fcldist kasutusiga ja v\u00e4hendab k\u00f5nnitee kahjustusi. Terad on konstrueeritud nii, et need tagavad puhta ja t\u00f5husa l\u00f5iket\u00f6\u00f6, s\u00e4ilitades samal ajal vastupidavuse. <\/p>\n<p>Rotocut&#8217;i saab kasutada koos mis tahes tagamootoriga t\u00f6\u00f6riistade v\u00f5i EGO liinitrimmeri multit\u00f6\u00f6riistadega, mis teeb sellest \u00fclima lisat\u00e4psuse ja -v\u00f5imsuse lisaseadme.<\/p>\n<p>EGO Power+ on juhtiv akutoitega aiat\u00f6\u00f6riistade tootja, pakkudes v\u00f5imsaid, vastupidavaid ja keskkonnas\u00f5bralikke lahendusi kodu- ja professionaalseks kasutamiseks. Siin on l\u00fchike \u00fclevaade nende t\u00f6\u00f6riistade, akude, laadijate ja lisatarvikute valikust:<\/p>\n<p>T\u00f6\u00f6riistad:<br \/>\nEGO Power+ muruniidukid on kerged, vaiksed ja suure j\u00f5udlusega. Trimmerid sobivad nii muru servade kui tiheda rohu l\u00f5ikamiseks. Lehepuhurid tagavad tugeva \u00f5huvoo ja mugava kasutuse. Kettsaed l\u00f5ikavad sujuvalt nii puitu kui oksi. Hekik\u00e4\u00e4rid on tasakaalus ja terava l\u00f5ikekvaliteediga. Multit\u00f6\u00f6riistad v\u00f5imaldavad vahetatavaid otsikuid \u2013 sobivad mitmeks t\u00f6\u00f6ks. Lumepuhur eemaldab lund kiiresti ja t\u00f5husalt.<\/p>\n<p>Akud:<br \/>\nEGO Power+ akud kasutavad 56V Arc Lithium\u2122 tehnoloogiat. Neid on saadaval erineva mahutavusega: 2,5 Ah, 4,0 Ah, 5,0 Ah, 7,5 Ah ja 10,0 Ah. K\u00f5ik akud sobivad k\u00f5igi EGO t\u00f6\u00f6riistadega. Kiir\u00fchendusega disain tagab lihtsa ja kindla paigalduse. Aku indikaator n\u00e4itab laetustaset. Vastupidavad korpused on kaitstud tolmu, niiskuse ja l\u00f6\u00f6kide eest.<\/p>\n<p>Laadijad:<br \/>\nStandardlaadijad sobivad igap\u00e4evaseks kasutuseks. Kiirlaadijad laevad aku t\u00e4is oluliselt kiiremini. M\u00f5lemad t\u00fc\u00fcbid on varustatud intelligentse juhts\u00fcsteemiga, mis optimeerib laadimist ja pikendab aku eluiga. Seinakinnitusega disain s\u00e4\u00e4stab ruumi. Laadimisindikaator annab selge \u00fclevaate laadimise olekust.<\/p>\n<p>Lisaseadmed:<br \/>\nValikus on trimmeripead, niidijupid, terad, \u00f5lid ja m\u00e4\u00e4rded. Samuti erinevad kanderaamid, rakmed ja \u00f5lakotid mugavamaks t\u00f6\u00f6ks. Multit\u00f6\u00f6riista lisad nagu oksal\u00f5ikurid, mullafreesid ja harjad laiendavad t\u00f6\u00f6v\u00f5imalusi. Kaitse\u00fcmbrised ja hoiukastid tagavad turvalise hoiustamise ja transportimise.<\/p>\n<p>EGO Power+ pakub t\u00e4ielikku s\u00fcsteemi, kus k\u00f5ik komponendid on omavahel \u00fchilduvad ja kvaliteetsed. Sobib nii hobikasutajale kui ka n\u00f5udlikule professionaalile.<\/p>\n<p>RTX2300 ROTO-CUT TOPELTTERAGA L\u00d5IKURI OTSIK<\/p>\n","protected":false},"excerpt":{"rendered":"<p>RTX2300 ROTO-CUT TOPELTTERAGA L\u00d5IKURI OTSIK<br \/>\nKaks vastassuunas p\u00f6\u00f6rlevat tera<br \/>\nAlusplaat on paigaldatud laagritele<br \/>\nVastupidavad terad<br \/>\n<strong>Eeldatav tarneaeg 1-7 t\u00f6\u00f6p\u00e4eva<\/strong><\/p>\n","protected":false},"featured_media":18856,"template":"","meta":{"inline_featured_image":false},"product_cat":[1079,1763,1094,1103,896],"product_tag":[1826,2031],"class_list":{"0":"post-18855","1":"product","2":"type-product","3":"status-publish","4":"has-post-thumbnail","6":"product_brand-ego-power","7":"product_cat-aiatehnika-ja-niidutehnika","8":"product_cat-aiatehnika-tarvikud","9":"product_cat-akutooriistad","10":"product_cat-akutrimmerid","11":"product_cat-trimmerid-vosaloikurid","12":"product_tag-ego-power","13":"product_tag-rtx2300","15":"first","16":"instock","17":"sale","18":"taxable","19":"shipping-taxable","20":"purchasable","21":"product-type-simple"},"yoast_head":"<!-- This site is optimized with the Yoast SEO plugin v27.4 - https:\/\/yoast.com\/product\/yoast-seo-wordpress\/ -->\n<title>RTX2300 ROTO-CUT TOPELTTERAGA L\u00d5IKURI OTSIK<\/title>\n<meta name=\"description\" content=\"RTX2300 ROTO-CUT TOPELTTERAGA L\u00d5IKURI OTSIK EGO Pro X Rotocut l\u00f5ikab h\u00f5lpsasti l\u00e4bi muru, umbrohu ja sambla betoonil, teedel ning \u00e4\u00e4realadel.\" \/>\n<meta name=\"robots\" content=\"index, follow, max-snippet:-1, max-image-preview:large, max-video-preview:-1\" \/>\n<link rel=\"canonical\" href=\"https:\/\/ranoja.ee\/toode\/rtx2300-roto-cut-topeltteraga-loikuri-otsik\/\" \/>\n<meta property=\"og:locale\" content=\"en_US\" \/>\n<meta property=\"og:type\" content=\"article\" \/>\n<meta property=\"og:title\" content=\"RTX2300 ROTO-CUT TOPELTTERAGA L\u00d5IKURI OTSIK\" \/>\n<meta property=\"og:description\" content=\"RTX2300 ROTO-CUT TOPELTTERAGA L\u00d5IKURI OTSIK EGO Pro X Rotocut l\u00f5ikab h\u00f5lpsasti l\u00e4bi muru, umbrohu ja sambla betoonil, teedel ning \u00e4\u00e4realadel.\" \/>\n<meta property=\"og:url\" content=\"https:\/\/ranoja.ee\/toode\/rtx2300-roto-cut-topeltteraga-loikuri-otsik\/\" \/>\n<meta property=\"og:site_name\" content=\"Ranoja\" \/>\n<meta property=\"article:publisher\" content=\"https:\/\/www.facebook.com\/ranoja.ee\" \/>\n<meta property=\"article:modified_time\" content=\"2026-01-23T11:52:00+00:00\" \/>\n<meta property=\"og:image\" content=\"https:\/\/ranoja.ee\/wp-content\/uploads\/2025\/07\/RTX2300-ROTO-CUT-TOPELTTERAGA-LOIKURI-OTSIK.png\" \/>\n\t<meta property=\"og:image:width\" content=\"800\" \/>\n\t<meta property=\"og:image:height\" content=\"566\" \/>\n\t<meta property=\"og:image:type\" content=\"image\/png\" \/>\n<meta name=\"twitter:card\" content=\"summary_large_image\" \/>\n<meta name=\"twitter:label1\" content=\"Est. reading time\" \/>\n\t<meta name=\"twitter:data1\" content=\"2 minutes\" \/>\n<script type=\"application\/ld+json\" class=\"yoast-schema-graph\">{\"@context\":\"https:\\\/\\\/schema.org\",\"@graph\":[{\"@type\":\"WebPage\",\"@id\":\"https:\\\/\\\/ranoja.ee\\\/toode\\\/rtx2300-roto-cut-topeltteraga-loikuri-otsik\\\/\",\"url\":\"https:\\\/\\\/ranoja.ee\\\/toode\\\/rtx2300-roto-cut-topeltteraga-loikuri-otsik\\\/\",\"name\":\"RTX2300 ROTO-CUT TOPELTTERAGA L\u00d5IKURI OTSIK\",\"isPartOf\":{\"@id\":\"https:\\\/\\\/ranoja.ee\\\/#website\"},\"primaryImageOfPage\":{\"@id\":\"https:\\\/\\\/ranoja.ee\\\/toode\\\/rtx2300-roto-cut-topeltteraga-loikuri-otsik\\\/#primaryimage\"},\"image\":{\"@id\":\"https:\\\/\\\/ranoja.ee\\\/toode\\\/rtx2300-roto-cut-topeltteraga-loikuri-otsik\\\/#primaryimage\"},\"thumbnailUrl\":\"https:\\\/\\\/ranoja.ee\\\/wp-content\\\/uploads\\\/2025\\\/07\\\/RTX2300-ROTO-CUT-TOPELTTERAGA-LOIKURI-OTSIK.png\",\"datePublished\":\"2025-07-31T11:43:24+00:00\",\"dateModified\":\"2026-01-23T11:52:00+00:00\",\"description\":\"RTX2300 ROTO-CUT TOPELTTERAGA L\u00d5IKURI OTSIK EGO Pro X Rotocut l\u00f5ikab h\u00f5lpsasti l\u00e4bi muru, umbrohu ja sambla betoonil, teedel ning \u00e4\u00e4realadel.\",\"breadcrumb\":{\"@id\":\"https:\\\/\\\/ranoja.ee\\\/toode\\\/rtx2300-roto-cut-topeltteraga-loikuri-otsik\\\/#breadcrumb\"},\"inLanguage\":\"en-US\",\"potentialAction\":[{\"@type\":\"ReadAction\",\"target\":[\"https:\\\/\\\/ranoja.ee\\\/toode\\\/rtx2300-roto-cut-topeltteraga-loikuri-otsik\\\/\"]}]},{\"@type\":\"ImageObject\",\"inLanguage\":\"en-US\",\"@id\":\"https:\\\/\\\/ranoja.ee\\\/toode\\\/rtx2300-roto-cut-topeltteraga-loikuri-otsik\\\/#primaryimage\",\"url\":\"https:\\\/\\\/ranoja.ee\\\/wp-content\\\/uploads\\\/2025\\\/07\\\/RTX2300-ROTO-CUT-TOPELTTERAGA-LOIKURI-OTSIK.png\",\"contentUrl\":\"https:\\\/\\\/ranoja.ee\\\/wp-content\\\/uploads\\\/2025\\\/07\\\/RTX2300-ROTO-CUT-TOPELTTERAGA-LOIKURI-OTSIK.png\",\"width\":800,\"height\":566,\"caption\":\"RTX2300 ROTO-CUT TOPELTTERAGA L\u00d5IKURI OTSIK\"},{\"@type\":\"BreadcrumbList\",\"@id\":\"https:\\\/\\\/ranoja.ee\\\/toode\\\/rtx2300-roto-cut-topeltteraga-loikuri-otsik\\\/#breadcrumb\",\"itemListElement\":[{\"@type\":\"ListItem\",\"position\":1,\"name\":\"Home\",\"item\":\"https:\\\/\\\/ranoja.ee\\\/\"},{\"@type\":\"ListItem\",\"position\":2,\"name\":\"Shop\",\"item\":\"https:\\\/\\\/ranoja.ee\\\/en\\\/shop\\\/\"},{\"@type\":\"ListItem\",\"position\":3,\"name\":\"RTX2300 ROTO-CUT TOPELTTERAGA L\u00d5IKURI OTSIK\"}]},{\"@type\":\"WebSite\",\"@id\":\"https:\\\/\\\/ranoja.ee\\\/#website\",\"url\":\"https:\\\/\\\/ranoja.ee\\\/\",\"name\":\"Ranoja\",\"description\":\"Equipment Shop WooCommerce WordPress Theme for Machine &amp; Tools\",\"publisher\":{\"@id\":\"https:\\\/\\\/ranoja.ee\\\/#organization\"},\"potentialAction\":[{\"@type\":\"SearchAction\",\"target\":{\"@type\":\"EntryPoint\",\"urlTemplate\":\"https:\\\/\\\/ranoja.ee\\\/?s={search_term_string}\"},\"query-input\":{\"@type\":\"PropertyValueSpecification\",\"valueRequired\":true,\"valueName\":\"search_term_string\"}}],\"inLanguage\":\"en-US\"},{\"@type\":\"Organization\",\"@id\":\"https:\\\/\\\/ranoja.ee\\\/#organization\",\"name\":\"Ranoja O\u00dc\",\"url\":\"https:\\\/\\\/ranoja.ee\\\/\",\"logo\":{\"@type\":\"ImageObject\",\"inLanguage\":\"en-US\",\"@id\":\"https:\\\/\\\/ranoja.ee\\\/#\\\/schema\\\/logo\\\/image\\\/\",\"url\":\"https:\\\/\\\/ranoja.ee\\\/wp-content\\\/uploads\\\/2023\\\/11\\\/ranoja-Logo.png\",\"contentUrl\":\"https:\\\/\\\/ranoja.ee\\\/wp-content\\\/uploads\\\/2023\\\/11\\\/ranoja-Logo.png\",\"width\":207,\"height\":58,\"caption\":\"Ranoja O\u00dc\"},\"image\":{\"@id\":\"https:\\\/\\\/ranoja.ee\\\/#\\\/schema\\\/logo\\\/image\\\/\"},\"sameAs\":[\"https:\\\/\\\/www.facebook.com\\\/ranoja.ee\",\"https:\\\/\\\/www.instagram.com\\\/ranoja__\\\/\"]}]}<\/script>\n<!-- \/ Yoast SEO plugin. -->","yoast_head_json":{"title":"RTX2300 ROTO-CUT TOPELTTERAGA L\u00d5IKURI OTSIK","description":"RTX2300 ROTO-CUT TOPELTTERAGA L\u00d5IKURI OTSIK EGO Pro X Rotocut l\u00f5ikab h\u00f5lpsasti l\u00e4bi muru, umbrohu ja sambla betoonil, teedel ning \u00e4\u00e4realadel.","robots":{"index":"index","follow":"follow","max-snippet":"max-snippet:-1","max-image-preview":"max-image-preview:large","max-video-preview":"max-video-preview:-1"},"canonical":"https:\/\/ranoja.ee\/toode\/rtx2300-roto-cut-topeltteraga-loikuri-otsik\/","og_locale":"en_US","og_type":"article","og_title":"RTX2300 ROTO-CUT TOPELTTERAGA L\u00d5IKURI OTSIK","og_description":"RTX2300 ROTO-CUT TOPELTTERAGA L\u00d5IKURI OTSIK EGO Pro X Rotocut l\u00f5ikab h\u00f5lpsasti l\u00e4bi muru, umbrohu ja sambla betoonil, teedel ning \u00e4\u00e4realadel.","og_url":"https:\/\/ranoja.ee\/toode\/rtx2300-roto-cut-topeltteraga-loikuri-otsik\/","og_site_name":"Ranoja","article_publisher":"https:\/\/www.facebook.com\/ranoja.ee","article_modified_time":"2026-01-23T11:52:00+00:00","og_image":[{"width":800,"height":566,"url":"https:\/\/ranoja.ee\/wp-content\/uploads\/2025\/07\/RTX2300-ROTO-CUT-TOPELTTERAGA-LOIKURI-OTSIK.png","type":"image\/png"}],"twitter_card":"summary_large_image","twitter_misc":{"Est. reading time":"2 minutes"},"schema":{"@context":"https:\/\/schema.org","@graph":[{"@type":"WebPage","@id":"https:\/\/ranoja.ee\/toode\/rtx2300-roto-cut-topeltteraga-loikuri-otsik\/","url":"https:\/\/ranoja.ee\/toode\/rtx2300-roto-cut-topeltteraga-loikuri-otsik\/","name":"RTX2300 ROTO-CUT TOPELTTERAGA L\u00d5IKURI OTSIK","isPartOf":{"@id":"https:\/\/ranoja.ee\/#website"},"primaryImageOfPage":{"@id":"https:\/\/ranoja.ee\/toode\/rtx2300-roto-cut-topeltteraga-loikuri-otsik\/#primaryimage"},"image":{"@id":"https:\/\/ranoja.ee\/toode\/rtx2300-roto-cut-topeltteraga-loikuri-otsik\/#primaryimage"},"thumbnailUrl":"https:\/\/ranoja.ee\/wp-content\/uploads\/2025\/07\/RTX2300-ROTO-CUT-TOPELTTERAGA-LOIKURI-OTSIK.png","datePublished":"2025-07-31T11:43:24+00:00","dateModified":"2026-01-23T11:52:00+00:00","description":"RTX2300 ROTO-CUT TOPELTTERAGA L\u00d5IKURI OTSIK EGO Pro X Rotocut l\u00f5ikab h\u00f5lpsasti l\u00e4bi muru, umbrohu ja sambla betoonil, teedel ning \u00e4\u00e4realadel.","breadcrumb":{"@id":"https:\/\/ranoja.ee\/toode\/rtx2300-roto-cut-topeltteraga-loikuri-otsik\/#breadcrumb"},"inLanguage":"en-US","potentialAction":[{"@type":"ReadAction","target":["https:\/\/ranoja.ee\/toode\/rtx2300-roto-cut-topeltteraga-loikuri-otsik\/"]}]},{"@type":"ImageObject","inLanguage":"en-US","@id":"https:\/\/ranoja.ee\/toode\/rtx2300-roto-cut-topeltteraga-loikuri-otsik\/#primaryimage","url":"https:\/\/ranoja.ee\/wp-content\/uploads\/2025\/07\/RTX2300-ROTO-CUT-TOPELTTERAGA-LOIKURI-OTSIK.png","contentUrl":"https:\/\/ranoja.ee\/wp-content\/uploads\/2025\/07\/RTX2300-ROTO-CUT-TOPELTTERAGA-LOIKURI-OTSIK.png","width":800,"height":566,"caption":"RTX2300 ROTO-CUT TOPELTTERAGA L\u00d5IKURI OTSIK"},{"@type":"BreadcrumbList","@id":"https:\/\/ranoja.ee\/toode\/rtx2300-roto-cut-topeltteraga-loikuri-otsik\/#breadcrumb","itemListElement":[{"@type":"ListItem","position":1,"name":"Home","item":"https:\/\/ranoja.ee\/"},{"@type":"ListItem","position":2,"name":"Shop","item":"https:\/\/ranoja.ee\/en\/shop\/"},{"@type":"ListItem","position":3,"name":"RTX2300 ROTO-CUT TOPELTTERAGA L\u00d5IKURI OTSIK"}]},{"@type":"WebSite","@id":"https:\/\/ranoja.ee\/#website","url":"https:\/\/ranoja.ee\/","name":"Ranoja","description":"Equipment Shop WooCommerce WordPress Theme for Machine &amp; Tools","publisher":{"@id":"https:\/\/ranoja.ee\/#organization"},"potentialAction":[{"@type":"SearchAction","target":{"@type":"EntryPoint","urlTemplate":"https:\/\/ranoja.ee\/?s={search_term_string}"},"query-input":{"@type":"PropertyValueSpecification","valueRequired":true,"valueName":"search_term_string"}}],"inLanguage":"en-US"},{"@type":"Organization","@id":"https:\/\/ranoja.ee\/#organization","name":"Ranoja O\u00dc","url":"https:\/\/ranoja.ee\/","logo":{"@type":"ImageObject","inLanguage":"en-US","@id":"https:\/\/ranoja.ee\/#\/schema\/logo\/image\/","url":"https:\/\/ranoja.ee\/wp-content\/uploads\/2023\/11\/ranoja-Logo.png","contentUrl":"https:\/\/ranoja.ee\/wp-content\/uploads\/2023\/11\/ranoja-Logo.png","width":207,"height":58,"caption":"Ranoja O\u00dc"},"image":{"@id":"https:\/\/ranoja.ee\/#\/schema\/logo\/image\/"},"sameAs":["https:\/\/www.facebook.com\/ranoja.ee","https:\/\/www.instagram.com\/ranoja__\/"]}]}},"_links":{"self":[{"href":"https:\/\/ranoja.ee\/en\/wp-json\/wp\/v2\/product\/18855","targetHints":{"allow":["GET"]}}],"collection":[{"href":"https:\/\/ranoja.ee\/en\/wp-json\/wp\/v2\/product"}],"about":[{"href":"https:\/\/ranoja.ee\/en\/wp-json\/wp\/v2\/types\/product"}],"wp:featuredmedia":[{"embeddable":true,"href":"https:\/\/ranoja.ee\/en\/wp-json\/wp\/v2\/media\/18856"}],"wp:attachment":[{"href":"https:\/\/ranoja.ee\/en\/wp-json\/wp\/v2\/media?parent=18855"}],"wp:term":[{"taxonomy":"product_cat","embeddable":true,"href":"https:\/\/ranoja.ee\/en\/wp-json\/wp\/v2\/product_cat?post=18855"},{"taxonomy":"product_tag","embeddable":true,"href":"https:\/\/ranoja.ee\/en\/wp-json\/wp\/v2\/product_tag?post=18855"}],"curies":[{"name":"wp","href":"https:\/\/api.w.org\/{rel}","templated":true}]}}