{"id":18118,"date":"2025-07-22T16:34:42","date_gmt":"2025-07-22T13:34:42","guid":{"rendered":"https:\/\/ranoja.ee\/?post_type=product&#038;p=18118"},"modified":"2026-04-08T10:00:18","modified_gmt":"2026-04-08T07:00:18","slug":"laetav-akukompressor-konner-sohnen-ks-p20","status":"publish","type":"product","link":"https:\/\/ranoja.ee\/en\/toode\/laetav-akukompressor-konner-sohnen-ks-p20\/","title":{"rendered":"Laetav akukompressor K\u00f6nner &#038; S\u00f6hnen KS P20"},"content":{"rendered":"<p>Laetav akukompressor K\u00f6nner &#038; S\u00f6hnen KS P20<br \/>\nKS P20 akukompressor v\u00f5imaldab pumbata ilma vooluv\u00f5rku \u00fchendamata.<br \/>\nT\u00e4itmiskiirus kuni 23 liitrit minutis tagab kiire tulemuse.<br \/>\nSisseehitatud 6000 mAh aku ja ere LED-taskulamp pakuvad kompressori mugavat kasutamist k\u00f5ikjal.<br \/>\nDigitaalne ekraan 5 t\u00e4itmisre\u017eiimiga lihtsustab kasutamist ja j\u00e4lgimist.<br \/>\nKomplekt sisaldab kolme otsikut ja kuuln\u00f5ela, mis muudab kompressori mitmek\u00fclgseks ja sobib mitmesugusteks vajadusteks.<br \/>\nntegreeritud aku<br \/>\nSuure mahutavusega 6000 mAh integreeritud aku v\u00f5imaldab seadet kasutada asukohast ja t\u00e4iendavatest toiteallikatest s\u00f5ltumatult, mis t\u00e4hendab, et seda pole vaja autoakuga \u00fchendada. USB-v\u00e4ljund v\u00f5imaldab seadet kasutada vidinate laadimiseks.<br \/>\nLED-lamp<br \/>\nSeadmesse integreeritud ere lamp on kasulik pimeda v\u00f5i halvasti valgustatud t\u00f6\u00f6ala valgustamiseks.<br \/>\nOtsikud<br \/>\nKomplekt sisaldab 3 otsikut igasuguste rataste t\u00e4ispumpamiseks ja n\u00f5ela pallide (korvpallide, jalgpallide ja muude t\u00e4ispuhutavate veem\u00e4nguasjade) t\u00e4ispumpamiseks. See paindlikkus muudab need mugavaks vaba aja veetmiseks.<br \/>\nMaksimaalne automatiseeritus<br \/>\nKS P20 kompressor v\u00f5imaldab rehvid kiiresti t\u00e4is pumbata m\u00f5ne minutiga ilma toiteallikaga \u00fchendamiseta. Varustatud automaatse seiskamise funktsiooniga \u2013 katkestab \u00f5huvarustuse automaatselt seatud parameetrite saavutamisel.<br \/>\nDigitaalne ekraan<br \/>\nEkraan lihtsustab seadme kasutamist, v\u00f5imaldades teil igal ajal pumba parameetreid kontrollida. Seadmel on 5 pumbare\u017eiimi: \u2022 Spordivarustus (0\u20131,0 baari) \u2022 Jalgratas (0,1\u201310,3 baari) \u2022 Mootorratas (0,1\u20133,7 baari) \u2022 Auto (0,1\u20134,4 baari) \u2022 Kohandatud (0,1\u201310,3 baari)<br \/>\nLaetav akukompressor K\u00f6nner &#038; S\u00f6hnen KS P20 on usaldusv\u00e4\u00e4rne ja kompaktne seade, mis sobib ideaalselt autode, mootorrataste, jalgrataste ja muude v\u00e4iksemate t\u00e4ispumbatavate esemete kiireks t\u00e4itmiseks. T\u00f6\u00f6tab 12V sigaretis\u00fc\u00fctaja pistikust, mis teeb selle eriti mugavaks kasutamiseks teel olles. Kompressor suudab pakkuda kuni 10 baari (145 PSI) r\u00f5hku, v\u00f5imaldades rehvid kiiresti ja efektiivselt t\u00e4is pumbata. Seadmel on sisseehitatud analoogmanomeeter, mis v\u00f5imaldab t\u00e4pselt j\u00e4lgida rehvir\u00f5hku. Metallist silinder tagab t\u00f6\u00f6kindluse ja pikema eluea. Komplekti kuuluvad erinevad otsikud (pallidele, madratsitele jms) ning mugav kandekott, mis teeb hoiustamise ja kaasaskandmise lihtsaks. Kompaktne disain ja lihtne kasutamine teevad sellest kompressorist asendamatu abivahendi igale autojuhile. Ideaalne valik nii igap\u00e4evaseks kasutuseks kui ka h\u00e4daolukordadeks teel.<\/p>\n","protected":false},"excerpt":{"rendered":"<p>Laetav akukompressor K\u00f6nner &#038; S\u00f6hnen KS P20<br \/>\nNimiv\u00f5imsus: 120W<br \/>\nAku v\u00f5imsus: 3&#215;2000 mAh<br \/>\nMax. pneumaatiline r\u00f5hk: 150 PSI<br \/>\nKiirus: 23 l\/min<br \/>\nPidev t\u00f6\u00f6aeg: 8min<br \/>\nUSB output<br \/>\nSaadaval olevad \u00fchikud: PSI, BAR, KPA, kg\/cm\u00b2<br \/>\nLaadimis v\u00f5imsus: 5V<br \/>\nLaadimisaeg: 4-5h<br \/>\nSoovitatav t\u00f6\u00f6temperatuur: -10\u00b0\u0421 \u2026 +45\u00b0\u0421<br \/>\nLED-taskulamp<br \/>\nM\u00f5\u00f5tmed (P x L x K): 210x118x73mm<br \/>\nBrutokaal: 0,9kg<\/p>\n<p><strong>Seadme eeldatav tarneaeg 1-7 t\u00f6\u00f6p\u00e4eva<\/strong><\/p>\n","protected":false},"featured_media":18123,"template":"","meta":{"inline_featured_image":false},"product_cat":[1101,1090,120],"product_tag":[293,292,1813,1930,592],"class_list":{"0":"post-18118","1":"product","2":"type-product","3":"status-publish","4":"has-post-thumbnail","6":"product_brand-konner-sohnen","7":"product_cat-akukompressorid","8":"product_cat-ehitustehnika","9":"product_cat-kompressorid","10":"product_tag-akukompressor","11":"product_tag-kompressor","12":"product_tag-konner-sohnen","13":"product_tag-ks-p20","14":"product_tag-ohukompressor","16":"first","17":"outofstock","18":"taxable","19":"shipping-taxable","20":"purchasable","21":"product-type-simple"},"yoast_head":"<!-- This site is optimized with the Yoast SEO plugin v27.4 - https:\/\/yoast.com\/product\/yoast-seo-wordpress\/ -->\n<title>Laetav akukompressor K\u00f6nner &amp; S\u00f6hnen KS P20<\/title>\n<meta name=\"description\" content=\"Laetav akukompressor K\u00f6nner &amp; S\u00f6hnen KS P20, Aku v\u00f5imsus: 3x2000 mAh, Max. pneumaatiline r\u00f5hk: 150 PSI, Kiirus: 23 l\/min, Pidev t\u00f6\u00f6aeg: 8min, USB v\u00e4ljav\u00f5te.\" \/>\n<meta name=\"robots\" content=\"index, follow, max-snippet:-1, max-image-preview:large, max-video-preview:-1\" \/>\n<link rel=\"canonical\" href=\"https:\/\/ranoja.ee\/toode\/laetav-akukompressor-konner-sohnen-ks-p20\/\" \/>\n<meta property=\"og:locale\" content=\"en_US\" \/>\n<meta property=\"og:type\" content=\"article\" \/>\n<meta property=\"og:title\" content=\"Laetav akukompressor K\u00f6nner &amp; S\u00f6hnen KS P20\" \/>\n<meta property=\"og:description\" content=\"Laetav akukompressor K\u00f6nner &amp; S\u00f6hnen KS P20, Aku v\u00f5imsus: 3x2000 mAh, Max. pneumaatiline r\u00f5hk: 150 PSI, Kiirus: 23 l\/min, Pidev t\u00f6\u00f6aeg: 8min, USB v\u00e4ljav\u00f5te.\" \/>\n<meta property=\"og:url\" content=\"https:\/\/ranoja.ee\/toode\/laetav-akukompressor-konner-sohnen-ks-p20\/\" \/>\n<meta property=\"og:site_name\" content=\"Ranoja\" \/>\n<meta property=\"article:publisher\" content=\"https:\/\/www.facebook.com\/ranoja.ee\" \/>\n<meta property=\"article:modified_time\" content=\"2026-04-08T07:00:18+00:00\" \/>\n<meta property=\"og:image\" content=\"https:\/\/ranoja.ee\/wp-content\/uploads\/2025\/07\/Laetav-akukompressor-Konner-Sohnen-KS-P20.webp\" \/>\n\t<meta property=\"og:image:width\" content=\"1600\" \/>\n\t<meta property=\"og:image:height\" content=\"1200\" \/>\n\t<meta property=\"og:image:type\" content=\"image\/webp\" \/>\n<meta name=\"twitter:card\" content=\"summary_large_image\" \/>\n<meta name=\"twitter:label1\" content=\"Est. reading time\" \/>\n\t<meta name=\"twitter:data1\" content=\"2 minutes\" \/>\n<script type=\"application\/ld+json\" class=\"yoast-schema-graph\">{\"@context\":\"https:\\\/\\\/schema.org\",\"@graph\":[{\"@type\":\"WebPage\",\"@id\":\"https:\\\/\\\/ranoja.ee\\\/toode\\\/laetav-akukompressor-konner-sohnen-ks-p20\\\/\",\"url\":\"https:\\\/\\\/ranoja.ee\\\/toode\\\/laetav-akukompressor-konner-sohnen-ks-p20\\\/\",\"name\":\"Laetav akukompressor K\u00f6nner & S\u00f6hnen KS P20\",\"isPartOf\":{\"@id\":\"https:\\\/\\\/ranoja.ee\\\/#website\"},\"primaryImageOfPage\":{\"@id\":\"https:\\\/\\\/ranoja.ee\\\/toode\\\/laetav-akukompressor-konner-sohnen-ks-p20\\\/#primaryimage\"},\"image\":{\"@id\":\"https:\\\/\\\/ranoja.ee\\\/toode\\\/laetav-akukompressor-konner-sohnen-ks-p20\\\/#primaryimage\"},\"thumbnailUrl\":\"https:\\\/\\\/ranoja.ee\\\/wp-content\\\/uploads\\\/2025\\\/07\\\/Laetav-akukompressor-Konner-Sohnen-KS-P20.webp\",\"datePublished\":\"2025-07-22T13:34:42+00:00\",\"dateModified\":\"2026-04-08T07:00:18+00:00\",\"description\":\"Laetav akukompressor K\u00f6nner & S\u00f6hnen KS P20, Aku v\u00f5imsus: 3x2000 mAh, Max. pneumaatiline r\u00f5hk: 150 PSI, Kiirus: 23 l\\\/min, Pidev t\u00f6\u00f6aeg: 8min, USB v\u00e4ljav\u00f5te.\",\"breadcrumb\":{\"@id\":\"https:\\\/\\\/ranoja.ee\\\/toode\\\/laetav-akukompressor-konner-sohnen-ks-p20\\\/#breadcrumb\"},\"inLanguage\":\"en-US\",\"potentialAction\":[{\"@type\":\"ReadAction\",\"target\":[\"https:\\\/\\\/ranoja.ee\\\/toode\\\/laetav-akukompressor-konner-sohnen-ks-p20\\\/\"]}]},{\"@type\":\"ImageObject\",\"inLanguage\":\"en-US\",\"@id\":\"https:\\\/\\\/ranoja.ee\\\/toode\\\/laetav-akukompressor-konner-sohnen-ks-p20\\\/#primaryimage\",\"url\":\"https:\\\/\\\/ranoja.ee\\\/wp-content\\\/uploads\\\/2025\\\/07\\\/Laetav-akukompressor-Konner-Sohnen-KS-P20.webp\",\"contentUrl\":\"https:\\\/\\\/ranoja.ee\\\/wp-content\\\/uploads\\\/2025\\\/07\\\/Laetav-akukompressor-Konner-Sohnen-KS-P20.webp\",\"width\":1600,\"height\":1200,\"caption\":\"Laetav akukompressor K\u00f6nner & S\u00f6hnen KS P20\"},{\"@type\":\"BreadcrumbList\",\"@id\":\"https:\\\/\\\/ranoja.ee\\\/toode\\\/laetav-akukompressor-konner-sohnen-ks-p20\\\/#breadcrumb\",\"itemListElement\":[{\"@type\":\"ListItem\",\"position\":1,\"name\":\"Home\",\"item\":\"https:\\\/\\\/ranoja.ee\\\/\"},{\"@type\":\"ListItem\",\"position\":2,\"name\":\"Shop\",\"item\":\"https:\\\/\\\/ranoja.ee\\\/en\\\/shop\\\/\"},{\"@type\":\"ListItem\",\"position\":3,\"name\":\"Laetav akukompressor K\u00f6nner &#038; S\u00f6hnen KS P20\"}]},{\"@type\":\"WebSite\",\"@id\":\"https:\\\/\\\/ranoja.ee\\\/#website\",\"url\":\"https:\\\/\\\/ranoja.ee\\\/\",\"name\":\"Ranoja\",\"description\":\"Equipment Shop WooCommerce WordPress Theme for Machine &amp; Tools\",\"publisher\":{\"@id\":\"https:\\\/\\\/ranoja.ee\\\/#organization\"},\"potentialAction\":[{\"@type\":\"SearchAction\",\"target\":{\"@type\":\"EntryPoint\",\"urlTemplate\":\"https:\\\/\\\/ranoja.ee\\\/?s={search_term_string}\"},\"query-input\":{\"@type\":\"PropertyValueSpecification\",\"valueRequired\":true,\"valueName\":\"search_term_string\"}}],\"inLanguage\":\"en-US\"},{\"@type\":\"Organization\",\"@id\":\"https:\\\/\\\/ranoja.ee\\\/#organization\",\"name\":\"Ranoja O\u00dc\",\"url\":\"https:\\\/\\\/ranoja.ee\\\/\",\"logo\":{\"@type\":\"ImageObject\",\"inLanguage\":\"en-US\",\"@id\":\"https:\\\/\\\/ranoja.ee\\\/#\\\/schema\\\/logo\\\/image\\\/\",\"url\":\"https:\\\/\\\/ranoja.ee\\\/wp-content\\\/uploads\\\/2023\\\/11\\\/ranoja-Logo.png\",\"contentUrl\":\"https:\\\/\\\/ranoja.ee\\\/wp-content\\\/uploads\\\/2023\\\/11\\\/ranoja-Logo.png\",\"width\":207,\"height\":58,\"caption\":\"Ranoja O\u00dc\"},\"image\":{\"@id\":\"https:\\\/\\\/ranoja.ee\\\/#\\\/schema\\\/logo\\\/image\\\/\"},\"sameAs\":[\"https:\\\/\\\/www.facebook.com\\\/ranoja.ee\",\"https:\\\/\\\/www.instagram.com\\\/ranoja__\\\/\"]}]}<\/script>\n<!-- \/ Yoast SEO plugin. -->","yoast_head_json":{"title":"Laetav akukompressor K\u00f6nner & S\u00f6hnen KS P20","description":"Laetav akukompressor K\u00f6nner & S\u00f6hnen KS P20, Aku v\u00f5imsus: 3x2000 mAh, Max. pneumaatiline r\u00f5hk: 150 PSI, Kiirus: 23 l\/min, Pidev t\u00f6\u00f6aeg: 8min, USB v\u00e4ljav\u00f5te.","robots":{"index":"index","follow":"follow","max-snippet":"max-snippet:-1","max-image-preview":"max-image-preview:large","max-video-preview":"max-video-preview:-1"},"canonical":"https:\/\/ranoja.ee\/toode\/laetav-akukompressor-konner-sohnen-ks-p20\/","og_locale":"en_US","og_type":"article","og_title":"Laetav akukompressor K\u00f6nner & S\u00f6hnen KS P20","og_description":"Laetav akukompressor K\u00f6nner & S\u00f6hnen KS P20, Aku v\u00f5imsus: 3x2000 mAh, Max. pneumaatiline r\u00f5hk: 150 PSI, Kiirus: 23 l\/min, Pidev t\u00f6\u00f6aeg: 8min, USB v\u00e4ljav\u00f5te.","og_url":"https:\/\/ranoja.ee\/toode\/laetav-akukompressor-konner-sohnen-ks-p20\/","og_site_name":"Ranoja","article_publisher":"https:\/\/www.facebook.com\/ranoja.ee","article_modified_time":"2026-04-08T07:00:18+00:00","og_image":[{"width":1600,"height":1200,"url":"https:\/\/ranoja.ee\/wp-content\/uploads\/2025\/07\/Laetav-akukompressor-Konner-Sohnen-KS-P20.webp","type":"image\/webp"}],"twitter_card":"summary_large_image","twitter_misc":{"Est. reading time":"2 minutes"},"schema":{"@context":"https:\/\/schema.org","@graph":[{"@type":"WebPage","@id":"https:\/\/ranoja.ee\/toode\/laetav-akukompressor-konner-sohnen-ks-p20\/","url":"https:\/\/ranoja.ee\/toode\/laetav-akukompressor-konner-sohnen-ks-p20\/","name":"Laetav akukompressor K\u00f6nner & S\u00f6hnen KS P20","isPartOf":{"@id":"https:\/\/ranoja.ee\/#website"},"primaryImageOfPage":{"@id":"https:\/\/ranoja.ee\/toode\/laetav-akukompressor-konner-sohnen-ks-p20\/#primaryimage"},"image":{"@id":"https:\/\/ranoja.ee\/toode\/laetav-akukompressor-konner-sohnen-ks-p20\/#primaryimage"},"thumbnailUrl":"https:\/\/ranoja.ee\/wp-content\/uploads\/2025\/07\/Laetav-akukompressor-Konner-Sohnen-KS-P20.webp","datePublished":"2025-07-22T13:34:42+00:00","dateModified":"2026-04-08T07:00:18+00:00","description":"Laetav akukompressor K\u00f6nner & S\u00f6hnen KS P20, Aku v\u00f5imsus: 3x2000 mAh, Max. pneumaatiline r\u00f5hk: 150 PSI, Kiirus: 23 l\/min, Pidev t\u00f6\u00f6aeg: 8min, USB v\u00e4ljav\u00f5te.","breadcrumb":{"@id":"https:\/\/ranoja.ee\/toode\/laetav-akukompressor-konner-sohnen-ks-p20\/#breadcrumb"},"inLanguage":"en-US","potentialAction":[{"@type":"ReadAction","target":["https:\/\/ranoja.ee\/toode\/laetav-akukompressor-konner-sohnen-ks-p20\/"]}]},{"@type":"ImageObject","inLanguage":"en-US","@id":"https:\/\/ranoja.ee\/toode\/laetav-akukompressor-konner-sohnen-ks-p20\/#primaryimage","url":"https:\/\/ranoja.ee\/wp-content\/uploads\/2025\/07\/Laetav-akukompressor-Konner-Sohnen-KS-P20.webp","contentUrl":"https:\/\/ranoja.ee\/wp-content\/uploads\/2025\/07\/Laetav-akukompressor-Konner-Sohnen-KS-P20.webp","width":1600,"height":1200,"caption":"Laetav akukompressor K\u00f6nner & S\u00f6hnen KS P20"},{"@type":"BreadcrumbList","@id":"https:\/\/ranoja.ee\/toode\/laetav-akukompressor-konner-sohnen-ks-p20\/#breadcrumb","itemListElement":[{"@type":"ListItem","position":1,"name":"Home","item":"https:\/\/ranoja.ee\/"},{"@type":"ListItem","position":2,"name":"Shop","item":"https:\/\/ranoja.ee\/en\/shop\/"},{"@type":"ListItem","position":3,"name":"Laetav akukompressor K\u00f6nner &#038; S\u00f6hnen KS P20"}]},{"@type":"WebSite","@id":"https:\/\/ranoja.ee\/#website","url":"https:\/\/ranoja.ee\/","name":"Ranoja","description":"Equipment Shop WooCommerce WordPress Theme for Machine &amp; Tools","publisher":{"@id":"https:\/\/ranoja.ee\/#organization"},"potentialAction":[{"@type":"SearchAction","target":{"@type":"EntryPoint","urlTemplate":"https:\/\/ranoja.ee\/?s={search_term_string}"},"query-input":{"@type":"PropertyValueSpecification","valueRequired":true,"valueName":"search_term_string"}}],"inLanguage":"en-US"},{"@type":"Organization","@id":"https:\/\/ranoja.ee\/#organization","name":"Ranoja O\u00dc","url":"https:\/\/ranoja.ee\/","logo":{"@type":"ImageObject","inLanguage":"en-US","@id":"https:\/\/ranoja.ee\/#\/schema\/logo\/image\/","url":"https:\/\/ranoja.ee\/wp-content\/uploads\/2023\/11\/ranoja-Logo.png","contentUrl":"https:\/\/ranoja.ee\/wp-content\/uploads\/2023\/11\/ranoja-Logo.png","width":207,"height":58,"caption":"Ranoja O\u00dc"},"image":{"@id":"https:\/\/ranoja.ee\/#\/schema\/logo\/image\/"},"sameAs":["https:\/\/www.facebook.com\/ranoja.ee","https:\/\/www.instagram.com\/ranoja__\/"]}]}},"_links":{"self":[{"href":"https:\/\/ranoja.ee\/en\/wp-json\/wp\/v2\/product\/18118","targetHints":{"allow":["GET"]}}],"collection":[{"href":"https:\/\/ranoja.ee\/en\/wp-json\/wp\/v2\/product"}],"about":[{"href":"https:\/\/ranoja.ee\/en\/wp-json\/wp\/v2\/types\/product"}],"wp:featuredmedia":[{"embeddable":true,"href":"https:\/\/ranoja.ee\/en\/wp-json\/wp\/v2\/media\/18123"}],"wp:attachment":[{"href":"https:\/\/ranoja.ee\/en\/wp-json\/wp\/v2\/media?parent=18118"}],"wp:term":[{"taxonomy":"product_cat","embeddable":true,"href":"https:\/\/ranoja.ee\/en\/wp-json\/wp\/v2\/product_cat?post=18118"},{"taxonomy":"product_tag","embeddable":true,"href":"https:\/\/ranoja.ee\/en\/wp-json\/wp\/v2\/product_tag?post=18118"}],"curies":[{"name":"wp","href":"https:\/\/api.w.org\/{rel}","templated":true}]}}