{"id":18103,"date":"2025-07-22T16:02:46","date_gmt":"2025-07-22T13:02:46","guid":{"rendered":"https:\/\/ranoja.ee\/?post_type=product&#038;p=18103"},"modified":"2026-04-08T10:00:18","modified_gmt":"2026-04-08T07:00:18","slug":"autokompressor-konner-sohnen-ks-p10","status":"publish","type":"product","link":"https:\/\/ranoja.ee\/en\/toode\/autokompressor-konner-sohnen-ks-p10\/","title":{"rendered":"Autokompressor K\u00f6nner &#038; S\u00f6hnen KS P10"},"content":{"rendered":"<p>Autokompressor K\u00f6nner &#038; S\u00f6hnen KS P10<br \/>\nVarustatud automaatse seiskamise funktsiooniga \u2013 \u00f5huvarustus katkeb automaatselt seatud parameetrite saavutamisel. Sellel on piisavalt pikk kaabel \u2013 3 m \u2013 mugavaks kasutamiseks.<br \/>\nSuuremahuline re\u017eiim<br \/>\nKompressoril on k\u00f5rgsurvevoolik, suure voolumahuga voolik ja suure vooluhulgaga kooniline otsik, mis v\u00f5imaldab suure mahutavusega esemete, n\u00e4iteks t\u00e4ispuhutavate paatide, basseinide jms kiiret t\u00e4itmist.<br \/>\nDigitaalne ekraan<br \/>\nEkraan lihtsustab seadme kasutamist, v\u00f5imaldades reaalajas vaadata t\u00e4itmisparameetreid valitud m\u00f5\u00f5t\u00fchikutes.<br \/>\nTaskulamp<br \/>\nIntegreeritud ere taskulamp korpusel on mugav, kui teil on vaja t\u00f6\u00f6ala valgustada pimedas v\u00f5i halbades valgustingimustes. Sellel on pidev valgus ja vilkuv re\u017eiim.<br \/>\nOtsikud<br \/>\nKomplekt sisaldab 3 adapterotsikut igat t\u00fc\u00fcpi rataste (auto ja mootorratta, jalgratta, lapsevankri, aia- ja ehitusk\u00e4ru jne) t\u00e4ispumpamiseks ning n\u00f5ela pallide, ujumism\u00e4nguasjade, vestide ja muude t\u00e4ispuhutavate toodete t\u00e4ispumpamiseks, muutes need mugavaks aktiivseks vaba aja veetmiseks.<br \/>\nErgonoomilised m\u00f5\u00f5tmed<br \/>\nKompressori disain on hoolikalt v\u00e4lja t\u00f6\u00f6tatud mugava kasutamise tagamiseks, tagades stabiilse paigutuse t\u00f6\u00f6pinnal. Sellel on mugav k\u00e4epide mugavaks kandmiseks.<\/p>\n<p>Autokompressor K\u00f6nner &#038; S\u00f6hnen KS P10 on usaldusv\u00e4\u00e4rne ja kompaktne seade, mis sobib ideaalselt autode, mootorrataste, jalgrataste ja muude v\u00e4iksemate t\u00e4ispumbatavate esemete kiireks t\u00e4itmiseks. T\u00f6\u00f6tab 12V sigaretis\u00fc\u00fctaja pistikust, mis teeb selle eriti mugavaks kasutamiseks teel olles. Kompressor suudab pakkuda kuni 10 baari (145 PSI) r\u00f5hku, v\u00f5imaldades rehvid kiiresti ja efektiivselt t\u00e4is pumbata. Seadmel on sisseehitatud analoogmanomeeter, mis v\u00f5imaldab t\u00e4pselt j\u00e4lgida rehvir\u00f5hku. Metallist silinder tagab t\u00f6\u00f6kindluse ja pikema eluea. Komplekti kuuluvad erinevad otsikud (pallidele, madratsitele jms) ning mugav kandekott, mis teeb hoiustamise ja kaasaskandmise lihtsaks. Kompaktne disain ja lihtne kasutamine teevad sellest kompressorist asendamatu abivahendi igale autojuhile. Ideaalne valik nii igap\u00e4evaseks kasutuseks kui ka h\u00e4daolukordadeks teel.<\/p>\n","protected":false},"excerpt":{"rendered":"<p>Autokompressor K\u00f6nner &#038; S\u00f6hnen KS P10<br \/>\nNimiv\u00f5imsus: 120W<br \/>\nMax. pneumaatiline r\u00f5hk: 150 PSI<br \/>\nKiirus: 25 l\/min<br \/>\nKaabli pikkus: 3m (12 V)<br \/>\nSaadaval olevad \u00fchikud: BAR<br \/>\nLED-taskulamp<br \/>\nM\u00f5\u00f5tmed (P x L x K): 190x160x70mm<br \/>\nBrutokaal: 1,4kg<\/p>\n<p><strong>Seadme eeldatav tarneaeg 1-7 t\u00f6\u00f6p\u00e4eva<\/strong><\/p>\n","protected":false},"featured_media":18110,"template":"","meta":{"inline_featured_image":false},"product_cat":[1090,120],"product_tag":[1929,292,1813,1928,1927,592],"class_list":{"0":"post-18103","1":"product","2":"type-product","3":"status-publish","4":"has-post-thumbnail","6":"product_brand-konner-sohnen","7":"product_cat-ehitustehnika","8":"product_cat-kompressorid","9":"product_tag-autokompressor","10":"product_tag-kompressor","11":"product_tag-konner-sohnen","12":"product_tag-ks-p10","13":"product_tag-ks-p30","14":"product_tag-ohukompressor","16":"first","17":"outofstock","18":"taxable","19":"shipping-taxable","20":"purchasable","21":"product-type-simple"},"yoast_head":"<!-- This site is optimized with the Yoast SEO plugin v27.4 - https:\/\/yoast.com\/product\/yoast-seo-wordpress\/ -->\n<title>Autokompressor K\u00f6nner &amp; S\u00f6hnen KS P10<\/title>\n<meta name=\"description\" content=\"Autokompressor K\u00f6nner &amp; S\u00f6hnen KS P10, Nimiv\u00f5imsus: 120W, Max. pneumaatiline r\u00f5hk: 150 PSI, Kiirus: 25 l\/min, Saadaval olevad \u00fchikud: BAR, LED-taskulamp.\" \/>\n<meta name=\"robots\" content=\"index, follow, max-snippet:-1, max-image-preview:large, max-video-preview:-1\" \/>\n<link rel=\"canonical\" href=\"https:\/\/ranoja.ee\/toode\/autokompressor-konner-sohnen-ks-p10\/\" \/>\n<meta property=\"og:locale\" content=\"en_US\" \/>\n<meta property=\"og:type\" content=\"article\" \/>\n<meta property=\"og:title\" content=\"Autokompressor K\u00f6nner &amp; S\u00f6hnen KS P10\" \/>\n<meta property=\"og:description\" content=\"Autokompressor K\u00f6nner &amp; S\u00f6hnen KS P10, Nimiv\u00f5imsus: 120W, Max. pneumaatiline r\u00f5hk: 150 PSI, Kiirus: 25 l\/min, Saadaval olevad \u00fchikud: BAR, LED-taskulamp.\" \/>\n<meta property=\"og:url\" content=\"https:\/\/ranoja.ee\/toode\/autokompressor-konner-sohnen-ks-p10\/\" \/>\n<meta property=\"og:site_name\" content=\"Ranoja\" \/>\n<meta property=\"article:publisher\" content=\"https:\/\/www.facebook.com\/ranoja.ee\" \/>\n<meta property=\"article:modified_time\" content=\"2026-04-08T07:00:18+00:00\" \/>\n<meta property=\"og:image\" content=\"https:\/\/ranoja.ee\/wp-content\/uploads\/2025\/07\/Autokompressor-Konner-Sohnen-KS-P10.webp\" \/>\n\t<meta property=\"og:image:width\" content=\"1600\" \/>\n\t<meta property=\"og:image:height\" content=\"1200\" \/>\n\t<meta property=\"og:image:type\" content=\"image\/webp\" \/>\n<meta name=\"twitter:card\" content=\"summary_large_image\" \/>\n<meta name=\"twitter:label1\" content=\"Est. reading time\" \/>\n\t<meta name=\"twitter:data1\" content=\"2 minutes\" \/>\n<script type=\"application\/ld+json\" class=\"yoast-schema-graph\">{\"@context\":\"https:\\\/\\\/schema.org\",\"@graph\":[{\"@type\":\"WebPage\",\"@id\":\"https:\\\/\\\/ranoja.ee\\\/toode\\\/autokompressor-konner-sohnen-ks-p10\\\/\",\"url\":\"https:\\\/\\\/ranoja.ee\\\/toode\\\/autokompressor-konner-sohnen-ks-p10\\\/\",\"name\":\"Autokompressor K\u00f6nner & S\u00f6hnen KS P10\",\"isPartOf\":{\"@id\":\"https:\\\/\\\/ranoja.ee\\\/#website\"},\"primaryImageOfPage\":{\"@id\":\"https:\\\/\\\/ranoja.ee\\\/toode\\\/autokompressor-konner-sohnen-ks-p10\\\/#primaryimage\"},\"image\":{\"@id\":\"https:\\\/\\\/ranoja.ee\\\/toode\\\/autokompressor-konner-sohnen-ks-p10\\\/#primaryimage\"},\"thumbnailUrl\":\"https:\\\/\\\/ranoja.ee\\\/wp-content\\\/uploads\\\/2025\\\/07\\\/Autokompressor-Konner-Sohnen-KS-P10.webp\",\"datePublished\":\"2025-07-22T13:02:46+00:00\",\"dateModified\":\"2026-04-08T07:00:18+00:00\",\"description\":\"Autokompressor K\u00f6nner & S\u00f6hnen KS P10, Nimiv\u00f5imsus: 120W, Max. pneumaatiline r\u00f5hk: 150 PSI, Kiirus: 25 l\\\/min, Saadaval olevad \u00fchikud: BAR, LED-taskulamp.\",\"breadcrumb\":{\"@id\":\"https:\\\/\\\/ranoja.ee\\\/toode\\\/autokompressor-konner-sohnen-ks-p10\\\/#breadcrumb\"},\"inLanguage\":\"en-US\",\"potentialAction\":[{\"@type\":\"ReadAction\",\"target\":[\"https:\\\/\\\/ranoja.ee\\\/toode\\\/autokompressor-konner-sohnen-ks-p10\\\/\"]}]},{\"@type\":\"ImageObject\",\"inLanguage\":\"en-US\",\"@id\":\"https:\\\/\\\/ranoja.ee\\\/toode\\\/autokompressor-konner-sohnen-ks-p10\\\/#primaryimage\",\"url\":\"https:\\\/\\\/ranoja.ee\\\/wp-content\\\/uploads\\\/2025\\\/07\\\/Autokompressor-Konner-Sohnen-KS-P10.webp\",\"contentUrl\":\"https:\\\/\\\/ranoja.ee\\\/wp-content\\\/uploads\\\/2025\\\/07\\\/Autokompressor-Konner-Sohnen-KS-P10.webp\",\"width\":1600,\"height\":1200,\"caption\":\"Autokompressor K\u00f6nner & S\u00f6hnen KS P10\"},{\"@type\":\"BreadcrumbList\",\"@id\":\"https:\\\/\\\/ranoja.ee\\\/toode\\\/autokompressor-konner-sohnen-ks-p10\\\/#breadcrumb\",\"itemListElement\":[{\"@type\":\"ListItem\",\"position\":1,\"name\":\"Home\",\"item\":\"https:\\\/\\\/ranoja.ee\\\/\"},{\"@type\":\"ListItem\",\"position\":2,\"name\":\"Shop\",\"item\":\"https:\\\/\\\/ranoja.ee\\\/en\\\/shop\\\/\"},{\"@type\":\"ListItem\",\"position\":3,\"name\":\"Autokompressor K\u00f6nner &#038; S\u00f6hnen KS P10\"}]},{\"@type\":\"WebSite\",\"@id\":\"https:\\\/\\\/ranoja.ee\\\/#website\",\"url\":\"https:\\\/\\\/ranoja.ee\\\/\",\"name\":\"Ranoja\",\"description\":\"Equipment Shop WooCommerce WordPress Theme for Machine &amp; Tools\",\"publisher\":{\"@id\":\"https:\\\/\\\/ranoja.ee\\\/#organization\"},\"potentialAction\":[{\"@type\":\"SearchAction\",\"target\":{\"@type\":\"EntryPoint\",\"urlTemplate\":\"https:\\\/\\\/ranoja.ee\\\/?s={search_term_string}\"},\"query-input\":{\"@type\":\"PropertyValueSpecification\",\"valueRequired\":true,\"valueName\":\"search_term_string\"}}],\"inLanguage\":\"en-US\"},{\"@type\":\"Organization\",\"@id\":\"https:\\\/\\\/ranoja.ee\\\/#organization\",\"name\":\"Ranoja O\u00dc\",\"url\":\"https:\\\/\\\/ranoja.ee\\\/\",\"logo\":{\"@type\":\"ImageObject\",\"inLanguage\":\"en-US\",\"@id\":\"https:\\\/\\\/ranoja.ee\\\/#\\\/schema\\\/logo\\\/image\\\/\",\"url\":\"https:\\\/\\\/ranoja.ee\\\/wp-content\\\/uploads\\\/2023\\\/11\\\/ranoja-Logo.png\",\"contentUrl\":\"https:\\\/\\\/ranoja.ee\\\/wp-content\\\/uploads\\\/2023\\\/11\\\/ranoja-Logo.png\",\"width\":207,\"height\":58,\"caption\":\"Ranoja O\u00dc\"},\"image\":{\"@id\":\"https:\\\/\\\/ranoja.ee\\\/#\\\/schema\\\/logo\\\/image\\\/\"},\"sameAs\":[\"https:\\\/\\\/www.facebook.com\\\/ranoja.ee\",\"https:\\\/\\\/www.instagram.com\\\/ranoja__\\\/\"]}]}<\/script>\n<!-- \/ Yoast SEO plugin. -->","yoast_head_json":{"title":"Autokompressor K\u00f6nner & S\u00f6hnen KS P10","description":"Autokompressor K\u00f6nner & S\u00f6hnen KS P10, Nimiv\u00f5imsus: 120W, Max. pneumaatiline r\u00f5hk: 150 PSI, Kiirus: 25 l\/min, Saadaval olevad \u00fchikud: BAR, LED-taskulamp.","robots":{"index":"index","follow":"follow","max-snippet":"max-snippet:-1","max-image-preview":"max-image-preview:large","max-video-preview":"max-video-preview:-1"},"canonical":"https:\/\/ranoja.ee\/toode\/autokompressor-konner-sohnen-ks-p10\/","og_locale":"en_US","og_type":"article","og_title":"Autokompressor K\u00f6nner & S\u00f6hnen KS P10","og_description":"Autokompressor K\u00f6nner & S\u00f6hnen KS P10, Nimiv\u00f5imsus: 120W, Max. pneumaatiline r\u00f5hk: 150 PSI, Kiirus: 25 l\/min, Saadaval olevad \u00fchikud: BAR, LED-taskulamp.","og_url":"https:\/\/ranoja.ee\/toode\/autokompressor-konner-sohnen-ks-p10\/","og_site_name":"Ranoja","article_publisher":"https:\/\/www.facebook.com\/ranoja.ee","article_modified_time":"2026-04-08T07:00:18+00:00","og_image":[{"width":1600,"height":1200,"url":"https:\/\/ranoja.ee\/wp-content\/uploads\/2025\/07\/Autokompressor-Konner-Sohnen-KS-P10.webp","type":"image\/webp"}],"twitter_card":"summary_large_image","twitter_misc":{"Est. reading time":"2 minutes"},"schema":{"@context":"https:\/\/schema.org","@graph":[{"@type":"WebPage","@id":"https:\/\/ranoja.ee\/toode\/autokompressor-konner-sohnen-ks-p10\/","url":"https:\/\/ranoja.ee\/toode\/autokompressor-konner-sohnen-ks-p10\/","name":"Autokompressor K\u00f6nner & S\u00f6hnen KS P10","isPartOf":{"@id":"https:\/\/ranoja.ee\/#website"},"primaryImageOfPage":{"@id":"https:\/\/ranoja.ee\/toode\/autokompressor-konner-sohnen-ks-p10\/#primaryimage"},"image":{"@id":"https:\/\/ranoja.ee\/toode\/autokompressor-konner-sohnen-ks-p10\/#primaryimage"},"thumbnailUrl":"https:\/\/ranoja.ee\/wp-content\/uploads\/2025\/07\/Autokompressor-Konner-Sohnen-KS-P10.webp","datePublished":"2025-07-22T13:02:46+00:00","dateModified":"2026-04-08T07:00:18+00:00","description":"Autokompressor K\u00f6nner & S\u00f6hnen KS P10, Nimiv\u00f5imsus: 120W, Max. pneumaatiline r\u00f5hk: 150 PSI, Kiirus: 25 l\/min, Saadaval olevad \u00fchikud: BAR, LED-taskulamp.","breadcrumb":{"@id":"https:\/\/ranoja.ee\/toode\/autokompressor-konner-sohnen-ks-p10\/#breadcrumb"},"inLanguage":"en-US","potentialAction":[{"@type":"ReadAction","target":["https:\/\/ranoja.ee\/toode\/autokompressor-konner-sohnen-ks-p10\/"]}]},{"@type":"ImageObject","inLanguage":"en-US","@id":"https:\/\/ranoja.ee\/toode\/autokompressor-konner-sohnen-ks-p10\/#primaryimage","url":"https:\/\/ranoja.ee\/wp-content\/uploads\/2025\/07\/Autokompressor-Konner-Sohnen-KS-P10.webp","contentUrl":"https:\/\/ranoja.ee\/wp-content\/uploads\/2025\/07\/Autokompressor-Konner-Sohnen-KS-P10.webp","width":1600,"height":1200,"caption":"Autokompressor K\u00f6nner & S\u00f6hnen KS P10"},{"@type":"BreadcrumbList","@id":"https:\/\/ranoja.ee\/toode\/autokompressor-konner-sohnen-ks-p10\/#breadcrumb","itemListElement":[{"@type":"ListItem","position":1,"name":"Home","item":"https:\/\/ranoja.ee\/"},{"@type":"ListItem","position":2,"name":"Shop","item":"https:\/\/ranoja.ee\/en\/shop\/"},{"@type":"ListItem","position":3,"name":"Autokompressor K\u00f6nner &#038; S\u00f6hnen KS P10"}]},{"@type":"WebSite","@id":"https:\/\/ranoja.ee\/#website","url":"https:\/\/ranoja.ee\/","name":"Ranoja","description":"Equipment Shop WooCommerce WordPress Theme for Machine &amp; Tools","publisher":{"@id":"https:\/\/ranoja.ee\/#organization"},"potentialAction":[{"@type":"SearchAction","target":{"@type":"EntryPoint","urlTemplate":"https:\/\/ranoja.ee\/?s={search_term_string}"},"query-input":{"@type":"PropertyValueSpecification","valueRequired":true,"valueName":"search_term_string"}}],"inLanguage":"en-US"},{"@type":"Organization","@id":"https:\/\/ranoja.ee\/#organization","name":"Ranoja O\u00dc","url":"https:\/\/ranoja.ee\/","logo":{"@type":"ImageObject","inLanguage":"en-US","@id":"https:\/\/ranoja.ee\/#\/schema\/logo\/image\/","url":"https:\/\/ranoja.ee\/wp-content\/uploads\/2023\/11\/ranoja-Logo.png","contentUrl":"https:\/\/ranoja.ee\/wp-content\/uploads\/2023\/11\/ranoja-Logo.png","width":207,"height":58,"caption":"Ranoja O\u00dc"},"image":{"@id":"https:\/\/ranoja.ee\/#\/schema\/logo\/image\/"},"sameAs":["https:\/\/www.facebook.com\/ranoja.ee","https:\/\/www.instagram.com\/ranoja__\/"]}]}},"_links":{"self":[{"href":"https:\/\/ranoja.ee\/en\/wp-json\/wp\/v2\/product\/18103","targetHints":{"allow":["GET"]}}],"collection":[{"href":"https:\/\/ranoja.ee\/en\/wp-json\/wp\/v2\/product"}],"about":[{"href":"https:\/\/ranoja.ee\/en\/wp-json\/wp\/v2\/types\/product"}],"wp:featuredmedia":[{"embeddable":true,"href":"https:\/\/ranoja.ee\/en\/wp-json\/wp\/v2\/media\/18110"}],"wp:attachment":[{"href":"https:\/\/ranoja.ee\/en\/wp-json\/wp\/v2\/media?parent=18103"}],"wp:term":[{"taxonomy":"product_cat","embeddable":true,"href":"https:\/\/ranoja.ee\/en\/wp-json\/wp\/v2\/product_cat?post=18103"},{"taxonomy":"product_tag","embeddable":true,"href":"https:\/\/ranoja.ee\/en\/wp-json\/wp\/v2\/product_tag?post=18103"}],"curies":[{"name":"wp","href":"https:\/\/api.w.org\/{rel}","templated":true}]}}