{"id":17706,"date":"2025-07-17T13:11:03","date_gmt":"2025-07-17T10:11:03","guid":{"rendered":"https:\/\/ranoja.ee\/?post_type=product&#038;p=17706"},"modified":"2025-12-12T14:50:28","modified_gmt":"2025-12-12T11:50:28","slug":"kaabliotsija-lokaator-mastech-ms6818","status":"publish","type":"product","link":"https:\/\/ranoja.ee\/en\/toode\/kaabliotsija-lokaator-mastech-ms6818\/","title":{"rendered":"Kaabliotsija lokaator Mastech MS6818"},"content":{"rendered":"<p>Kaabliotsija lokaator Mastech MS6818<\/p>\n<p>MASTECH MS6818 kaablij\u00e4lgija: t\u00e4iustatud kaablite testimise ja rikete leidmise seade.<\/p>\n<p>MASTECH MS6818 on professionaalse kvaliteediga kaablij\u00e4lgija, mis on loodud kaablite v\u00f5i juhtmete tuvastamiseks ja j\u00e4lgimiseks r\u00fchmas ning avatud v\u00f5i l\u00fchise diagnoosimiseks. <\/p>\n<p>Oma vastupidava konstruktsiooni ja t\u00e4iustatud funktsioonidega tagab MS6818 t\u00e4pse ja t\u00f5husa t\u00f5rkeotsingu nii professionaalidele kui ka isetegijatele.<\/p>\n<p>Peamised omadused:<\/p>\n<p>Mitmefunktsionaalne kaablij\u00e4lgimine: tuvastab ja j\u00e4lgib r\u00fchmas olevaid kaableid ja juhtmeid ning diagnoosib rikkeid, n\u00e4iteks avatud v\u00f5i l\u00fchise.<br \/>\nReguleeritav tundlikkus: v\u00f5imaldab kasutajatel tundlikkust reguleerida t\u00e4pseks kaabli tuvastamiseks erinevates keskkondades.<br \/>\nTaustvalgustus ja t\u00f6\u00f6valgus: h\u00f5lpsasti loetav ekraan h\u00e4maras keskkonnas.<\/p>\n<p>Ohutussertifikaat: CAT III 300V sertifikaadid tagavad ohutu t\u00f6\u00f6.<br \/>\nLisafunktsioonid: sisaldab sisseehitatud k\u00f5larit heli tagasiside saamiseks, LED-indikaatoreid visuaalseks kinnituseks ja automaatset v\u00e4ljal\u00fclitust.<br \/>\nSpetsifikatsioonid:<\/p>\n<p>Saatja tehnilised parameetrid<\/p>\n<p>V\u00e4ljundsignaal: 125 kHz<\/p>\n<p>V\u00e4lispinge: DC 12~400 V \/ AC 12~400 V (50~60 Hz); \u00b12,5%<\/p>\n<p>Kaitsme: F0,5 A 1000 V<\/p>\n<p>Min\/Max voolutugevus: umbes 31 mA \/ 115 A<br \/>\nVastuv\u00f5tja tehnilised parameetrid<br \/>\n\u00dchepooluseline: umbes 0~2 m<br \/>\nKahepooluseline: umbes 0~0,5 m<br \/>\n\u00dchekordne silmus: joone pikkus kuni 2,5 m<br \/>\nJ\u00e4lgimise s\u00fcgavus: j\u00e4lgimise s\u00fcgavus s\u00f5ltub materjalist ja konkreetsest rakendusest<br \/>\nKaabliotsingu re\u017eiim:<br \/>\nMin\/Max voolutugevus: umbes 32 mA \/ 89 A<\/p>\n<p>Kaabliotsija lokaator Mastech MS6818<\/p>\n<p>Miks valida MASTECH MS6818?<\/p>\n<p>MASTECH MS6818 pakub suurep\u00e4rast lahendust professionaalidele ja harrastajatele, kes vajavad t\u00e4pset ja t\u00f5husat kaabli j\u00e4lgimist ja rikete diagnoosimist. Selle reguleeritav tundlikkus, True RMS-v\u00f5imekus ja vastupidav disain tagavad usaldusv\u00e4\u00e4rse j\u00f5udluse erinevates keskkondades. Olgu tegemist elektrihoolduse, v\u00f5rgu paigaldamise v\u00f5i \u00fcldise t\u00f5rkeotsinguga, MS6818 paistab silma oma laiaulatusliku funktsionaalsuse ja kasutusmugavuse poolest.<\/p>\n","protected":false},"excerpt":{"rendered":"<p>Kaabliotsija lokaator Mastech MS6818<\/p>\n<p>Saatja<br \/>\n\u25cf V\u00e4ljundsignaal: 125 kHz<br \/>\n\u25cf V\u00e4line pinge: DC 12\u2013400 V \/ AC 12\u2013400 V (50\u201360 Hz); \u00b12,5%<br \/>\n\u25cf Kaitse: F0,5 A 1000 V<br \/>\n\u25cf Min\/Max voolutugevus: umbes 31 mA \/ 115 A<br \/>\nVastuv\u00f5tja<br \/>\n\u25cf \u00dchepooluseline: umbes 0\u20132 m<br \/>\n\u25cf Kahepooluseline: umbes 0\u20130,5 m<br \/>\n\u25cf \u00dche ahelaga: liin kuni 2,5 m<\/p>\n<p>\u25cf Vastuv\u00f5tja tundlikkust saab valida.<br \/>\n\u25cf Taustvalgus ja t\u00f6\u00f6valgus.<br \/>\n\u25cf Ohutussertifikaat: CAT III 300 V<\/p>\n<p><strong>Eeldatav tarneaeg 1-7 t\u00f6\u00f6p\u00e4eva<\/strong><\/p>\n","protected":false},"featured_media":17707,"template":"","meta":{"inline_featured_image":false},"product_cat":[1079,1090,1116,1080],"product_tag":[1159,1884,1150],"class_list":{"0":"post-17706","1":"product","2":"type-product","3":"status-publish","4":"has-post-thumbnail","6":"product_brand-cedrus","7":"product_cat-aiatehnika-ja-niidutehnika","8":"product_cat-ehitustehnika","9":"product_cat-lisaseadmed-ehitusseadmed-led-lisatuled-cb-raadiod-lallar","10":"product_cat-robotniidukid","11":"product_tag-kaabel","12":"product_tag-kaabilotsija","13":"product_tag-mururobot","15":"first","16":"instock","17":"taxable","18":"shipping-taxable","19":"purchasable","20":"product-type-simple"},"yoast_head":"<!-- This site is optimized with the Yoast SEO plugin v27.4 - https:\/\/yoast.com\/product\/yoast-seo-wordpress\/ -->\n<title>Kaabliotsija lokaator Mastech MS6818<\/title>\n<meta name=\"description\" content=\"Kaabliotsija lokaator Mastech MS6818 - \u25cf Vastuv\u00f5tja tundlikkust saab valida.\u25cf Taustvalgus ja t\u00f6\u00f6valgus.\u25cf Ohutussertifikaat: CAT III 300 V\" \/>\n<meta name=\"robots\" content=\"index, follow, max-snippet:-1, max-image-preview:large, max-video-preview:-1\" \/>\n<link rel=\"canonical\" href=\"https:\/\/ranoja.ee\/toode\/kaabliotsija-lokaator-mastech-ms6818\/\" \/>\n<meta property=\"og:locale\" content=\"en_US\" \/>\n<meta property=\"og:type\" content=\"article\" \/>\n<meta property=\"og:title\" content=\"Kaabliotsija lokaator Mastech MS6818\" \/>\n<meta property=\"og:description\" content=\"Kaabliotsija lokaator Mastech MS6818 - \u25cf Vastuv\u00f5tja tundlikkust saab valida.\u25cf Taustvalgus ja t\u00f6\u00f6valgus.\u25cf Ohutussertifikaat: CAT III 300 V\" \/>\n<meta property=\"og:url\" content=\"https:\/\/ranoja.ee\/toode\/kaabliotsija-lokaator-mastech-ms6818\/\" \/>\n<meta property=\"og:site_name\" content=\"Ranoja\" \/>\n<meta property=\"article:publisher\" content=\"https:\/\/www.facebook.com\/ranoja.ee\" \/>\n<meta property=\"article:modified_time\" content=\"2025-12-12T11:50:28+00:00\" \/>\n<meta property=\"og:image\" content=\"https:\/\/ranoja.ee\/wp-content\/uploads\/2025\/07\/Kaabliotsija-lokaator-Mastech-MS6818.jpg\" \/>\n\t<meta property=\"og:image:width\" content=\"1200\" \/>\n\t<meta property=\"og:image:height\" content=\"800\" \/>\n\t<meta property=\"og:image:type\" content=\"image\/jpeg\" \/>\n<meta name=\"twitter:card\" content=\"summary_large_image\" \/>\n<meta name=\"twitter:label1\" content=\"Est. reading time\" \/>\n\t<meta name=\"twitter:data1\" content=\"1 minute\" \/>\n<script type=\"application\/ld+json\" class=\"yoast-schema-graph\">{\"@context\":\"https:\\\/\\\/schema.org\",\"@graph\":[{\"@type\":\"WebPage\",\"@id\":\"https:\\\/\\\/ranoja.ee\\\/toode\\\/kaabliotsija-lokaator-mastech-ms6818\\\/\",\"url\":\"https:\\\/\\\/ranoja.ee\\\/toode\\\/kaabliotsija-lokaator-mastech-ms6818\\\/\",\"name\":\"Kaabliotsija lokaator Mastech MS6818\",\"isPartOf\":{\"@id\":\"https:\\\/\\\/ranoja.ee\\\/#website\"},\"primaryImageOfPage\":{\"@id\":\"https:\\\/\\\/ranoja.ee\\\/toode\\\/kaabliotsija-lokaator-mastech-ms6818\\\/#primaryimage\"},\"image\":{\"@id\":\"https:\\\/\\\/ranoja.ee\\\/toode\\\/kaabliotsija-lokaator-mastech-ms6818\\\/#primaryimage\"},\"thumbnailUrl\":\"https:\\\/\\\/ranoja.ee\\\/wp-content\\\/uploads\\\/2025\\\/07\\\/Kaabliotsija-lokaator-Mastech-MS6818.jpg\",\"datePublished\":\"2025-07-17T10:11:03+00:00\",\"dateModified\":\"2025-12-12T11:50:28+00:00\",\"description\":\"Kaabliotsija lokaator Mastech MS6818 - \u25cf Vastuv\u00f5tja tundlikkust saab valida.\u25cf Taustvalgus ja t\u00f6\u00f6valgus.\u25cf Ohutussertifikaat: CAT III 300 V\",\"breadcrumb\":{\"@id\":\"https:\\\/\\\/ranoja.ee\\\/toode\\\/kaabliotsija-lokaator-mastech-ms6818\\\/#breadcrumb\"},\"inLanguage\":\"en-US\",\"potentialAction\":[{\"@type\":\"ReadAction\",\"target\":[\"https:\\\/\\\/ranoja.ee\\\/toode\\\/kaabliotsija-lokaator-mastech-ms6818\\\/\"]}]},{\"@type\":\"ImageObject\",\"inLanguage\":\"en-US\",\"@id\":\"https:\\\/\\\/ranoja.ee\\\/toode\\\/kaabliotsija-lokaator-mastech-ms6818\\\/#primaryimage\",\"url\":\"https:\\\/\\\/ranoja.ee\\\/wp-content\\\/uploads\\\/2025\\\/07\\\/Kaabliotsija-lokaator-Mastech-MS6818.jpg\",\"contentUrl\":\"https:\\\/\\\/ranoja.ee\\\/wp-content\\\/uploads\\\/2025\\\/07\\\/Kaabliotsija-lokaator-Mastech-MS6818.jpg\",\"width\":1200,\"height\":800,\"caption\":\"Kaabliotsija lokaator Mastech MS6818\"},{\"@type\":\"BreadcrumbList\",\"@id\":\"https:\\\/\\\/ranoja.ee\\\/toode\\\/kaabliotsija-lokaator-mastech-ms6818\\\/#breadcrumb\",\"itemListElement\":[{\"@type\":\"ListItem\",\"position\":1,\"name\":\"Home\",\"item\":\"https:\\\/\\\/ranoja.ee\\\/\"},{\"@type\":\"ListItem\",\"position\":2,\"name\":\"Shop\",\"item\":\"https:\\\/\\\/ranoja.ee\\\/en\\\/shop\\\/\"},{\"@type\":\"ListItem\",\"position\":3,\"name\":\"Kaabliotsija lokaator Mastech MS6818\"}]},{\"@type\":\"WebSite\",\"@id\":\"https:\\\/\\\/ranoja.ee\\\/#website\",\"url\":\"https:\\\/\\\/ranoja.ee\\\/\",\"name\":\"Ranoja\",\"description\":\"Equipment Shop WooCommerce WordPress Theme for Machine &amp; Tools\",\"publisher\":{\"@id\":\"https:\\\/\\\/ranoja.ee\\\/#organization\"},\"potentialAction\":[{\"@type\":\"SearchAction\",\"target\":{\"@type\":\"EntryPoint\",\"urlTemplate\":\"https:\\\/\\\/ranoja.ee\\\/?s={search_term_string}\"},\"query-input\":{\"@type\":\"PropertyValueSpecification\",\"valueRequired\":true,\"valueName\":\"search_term_string\"}}],\"inLanguage\":\"en-US\"},{\"@type\":\"Organization\",\"@id\":\"https:\\\/\\\/ranoja.ee\\\/#organization\",\"name\":\"Ranoja O\u00dc\",\"url\":\"https:\\\/\\\/ranoja.ee\\\/\",\"logo\":{\"@type\":\"ImageObject\",\"inLanguage\":\"en-US\",\"@id\":\"https:\\\/\\\/ranoja.ee\\\/#\\\/schema\\\/logo\\\/image\\\/\",\"url\":\"https:\\\/\\\/ranoja.ee\\\/wp-content\\\/uploads\\\/2023\\\/11\\\/ranoja-Logo.png\",\"contentUrl\":\"https:\\\/\\\/ranoja.ee\\\/wp-content\\\/uploads\\\/2023\\\/11\\\/ranoja-Logo.png\",\"width\":207,\"height\":58,\"caption\":\"Ranoja O\u00dc\"},\"image\":{\"@id\":\"https:\\\/\\\/ranoja.ee\\\/#\\\/schema\\\/logo\\\/image\\\/\"},\"sameAs\":[\"https:\\\/\\\/www.facebook.com\\\/ranoja.ee\",\"https:\\\/\\\/www.instagram.com\\\/ranoja__\\\/\"]}]}<\/script>\n<!-- \/ Yoast SEO plugin. -->","yoast_head_json":{"title":"Kaabliotsija lokaator Mastech MS6818","description":"Kaabliotsija lokaator Mastech MS6818 - \u25cf Vastuv\u00f5tja tundlikkust saab valida.\u25cf Taustvalgus ja t\u00f6\u00f6valgus.\u25cf Ohutussertifikaat: CAT III 300 V","robots":{"index":"index","follow":"follow","max-snippet":"max-snippet:-1","max-image-preview":"max-image-preview:large","max-video-preview":"max-video-preview:-1"},"canonical":"https:\/\/ranoja.ee\/toode\/kaabliotsija-lokaator-mastech-ms6818\/","og_locale":"en_US","og_type":"article","og_title":"Kaabliotsija lokaator Mastech MS6818","og_description":"Kaabliotsija lokaator Mastech MS6818 - \u25cf Vastuv\u00f5tja tundlikkust saab valida.\u25cf Taustvalgus ja t\u00f6\u00f6valgus.\u25cf Ohutussertifikaat: CAT III 300 V","og_url":"https:\/\/ranoja.ee\/toode\/kaabliotsija-lokaator-mastech-ms6818\/","og_site_name":"Ranoja","article_publisher":"https:\/\/www.facebook.com\/ranoja.ee","article_modified_time":"2025-12-12T11:50:28+00:00","og_image":[{"width":1200,"height":800,"url":"https:\/\/ranoja.ee\/wp-content\/uploads\/2025\/07\/Kaabliotsija-lokaator-Mastech-MS6818.jpg","type":"image\/jpeg"}],"twitter_card":"summary_large_image","twitter_misc":{"Est. reading time":"1 minute"},"schema":{"@context":"https:\/\/schema.org","@graph":[{"@type":"WebPage","@id":"https:\/\/ranoja.ee\/toode\/kaabliotsija-lokaator-mastech-ms6818\/","url":"https:\/\/ranoja.ee\/toode\/kaabliotsija-lokaator-mastech-ms6818\/","name":"Kaabliotsija lokaator Mastech MS6818","isPartOf":{"@id":"https:\/\/ranoja.ee\/#website"},"primaryImageOfPage":{"@id":"https:\/\/ranoja.ee\/toode\/kaabliotsija-lokaator-mastech-ms6818\/#primaryimage"},"image":{"@id":"https:\/\/ranoja.ee\/toode\/kaabliotsija-lokaator-mastech-ms6818\/#primaryimage"},"thumbnailUrl":"https:\/\/ranoja.ee\/wp-content\/uploads\/2025\/07\/Kaabliotsija-lokaator-Mastech-MS6818.jpg","datePublished":"2025-07-17T10:11:03+00:00","dateModified":"2025-12-12T11:50:28+00:00","description":"Kaabliotsija lokaator Mastech MS6818 - \u25cf Vastuv\u00f5tja tundlikkust saab valida.\u25cf Taustvalgus ja t\u00f6\u00f6valgus.\u25cf Ohutussertifikaat: CAT III 300 V","breadcrumb":{"@id":"https:\/\/ranoja.ee\/toode\/kaabliotsija-lokaator-mastech-ms6818\/#breadcrumb"},"inLanguage":"en-US","potentialAction":[{"@type":"ReadAction","target":["https:\/\/ranoja.ee\/toode\/kaabliotsija-lokaator-mastech-ms6818\/"]}]},{"@type":"ImageObject","inLanguage":"en-US","@id":"https:\/\/ranoja.ee\/toode\/kaabliotsija-lokaator-mastech-ms6818\/#primaryimage","url":"https:\/\/ranoja.ee\/wp-content\/uploads\/2025\/07\/Kaabliotsija-lokaator-Mastech-MS6818.jpg","contentUrl":"https:\/\/ranoja.ee\/wp-content\/uploads\/2025\/07\/Kaabliotsija-lokaator-Mastech-MS6818.jpg","width":1200,"height":800,"caption":"Kaabliotsija lokaator Mastech MS6818"},{"@type":"BreadcrumbList","@id":"https:\/\/ranoja.ee\/toode\/kaabliotsija-lokaator-mastech-ms6818\/#breadcrumb","itemListElement":[{"@type":"ListItem","position":1,"name":"Home","item":"https:\/\/ranoja.ee\/"},{"@type":"ListItem","position":2,"name":"Shop","item":"https:\/\/ranoja.ee\/en\/shop\/"},{"@type":"ListItem","position":3,"name":"Kaabliotsija lokaator Mastech MS6818"}]},{"@type":"WebSite","@id":"https:\/\/ranoja.ee\/#website","url":"https:\/\/ranoja.ee\/","name":"Ranoja","description":"Equipment Shop WooCommerce WordPress Theme for Machine &amp; Tools","publisher":{"@id":"https:\/\/ranoja.ee\/#organization"},"potentialAction":[{"@type":"SearchAction","target":{"@type":"EntryPoint","urlTemplate":"https:\/\/ranoja.ee\/?s={search_term_string}"},"query-input":{"@type":"PropertyValueSpecification","valueRequired":true,"valueName":"search_term_string"}}],"inLanguage":"en-US"},{"@type":"Organization","@id":"https:\/\/ranoja.ee\/#organization","name":"Ranoja O\u00dc","url":"https:\/\/ranoja.ee\/","logo":{"@type":"ImageObject","inLanguage":"en-US","@id":"https:\/\/ranoja.ee\/#\/schema\/logo\/image\/","url":"https:\/\/ranoja.ee\/wp-content\/uploads\/2023\/11\/ranoja-Logo.png","contentUrl":"https:\/\/ranoja.ee\/wp-content\/uploads\/2023\/11\/ranoja-Logo.png","width":207,"height":58,"caption":"Ranoja O\u00dc"},"image":{"@id":"https:\/\/ranoja.ee\/#\/schema\/logo\/image\/"},"sameAs":["https:\/\/www.facebook.com\/ranoja.ee","https:\/\/www.instagram.com\/ranoja__\/"]}]}},"_links":{"self":[{"href":"https:\/\/ranoja.ee\/en\/wp-json\/wp\/v2\/product\/17706","targetHints":{"allow":["GET"]}}],"collection":[{"href":"https:\/\/ranoja.ee\/en\/wp-json\/wp\/v2\/product"}],"about":[{"href":"https:\/\/ranoja.ee\/en\/wp-json\/wp\/v2\/types\/product"}],"wp:featuredmedia":[{"embeddable":true,"href":"https:\/\/ranoja.ee\/en\/wp-json\/wp\/v2\/media\/17707"}],"wp:attachment":[{"href":"https:\/\/ranoja.ee\/en\/wp-json\/wp\/v2\/media?parent=17706"}],"wp:term":[{"taxonomy":"product_cat","embeddable":true,"href":"https:\/\/ranoja.ee\/en\/wp-json\/wp\/v2\/product_cat?post=17706"},{"taxonomy":"product_tag","embeddable":true,"href":"https:\/\/ranoja.ee\/en\/wp-json\/wp\/v2\/product_tag?post=17706"}],"curies":[{"name":"wp","href":"https:\/\/api.w.org\/{rel}","templated":true}]}}