{"id":17216,"date":"2025-07-11T15:04:21","date_gmt":"2025-07-11T12:04:21","guid":{"rendered":"https:\/\/ranoja.ee\/?post_type=product&#038;p=17216"},"modified":"2026-04-29T10:15:29","modified_gmt":"2026-04-29T07:15:29","slug":"ego-akupank-150w-komplekt","status":"publish","type":"product","link":"https:\/\/ranoja.ee\/en\/toode\/ego-akupank-150w-komplekt\/","title":{"rendered":"EGO AKUPANK 150W (KOMPLEKT)"},"content":{"rendered":"<p>V\u00f5imaldab laadida mobiile, s\u00fclearvuteid, kaameraid ja annab energiat elektriliste seadmete kasutamiseks seal, kus ise liigud\u2026. matkal, metsas, m\u00e4gedes\u2026. Sobib k\u00f5ikide EGO akudega. Akupangal on kaks usb v\u00e4ljundit ja 220V v\u00e4ljund.  V\u00f5imsus on 150W.<\/p>\n<p>Akud: EGO AKUPANK 150W (KOMPLEKT)<br \/>\nOPTIMAALNE J\u00d5UDUKUS EGO 56V ARC Lithium\u2122 tehnoloogia on t\u00e4iuslikult optimeeritud, et tagada parim tasakaal n\u00f5utava j\u00f5udluse ja kasutatava v\u00f5imsuse vahel. INNOVATIIVNE ARC KUJUNDUS: Suurema jahutusalaga kaarekujuline aku aitab soojust igast elemendist eemale juhtida, et v\u00e4ltida \u00fclekuumenemist ja maksimeerida t\u00f6\u00f6aega. INTELLIGENTNE \u00dcLEKOORMUSE SEIRE: Sisemised mikroprotsessorid ja tarkvara kontrollivad igat akuelemendit, et tagada optimaalne v\u00f5imsus, j\u00f5udlus ja t\u00f6\u00f6aeg.SUPERKIIRE LAADIMINE: Kui energia l\u00f5puks otsa saab, saab EGO aku t\u00e4ielikult laadida vaid 80 minutiga. T\u00c4IUSLIK \u00dcHILDUVUS: Iga EGO aku t\u00f6\u00f6tab iga EGO t\u00f6\u00f6riistaga.<\/p>\n<p>Laadijad:<br \/>\nLaeb 2.5Ah aku t\u00e4is vaid 50 minutiga. Meie standardlaadija pikendab liitium-ioon akude kasutusiga. Intelligentne akujuhtimiss\u00fcsteem j\u00e4lgib pidevalt iga akuelemendi laetustaset ja temperatuuri, et pakkuda Teile v\u00f5imalikult t\u00f5husat ja kiiret laadimist. Informatiivne LED-laadimis-\/diagnostikaindikaator annab teile pidevat tagasisidet aku oleku ja laadimistaseme kohta. EGO 56V ARC Lithium\u2122 aku uuenduslik disain \u00fcletab bensiinimootoriga seadmete v\u00f5imsuse, olles samas ka lihtsam, puhtam, vaiksem ja ohutum keskkonnale. <\/p>\n<p>V\u00f5imaldab laadida mobiile, s\u00fclearvuteid, kaameraid ja annab energiat elektriliste seadmete kasutamiseks seal, kus ise liigud\u2026. matkal, metsas, m\u00e4gedes\u2026. Sobib k\u00f5ikide EGO akudega. Akupangal on kaks usb v\u00e4ljundit ja 220V v\u00e4ljund.  V\u00f5imsus on 150W.<br \/>\nIlma aku- ja laadijata akupank sobib neile, kellel juba on EGO aku ja laadija olemas. Saadaval on ka komplektina koodiga PAD1501E.<br \/>\nKaal 0,5kg<br \/>\nGarantii kodukasutajale kuni 5 aastat.<br \/>\nT\u00e4is akuga on v\u00f5imalik laadida 5 korda s\u00fclearvutit, 27 korda mobiiliakut,  toita 42\u2033 telerit 10 tundi, laadida drooni, anda v\u00e4lisvalgustile voolu*.<br \/>\n*Toitev\u00f5imekus v\u00f5ib varieeruda kasutatava aku suurusest, aku laetuvuse tasemest ja ilmastiku tingimustest.<br \/>\nPAD1500E inverterile kehtib toote registreerides pikendatud garantii eraisikule 5 aastat. Akule kehtib toote registreerides garantiiaeg eraisikule 36 kuud ja profikasutajale 24 kuud.<\/p>\n","protected":false},"excerpt":{"rendered":"<p>EGO AKUPANK 150W (KOMPLEKT)<br \/>\nKomplekt sisaldab 2,5ah aku ja standardlaadija<br \/>\nV\u00f5imsus 150W<br \/>\nSobib k\u00f5ikide EGO akudega<br \/>\n2x usb v\u00e4ljund\/ 1x 220V v\u00e4ljund<br \/>\nV\u00f5imaldab laadida mobiile, s\u00fclearvuteid, kaameraid ja annab energiat elektriliste seadmete kasutamiseks<br \/>\nT\u00e4is akuga on v\u00f5imalik laadida 5 korda s\u00fclearvutit, 27 korda mobiiliakut,  toita 42\u2033 telerit 10 tundi ja laadida drooni.<br \/>\n<strong>Akulaadija sobib k\u00f5ikidele EGO Power + seeria akudele!<\/strong><br \/>\n<span style=\"color: #000000;\"><strong>Garantii kuni 3 aastat<\/strong><\/span><br \/>\n<strong><span style=\"color: #339966;\">ANTUD SEADMEGA SAAB TUTVUDA MEIE PAIDE ESINDUSES KOHAPEAL!<\/span><\/strong><\/p>\n","protected":false},"featured_media":17217,"template":"","meta":{"inline_featured_image":false},"product_cat":[1115,1094,1134],"product_tag":[1828,192,195,1827,1826,1840,1841],"class_list":{"0":"post-17216","1":"product","2":"type-product","3":"status-publish","4":"has-post-thumbnail","6":"product_brand-ego-power","7":"product_cat-akud-ja-laadijad","8":"product_cat-akutooriistad","9":"product_cat-muud-tooriistad","10":"product_tag-56v","11":"product_tag-aku","12":"product_tag-akutooriist","13":"product_tag-ego","14":"product_tag-ego-power","15":"product_tag-pad1500e","16":"product_tag-pad1501e","18":"first","19":"instock","20":"taxable","21":"shipping-taxable","22":"purchasable","23":"product-type-simple"},"yoast_head":"<!-- This site is optimized with the Yoast SEO plugin v27.4 - https:\/\/yoast.com\/product\/yoast-seo-wordpress\/ -->\n<title>EGO AKUPANK 150W (KOMPLEKT)<\/title>\n<meta name=\"description\" content=\"EGO AKUPANK 150W (KOMPLEKT), Komplekt sisaldab 2,5ah aku ja standardlaadija, V\u00f5imsus 150W, Sobib k\u00f5ikide EGO akudega, 2x usb v\u00e4ljund\/ 1x 220V v\u00e4ljund.\" \/>\n<meta name=\"robots\" content=\"index, follow, max-snippet:-1, max-image-preview:large, max-video-preview:-1\" \/>\n<link rel=\"canonical\" href=\"https:\/\/ranoja.ee\/toode\/ego-akupank-150w-komplekt\/\" \/>\n<meta property=\"og:locale\" content=\"en_US\" \/>\n<meta property=\"og:type\" content=\"article\" \/>\n<meta property=\"og:title\" content=\"EGO AKUPANK 150W (KOMPLEKT)\" \/>\n<meta property=\"og:description\" content=\"EGO AKUPANK 150W (KOMPLEKT), Komplekt sisaldab 2,5ah aku ja standardlaadija, V\u00f5imsus 150W, Sobib k\u00f5ikide EGO akudega, 2x usb v\u00e4ljund\/ 1x 220V v\u00e4ljund.\" \/>\n<meta property=\"og:url\" content=\"https:\/\/ranoja.ee\/toode\/ego-akupank-150w-komplekt\/\" \/>\n<meta property=\"og:site_name\" content=\"Ranoja\" \/>\n<meta property=\"article:publisher\" content=\"https:\/\/www.facebook.com\/ranoja.ee\" \/>\n<meta property=\"article:modified_time\" content=\"2026-04-29T07:15:29+00:00\" \/>\n<meta property=\"og:image\" content=\"https:\/\/ranoja.ee\/wp-content\/uploads\/2025\/07\/AKUPANK-150W-KOMPLEKT.png\" \/>\n\t<meta property=\"og:image:width\" content=\"2000\" \/>\n\t<meta property=\"og:image:height\" content=\"2000\" \/>\n\t<meta property=\"og:image:type\" content=\"image\/png\" \/>\n<meta name=\"twitter:card\" content=\"summary_large_image\" \/>\n<meta name=\"twitter:label1\" content=\"Est. reading time\" \/>\n\t<meta name=\"twitter:data1\" content=\"2 minutes\" \/>\n<script type=\"application\/ld+json\" class=\"yoast-schema-graph\">{\"@context\":\"https:\\\/\\\/schema.org\",\"@graph\":[{\"@type\":\"WebPage\",\"@id\":\"https:\\\/\\\/ranoja.ee\\\/toode\\\/ego-akupank-150w-komplekt\\\/\",\"url\":\"https:\\\/\\\/ranoja.ee\\\/toode\\\/ego-akupank-150w-komplekt\\\/\",\"name\":\"EGO AKUPANK 150W (KOMPLEKT)\",\"isPartOf\":{\"@id\":\"https:\\\/\\\/ranoja.ee\\\/#website\"},\"primaryImageOfPage\":{\"@id\":\"https:\\\/\\\/ranoja.ee\\\/toode\\\/ego-akupank-150w-komplekt\\\/#primaryimage\"},\"image\":{\"@id\":\"https:\\\/\\\/ranoja.ee\\\/toode\\\/ego-akupank-150w-komplekt\\\/#primaryimage\"},\"thumbnailUrl\":\"https:\\\/\\\/ranoja.ee\\\/wp-content\\\/uploads\\\/2025\\\/07\\\/AKUPANK-150W-KOMPLEKT.png\",\"datePublished\":\"2025-07-11T12:04:21+00:00\",\"dateModified\":\"2026-04-29T07:15:29+00:00\",\"description\":\"EGO AKUPANK 150W (KOMPLEKT), Komplekt sisaldab 2,5ah aku ja standardlaadija, V\u00f5imsus 150W, Sobib k\u00f5ikide EGO akudega, 2x usb v\u00e4ljund\\\/ 1x 220V v\u00e4ljund.\",\"breadcrumb\":{\"@id\":\"https:\\\/\\\/ranoja.ee\\\/toode\\\/ego-akupank-150w-komplekt\\\/#breadcrumb\"},\"inLanguage\":\"en-US\",\"potentialAction\":[{\"@type\":\"ReadAction\",\"target\":[\"https:\\\/\\\/ranoja.ee\\\/toode\\\/ego-akupank-150w-komplekt\\\/\"]}]},{\"@type\":\"ImageObject\",\"inLanguage\":\"en-US\",\"@id\":\"https:\\\/\\\/ranoja.ee\\\/toode\\\/ego-akupank-150w-komplekt\\\/#primaryimage\",\"url\":\"https:\\\/\\\/ranoja.ee\\\/wp-content\\\/uploads\\\/2025\\\/07\\\/AKUPANK-150W-KOMPLEKT.png\",\"contentUrl\":\"https:\\\/\\\/ranoja.ee\\\/wp-content\\\/uploads\\\/2025\\\/07\\\/AKUPANK-150W-KOMPLEKT.png\",\"width\":2000,\"height\":2000,\"caption\":\"EGO AKUPANK 150W (KOMPLEKT)\"},{\"@type\":\"BreadcrumbList\",\"@id\":\"https:\\\/\\\/ranoja.ee\\\/toode\\\/ego-akupank-150w-komplekt\\\/#breadcrumb\",\"itemListElement\":[{\"@type\":\"ListItem\",\"position\":1,\"name\":\"Home\",\"item\":\"https:\\\/\\\/ranoja.ee\\\/\"},{\"@type\":\"ListItem\",\"position\":2,\"name\":\"Shop\",\"item\":\"https:\\\/\\\/ranoja.ee\\\/en\\\/shop\\\/\"},{\"@type\":\"ListItem\",\"position\":3,\"name\":\"EGO AKUPANK 150W (KOMPLEKT)\"}]},{\"@type\":\"WebSite\",\"@id\":\"https:\\\/\\\/ranoja.ee\\\/#website\",\"url\":\"https:\\\/\\\/ranoja.ee\\\/\",\"name\":\"Ranoja\",\"description\":\"Equipment Shop WooCommerce WordPress Theme for Machine &amp; Tools\",\"publisher\":{\"@id\":\"https:\\\/\\\/ranoja.ee\\\/#organization\"},\"potentialAction\":[{\"@type\":\"SearchAction\",\"target\":{\"@type\":\"EntryPoint\",\"urlTemplate\":\"https:\\\/\\\/ranoja.ee\\\/?s={search_term_string}\"},\"query-input\":{\"@type\":\"PropertyValueSpecification\",\"valueRequired\":true,\"valueName\":\"search_term_string\"}}],\"inLanguage\":\"en-US\"},{\"@type\":\"Organization\",\"@id\":\"https:\\\/\\\/ranoja.ee\\\/#organization\",\"name\":\"Ranoja O\u00dc\",\"url\":\"https:\\\/\\\/ranoja.ee\\\/\",\"logo\":{\"@type\":\"ImageObject\",\"inLanguage\":\"en-US\",\"@id\":\"https:\\\/\\\/ranoja.ee\\\/#\\\/schema\\\/logo\\\/image\\\/\",\"url\":\"https:\\\/\\\/ranoja.ee\\\/wp-content\\\/uploads\\\/2023\\\/11\\\/ranoja-Logo.png\",\"contentUrl\":\"https:\\\/\\\/ranoja.ee\\\/wp-content\\\/uploads\\\/2023\\\/11\\\/ranoja-Logo.png\",\"width\":207,\"height\":58,\"caption\":\"Ranoja O\u00dc\"},\"image\":{\"@id\":\"https:\\\/\\\/ranoja.ee\\\/#\\\/schema\\\/logo\\\/image\\\/\"},\"sameAs\":[\"https:\\\/\\\/www.facebook.com\\\/ranoja.ee\",\"https:\\\/\\\/www.instagram.com\\\/ranoja__\\\/\"]}]}<\/script>\n<!-- \/ Yoast SEO plugin. -->","yoast_head_json":{"title":"EGO AKUPANK 150W (KOMPLEKT)","description":"EGO AKUPANK 150W (KOMPLEKT), Komplekt sisaldab 2,5ah aku ja standardlaadija, V\u00f5imsus 150W, Sobib k\u00f5ikide EGO akudega, 2x usb v\u00e4ljund\/ 1x 220V v\u00e4ljund.","robots":{"index":"index","follow":"follow","max-snippet":"max-snippet:-1","max-image-preview":"max-image-preview:large","max-video-preview":"max-video-preview:-1"},"canonical":"https:\/\/ranoja.ee\/toode\/ego-akupank-150w-komplekt\/","og_locale":"en_US","og_type":"article","og_title":"EGO AKUPANK 150W (KOMPLEKT)","og_description":"EGO AKUPANK 150W (KOMPLEKT), Komplekt sisaldab 2,5ah aku ja standardlaadija, V\u00f5imsus 150W, Sobib k\u00f5ikide EGO akudega, 2x usb v\u00e4ljund\/ 1x 220V v\u00e4ljund.","og_url":"https:\/\/ranoja.ee\/toode\/ego-akupank-150w-komplekt\/","og_site_name":"Ranoja","article_publisher":"https:\/\/www.facebook.com\/ranoja.ee","article_modified_time":"2026-04-29T07:15:29+00:00","og_image":[{"width":2000,"height":2000,"url":"https:\/\/ranoja.ee\/wp-content\/uploads\/2025\/07\/AKUPANK-150W-KOMPLEKT.png","type":"image\/png"}],"twitter_card":"summary_large_image","twitter_misc":{"Est. reading time":"2 minutes"},"schema":{"@context":"https:\/\/schema.org","@graph":[{"@type":"WebPage","@id":"https:\/\/ranoja.ee\/toode\/ego-akupank-150w-komplekt\/","url":"https:\/\/ranoja.ee\/toode\/ego-akupank-150w-komplekt\/","name":"EGO AKUPANK 150W (KOMPLEKT)","isPartOf":{"@id":"https:\/\/ranoja.ee\/#website"},"primaryImageOfPage":{"@id":"https:\/\/ranoja.ee\/toode\/ego-akupank-150w-komplekt\/#primaryimage"},"image":{"@id":"https:\/\/ranoja.ee\/toode\/ego-akupank-150w-komplekt\/#primaryimage"},"thumbnailUrl":"https:\/\/ranoja.ee\/wp-content\/uploads\/2025\/07\/AKUPANK-150W-KOMPLEKT.png","datePublished":"2025-07-11T12:04:21+00:00","dateModified":"2026-04-29T07:15:29+00:00","description":"EGO AKUPANK 150W (KOMPLEKT), Komplekt sisaldab 2,5ah aku ja standardlaadija, V\u00f5imsus 150W, Sobib k\u00f5ikide EGO akudega, 2x usb v\u00e4ljund\/ 1x 220V v\u00e4ljund.","breadcrumb":{"@id":"https:\/\/ranoja.ee\/toode\/ego-akupank-150w-komplekt\/#breadcrumb"},"inLanguage":"en-US","potentialAction":[{"@type":"ReadAction","target":["https:\/\/ranoja.ee\/toode\/ego-akupank-150w-komplekt\/"]}]},{"@type":"ImageObject","inLanguage":"en-US","@id":"https:\/\/ranoja.ee\/toode\/ego-akupank-150w-komplekt\/#primaryimage","url":"https:\/\/ranoja.ee\/wp-content\/uploads\/2025\/07\/AKUPANK-150W-KOMPLEKT.png","contentUrl":"https:\/\/ranoja.ee\/wp-content\/uploads\/2025\/07\/AKUPANK-150W-KOMPLEKT.png","width":2000,"height":2000,"caption":"EGO AKUPANK 150W (KOMPLEKT)"},{"@type":"BreadcrumbList","@id":"https:\/\/ranoja.ee\/toode\/ego-akupank-150w-komplekt\/#breadcrumb","itemListElement":[{"@type":"ListItem","position":1,"name":"Home","item":"https:\/\/ranoja.ee\/"},{"@type":"ListItem","position":2,"name":"Shop","item":"https:\/\/ranoja.ee\/en\/shop\/"},{"@type":"ListItem","position":3,"name":"EGO AKUPANK 150W (KOMPLEKT)"}]},{"@type":"WebSite","@id":"https:\/\/ranoja.ee\/#website","url":"https:\/\/ranoja.ee\/","name":"Ranoja","description":"Equipment Shop WooCommerce WordPress Theme for Machine &amp; Tools","publisher":{"@id":"https:\/\/ranoja.ee\/#organization"},"potentialAction":[{"@type":"SearchAction","target":{"@type":"EntryPoint","urlTemplate":"https:\/\/ranoja.ee\/?s={search_term_string}"},"query-input":{"@type":"PropertyValueSpecification","valueRequired":true,"valueName":"search_term_string"}}],"inLanguage":"en-US"},{"@type":"Organization","@id":"https:\/\/ranoja.ee\/#organization","name":"Ranoja O\u00dc","url":"https:\/\/ranoja.ee\/","logo":{"@type":"ImageObject","inLanguage":"en-US","@id":"https:\/\/ranoja.ee\/#\/schema\/logo\/image\/","url":"https:\/\/ranoja.ee\/wp-content\/uploads\/2023\/11\/ranoja-Logo.png","contentUrl":"https:\/\/ranoja.ee\/wp-content\/uploads\/2023\/11\/ranoja-Logo.png","width":207,"height":58,"caption":"Ranoja O\u00dc"},"image":{"@id":"https:\/\/ranoja.ee\/#\/schema\/logo\/image\/"},"sameAs":["https:\/\/www.facebook.com\/ranoja.ee","https:\/\/www.instagram.com\/ranoja__\/"]}]}},"_links":{"self":[{"href":"https:\/\/ranoja.ee\/en\/wp-json\/wp\/v2\/product\/17216","targetHints":{"allow":["GET"]}}],"collection":[{"href":"https:\/\/ranoja.ee\/en\/wp-json\/wp\/v2\/product"}],"about":[{"href":"https:\/\/ranoja.ee\/en\/wp-json\/wp\/v2\/types\/product"}],"wp:featuredmedia":[{"embeddable":true,"href":"https:\/\/ranoja.ee\/en\/wp-json\/wp\/v2\/media\/17217"}],"wp:attachment":[{"href":"https:\/\/ranoja.ee\/en\/wp-json\/wp\/v2\/media?parent=17216"}],"wp:term":[{"taxonomy":"product_cat","embeddable":true,"href":"https:\/\/ranoja.ee\/en\/wp-json\/wp\/v2\/product_cat?post=17216"},{"taxonomy":"product_tag","embeddable":true,"href":"https:\/\/ranoja.ee\/en\/wp-json\/wp\/v2\/product_tag?post=17216"}],"curies":[{"name":"wp","href":"https:\/\/api.w.org\/{rel}","templated":true}]}}