{"id":17189,"date":"2025-07-09T16:52:23","date_gmt":"2025-07-09T13:52:23","guid":{"rendered":"https:\/\/ranoja.ee\/?post_type=product&#038;p=17189"},"modified":"2026-04-29T10:15:30","modified_gmt":"2026-04-29T07:15:30","slug":"ego-kiirlaadija-700w-ch7000e","status":"publish","type":"product","link":"https:\/\/ranoja.ee\/en\/toode\/ego-kiirlaadija-700w-ch7000e\/","title":{"rendered":"EGO KIIRLAADIJA 700W CH7000E"},"content":{"rendered":"<p>Kui on aeg laadida, on EGO Power+ 56V ARC Lithium\u2122 aku k\u00f5ige kiirem, eriti koos meie kiirlaadijaga! Saavutage t\u00e4islaadimine vaid 30 minutiga. 360\u00b0 AIRFLOW hoiab aku jahedana, mis tagab kiirema laadimisaja. <\/p>\n<p>Akud:<br \/>\nOPTIMAALNE J\u00d5UDUKUS EGO 56V ARC Lithium\u2122 tehnoloogia on t\u00e4iuslikult optimeeritud, et tagada parim tasakaal n\u00f5utava j\u00f5udluse ja kasutatava v\u00f5imsuse vahel. INNOVATIIVNE ARC KUJUNDUS: Suurema jahutusalaga kaarekujuline aku aitab soojust igast elemendist eemale juhtida, et v\u00e4ltida \u00fclekuumenemist ja maksimeerida t\u00f6\u00f6aega. INTELLIGENTNE \u00dcLEKOORMUSE SEIRE: Sisemised mikroprotsessorid ja tarkvara kontrollivad igat akuelemendit, et tagada optimaalne v\u00f5imsus, j\u00f5udlus ja t\u00f6\u00f6aeg.SUPERKIIRE LAADIMINE: Kui energia l\u00f5puks otsa saab, saab EGO aku t\u00e4ielikult laadida vaid 80 minutiga. T\u00c4IUSLIK \u00dcHILDUVUS: Iga EGO aku t\u00f6\u00f6tab iga EGO t\u00f6\u00f6riistaga.<\/p>\n<p>Laadijad: EGO KIIRLAADIJA 700W CH7000E<br \/>\nLaeb 2.5Ah aku t\u00e4is vaid 50 minutiga. Meie standardlaadija pikendab liitium-ioon akude kasutusiga. Intelligentne akujuhtimiss\u00fcsteem j\u00e4lgib pidevalt iga akuelemendi laetustaset ja temperatuuri, et pakkuda Teile v\u00f5imalikult t\u00f5husat ja kiiret laadimist. Informatiivne LED-laadimis-\/diagnostikaindikaator annab teile pidevat tagasisidet aku oleku ja laadimistaseme kohta. EGO 56V ARC Lithium\u2122 aku uuenduslik disain \u00fcletab bensiinimootoriga seadmete v\u00f5imsuse, olles samas ka lihtsam, puhtam, vaiksem ja ohutum keskkonnale. Lisaks on meie seadmed t\u00e4nu heitgaaside puudumisele ja v\u00e4iksemale vibratsioonile ohutumad ka Teile. Muljetavaldav t\u00f6\u00f6aeg ja kiire laadimisaeg pakuvad \u00fclimat paindlikkust.<\/p>\n<p>Hooldus:<br \/>\nTemperatuur: Aku ja laadija tuleks hoida \u00f5igel temperatuuril vastavalt tootja soovitustele, et tagada nende optimaalne j\u00f5udlus ja ohutus.<br \/>\nHooldus: Aku tuleks hoida laetuna, kuid v\u00e4ltida tuleks s\u00fcgavat t\u00fchjenemist. Samuti tuleks akut ja laadijat hoida puhtana ja tolmust vabana.<br \/>\nAkude ja laadijate korralik hooldamine ja kasutamine on oluline, et tagada t\u00f6\u00f6riistade t\u00f5rgeteta toimimine ja pikendada nende kasutusiga. Enne akude laadimist v\u00f5i hooldamist veenduge alati, et olete tutvunud tootja juhistega ja j\u00e4rgige ohutusn\u00f5udeid.<\/p>\n","protected":false},"excerpt":{"rendered":"<p>EGO KIIRLAADIJA 700W CH7000E<br \/>\n56V Lithium<br \/>\n360\u00b0 AIRFLOW hoiab aku jahedana, mis tagab kiirema laadimisaja<br \/>\nIntelligentne akujuhtimiss\u00fcsteem j\u00e4lgib pidevalt iga akuelemendi laetustaset ja temperatuuri<br \/>\nLED-laadimis-\/diagnostikaindikaator annab teile pidevat tagasisidet aku oleku ja laadimistaseme kohta<br \/>\n<strong>Akulaadija sobib k\u00f5ikidele EGO Power + seeria akudele!<\/strong><br \/>\n<span style=\"color: #000000;\"><strong>Garantii kuni 3 aastat<\/strong><\/span><br \/>\n<strong><span style=\"color: #339966;\">ANTUD SEADMEGA SAAB TUTVUDA MEIE PAIDE ESINDUSES KOHAPEAL!<\/span><\/strong><\/p>\n","protected":false},"featured_media":17199,"template":"","meta":{"inline_featured_image":false},"product_cat":[1115,1094],"product_tag":[1828,192,195,1838,1827,1826],"class_list":{"0":"post-17189","1":"product","2":"type-product","3":"status-publish","4":"has-post-thumbnail","6":"product_brand-ego-power","7":"product_cat-akud-ja-laadijad","8":"product_cat-akutooriistad","9":"product_tag-56v","10":"product_tag-aku","11":"product_tag-akutooriist","12":"product_tag-ch7000e","13":"product_tag-ego","14":"product_tag-ego-power","16":"first","17":"instock","18":"taxable","19":"shipping-taxable","20":"purchasable","21":"product-type-simple"},"yoast_head":"<!-- This site is optimized with the Yoast SEO plugin v27.4 - https:\/\/yoast.com\/product\/yoast-seo-wordpress\/ -->\n<title>EGO KIIRLAADIJA 700W CH7000E<\/title>\n<meta name=\"description\" content=\"EGO KIIRLAADIJA 700W CH7000E, 360\u00b0 AIRFLOW hoiab aku jahedana, mis tagab kiirema laadimisaja, t\u00e4islaadimine alla 30 minuti!\" \/>\n<meta name=\"robots\" content=\"index, follow, max-snippet:-1, max-image-preview:large, max-video-preview:-1\" \/>\n<link rel=\"canonical\" href=\"https:\/\/ranoja.ee\/toode\/ego-kiirlaadija-700w-ch7000e\/\" \/>\n<meta property=\"og:locale\" content=\"en_US\" \/>\n<meta property=\"og:type\" content=\"article\" \/>\n<meta property=\"og:title\" content=\"EGO KIIRLAADIJA 700W CH7000E\" \/>\n<meta property=\"og:description\" content=\"EGO KIIRLAADIJA 700W CH7000E, 360\u00b0 AIRFLOW hoiab aku jahedana, mis tagab kiirema laadimisaja, t\u00e4islaadimine alla 30 minuti!\" \/>\n<meta property=\"og:url\" content=\"https:\/\/ranoja.ee\/toode\/ego-kiirlaadija-700w-ch7000e\/\" \/>\n<meta property=\"og:site_name\" content=\"Ranoja\" \/>\n<meta property=\"article:publisher\" content=\"https:\/\/www.facebook.com\/ranoja.ee\" \/>\n<meta property=\"article:modified_time\" content=\"2026-04-29T07:15:30+00:00\" \/>\n<meta property=\"og:image\" content=\"https:\/\/ranoja.ee\/wp-content\/uploads\/2025\/07\/EGO-KIIRLAADIJA-700W-CH7000E.png\" \/>\n\t<meta property=\"og:image:width\" content=\"800\" \/>\n\t<meta property=\"og:image:height\" content=\"566\" \/>\n\t<meta property=\"og:image:type\" content=\"image\/png\" \/>\n<meta name=\"twitter:card\" content=\"summary_large_image\" \/>\n<meta name=\"twitter:label1\" content=\"Est. reading time\" \/>\n\t<meta name=\"twitter:data1\" content=\"2 minutes\" \/>\n<script type=\"application\/ld+json\" class=\"yoast-schema-graph\">{\"@context\":\"https:\\\/\\\/schema.org\",\"@graph\":[{\"@type\":\"WebPage\",\"@id\":\"https:\\\/\\\/ranoja.ee\\\/toode\\\/ego-kiirlaadija-700w-ch7000e\\\/\",\"url\":\"https:\\\/\\\/ranoja.ee\\\/toode\\\/ego-kiirlaadija-700w-ch7000e\\\/\",\"name\":\"EGO KIIRLAADIJA 700W CH7000E\",\"isPartOf\":{\"@id\":\"https:\\\/\\\/ranoja.ee\\\/#website\"},\"primaryImageOfPage\":{\"@id\":\"https:\\\/\\\/ranoja.ee\\\/toode\\\/ego-kiirlaadija-700w-ch7000e\\\/#primaryimage\"},\"image\":{\"@id\":\"https:\\\/\\\/ranoja.ee\\\/toode\\\/ego-kiirlaadija-700w-ch7000e\\\/#primaryimage\"},\"thumbnailUrl\":\"https:\\\/\\\/ranoja.ee\\\/wp-content\\\/uploads\\\/2025\\\/07\\\/EGO-KIIRLAADIJA-700W-CH7000E.png\",\"datePublished\":\"2025-07-09T13:52:23+00:00\",\"dateModified\":\"2026-04-29T07:15:30+00:00\",\"description\":\"EGO KIIRLAADIJA 700W CH7000E, 360\u00b0 AIRFLOW hoiab aku jahedana, mis tagab kiirema laadimisaja, t\u00e4islaadimine alla 30 minuti!\",\"breadcrumb\":{\"@id\":\"https:\\\/\\\/ranoja.ee\\\/toode\\\/ego-kiirlaadija-700w-ch7000e\\\/#breadcrumb\"},\"inLanguage\":\"en-US\",\"potentialAction\":[{\"@type\":\"ReadAction\",\"target\":[\"https:\\\/\\\/ranoja.ee\\\/toode\\\/ego-kiirlaadija-700w-ch7000e\\\/\"]}]},{\"@type\":\"ImageObject\",\"inLanguage\":\"en-US\",\"@id\":\"https:\\\/\\\/ranoja.ee\\\/toode\\\/ego-kiirlaadija-700w-ch7000e\\\/#primaryimage\",\"url\":\"https:\\\/\\\/ranoja.ee\\\/wp-content\\\/uploads\\\/2025\\\/07\\\/EGO-KIIRLAADIJA-700W-CH7000E.png\",\"contentUrl\":\"https:\\\/\\\/ranoja.ee\\\/wp-content\\\/uploads\\\/2025\\\/07\\\/EGO-KIIRLAADIJA-700W-CH7000E.png\",\"width\":800,\"height\":566,\"caption\":\"EGO KIIRLAADIJA 700W CH7000E\"},{\"@type\":\"BreadcrumbList\",\"@id\":\"https:\\\/\\\/ranoja.ee\\\/toode\\\/ego-kiirlaadija-700w-ch7000e\\\/#breadcrumb\",\"itemListElement\":[{\"@type\":\"ListItem\",\"position\":1,\"name\":\"Home\",\"item\":\"https:\\\/\\\/ranoja.ee\\\/\"},{\"@type\":\"ListItem\",\"position\":2,\"name\":\"Shop\",\"item\":\"https:\\\/\\\/ranoja.ee\\\/en\\\/shop\\\/\"},{\"@type\":\"ListItem\",\"position\":3,\"name\":\"EGO KIIRLAADIJA 700W CH7000E\"}]},{\"@type\":\"WebSite\",\"@id\":\"https:\\\/\\\/ranoja.ee\\\/#website\",\"url\":\"https:\\\/\\\/ranoja.ee\\\/\",\"name\":\"Ranoja\",\"description\":\"Equipment Shop WooCommerce WordPress Theme for Machine &amp; Tools\",\"publisher\":{\"@id\":\"https:\\\/\\\/ranoja.ee\\\/#organization\"},\"potentialAction\":[{\"@type\":\"SearchAction\",\"target\":{\"@type\":\"EntryPoint\",\"urlTemplate\":\"https:\\\/\\\/ranoja.ee\\\/?s={search_term_string}\"},\"query-input\":{\"@type\":\"PropertyValueSpecification\",\"valueRequired\":true,\"valueName\":\"search_term_string\"}}],\"inLanguage\":\"en-US\"},{\"@type\":\"Organization\",\"@id\":\"https:\\\/\\\/ranoja.ee\\\/#organization\",\"name\":\"Ranoja O\u00dc\",\"url\":\"https:\\\/\\\/ranoja.ee\\\/\",\"logo\":{\"@type\":\"ImageObject\",\"inLanguage\":\"en-US\",\"@id\":\"https:\\\/\\\/ranoja.ee\\\/#\\\/schema\\\/logo\\\/image\\\/\",\"url\":\"https:\\\/\\\/ranoja.ee\\\/wp-content\\\/uploads\\\/2023\\\/11\\\/ranoja-Logo.png\",\"contentUrl\":\"https:\\\/\\\/ranoja.ee\\\/wp-content\\\/uploads\\\/2023\\\/11\\\/ranoja-Logo.png\",\"width\":207,\"height\":58,\"caption\":\"Ranoja O\u00dc\"},\"image\":{\"@id\":\"https:\\\/\\\/ranoja.ee\\\/#\\\/schema\\\/logo\\\/image\\\/\"},\"sameAs\":[\"https:\\\/\\\/www.facebook.com\\\/ranoja.ee\",\"https:\\\/\\\/www.instagram.com\\\/ranoja__\\\/\"]}]}<\/script>\n<!-- \/ Yoast SEO plugin. -->","yoast_head_json":{"title":"EGO KIIRLAADIJA 700W CH7000E","description":"EGO KIIRLAADIJA 700W CH7000E, 360\u00b0 AIRFLOW hoiab aku jahedana, mis tagab kiirema laadimisaja, t\u00e4islaadimine alla 30 minuti!","robots":{"index":"index","follow":"follow","max-snippet":"max-snippet:-1","max-image-preview":"max-image-preview:large","max-video-preview":"max-video-preview:-1"},"canonical":"https:\/\/ranoja.ee\/toode\/ego-kiirlaadija-700w-ch7000e\/","og_locale":"en_US","og_type":"article","og_title":"EGO KIIRLAADIJA 700W CH7000E","og_description":"EGO KIIRLAADIJA 700W CH7000E, 360\u00b0 AIRFLOW hoiab aku jahedana, mis tagab kiirema laadimisaja, t\u00e4islaadimine alla 30 minuti!","og_url":"https:\/\/ranoja.ee\/toode\/ego-kiirlaadija-700w-ch7000e\/","og_site_name":"Ranoja","article_publisher":"https:\/\/www.facebook.com\/ranoja.ee","article_modified_time":"2026-04-29T07:15:30+00:00","og_image":[{"width":800,"height":566,"url":"https:\/\/ranoja.ee\/wp-content\/uploads\/2025\/07\/EGO-KIIRLAADIJA-700W-CH7000E.png","type":"image\/png"}],"twitter_card":"summary_large_image","twitter_misc":{"Est. reading time":"2 minutes"},"schema":{"@context":"https:\/\/schema.org","@graph":[{"@type":"WebPage","@id":"https:\/\/ranoja.ee\/toode\/ego-kiirlaadija-700w-ch7000e\/","url":"https:\/\/ranoja.ee\/toode\/ego-kiirlaadija-700w-ch7000e\/","name":"EGO KIIRLAADIJA 700W CH7000E","isPartOf":{"@id":"https:\/\/ranoja.ee\/#website"},"primaryImageOfPage":{"@id":"https:\/\/ranoja.ee\/toode\/ego-kiirlaadija-700w-ch7000e\/#primaryimage"},"image":{"@id":"https:\/\/ranoja.ee\/toode\/ego-kiirlaadija-700w-ch7000e\/#primaryimage"},"thumbnailUrl":"https:\/\/ranoja.ee\/wp-content\/uploads\/2025\/07\/EGO-KIIRLAADIJA-700W-CH7000E.png","datePublished":"2025-07-09T13:52:23+00:00","dateModified":"2026-04-29T07:15:30+00:00","description":"EGO KIIRLAADIJA 700W CH7000E, 360\u00b0 AIRFLOW hoiab aku jahedana, mis tagab kiirema laadimisaja, t\u00e4islaadimine alla 30 minuti!","breadcrumb":{"@id":"https:\/\/ranoja.ee\/toode\/ego-kiirlaadija-700w-ch7000e\/#breadcrumb"},"inLanguage":"en-US","potentialAction":[{"@type":"ReadAction","target":["https:\/\/ranoja.ee\/toode\/ego-kiirlaadija-700w-ch7000e\/"]}]},{"@type":"ImageObject","inLanguage":"en-US","@id":"https:\/\/ranoja.ee\/toode\/ego-kiirlaadija-700w-ch7000e\/#primaryimage","url":"https:\/\/ranoja.ee\/wp-content\/uploads\/2025\/07\/EGO-KIIRLAADIJA-700W-CH7000E.png","contentUrl":"https:\/\/ranoja.ee\/wp-content\/uploads\/2025\/07\/EGO-KIIRLAADIJA-700W-CH7000E.png","width":800,"height":566,"caption":"EGO KIIRLAADIJA 700W CH7000E"},{"@type":"BreadcrumbList","@id":"https:\/\/ranoja.ee\/toode\/ego-kiirlaadija-700w-ch7000e\/#breadcrumb","itemListElement":[{"@type":"ListItem","position":1,"name":"Home","item":"https:\/\/ranoja.ee\/"},{"@type":"ListItem","position":2,"name":"Shop","item":"https:\/\/ranoja.ee\/en\/shop\/"},{"@type":"ListItem","position":3,"name":"EGO KIIRLAADIJA 700W CH7000E"}]},{"@type":"WebSite","@id":"https:\/\/ranoja.ee\/#website","url":"https:\/\/ranoja.ee\/","name":"Ranoja","description":"Equipment Shop WooCommerce WordPress Theme for Machine &amp; Tools","publisher":{"@id":"https:\/\/ranoja.ee\/#organization"},"potentialAction":[{"@type":"SearchAction","target":{"@type":"EntryPoint","urlTemplate":"https:\/\/ranoja.ee\/?s={search_term_string}"},"query-input":{"@type":"PropertyValueSpecification","valueRequired":true,"valueName":"search_term_string"}}],"inLanguage":"en-US"},{"@type":"Organization","@id":"https:\/\/ranoja.ee\/#organization","name":"Ranoja O\u00dc","url":"https:\/\/ranoja.ee\/","logo":{"@type":"ImageObject","inLanguage":"en-US","@id":"https:\/\/ranoja.ee\/#\/schema\/logo\/image\/","url":"https:\/\/ranoja.ee\/wp-content\/uploads\/2023\/11\/ranoja-Logo.png","contentUrl":"https:\/\/ranoja.ee\/wp-content\/uploads\/2023\/11\/ranoja-Logo.png","width":207,"height":58,"caption":"Ranoja O\u00dc"},"image":{"@id":"https:\/\/ranoja.ee\/#\/schema\/logo\/image\/"},"sameAs":["https:\/\/www.facebook.com\/ranoja.ee","https:\/\/www.instagram.com\/ranoja__\/"]}]}},"_links":{"self":[{"href":"https:\/\/ranoja.ee\/en\/wp-json\/wp\/v2\/product\/17189","targetHints":{"allow":["GET"]}}],"collection":[{"href":"https:\/\/ranoja.ee\/en\/wp-json\/wp\/v2\/product"}],"about":[{"href":"https:\/\/ranoja.ee\/en\/wp-json\/wp\/v2\/types\/product"}],"wp:featuredmedia":[{"embeddable":true,"href":"https:\/\/ranoja.ee\/en\/wp-json\/wp\/v2\/media\/17199"}],"wp:attachment":[{"href":"https:\/\/ranoja.ee\/en\/wp-json\/wp\/v2\/media?parent=17189"}],"wp:term":[{"taxonomy":"product_cat","embeddable":true,"href":"https:\/\/ranoja.ee\/en\/wp-json\/wp\/v2\/product_cat?post=17189"},{"taxonomy":"product_tag","embeddable":true,"href":"https:\/\/ranoja.ee\/en\/wp-json\/wp\/v2\/product_tag?post=17189"}],"curies":[{"name":"wp","href":"https:\/\/api.w.org\/{rel}","templated":true}]}}