{"id":17172,"date":"2025-07-09T14:02:31","date_gmt":"2025-07-09T11:02:31","guid":{"rendered":"https:\/\/ranoja.ee\/?post_type=product&#038;p=17172"},"modified":"2026-04-29T10:15:30","modified_gmt":"2026-04-29T07:15:30","slug":"ego-12-0ah-aku-4p-672wh","status":"publish","type":"product","link":"https:\/\/ranoja.ee\/en\/toode\/ego-12-0ah-aku-4p-672wh\/","title":{"rendered":"EGO 12.0AH AKU (4P 672WH)"},"content":{"rendered":"<p>\u00dche laadimisega (s\u00f5ltuvalt kasutatavast t\u00f6\u00f6riistamudelist) saate niita kuni 1900 ruutmeetrit, kasutada trimmerit kuni 340 minutit, niita hekki kuni 360 minutit, saagida kuni 720 l\u00f5iget v\u00f5i puhuda lehti kuni 480 minutit. V\u00f5imalused on l\u00f5putud, sest kiirlaadimine kestab 80 minutit. Uuenduslik kaarekuju v\u00f5itleb \u00fclekuumenemise vastu, suurendades maksimaalselt kestvust, et te saaksite kauem t\u00f6\u00f6tada.<\/p>\n<p>Akud: EGO 12.0AH AKU (4P 672WH)<br \/>\nOPTIMAALNE J\u00d5UDUKUS EGO 56V ARC Lithium\u2122 tehnoloogia on t\u00e4iuslikult optimeeritud, et tagada parim tasakaal n\u00f5utava j\u00f5udluse ja kasutatava v\u00f5imsuse vahel. INNOVATIIVNE ARC KUJUNDUS: Suurema jahutusalaga kaarekujuline aku aitab soojust igast elemendist eemale juhtida, et v\u00e4ltida \u00fclekuumenemist ja maksimeerida t\u00f6\u00f6aega. INTELLIGENTNE \u00dcLEKOORMUSE SEIRE: Sisemised mikroprotsessorid ja tarkvara kontrollivad igat akuelemendit, et tagada optimaalne v\u00f5imsus, j\u00f5udlus ja t\u00f6\u00f6aeg.SUPERKIIRE LAADIMINE: Kui energia l\u00f5puks otsa saab, saab EGO aku t\u00e4ielikult laadida vaid 80 minutiga. T\u00c4IUSLIK \u00dcHILDUVUS: Iga EGO aku t\u00f6\u00f6tab iga EGO t\u00f6\u00f6riistaga.<\/p>\n<p>Laadimise puhul v\u00f5imaldab ventilaatoriga jahutuss\u00fcsteem aku laadimist kiiremini alustada ja kiiremini l\u00f5petada. Meie standardlaadijaga on t\u00e4ielik laadimisaeg 145 minutit, kuid meie kiirlaadija kasutamisel l\u00fcheneb see aeg m\u00e4rkimisv\u00e4\u00e4rselt, vaid 60 minutini.<br \/>\nLaadijad:<br \/>\n\u00dchilduvus: Laadija peab olema \u00fchilduv aku t\u00fc\u00fcbiga, mida kasutatakse konkreetse t\u00f6\u00f6riista jaoks. N\u00e4iteks ei saa NiCd-akut laadida Li-ion-laadijaga.<br \/>\nLaadimiskiirus: Laadijad v\u00f5ivad varieeruda oma laadimiskiiruse ja v\u00f5imekuse poolest. Kiirlaadijad v\u00f5imaldavad l\u00fchemat laadimisaega, kuid v\u00f5ivad akut kuumeneda rohkem.<br \/>\nTurvalisusfunktsioonid: Enamik kaasaegseid laadijaid on varustatud turvalisusfunktsioonidega, n\u00e4iteks \u00fclelaadimiskaitse, l\u00fchisekaitse ja \u00fclekuumenemiskaitse, et kaitsta akut ja kasutajat.<\/p>\n<p>Hooldus:<br \/>\nTemperatuur: Aku ja laadija tuleks hoida \u00f5igel temperatuuril vastavalt tootja soovitustele, et tagada nende optimaalne j\u00f5udlus ja ohutus.<br \/>\nHooldus: Aku tuleks hoida laetuna, kuid v\u00e4ltida tuleks s\u00fcgavat t\u00fchjenemist. Samuti tuleks akut ja laadijat hoida puhtana ja tolmust vabana.<br \/>\nAkude ja laadijate korralik hooldamine ja kasutamine on oluline, et tagada t\u00f6\u00f6riistade t\u00f5rgeteta toimimine ja pikendada nende kasutusiga. Enne akude laadimist v\u00f5i hooldamist veenduge alati, et olete tutvunud tootja juhistega ja j\u00e4rgige ohutusn\u00f5udeid.<\/p>\n","protected":false},"excerpt":{"rendered":"<p>EGO 12.0AH AKU (4P 672WH)<br \/>\nAku<br \/>\n56V ARC<br \/>\nLithium \u00dcLEKUUMENEMISE VASTANE TEHNOLOOGIA<br \/>\nMahutuvus 12,0ah<br \/>\nLed indikaator n\u00e4itab aku t\u00e4ituvust<br \/>\nLaadimisaeg max. 190min (kiirlaadija 80min)<br \/>\n<strong>Aku sobib k\u00f5ikidele EGO Power + seeria akut\u00f6\u00f6riistadele!<\/strong><br \/>\n<span style=\"color: #000000;\"><strong>Garantii kuni 3 aastat<\/strong><\/span><br \/>\n<strong><span style=\"color: #339966;\">ANTUD SEADMEGA SAAB TUTVUDA MEIE PAIDE ESINDUSES KOHAPEAL!<\/span><\/strong><\/p>\n","protected":false},"featured_media":17167,"template":"","meta":{"inline_featured_image":false},"product_cat":[1115,1094],"product_tag":[1828,192,195,1834,1827,1826],"class_list":{"0":"post-17172","1":"product","2":"type-product","3":"status-publish","4":"has-post-thumbnail","6":"product_brand-ego-power","7":"product_cat-akud-ja-laadijad","8":"product_cat-akutooriistad","9":"product_tag-56v","10":"product_tag-aku","11":"product_tag-akutooriist","12":"product_tag-ba6720t","13":"product_tag-ego","14":"product_tag-ego-power","16":"first","17":"instock","18":"taxable","19":"shipping-taxable","20":"purchasable","21":"product-type-simple"},"yoast_head":"<!-- This site is optimized with the Yoast SEO plugin v27.4 - https:\/\/yoast.com\/product\/yoast-seo-wordpress\/ -->\n<title>EGO 12.0AH AKU (4P 672WH)<\/title>\n<meta name=\"description\" content=\"EGO 12.0AH AKU (4P 672WH), Aku 56V, ARC Lithium, Mahutuvus 10,0ah, Led indikaator n\u00e4itab aku t\u00e4ituvust, Laadimisaeg max. 80min, sobib EGO power+ seadmetele.\" \/>\n<meta name=\"robots\" content=\"index, follow, max-snippet:-1, max-image-preview:large, max-video-preview:-1\" \/>\n<link rel=\"canonical\" href=\"https:\/\/ranoja.ee\/toode\/ego-12-0ah-aku-4p-672wh\/\" \/>\n<meta property=\"og:locale\" content=\"en_US\" \/>\n<meta property=\"og:type\" content=\"article\" \/>\n<meta property=\"og:title\" content=\"EGO 12.0AH AKU (4P 672WH)\" \/>\n<meta property=\"og:description\" content=\"EGO 12.0AH AKU (4P 672WH), Aku 56V, ARC Lithium, Mahutuvus 10,0ah, Led indikaator n\u00e4itab aku t\u00e4ituvust, Laadimisaeg max. 80min, sobib EGO power+ seadmetele.\" \/>\n<meta property=\"og:url\" content=\"https:\/\/ranoja.ee\/toode\/ego-12-0ah-aku-4p-672wh\/\" \/>\n<meta property=\"og:site_name\" content=\"Ranoja\" \/>\n<meta property=\"article:publisher\" content=\"https:\/\/www.facebook.com\/ranoja.ee\" \/>\n<meta property=\"article:modified_time\" content=\"2026-04-29T07:15:30+00:00\" \/>\n<meta property=\"og:image\" content=\"https:\/\/ranoja.ee\/wp-content\/uploads\/2025\/07\/EGO-10.0AH-AKU-4P-560WH.png\" \/>\n\t<meta property=\"og:image:width\" content=\"800\" \/>\n\t<meta property=\"og:image:height\" content=\"566\" \/>\n\t<meta property=\"og:image:type\" content=\"image\/png\" \/>\n<meta name=\"twitter:card\" content=\"summary_large_image\" \/>\n<meta name=\"twitter:label1\" content=\"Est. reading time\" \/>\n\t<meta name=\"twitter:data1\" content=\"2 minutes\" \/>\n<script type=\"application\/ld+json\" class=\"yoast-schema-graph\">{\"@context\":\"https:\\\/\\\/schema.org\",\"@graph\":[{\"@type\":\"WebPage\",\"@id\":\"https:\\\/\\\/ranoja.ee\\\/toode\\\/ego-12-0ah-aku-4p-672wh\\\/\",\"url\":\"https:\\\/\\\/ranoja.ee\\\/toode\\\/ego-12-0ah-aku-4p-672wh\\\/\",\"name\":\"EGO 12.0AH AKU (4P 672WH)\",\"isPartOf\":{\"@id\":\"https:\\\/\\\/ranoja.ee\\\/#website\"},\"primaryImageOfPage\":{\"@id\":\"https:\\\/\\\/ranoja.ee\\\/toode\\\/ego-12-0ah-aku-4p-672wh\\\/#primaryimage\"},\"image\":{\"@id\":\"https:\\\/\\\/ranoja.ee\\\/toode\\\/ego-12-0ah-aku-4p-672wh\\\/#primaryimage\"},\"thumbnailUrl\":\"https:\\\/\\\/ranoja.ee\\\/wp-content\\\/uploads\\\/2025\\\/07\\\/EGO-10.0AH-AKU-4P-560WH.png\",\"datePublished\":\"2025-07-09T11:02:31+00:00\",\"dateModified\":\"2026-04-29T07:15:30+00:00\",\"description\":\"EGO 12.0AH AKU (4P 672WH), Aku 56V, ARC Lithium, Mahutuvus 10,0ah, Led indikaator n\u00e4itab aku t\u00e4ituvust, Laadimisaeg max. 80min, sobib EGO power+ seadmetele.\",\"breadcrumb\":{\"@id\":\"https:\\\/\\\/ranoja.ee\\\/toode\\\/ego-12-0ah-aku-4p-672wh\\\/#breadcrumb\"},\"inLanguage\":\"en-US\",\"potentialAction\":[{\"@type\":\"ReadAction\",\"target\":[\"https:\\\/\\\/ranoja.ee\\\/toode\\\/ego-12-0ah-aku-4p-672wh\\\/\"]}]},{\"@type\":\"ImageObject\",\"inLanguage\":\"en-US\",\"@id\":\"https:\\\/\\\/ranoja.ee\\\/toode\\\/ego-12-0ah-aku-4p-672wh\\\/#primaryimage\",\"url\":\"https:\\\/\\\/ranoja.ee\\\/wp-content\\\/uploads\\\/2025\\\/07\\\/EGO-10.0AH-AKU-4P-560WH.png\",\"contentUrl\":\"https:\\\/\\\/ranoja.ee\\\/wp-content\\\/uploads\\\/2025\\\/07\\\/EGO-10.0AH-AKU-4P-560WH.png\",\"width\":800,\"height\":566,\"caption\":\"EGO 12.0AH AKU (4P 672WH)\"},{\"@type\":\"BreadcrumbList\",\"@id\":\"https:\\\/\\\/ranoja.ee\\\/toode\\\/ego-12-0ah-aku-4p-672wh\\\/#breadcrumb\",\"itemListElement\":[{\"@type\":\"ListItem\",\"position\":1,\"name\":\"Home\",\"item\":\"https:\\\/\\\/ranoja.ee\\\/\"},{\"@type\":\"ListItem\",\"position\":2,\"name\":\"Shop\",\"item\":\"https:\\\/\\\/ranoja.ee\\\/en\\\/shop\\\/\"},{\"@type\":\"ListItem\",\"position\":3,\"name\":\"EGO 12.0AH AKU (4P 672WH)\"}]},{\"@type\":\"WebSite\",\"@id\":\"https:\\\/\\\/ranoja.ee\\\/#website\",\"url\":\"https:\\\/\\\/ranoja.ee\\\/\",\"name\":\"Ranoja\",\"description\":\"Equipment Shop WooCommerce WordPress Theme for Machine &amp; Tools\",\"publisher\":{\"@id\":\"https:\\\/\\\/ranoja.ee\\\/#organization\"},\"potentialAction\":[{\"@type\":\"SearchAction\",\"target\":{\"@type\":\"EntryPoint\",\"urlTemplate\":\"https:\\\/\\\/ranoja.ee\\\/?s={search_term_string}\"},\"query-input\":{\"@type\":\"PropertyValueSpecification\",\"valueRequired\":true,\"valueName\":\"search_term_string\"}}],\"inLanguage\":\"en-US\"},{\"@type\":\"Organization\",\"@id\":\"https:\\\/\\\/ranoja.ee\\\/#organization\",\"name\":\"Ranoja O\u00dc\",\"url\":\"https:\\\/\\\/ranoja.ee\\\/\",\"logo\":{\"@type\":\"ImageObject\",\"inLanguage\":\"en-US\",\"@id\":\"https:\\\/\\\/ranoja.ee\\\/#\\\/schema\\\/logo\\\/image\\\/\",\"url\":\"https:\\\/\\\/ranoja.ee\\\/wp-content\\\/uploads\\\/2023\\\/11\\\/ranoja-Logo.png\",\"contentUrl\":\"https:\\\/\\\/ranoja.ee\\\/wp-content\\\/uploads\\\/2023\\\/11\\\/ranoja-Logo.png\",\"width\":207,\"height\":58,\"caption\":\"Ranoja O\u00dc\"},\"image\":{\"@id\":\"https:\\\/\\\/ranoja.ee\\\/#\\\/schema\\\/logo\\\/image\\\/\"},\"sameAs\":[\"https:\\\/\\\/www.facebook.com\\\/ranoja.ee\",\"https:\\\/\\\/www.instagram.com\\\/ranoja__\\\/\"]}]}<\/script>\n<!-- \/ Yoast SEO plugin. -->","yoast_head_json":{"title":"EGO 12.0AH AKU (4P 672WH)","description":"EGO 12.0AH AKU (4P 672WH), Aku 56V, ARC Lithium, Mahutuvus 10,0ah, Led indikaator n\u00e4itab aku t\u00e4ituvust, Laadimisaeg max. 80min, sobib EGO power+ seadmetele.","robots":{"index":"index","follow":"follow","max-snippet":"max-snippet:-1","max-image-preview":"max-image-preview:large","max-video-preview":"max-video-preview:-1"},"canonical":"https:\/\/ranoja.ee\/toode\/ego-12-0ah-aku-4p-672wh\/","og_locale":"en_US","og_type":"article","og_title":"EGO 12.0AH AKU (4P 672WH)","og_description":"EGO 12.0AH AKU (4P 672WH), Aku 56V, ARC Lithium, Mahutuvus 10,0ah, Led indikaator n\u00e4itab aku t\u00e4ituvust, Laadimisaeg max. 80min, sobib EGO power+ seadmetele.","og_url":"https:\/\/ranoja.ee\/toode\/ego-12-0ah-aku-4p-672wh\/","og_site_name":"Ranoja","article_publisher":"https:\/\/www.facebook.com\/ranoja.ee","article_modified_time":"2026-04-29T07:15:30+00:00","og_image":[{"width":800,"height":566,"url":"https:\/\/ranoja.ee\/wp-content\/uploads\/2025\/07\/EGO-10.0AH-AKU-4P-560WH.png","type":"image\/png"}],"twitter_card":"summary_large_image","twitter_misc":{"Est. reading time":"2 minutes"},"schema":{"@context":"https:\/\/schema.org","@graph":[{"@type":"WebPage","@id":"https:\/\/ranoja.ee\/toode\/ego-12-0ah-aku-4p-672wh\/","url":"https:\/\/ranoja.ee\/toode\/ego-12-0ah-aku-4p-672wh\/","name":"EGO 12.0AH AKU (4P 672WH)","isPartOf":{"@id":"https:\/\/ranoja.ee\/#website"},"primaryImageOfPage":{"@id":"https:\/\/ranoja.ee\/toode\/ego-12-0ah-aku-4p-672wh\/#primaryimage"},"image":{"@id":"https:\/\/ranoja.ee\/toode\/ego-12-0ah-aku-4p-672wh\/#primaryimage"},"thumbnailUrl":"https:\/\/ranoja.ee\/wp-content\/uploads\/2025\/07\/EGO-10.0AH-AKU-4P-560WH.png","datePublished":"2025-07-09T11:02:31+00:00","dateModified":"2026-04-29T07:15:30+00:00","description":"EGO 12.0AH AKU (4P 672WH), Aku 56V, ARC Lithium, Mahutuvus 10,0ah, Led indikaator n\u00e4itab aku t\u00e4ituvust, Laadimisaeg max. 80min, sobib EGO power+ seadmetele.","breadcrumb":{"@id":"https:\/\/ranoja.ee\/toode\/ego-12-0ah-aku-4p-672wh\/#breadcrumb"},"inLanguage":"en-US","potentialAction":[{"@type":"ReadAction","target":["https:\/\/ranoja.ee\/toode\/ego-12-0ah-aku-4p-672wh\/"]}]},{"@type":"ImageObject","inLanguage":"en-US","@id":"https:\/\/ranoja.ee\/toode\/ego-12-0ah-aku-4p-672wh\/#primaryimage","url":"https:\/\/ranoja.ee\/wp-content\/uploads\/2025\/07\/EGO-10.0AH-AKU-4P-560WH.png","contentUrl":"https:\/\/ranoja.ee\/wp-content\/uploads\/2025\/07\/EGO-10.0AH-AKU-4P-560WH.png","width":800,"height":566,"caption":"EGO 12.0AH AKU (4P 672WH)"},{"@type":"BreadcrumbList","@id":"https:\/\/ranoja.ee\/toode\/ego-12-0ah-aku-4p-672wh\/#breadcrumb","itemListElement":[{"@type":"ListItem","position":1,"name":"Home","item":"https:\/\/ranoja.ee\/"},{"@type":"ListItem","position":2,"name":"Shop","item":"https:\/\/ranoja.ee\/en\/shop\/"},{"@type":"ListItem","position":3,"name":"EGO 12.0AH AKU (4P 672WH)"}]},{"@type":"WebSite","@id":"https:\/\/ranoja.ee\/#website","url":"https:\/\/ranoja.ee\/","name":"Ranoja","description":"Equipment Shop WooCommerce WordPress Theme for Machine &amp; Tools","publisher":{"@id":"https:\/\/ranoja.ee\/#organization"},"potentialAction":[{"@type":"SearchAction","target":{"@type":"EntryPoint","urlTemplate":"https:\/\/ranoja.ee\/?s={search_term_string}"},"query-input":{"@type":"PropertyValueSpecification","valueRequired":true,"valueName":"search_term_string"}}],"inLanguage":"en-US"},{"@type":"Organization","@id":"https:\/\/ranoja.ee\/#organization","name":"Ranoja O\u00dc","url":"https:\/\/ranoja.ee\/","logo":{"@type":"ImageObject","inLanguage":"en-US","@id":"https:\/\/ranoja.ee\/#\/schema\/logo\/image\/","url":"https:\/\/ranoja.ee\/wp-content\/uploads\/2023\/11\/ranoja-Logo.png","contentUrl":"https:\/\/ranoja.ee\/wp-content\/uploads\/2023\/11\/ranoja-Logo.png","width":207,"height":58,"caption":"Ranoja O\u00dc"},"image":{"@id":"https:\/\/ranoja.ee\/#\/schema\/logo\/image\/"},"sameAs":["https:\/\/www.facebook.com\/ranoja.ee","https:\/\/www.instagram.com\/ranoja__\/"]}]}},"_links":{"self":[{"href":"https:\/\/ranoja.ee\/en\/wp-json\/wp\/v2\/product\/17172","targetHints":{"allow":["GET"]}}],"collection":[{"href":"https:\/\/ranoja.ee\/en\/wp-json\/wp\/v2\/product"}],"about":[{"href":"https:\/\/ranoja.ee\/en\/wp-json\/wp\/v2\/types\/product"}],"wp:featuredmedia":[{"embeddable":true,"href":"https:\/\/ranoja.ee\/en\/wp-json\/wp\/v2\/media\/17167"}],"wp:attachment":[{"href":"https:\/\/ranoja.ee\/en\/wp-json\/wp\/v2\/media?parent=17172"}],"wp:term":[{"taxonomy":"product_cat","embeddable":true,"href":"https:\/\/ranoja.ee\/en\/wp-json\/wp\/v2\/product_cat?post=17172"},{"taxonomy":"product_tag","embeddable":true,"href":"https:\/\/ranoja.ee\/en\/wp-json\/wp\/v2\/product_tag?post=17172"}],"curies":[{"name":"wp","href":"https:\/\/api.w.org\/{rel}","templated":true}]}}