{"id":17161,"date":"2025-07-09T11:30:24","date_gmt":"2025-07-09T08:30:24","guid":{"rendered":"https:\/\/ranoja.ee\/?post_type=product&#038;p=17161"},"modified":"2026-04-29T10:16:41","modified_gmt":"2026-04-29T07:16:41","slug":"ego-7-5ah-aku-3p-420wh","status":"publish","type":"product","link":"https:\/\/ranoja.ee\/en\/toode\/ego-7-5ah-aku-3p-420wh\/","title":{"rendered":"EGO 7.5AH AKU (3P 420WH)"},"content":{"rendered":"<p>S\u00f5ltuvalt tootest saate \u00fche laadimisega niita kuni 1200 ruutmeetrit, niita kuni 210 minutit, niita hekki kuni 225 minutit, saagida kuni 450 l\u00f5ike v\u00f5i puhuda lehti kuni 300 minutit. Uuenduslik kaarekuju v\u00f5itleb \u00fclekuumenemise vastu ja maksimeerib t\u00f6\u00f6aega, nii et saate kauem t\u00f6\u00f6tada.<\/p>\n<p>Akud: EGO 7.5AH AKU (3P 420WH)<br \/>\nEGO POWER+ 56V 7,5Ah aku kasutab t\u00f6\u00f6stusharu juhtivat ARC Lithium\u2122 tehnoloogiat, et pakkuda Power Beyond Belief\u2122 ja \u00fchildub k\u00f5igi EGO v\u00e4litingimustes kasutatavate elektriseadmetega. 7,5Ah ARC Lithium\u2122 aku on n\u00fc\u00fcd varustatud t\u00e4iustatud k\u00fctusem\u00f5\u00f5tjaga. Uus sisseehitatud m\u00e4rgutuli v\u00f5imaldab teil n\u00e4ha, kui palju t\u00f6\u00f6aega on veel j\u00e4\u00e4nud. Toitenuppu \u00fcmbritsevate 5 segmendi abil n\u00e4ete n\u00fc\u00fcd 20% kaupa, kui palju aku energiat on j\u00e4\u00e4nud.<\/p>\n<p>Laadimise puhul v\u00f5imaldab ventilaatoriga jahutuss\u00fcsteem aku laadimist kiiremini alustada ja kiiremini l\u00f5petada. Meie standardlaadijaga on t\u00e4ielik laadimisaeg 145 minutit, kuid meie kiirlaadija kasutamisel l\u00fcheneb see aeg m\u00e4rkimisv\u00e4\u00e4rselt, vaid 60 minutini.<br \/>\nLaadijad:<br \/>\n\u00dchilduvus: Laadija peab olema \u00fchilduv aku t\u00fc\u00fcbiga, mida kasutatakse konkreetse t\u00f6\u00f6riista jaoks. N\u00e4iteks ei saa NiCd-akut laadida Li-ion-laadijaga.<br \/>\nLaadimiskiirus: Laadijad v\u00f5ivad varieeruda oma laadimiskiiruse ja v\u00f5imekuse poolest. Kiirlaadijad v\u00f5imaldavad l\u00fchemat laadimisaega, kuid v\u00f5ivad akut kuumeneda rohkem.<br \/>\nTurvalisusfunktsioonid: Enamik kaasaegseid laadijaid on varustatud turvalisusfunktsioonidega, n\u00e4iteks \u00fclelaadimiskaitse, l\u00fchisekaitse ja \u00fclekuumenemiskaitse, et kaitsta akut ja kasutajat.<\/p>\n<p>Hooldus:<br \/>\nTemperatuur: Aku ja laadija tuleks hoida \u00f5igel temperatuuril vastavalt tootja soovitustele, et tagada nende optimaalne j\u00f5udlus ja ohutus.<br \/>\nHooldus: Aku tuleks hoida laetuna, kuid v\u00e4ltida tuleks s\u00fcgavat t\u00fchjenemist. Samuti tuleks akut ja laadijat hoida puhtana ja tolmust vabana.<br \/>\nAkude ja laadijate korralik hooldamine ja kasutamine on oluline, et tagada t\u00f6\u00f6riistade t\u00f5rgeteta toimimine ja pikendada nende kasutusiga. Enne akude laadimist v\u00f5i hooldamist veenduge alati, et olete tutvunud tootja juhistega ja j\u00e4rgige ohutusn\u00f5udeid.<\/p>\n","protected":false},"excerpt":{"rendered":"<p>EGO 7.5AH AKU (3P 420WH)<br \/>\nAku<br \/>\n56V ARC<br \/>\nLithium \u00dcLEKUUMENEMISE VASTANE TEHNOLOOGIA<br \/>\nMahutuvus 7,5ah<br \/>\nLed indikaator n\u00e4itab aku t\u00e4ituvust<br \/>\nLaadimisaeg max. 145min (kiirlaadija 60min)<br \/>\n<strong>Aku sobib k\u00f5ikidele EGO Power + seeria akut\u00f6\u00f6riistadele!<\/strong><br \/>\n<span style=\"color: #000000;\"><strong>Garantii kuni 3 aastat<\/strong><\/span><br \/>\n<strong><span style=\"color: #339966;\">ANTUD SEADMEGA SAAB TUTVUDA MEIE PAIDE ESINDUSES KOHAPEAL!<\/span><\/strong><\/p>\n","protected":false},"featured_media":17157,"template":"","meta":{"inline_featured_image":false},"product_cat":[1115,1094],"product_tag":[1828,192,195,1832,1827,1826],"class_list":{"0":"post-17161","1":"product","2":"type-product","3":"status-publish","4":"has-post-thumbnail","6":"product_brand-ego-power","7":"product_cat-akud-ja-laadijad","8":"product_cat-akutooriistad","9":"product_tag-56v","10":"product_tag-aku","11":"product_tag-akutooriist","12":"product_tag-ba4200t","13":"product_tag-ego","14":"product_tag-ego-power","16":"first","17":"instock","18":"taxable","19":"shipping-taxable","20":"purchasable","21":"product-type-simple"},"yoast_head":"<!-- This site is optimized with the Yoast SEO plugin v27.4 - https:\/\/yoast.com\/product\/yoast-seo-wordpress\/ -->\n<title>EGO 7.5AH AKU (3P 420WH)<\/title>\n<meta name=\"description\" content=\"EGO 7.5AH AKU (3P 420WH), Aku 56V, ARC Lithium, Mahutuvus 7,5ah, Led indikaator n\u00e4itab aku t\u00e4ituvust, Laadimisaeg max. 145min, sobib EGO power+ seadmetele.\" \/>\n<meta name=\"robots\" content=\"index, follow, max-snippet:-1, max-image-preview:large, max-video-preview:-1\" \/>\n<link rel=\"canonical\" href=\"https:\/\/ranoja.ee\/toode\/ego-7-5ah-aku-3p-420wh\/\" \/>\n<meta property=\"og:locale\" content=\"en_US\" \/>\n<meta property=\"og:type\" content=\"article\" \/>\n<meta property=\"og:title\" content=\"EGO 7.5AH AKU (3P 420WH)\" \/>\n<meta property=\"og:description\" content=\"EGO 7.5AH AKU (3P 420WH), Aku 56V, ARC Lithium, Mahutuvus 7,5ah, Led indikaator n\u00e4itab aku t\u00e4ituvust, Laadimisaeg max. 145min, sobib EGO power+ seadmetele.\" \/>\n<meta property=\"og:url\" content=\"https:\/\/ranoja.ee\/toode\/ego-7-5ah-aku-3p-420wh\/\" \/>\n<meta property=\"og:site_name\" content=\"Ranoja\" \/>\n<meta property=\"article:publisher\" content=\"https:\/\/www.facebook.com\/ranoja.ee\" \/>\n<meta property=\"article:modified_time\" content=\"2026-04-29T07:16:41+00:00\" \/>\n<meta property=\"og:image\" content=\"https:\/\/ranoja.ee\/wp-content\/uploads\/2025\/07\/EGO-6.0AH-AKU-336WH.png\" \/>\n\t<meta property=\"og:image:width\" content=\"800\" \/>\n\t<meta property=\"og:image:height\" content=\"566\" \/>\n\t<meta property=\"og:image:type\" content=\"image\/png\" \/>\n<meta name=\"twitter:card\" content=\"summary_large_image\" \/>\n<meta name=\"twitter:label1\" content=\"Est. reading time\" \/>\n\t<meta name=\"twitter:data1\" content=\"2 minutes\" \/>\n<script type=\"application\/ld+json\" class=\"yoast-schema-graph\">{\"@context\":\"https:\\\/\\\/schema.org\",\"@graph\":[{\"@type\":\"WebPage\",\"@id\":\"https:\\\/\\\/ranoja.ee\\\/toode\\\/ego-7-5ah-aku-3p-420wh\\\/\",\"url\":\"https:\\\/\\\/ranoja.ee\\\/toode\\\/ego-7-5ah-aku-3p-420wh\\\/\",\"name\":\"EGO 7.5AH AKU (3P 420WH)\",\"isPartOf\":{\"@id\":\"https:\\\/\\\/ranoja.ee\\\/#website\"},\"primaryImageOfPage\":{\"@id\":\"https:\\\/\\\/ranoja.ee\\\/toode\\\/ego-7-5ah-aku-3p-420wh\\\/#primaryimage\"},\"image\":{\"@id\":\"https:\\\/\\\/ranoja.ee\\\/toode\\\/ego-7-5ah-aku-3p-420wh\\\/#primaryimage\"},\"thumbnailUrl\":\"https:\\\/\\\/ranoja.ee\\\/wp-content\\\/uploads\\\/2025\\\/07\\\/EGO-6.0AH-AKU-336WH.png\",\"datePublished\":\"2025-07-09T08:30:24+00:00\",\"dateModified\":\"2026-04-29T07:16:41+00:00\",\"description\":\"EGO 7.5AH AKU (3P 420WH), Aku 56V, ARC Lithium, Mahutuvus 7,5ah, Led indikaator n\u00e4itab aku t\u00e4ituvust, Laadimisaeg max. 145min, sobib EGO power+ seadmetele.\",\"breadcrumb\":{\"@id\":\"https:\\\/\\\/ranoja.ee\\\/toode\\\/ego-7-5ah-aku-3p-420wh\\\/#breadcrumb\"},\"inLanguage\":\"en-US\",\"potentialAction\":[{\"@type\":\"ReadAction\",\"target\":[\"https:\\\/\\\/ranoja.ee\\\/toode\\\/ego-7-5ah-aku-3p-420wh\\\/\"]}]},{\"@type\":\"ImageObject\",\"inLanguage\":\"en-US\",\"@id\":\"https:\\\/\\\/ranoja.ee\\\/toode\\\/ego-7-5ah-aku-3p-420wh\\\/#primaryimage\",\"url\":\"https:\\\/\\\/ranoja.ee\\\/wp-content\\\/uploads\\\/2025\\\/07\\\/EGO-6.0AH-AKU-336WH.png\",\"contentUrl\":\"https:\\\/\\\/ranoja.ee\\\/wp-content\\\/uploads\\\/2025\\\/07\\\/EGO-6.0AH-AKU-336WH.png\",\"width\":800,\"height\":566,\"caption\":\"EGO 7.5AH AKU (3P 420WH)\"},{\"@type\":\"BreadcrumbList\",\"@id\":\"https:\\\/\\\/ranoja.ee\\\/toode\\\/ego-7-5ah-aku-3p-420wh\\\/#breadcrumb\",\"itemListElement\":[{\"@type\":\"ListItem\",\"position\":1,\"name\":\"Home\",\"item\":\"https:\\\/\\\/ranoja.ee\\\/\"},{\"@type\":\"ListItem\",\"position\":2,\"name\":\"Shop\",\"item\":\"https:\\\/\\\/ranoja.ee\\\/en\\\/shop\\\/\"},{\"@type\":\"ListItem\",\"position\":3,\"name\":\"EGO 7.5AH AKU (3P 420WH)\"}]},{\"@type\":\"WebSite\",\"@id\":\"https:\\\/\\\/ranoja.ee\\\/#website\",\"url\":\"https:\\\/\\\/ranoja.ee\\\/\",\"name\":\"Ranoja\",\"description\":\"Equipment Shop WooCommerce WordPress Theme for Machine &amp; Tools\",\"publisher\":{\"@id\":\"https:\\\/\\\/ranoja.ee\\\/#organization\"},\"potentialAction\":[{\"@type\":\"SearchAction\",\"target\":{\"@type\":\"EntryPoint\",\"urlTemplate\":\"https:\\\/\\\/ranoja.ee\\\/?s={search_term_string}\"},\"query-input\":{\"@type\":\"PropertyValueSpecification\",\"valueRequired\":true,\"valueName\":\"search_term_string\"}}],\"inLanguage\":\"en-US\"},{\"@type\":\"Organization\",\"@id\":\"https:\\\/\\\/ranoja.ee\\\/#organization\",\"name\":\"Ranoja O\u00dc\",\"url\":\"https:\\\/\\\/ranoja.ee\\\/\",\"logo\":{\"@type\":\"ImageObject\",\"inLanguage\":\"en-US\",\"@id\":\"https:\\\/\\\/ranoja.ee\\\/#\\\/schema\\\/logo\\\/image\\\/\",\"url\":\"https:\\\/\\\/ranoja.ee\\\/wp-content\\\/uploads\\\/2023\\\/11\\\/ranoja-Logo.png\",\"contentUrl\":\"https:\\\/\\\/ranoja.ee\\\/wp-content\\\/uploads\\\/2023\\\/11\\\/ranoja-Logo.png\",\"width\":207,\"height\":58,\"caption\":\"Ranoja O\u00dc\"},\"image\":{\"@id\":\"https:\\\/\\\/ranoja.ee\\\/#\\\/schema\\\/logo\\\/image\\\/\"},\"sameAs\":[\"https:\\\/\\\/www.facebook.com\\\/ranoja.ee\",\"https:\\\/\\\/www.instagram.com\\\/ranoja__\\\/\"]}]}<\/script>\n<!-- \/ Yoast SEO plugin. -->","yoast_head_json":{"title":"EGO 7.5AH AKU (3P 420WH)","description":"EGO 7.5AH AKU (3P 420WH), Aku 56V, ARC Lithium, Mahutuvus 7,5ah, Led indikaator n\u00e4itab aku t\u00e4ituvust, Laadimisaeg max. 145min, sobib EGO power+ seadmetele.","robots":{"index":"index","follow":"follow","max-snippet":"max-snippet:-1","max-image-preview":"max-image-preview:large","max-video-preview":"max-video-preview:-1"},"canonical":"https:\/\/ranoja.ee\/toode\/ego-7-5ah-aku-3p-420wh\/","og_locale":"en_US","og_type":"article","og_title":"EGO 7.5AH AKU (3P 420WH)","og_description":"EGO 7.5AH AKU (3P 420WH), Aku 56V, ARC Lithium, Mahutuvus 7,5ah, Led indikaator n\u00e4itab aku t\u00e4ituvust, Laadimisaeg max. 145min, sobib EGO power+ seadmetele.","og_url":"https:\/\/ranoja.ee\/toode\/ego-7-5ah-aku-3p-420wh\/","og_site_name":"Ranoja","article_publisher":"https:\/\/www.facebook.com\/ranoja.ee","article_modified_time":"2026-04-29T07:16:41+00:00","og_image":[{"width":800,"height":566,"url":"https:\/\/ranoja.ee\/wp-content\/uploads\/2025\/07\/EGO-6.0AH-AKU-336WH.png","type":"image\/png"}],"twitter_card":"summary_large_image","twitter_misc":{"Est. reading time":"2 minutes"},"schema":{"@context":"https:\/\/schema.org","@graph":[{"@type":"WebPage","@id":"https:\/\/ranoja.ee\/toode\/ego-7-5ah-aku-3p-420wh\/","url":"https:\/\/ranoja.ee\/toode\/ego-7-5ah-aku-3p-420wh\/","name":"EGO 7.5AH AKU (3P 420WH)","isPartOf":{"@id":"https:\/\/ranoja.ee\/#website"},"primaryImageOfPage":{"@id":"https:\/\/ranoja.ee\/toode\/ego-7-5ah-aku-3p-420wh\/#primaryimage"},"image":{"@id":"https:\/\/ranoja.ee\/toode\/ego-7-5ah-aku-3p-420wh\/#primaryimage"},"thumbnailUrl":"https:\/\/ranoja.ee\/wp-content\/uploads\/2025\/07\/EGO-6.0AH-AKU-336WH.png","datePublished":"2025-07-09T08:30:24+00:00","dateModified":"2026-04-29T07:16:41+00:00","description":"EGO 7.5AH AKU (3P 420WH), Aku 56V, ARC Lithium, Mahutuvus 7,5ah, Led indikaator n\u00e4itab aku t\u00e4ituvust, Laadimisaeg max. 145min, sobib EGO power+ seadmetele.","breadcrumb":{"@id":"https:\/\/ranoja.ee\/toode\/ego-7-5ah-aku-3p-420wh\/#breadcrumb"},"inLanguage":"en-US","potentialAction":[{"@type":"ReadAction","target":["https:\/\/ranoja.ee\/toode\/ego-7-5ah-aku-3p-420wh\/"]}]},{"@type":"ImageObject","inLanguage":"en-US","@id":"https:\/\/ranoja.ee\/toode\/ego-7-5ah-aku-3p-420wh\/#primaryimage","url":"https:\/\/ranoja.ee\/wp-content\/uploads\/2025\/07\/EGO-6.0AH-AKU-336WH.png","contentUrl":"https:\/\/ranoja.ee\/wp-content\/uploads\/2025\/07\/EGO-6.0AH-AKU-336WH.png","width":800,"height":566,"caption":"EGO 7.5AH AKU (3P 420WH)"},{"@type":"BreadcrumbList","@id":"https:\/\/ranoja.ee\/toode\/ego-7-5ah-aku-3p-420wh\/#breadcrumb","itemListElement":[{"@type":"ListItem","position":1,"name":"Home","item":"https:\/\/ranoja.ee\/"},{"@type":"ListItem","position":2,"name":"Shop","item":"https:\/\/ranoja.ee\/en\/shop\/"},{"@type":"ListItem","position":3,"name":"EGO 7.5AH AKU (3P 420WH)"}]},{"@type":"WebSite","@id":"https:\/\/ranoja.ee\/#website","url":"https:\/\/ranoja.ee\/","name":"Ranoja","description":"Equipment Shop WooCommerce WordPress Theme for Machine &amp; Tools","publisher":{"@id":"https:\/\/ranoja.ee\/#organization"},"potentialAction":[{"@type":"SearchAction","target":{"@type":"EntryPoint","urlTemplate":"https:\/\/ranoja.ee\/?s={search_term_string}"},"query-input":{"@type":"PropertyValueSpecification","valueRequired":true,"valueName":"search_term_string"}}],"inLanguage":"en-US"},{"@type":"Organization","@id":"https:\/\/ranoja.ee\/#organization","name":"Ranoja O\u00dc","url":"https:\/\/ranoja.ee\/","logo":{"@type":"ImageObject","inLanguage":"en-US","@id":"https:\/\/ranoja.ee\/#\/schema\/logo\/image\/","url":"https:\/\/ranoja.ee\/wp-content\/uploads\/2023\/11\/ranoja-Logo.png","contentUrl":"https:\/\/ranoja.ee\/wp-content\/uploads\/2023\/11\/ranoja-Logo.png","width":207,"height":58,"caption":"Ranoja O\u00dc"},"image":{"@id":"https:\/\/ranoja.ee\/#\/schema\/logo\/image\/"},"sameAs":["https:\/\/www.facebook.com\/ranoja.ee","https:\/\/www.instagram.com\/ranoja__\/"]}]}},"_links":{"self":[{"href":"https:\/\/ranoja.ee\/en\/wp-json\/wp\/v2\/product\/17161","targetHints":{"allow":["GET"]}}],"collection":[{"href":"https:\/\/ranoja.ee\/en\/wp-json\/wp\/v2\/product"}],"about":[{"href":"https:\/\/ranoja.ee\/en\/wp-json\/wp\/v2\/types\/product"}],"wp:featuredmedia":[{"embeddable":true,"href":"https:\/\/ranoja.ee\/en\/wp-json\/wp\/v2\/media\/17157"}],"wp:attachment":[{"href":"https:\/\/ranoja.ee\/en\/wp-json\/wp\/v2\/media?parent=17161"}],"wp:term":[{"taxonomy":"product_cat","embeddable":true,"href":"https:\/\/ranoja.ee\/en\/wp-json\/wp\/v2\/product_cat?post=17161"},{"taxonomy":"product_tag","embeddable":true,"href":"https:\/\/ranoja.ee\/en\/wp-json\/wp\/v2\/product_tag?post=17161"}],"curies":[{"name":"wp","href":"https:\/\/api.w.org\/{rel}","templated":true}]}}