{"id":17156,"date":"2025-07-09T11:24:03","date_gmt":"2025-07-09T08:24:03","guid":{"rendered":"https:\/\/ranoja.ee\/?post_type=product&#038;p=17156"},"modified":"2026-04-29T10:16:41","modified_gmt":"2026-04-29T07:16:41","slug":"ego-6-0ah-aku-3p-336wh","status":"publish","type":"product","link":"https:\/\/ranoja.ee\/en\/toode\/ego-6-0ah-aku-3p-336wh\/","title":{"rendered":"EGO 6.0AH AKU (3P 336WH)"},"content":{"rendered":"<p>Alates k\u00f5ige kergemast 2,5Ah akust kuni suurima 12Ah akuni, mida suuremad on akud, seda suurem on ka nende v\u00f5imsus ja t\u00f6\u00f6aeg. \u00dcksk\u00f5ik, millise mudeli te valite, on need k\u00f5ik loodud optimaalse j\u00f5udluse saavutamiseks ja sobivad k\u00f5ikidele EGO t\u00f6\u00f6riistadele.<\/p>\n<p>Akud: EGO 6.0AH AKU (3P 336WH)<br \/>\nT\u00fc\u00fcbid: Akut\u00f6\u00f6riistade jaoks kasutatakse tavaliselt mitmeid erinevaid akut\u00fc\u00fcpe, sealhulgas nikkel-kadmiumpatareisid (NiCd), nikkel-metallh\u00fcdriidakusid (NiMH) ja liitiumioonakusid (Li-ion).<br \/>\nMahutavus: Akude mahutavus m\u00e4\u00e4rab nende energiakoguse ja t\u00f6\u00f6aja \u00fche laadimise kohta. Suurema mahutavusega akud pakuvad pikemat t\u00f6\u00f6aega, kuid v\u00f5ivad olla raskemad ja kallimad.<\/p>\n<p>Laadijad:<br \/>\n\u00dchilduvus: Laadija peab olema \u00fchilduv aku t\u00fc\u00fcbiga, mida kasutatakse konkreetse t\u00f6\u00f6riista jaoks. N\u00e4iteks ei saa NiCd-akut laadida Li-ion-laadijaga.<br \/>\nLaadimiskiirus: Laadijad v\u00f5ivad varieeruda oma laadimiskiiruse ja v\u00f5imekuse poolest. Kiirlaadijad v\u00f5imaldavad l\u00fchemat laadimisaega, kuid v\u00f5ivad akut kuumeneda rohkem.<br \/>\nTurvalisusfunktsioonid: Enamik kaasaegseid laadijaid on varustatud turvalisusfunktsioonidega, n\u00e4iteks \u00fclelaadimiskaitse, l\u00fchisekaitse ja \u00fclekuumenemiskaitse, et kaitsta akut ja kasutajat.<\/p>\n<p>Hooldus:<br \/>\nTemperatuur: Aku ja laadija tuleks hoida \u00f5igel temperatuuril vastavalt tootja soovitustele, et tagada nende optimaalne j\u00f5udlus ja ohutus.<br \/>\nHooldus: Aku tuleks hoida laetuna, kuid v\u00e4ltida tuleks s\u00fcgavat t\u00fchjenemist. Samuti tuleks akut ja laadijat hoida puhtana ja tolmust vabana.<br \/>\nAkude ja laadijate korralik hooldamine ja kasutamine on oluline, et tagada t\u00f6\u00f6riistade t\u00f5rgeteta toimimine ja pikendada nende kasutusiga. Enne akude laadimist v\u00f5i hooldamist veenduge alati, et olete tutvunud tootja juhistega ja j\u00e4rgige ohutusn\u00f5udeid.<\/p>\n","protected":false},"excerpt":{"rendered":"<p>EGO 6.0AH AKU (3P 336WH)<br \/>\nAku<br \/>\n56V ARC<br \/>\nLithium \u00dcLEKUUMENEMISE VASTANE TEHNOLOOGIA<br \/>\nMahutuvus 6,0ah<br \/>\nLed indikaator n\u00e4itab aku t\u00e4ituvust<br \/>\nLaadimisaeg max. 100min (kiirlaadija 40min)<br \/>\n<strong>Aku sobib k\u00f5ikidele EGO Power + seeria akut\u00f6\u00f6riistadele!<\/strong><br \/>\n<span style=\"color: #000000;\"><strong>Garantii kuni 3 aastat<\/strong><\/span><br \/>\n<strong><span style=\"color: #339966;\">ANTUD SEADMEGA SAAB TUTVUDA MEIE PAIDE ESINDUSES KOHAPEAL!<\/span><\/strong><\/p>\n","protected":false},"featured_media":17157,"template":"","meta":{"inline_featured_image":false},"product_cat":[1115,1094],"product_tag":[1828,192,195,1831,1827,1826],"class_list":{"0":"post-17156","1":"product","2":"type-product","3":"status-publish","4":"has-post-thumbnail","6":"product_brand-ego-power","7":"product_cat-akud-ja-laadijad","8":"product_cat-akutooriistad","9":"product_tag-56v","10":"product_tag-aku","11":"product_tag-akutooriist","12":"product_tag-ba3360t","13":"product_tag-ego","14":"product_tag-ego-power","16":"first","17":"instock","18":"taxable","19":"shipping-taxable","20":"purchasable","21":"product-type-simple"},"yoast_head":"<!-- This site is optimized with the Yoast SEO plugin v27.4 - https:\/\/yoast.com\/product\/yoast-seo-wordpress\/ -->\n<title>EGO 6.0AH AKU (3P 336WH)<\/title>\n<meta name=\"description\" content=\"EGO 6.0AH AKU (3P 336WH), Aku 56V, ARC Lithium, Mahutuvus 6,0ah, Led indikaator n\u00e4itab aku t\u00e4ituvust, Laadimisaeg max. 100min, sobib EGO power+ seadmetele.\" \/>\n<meta name=\"robots\" content=\"index, follow, max-snippet:-1, max-image-preview:large, max-video-preview:-1\" \/>\n<link rel=\"canonical\" href=\"https:\/\/ranoja.ee\/toode\/ego-6-0ah-aku-3p-336wh\/\" \/>\n<meta property=\"og:locale\" content=\"en_US\" \/>\n<meta property=\"og:type\" content=\"article\" \/>\n<meta property=\"og:title\" content=\"EGO 6.0AH AKU (3P 336WH)\" \/>\n<meta property=\"og:description\" content=\"EGO 6.0AH AKU (3P 336WH), Aku 56V, ARC Lithium, Mahutuvus 6,0ah, Led indikaator n\u00e4itab aku t\u00e4ituvust, Laadimisaeg max. 100min, sobib EGO power+ seadmetele.\" \/>\n<meta property=\"og:url\" content=\"https:\/\/ranoja.ee\/toode\/ego-6-0ah-aku-3p-336wh\/\" \/>\n<meta property=\"og:site_name\" content=\"Ranoja\" \/>\n<meta property=\"article:publisher\" content=\"https:\/\/www.facebook.com\/ranoja.ee\" \/>\n<meta property=\"article:modified_time\" content=\"2026-04-29T07:16:41+00:00\" \/>\n<meta property=\"og:image\" content=\"https:\/\/ranoja.ee\/wp-content\/uploads\/2025\/07\/EGO-6.0AH-AKU-336WH.png\" \/>\n\t<meta property=\"og:image:width\" content=\"800\" \/>\n\t<meta property=\"og:image:height\" content=\"566\" \/>\n\t<meta property=\"og:image:type\" content=\"image\/png\" \/>\n<meta name=\"twitter:card\" content=\"summary_large_image\" \/>\n<meta name=\"twitter:label1\" content=\"Est. reading time\" \/>\n\t<meta name=\"twitter:data1\" content=\"2 minutes\" \/>\n<script type=\"application\/ld+json\" class=\"yoast-schema-graph\">{\"@context\":\"https:\\\/\\\/schema.org\",\"@graph\":[{\"@type\":\"WebPage\",\"@id\":\"https:\\\/\\\/ranoja.ee\\\/toode\\\/ego-6-0ah-aku-3p-336wh\\\/\",\"url\":\"https:\\\/\\\/ranoja.ee\\\/toode\\\/ego-6-0ah-aku-3p-336wh\\\/\",\"name\":\"EGO 6.0AH AKU (3P 336WH)\",\"isPartOf\":{\"@id\":\"https:\\\/\\\/ranoja.ee\\\/#website\"},\"primaryImageOfPage\":{\"@id\":\"https:\\\/\\\/ranoja.ee\\\/toode\\\/ego-6-0ah-aku-3p-336wh\\\/#primaryimage\"},\"image\":{\"@id\":\"https:\\\/\\\/ranoja.ee\\\/toode\\\/ego-6-0ah-aku-3p-336wh\\\/#primaryimage\"},\"thumbnailUrl\":\"https:\\\/\\\/ranoja.ee\\\/wp-content\\\/uploads\\\/2025\\\/07\\\/EGO-6.0AH-AKU-336WH.png\",\"datePublished\":\"2025-07-09T08:24:03+00:00\",\"dateModified\":\"2026-04-29T07:16:41+00:00\",\"description\":\"EGO 6.0AH AKU (3P 336WH), Aku 56V, ARC Lithium, Mahutuvus 6,0ah, Led indikaator n\u00e4itab aku t\u00e4ituvust, Laadimisaeg max. 100min, sobib EGO power+ seadmetele.\",\"breadcrumb\":{\"@id\":\"https:\\\/\\\/ranoja.ee\\\/toode\\\/ego-6-0ah-aku-3p-336wh\\\/#breadcrumb\"},\"inLanguage\":\"en-US\",\"potentialAction\":[{\"@type\":\"ReadAction\",\"target\":[\"https:\\\/\\\/ranoja.ee\\\/toode\\\/ego-6-0ah-aku-3p-336wh\\\/\"]}]},{\"@type\":\"ImageObject\",\"inLanguage\":\"en-US\",\"@id\":\"https:\\\/\\\/ranoja.ee\\\/toode\\\/ego-6-0ah-aku-3p-336wh\\\/#primaryimage\",\"url\":\"https:\\\/\\\/ranoja.ee\\\/wp-content\\\/uploads\\\/2025\\\/07\\\/EGO-6.0AH-AKU-336WH.png\",\"contentUrl\":\"https:\\\/\\\/ranoja.ee\\\/wp-content\\\/uploads\\\/2025\\\/07\\\/EGO-6.0AH-AKU-336WH.png\",\"width\":800,\"height\":566,\"caption\":\"EGO 7.5AH AKU (3P 420WH)\"},{\"@type\":\"BreadcrumbList\",\"@id\":\"https:\\\/\\\/ranoja.ee\\\/toode\\\/ego-6-0ah-aku-3p-336wh\\\/#breadcrumb\",\"itemListElement\":[{\"@type\":\"ListItem\",\"position\":1,\"name\":\"Home\",\"item\":\"https:\\\/\\\/ranoja.ee\\\/\"},{\"@type\":\"ListItem\",\"position\":2,\"name\":\"Shop\",\"item\":\"https:\\\/\\\/ranoja.ee\\\/en\\\/shop\\\/\"},{\"@type\":\"ListItem\",\"position\":3,\"name\":\"EGO 6.0AH AKU (3P 336WH)\"}]},{\"@type\":\"WebSite\",\"@id\":\"https:\\\/\\\/ranoja.ee\\\/#website\",\"url\":\"https:\\\/\\\/ranoja.ee\\\/\",\"name\":\"Ranoja\",\"description\":\"Equipment Shop WooCommerce WordPress Theme for Machine &amp; Tools\",\"publisher\":{\"@id\":\"https:\\\/\\\/ranoja.ee\\\/#organization\"},\"potentialAction\":[{\"@type\":\"SearchAction\",\"target\":{\"@type\":\"EntryPoint\",\"urlTemplate\":\"https:\\\/\\\/ranoja.ee\\\/?s={search_term_string}\"},\"query-input\":{\"@type\":\"PropertyValueSpecification\",\"valueRequired\":true,\"valueName\":\"search_term_string\"}}],\"inLanguage\":\"en-US\"},{\"@type\":\"Organization\",\"@id\":\"https:\\\/\\\/ranoja.ee\\\/#organization\",\"name\":\"Ranoja O\u00dc\",\"url\":\"https:\\\/\\\/ranoja.ee\\\/\",\"logo\":{\"@type\":\"ImageObject\",\"inLanguage\":\"en-US\",\"@id\":\"https:\\\/\\\/ranoja.ee\\\/#\\\/schema\\\/logo\\\/image\\\/\",\"url\":\"https:\\\/\\\/ranoja.ee\\\/wp-content\\\/uploads\\\/2023\\\/11\\\/ranoja-Logo.png\",\"contentUrl\":\"https:\\\/\\\/ranoja.ee\\\/wp-content\\\/uploads\\\/2023\\\/11\\\/ranoja-Logo.png\",\"width\":207,\"height\":58,\"caption\":\"Ranoja O\u00dc\"},\"image\":{\"@id\":\"https:\\\/\\\/ranoja.ee\\\/#\\\/schema\\\/logo\\\/image\\\/\"},\"sameAs\":[\"https:\\\/\\\/www.facebook.com\\\/ranoja.ee\",\"https:\\\/\\\/www.instagram.com\\\/ranoja__\\\/\"]}]}<\/script>\n<!-- \/ Yoast SEO plugin. -->","yoast_head_json":{"title":"EGO 6.0AH AKU (3P 336WH)","description":"EGO 6.0AH AKU (3P 336WH), Aku 56V, ARC Lithium, Mahutuvus 6,0ah, Led indikaator n\u00e4itab aku t\u00e4ituvust, Laadimisaeg max. 100min, sobib EGO power+ seadmetele.","robots":{"index":"index","follow":"follow","max-snippet":"max-snippet:-1","max-image-preview":"max-image-preview:large","max-video-preview":"max-video-preview:-1"},"canonical":"https:\/\/ranoja.ee\/toode\/ego-6-0ah-aku-3p-336wh\/","og_locale":"en_US","og_type":"article","og_title":"EGO 6.0AH AKU (3P 336WH)","og_description":"EGO 6.0AH AKU (3P 336WH), Aku 56V, ARC Lithium, Mahutuvus 6,0ah, Led indikaator n\u00e4itab aku t\u00e4ituvust, Laadimisaeg max. 100min, sobib EGO power+ seadmetele.","og_url":"https:\/\/ranoja.ee\/toode\/ego-6-0ah-aku-3p-336wh\/","og_site_name":"Ranoja","article_publisher":"https:\/\/www.facebook.com\/ranoja.ee","article_modified_time":"2026-04-29T07:16:41+00:00","og_image":[{"width":800,"height":566,"url":"https:\/\/ranoja.ee\/wp-content\/uploads\/2025\/07\/EGO-6.0AH-AKU-336WH.png","type":"image\/png"}],"twitter_card":"summary_large_image","twitter_misc":{"Est. reading time":"2 minutes"},"schema":{"@context":"https:\/\/schema.org","@graph":[{"@type":"WebPage","@id":"https:\/\/ranoja.ee\/toode\/ego-6-0ah-aku-3p-336wh\/","url":"https:\/\/ranoja.ee\/toode\/ego-6-0ah-aku-3p-336wh\/","name":"EGO 6.0AH AKU (3P 336WH)","isPartOf":{"@id":"https:\/\/ranoja.ee\/#website"},"primaryImageOfPage":{"@id":"https:\/\/ranoja.ee\/toode\/ego-6-0ah-aku-3p-336wh\/#primaryimage"},"image":{"@id":"https:\/\/ranoja.ee\/toode\/ego-6-0ah-aku-3p-336wh\/#primaryimage"},"thumbnailUrl":"https:\/\/ranoja.ee\/wp-content\/uploads\/2025\/07\/EGO-6.0AH-AKU-336WH.png","datePublished":"2025-07-09T08:24:03+00:00","dateModified":"2026-04-29T07:16:41+00:00","description":"EGO 6.0AH AKU (3P 336WH), Aku 56V, ARC Lithium, Mahutuvus 6,0ah, Led indikaator n\u00e4itab aku t\u00e4ituvust, Laadimisaeg max. 100min, sobib EGO power+ seadmetele.","breadcrumb":{"@id":"https:\/\/ranoja.ee\/toode\/ego-6-0ah-aku-3p-336wh\/#breadcrumb"},"inLanguage":"en-US","potentialAction":[{"@type":"ReadAction","target":["https:\/\/ranoja.ee\/toode\/ego-6-0ah-aku-3p-336wh\/"]}]},{"@type":"ImageObject","inLanguage":"en-US","@id":"https:\/\/ranoja.ee\/toode\/ego-6-0ah-aku-3p-336wh\/#primaryimage","url":"https:\/\/ranoja.ee\/wp-content\/uploads\/2025\/07\/EGO-6.0AH-AKU-336WH.png","contentUrl":"https:\/\/ranoja.ee\/wp-content\/uploads\/2025\/07\/EGO-6.0AH-AKU-336WH.png","width":800,"height":566,"caption":"EGO 7.5AH AKU (3P 420WH)"},{"@type":"BreadcrumbList","@id":"https:\/\/ranoja.ee\/toode\/ego-6-0ah-aku-3p-336wh\/#breadcrumb","itemListElement":[{"@type":"ListItem","position":1,"name":"Home","item":"https:\/\/ranoja.ee\/"},{"@type":"ListItem","position":2,"name":"Shop","item":"https:\/\/ranoja.ee\/en\/shop\/"},{"@type":"ListItem","position":3,"name":"EGO 6.0AH AKU (3P 336WH)"}]},{"@type":"WebSite","@id":"https:\/\/ranoja.ee\/#website","url":"https:\/\/ranoja.ee\/","name":"Ranoja","description":"Equipment Shop WooCommerce WordPress Theme for Machine &amp; Tools","publisher":{"@id":"https:\/\/ranoja.ee\/#organization"},"potentialAction":[{"@type":"SearchAction","target":{"@type":"EntryPoint","urlTemplate":"https:\/\/ranoja.ee\/?s={search_term_string}"},"query-input":{"@type":"PropertyValueSpecification","valueRequired":true,"valueName":"search_term_string"}}],"inLanguage":"en-US"},{"@type":"Organization","@id":"https:\/\/ranoja.ee\/#organization","name":"Ranoja O\u00dc","url":"https:\/\/ranoja.ee\/","logo":{"@type":"ImageObject","inLanguage":"en-US","@id":"https:\/\/ranoja.ee\/#\/schema\/logo\/image\/","url":"https:\/\/ranoja.ee\/wp-content\/uploads\/2023\/11\/ranoja-Logo.png","contentUrl":"https:\/\/ranoja.ee\/wp-content\/uploads\/2023\/11\/ranoja-Logo.png","width":207,"height":58,"caption":"Ranoja O\u00dc"},"image":{"@id":"https:\/\/ranoja.ee\/#\/schema\/logo\/image\/"},"sameAs":["https:\/\/www.facebook.com\/ranoja.ee","https:\/\/www.instagram.com\/ranoja__\/"]}]}},"_links":{"self":[{"href":"https:\/\/ranoja.ee\/en\/wp-json\/wp\/v2\/product\/17156","targetHints":{"allow":["GET"]}}],"collection":[{"href":"https:\/\/ranoja.ee\/en\/wp-json\/wp\/v2\/product"}],"about":[{"href":"https:\/\/ranoja.ee\/en\/wp-json\/wp\/v2\/types\/product"}],"wp:featuredmedia":[{"embeddable":true,"href":"https:\/\/ranoja.ee\/en\/wp-json\/wp\/v2\/media\/17157"}],"wp:attachment":[{"href":"https:\/\/ranoja.ee\/en\/wp-json\/wp\/v2\/media?parent=17156"}],"wp:term":[{"taxonomy":"product_cat","embeddable":true,"href":"https:\/\/ranoja.ee\/en\/wp-json\/wp\/v2\/product_cat?post=17156"},{"taxonomy":"product_tag","embeddable":true,"href":"https:\/\/ranoja.ee\/en\/wp-json\/wp\/v2\/product_tag?post=17156"}],"curies":[{"name":"wp","href":"https:\/\/api.w.org\/{rel}","templated":true}]}}