{"id":16347,"date":"2025-06-03T21:33:47","date_gmt":"2025-06-03T18:33:47","guid":{"rendered":"https:\/\/ranoja.ee\/?post_type=product&#038;p=16347"},"modified":"2025-12-10T14:01:42","modified_gmt":"2025-12-10T11:01:42","slug":"korgheina-hooldusniiduk-multsiteraga-hgm-87555-rent","status":"publish","type":"product","link":"https:\/\/ranoja.ee\/en\/toode\/korgheina-hooldusniiduk-multsiteraga-hgm-87555-rent\/","title":{"rendered":"K\u00f5rgheina \/ hooldusniiduk mult\u0161iteraga HGM 87555 (RENT)"},"content":{"rendered":"<p>K\u00f5rgheina \/ hooldusniiduk mult\u0161iteraga HGM 87555 (RENT)<br \/>\nLumagi j\u00e4relk\u00e4idav mult\u0161imisniiduk HGM-87555 on mitmek\u00fclgne seade aia- ja maastikuhoolduseks. Sellega saate niita ja purustada madalat kuni keskmise suurusega muru, et kasutada mahaj\u00e4\u00e4nud niidet looduslikuks v\u00e4etamiseks. Mult\u0161imisniiduk sobib ideaalselt tee\u00e4\u00e4rse haljastuse, liiklussaarte ja raskesti ligip\u00e4\u00e4setavate kinnistute hooldamiseks. T\u00e4nu oma kompaktsele disainile ja v\u00e4ikesele kaalule on HGM-87555 v\u00e4ga man\u00f6\u00f6verdatav ja lihtne kasutada. OREGON nuga tagab t\u00e4psed l\u00f5iketulemused. Selle mult\u0161imisniidukiga s\u00e4\u00e4state oma aia hooldamisel v\u00e4\u00e4rtuslikku aega ja vaeva.<br \/>\nLumag mult\u0161imisniiduk HGM 87555<\/p>\n<p>J\u00e4relk\u00e4idav mult\u0161imisniiduk on niiduk, mida juhitakse tavaliselt jalutades tagantpoolt. See niiduk niidab muru, purustab niidetud rohu v\u00e4ikesteks t\u00fckkideks ja seej\u00e4rel puhub need tagasi murule, tagades loodusliku v\u00e4etamise ja muru tervise parandamise. J\u00e4relk\u00e4idavad mult\u0161imisniidukid on populaarsed nii koduaedades kui ka suurematel murualadel, n\u00e4iteks parkides, spordiv\u00e4ljakutel, koolide muruplatsidel ja muudel avalikel aladel.<\/p>\n<p>Siin on m\u00f5ned olulised aspektid, mida tuleks j\u00e4relk\u00e4idava mult\u0161imisniiduki kasutamisel arvestada:<\/p>\n<p>Mult\u0161imise eelised: J\u00e4relk\u00e4idav mult\u0161imisniiduk pakub mitmeid eeliseid, sealhulgas niidetud rohu tagasipuhumine murule, mis aitab kaasa looduslikule v\u00e4etamisele ja aitab s\u00e4ilitada muru tervist.<br \/>\nSobiv niitmistingimus: Niidukit tuleks kasutada siis, kui muru on kuiv, kuna kuivatatud rohi purustatakse ja jaotub \u00fchtlasemalt. Niiske rohi v\u00f5ib niiduki t\u00f6\u00f6d raskendada ja p\u00f5hjustada eba\u00fchtlast mult\u0161imist.<br \/>\n\u00d5ige niitmisk\u00f5rgus: Valige sobiv niitmisk\u00f5rgus vastavalt oma muru t\u00fc\u00fcbile ja kasvule, et tagada optimaalne niitmine ja mult\u0161imine.<\/p>\n<p>J\u00e4relk\u00e4idavad mult\u0161imisniidukid on t\u00f5husad ja mugavad t\u00f6\u00f6riistad, mis aitavad hoida muru tervislikuna ja hooldatuna, v\u00e4hendades samal ajal vajadust niidetud rohu k\u00f5rvaldamise j\u00e4rele. Neid kasutatakse nii kodu- kui ka avalikel aladel, kus on vaja hoida muru korras ja atraktiivsena.<br \/>\nK\u00f5rgheina \/ hooldusniiduk mult\u0161iteraga HGM 87555 (RENT)<\/p>\n","protected":false},"excerpt":{"rendered":"<p>K\u00f5rgheina \/ hooldusniiduk mult\u0161iteraga HGM 87555 (RENT)<br \/>\nV\u00f5imas Briggs &amp; Stratton 875<br \/>\nL\u00f5ikelaius 550mm<br \/>\nMult\u0161itera<br \/>\nIse liikuv<br \/>\n*Mult\u0161niiduk sobib ideaalselt aia ja maastiku hooldamiseks, tee\u00e4\u00e4rte, liiklussaarte ja raskesti ligip\u00e4\u00e4setavate kinnistute niitmiseks!<br \/>\nKaal 70kg<br \/>\n<span style=\"color: #ff0000;\"><strong>Ainut 98 bensiini!<\/strong><\/span><br \/>\n<span style=\"color: #339966;\"><strong>HELISTA 56986800 v\u00f5i t\u00e4ida all p\u00e4ring! <\/p>\n[embed]https:\/\/www.youtube.com\/watch?v=NwDIFnO23X4[\/embed]\n","protected":false},"featured_media":16348,"template":"","meta":{"inline_featured_image":false},"product_cat":[154],"product_tag":[856,570,1820,1821,134,571,567],"class_list":{"0":"post-16347","1":"product","2":"type-product","3":"status-publish","4":"has-post-thumbnail","6":"product_brand-lumag","7":"product_cat-rent-jarvamaal","8":"product_tag-hgm-87555","9":"product_tag-hgm87555","10":"product_tag-hooldusniiduk","11":"product_tag-korgheinaniiduk","12":"product_tag-lumag","13":"product_tag-multsimisniiduk","14":"product_tag-niiduk","16":"first","17":"instock","18":"taxable","19":"shipping-taxable","20":"product-type-simple"},"yoast_head":"<!-- This site is optimized with the Yoast SEO plugin v27.4 - https:\/\/yoast.com\/product\/yoast-seo-wordpress\/ -->\n<title>K\u00f5rgheina \/ hooldusniiduk mult\u0161iteraga HGM 87555 (RENT)<\/title>\n<meta name=\"description\" content=\"K\u00f5rgheina \/ hooldusniiduk mult\u0161iteraga HGM 87555 (RENT) - rendi hooldusniiduk mis on ise vedav ning suurep\u00e4rane t\u00f6\u00f6riist kitsastes ja rasketes tingimustes!\" \/>\n<meta name=\"robots\" content=\"index, follow, max-snippet:-1, max-image-preview:large, max-video-preview:-1\" \/>\n<link rel=\"canonical\" href=\"https:\/\/ranoja.ee\/toode\/korgheina-hooldusniiduk-multsiteraga-hgm-87555-rent\/\" \/>\n<meta property=\"og:locale\" content=\"en_US\" \/>\n<meta property=\"og:type\" content=\"article\" \/>\n<meta property=\"og:title\" content=\"K\u00f5rgheina \/ hooldusniiduk mult\u0161iteraga HGM 87555 (RENT)\" \/>\n<meta property=\"og:description\" content=\"K\u00f5rgheina \/ hooldusniiduk mult\u0161iteraga HGM 87555 (RENT) - rendi hooldusniiduk mis on ise vedav ning suurep\u00e4rane t\u00f6\u00f6riist kitsastes ja rasketes tingimustes!\" \/>\n<meta property=\"og:url\" content=\"https:\/\/ranoja.ee\/toode\/korgheina-hooldusniiduk-multsiteraga-hgm-87555-rent\/\" \/>\n<meta property=\"og:site_name\" content=\"Ranoja\" \/>\n<meta property=\"article:publisher\" content=\"https:\/\/www.facebook.com\/ranoja.ee\" \/>\n<meta property=\"article:modified_time\" content=\"2025-12-10T11:01:42+00:00\" \/>\n<meta property=\"og:image\" content=\"https:\/\/ranoja.ee\/wp-content\/uploads\/2025\/06\/korgeheinaniiduk-hooldusniiduki-Rent.jpg\" \/>\n\t<meta property=\"og:image:width\" content=\"1600\" \/>\n\t<meta property=\"og:image:height\" content=\"1200\" \/>\n\t<meta property=\"og:image:type\" content=\"image\/jpeg\" \/>\n<meta name=\"twitter:card\" content=\"summary_large_image\" \/>\n<meta name=\"twitter:label1\" content=\"Est. reading time\" \/>\n\t<meta name=\"twitter:data1\" content=\"2 minutes\" \/>\n<script type=\"application\/ld+json\" class=\"yoast-schema-graph\">{\"@context\":\"https:\\\/\\\/schema.org\",\"@graph\":[{\"@type\":\"WebPage\",\"@id\":\"https:\\\/\\\/ranoja.ee\\\/toode\\\/korgheina-hooldusniiduk-multsiteraga-hgm-87555-rent\\\/\",\"url\":\"https:\\\/\\\/ranoja.ee\\\/toode\\\/korgheina-hooldusniiduk-multsiteraga-hgm-87555-rent\\\/\",\"name\":\"K\u00f5rgheina \\\/ hooldusniiduk mult\u0161iteraga HGM 87555 (RENT)\",\"isPartOf\":{\"@id\":\"https:\\\/\\\/ranoja.ee\\\/#website\"},\"primaryImageOfPage\":{\"@id\":\"https:\\\/\\\/ranoja.ee\\\/toode\\\/korgheina-hooldusniiduk-multsiteraga-hgm-87555-rent\\\/#primaryimage\"},\"image\":{\"@id\":\"https:\\\/\\\/ranoja.ee\\\/toode\\\/korgheina-hooldusniiduk-multsiteraga-hgm-87555-rent\\\/#primaryimage\"},\"thumbnailUrl\":\"https:\\\/\\\/ranoja.ee\\\/wp-content\\\/uploads\\\/2025\\\/06\\\/korgeheinaniiduk-hooldusniiduki-Rent.jpg\",\"datePublished\":\"2025-06-03T18:33:47+00:00\",\"dateModified\":\"2025-12-10T11:01:42+00:00\",\"description\":\"K\u00f5rgheina \\\/ hooldusniiduk mult\u0161iteraga HGM 87555 (RENT) - rendi hooldusniiduk mis on ise vedav ning suurep\u00e4rane t\u00f6\u00f6riist kitsastes ja rasketes tingimustes!\",\"breadcrumb\":{\"@id\":\"https:\\\/\\\/ranoja.ee\\\/toode\\\/korgheina-hooldusniiduk-multsiteraga-hgm-87555-rent\\\/#breadcrumb\"},\"inLanguage\":\"en-US\",\"potentialAction\":[{\"@type\":\"ReadAction\",\"target\":[\"https:\\\/\\\/ranoja.ee\\\/toode\\\/korgheina-hooldusniiduk-multsiteraga-hgm-87555-rent\\\/\"]}]},{\"@type\":\"ImageObject\",\"inLanguage\":\"en-US\",\"@id\":\"https:\\\/\\\/ranoja.ee\\\/toode\\\/korgheina-hooldusniiduk-multsiteraga-hgm-87555-rent\\\/#primaryimage\",\"url\":\"https:\\\/\\\/ranoja.ee\\\/wp-content\\\/uploads\\\/2025\\\/06\\\/korgeheinaniiduk-hooldusniiduki-Rent.jpg\",\"contentUrl\":\"https:\\\/\\\/ranoja.ee\\\/wp-content\\\/uploads\\\/2025\\\/06\\\/korgeheinaniiduk-hooldusniiduki-Rent.jpg\",\"width\":1600,\"height\":1200,\"caption\":\"k\u00f5rgeheinaniiduk - hooldusniiduki Rent\"},{\"@type\":\"BreadcrumbList\",\"@id\":\"https:\\\/\\\/ranoja.ee\\\/toode\\\/korgheina-hooldusniiduk-multsiteraga-hgm-87555-rent\\\/#breadcrumb\",\"itemListElement\":[{\"@type\":\"ListItem\",\"position\":1,\"name\":\"Home\",\"item\":\"https:\\\/\\\/ranoja.ee\\\/\"},{\"@type\":\"ListItem\",\"position\":2,\"name\":\"Shop\",\"item\":\"https:\\\/\\\/ranoja.ee\\\/en\\\/shop\\\/\"},{\"@type\":\"ListItem\",\"position\":3,\"name\":\"K\u00f5rgheina \\\/ hooldusniiduk mult\u0161iteraga HGM 87555 (RENT)\"}]},{\"@type\":\"WebSite\",\"@id\":\"https:\\\/\\\/ranoja.ee\\\/#website\",\"url\":\"https:\\\/\\\/ranoja.ee\\\/\",\"name\":\"Ranoja\",\"description\":\"Equipment Shop WooCommerce WordPress Theme for Machine &amp; Tools\",\"publisher\":{\"@id\":\"https:\\\/\\\/ranoja.ee\\\/#organization\"},\"potentialAction\":[{\"@type\":\"SearchAction\",\"target\":{\"@type\":\"EntryPoint\",\"urlTemplate\":\"https:\\\/\\\/ranoja.ee\\\/?s={search_term_string}\"},\"query-input\":{\"@type\":\"PropertyValueSpecification\",\"valueRequired\":true,\"valueName\":\"search_term_string\"}}],\"inLanguage\":\"en-US\"},{\"@type\":\"Organization\",\"@id\":\"https:\\\/\\\/ranoja.ee\\\/#organization\",\"name\":\"Ranoja O\u00dc\",\"url\":\"https:\\\/\\\/ranoja.ee\\\/\",\"logo\":{\"@type\":\"ImageObject\",\"inLanguage\":\"en-US\",\"@id\":\"https:\\\/\\\/ranoja.ee\\\/#\\\/schema\\\/logo\\\/image\\\/\",\"url\":\"https:\\\/\\\/ranoja.ee\\\/wp-content\\\/uploads\\\/2023\\\/11\\\/ranoja-Logo.png\",\"contentUrl\":\"https:\\\/\\\/ranoja.ee\\\/wp-content\\\/uploads\\\/2023\\\/11\\\/ranoja-Logo.png\",\"width\":207,\"height\":58,\"caption\":\"Ranoja O\u00dc\"},\"image\":{\"@id\":\"https:\\\/\\\/ranoja.ee\\\/#\\\/schema\\\/logo\\\/image\\\/\"},\"sameAs\":[\"https:\\\/\\\/www.facebook.com\\\/ranoja.ee\",\"https:\\\/\\\/www.instagram.com\\\/ranoja__\\\/\"]}]}<\/script>\n<!-- \/ Yoast SEO plugin. -->","yoast_head_json":{"title":"K\u00f5rgheina \/ hooldusniiduk mult\u0161iteraga HGM 87555 (RENT)","description":"K\u00f5rgheina \/ hooldusniiduk mult\u0161iteraga HGM 87555 (RENT) - rendi hooldusniiduk mis on ise vedav ning suurep\u00e4rane t\u00f6\u00f6riist kitsastes ja rasketes tingimustes!","robots":{"index":"index","follow":"follow","max-snippet":"max-snippet:-1","max-image-preview":"max-image-preview:large","max-video-preview":"max-video-preview:-1"},"canonical":"https:\/\/ranoja.ee\/toode\/korgheina-hooldusniiduk-multsiteraga-hgm-87555-rent\/","og_locale":"en_US","og_type":"article","og_title":"K\u00f5rgheina \/ hooldusniiduk mult\u0161iteraga HGM 87555 (RENT)","og_description":"K\u00f5rgheina \/ hooldusniiduk mult\u0161iteraga HGM 87555 (RENT) - rendi hooldusniiduk mis on ise vedav ning suurep\u00e4rane t\u00f6\u00f6riist kitsastes ja rasketes tingimustes!","og_url":"https:\/\/ranoja.ee\/toode\/korgheina-hooldusniiduk-multsiteraga-hgm-87555-rent\/","og_site_name":"Ranoja","article_publisher":"https:\/\/www.facebook.com\/ranoja.ee","article_modified_time":"2025-12-10T11:01:42+00:00","og_image":[{"width":1600,"height":1200,"url":"https:\/\/ranoja.ee\/wp-content\/uploads\/2025\/06\/korgeheinaniiduk-hooldusniiduki-Rent.jpg","type":"image\/jpeg"}],"twitter_card":"summary_large_image","twitter_misc":{"Est. reading time":"2 minutes"},"schema":{"@context":"https:\/\/schema.org","@graph":[{"@type":"WebPage","@id":"https:\/\/ranoja.ee\/toode\/korgheina-hooldusniiduk-multsiteraga-hgm-87555-rent\/","url":"https:\/\/ranoja.ee\/toode\/korgheina-hooldusniiduk-multsiteraga-hgm-87555-rent\/","name":"K\u00f5rgheina \/ hooldusniiduk mult\u0161iteraga HGM 87555 (RENT)","isPartOf":{"@id":"https:\/\/ranoja.ee\/#website"},"primaryImageOfPage":{"@id":"https:\/\/ranoja.ee\/toode\/korgheina-hooldusniiduk-multsiteraga-hgm-87555-rent\/#primaryimage"},"image":{"@id":"https:\/\/ranoja.ee\/toode\/korgheina-hooldusniiduk-multsiteraga-hgm-87555-rent\/#primaryimage"},"thumbnailUrl":"https:\/\/ranoja.ee\/wp-content\/uploads\/2025\/06\/korgeheinaniiduk-hooldusniiduki-Rent.jpg","datePublished":"2025-06-03T18:33:47+00:00","dateModified":"2025-12-10T11:01:42+00:00","description":"K\u00f5rgheina \/ hooldusniiduk mult\u0161iteraga HGM 87555 (RENT) - rendi hooldusniiduk mis on ise vedav ning suurep\u00e4rane t\u00f6\u00f6riist kitsastes ja rasketes tingimustes!","breadcrumb":{"@id":"https:\/\/ranoja.ee\/toode\/korgheina-hooldusniiduk-multsiteraga-hgm-87555-rent\/#breadcrumb"},"inLanguage":"en-US","potentialAction":[{"@type":"ReadAction","target":["https:\/\/ranoja.ee\/toode\/korgheina-hooldusniiduk-multsiteraga-hgm-87555-rent\/"]}]},{"@type":"ImageObject","inLanguage":"en-US","@id":"https:\/\/ranoja.ee\/toode\/korgheina-hooldusniiduk-multsiteraga-hgm-87555-rent\/#primaryimage","url":"https:\/\/ranoja.ee\/wp-content\/uploads\/2025\/06\/korgeheinaniiduk-hooldusniiduki-Rent.jpg","contentUrl":"https:\/\/ranoja.ee\/wp-content\/uploads\/2025\/06\/korgeheinaniiduk-hooldusniiduki-Rent.jpg","width":1600,"height":1200,"caption":"k\u00f5rgeheinaniiduk - hooldusniiduki Rent"},{"@type":"BreadcrumbList","@id":"https:\/\/ranoja.ee\/toode\/korgheina-hooldusniiduk-multsiteraga-hgm-87555-rent\/#breadcrumb","itemListElement":[{"@type":"ListItem","position":1,"name":"Home","item":"https:\/\/ranoja.ee\/"},{"@type":"ListItem","position":2,"name":"Shop","item":"https:\/\/ranoja.ee\/en\/shop\/"},{"@type":"ListItem","position":3,"name":"K\u00f5rgheina \/ hooldusniiduk mult\u0161iteraga HGM 87555 (RENT)"}]},{"@type":"WebSite","@id":"https:\/\/ranoja.ee\/#website","url":"https:\/\/ranoja.ee\/","name":"Ranoja","description":"Equipment Shop WooCommerce WordPress Theme for Machine &amp; Tools","publisher":{"@id":"https:\/\/ranoja.ee\/#organization"},"potentialAction":[{"@type":"SearchAction","target":{"@type":"EntryPoint","urlTemplate":"https:\/\/ranoja.ee\/?s={search_term_string}"},"query-input":{"@type":"PropertyValueSpecification","valueRequired":true,"valueName":"search_term_string"}}],"inLanguage":"en-US"},{"@type":"Organization","@id":"https:\/\/ranoja.ee\/#organization","name":"Ranoja O\u00dc","url":"https:\/\/ranoja.ee\/","logo":{"@type":"ImageObject","inLanguage":"en-US","@id":"https:\/\/ranoja.ee\/#\/schema\/logo\/image\/","url":"https:\/\/ranoja.ee\/wp-content\/uploads\/2023\/11\/ranoja-Logo.png","contentUrl":"https:\/\/ranoja.ee\/wp-content\/uploads\/2023\/11\/ranoja-Logo.png","width":207,"height":58,"caption":"Ranoja O\u00dc"},"image":{"@id":"https:\/\/ranoja.ee\/#\/schema\/logo\/image\/"},"sameAs":["https:\/\/www.facebook.com\/ranoja.ee","https:\/\/www.instagram.com\/ranoja__\/"]}]}},"_links":{"self":[{"href":"https:\/\/ranoja.ee\/en\/wp-json\/wp\/v2\/product\/16347","targetHints":{"allow":["GET"]}}],"collection":[{"href":"https:\/\/ranoja.ee\/en\/wp-json\/wp\/v2\/product"}],"about":[{"href":"https:\/\/ranoja.ee\/en\/wp-json\/wp\/v2\/types\/product"}],"wp:featuredmedia":[{"embeddable":true,"href":"https:\/\/ranoja.ee\/en\/wp-json\/wp\/v2\/media\/16348"}],"wp:attachment":[{"href":"https:\/\/ranoja.ee\/en\/wp-json\/wp\/v2\/media?parent=16347"}],"wp:term":[{"taxonomy":"product_cat","embeddable":true,"href":"https:\/\/ranoja.ee\/en\/wp-json\/wp\/v2\/product_cat?post=16347"},{"taxonomy":"product_tag","embeddable":true,"href":"https:\/\/ranoja.ee\/en\/wp-json\/wp\/v2\/product_tag?post=16347"}],"curies":[{"name":"wp","href":"https:\/\/api.w.org\/{rel}","templated":true}]}}