{"id":16107,"date":"2025-05-05T21:30:37","date_gmt":"2025-05-05T18:30:37","guid":{"rendered":"https:\/\/ranoja.ee\/?post_type=product&#038;p=16107"},"modified":"2025-12-10T13:14:42","modified_gmt":"2025-12-10T10:14:42","slug":"minikallur-cedrus-professional-cedtr800gh-l","status":"publish","type":"product","link":"https:\/\/ranoja.ee\/en\/toode\/minikallur-cedrus-professional-cedtr800gh-l\/","title":{"rendered":"Minikallur Cedrus Professional CEDTR800GH-L"},"content":{"rendered":"<p>Minikallur Cedrus Professional CEDTR800GH-L<\/p>\n<section>\n<h2>Cedrus Professional CEDTR800GH-L \u2013 Tugev ja t\u00f6\u00f6kindel minikallur professionaalidele<\/h2>\n<p>\n    <strong>Cedrus CEDTR800GH-L<\/strong> on v\u00f5imas ja mitmek\u00fclgne minikallur, mis on loodud intensiivseks kasutamiseks ehitusplatsidel, haljastust\u00f6\u00f6del ja muudel rasketel t\u00f6\u00f6del. See roomikutega varustatud masin sobib suurep\u00e4raselt raskete koormate liigutamiseks keerulistes tingimustes, tagades suurep\u00e4rase haarduvuse, stabiilsuse ja t\u00f6\u00f6kindluse.\n  <\/p>\n<p>\n    Masina s\u00fcdameks on vastupidav <strong>G420F bensiinimootor<\/strong> v\u00f5imsusega 9,0 kW (3600 p\/min) ja t\u00f6\u00f6mahuga 420 cm\u00b3. Elektriline starter v\u00f5imaldab kiiret ja lihtsat k\u00e4ivitust. <strong>H\u00fcdrostaatiline veos\u00fcsteem<\/strong> pakub sujuvat liikumist ja t\u00e4pset juhitavust, samas kui <strong>h\u00fcdrauliline laadimis- ja kallutuss\u00fcsteem<\/strong> v\u00e4hendab f\u00fc\u00fcsilist koormust ja suurendab efektiivsust.\n  <\/p>\n<p>\n    CEDTR800GH-L maksimaalne <strong>kandev\u00f5ime on 800 kg<\/strong>, mis teeb selle ideaalseks t\u00f6\u00f6vahendiks raskete materjalide transportimiseks. Kalluri <strong>saha mahutavus on 0,3 m\u00b3<\/strong> ning t\u00e4nu <strong>roomikutele<\/strong> (laius 180 mm, k\u00f5rgus 300 mm) saab masin hakkama ka pehme pinnase ja ebatasasustega.\n  <\/p>\n<p>\n    Masina kompaktsed m\u00f5\u00f5dud (2733 \u00d7 730 \u00d7 1200 mm) v\u00f5imaldavad liikumist kitsastes oludes, samas kui <strong>kliirents 255 mm<\/strong> tagab hea l\u00e4bitavuse. 23,2-liitrine h\u00fcdros\u00fcsteem ja 12V\/20Ah aku toetavad pikaajalist t\u00f6\u00f6v\u00f5imekust.\n  <\/p>\n<p>\n    Kui vajad vastupidavat ja t\u00f5husat t\u00f6\u00f6masinat, mis ei vea sind alt ka k\u00f5ige raskemates tingimustes \u2013 <strong>Cedrus CEDTR800GH-L<\/strong> on kindel valik.\n  <\/p>\n<\/section>\n<p>\u2699\ufe0f Eriomadused<br \/>\nTugev ja t\u00f6\u00f6kindel h\u00fcdrostaatiline \u00fclekanne v\u00f5imaldab sujuvat ja t\u00e4pset liikumist ka keerulisel pinnasel.<\/p>\n<p>Roomikvedu tagab hea stabiilsuse ja haardumise.<\/p>\n<p>H\u00fcdrauliline kallutus ja laadimine s\u00e4\u00e4stab t\u00f6\u00f6j\u00f5udu ja suurendab efektiivsust.<\/p>\n<p>Elektriline k\u00e4ivitus muudab masina kasutuse lihtsaks ja mugavaks.<\/p>\n","protected":false},"excerpt":{"rendered":"<p>Minikallur Cedrus Professional CEDTR800GH-L<\/p>\n<p>Mootor:G420F 9.0 kW 3600 rpm 420 cm3<br \/>\nH\u00fcdrauliline juhtimine (hydrostatic drive)<br \/>\nH\u00fcdrauliline laadimine ning kallutamine<br \/>\nKandev\u00f5ime 800kg<br \/>\nSaha mahutavus 0.3 m3<br \/>\nElektristarteriga k\u00e4ivitus<br \/>\nLiikumiskiirus: 0 &#8211; 2.2 &#8211; 4.4 km\/h<br \/>\nMasina m\u00f5\u00f5dud: 2733*730*1200mm<br \/>\nRoomiku laius: 180mm<br \/>\nRoomiku k\u00f5rgus: 300mm<br \/>\nKliirents: 255mm<br \/>\nAku 12V 20ah<br \/>\nH\u00fcdros\u00fcsteem 23.2L<br \/>\nKaal 548kg<br \/>\n[embed]https:\/\/www.youtube.com\/watch?v=Xd3NJwLT9_o[\/embed]<br \/>\n<strong>Tarneaeg 1-7 t\u00f6\u00f6p\u00e4eva<\/strong><\/p>\n","protected":false},"featured_media":16108,"template":"","meta":{"inline_featured_image":false},"product_cat":[1090,99],"product_tag":[347,352,1792,346],"class_list":{"0":"post-16107","1":"product","2":"type-product","3":"status-publish","4":"has-post-thumbnail","6":"product_brand-cedrus","7":"product_cat-ehitustehnika","8":"product_cat-minikallurid","9":"product_tag-dumper","10":"product_tag-kallur","11":"product_tag-karu","12":"product_tag-minikallur","14":"first","15":"instock","16":"taxable","17":"shipping-taxable","18":"purchasable","19":"product-type-simple"},"yoast_head":"<!-- This site is optimized with the Yoast SEO plugin v27.4 - https:\/\/yoast.com\/product\/yoast-seo-wordpress\/ -->\n<title>Minikallur Cedrus Professional CEDTR800GH-L<\/title>\n<meta name=\"description\" content=\"Minikallur Cedrus Professional CEDTR800GH-L - H\u00fcdrauliline juhtimine (hydrostatic drive) H\u00fcdrauliline laadimine ning kallutamine Kandev\u00f5ime 800kg-el. start\" \/>\n<meta name=\"robots\" content=\"index, follow, max-snippet:-1, max-image-preview:large, max-video-preview:-1\" \/>\n<link rel=\"canonical\" href=\"https:\/\/ranoja.ee\/toode\/minikallur-cedrus-professional-cedtr800gh-l\/\" \/>\n<meta property=\"og:locale\" content=\"en_US\" \/>\n<meta property=\"og:type\" content=\"article\" \/>\n<meta property=\"og:title\" content=\"Minikallur Cedrus Professional CEDTR800GH-L\" \/>\n<meta property=\"og:description\" content=\"Minikallur Cedrus Professional CEDTR800GH-L - H\u00fcdrauliline juhtimine (hydrostatic drive) H\u00fcdrauliline laadimine ning kallutamine Kandev\u00f5ime 800kg-el. start\" \/>\n<meta property=\"og:url\" content=\"https:\/\/ranoja.ee\/toode\/minikallur-cedrus-professional-cedtr800gh-l\/\" \/>\n<meta property=\"og:site_name\" content=\"Ranoja\" \/>\n<meta property=\"article:publisher\" content=\"https:\/\/www.facebook.com\/ranoja.ee\" \/>\n<meta property=\"article:modified_time\" content=\"2025-12-10T10:14:42+00:00\" \/>\n<meta property=\"og:image\" content=\"https:\/\/ranoja.ee\/wp-content\/uploads\/2025\/05\/Minikallur-Cedrus-Professional-CEDTR800GH-L.jpg\" \/>\n\t<meta property=\"og:image:width\" content=\"1200\" \/>\n\t<meta property=\"og:image:height\" content=\"800\" \/>\n\t<meta property=\"og:image:type\" content=\"image\/jpeg\" \/>\n<meta name=\"twitter:card\" content=\"summary_large_image\" \/>\n<meta name=\"twitter:label1\" content=\"Est. reading time\" \/>\n\t<meta name=\"twitter:data1\" content=\"2 minutes\" \/>\n<script type=\"application\/ld+json\" class=\"yoast-schema-graph\">{\"@context\":\"https:\\\/\\\/schema.org\",\"@graph\":[{\"@type\":\"WebPage\",\"@id\":\"https:\\\/\\\/ranoja.ee\\\/toode\\\/minikallur-cedrus-professional-cedtr800gh-l\\\/\",\"url\":\"https:\\\/\\\/ranoja.ee\\\/toode\\\/minikallur-cedrus-professional-cedtr800gh-l\\\/\",\"name\":\"Minikallur Cedrus Professional CEDTR800GH-L\",\"isPartOf\":{\"@id\":\"https:\\\/\\\/ranoja.ee\\\/#website\"},\"primaryImageOfPage\":{\"@id\":\"https:\\\/\\\/ranoja.ee\\\/toode\\\/minikallur-cedrus-professional-cedtr800gh-l\\\/#primaryimage\"},\"image\":{\"@id\":\"https:\\\/\\\/ranoja.ee\\\/toode\\\/minikallur-cedrus-professional-cedtr800gh-l\\\/#primaryimage\"},\"thumbnailUrl\":\"https:\\\/\\\/ranoja.ee\\\/wp-content\\\/uploads\\\/2025\\\/05\\\/Minikallur-Cedrus-Professional-CEDTR800GH-L.jpg\",\"datePublished\":\"2025-05-05T18:30:37+00:00\",\"dateModified\":\"2025-12-10T10:14:42+00:00\",\"description\":\"Minikallur Cedrus Professional CEDTR800GH-L - H\u00fcdrauliline juhtimine (hydrostatic drive) H\u00fcdrauliline laadimine ning kallutamine Kandev\u00f5ime 800kg-el. start\",\"breadcrumb\":{\"@id\":\"https:\\\/\\\/ranoja.ee\\\/toode\\\/minikallur-cedrus-professional-cedtr800gh-l\\\/#breadcrumb\"},\"inLanguage\":\"en-US\",\"potentialAction\":[{\"@type\":\"ReadAction\",\"target\":[\"https:\\\/\\\/ranoja.ee\\\/toode\\\/minikallur-cedrus-professional-cedtr800gh-l\\\/\"]}]},{\"@type\":\"ImageObject\",\"inLanguage\":\"en-US\",\"@id\":\"https:\\\/\\\/ranoja.ee\\\/toode\\\/minikallur-cedrus-professional-cedtr800gh-l\\\/#primaryimage\",\"url\":\"https:\\\/\\\/ranoja.ee\\\/wp-content\\\/uploads\\\/2025\\\/05\\\/Minikallur-Cedrus-Professional-CEDTR800GH-L.jpg\",\"contentUrl\":\"https:\\\/\\\/ranoja.ee\\\/wp-content\\\/uploads\\\/2025\\\/05\\\/Minikallur-Cedrus-Professional-CEDTR800GH-L.jpg\",\"width\":1200,\"height\":800,\"caption\":\"Cedrus Professional CEDTR800GH-L \u2013 Tugev ja t\u00f6\u00f6kindel minikallur professionaalidele Cedrus CEDTR800GH-L on v\u00f5imas ja mitmek\u00fclgne minikallur, mis on loodud intensiivseks kasutamiseks ehitusplatsidel, haljastust\u00f6\u00f6del ja muudel rasketel t\u00f6\u00f6del. See roomikutega varustatud masin sobib suurep\u00e4raselt raskete koormate liigutamiseks keerulistes tingimustes, tagades suurep\u00e4rase haarduvuse, stabiilsuse ja t\u00f6\u00f6kindluse. Masina s\u00fcdameks on vastupidav G420F bensiinimootor v\u00f5imsusega 9,0 kW (3600 p\\\/min) ja t\u00f6\u00f6mahuga 420 cm\u00b3. Elektriline starter v\u00f5imaldab kiiret ja lihtsat k\u00e4ivitust. H\u00fcdrostaatiline veos\u00fcsteem pakub sujuvat liikumist ja t\u00e4pset juhitavust, samas kui h\u00fcdrauliline laadimis- ja kallutuss\u00fcsteem v\u00e4hendab f\u00fc\u00fcsilist koormust ja suurendab efektiivsust. CEDTR800GH-L maksimaalne kandev\u00f5ime on muljetavaldav 800 kg, mis teeb selle ideaalseks t\u00f6\u00f6vahendiks raskete materjalide transportimiseks. Kalluri saha mahutavus on 0,3 m\u00b3 ning t\u00e4nu roomikutele (laius 180 mm, k\u00f5rgus 300 mm) saab masin hakkama ka pehme pinnase ja ebatasasustega. Masina kompaktsed m\u00f5\u00f5dud (2733 \u00d7 730 \u00d7 1200 mm) v\u00f5imaldavad liikumist kitsastes oludes, samas kui kliirents 255 mm tagab hea l\u00e4bitavuse. 23,2-liitrine h\u00fcdros\u00fcsteem ja 12V\\\/20Ah aku toetavad pikaajalist t\u00f6\u00f6v\u00f5imekust. Kui vajad vastupidavat ja t\u00f5husat t\u00f6\u00f6masinat, mis ei vea sind alt ka k\u00f5ige raskemates tingimustes \u2013 Cedrus CEDTR800GH-L on kindel valik.\"},{\"@type\":\"BreadcrumbList\",\"@id\":\"https:\\\/\\\/ranoja.ee\\\/toode\\\/minikallur-cedrus-professional-cedtr800gh-l\\\/#breadcrumb\",\"itemListElement\":[{\"@type\":\"ListItem\",\"position\":1,\"name\":\"Home\",\"item\":\"https:\\\/\\\/ranoja.ee\\\/\"},{\"@type\":\"ListItem\",\"position\":2,\"name\":\"Shop\",\"item\":\"https:\\\/\\\/ranoja.ee\\\/en\\\/shop\\\/\"},{\"@type\":\"ListItem\",\"position\":3,\"name\":\"Minikallur Cedrus Professional CEDTR800GH-L\"}]},{\"@type\":\"WebSite\",\"@id\":\"https:\\\/\\\/ranoja.ee\\\/#website\",\"url\":\"https:\\\/\\\/ranoja.ee\\\/\",\"name\":\"Ranoja\",\"description\":\"Equipment Shop WooCommerce WordPress Theme for Machine &amp; Tools\",\"publisher\":{\"@id\":\"https:\\\/\\\/ranoja.ee\\\/#organization\"},\"potentialAction\":[{\"@type\":\"SearchAction\",\"target\":{\"@type\":\"EntryPoint\",\"urlTemplate\":\"https:\\\/\\\/ranoja.ee\\\/?s={search_term_string}\"},\"query-input\":{\"@type\":\"PropertyValueSpecification\",\"valueRequired\":true,\"valueName\":\"search_term_string\"}}],\"inLanguage\":\"en-US\"},{\"@type\":\"Organization\",\"@id\":\"https:\\\/\\\/ranoja.ee\\\/#organization\",\"name\":\"Ranoja O\u00dc\",\"url\":\"https:\\\/\\\/ranoja.ee\\\/\",\"logo\":{\"@type\":\"ImageObject\",\"inLanguage\":\"en-US\",\"@id\":\"https:\\\/\\\/ranoja.ee\\\/#\\\/schema\\\/logo\\\/image\\\/\",\"url\":\"https:\\\/\\\/ranoja.ee\\\/wp-content\\\/uploads\\\/2023\\\/11\\\/ranoja-Logo.png\",\"contentUrl\":\"https:\\\/\\\/ranoja.ee\\\/wp-content\\\/uploads\\\/2023\\\/11\\\/ranoja-Logo.png\",\"width\":207,\"height\":58,\"caption\":\"Ranoja O\u00dc\"},\"image\":{\"@id\":\"https:\\\/\\\/ranoja.ee\\\/#\\\/schema\\\/logo\\\/image\\\/\"},\"sameAs\":[\"https:\\\/\\\/www.facebook.com\\\/ranoja.ee\",\"https:\\\/\\\/www.instagram.com\\\/ranoja__\\\/\"]}]}<\/script>\n<!-- \/ Yoast SEO plugin. -->","yoast_head_json":{"title":"Minikallur Cedrus Professional CEDTR800GH-L","description":"Minikallur Cedrus Professional CEDTR800GH-L - H\u00fcdrauliline juhtimine (hydrostatic drive) H\u00fcdrauliline laadimine ning kallutamine Kandev\u00f5ime 800kg-el. start","robots":{"index":"index","follow":"follow","max-snippet":"max-snippet:-1","max-image-preview":"max-image-preview:large","max-video-preview":"max-video-preview:-1"},"canonical":"https:\/\/ranoja.ee\/toode\/minikallur-cedrus-professional-cedtr800gh-l\/","og_locale":"en_US","og_type":"article","og_title":"Minikallur Cedrus Professional CEDTR800GH-L","og_description":"Minikallur Cedrus Professional CEDTR800GH-L - H\u00fcdrauliline juhtimine (hydrostatic drive) H\u00fcdrauliline laadimine ning kallutamine Kandev\u00f5ime 800kg-el. start","og_url":"https:\/\/ranoja.ee\/toode\/minikallur-cedrus-professional-cedtr800gh-l\/","og_site_name":"Ranoja","article_publisher":"https:\/\/www.facebook.com\/ranoja.ee","article_modified_time":"2025-12-10T10:14:42+00:00","og_image":[{"width":1200,"height":800,"url":"https:\/\/ranoja.ee\/wp-content\/uploads\/2025\/05\/Minikallur-Cedrus-Professional-CEDTR800GH-L.jpg","type":"image\/jpeg"}],"twitter_card":"summary_large_image","twitter_misc":{"Est. reading time":"2 minutes"},"schema":{"@context":"https:\/\/schema.org","@graph":[{"@type":"WebPage","@id":"https:\/\/ranoja.ee\/toode\/minikallur-cedrus-professional-cedtr800gh-l\/","url":"https:\/\/ranoja.ee\/toode\/minikallur-cedrus-professional-cedtr800gh-l\/","name":"Minikallur Cedrus Professional CEDTR800GH-L","isPartOf":{"@id":"https:\/\/ranoja.ee\/#website"},"primaryImageOfPage":{"@id":"https:\/\/ranoja.ee\/toode\/minikallur-cedrus-professional-cedtr800gh-l\/#primaryimage"},"image":{"@id":"https:\/\/ranoja.ee\/toode\/minikallur-cedrus-professional-cedtr800gh-l\/#primaryimage"},"thumbnailUrl":"https:\/\/ranoja.ee\/wp-content\/uploads\/2025\/05\/Minikallur-Cedrus-Professional-CEDTR800GH-L.jpg","datePublished":"2025-05-05T18:30:37+00:00","dateModified":"2025-12-10T10:14:42+00:00","description":"Minikallur Cedrus Professional CEDTR800GH-L - H\u00fcdrauliline juhtimine (hydrostatic drive) H\u00fcdrauliline laadimine ning kallutamine Kandev\u00f5ime 800kg-el. start","breadcrumb":{"@id":"https:\/\/ranoja.ee\/toode\/minikallur-cedrus-professional-cedtr800gh-l\/#breadcrumb"},"inLanguage":"en-US","potentialAction":[{"@type":"ReadAction","target":["https:\/\/ranoja.ee\/toode\/minikallur-cedrus-professional-cedtr800gh-l\/"]}]},{"@type":"ImageObject","inLanguage":"en-US","@id":"https:\/\/ranoja.ee\/toode\/minikallur-cedrus-professional-cedtr800gh-l\/#primaryimage","url":"https:\/\/ranoja.ee\/wp-content\/uploads\/2025\/05\/Minikallur-Cedrus-Professional-CEDTR800GH-L.jpg","contentUrl":"https:\/\/ranoja.ee\/wp-content\/uploads\/2025\/05\/Minikallur-Cedrus-Professional-CEDTR800GH-L.jpg","width":1200,"height":800,"caption":"Cedrus Professional CEDTR800GH-L \u2013 Tugev ja t\u00f6\u00f6kindel minikallur professionaalidele Cedrus CEDTR800GH-L on v\u00f5imas ja mitmek\u00fclgne minikallur, mis on loodud intensiivseks kasutamiseks ehitusplatsidel, haljastust\u00f6\u00f6del ja muudel rasketel t\u00f6\u00f6del. See roomikutega varustatud masin sobib suurep\u00e4raselt raskete koormate liigutamiseks keerulistes tingimustes, tagades suurep\u00e4rase haarduvuse, stabiilsuse ja t\u00f6\u00f6kindluse. Masina s\u00fcdameks on vastupidav G420F bensiinimootor v\u00f5imsusega 9,0 kW (3600 p\/min) ja t\u00f6\u00f6mahuga 420 cm\u00b3. Elektriline starter v\u00f5imaldab kiiret ja lihtsat k\u00e4ivitust. H\u00fcdrostaatiline veos\u00fcsteem pakub sujuvat liikumist ja t\u00e4pset juhitavust, samas kui h\u00fcdrauliline laadimis- ja kallutuss\u00fcsteem v\u00e4hendab f\u00fc\u00fcsilist koormust ja suurendab efektiivsust. CEDTR800GH-L maksimaalne kandev\u00f5ime on muljetavaldav 800 kg, mis teeb selle ideaalseks t\u00f6\u00f6vahendiks raskete materjalide transportimiseks. Kalluri saha mahutavus on 0,3 m\u00b3 ning t\u00e4nu roomikutele (laius 180 mm, k\u00f5rgus 300 mm) saab masin hakkama ka pehme pinnase ja ebatasasustega. Masina kompaktsed m\u00f5\u00f5dud (2733 \u00d7 730 \u00d7 1200 mm) v\u00f5imaldavad liikumist kitsastes oludes, samas kui kliirents 255 mm tagab hea l\u00e4bitavuse. 23,2-liitrine h\u00fcdros\u00fcsteem ja 12V\/20Ah aku toetavad pikaajalist t\u00f6\u00f6v\u00f5imekust. Kui vajad vastupidavat ja t\u00f5husat t\u00f6\u00f6masinat, mis ei vea sind alt ka k\u00f5ige raskemates tingimustes \u2013 Cedrus CEDTR800GH-L on kindel valik."},{"@type":"BreadcrumbList","@id":"https:\/\/ranoja.ee\/toode\/minikallur-cedrus-professional-cedtr800gh-l\/#breadcrumb","itemListElement":[{"@type":"ListItem","position":1,"name":"Home","item":"https:\/\/ranoja.ee\/"},{"@type":"ListItem","position":2,"name":"Shop","item":"https:\/\/ranoja.ee\/en\/shop\/"},{"@type":"ListItem","position":3,"name":"Minikallur Cedrus Professional CEDTR800GH-L"}]},{"@type":"WebSite","@id":"https:\/\/ranoja.ee\/#website","url":"https:\/\/ranoja.ee\/","name":"Ranoja","description":"Equipment Shop WooCommerce WordPress Theme for Machine &amp; Tools","publisher":{"@id":"https:\/\/ranoja.ee\/#organization"},"potentialAction":[{"@type":"SearchAction","target":{"@type":"EntryPoint","urlTemplate":"https:\/\/ranoja.ee\/?s={search_term_string}"},"query-input":{"@type":"PropertyValueSpecification","valueRequired":true,"valueName":"search_term_string"}}],"inLanguage":"en-US"},{"@type":"Organization","@id":"https:\/\/ranoja.ee\/#organization","name":"Ranoja O\u00dc","url":"https:\/\/ranoja.ee\/","logo":{"@type":"ImageObject","inLanguage":"en-US","@id":"https:\/\/ranoja.ee\/#\/schema\/logo\/image\/","url":"https:\/\/ranoja.ee\/wp-content\/uploads\/2023\/11\/ranoja-Logo.png","contentUrl":"https:\/\/ranoja.ee\/wp-content\/uploads\/2023\/11\/ranoja-Logo.png","width":207,"height":58,"caption":"Ranoja O\u00dc"},"image":{"@id":"https:\/\/ranoja.ee\/#\/schema\/logo\/image\/"},"sameAs":["https:\/\/www.facebook.com\/ranoja.ee","https:\/\/www.instagram.com\/ranoja__\/"]}]}},"_links":{"self":[{"href":"https:\/\/ranoja.ee\/en\/wp-json\/wp\/v2\/product\/16107","targetHints":{"allow":["GET"]}}],"collection":[{"href":"https:\/\/ranoja.ee\/en\/wp-json\/wp\/v2\/product"}],"about":[{"href":"https:\/\/ranoja.ee\/en\/wp-json\/wp\/v2\/types\/product"}],"wp:featuredmedia":[{"embeddable":true,"href":"https:\/\/ranoja.ee\/en\/wp-json\/wp\/v2\/media\/16108"}],"wp:attachment":[{"href":"https:\/\/ranoja.ee\/en\/wp-json\/wp\/v2\/media?parent=16107"}],"wp:term":[{"taxonomy":"product_cat","embeddable":true,"href":"https:\/\/ranoja.ee\/en\/wp-json\/wp\/v2\/product_cat?post=16107"},{"taxonomy":"product_tag","embeddable":true,"href":"https:\/\/ranoja.ee\/en\/wp-json\/wp\/v2\/product_tag?post=16107"}],"curies":[{"name":"wp","href":"https:\/\/api.w.org\/{rel}","templated":true}]}}