{"id":15784,"date":"2025-03-18T12:21:31","date_gmt":"2025-03-18T09:21:31","guid":{"rendered":"https:\/\/ranoja.ee\/?post_type=product&#038;p=15784"},"modified":"2025-12-10T11:39:34","modified_gmt":"2025-12-10T08:39:34","slug":"kasi-oksakaarid-gs01-b","status":"publish","type":"product","link":"https:\/\/ranoja.ee\/en\/toode\/kasi-oksakaarid-gs01-b\/","title":{"rendered":"K\u00e4si oksak\u00e4\u00e4rid GS01-B"},"content":{"rendered":"<p>K\u00e4si oksak\u00e4\u00e4rid GS01-B on aiat\u00f6\u00f6de jaoks h\u00e4davajalik t\u00f6\u00f6riist, millel on mitmeid kasutusv\u00f5imalusi ja eeliseid. Esiteks on oksak\u00e4\u00e4rid ideaalne vahend okste l\u00f5ikamiseks, et edendada taimede kasvu ja hoida neid korras. Taimede regulaarne k\u00e4rpimine aitab eemaldada kuivanud, haiged v\u00f5i kahjustatud oksad, mis v\u00f5ib ennetada haiguste levikut ja soodustada terve taimede arengut.<\/p>\n<p>K\u00e4si oksak\u00e4\u00e4rid GS01-B abil on ka lihtne kujundada ja vormida taimi vastavalt soovitud disainile. N\u00e4iteks on v\u00f5imalik puid ja p\u00f5\u00f5said kujundada kompaktselt ja esteetiliselt, et need sobiksid aia \u00fclej\u00e4\u00e4nud elementidega. Samuti on oksak\u00e4\u00e4rid hindamatud puuviljaaianduses, kus regulaarne l\u00f5ikamine aitab suurendada viljade saaki ja kvaliteeti.<\/p>\n<p>Kokkuv\u00f5ttes on oksak\u00e4\u00e4rid igale aiat\u00f6\u00f6dele vajalik abivahend, mis lihtsustab aiat\u00f6\u00f6d, parandab taimede tervist ning aitab luua esteetiliselt kauneid ja produktiivseid aedasid.<br \/>\nK\u00e4si aiatehnika eeliseid on ka keskkonnas\u00f5bralikkus. Kuna need t\u00f6\u00f6riistad ei vaja k\u00fctust ega elektrit on nende kasutamine madala s\u00fcsiniku jalaj\u00e4ljega. Lisaks on need tihti vastupidavad ja kestavad kaua kui neid \u00f5igesti hooldada.<\/p>\n<p>K\u00e4si aiatehnika v\u00f5imaldab t\u00e4pselt t\u00f6\u00f6delda isegi k\u00f5ige kitsamaid ja raskemini ligip\u00e4\u00e4setavaid kohti, n\u00e4iteks aiapeenraid, puude \u00fcmbrust ja mitmesuguseid taimede istutuskohti. See aitab v\u00e4ltida suuremate masinate kasutamisest tulenevat kahjustust muldale ja taimedele. Samuti on k\u00e4sit\u00f6\u00f6riistade kasutamine sageli kergem ja v\u00e4hem v\u00e4sitav, kuna need on loodud inimese keha liikumisv\u00f5imekuse j\u00e4rgi.<\/p>\n","protected":false},"excerpt":{"rendered":"<p>K\u00e4si oksak\u00e4\u00e4rid GS01-B<br \/>\nV\u00e4rskete lillede ja okste l\u00f5ikamiseks<br \/>\nL\u00f5ikev\u00f5imsus: 22mm<br \/>\nMittenakkuva kattega tera minimaalse h\u00f5\u00f5rdumise tagamiseks<br \/>\nIdeaalne parema- ja vasakuk\u00e4elistele kasutajatele<br \/>\nKlaaskiuga tugevdatud plastikust k\u00e4epidemed<br \/>\n\u00dche k\u00e4ega turvalukk<br \/>\nKaal: 183g<br \/>\nPikkus: 208mm<br \/>\n<strong>Seadme eeldatav tarneaeg 1-7 t\u00f6\u00f6p\u00e4eva<\/strong><\/p>\n","protected":false},"featured_media":15785,"template":"","meta":{"inline_featured_image":false},"product_cat":[1079,1763],"product_tag":[1156,1063,1765,904,1796,1597,1141],"class_list":{"0":"post-15784","1":"product","2":"type-product","3":"status-publish","4":"has-post-thumbnail","6":"product_brand-granit","7":"product_cat-aiatehnika-ja-niidutehnika","8":"product_cat-aiatehnika-tarvikud","9":"product_tag-aed","10":"product_tag-aiahooldus","11":"product_tag-aiakuhvel-terasest","12":"product_tag-aiatehnika","13":"product_tag-kasi-oksakaarid-gs01-b","14":"product_tag-kasitooriistad","15":"product_tag-kodu","17":"first","18":"instock","19":"taxable","20":"shipping-taxable","21":"purchasable","22":"product-type-simple"},"yoast_head":"<!-- This site is optimized with the Yoast SEO plugin v27.4 - https:\/\/yoast.com\/product\/yoast-seo-wordpress\/ -->\n<title>K\u00e4si oksak\u00e4\u00e4rid GS01-B<\/title>\n<meta name=\"description\" content=\"K\u00e4si oksak\u00e4\u00e4rid GS01-B, L\u00f5ikev\u00f5imsus: 22mm, Ideaalne parema- ja vasakuk\u00e4elistele kasutajatele, \u00dche k\u00e4ega turvalukk, Kaal: 183g, Pikkus: 208mm\" \/>\n<meta name=\"robots\" content=\"index, follow, max-snippet:-1, max-image-preview:large, max-video-preview:-1\" \/>\n<link rel=\"canonical\" href=\"https:\/\/ranoja.ee\/toode\/kasi-oksakaarid-gs01-b\/\" \/>\n<meta property=\"og:locale\" content=\"en_US\" \/>\n<meta property=\"og:type\" content=\"article\" \/>\n<meta property=\"og:title\" content=\"K\u00e4si oksak\u00e4\u00e4rid GS01-B\" \/>\n<meta property=\"og:description\" content=\"K\u00e4si oksak\u00e4\u00e4rid GS01-B, L\u00f5ikev\u00f5imsus: 22mm, Ideaalne parema- ja vasakuk\u00e4elistele kasutajatele, \u00dche k\u00e4ega turvalukk, Kaal: 183g, Pikkus: 208mm\" \/>\n<meta property=\"og:url\" content=\"https:\/\/ranoja.ee\/toode\/kasi-oksakaarid-gs01-b\/\" \/>\n<meta property=\"og:site_name\" content=\"Ranoja\" \/>\n<meta property=\"article:publisher\" content=\"https:\/\/www.facebook.com\/ranoja.ee\" \/>\n<meta property=\"article:modified_time\" content=\"2025-12-10T08:39:34+00:00\" \/>\n<meta property=\"og:image\" content=\"https:\/\/ranoja.ee\/wp-content\/uploads\/2025\/03\/F_7540000001.psd.jpg\" \/>\n\t<meta property=\"og:image:width\" content=\"800\" \/>\n\t<meta property=\"og:image:height\" content=\"800\" \/>\n\t<meta property=\"og:image:type\" content=\"image\/jpeg\" \/>\n<meta name=\"twitter:card\" content=\"summary_large_image\" \/>\n<meta name=\"twitter:label1\" content=\"Est. reading time\" \/>\n\t<meta name=\"twitter:data1\" content=\"2 minutes\" \/>\n<script type=\"application\/ld+json\" class=\"yoast-schema-graph\">{\"@context\":\"https:\\\/\\\/schema.org\",\"@graph\":[{\"@type\":\"WebPage\",\"@id\":\"https:\\\/\\\/ranoja.ee\\\/toode\\\/kasi-oksakaarid-gs01-b\\\/\",\"url\":\"https:\\\/\\\/ranoja.ee\\\/toode\\\/kasi-oksakaarid-gs01-b\\\/\",\"name\":\"K\u00e4si oksak\u00e4\u00e4rid GS01-B\",\"isPartOf\":{\"@id\":\"https:\\\/\\\/ranoja.ee\\\/#website\"},\"primaryImageOfPage\":{\"@id\":\"https:\\\/\\\/ranoja.ee\\\/toode\\\/kasi-oksakaarid-gs01-b\\\/#primaryimage\"},\"image\":{\"@id\":\"https:\\\/\\\/ranoja.ee\\\/toode\\\/kasi-oksakaarid-gs01-b\\\/#primaryimage\"},\"thumbnailUrl\":\"https:\\\/\\\/ranoja.ee\\\/wp-content\\\/uploads\\\/2025\\\/03\\\/F_7540000001.psd.jpg\",\"datePublished\":\"2025-03-18T09:21:31+00:00\",\"dateModified\":\"2025-12-10T08:39:34+00:00\",\"description\":\"K\u00e4si oksak\u00e4\u00e4rid GS01-B, L\u00f5ikev\u00f5imsus: 22mm, Ideaalne parema- ja vasakuk\u00e4elistele kasutajatele, \u00dche k\u00e4ega turvalukk, Kaal: 183g, Pikkus: 208mm\",\"breadcrumb\":{\"@id\":\"https:\\\/\\\/ranoja.ee\\\/toode\\\/kasi-oksakaarid-gs01-b\\\/#breadcrumb\"},\"inLanguage\":\"en-US\",\"potentialAction\":[{\"@type\":\"ReadAction\",\"target\":[\"https:\\\/\\\/ranoja.ee\\\/toode\\\/kasi-oksakaarid-gs01-b\\\/\"]}]},{\"@type\":\"ImageObject\",\"inLanguage\":\"en-US\",\"@id\":\"https:\\\/\\\/ranoja.ee\\\/toode\\\/kasi-oksakaarid-gs01-b\\\/#primaryimage\",\"url\":\"https:\\\/\\\/ranoja.ee\\\/wp-content\\\/uploads\\\/2025\\\/03\\\/F_7540000001.psd.jpg\",\"contentUrl\":\"https:\\\/\\\/ranoja.ee\\\/wp-content\\\/uploads\\\/2025\\\/03\\\/F_7540000001.psd.jpg\",\"width\":800,\"height\":800,\"caption\":\"K\u00e4si oksak\u00e4\u00e4rid GS01-B\"},{\"@type\":\"BreadcrumbList\",\"@id\":\"https:\\\/\\\/ranoja.ee\\\/toode\\\/kasi-oksakaarid-gs01-b\\\/#breadcrumb\",\"itemListElement\":[{\"@type\":\"ListItem\",\"position\":1,\"name\":\"Home\",\"item\":\"https:\\\/\\\/ranoja.ee\\\/\"},{\"@type\":\"ListItem\",\"position\":2,\"name\":\"Shop\",\"item\":\"https:\\\/\\\/ranoja.ee\\\/en\\\/shop\\\/\"},{\"@type\":\"ListItem\",\"position\":3,\"name\":\"K\u00e4si oksak\u00e4\u00e4rid GS01-B\"}]},{\"@type\":\"WebSite\",\"@id\":\"https:\\\/\\\/ranoja.ee\\\/#website\",\"url\":\"https:\\\/\\\/ranoja.ee\\\/\",\"name\":\"Ranoja\",\"description\":\"Equipment Shop WooCommerce WordPress Theme for Machine &amp; Tools\",\"publisher\":{\"@id\":\"https:\\\/\\\/ranoja.ee\\\/#organization\"},\"potentialAction\":[{\"@type\":\"SearchAction\",\"target\":{\"@type\":\"EntryPoint\",\"urlTemplate\":\"https:\\\/\\\/ranoja.ee\\\/?s={search_term_string}\"},\"query-input\":{\"@type\":\"PropertyValueSpecification\",\"valueRequired\":true,\"valueName\":\"search_term_string\"}}],\"inLanguage\":\"en-US\"},{\"@type\":\"Organization\",\"@id\":\"https:\\\/\\\/ranoja.ee\\\/#organization\",\"name\":\"Ranoja O\u00dc\",\"url\":\"https:\\\/\\\/ranoja.ee\\\/\",\"logo\":{\"@type\":\"ImageObject\",\"inLanguage\":\"en-US\",\"@id\":\"https:\\\/\\\/ranoja.ee\\\/#\\\/schema\\\/logo\\\/image\\\/\",\"url\":\"https:\\\/\\\/ranoja.ee\\\/wp-content\\\/uploads\\\/2023\\\/11\\\/ranoja-Logo.png\",\"contentUrl\":\"https:\\\/\\\/ranoja.ee\\\/wp-content\\\/uploads\\\/2023\\\/11\\\/ranoja-Logo.png\",\"width\":207,\"height\":58,\"caption\":\"Ranoja O\u00dc\"},\"image\":{\"@id\":\"https:\\\/\\\/ranoja.ee\\\/#\\\/schema\\\/logo\\\/image\\\/\"},\"sameAs\":[\"https:\\\/\\\/www.facebook.com\\\/ranoja.ee\",\"https:\\\/\\\/www.instagram.com\\\/ranoja__\\\/\"]}]}<\/script>\n<!-- \/ Yoast SEO plugin. -->","yoast_head_json":{"title":"K\u00e4si oksak\u00e4\u00e4rid GS01-B","description":"K\u00e4si oksak\u00e4\u00e4rid GS01-B, L\u00f5ikev\u00f5imsus: 22mm, Ideaalne parema- ja vasakuk\u00e4elistele kasutajatele, \u00dche k\u00e4ega turvalukk, Kaal: 183g, Pikkus: 208mm","robots":{"index":"index","follow":"follow","max-snippet":"max-snippet:-1","max-image-preview":"max-image-preview:large","max-video-preview":"max-video-preview:-1"},"canonical":"https:\/\/ranoja.ee\/toode\/kasi-oksakaarid-gs01-b\/","og_locale":"en_US","og_type":"article","og_title":"K\u00e4si oksak\u00e4\u00e4rid GS01-B","og_description":"K\u00e4si oksak\u00e4\u00e4rid GS01-B, L\u00f5ikev\u00f5imsus: 22mm, Ideaalne parema- ja vasakuk\u00e4elistele kasutajatele, \u00dche k\u00e4ega turvalukk, Kaal: 183g, Pikkus: 208mm","og_url":"https:\/\/ranoja.ee\/toode\/kasi-oksakaarid-gs01-b\/","og_site_name":"Ranoja","article_publisher":"https:\/\/www.facebook.com\/ranoja.ee","article_modified_time":"2025-12-10T08:39:34+00:00","og_image":[{"width":800,"height":800,"url":"https:\/\/ranoja.ee\/wp-content\/uploads\/2025\/03\/F_7540000001.psd.jpg","type":"image\/jpeg"}],"twitter_card":"summary_large_image","twitter_misc":{"Est. reading time":"2 minutes"},"schema":{"@context":"https:\/\/schema.org","@graph":[{"@type":"WebPage","@id":"https:\/\/ranoja.ee\/toode\/kasi-oksakaarid-gs01-b\/","url":"https:\/\/ranoja.ee\/toode\/kasi-oksakaarid-gs01-b\/","name":"K\u00e4si oksak\u00e4\u00e4rid GS01-B","isPartOf":{"@id":"https:\/\/ranoja.ee\/#website"},"primaryImageOfPage":{"@id":"https:\/\/ranoja.ee\/toode\/kasi-oksakaarid-gs01-b\/#primaryimage"},"image":{"@id":"https:\/\/ranoja.ee\/toode\/kasi-oksakaarid-gs01-b\/#primaryimage"},"thumbnailUrl":"https:\/\/ranoja.ee\/wp-content\/uploads\/2025\/03\/F_7540000001.psd.jpg","datePublished":"2025-03-18T09:21:31+00:00","dateModified":"2025-12-10T08:39:34+00:00","description":"K\u00e4si oksak\u00e4\u00e4rid GS01-B, L\u00f5ikev\u00f5imsus: 22mm, Ideaalne parema- ja vasakuk\u00e4elistele kasutajatele, \u00dche k\u00e4ega turvalukk, Kaal: 183g, Pikkus: 208mm","breadcrumb":{"@id":"https:\/\/ranoja.ee\/toode\/kasi-oksakaarid-gs01-b\/#breadcrumb"},"inLanguage":"en-US","potentialAction":[{"@type":"ReadAction","target":["https:\/\/ranoja.ee\/toode\/kasi-oksakaarid-gs01-b\/"]}]},{"@type":"ImageObject","inLanguage":"en-US","@id":"https:\/\/ranoja.ee\/toode\/kasi-oksakaarid-gs01-b\/#primaryimage","url":"https:\/\/ranoja.ee\/wp-content\/uploads\/2025\/03\/F_7540000001.psd.jpg","contentUrl":"https:\/\/ranoja.ee\/wp-content\/uploads\/2025\/03\/F_7540000001.psd.jpg","width":800,"height":800,"caption":"K\u00e4si oksak\u00e4\u00e4rid GS01-B"},{"@type":"BreadcrumbList","@id":"https:\/\/ranoja.ee\/toode\/kasi-oksakaarid-gs01-b\/#breadcrumb","itemListElement":[{"@type":"ListItem","position":1,"name":"Home","item":"https:\/\/ranoja.ee\/"},{"@type":"ListItem","position":2,"name":"Shop","item":"https:\/\/ranoja.ee\/en\/shop\/"},{"@type":"ListItem","position":3,"name":"K\u00e4si oksak\u00e4\u00e4rid GS01-B"}]},{"@type":"WebSite","@id":"https:\/\/ranoja.ee\/#website","url":"https:\/\/ranoja.ee\/","name":"Ranoja","description":"Equipment Shop WooCommerce WordPress Theme for Machine &amp; Tools","publisher":{"@id":"https:\/\/ranoja.ee\/#organization"},"potentialAction":[{"@type":"SearchAction","target":{"@type":"EntryPoint","urlTemplate":"https:\/\/ranoja.ee\/?s={search_term_string}"},"query-input":{"@type":"PropertyValueSpecification","valueRequired":true,"valueName":"search_term_string"}}],"inLanguage":"en-US"},{"@type":"Organization","@id":"https:\/\/ranoja.ee\/#organization","name":"Ranoja O\u00dc","url":"https:\/\/ranoja.ee\/","logo":{"@type":"ImageObject","inLanguage":"en-US","@id":"https:\/\/ranoja.ee\/#\/schema\/logo\/image\/","url":"https:\/\/ranoja.ee\/wp-content\/uploads\/2023\/11\/ranoja-Logo.png","contentUrl":"https:\/\/ranoja.ee\/wp-content\/uploads\/2023\/11\/ranoja-Logo.png","width":207,"height":58,"caption":"Ranoja O\u00dc"},"image":{"@id":"https:\/\/ranoja.ee\/#\/schema\/logo\/image\/"},"sameAs":["https:\/\/www.facebook.com\/ranoja.ee","https:\/\/www.instagram.com\/ranoja__\/"]}]}},"_links":{"self":[{"href":"https:\/\/ranoja.ee\/en\/wp-json\/wp\/v2\/product\/15784","targetHints":{"allow":["GET"]}}],"collection":[{"href":"https:\/\/ranoja.ee\/en\/wp-json\/wp\/v2\/product"}],"about":[{"href":"https:\/\/ranoja.ee\/en\/wp-json\/wp\/v2\/types\/product"}],"wp:featuredmedia":[{"embeddable":true,"href":"https:\/\/ranoja.ee\/en\/wp-json\/wp\/v2\/media\/15785"}],"wp:attachment":[{"href":"https:\/\/ranoja.ee\/en\/wp-json\/wp\/v2\/media?parent=15784"}],"wp:term":[{"taxonomy":"product_cat","embeddable":true,"href":"https:\/\/ranoja.ee\/en\/wp-json\/wp\/v2\/product_cat?post=15784"},{"taxonomy":"product_tag","embeddable":true,"href":"https:\/\/ranoja.ee\/en\/wp-json\/wp\/v2\/product_tag?post=15784"}],"curies":[{"name":"wp","href":"https:\/\/api.w.org\/{rel}","templated":true}]}}