{"id":15775,"date":"2025-03-15T14:31:47","date_gmt":"2025-03-15T11:31:47","guid":{"rendered":"https:\/\/ranoja.ee\/?post_type=product&#038;p=15775"},"modified":"2025-12-10T16:13:11","modified_gmt":"2025-12-10T13:13:11","slug":"ohufilter-koos-korpusega-180020315-t114-g340f-g390f-g420f","status":"publish","type":"product","link":"https:\/\/ranoja.ee\/en\/toode\/ohufilter-koos-korpusega-180020315-t114-g340f-g390f-g420f\/","title":{"rendered":"\u00d5hufilter koos korpusega 180020315-T114 G340F G390F G420F"},"content":{"rendered":"<p>\u00d5hufilter koos korpusega 180020315-T114 G340F G390F G420F<\/p>\n<p>1. Kolvid ja kolvir\u00f5ngad<br \/>\n2. Klapid ja klapivedrud<br \/>\n3. Nukkv\u00f5ll ja nookurid<br \/>\n4. V\u00e4ntv\u00f5ll ja kepsud<br \/>\n5. Mootori tihendid ja simmerlingid<br \/>\n6. \u00d5lifilter ja mootori\u00f5li<br \/>\n7. K\u00fctusepump ja karburaator<br \/>\n8. K\u00fctusefilter ja k\u00fctusevoolikud<br \/>\n9. S\u00fc\u00fctek\u00fc\u00fcnlad ja s\u00fc\u00fctepoolid<br \/>\n10. Jaotusrihm v\u00f5i kett<br \/>\n11. Jahutuss\u00fcsteemi osad (jahutuslabad, \u00f5hufilter, ventilaatorid)<br \/>\n12. Starter ja tagasit\u00f5mbevedru<br \/>\n13. Summuti ja v\u00e4ljalaskes\u00fcsteem<br \/>\n14. Sidur ja j\u00f5u\u00fclekanne (nt muruniiduki terakaitse)<\/p>\n<p>4-ja taktilistel aiatehnika bensiinimootoritel on suur hulk varuosi mis vajavad kontrollimist vahetamiset v\u00f5i reguleerimist. Aiatehnika varuosadega v\u00f5ta \u00fchendust Ranoja O\u00dc-ga<\/p>\n<p>Aiatehnika bensiinimootorite hooldamine<br \/>\nRegulaarne hooldus pikendab aiatehnika mootori eluiga, hoiab selle t\u00f5rgeteta t\u00f6\u00f6tamas ja v\u00e4hendab remontimise vajadust. J\u00e4rgnev on hooldusjuhend muruniidukitele, generaatoritele, kultivaatoritele ja muule aiatehnikale, millel on 4-taktiline bensiinimootor.<\/p>\n<p>Mootori peamised hooldusega seotud toimingud:<br \/>\nMootori\u00f5li vahetamine<br \/>\nT\u00fchjenda vana \u00f5li (soovitavalt p\u00e4rast mootori soojendamist, et see voolaks paremini v\u00e4lja).<br \/>\nKasuta tootja soovitatud \u00f5li (nt SAE 30, 10W-30 v\u00f5i 15W-40).<br \/>\nLisa uus \u00f5li ja kontrolli taset m\u00f5\u00f5tevarrast kasutades.<br \/>\n\ud83d\udd27 K\u00fctuses\u00fcsteemi puhastamine<br \/>\nKui masin seisab pikka aega kasutamata, v\u00f5ib k\u00fctus muutuda vaiguseks ja ummistada karburaatori.<br \/>\nKasuta k\u00fctusestabilisaatorit, kui masin seisab pikemat aega.<br \/>\nKui mootor ei k\u00e4ivitu h\u00e4sti, v\u00f5id karburaatori osad lahti v\u00f5tta ja l\u00e4bi puhastada.<br \/>\n\ud83d\udd27 Jahutuss\u00fcsteemi puhastamine<br \/>\nEemalda mootorilt mustus, rohi ja tolm, mis v\u00f5ivad takistada \u00f5hkjahutust.<br \/>\nPuhasta jahutuslabad ja mootori jahutusavad suru\u00f5hu v\u00f5i harjaga.<br \/>\n\u00d5hufilter koos korpusega 180020315-T114 G340F G390F G420F<\/p>\n","protected":false},"excerpt":{"rendered":"<p>\u00d5hufilter koos korpusega 180020315-T114 G340F G390F G420F<br \/>\nToote kirjeldus<br \/>\nLoncin G340F G390F G420F \u00f5hufilter koos korpuse vahetusega 180020315-T114<br \/>\n\u00d5hufilter 180100035-0001 180100035-T110<br \/>\nAsendajad<br \/>\n[180020315-0001] Loncini \u00f5hufilter korpusega G390FD G420FD ORIGINAALOSA<br \/>\n<strong>Tarneaeg 1-7 t\u00f6\u00f6p\u00e4eva<\/strong><\/p>\n","protected":false},"featured_media":15776,"template":"","meta":{"inline_featured_image":false},"product_cat":[1125,1593,1123],"product_tag":[1751,1795,1221],"class_list":{"0":"post-15775","1":"product","2":"type-product","3":"status-publish","4":"has-post-thumbnail","6":"product_brand-cedrus","7":"product_cat-filtrid","8":"product_cat-kutusesusteemid-ja-nende-varuosad","9":"product_cat-varuosad","10":"product_tag-mootor","11":"product_tag-olijahuti","12":"product_tag-varuosad","14":"first","15":"instock","16":"taxable","17":"shipping-taxable","18":"purchasable","19":"product-type-simple"},"yoast_head":"<!-- This site is optimized with the Yoast SEO plugin v27.4 - https:\/\/yoast.com\/product\/yoast-seo-wordpress\/ -->\n<title>\u00d5hufilter koos korpusega 180020315-T114 G340F G390F G420F<\/title>\n<meta name=\"description\" content=\"\u00d5hufilter koos korpusega 180020315-T114 G340F G390F G420F - \u00f5hufilter koos korpuse vahetusega 180020315-T114 \u00d5hufilter 180100035-0001 180100035-T110\" \/>\n<meta name=\"robots\" content=\"index, follow, max-snippet:-1, max-image-preview:large, max-video-preview:-1\" \/>\n<link rel=\"canonical\" href=\"https:\/\/ranoja.ee\/toode\/ohufilter-koos-korpusega-180020315-t114-g340f-g390f-g420f\/\" \/>\n<meta property=\"og:locale\" content=\"en_US\" \/>\n<meta property=\"og:type\" content=\"article\" \/>\n<meta property=\"og:title\" content=\"\u00d5hufilter koos korpusega 180020315-T114 G340F G390F G420F\" \/>\n<meta property=\"og:description\" content=\"\u00d5hufilter koos korpusega 180020315-T114 G340F G390F G420F - \u00f5hufilter koos korpuse vahetusega 180020315-T114 \u00d5hufilter 180100035-0001 180100035-T110\" \/>\n<meta property=\"og:url\" content=\"https:\/\/ranoja.ee\/toode\/ohufilter-koos-korpusega-180020315-t114-g340f-g390f-g420f\/\" \/>\n<meta property=\"og:site_name\" content=\"Ranoja\" \/>\n<meta property=\"article:publisher\" content=\"https:\/\/www.facebook.com\/ranoja.ee\" \/>\n<meta property=\"article:modified_time\" content=\"2025-12-10T13:13:11+00:00\" \/>\n<meta property=\"og:image\" content=\"https:\/\/ranoja.ee\/wp-content\/uploads\/2025\/03\/Ohufilter-koos-korpusega-180020315-T114-G340F-G390F-G420F.jpg\" \/>\n\t<meta property=\"og:image:width\" content=\"800\" \/>\n\t<meta property=\"og:image:height\" content=\"745\" \/>\n\t<meta property=\"og:image:type\" content=\"image\/jpeg\" \/>\n<meta name=\"twitter:card\" content=\"summary_large_image\" \/>\n<meta name=\"twitter:label1\" content=\"Est. reading time\" \/>\n\t<meta name=\"twitter:data1\" content=\"2 minutes\" \/>\n<script type=\"application\/ld+json\" class=\"yoast-schema-graph\">{\"@context\":\"https:\\\/\\\/schema.org\",\"@graph\":[{\"@type\":\"WebPage\",\"@id\":\"https:\\\/\\\/ranoja.ee\\\/toode\\\/ohufilter-koos-korpusega-180020315-t114-g340f-g390f-g420f\\\/\",\"url\":\"https:\\\/\\\/ranoja.ee\\\/toode\\\/ohufilter-koos-korpusega-180020315-t114-g340f-g390f-g420f\\\/\",\"name\":\"\u00d5hufilter koos korpusega 180020315-T114 G340F G390F G420F\",\"isPartOf\":{\"@id\":\"https:\\\/\\\/ranoja.ee\\\/#website\"},\"primaryImageOfPage\":{\"@id\":\"https:\\\/\\\/ranoja.ee\\\/toode\\\/ohufilter-koos-korpusega-180020315-t114-g340f-g390f-g420f\\\/#primaryimage\"},\"image\":{\"@id\":\"https:\\\/\\\/ranoja.ee\\\/toode\\\/ohufilter-koos-korpusega-180020315-t114-g340f-g390f-g420f\\\/#primaryimage\"},\"thumbnailUrl\":\"https:\\\/\\\/ranoja.ee\\\/wp-content\\\/uploads\\\/2025\\\/03\\\/Ohufilter-koos-korpusega-180020315-T114-G340F-G390F-G420F.jpg\",\"datePublished\":\"2025-03-15T11:31:47+00:00\",\"dateModified\":\"2025-12-10T13:13:11+00:00\",\"description\":\"\u00d5hufilter koos korpusega 180020315-T114 G340F G390F G420F - \u00f5hufilter koos korpuse vahetusega 180020315-T114 \u00d5hufilter 180100035-0001 180100035-T110\",\"breadcrumb\":{\"@id\":\"https:\\\/\\\/ranoja.ee\\\/toode\\\/ohufilter-koos-korpusega-180020315-t114-g340f-g390f-g420f\\\/#breadcrumb\"},\"inLanguage\":\"en-US\",\"potentialAction\":[{\"@type\":\"ReadAction\",\"target\":[\"https:\\\/\\\/ranoja.ee\\\/toode\\\/ohufilter-koos-korpusega-180020315-t114-g340f-g390f-g420f\\\/\"]}]},{\"@type\":\"ImageObject\",\"inLanguage\":\"en-US\",\"@id\":\"https:\\\/\\\/ranoja.ee\\\/toode\\\/ohufilter-koos-korpusega-180020315-t114-g340f-g390f-g420f\\\/#primaryimage\",\"url\":\"https:\\\/\\\/ranoja.ee\\\/wp-content\\\/uploads\\\/2025\\\/03\\\/Ohufilter-koos-korpusega-180020315-T114-G340F-G390F-G420F.jpg\",\"contentUrl\":\"https:\\\/\\\/ranoja.ee\\\/wp-content\\\/uploads\\\/2025\\\/03\\\/Ohufilter-koos-korpusega-180020315-T114-G340F-G390F-G420F.jpg\",\"width\":800,\"height\":745,\"caption\":\"\u00d5hufilter koos korpusega 180020315-T114 G340F G390F G420F\"},{\"@type\":\"BreadcrumbList\",\"@id\":\"https:\\\/\\\/ranoja.ee\\\/toode\\\/ohufilter-koos-korpusega-180020315-t114-g340f-g390f-g420f\\\/#breadcrumb\",\"itemListElement\":[{\"@type\":\"ListItem\",\"position\":1,\"name\":\"Home\",\"item\":\"https:\\\/\\\/ranoja.ee\\\/\"},{\"@type\":\"ListItem\",\"position\":2,\"name\":\"Shop\",\"item\":\"https:\\\/\\\/ranoja.ee\\\/en\\\/shop\\\/\"},{\"@type\":\"ListItem\",\"position\":3,\"name\":\"\u00d5hufilter koos korpusega 180020315-T114 G340F G390F G420F\"}]},{\"@type\":\"WebSite\",\"@id\":\"https:\\\/\\\/ranoja.ee\\\/#website\",\"url\":\"https:\\\/\\\/ranoja.ee\\\/\",\"name\":\"Ranoja\",\"description\":\"Equipment Shop WooCommerce WordPress Theme for Machine &amp; Tools\",\"publisher\":{\"@id\":\"https:\\\/\\\/ranoja.ee\\\/#organization\"},\"potentialAction\":[{\"@type\":\"SearchAction\",\"target\":{\"@type\":\"EntryPoint\",\"urlTemplate\":\"https:\\\/\\\/ranoja.ee\\\/?s={search_term_string}\"},\"query-input\":{\"@type\":\"PropertyValueSpecification\",\"valueRequired\":true,\"valueName\":\"search_term_string\"}}],\"inLanguage\":\"en-US\"},{\"@type\":\"Organization\",\"@id\":\"https:\\\/\\\/ranoja.ee\\\/#organization\",\"name\":\"Ranoja O\u00dc\",\"url\":\"https:\\\/\\\/ranoja.ee\\\/\",\"logo\":{\"@type\":\"ImageObject\",\"inLanguage\":\"en-US\",\"@id\":\"https:\\\/\\\/ranoja.ee\\\/#\\\/schema\\\/logo\\\/image\\\/\",\"url\":\"https:\\\/\\\/ranoja.ee\\\/wp-content\\\/uploads\\\/2023\\\/11\\\/ranoja-Logo.png\",\"contentUrl\":\"https:\\\/\\\/ranoja.ee\\\/wp-content\\\/uploads\\\/2023\\\/11\\\/ranoja-Logo.png\",\"width\":207,\"height\":58,\"caption\":\"Ranoja O\u00dc\"},\"image\":{\"@id\":\"https:\\\/\\\/ranoja.ee\\\/#\\\/schema\\\/logo\\\/image\\\/\"},\"sameAs\":[\"https:\\\/\\\/www.facebook.com\\\/ranoja.ee\",\"https:\\\/\\\/www.instagram.com\\\/ranoja__\\\/\"]}]}<\/script>\n<!-- \/ Yoast SEO plugin. -->","yoast_head_json":{"title":"\u00d5hufilter koos korpusega 180020315-T114 G340F G390F G420F","description":"\u00d5hufilter koos korpusega 180020315-T114 G340F G390F G420F - \u00f5hufilter koos korpuse vahetusega 180020315-T114 \u00d5hufilter 180100035-0001 180100035-T110","robots":{"index":"index","follow":"follow","max-snippet":"max-snippet:-1","max-image-preview":"max-image-preview:large","max-video-preview":"max-video-preview:-1"},"canonical":"https:\/\/ranoja.ee\/toode\/ohufilter-koos-korpusega-180020315-t114-g340f-g390f-g420f\/","og_locale":"en_US","og_type":"article","og_title":"\u00d5hufilter koos korpusega 180020315-T114 G340F G390F G420F","og_description":"\u00d5hufilter koos korpusega 180020315-T114 G340F G390F G420F - \u00f5hufilter koos korpuse vahetusega 180020315-T114 \u00d5hufilter 180100035-0001 180100035-T110","og_url":"https:\/\/ranoja.ee\/toode\/ohufilter-koos-korpusega-180020315-t114-g340f-g390f-g420f\/","og_site_name":"Ranoja","article_publisher":"https:\/\/www.facebook.com\/ranoja.ee","article_modified_time":"2025-12-10T13:13:11+00:00","og_image":[{"width":800,"height":745,"url":"https:\/\/ranoja.ee\/wp-content\/uploads\/2025\/03\/Ohufilter-koos-korpusega-180020315-T114-G340F-G390F-G420F.jpg","type":"image\/jpeg"}],"twitter_card":"summary_large_image","twitter_misc":{"Est. reading time":"2 minutes"},"schema":{"@context":"https:\/\/schema.org","@graph":[{"@type":"WebPage","@id":"https:\/\/ranoja.ee\/toode\/ohufilter-koos-korpusega-180020315-t114-g340f-g390f-g420f\/","url":"https:\/\/ranoja.ee\/toode\/ohufilter-koos-korpusega-180020315-t114-g340f-g390f-g420f\/","name":"\u00d5hufilter koos korpusega 180020315-T114 G340F G390F G420F","isPartOf":{"@id":"https:\/\/ranoja.ee\/#website"},"primaryImageOfPage":{"@id":"https:\/\/ranoja.ee\/toode\/ohufilter-koos-korpusega-180020315-t114-g340f-g390f-g420f\/#primaryimage"},"image":{"@id":"https:\/\/ranoja.ee\/toode\/ohufilter-koos-korpusega-180020315-t114-g340f-g390f-g420f\/#primaryimage"},"thumbnailUrl":"https:\/\/ranoja.ee\/wp-content\/uploads\/2025\/03\/Ohufilter-koos-korpusega-180020315-T114-G340F-G390F-G420F.jpg","datePublished":"2025-03-15T11:31:47+00:00","dateModified":"2025-12-10T13:13:11+00:00","description":"\u00d5hufilter koos korpusega 180020315-T114 G340F G390F G420F - \u00f5hufilter koos korpuse vahetusega 180020315-T114 \u00d5hufilter 180100035-0001 180100035-T110","breadcrumb":{"@id":"https:\/\/ranoja.ee\/toode\/ohufilter-koos-korpusega-180020315-t114-g340f-g390f-g420f\/#breadcrumb"},"inLanguage":"en-US","potentialAction":[{"@type":"ReadAction","target":["https:\/\/ranoja.ee\/toode\/ohufilter-koos-korpusega-180020315-t114-g340f-g390f-g420f\/"]}]},{"@type":"ImageObject","inLanguage":"en-US","@id":"https:\/\/ranoja.ee\/toode\/ohufilter-koos-korpusega-180020315-t114-g340f-g390f-g420f\/#primaryimage","url":"https:\/\/ranoja.ee\/wp-content\/uploads\/2025\/03\/Ohufilter-koos-korpusega-180020315-T114-G340F-G390F-G420F.jpg","contentUrl":"https:\/\/ranoja.ee\/wp-content\/uploads\/2025\/03\/Ohufilter-koos-korpusega-180020315-T114-G340F-G390F-G420F.jpg","width":800,"height":745,"caption":"\u00d5hufilter koos korpusega 180020315-T114 G340F G390F G420F"},{"@type":"BreadcrumbList","@id":"https:\/\/ranoja.ee\/toode\/ohufilter-koos-korpusega-180020315-t114-g340f-g390f-g420f\/#breadcrumb","itemListElement":[{"@type":"ListItem","position":1,"name":"Home","item":"https:\/\/ranoja.ee\/"},{"@type":"ListItem","position":2,"name":"Shop","item":"https:\/\/ranoja.ee\/en\/shop\/"},{"@type":"ListItem","position":3,"name":"\u00d5hufilter koos korpusega 180020315-T114 G340F G390F G420F"}]},{"@type":"WebSite","@id":"https:\/\/ranoja.ee\/#website","url":"https:\/\/ranoja.ee\/","name":"Ranoja","description":"Equipment Shop WooCommerce WordPress Theme for Machine &amp; Tools","publisher":{"@id":"https:\/\/ranoja.ee\/#organization"},"potentialAction":[{"@type":"SearchAction","target":{"@type":"EntryPoint","urlTemplate":"https:\/\/ranoja.ee\/?s={search_term_string}"},"query-input":{"@type":"PropertyValueSpecification","valueRequired":true,"valueName":"search_term_string"}}],"inLanguage":"en-US"},{"@type":"Organization","@id":"https:\/\/ranoja.ee\/#organization","name":"Ranoja O\u00dc","url":"https:\/\/ranoja.ee\/","logo":{"@type":"ImageObject","inLanguage":"en-US","@id":"https:\/\/ranoja.ee\/#\/schema\/logo\/image\/","url":"https:\/\/ranoja.ee\/wp-content\/uploads\/2023\/11\/ranoja-Logo.png","contentUrl":"https:\/\/ranoja.ee\/wp-content\/uploads\/2023\/11\/ranoja-Logo.png","width":207,"height":58,"caption":"Ranoja O\u00dc"},"image":{"@id":"https:\/\/ranoja.ee\/#\/schema\/logo\/image\/"},"sameAs":["https:\/\/www.facebook.com\/ranoja.ee","https:\/\/www.instagram.com\/ranoja__\/"]}]}},"_links":{"self":[{"href":"https:\/\/ranoja.ee\/en\/wp-json\/wp\/v2\/product\/15775","targetHints":{"allow":["GET"]}}],"collection":[{"href":"https:\/\/ranoja.ee\/en\/wp-json\/wp\/v2\/product"}],"about":[{"href":"https:\/\/ranoja.ee\/en\/wp-json\/wp\/v2\/types\/product"}],"wp:featuredmedia":[{"embeddable":true,"href":"https:\/\/ranoja.ee\/en\/wp-json\/wp\/v2\/media\/15776"}],"wp:attachment":[{"href":"https:\/\/ranoja.ee\/en\/wp-json\/wp\/v2\/media?parent=15775"}],"wp:term":[{"taxonomy":"product_cat","embeddable":true,"href":"https:\/\/ranoja.ee\/en\/wp-json\/wp\/v2\/product_cat?post=15775"},{"taxonomy":"product_tag","embeddable":true,"href":"https:\/\/ranoja.ee\/en\/wp-json\/wp\/v2\/product_tag?post=15775"}],"curies":[{"name":"wp","href":"https:\/\/api.w.org\/{rel}","templated":true}]}}