{"id":15752,"date":"2025-03-15T11:40:26","date_gmt":"2025-03-15T08:40:26","guid":{"rendered":"https:\/\/ranoja.ee\/?post_type=product&#038;p=15752"},"modified":"2025-12-10T16:13:11","modified_gmt":"2025-12-10T13:13:11","slug":"cedrbr13-loiketera-komplekt","status":"publish","type":"product","link":"https:\/\/ranoja.ee\/en\/toode\/cedrbr13-loiketera-komplekt\/","title":{"rendered":"CEDRBR13 l\u00f5iketera (komplekt)"},"content":{"rendered":"<p>CEDRBR13 l\u00f5iketera (komplekt)<br \/>\nCedrus RBR13 on professionaalne seade, mis on m\u00f5eldud okste ja taimej\u00e4\u00e4kide efektiivseks purustamiseks n\u00f5udlikes tingimustes. T\u00e4nu suurele v\u00f5imsusele, mahukale mootorile ja vastupidavale konstruktsioonile t\u00f6\u00f6tab RBR13 suurep\u00e4raselt nii suurtes aedades kui ka professionaalsel kasutamisel aianduses, metsanduses ja taludes.<br \/>\nMootori mudel: LC2V80FD t\u00f6\u00f6mahuga 764 cm\u00b3, v\u00f5imsusega 18 kW, mis tagab efektiivsuse ka suure koormuse korral.<br \/>\nElektriline starter: h\u00f5lbustab seadme kiiret k\u00e4ivitamist, mis suurendab oluliselt kasutusmugavust.<br \/>\nMax oksa l\u00e4bim\u00f5\u00f5t: kuni 130 mm &#8211; purustaja saab hakkama ka suuremate okstega, mis s\u00e4\u00e4stab aega ja suurendab t\u00f6\u00f6 efektiivsust<br \/>\nL\u00f5ikes\u00fcsteem ja s\u00f6\u00f6tmiss\u00fcsteem<br \/>\nRBR13 mudel, mis on varustatud kahe kahepoolse noaga trumli ja \u00fche alasiga, mille m\u00f5lemal k\u00fcljel on kaks rootorit, tagab t\u00e4pse ja kiire purustamise. T\u00e4nu gravitatsioonilisele etteandes\u00fcsteemile pole purustajaga t\u00f6\u00f6tamine mitte ainult t\u00f5hus, vaid ka lihtsam &#8211; oksad t\u00f5mmatakse automaatselt masinasse, mis lisaks koormab kasutajat.<br \/>\nMugavus ja mitmek\u00fclgsus<br \/>\nReguleeritav 360\u00b0 p\u00f6\u00f6rlemisv\u00f5imalusega korsten ja 90\u00b0 nurgaga v\u00e4ljavooludeflektor tagavad t\u00e4ieliku kontrolli peenestatud materjali v\u00e4ljalaske suuna \u00fcle, kohandudes kasutaja spetsiifiliste vajadustega.<br \/>\nCEDRBR13 l\u00f5iketera (komplekt)<br \/>\nSuur k\u00fctusepaak mahutavusega 12 liitrit v\u00f5imaldab pikka t\u00f6\u00f6d ilma sagedase tankimiseta.<br \/>\nAL-KO \u0161assii ja kaal 383 kg tagavad seadme stabiilsuse k\u00f5ikides maastikutingimustes.<br \/>\nLiikuvus ja ohutus<br \/>\nCedrus RBR13 on varustatud teehomlogatsiooniga haagisega, mis v\u00f5imaldab purustajat h\u00f5lpsalt ja ohutult transportida avalikel teedel.<br \/>\nCEDRBR13 l\u00f5iketera (komplekt)<\/p>\n","protected":false},"excerpt":{"rendered":"<p>CEDRBR13 l\u00f5iketera (komplekt)<br \/>\nKomplektis on 2 l\u00f5iketera mis on kahepoolsed.<br \/>\nSobib oksapurustajale\/puiduhakkurile Cedrus RBR13<br \/>\n<strong>Tarneaeg 1-7 t\u00f6\u00f6p\u00e4eva<\/strong><\/p>\n","protected":false},"featured_media":15763,"template":"","meta":{"inline_featured_image":false},"product_cat":[1124,1123],"product_tag":[1793,1244,84,1794],"class_list":{"0":"post-15752","1":"product","2":"type-product","3":"status-publish","4":"has-post-thumbnail","6":"product_brand-cedrus","7":"product_cat-loiketerad","8":"product_cat-varuosad","9":"product_tag-1793","10":"product_tag-loiketerad","11":"product_tag-oksapurustaja","12":"product_tag-terad","14":"first","15":"instock","16":"taxable","17":"shipping-taxable","18":"purchasable","19":"product-type-simple"},"yoast_head":"<!-- This site is optimized with the Yoast SEO plugin v27.4 - https:\/\/yoast.com\/product\/yoast-seo-wordpress\/ -->\n<title>CEDRBR13 l\u00f5iketera (komplekt)<\/title>\n<meta name=\"description\" content=\"CEDRBR13 l\u00f5iketera (komplekt) - Komplektis on 2 l\u00f5iketera mis on kahepoolsed.Sobib oksapurustajale\/puiduhakkurile Cedrus RBR13\" \/>\n<meta name=\"robots\" content=\"index, follow, max-snippet:-1, max-image-preview:large, max-video-preview:-1\" \/>\n<link rel=\"canonical\" href=\"https:\/\/ranoja.ee\/toode\/cedrbr13-loiketera-komplekt\/\" \/>\n<meta property=\"og:locale\" content=\"en_US\" \/>\n<meta property=\"og:type\" content=\"article\" \/>\n<meta property=\"og:title\" content=\"CEDRBR13 l\u00f5iketera (komplekt)\" \/>\n<meta property=\"og:description\" content=\"CEDRBR13 l\u00f5iketera (komplekt) - Komplektis on 2 l\u00f5iketera mis on kahepoolsed.Sobib oksapurustajale\/puiduhakkurile Cedrus RBR13\" \/>\n<meta property=\"og:url\" content=\"https:\/\/ranoja.ee\/toode\/cedrbr13-loiketera-komplekt\/\" \/>\n<meta property=\"og:site_name\" content=\"Ranoja\" \/>\n<meta property=\"article:publisher\" content=\"https:\/\/www.facebook.com\/ranoja.ee\" \/>\n<meta property=\"article:modified_time\" content=\"2025-12-10T13:13:11+00:00\" \/>\n<meta property=\"og:image\" content=\"https:\/\/ranoja.ee\/wp-content\/uploads\/2025\/03\/CEDRBR13-loiketera-komplekt-1-rotated.jpg\" \/>\n\t<meta property=\"og:image:width\" content=\"1600\" \/>\n\t<meta property=\"og:image:height\" content=\"1200\" \/>\n\t<meta property=\"og:image:type\" content=\"image\/jpeg\" \/>\n<meta name=\"twitter:card\" content=\"summary_large_image\" \/>\n<meta name=\"twitter:label1\" content=\"Est. reading time\" \/>\n\t<meta name=\"twitter:data1\" content=\"2 minutes\" \/>\n<script type=\"application\/ld+json\" class=\"yoast-schema-graph\">{\"@context\":\"https:\\\/\\\/schema.org\",\"@graph\":[{\"@type\":\"WebPage\",\"@id\":\"https:\\\/\\\/ranoja.ee\\\/toode\\\/cedrbr13-loiketera-komplekt\\\/\",\"url\":\"https:\\\/\\\/ranoja.ee\\\/toode\\\/cedrbr13-loiketera-komplekt\\\/\",\"name\":\"CEDRBR13 l\u00f5iketera (komplekt)\",\"isPartOf\":{\"@id\":\"https:\\\/\\\/ranoja.ee\\\/#website\"},\"primaryImageOfPage\":{\"@id\":\"https:\\\/\\\/ranoja.ee\\\/toode\\\/cedrbr13-loiketera-komplekt\\\/#primaryimage\"},\"image\":{\"@id\":\"https:\\\/\\\/ranoja.ee\\\/toode\\\/cedrbr13-loiketera-komplekt\\\/#primaryimage\"},\"thumbnailUrl\":\"https:\\\/\\\/ranoja.ee\\\/wp-content\\\/uploads\\\/2025\\\/03\\\/CEDRBR13-loiketera-komplekt-1-rotated.jpg\",\"datePublished\":\"2025-03-15T08:40:26+00:00\",\"dateModified\":\"2025-12-10T13:13:11+00:00\",\"description\":\"CEDRBR13 l\u00f5iketera (komplekt) - Komplektis on 2 l\u00f5iketera mis on kahepoolsed.Sobib oksapurustajale\\\/puiduhakkurile Cedrus RBR13\",\"breadcrumb\":{\"@id\":\"https:\\\/\\\/ranoja.ee\\\/toode\\\/cedrbr13-loiketera-komplekt\\\/#breadcrumb\"},\"inLanguage\":\"en-US\",\"potentialAction\":[{\"@type\":\"ReadAction\",\"target\":[\"https:\\\/\\\/ranoja.ee\\\/toode\\\/cedrbr13-loiketera-komplekt\\\/\"]}]},{\"@type\":\"ImageObject\",\"inLanguage\":\"en-US\",\"@id\":\"https:\\\/\\\/ranoja.ee\\\/toode\\\/cedrbr13-loiketera-komplekt\\\/#primaryimage\",\"url\":\"https:\\\/\\\/ranoja.ee\\\/wp-content\\\/uploads\\\/2025\\\/03\\\/CEDRBR13-loiketera-komplekt-1-rotated.jpg\",\"contentUrl\":\"https:\\\/\\\/ranoja.ee\\\/wp-content\\\/uploads\\\/2025\\\/03\\\/CEDRBR13-loiketera-komplekt-1-rotated.jpg\",\"width\":1600,\"height\":1200,\"caption\":\"CEDRBR13 l\u00f5iketera (komplekt)\"},{\"@type\":\"BreadcrumbList\",\"@id\":\"https:\\\/\\\/ranoja.ee\\\/toode\\\/cedrbr13-loiketera-komplekt\\\/#breadcrumb\",\"itemListElement\":[{\"@type\":\"ListItem\",\"position\":1,\"name\":\"Home\",\"item\":\"https:\\\/\\\/ranoja.ee\\\/\"},{\"@type\":\"ListItem\",\"position\":2,\"name\":\"Shop\",\"item\":\"https:\\\/\\\/ranoja.ee\\\/en\\\/shop\\\/\"},{\"@type\":\"ListItem\",\"position\":3,\"name\":\"CEDRBR13 l\u00f5iketera (komplekt)\"}]},{\"@type\":\"WebSite\",\"@id\":\"https:\\\/\\\/ranoja.ee\\\/#website\",\"url\":\"https:\\\/\\\/ranoja.ee\\\/\",\"name\":\"Ranoja\",\"description\":\"Equipment Shop WooCommerce WordPress Theme for Machine &amp; Tools\",\"publisher\":{\"@id\":\"https:\\\/\\\/ranoja.ee\\\/#organization\"},\"potentialAction\":[{\"@type\":\"SearchAction\",\"target\":{\"@type\":\"EntryPoint\",\"urlTemplate\":\"https:\\\/\\\/ranoja.ee\\\/?s={search_term_string}\"},\"query-input\":{\"@type\":\"PropertyValueSpecification\",\"valueRequired\":true,\"valueName\":\"search_term_string\"}}],\"inLanguage\":\"en-US\"},{\"@type\":\"Organization\",\"@id\":\"https:\\\/\\\/ranoja.ee\\\/#organization\",\"name\":\"Ranoja O\u00dc\",\"url\":\"https:\\\/\\\/ranoja.ee\\\/\",\"logo\":{\"@type\":\"ImageObject\",\"inLanguage\":\"en-US\",\"@id\":\"https:\\\/\\\/ranoja.ee\\\/#\\\/schema\\\/logo\\\/image\\\/\",\"url\":\"https:\\\/\\\/ranoja.ee\\\/wp-content\\\/uploads\\\/2023\\\/11\\\/ranoja-Logo.png\",\"contentUrl\":\"https:\\\/\\\/ranoja.ee\\\/wp-content\\\/uploads\\\/2023\\\/11\\\/ranoja-Logo.png\",\"width\":207,\"height\":58,\"caption\":\"Ranoja O\u00dc\"},\"image\":{\"@id\":\"https:\\\/\\\/ranoja.ee\\\/#\\\/schema\\\/logo\\\/image\\\/\"},\"sameAs\":[\"https:\\\/\\\/www.facebook.com\\\/ranoja.ee\",\"https:\\\/\\\/www.instagram.com\\\/ranoja__\\\/\"]}]}<\/script>\n<!-- \/ Yoast SEO plugin. -->","yoast_head_json":{"title":"CEDRBR13 l\u00f5iketera (komplekt)","description":"CEDRBR13 l\u00f5iketera (komplekt) - Komplektis on 2 l\u00f5iketera mis on kahepoolsed.Sobib oksapurustajale\/puiduhakkurile Cedrus RBR13","robots":{"index":"index","follow":"follow","max-snippet":"max-snippet:-1","max-image-preview":"max-image-preview:large","max-video-preview":"max-video-preview:-1"},"canonical":"https:\/\/ranoja.ee\/toode\/cedrbr13-loiketera-komplekt\/","og_locale":"en_US","og_type":"article","og_title":"CEDRBR13 l\u00f5iketera (komplekt)","og_description":"CEDRBR13 l\u00f5iketera (komplekt) - Komplektis on 2 l\u00f5iketera mis on kahepoolsed.Sobib oksapurustajale\/puiduhakkurile Cedrus RBR13","og_url":"https:\/\/ranoja.ee\/toode\/cedrbr13-loiketera-komplekt\/","og_site_name":"Ranoja","article_publisher":"https:\/\/www.facebook.com\/ranoja.ee","article_modified_time":"2025-12-10T13:13:11+00:00","og_image":[{"width":1600,"height":1200,"url":"https:\/\/ranoja.ee\/wp-content\/uploads\/2025\/03\/CEDRBR13-loiketera-komplekt-1-rotated.jpg","type":"image\/jpeg"}],"twitter_card":"summary_large_image","twitter_misc":{"Est. reading time":"2 minutes"},"schema":{"@context":"https:\/\/schema.org","@graph":[{"@type":"WebPage","@id":"https:\/\/ranoja.ee\/toode\/cedrbr13-loiketera-komplekt\/","url":"https:\/\/ranoja.ee\/toode\/cedrbr13-loiketera-komplekt\/","name":"CEDRBR13 l\u00f5iketera (komplekt)","isPartOf":{"@id":"https:\/\/ranoja.ee\/#website"},"primaryImageOfPage":{"@id":"https:\/\/ranoja.ee\/toode\/cedrbr13-loiketera-komplekt\/#primaryimage"},"image":{"@id":"https:\/\/ranoja.ee\/toode\/cedrbr13-loiketera-komplekt\/#primaryimage"},"thumbnailUrl":"https:\/\/ranoja.ee\/wp-content\/uploads\/2025\/03\/CEDRBR13-loiketera-komplekt-1-rotated.jpg","datePublished":"2025-03-15T08:40:26+00:00","dateModified":"2025-12-10T13:13:11+00:00","description":"CEDRBR13 l\u00f5iketera (komplekt) - Komplektis on 2 l\u00f5iketera mis on kahepoolsed.Sobib oksapurustajale\/puiduhakkurile Cedrus RBR13","breadcrumb":{"@id":"https:\/\/ranoja.ee\/toode\/cedrbr13-loiketera-komplekt\/#breadcrumb"},"inLanguage":"en-US","potentialAction":[{"@type":"ReadAction","target":["https:\/\/ranoja.ee\/toode\/cedrbr13-loiketera-komplekt\/"]}]},{"@type":"ImageObject","inLanguage":"en-US","@id":"https:\/\/ranoja.ee\/toode\/cedrbr13-loiketera-komplekt\/#primaryimage","url":"https:\/\/ranoja.ee\/wp-content\/uploads\/2025\/03\/CEDRBR13-loiketera-komplekt-1-rotated.jpg","contentUrl":"https:\/\/ranoja.ee\/wp-content\/uploads\/2025\/03\/CEDRBR13-loiketera-komplekt-1-rotated.jpg","width":1600,"height":1200,"caption":"CEDRBR13 l\u00f5iketera (komplekt)"},{"@type":"BreadcrumbList","@id":"https:\/\/ranoja.ee\/toode\/cedrbr13-loiketera-komplekt\/#breadcrumb","itemListElement":[{"@type":"ListItem","position":1,"name":"Home","item":"https:\/\/ranoja.ee\/"},{"@type":"ListItem","position":2,"name":"Shop","item":"https:\/\/ranoja.ee\/en\/shop\/"},{"@type":"ListItem","position":3,"name":"CEDRBR13 l\u00f5iketera (komplekt)"}]},{"@type":"WebSite","@id":"https:\/\/ranoja.ee\/#website","url":"https:\/\/ranoja.ee\/","name":"Ranoja","description":"Equipment Shop WooCommerce WordPress Theme for Machine &amp; Tools","publisher":{"@id":"https:\/\/ranoja.ee\/#organization"},"potentialAction":[{"@type":"SearchAction","target":{"@type":"EntryPoint","urlTemplate":"https:\/\/ranoja.ee\/?s={search_term_string}"},"query-input":{"@type":"PropertyValueSpecification","valueRequired":true,"valueName":"search_term_string"}}],"inLanguage":"en-US"},{"@type":"Organization","@id":"https:\/\/ranoja.ee\/#organization","name":"Ranoja O\u00dc","url":"https:\/\/ranoja.ee\/","logo":{"@type":"ImageObject","inLanguage":"en-US","@id":"https:\/\/ranoja.ee\/#\/schema\/logo\/image\/","url":"https:\/\/ranoja.ee\/wp-content\/uploads\/2023\/11\/ranoja-Logo.png","contentUrl":"https:\/\/ranoja.ee\/wp-content\/uploads\/2023\/11\/ranoja-Logo.png","width":207,"height":58,"caption":"Ranoja O\u00dc"},"image":{"@id":"https:\/\/ranoja.ee\/#\/schema\/logo\/image\/"},"sameAs":["https:\/\/www.facebook.com\/ranoja.ee","https:\/\/www.instagram.com\/ranoja__\/"]}]}},"_links":{"self":[{"href":"https:\/\/ranoja.ee\/en\/wp-json\/wp\/v2\/product\/15752","targetHints":{"allow":["GET"]}}],"collection":[{"href":"https:\/\/ranoja.ee\/en\/wp-json\/wp\/v2\/product"}],"about":[{"href":"https:\/\/ranoja.ee\/en\/wp-json\/wp\/v2\/types\/product"}],"wp:featuredmedia":[{"embeddable":true,"href":"https:\/\/ranoja.ee\/en\/wp-json\/wp\/v2\/media\/15763"}],"wp:attachment":[{"href":"https:\/\/ranoja.ee\/en\/wp-json\/wp\/v2\/media?parent=15752"}],"wp:term":[{"taxonomy":"product_cat","embeddable":true,"href":"https:\/\/ranoja.ee\/en\/wp-json\/wp\/v2\/product_cat?post=15752"},{"taxonomy":"product_tag","embeddable":true,"href":"https:\/\/ranoja.ee\/en\/wp-json\/wp\/v2\/product_tag?post=15752"}],"curies":[{"name":"wp","href":"https:\/\/api.w.org\/{rel}","templated":true}]}}