{"id":15746,"date":"2025-03-13T17:22:57","date_gmt":"2025-03-13T14:22:57","guid":{"rendered":"https:\/\/ranoja.ee\/?post_type=product&#038;p=15746"},"modified":"2025-12-10T13:14:42","modified_gmt":"2025-12-10T10:14:42","slug":"kallurikast-5md800hproarm","status":"publish","type":"product","link":"https:\/\/ranoja.ee\/en\/toode\/kallurikast-5md800hproarm\/","title":{"rendered":"Kallurikast 5MD800HPROARM"},"content":{"rendered":"<p>Kallurikast 5MD800HPROARM &#8211; Kallurikast sobib masinale MD800HPRO-AR<\/p>\n<p>Lumag MD-800HPRO\/AR on t\u00f5eline j\u00f5uallikas ja ideaalne abimees k\u00f5igi transpordi\u00fclesannete jaoks. Olgu tegemist ehitus- v\u00f5i aiandust\u00f6\u00f6stusega, see bensiinimootoriga mini roomikkallur pakub v\u00e4\u00e4rtuslikku teenindust ja avaldab muljet oma muljetavaldava j\u00f5udlusega. Kuni 800 kg kandev\u00f5imega saab see h\u00f5lpsalt hakkama raskete koormatega ja transpordib need turvaliselt sihtkohta. Selle \u00f5huke disain ja kompaktne suurus tagavad, et see p\u00e4\u00e4seb h\u00f5lpsalt l\u00e4bi kitsaste v\u00e4ravate ja radade. H\u00fcdrauliline kallutus- ja veeremisanum muudab peale- ja mahalaadimise palju lihtsamaks, samas kui tugev teraskonstruktsioon ja v\u00f5imas h\u00fcdrosilinder v\u00f5imaldavad lihtsat ja intuitiivset juhtimist. Ja tagamaks, et isegi pikemad t\u00f6\u00f6seansid ei j\u00e4taks v\u00e4simuse m\u00e4rke, on MD-800HPRO\/AR praktiline seisev platvorm. V\u00f5imas, t\u00f6\u00f6kindel ja h\u00f5lpsasti kasutatav \u2013 Lumag MD-800HPRO\/AR on ideaalne abimees k\u00f5igile, kes vajavad raskete koormate teisaldamist.<\/p>\n<p>Tugevdatud kaablid, k\u00f5rge kliirens ja uuenduslik Jaapani k\u00e4igukast v\u00f5imaldavad lihtsat ja kasutajas\u00f5bralikku kasutamist praktiliselt igas keskkonnas. T\u00e4nu h\u00fcdraulilisele kallutus- ja parkimissilindrile on suurte koormate kiire ja lihtne mahalaadimine lapsem\u00e4ng. Sellele mudelile on lisavarustusena saadaval ka t\u00e4iendav veeremisvann. See masin tarnitakse koos jooksulauaga.<\/p>\n<p>Kallurikast 5MD800HPROARM<\/p>\n<p>Bensiinimootoriga Minikallur \u2013 asendamatu abimees aias ja ehitusel<\/p>\n<p>Bensiinimootoriga minikallur on kompaktne, kuid v\u00f5imas t\u00f6\u00f6riist, mis lihtsustab oluliselt aiat\u00f6id ja ehitust. See mitmek\u00fclgne masin on loodud raskete koormate transportimiseks, aidates s\u00e4\u00e4sta aega ja f\u00fc\u00fcsilist pingutust.<\/p>\n<p>Minikalluri peamine eelis on selle liikuvus \u2013 see mahub kergesti kitsastesse kohtadesse, kuhu suuremad masinad ei p\u00e4\u00e4se. Tugev raam ja vastupidavad rattad v\u00f5i roomikud tagavad stabiilsuse ka ebatasasel pinnal. T\u00e4nu bensiinimootorile on see autonoomne ning ei vaja elektri\u00fchendust, v\u00f5imaldades t\u00f6\u00f6tada ka kaugemal asuvates kohtades.<\/p>\n<p>Aias saab minikallurit kasutada n\u00e4iteks mulla, kivide, lehtede v\u00f5i k\u00fcttepuude vedamiseks. Ehitust\u00f6\u00f6del on see suureks abiks liiva, kruusa, betooni v\u00f5i ehitusmaterjalide transpordil. Kallutusmehhanism muudab koorma mahalaadimise lihtsaks ja kiireks.<\/p>\n<p>T\u00e4nu oma kompaktsusele ja v\u00f5imsusele on bensiinimootoriga minikallur ideaalne abiline nii koduomanikule kui ka professionaalsele ehitajale, v\u00e4hendades t\u00f6\u00f6koormust ja suurendades efektiivsust. Kui otsid vastupidavat ja praktilist transpordivahendit, on minikallur suurep\u00e4rane valik!<\/p>\n","protected":false},"excerpt":{"rendered":"<p>Kallurikast 5MD800HPROARM<\/p>\n<p>Kast: 1240 x 760 x 400 mm<br \/>\n<strong>Sobib minikallurile: <a href=\"https:\/\/ranoja.ee\/toode\/lumag-minikallur-md800hpro-ar\/\">MD800HPRO-AR<\/a><\/strong><\/p>\n<p><strong>Tarneaeg 1-7 t\u00f6\u00f6p\u00e4eva<\/strong><br \/>\n[embed]https:\/\/www.youtube.com\/shorts\/H3VQF5gxjEQ[\/embed]<\/p>\n","protected":false},"featured_media":15747,"template":"","meta":{"inline_featured_image":false},"product_cat":[1090,99],"product_tag":[1792,356,346],"class_list":{"0":"post-15746","1":"product","2":"type-product","3":"status-publish","4":"has-post-thumbnail","6":"product_brand-lumag","7":"product_cat-ehitustehnika","8":"product_cat-minikallurid","9":"product_tag-karu","10":"product_tag-minidumper","11":"product_tag-minikallur","13":"first","14":"instock","15":"taxable","16":"shipping-taxable","17":"purchasable","18":"product-type-simple"},"yoast_head":"<!-- This site is optimized with the Yoast SEO plugin v27.4 - https:\/\/yoast.com\/product\/yoast-seo-wordpress\/ -->\n<title>Kallurikast 5MD800HPROARM<\/title>\n<meta name=\"description\" content=\"Kallurikast 5MD800HPROARM - Kast: 1240 x 760 x 400 mmSobib minikallurile: MD800HPRO-AR - Ehitustehnika ning minikallurite varuosad leiad Ranojast!\" \/>\n<meta name=\"robots\" content=\"index, follow, max-snippet:-1, max-image-preview:large, max-video-preview:-1\" \/>\n<link rel=\"canonical\" href=\"https:\/\/ranoja.ee\/toode\/kallurikast-5md800hproarm\/\" \/>\n<meta property=\"og:locale\" content=\"en_US\" \/>\n<meta property=\"og:type\" content=\"article\" \/>\n<meta property=\"og:title\" content=\"Kallurikast 5MD800HPROARM\" \/>\n<meta property=\"og:description\" content=\"Kallurikast 5MD800HPROARM - Kast: 1240 x 760 x 400 mmSobib minikallurile: MD800HPRO-AR - Ehitustehnika ning minikallurite varuosad leiad Ranojast!\" \/>\n<meta property=\"og:url\" content=\"https:\/\/ranoja.ee\/toode\/kallurikast-5md800hproarm\/\" \/>\n<meta property=\"og:site_name\" content=\"Ranoja\" \/>\n<meta property=\"article:publisher\" content=\"https:\/\/www.facebook.com\/ranoja.ee\" \/>\n<meta property=\"article:modified_time\" content=\"2025-12-10T10:14:42+00:00\" \/>\n<meta property=\"og:image\" content=\"https:\/\/ranoja.ee\/wp-content\/uploads\/2025\/03\/Lumag-minikallur-MD800HPRO-AR-4-1.png\" \/>\n\t<meta property=\"og:image:width\" content=\"1500\" \/>\n\t<meta property=\"og:image:height\" content=\"1500\" \/>\n\t<meta property=\"og:image:type\" content=\"image\/png\" \/>\n<meta name=\"twitter:card\" content=\"summary_large_image\" \/>\n<meta name=\"twitter:label1\" content=\"Est. reading time\" \/>\n\t<meta name=\"twitter:data1\" content=\"2 minutes\" \/>\n<script type=\"application\/ld+json\" class=\"yoast-schema-graph\">{\"@context\":\"https:\\\/\\\/schema.org\",\"@graph\":[{\"@type\":\"WebPage\",\"@id\":\"https:\\\/\\\/ranoja.ee\\\/toode\\\/kallurikast-5md800hproarm\\\/\",\"url\":\"https:\\\/\\\/ranoja.ee\\\/toode\\\/kallurikast-5md800hproarm\\\/\",\"name\":\"Kallurikast 5MD800HPROARM\",\"isPartOf\":{\"@id\":\"https:\\\/\\\/ranoja.ee\\\/#website\"},\"primaryImageOfPage\":{\"@id\":\"https:\\\/\\\/ranoja.ee\\\/toode\\\/kallurikast-5md800hproarm\\\/#primaryimage\"},\"image\":{\"@id\":\"https:\\\/\\\/ranoja.ee\\\/toode\\\/kallurikast-5md800hproarm\\\/#primaryimage\"},\"thumbnailUrl\":\"https:\\\/\\\/ranoja.ee\\\/wp-content\\\/uploads\\\/2025\\\/03\\\/Lumag-minikallur-MD800HPRO-AR-4-1.png\",\"datePublished\":\"2025-03-13T14:22:57+00:00\",\"dateModified\":\"2025-12-10T10:14:42+00:00\",\"description\":\"Kallurikast 5MD800HPROARM - Kast: 1240 x 760 x 400 mmSobib minikallurile: MD800HPRO-AR - Ehitustehnika ning minikallurite varuosad leiad Ranojast!\",\"breadcrumb\":{\"@id\":\"https:\\\/\\\/ranoja.ee\\\/toode\\\/kallurikast-5md800hproarm\\\/#breadcrumb\"},\"inLanguage\":\"en-US\",\"potentialAction\":[{\"@type\":\"ReadAction\",\"target\":[\"https:\\\/\\\/ranoja.ee\\\/toode\\\/kallurikast-5md800hproarm\\\/\"]}]},{\"@type\":\"ImageObject\",\"inLanguage\":\"en-US\",\"@id\":\"https:\\\/\\\/ranoja.ee\\\/toode\\\/kallurikast-5md800hproarm\\\/#primaryimage\",\"url\":\"https:\\\/\\\/ranoja.ee\\\/wp-content\\\/uploads\\\/2025\\\/03\\\/Lumag-minikallur-MD800HPRO-AR-4-1.png\",\"contentUrl\":\"https:\\\/\\\/ranoja.ee\\\/wp-content\\\/uploads\\\/2025\\\/03\\\/Lumag-minikallur-MD800HPRO-AR-4-1.png\",\"width\":1500,\"height\":1500,\"caption\":\"Kast: 1240 x 760 x 400 mm Sobib minikallurile: MD800HPRO-AR\"},{\"@type\":\"BreadcrumbList\",\"@id\":\"https:\\\/\\\/ranoja.ee\\\/toode\\\/kallurikast-5md800hproarm\\\/#breadcrumb\",\"itemListElement\":[{\"@type\":\"ListItem\",\"position\":1,\"name\":\"Home\",\"item\":\"https:\\\/\\\/ranoja.ee\\\/\"},{\"@type\":\"ListItem\",\"position\":2,\"name\":\"Shop\",\"item\":\"https:\\\/\\\/ranoja.ee\\\/en\\\/shop\\\/\"},{\"@type\":\"ListItem\",\"position\":3,\"name\":\"Kallurikast 5MD800HPROARM\"}]},{\"@type\":\"WebSite\",\"@id\":\"https:\\\/\\\/ranoja.ee\\\/#website\",\"url\":\"https:\\\/\\\/ranoja.ee\\\/\",\"name\":\"Ranoja\",\"description\":\"Equipment Shop WooCommerce WordPress Theme for Machine &amp; Tools\",\"publisher\":{\"@id\":\"https:\\\/\\\/ranoja.ee\\\/#organization\"},\"potentialAction\":[{\"@type\":\"SearchAction\",\"target\":{\"@type\":\"EntryPoint\",\"urlTemplate\":\"https:\\\/\\\/ranoja.ee\\\/?s={search_term_string}\"},\"query-input\":{\"@type\":\"PropertyValueSpecification\",\"valueRequired\":true,\"valueName\":\"search_term_string\"}}],\"inLanguage\":\"en-US\"},{\"@type\":\"Organization\",\"@id\":\"https:\\\/\\\/ranoja.ee\\\/#organization\",\"name\":\"Ranoja O\u00dc\",\"url\":\"https:\\\/\\\/ranoja.ee\\\/\",\"logo\":{\"@type\":\"ImageObject\",\"inLanguage\":\"en-US\",\"@id\":\"https:\\\/\\\/ranoja.ee\\\/#\\\/schema\\\/logo\\\/image\\\/\",\"url\":\"https:\\\/\\\/ranoja.ee\\\/wp-content\\\/uploads\\\/2023\\\/11\\\/ranoja-Logo.png\",\"contentUrl\":\"https:\\\/\\\/ranoja.ee\\\/wp-content\\\/uploads\\\/2023\\\/11\\\/ranoja-Logo.png\",\"width\":207,\"height\":58,\"caption\":\"Ranoja O\u00dc\"},\"image\":{\"@id\":\"https:\\\/\\\/ranoja.ee\\\/#\\\/schema\\\/logo\\\/image\\\/\"},\"sameAs\":[\"https:\\\/\\\/www.facebook.com\\\/ranoja.ee\",\"https:\\\/\\\/www.instagram.com\\\/ranoja__\\\/\"]}]}<\/script>\n<!-- \/ Yoast SEO plugin. -->","yoast_head_json":{"title":"Kallurikast 5MD800HPROARM","description":"Kallurikast 5MD800HPROARM - Kast: 1240 x 760 x 400 mmSobib minikallurile: MD800HPRO-AR - Ehitustehnika ning minikallurite varuosad leiad Ranojast!","robots":{"index":"index","follow":"follow","max-snippet":"max-snippet:-1","max-image-preview":"max-image-preview:large","max-video-preview":"max-video-preview:-1"},"canonical":"https:\/\/ranoja.ee\/toode\/kallurikast-5md800hproarm\/","og_locale":"en_US","og_type":"article","og_title":"Kallurikast 5MD800HPROARM","og_description":"Kallurikast 5MD800HPROARM - Kast: 1240 x 760 x 400 mmSobib minikallurile: MD800HPRO-AR - Ehitustehnika ning minikallurite varuosad leiad Ranojast!","og_url":"https:\/\/ranoja.ee\/toode\/kallurikast-5md800hproarm\/","og_site_name":"Ranoja","article_publisher":"https:\/\/www.facebook.com\/ranoja.ee","article_modified_time":"2025-12-10T10:14:42+00:00","og_image":[{"width":1500,"height":1500,"url":"https:\/\/ranoja.ee\/wp-content\/uploads\/2025\/03\/Lumag-minikallur-MD800HPRO-AR-4-1.png","type":"image\/png"}],"twitter_card":"summary_large_image","twitter_misc":{"Est. reading time":"2 minutes"},"schema":{"@context":"https:\/\/schema.org","@graph":[{"@type":"WebPage","@id":"https:\/\/ranoja.ee\/toode\/kallurikast-5md800hproarm\/","url":"https:\/\/ranoja.ee\/toode\/kallurikast-5md800hproarm\/","name":"Kallurikast 5MD800HPROARM","isPartOf":{"@id":"https:\/\/ranoja.ee\/#website"},"primaryImageOfPage":{"@id":"https:\/\/ranoja.ee\/toode\/kallurikast-5md800hproarm\/#primaryimage"},"image":{"@id":"https:\/\/ranoja.ee\/toode\/kallurikast-5md800hproarm\/#primaryimage"},"thumbnailUrl":"https:\/\/ranoja.ee\/wp-content\/uploads\/2025\/03\/Lumag-minikallur-MD800HPRO-AR-4-1.png","datePublished":"2025-03-13T14:22:57+00:00","dateModified":"2025-12-10T10:14:42+00:00","description":"Kallurikast 5MD800HPROARM - Kast: 1240 x 760 x 400 mmSobib minikallurile: MD800HPRO-AR - Ehitustehnika ning minikallurite varuosad leiad Ranojast!","breadcrumb":{"@id":"https:\/\/ranoja.ee\/toode\/kallurikast-5md800hproarm\/#breadcrumb"},"inLanguage":"en-US","potentialAction":[{"@type":"ReadAction","target":["https:\/\/ranoja.ee\/toode\/kallurikast-5md800hproarm\/"]}]},{"@type":"ImageObject","inLanguage":"en-US","@id":"https:\/\/ranoja.ee\/toode\/kallurikast-5md800hproarm\/#primaryimage","url":"https:\/\/ranoja.ee\/wp-content\/uploads\/2025\/03\/Lumag-minikallur-MD800HPRO-AR-4-1.png","contentUrl":"https:\/\/ranoja.ee\/wp-content\/uploads\/2025\/03\/Lumag-minikallur-MD800HPRO-AR-4-1.png","width":1500,"height":1500,"caption":"Kast: 1240 x 760 x 400 mm Sobib minikallurile: MD800HPRO-AR"},{"@type":"BreadcrumbList","@id":"https:\/\/ranoja.ee\/toode\/kallurikast-5md800hproarm\/#breadcrumb","itemListElement":[{"@type":"ListItem","position":1,"name":"Home","item":"https:\/\/ranoja.ee\/"},{"@type":"ListItem","position":2,"name":"Shop","item":"https:\/\/ranoja.ee\/en\/shop\/"},{"@type":"ListItem","position":3,"name":"Kallurikast 5MD800HPROARM"}]},{"@type":"WebSite","@id":"https:\/\/ranoja.ee\/#website","url":"https:\/\/ranoja.ee\/","name":"Ranoja","description":"Equipment Shop WooCommerce WordPress Theme for Machine &amp; Tools","publisher":{"@id":"https:\/\/ranoja.ee\/#organization"},"potentialAction":[{"@type":"SearchAction","target":{"@type":"EntryPoint","urlTemplate":"https:\/\/ranoja.ee\/?s={search_term_string}"},"query-input":{"@type":"PropertyValueSpecification","valueRequired":true,"valueName":"search_term_string"}}],"inLanguage":"en-US"},{"@type":"Organization","@id":"https:\/\/ranoja.ee\/#organization","name":"Ranoja O\u00dc","url":"https:\/\/ranoja.ee\/","logo":{"@type":"ImageObject","inLanguage":"en-US","@id":"https:\/\/ranoja.ee\/#\/schema\/logo\/image\/","url":"https:\/\/ranoja.ee\/wp-content\/uploads\/2023\/11\/ranoja-Logo.png","contentUrl":"https:\/\/ranoja.ee\/wp-content\/uploads\/2023\/11\/ranoja-Logo.png","width":207,"height":58,"caption":"Ranoja O\u00dc"},"image":{"@id":"https:\/\/ranoja.ee\/#\/schema\/logo\/image\/"},"sameAs":["https:\/\/www.facebook.com\/ranoja.ee","https:\/\/www.instagram.com\/ranoja__\/"]}]}},"_links":{"self":[{"href":"https:\/\/ranoja.ee\/en\/wp-json\/wp\/v2\/product\/15746","targetHints":{"allow":["GET"]}}],"collection":[{"href":"https:\/\/ranoja.ee\/en\/wp-json\/wp\/v2\/product"}],"about":[{"href":"https:\/\/ranoja.ee\/en\/wp-json\/wp\/v2\/types\/product"}],"wp:featuredmedia":[{"embeddable":true,"href":"https:\/\/ranoja.ee\/en\/wp-json\/wp\/v2\/media\/15747"}],"wp:attachment":[{"href":"https:\/\/ranoja.ee\/en\/wp-json\/wp\/v2\/media?parent=15746"}],"wp:term":[{"taxonomy":"product_cat","embeddable":true,"href":"https:\/\/ranoja.ee\/en\/wp-json\/wp\/v2\/product_cat?post=15746"},{"taxonomy":"product_tag","embeddable":true,"href":"https:\/\/ranoja.ee\/en\/wp-json\/wp\/v2\/product_tag?post=15746"}],"curies":[{"name":"wp","href":"https:\/\/api.w.org\/{rel}","templated":true}]}}