{"id":15736,"date":"2025-03-13T17:22:12","date_gmt":"2025-03-13T14:22:12","guid":{"rendered":"https:\/\/ranoja.ee\/?post_type=product&#038;p=15736"},"modified":"2025-12-10T13:14:42","modified_gmt":"2025-12-10T10:14:42","slug":"lumag-minikallur-md800hpro-ar","status":"publish","type":"product","link":"https:\/\/ranoja.ee\/en\/toode\/lumag-minikallur-md800hpro-ar\/","title":{"rendered":"Lumag minikallur MD800HPRO-AR"},"content":{"rendered":"<p>Lumag minikallur MD800HPRO-AR<\/p>\n<p>Lumag MD-800HPRO\/AR on t\u00f5eline j\u00f5uallikas ja ideaalne abimees k\u00f5igi transpordi\u00fclesannete jaoks. Olgu tegemist ehitus- v\u00f5i aiandust\u00f6\u00f6stusega, see bensiinimootoriga mini roomikkallur pakub v\u00e4\u00e4rtuslikku teenindust ja avaldab muljet oma muljetavaldava j\u00f5udlusega. Kuni 800 kg kandev\u00f5imega saab see h\u00f5lpsalt hakkama raskete koormatega ja transpordib need turvaliselt sihtkohta. Selle \u00f5huke disain ja kompaktne suurus tagavad, et see p\u00e4\u00e4seb h\u00f5lpsalt l\u00e4bi kitsaste v\u00e4ravate ja radade. H\u00fcdrauliline kallutus- ja veeremisanum muudab peale- ja mahalaadimise palju lihtsamaks, samas kui tugev teraskonstruktsioon ja v\u00f5imas h\u00fcdrosilinder v\u00f5imaldavad lihtsat ja intuitiivset juhtimist. Ja tagamaks, et isegi pikemad t\u00f6\u00f6seansid ei j\u00e4taks v\u00e4simuse m\u00e4rke, on MD-800HPRO\/AR praktiline seisev platvorm. V\u00f5imas, t\u00f6\u00f6kindel ja h\u00f5lpsasti kasutatav \u2013 Lumag MD-800HPRO\/AR on ideaalne abimees k\u00f5igile, kes vajavad raskete koormate teisaldamist.<\/p>\n<p>Tugevdatud kaablid, k\u00f5rge kliirens ja uuenduslik Jaapani k\u00e4igukast v\u00f5imaldavad lihtsat ja kasutajas\u00f5bralikku kasutamist praktiliselt igas keskkonnas. T\u00e4nu h\u00fcdraulilisele kallutus- ja parkimissilindrile on suurte koormate kiire ja lihtne mahalaadimine lapsem\u00e4ng. Sellele mudelile on lisavarustusena saadaval ka t\u00e4iendav veeremisvann. See masin tarnitakse koos jooksulauaga.<\/p>\n<p>Lumag minikallur MD800HPRO-AR<\/p>\n<p>Bensiinimootoriga Minikallur \u2013 asendamatu abimees aias ja ehitusel<\/p>\n<p>Bensiinimootoriga minikallur on kompaktne, kuid v\u00f5imas t\u00f6\u00f6riist, mis lihtsustab oluliselt aiat\u00f6id ja ehitust. See mitmek\u00fclgne masin on loodud raskete koormate transportimiseks, aidates s\u00e4\u00e4sta aega ja f\u00fc\u00fcsilist pingutust.<\/p>\n<p>Minikalluri peamine eelis on selle liikuvus \u2013 see mahub kergesti kitsastesse kohtadesse, kuhu suuremad masinad ei p\u00e4\u00e4se. Tugev raam ja vastupidavad rattad v\u00f5i roomikud tagavad stabiilsuse ka ebatasasel pinnal. T\u00e4nu bensiinimootorile on see autonoomne ning ei vaja elektri\u00fchendust, v\u00f5imaldades t\u00f6\u00f6tada ka kaugemal asuvates kohtades.<\/p>\n<p>Aias saab minikallurit kasutada n\u00e4iteks mulla, kivide, lehtede v\u00f5i k\u00fcttepuude vedamiseks. Ehitust\u00f6\u00f6del on see suureks abiks liiva, kruusa, betooni v\u00f5i ehitusmaterjalide transpordil. Kallutusmehhanism muudab koorma mahalaadimise lihtsaks ja kiireks.<\/p>\n<p>T\u00e4nu oma kompaktsusele ja v\u00f5imsusele on bensiinimootoriga minikallur ideaalne abiline nii koduomanikule kui ka professionaalsele ehitajale, v\u00e4hendades t\u00f6\u00f6koormust ja suurendades efektiivsust. Kui otsid vastupidavat ja praktilist transpordivahendit, on minikallur suurep\u00e4rane valik!<\/p>\n","protected":false},"excerpt":{"rendered":"<p>Lumag minikallur MD800HPRO-AR<\/p>\n<p>Mootor 1-silindriline-4-takti-OHV LONCIN<br \/>\nG420F T\u00f6\u00f6maht 420 cm\u00b3 V\u00f5imsus 9,0 kW<br \/>\nK\u00e4sistarter<br \/>\nKast: 1240 x 760 x 400 mm<br \/>\nOsta endale juurde ka lisa kallurikast &#8211; <a href=\"https:\/\/ranoja.ee\/toode\/kallurikast-5md800hproarm\/\"><strong>5MD800HPROARM<\/strong><\/a><br \/>\nKliirens 130 mm<br \/>\nMax kandev\u00f5ime 800 kg<br \/>\nKallutamine H\u00fcdrauliline<br \/>\nK\u00e4igukast 6 edasik\u00e4iku<br \/>\n2 tagurpidi k\u00e4iku<br \/>\nKaal 430kg<br \/>\n<strong>Tarneaeg 1-7 t\u00f6\u00f6p\u00e4eva<\/strong><br \/>\n[embed]https:\/\/www.youtube.com\/shorts\/H3VQF5gxjEQ[\/embed]<\/p>\n","protected":false},"featured_media":15737,"template":"","meta":{"inline_featured_image":false},"product_cat":[1090,99],"product_tag":[],"class_list":{"0":"post-15736","1":"product","2":"type-product","3":"status-publish","4":"has-post-thumbnail","6":"product_brand-lumag","7":"product_cat-ehitustehnika","8":"product_cat-minikallurid","10":"first","11":"instock","12":"taxable","13":"shipping-taxable","14":"purchasable","15":"product-type-simple"},"yoast_head":"<!-- This site is optimized with the Yoast SEO plugin v27.4 - https:\/\/yoast.com\/product\/yoast-seo-wordpress\/ -->\n<title>Lumag minikallur MD800HPRO-AR<\/title>\n<meta name=\"description\" content=\"Lumag minikallur MD800HPRO-AR - G420F T\u00f6\u00f6maht 420 cm\u00b3 V\u00f5imsus 9,0 kWK\u00e4sistarterKast: 1240 x 760 x 400 mm Vahetatava kastiga h\u00fcdrauliline dumper!\" \/>\n<meta name=\"robots\" content=\"index, follow, max-snippet:-1, max-image-preview:large, max-video-preview:-1\" \/>\n<link rel=\"canonical\" href=\"https:\/\/ranoja.ee\/toode\/lumag-minikallur-md800hpro-ar\/\" \/>\n<meta property=\"og:locale\" content=\"en_US\" \/>\n<meta property=\"og:type\" content=\"article\" \/>\n<meta property=\"og:title\" content=\"Lumag minikallur MD800HPRO-AR\" \/>\n<meta property=\"og:description\" content=\"Lumag minikallur MD800HPRO-AR - G420F T\u00f6\u00f6maht 420 cm\u00b3 V\u00f5imsus 9,0 kWK\u00e4sistarterKast: 1240 x 760 x 400 mm Vahetatava kastiga h\u00fcdrauliline dumper!\" \/>\n<meta property=\"og:url\" content=\"https:\/\/ranoja.ee\/toode\/lumag-minikallur-md800hpro-ar\/\" \/>\n<meta property=\"og:site_name\" content=\"Ranoja\" \/>\n<meta property=\"article:publisher\" content=\"https:\/\/www.facebook.com\/ranoja.ee\" \/>\n<meta property=\"article:modified_time\" content=\"2025-12-10T10:14:42+00:00\" \/>\n<meta property=\"og:image\" content=\"https:\/\/ranoja.ee\/wp-content\/uploads\/2025\/03\/Lumag-minikallur-MD800HPRO-AR.png\" \/>\n\t<meta property=\"og:image:width\" content=\"1500\" \/>\n\t<meta property=\"og:image:height\" content=\"1500\" \/>\n\t<meta property=\"og:image:type\" content=\"image\/png\" \/>\n<meta name=\"twitter:card\" content=\"summary_large_image\" \/>\n<meta name=\"twitter:label1\" content=\"Est. reading time\" \/>\n\t<meta name=\"twitter:data1\" content=\"2 minutes\" \/>\n<script type=\"application\/ld+json\" class=\"yoast-schema-graph\">{\"@context\":\"https:\\\/\\\/schema.org\",\"@graph\":[{\"@type\":\"WebPage\",\"@id\":\"https:\\\/\\\/ranoja.ee\\\/toode\\\/lumag-minikallur-md800hpro-ar\\\/\",\"url\":\"https:\\\/\\\/ranoja.ee\\\/toode\\\/lumag-minikallur-md800hpro-ar\\\/\",\"name\":\"Lumag minikallur MD800HPRO-AR\",\"isPartOf\":{\"@id\":\"https:\\\/\\\/ranoja.ee\\\/#website\"},\"primaryImageOfPage\":{\"@id\":\"https:\\\/\\\/ranoja.ee\\\/toode\\\/lumag-minikallur-md800hpro-ar\\\/#primaryimage\"},\"image\":{\"@id\":\"https:\\\/\\\/ranoja.ee\\\/toode\\\/lumag-minikallur-md800hpro-ar\\\/#primaryimage\"},\"thumbnailUrl\":\"https:\\\/\\\/ranoja.ee\\\/wp-content\\\/uploads\\\/2025\\\/03\\\/Lumag-minikallur-MD800HPRO-AR.png\",\"datePublished\":\"2025-03-13T14:22:12+00:00\",\"dateModified\":\"2025-12-10T10:14:42+00:00\",\"description\":\"Lumag minikallur MD800HPRO-AR - G420F T\u00f6\u00f6maht 420 cm\u00b3 V\u00f5imsus 9,0 kWK\u00e4sistarterKast: 1240 x 760 x 400 mm Vahetatava kastiga h\u00fcdrauliline dumper!\",\"breadcrumb\":{\"@id\":\"https:\\\/\\\/ranoja.ee\\\/toode\\\/lumag-minikallur-md800hpro-ar\\\/#breadcrumb\"},\"inLanguage\":\"en-US\",\"potentialAction\":[{\"@type\":\"ReadAction\",\"target\":[\"https:\\\/\\\/ranoja.ee\\\/toode\\\/lumag-minikallur-md800hpro-ar\\\/\"]}]},{\"@type\":\"ImageObject\",\"inLanguage\":\"en-US\",\"@id\":\"https:\\\/\\\/ranoja.ee\\\/toode\\\/lumag-minikallur-md800hpro-ar\\\/#primaryimage\",\"url\":\"https:\\\/\\\/ranoja.ee\\\/wp-content\\\/uploads\\\/2025\\\/03\\\/Lumag-minikallur-MD800HPRO-AR.png\",\"contentUrl\":\"https:\\\/\\\/ranoja.ee\\\/wp-content\\\/uploads\\\/2025\\\/03\\\/Lumag-minikallur-MD800HPRO-AR.png\",\"width\":1500,\"height\":1500,\"caption\":\"Lumag minikallur MD800HPRO-AR\"},{\"@type\":\"BreadcrumbList\",\"@id\":\"https:\\\/\\\/ranoja.ee\\\/toode\\\/lumag-minikallur-md800hpro-ar\\\/#breadcrumb\",\"itemListElement\":[{\"@type\":\"ListItem\",\"position\":1,\"name\":\"Home\",\"item\":\"https:\\\/\\\/ranoja.ee\\\/\"},{\"@type\":\"ListItem\",\"position\":2,\"name\":\"Shop\",\"item\":\"https:\\\/\\\/ranoja.ee\\\/en\\\/shop\\\/\"},{\"@type\":\"ListItem\",\"position\":3,\"name\":\"Lumag minikallur MD800HPRO-AR\"}]},{\"@type\":\"WebSite\",\"@id\":\"https:\\\/\\\/ranoja.ee\\\/#website\",\"url\":\"https:\\\/\\\/ranoja.ee\\\/\",\"name\":\"Ranoja\",\"description\":\"Equipment Shop WooCommerce WordPress Theme for Machine &amp; Tools\",\"publisher\":{\"@id\":\"https:\\\/\\\/ranoja.ee\\\/#organization\"},\"potentialAction\":[{\"@type\":\"SearchAction\",\"target\":{\"@type\":\"EntryPoint\",\"urlTemplate\":\"https:\\\/\\\/ranoja.ee\\\/?s={search_term_string}\"},\"query-input\":{\"@type\":\"PropertyValueSpecification\",\"valueRequired\":true,\"valueName\":\"search_term_string\"}}],\"inLanguage\":\"en-US\"},{\"@type\":\"Organization\",\"@id\":\"https:\\\/\\\/ranoja.ee\\\/#organization\",\"name\":\"Ranoja O\u00dc\",\"url\":\"https:\\\/\\\/ranoja.ee\\\/\",\"logo\":{\"@type\":\"ImageObject\",\"inLanguage\":\"en-US\",\"@id\":\"https:\\\/\\\/ranoja.ee\\\/#\\\/schema\\\/logo\\\/image\\\/\",\"url\":\"https:\\\/\\\/ranoja.ee\\\/wp-content\\\/uploads\\\/2023\\\/11\\\/ranoja-Logo.png\",\"contentUrl\":\"https:\\\/\\\/ranoja.ee\\\/wp-content\\\/uploads\\\/2023\\\/11\\\/ranoja-Logo.png\",\"width\":207,\"height\":58,\"caption\":\"Ranoja O\u00dc\"},\"image\":{\"@id\":\"https:\\\/\\\/ranoja.ee\\\/#\\\/schema\\\/logo\\\/image\\\/\"},\"sameAs\":[\"https:\\\/\\\/www.facebook.com\\\/ranoja.ee\",\"https:\\\/\\\/www.instagram.com\\\/ranoja__\\\/\"]}]}<\/script>\n<!-- \/ Yoast SEO plugin. -->","yoast_head_json":{"title":"Lumag minikallur MD800HPRO-AR","description":"Lumag minikallur MD800HPRO-AR - G420F T\u00f6\u00f6maht 420 cm\u00b3 V\u00f5imsus 9,0 kWK\u00e4sistarterKast: 1240 x 760 x 400 mm Vahetatava kastiga h\u00fcdrauliline dumper!","robots":{"index":"index","follow":"follow","max-snippet":"max-snippet:-1","max-image-preview":"max-image-preview:large","max-video-preview":"max-video-preview:-1"},"canonical":"https:\/\/ranoja.ee\/toode\/lumag-minikallur-md800hpro-ar\/","og_locale":"en_US","og_type":"article","og_title":"Lumag minikallur MD800HPRO-AR","og_description":"Lumag minikallur MD800HPRO-AR - G420F T\u00f6\u00f6maht 420 cm\u00b3 V\u00f5imsus 9,0 kWK\u00e4sistarterKast: 1240 x 760 x 400 mm Vahetatava kastiga h\u00fcdrauliline dumper!","og_url":"https:\/\/ranoja.ee\/toode\/lumag-minikallur-md800hpro-ar\/","og_site_name":"Ranoja","article_publisher":"https:\/\/www.facebook.com\/ranoja.ee","article_modified_time":"2025-12-10T10:14:42+00:00","og_image":[{"width":1500,"height":1500,"url":"https:\/\/ranoja.ee\/wp-content\/uploads\/2025\/03\/Lumag-minikallur-MD800HPRO-AR.png","type":"image\/png"}],"twitter_card":"summary_large_image","twitter_misc":{"Est. reading time":"2 minutes"},"schema":{"@context":"https:\/\/schema.org","@graph":[{"@type":"WebPage","@id":"https:\/\/ranoja.ee\/toode\/lumag-minikallur-md800hpro-ar\/","url":"https:\/\/ranoja.ee\/toode\/lumag-minikallur-md800hpro-ar\/","name":"Lumag minikallur MD800HPRO-AR","isPartOf":{"@id":"https:\/\/ranoja.ee\/#website"},"primaryImageOfPage":{"@id":"https:\/\/ranoja.ee\/toode\/lumag-minikallur-md800hpro-ar\/#primaryimage"},"image":{"@id":"https:\/\/ranoja.ee\/toode\/lumag-minikallur-md800hpro-ar\/#primaryimage"},"thumbnailUrl":"https:\/\/ranoja.ee\/wp-content\/uploads\/2025\/03\/Lumag-minikallur-MD800HPRO-AR.png","datePublished":"2025-03-13T14:22:12+00:00","dateModified":"2025-12-10T10:14:42+00:00","description":"Lumag minikallur MD800HPRO-AR - G420F T\u00f6\u00f6maht 420 cm\u00b3 V\u00f5imsus 9,0 kWK\u00e4sistarterKast: 1240 x 760 x 400 mm Vahetatava kastiga h\u00fcdrauliline dumper!","breadcrumb":{"@id":"https:\/\/ranoja.ee\/toode\/lumag-minikallur-md800hpro-ar\/#breadcrumb"},"inLanguage":"en-US","potentialAction":[{"@type":"ReadAction","target":["https:\/\/ranoja.ee\/toode\/lumag-minikallur-md800hpro-ar\/"]}]},{"@type":"ImageObject","inLanguage":"en-US","@id":"https:\/\/ranoja.ee\/toode\/lumag-minikallur-md800hpro-ar\/#primaryimage","url":"https:\/\/ranoja.ee\/wp-content\/uploads\/2025\/03\/Lumag-minikallur-MD800HPRO-AR.png","contentUrl":"https:\/\/ranoja.ee\/wp-content\/uploads\/2025\/03\/Lumag-minikallur-MD800HPRO-AR.png","width":1500,"height":1500,"caption":"Lumag minikallur MD800HPRO-AR"},{"@type":"BreadcrumbList","@id":"https:\/\/ranoja.ee\/toode\/lumag-minikallur-md800hpro-ar\/#breadcrumb","itemListElement":[{"@type":"ListItem","position":1,"name":"Home","item":"https:\/\/ranoja.ee\/"},{"@type":"ListItem","position":2,"name":"Shop","item":"https:\/\/ranoja.ee\/en\/shop\/"},{"@type":"ListItem","position":3,"name":"Lumag minikallur MD800HPRO-AR"}]},{"@type":"WebSite","@id":"https:\/\/ranoja.ee\/#website","url":"https:\/\/ranoja.ee\/","name":"Ranoja","description":"Equipment Shop WooCommerce WordPress Theme for Machine &amp; Tools","publisher":{"@id":"https:\/\/ranoja.ee\/#organization"},"potentialAction":[{"@type":"SearchAction","target":{"@type":"EntryPoint","urlTemplate":"https:\/\/ranoja.ee\/?s={search_term_string}"},"query-input":{"@type":"PropertyValueSpecification","valueRequired":true,"valueName":"search_term_string"}}],"inLanguage":"en-US"},{"@type":"Organization","@id":"https:\/\/ranoja.ee\/#organization","name":"Ranoja O\u00dc","url":"https:\/\/ranoja.ee\/","logo":{"@type":"ImageObject","inLanguage":"en-US","@id":"https:\/\/ranoja.ee\/#\/schema\/logo\/image\/","url":"https:\/\/ranoja.ee\/wp-content\/uploads\/2023\/11\/ranoja-Logo.png","contentUrl":"https:\/\/ranoja.ee\/wp-content\/uploads\/2023\/11\/ranoja-Logo.png","width":207,"height":58,"caption":"Ranoja O\u00dc"},"image":{"@id":"https:\/\/ranoja.ee\/#\/schema\/logo\/image\/"},"sameAs":["https:\/\/www.facebook.com\/ranoja.ee","https:\/\/www.instagram.com\/ranoja__\/"]}]}},"_links":{"self":[{"href":"https:\/\/ranoja.ee\/en\/wp-json\/wp\/v2\/product\/15736","targetHints":{"allow":["GET"]}}],"collection":[{"href":"https:\/\/ranoja.ee\/en\/wp-json\/wp\/v2\/product"}],"about":[{"href":"https:\/\/ranoja.ee\/en\/wp-json\/wp\/v2\/types\/product"}],"wp:featuredmedia":[{"embeddable":true,"href":"https:\/\/ranoja.ee\/en\/wp-json\/wp\/v2\/media\/15737"}],"wp:attachment":[{"href":"https:\/\/ranoja.ee\/en\/wp-json\/wp\/v2\/media?parent=15736"}],"wp:term":[{"taxonomy":"product_cat","embeddable":true,"href":"https:\/\/ranoja.ee\/en\/wp-json\/wp\/v2\/product_cat?post=15736"},{"taxonomy":"product_tag","embeddable":true,"href":"https:\/\/ranoja.ee\/en\/wp-json\/wp\/v2\/product_tag?post=15736"}],"curies":[{"name":"wp","href":"https:\/\/api.w.org\/{rel}","templated":true}]}}