{"id":15647,"date":"2025-03-03T16:50:42","date_gmt":"2025-03-03T13:50:42","guid":{"rendered":"https:\/\/ranoja.ee\/?post_type=product&#038;p=15647"},"modified":"2025-12-10T11:39:35","modified_gmt":"2025-12-10T08:39:35","slug":"muruseemne-vaetise-kulvik-2l","status":"publish","type":"product","link":"https:\/\/ranoja.ee\/en\/toode\/muruseemne-vaetise-kulvik-2l\/","title":{"rendered":"Muruseemne\/ v\u00e4etise k\u00fclvik 2L"},"content":{"rendered":"<p>Muruseemne\/ v\u00e4etise k\u00fclvik 2L on oluline osa aedniku igap\u00e4evat\u00f6\u00f6st, kuna see muudab aia hooldamise t\u00f5husamaks, t\u00e4psemaks ja v\u00e4hem aegan\u00f5udvaks. Aiatehnikat, nagu labidad, harjad, k\u00fchvlid, nuga, l\u00f5ikurid ja muud t\u00f6\u00f6riistad, on vaja igap\u00e4evaselt, et hoida aed korras, kasvuhooaeg aktiivsena ja tagada taimede tervislik areng.<\/p>\n<p>K\u00e4si aiatehnika abil saab t\u00e4pselt ja mugavalt teha v\u00e4iksemat sorti t\u00f6\u00f6de, nagu mulla kobestamine, umbrohtude eemaldamine, taimede l\u00f5ikamine ja peenarde rajamine. Erinevad t\u00f6\u00f6riistad v\u00f5imaldavad teha t\u00f6\u00f6d t\u00e4pselt, s\u00e4\u00e4stes samas aega ja vaeva. N\u00e4iteks spetsiifilised l\u00f5ikurid v\u00f5imaldavad oksade v\u00f5i p\u00f5\u00f5saste t\u00e4pset k\u00e4rpimist, samas kui nuga aitab mugavalt eemaldada umbrohud juurteni.<\/p>\n<p>Lisaks sellele aitavad k\u00e4si t\u00f6\u00f6riistad v\u00e4ltida liigset t\u00f6\u00f6pinget ja v\u00e4simust, kuna need on tavaliselt kergekaalulised ja v\u00f5imaldavad teha liigutusi, mis on loodud inimese f\u00fcsioloogia j\u00e4rgi. See muudab aiat\u00f6\u00f6d v\u00e4hem kurnavaks ja palju nauditavamaks.Muruseemne\/ v\u00e4etise k\u00fclvik 2L<br \/>\nK\u00e4si aiatehnika t\u00e4htsus ei piirdu vaid aia ilu ja korra hoidmisega, vaid see aitab kaasa ka tervislikumate taimede kasvule, kuna t\u00f6\u00f6riistade abil saab teha t\u00e4pset mulla t\u00f6\u00f6tlemist ja vajadusel reguleerida taimekasvutingimusi. Kokkuv\u00f5ttes on k\u00e4si aiatehnika h\u00e4davajalik osa aia tervise ja ilme tagamise<\/p>\n<p>K\u00e4si aiatehnika v\u00f5imaldab t\u00e4pselt t\u00f6\u00f6delda isegi k\u00f5ige kitsamaid ja raskemini ligip\u00e4\u00e4setavaid kohti, n\u00e4iteks aiapeenraid, puude \u00fcmbrust ja mitmesuguseid taimede istutuskohti. See aitab v\u00e4ltida suuremate masinate kasutamisest tulenevat kahjustust muldale ja taimedele. Samuti on k\u00e4sit\u00f6\u00f6riistade kasutamine sageli kergem ja v\u00e4hem v\u00e4sitav, kuna need on loodud inimese keha liikumisv\u00f5imekuse j\u00e4rgi.<\/p>\n<p>K\u00e4si aiatehnika eeliseid on ka keskkonnas\u00f5bralikkus. Kuna need t\u00f6\u00f6riistad ei vaja k\u00fctust ega elektrit, on nende kasutamine madala s\u00fcsiniku jalaj\u00e4ljega. Lisaks on need tihti vastupidavad ja kestavad kaua, kui neid \u00f5igesti hooldada.<\/p>\n","protected":false},"excerpt":{"rendered":"<p>Muruseemne\/ v\u00e4etise k\u00fclvik 2L<br \/>\nLukustuskaane ja puisteplaadiga konteiner<br \/>\nLehvikukujuline paigutus puisteplaadis v\u00f5imaldab \u00fchtlase p\u00f6\u00f6rleva k\u00e4eliigutuse abil optimaalset ja sihip\u00e4rast puistamist<br \/>\nMahutavus: 2l<br \/>\nKasutamine: Seemnete, v\u00e4etiste, soola, liiva ja muude granuleeritud s\u00f6\u00f6tmete puistamiseks.<br \/>\n<strong>Seadme eeldatav tarneaeg 1-7 t\u00f6\u00f6p\u00e4eva<\/strong><\/p>\n","protected":false},"featured_media":15648,"template":"","meta":{"inline_featured_image":false},"product_cat":[1079,1763],"product_tag":[1156,1063,904,1597,1141,1767],"class_list":{"0":"post-15647","1":"product","2":"type-product","3":"status-publish","4":"has-post-thumbnail","6":"product_brand-granit","7":"product_cat-aiatehnika-ja-niidutehnika","8":"product_cat-aiatehnika-tarvikud","9":"product_tag-aed","10":"product_tag-aiahooldus","11":"product_tag-aiatehnika","12":"product_tag-kasitooriistad","13":"product_tag-kodu","14":"product_tag-muruseemne-vaetise-kulvik-2l","16":"first","17":"instock","18":"taxable","19":"shipping-taxable","20":"purchasable","21":"product-type-simple"},"yoast_head":"<!-- This site is optimized with the Yoast SEO plugin v27.4 - https:\/\/yoast.com\/product\/yoast-seo-wordpress\/ -->\n<title>Muruseemne\/ v\u00e4etise k\u00fclvik 2L<\/title>\n<meta name=\"description\" content=\"Muruseemne\/ v\u00e4etise k\u00fclvik 2L Lehvikukujuline paigutus, Kasutamine: Seemnete, v\u00e4etiste, soola, liiva ja muude granuleeritud s\u00f6\u00f6tmete puistamiseks.\" \/>\n<meta name=\"robots\" content=\"index, follow, max-snippet:-1, max-image-preview:large, max-video-preview:-1\" \/>\n<link rel=\"canonical\" href=\"https:\/\/ranoja.ee\/toode\/muruseemne-vaetise-kulvik-2l\/\" \/>\n<meta property=\"og:locale\" content=\"en_US\" \/>\n<meta property=\"og:type\" content=\"article\" \/>\n<meta property=\"og:title\" content=\"Muruseemne\/ v\u00e4etise k\u00fclvik 2L\" \/>\n<meta property=\"og:description\" content=\"Muruseemne\/ v\u00e4etise k\u00fclvik 2L Lehvikukujuline paigutus, Kasutamine: Seemnete, v\u00e4etiste, soola, liiva ja muude granuleeritud s\u00f6\u00f6tmete puistamiseks.\" \/>\n<meta property=\"og:url\" content=\"https:\/\/ranoja.ee\/toode\/muruseemne-vaetise-kulvik-2l\/\" \/>\n<meta property=\"og:site_name\" content=\"Ranoja\" \/>\n<meta property=\"article:publisher\" content=\"https:\/\/www.facebook.com\/ranoja.ee\" \/>\n<meta property=\"article:modified_time\" content=\"2025-12-10T08:39:35+00:00\" \/>\n<meta property=\"og:image\" content=\"https:\/\/ranoja.ee\/wp-content\/uploads\/2025\/03\/11139935.jpg\" \/>\n\t<meta property=\"og:image:width\" content=\"800\" \/>\n\t<meta property=\"og:image:height\" content=\"800\" \/>\n\t<meta property=\"og:image:type\" content=\"image\/jpeg\" \/>\n<meta name=\"twitter:card\" content=\"summary_large_image\" \/>\n<meta name=\"twitter:label1\" content=\"Est. reading time\" \/>\n\t<meta name=\"twitter:data1\" content=\"2 minutes\" \/>\n<script type=\"application\/ld+json\" class=\"yoast-schema-graph\">{\"@context\":\"https:\\\/\\\/schema.org\",\"@graph\":[{\"@type\":\"WebPage\",\"@id\":\"https:\\\/\\\/ranoja.ee\\\/toode\\\/muruseemne-vaetise-kulvik-2l\\\/\",\"url\":\"https:\\\/\\\/ranoja.ee\\\/toode\\\/muruseemne-vaetise-kulvik-2l\\\/\",\"name\":\"Muruseemne\\\/ v\u00e4etise k\u00fclvik 2L\",\"isPartOf\":{\"@id\":\"https:\\\/\\\/ranoja.ee\\\/#website\"},\"primaryImageOfPage\":{\"@id\":\"https:\\\/\\\/ranoja.ee\\\/toode\\\/muruseemne-vaetise-kulvik-2l\\\/#primaryimage\"},\"image\":{\"@id\":\"https:\\\/\\\/ranoja.ee\\\/toode\\\/muruseemne-vaetise-kulvik-2l\\\/#primaryimage\"},\"thumbnailUrl\":\"https:\\\/\\\/ranoja.ee\\\/wp-content\\\/uploads\\\/2025\\\/03\\\/11139935.jpg\",\"datePublished\":\"2025-03-03T13:50:42+00:00\",\"dateModified\":\"2025-12-10T08:39:35+00:00\",\"description\":\"Muruseemne\\\/ v\u00e4etise k\u00fclvik 2L Lehvikukujuline paigutus, Kasutamine: Seemnete, v\u00e4etiste, soola, liiva ja muude granuleeritud s\u00f6\u00f6tmete puistamiseks.\",\"breadcrumb\":{\"@id\":\"https:\\\/\\\/ranoja.ee\\\/toode\\\/muruseemne-vaetise-kulvik-2l\\\/#breadcrumb\"},\"inLanguage\":\"en-US\",\"potentialAction\":[{\"@type\":\"ReadAction\",\"target\":[\"https:\\\/\\\/ranoja.ee\\\/toode\\\/muruseemne-vaetise-kulvik-2l\\\/\"]}]},{\"@type\":\"ImageObject\",\"inLanguage\":\"en-US\",\"@id\":\"https:\\\/\\\/ranoja.ee\\\/toode\\\/muruseemne-vaetise-kulvik-2l\\\/#primaryimage\",\"url\":\"https:\\\/\\\/ranoja.ee\\\/wp-content\\\/uploads\\\/2025\\\/03\\\/11139935.jpg\",\"contentUrl\":\"https:\\\/\\\/ranoja.ee\\\/wp-content\\\/uploads\\\/2025\\\/03\\\/11139935.jpg\",\"width\":800,\"height\":800,\"caption\":\"Muruseemne\\\/ v\u00e4etise k\u00fclvik 2L\"},{\"@type\":\"BreadcrumbList\",\"@id\":\"https:\\\/\\\/ranoja.ee\\\/toode\\\/muruseemne-vaetise-kulvik-2l\\\/#breadcrumb\",\"itemListElement\":[{\"@type\":\"ListItem\",\"position\":1,\"name\":\"Home\",\"item\":\"https:\\\/\\\/ranoja.ee\\\/\"},{\"@type\":\"ListItem\",\"position\":2,\"name\":\"Shop\",\"item\":\"https:\\\/\\\/ranoja.ee\\\/en\\\/shop\\\/\"},{\"@type\":\"ListItem\",\"position\":3,\"name\":\"Muruseemne\\\/ v\u00e4etise k\u00fclvik 2L\"}]},{\"@type\":\"WebSite\",\"@id\":\"https:\\\/\\\/ranoja.ee\\\/#website\",\"url\":\"https:\\\/\\\/ranoja.ee\\\/\",\"name\":\"Ranoja\",\"description\":\"Equipment Shop WooCommerce WordPress Theme for Machine &amp; Tools\",\"publisher\":{\"@id\":\"https:\\\/\\\/ranoja.ee\\\/#organization\"},\"potentialAction\":[{\"@type\":\"SearchAction\",\"target\":{\"@type\":\"EntryPoint\",\"urlTemplate\":\"https:\\\/\\\/ranoja.ee\\\/?s={search_term_string}\"},\"query-input\":{\"@type\":\"PropertyValueSpecification\",\"valueRequired\":true,\"valueName\":\"search_term_string\"}}],\"inLanguage\":\"en-US\"},{\"@type\":\"Organization\",\"@id\":\"https:\\\/\\\/ranoja.ee\\\/#organization\",\"name\":\"Ranoja O\u00dc\",\"url\":\"https:\\\/\\\/ranoja.ee\\\/\",\"logo\":{\"@type\":\"ImageObject\",\"inLanguage\":\"en-US\",\"@id\":\"https:\\\/\\\/ranoja.ee\\\/#\\\/schema\\\/logo\\\/image\\\/\",\"url\":\"https:\\\/\\\/ranoja.ee\\\/wp-content\\\/uploads\\\/2023\\\/11\\\/ranoja-Logo.png\",\"contentUrl\":\"https:\\\/\\\/ranoja.ee\\\/wp-content\\\/uploads\\\/2023\\\/11\\\/ranoja-Logo.png\",\"width\":207,\"height\":58,\"caption\":\"Ranoja O\u00dc\"},\"image\":{\"@id\":\"https:\\\/\\\/ranoja.ee\\\/#\\\/schema\\\/logo\\\/image\\\/\"},\"sameAs\":[\"https:\\\/\\\/www.facebook.com\\\/ranoja.ee\",\"https:\\\/\\\/www.instagram.com\\\/ranoja__\\\/\"]}]}<\/script>\n<!-- \/ Yoast SEO plugin. -->","yoast_head_json":{"title":"Muruseemne\/ v\u00e4etise k\u00fclvik 2L","description":"Muruseemne\/ v\u00e4etise k\u00fclvik 2L Lehvikukujuline paigutus, Kasutamine: Seemnete, v\u00e4etiste, soola, liiva ja muude granuleeritud s\u00f6\u00f6tmete puistamiseks.","robots":{"index":"index","follow":"follow","max-snippet":"max-snippet:-1","max-image-preview":"max-image-preview:large","max-video-preview":"max-video-preview:-1"},"canonical":"https:\/\/ranoja.ee\/toode\/muruseemne-vaetise-kulvik-2l\/","og_locale":"en_US","og_type":"article","og_title":"Muruseemne\/ v\u00e4etise k\u00fclvik 2L","og_description":"Muruseemne\/ v\u00e4etise k\u00fclvik 2L Lehvikukujuline paigutus, Kasutamine: Seemnete, v\u00e4etiste, soola, liiva ja muude granuleeritud s\u00f6\u00f6tmete puistamiseks.","og_url":"https:\/\/ranoja.ee\/toode\/muruseemne-vaetise-kulvik-2l\/","og_site_name":"Ranoja","article_publisher":"https:\/\/www.facebook.com\/ranoja.ee","article_modified_time":"2025-12-10T08:39:35+00:00","og_image":[{"width":800,"height":800,"url":"https:\/\/ranoja.ee\/wp-content\/uploads\/2025\/03\/11139935.jpg","type":"image\/jpeg"}],"twitter_card":"summary_large_image","twitter_misc":{"Est. reading time":"2 minutes"},"schema":{"@context":"https:\/\/schema.org","@graph":[{"@type":"WebPage","@id":"https:\/\/ranoja.ee\/toode\/muruseemne-vaetise-kulvik-2l\/","url":"https:\/\/ranoja.ee\/toode\/muruseemne-vaetise-kulvik-2l\/","name":"Muruseemne\/ v\u00e4etise k\u00fclvik 2L","isPartOf":{"@id":"https:\/\/ranoja.ee\/#website"},"primaryImageOfPage":{"@id":"https:\/\/ranoja.ee\/toode\/muruseemne-vaetise-kulvik-2l\/#primaryimage"},"image":{"@id":"https:\/\/ranoja.ee\/toode\/muruseemne-vaetise-kulvik-2l\/#primaryimage"},"thumbnailUrl":"https:\/\/ranoja.ee\/wp-content\/uploads\/2025\/03\/11139935.jpg","datePublished":"2025-03-03T13:50:42+00:00","dateModified":"2025-12-10T08:39:35+00:00","description":"Muruseemne\/ v\u00e4etise k\u00fclvik 2L Lehvikukujuline paigutus, Kasutamine: Seemnete, v\u00e4etiste, soola, liiva ja muude granuleeritud s\u00f6\u00f6tmete puistamiseks.","breadcrumb":{"@id":"https:\/\/ranoja.ee\/toode\/muruseemne-vaetise-kulvik-2l\/#breadcrumb"},"inLanguage":"en-US","potentialAction":[{"@type":"ReadAction","target":["https:\/\/ranoja.ee\/toode\/muruseemne-vaetise-kulvik-2l\/"]}]},{"@type":"ImageObject","inLanguage":"en-US","@id":"https:\/\/ranoja.ee\/toode\/muruseemne-vaetise-kulvik-2l\/#primaryimage","url":"https:\/\/ranoja.ee\/wp-content\/uploads\/2025\/03\/11139935.jpg","contentUrl":"https:\/\/ranoja.ee\/wp-content\/uploads\/2025\/03\/11139935.jpg","width":800,"height":800,"caption":"Muruseemne\/ v\u00e4etise k\u00fclvik 2L"},{"@type":"BreadcrumbList","@id":"https:\/\/ranoja.ee\/toode\/muruseemne-vaetise-kulvik-2l\/#breadcrumb","itemListElement":[{"@type":"ListItem","position":1,"name":"Home","item":"https:\/\/ranoja.ee\/"},{"@type":"ListItem","position":2,"name":"Shop","item":"https:\/\/ranoja.ee\/en\/shop\/"},{"@type":"ListItem","position":3,"name":"Muruseemne\/ v\u00e4etise k\u00fclvik 2L"}]},{"@type":"WebSite","@id":"https:\/\/ranoja.ee\/#website","url":"https:\/\/ranoja.ee\/","name":"Ranoja","description":"Equipment Shop WooCommerce WordPress Theme for Machine &amp; Tools","publisher":{"@id":"https:\/\/ranoja.ee\/#organization"},"potentialAction":[{"@type":"SearchAction","target":{"@type":"EntryPoint","urlTemplate":"https:\/\/ranoja.ee\/?s={search_term_string}"},"query-input":{"@type":"PropertyValueSpecification","valueRequired":true,"valueName":"search_term_string"}}],"inLanguage":"en-US"},{"@type":"Organization","@id":"https:\/\/ranoja.ee\/#organization","name":"Ranoja O\u00dc","url":"https:\/\/ranoja.ee\/","logo":{"@type":"ImageObject","inLanguage":"en-US","@id":"https:\/\/ranoja.ee\/#\/schema\/logo\/image\/","url":"https:\/\/ranoja.ee\/wp-content\/uploads\/2023\/11\/ranoja-Logo.png","contentUrl":"https:\/\/ranoja.ee\/wp-content\/uploads\/2023\/11\/ranoja-Logo.png","width":207,"height":58,"caption":"Ranoja O\u00dc"},"image":{"@id":"https:\/\/ranoja.ee\/#\/schema\/logo\/image\/"},"sameAs":["https:\/\/www.facebook.com\/ranoja.ee","https:\/\/www.instagram.com\/ranoja__\/"]}]}},"_links":{"self":[{"href":"https:\/\/ranoja.ee\/en\/wp-json\/wp\/v2\/product\/15647","targetHints":{"allow":["GET"]}}],"collection":[{"href":"https:\/\/ranoja.ee\/en\/wp-json\/wp\/v2\/product"}],"about":[{"href":"https:\/\/ranoja.ee\/en\/wp-json\/wp\/v2\/types\/product"}],"wp:featuredmedia":[{"embeddable":true,"href":"https:\/\/ranoja.ee\/en\/wp-json\/wp\/v2\/media\/15648"}],"wp:attachment":[{"href":"https:\/\/ranoja.ee\/en\/wp-json\/wp\/v2\/media?parent=15647"}],"wp:term":[{"taxonomy":"product_cat","embeddable":true,"href":"https:\/\/ranoja.ee\/en\/wp-json\/wp\/v2\/product_cat?post=15647"},{"taxonomy":"product_tag","embeddable":true,"href":"https:\/\/ranoja.ee\/en\/wp-json\/wp\/v2\/product_tag?post=15647"}],"curies":[{"name":"wp","href":"https:\/\/api.w.org\/{rel}","templated":true}]}}