{"id":15478,"date":"2025-02-14T11:04:55","date_gmt":"2025-02-14T08:04:55","guid":{"rendered":"https:\/\/ranoja.ee\/?post_type=product&#038;p=15478"},"modified":"2025-12-10T11:48:33","modified_gmt":"2025-12-10T08:48:33","slug":"cedrus-bensiinimootoriga-oksapurustaja-cedrbd16","status":"publish","type":"product","link":"https:\/\/ranoja.ee\/en\/toode\/cedrus-bensiinimootoriga-oksapurustaja-cedrbd16\/","title":{"rendered":"Cedrus bensiinimootoriga oksapurustaja CEDRBD16 (T\u00e4navalegaalne)"},"content":{"rendered":"<p>Cedrus bensiinimootoriga oksapurustaja CEDRBD16 on t\u00e4navalegaalne ning v\u00f5imalik arvele v\u00f5tta. <\/p>\n<p>Turvalisus on Cedrus oksapurustajate disainis esmat\u00e4htis. Need on varustatud mitmete turvafunktsioonidega, sealhulgas automaatse peatamise s\u00fcsteemiga, mis k\u00e4ivitub koheselt, kui avatakse juurdep\u00e4\u00e4s purustuskambrile. See tagab kasutaja ohutuse ja v\u00e4hendab \u00f5nnetuste riski.<\/p>\n<p>Lisaks on Cedrus keskkonnas\u00f5bralikud, p\u00f6\u00f6rates t\u00e4helepanu j\u00e4tkusuutlikkusele. Need oksapurustajad mitte ainult ei aita aiat\u00f6id kiirendada, vaid muudavad ka aiaj\u00e4\u00e4tmed kasulikuks mult\u0161iks v\u00f5i kompostiks, toetades seel\u00e4bi \u00f6koloogilist aiat\u00f6\u00f6d.<\/p>\n<p>Cedrus oksapurustajad on t\u00f5husad ja vastupidavad t\u00f6\u00f6riistad, mis muudavad aiat\u00f6\u00f6de tegemise nauditavaks ja tulemuslikuks. Nende usaldusv\u00e4\u00e4rne j\u00f5udlus ja innovatiivne disain muudavad Cedrus oksapurustajad eelistatuks valikuks neile, kes hindavad kvaliteeti ja soovivad investeerida usaldusv\u00e4\u00e4rsetesse aiat\u00f6\u00f6riistadesse.<\/p>\n<p>Aiat\u00f6\u00f6riistu, alates oksapurustajatest ja muruniidukitest kuni trimmerite ja lehepuhuriteni. Iga toode on hoolikalt disainitud, arvestades kasutajate vajadusi ja keskkonnas\u00f5bralikkust.<br \/>\nCedrus panustab j\u00e4tkusuutlikkusse, pakkudes tooteid, mis aitavad v\u00e4hendada aiaj\u00e4\u00e4tmete kogust ja soodustavad taaskasutust. Lisaks on br\u00e4nd tuntud oma klienditeeninduse ja tootekvaliteedi poolest, pakkudes tarbijatele kindlustunnet oma valiku suhtes.<\/p>\n<p>Br\u00e4ndi CEDRUS taga on p\u00fchendunud meeskond, kes usub, et iga aednik peaks saama nautida aiat\u00f6id ilma kompromissideta. Cedrus tooted on loodud selleks, et muuta aiat\u00f6\u00f6d lihtsamaks, t\u00f5husamaks<br \/>\nja nauditavamaks. Olgu tegemist aia korrastamise, rohu niitmise v\u00f5i oksapurustamisega \u2013 Cedrus br\u00e4ndi all leiab iga\u00fcks endale sobiva lahenduse oma aia eest hoolitsemiseks.<br \/>\nCedrus bensiinimootoriga oksapurustaja CEDRBD16<\/p>\n","protected":false},"excerpt":{"rendered":"<p>Cedrus bensiinimootoriga oksapurustaja CEDRBD16<br \/>\nMootori tootja: Loncin<br \/>\nMootori mudel: kahe silindriline LC2V90FD elektristarteriga<br \/>\nMootori v\u00f5imsus: 24kW, 999cm3<br \/>\nK\u00fctusepaagi maht: 25l<br \/>\nMax. oksa l\u00e4bim\u00f5\u00f5t: 16cm<br \/>\nH\u00fcdrauliline ettevedu (automaatne) pingevastase s\u00fcsteemiga IFS<br \/>\nL\u00f5ikes\u00fcsteem: Kahe l\u00f5iketeraga ketasl\u00f5ikes\u00fcsteem<br \/>\nTurval\u00fclitid<br \/>\nJ\u00e4relveetav, alus vanker AL-KO<br \/>\nMasina kaal: 730kg<br \/>\n<strong>T\u00e4navalegaalne, max. kiirus 96km\/h\u00a0<\/strong><\/p>\n<p><strong><span style=\"color: #008000;\">SOOVID ANTUD TOODET ETTEV\u00d5TTELE SOETADA?<\/span><br \/>\n<a href=\"https:\/\/ranoja.ee\/seadmete-rent-kasutusrendi-pohimottel\/\">TUTVU MEIE &#8220;SEADMETE RENT KASUTUSRENDI P\u00d5HIM\u00d5TTEL&#8221; FINANTSEERIMIS LAHENDUSEGA SIIN!<\/a><\/strong><\/p>\n<p><strong>Seadme eeldatav tarneaeg 1-7 t\u00f6\u00f6p\u00e4eva<\/strong><\/p>\n","protected":false},"featured_media":15491,"template":"","meta":{"inline_featured_image":false},"product_cat":[1087,85],"product_tag":[375,381,1756,1730,1411],"class_list":{"0":"post-15478","1":"product","2":"type-product","3":"status-publish","4":"has-post-thumbnail","6":"product_brand-cedrus","7":"product_cat-metsatehnika","8":"product_cat-oksapurustajad","9":"product_tag-bensiinimootoriga-oksapurustaja","10":"product_tag-bensiinimootoriga-oksapurusti","11":"product_tag-cedrbd16","12":"product_tag-cedrbr13","13":"product_tag-cedrus-oksapurustaja","15":"first","16":"instock","17":"taxable","18":"shipping-taxable","19":"purchasable","20":"product-type-simple"},"yoast_head":"<!-- This site is optimized with the Yoast SEO plugin v27.4 - https:\/\/yoast.com\/product\/yoast-seo-wordpress\/ -->\n<title>Cedrus bensiinimootoriga oksapurustaja CEDRBD16<\/title>\n<meta name=\"description\" content=\"Cedrus bensiinimootoriga oksapurustaja CEDRBD16, Loncin kahe silindriline LC2V90FD 24kw elektristarteriga mootor, Max l\u00e4bim\u00f5\u00f5t: 16cm, T\u00e4navalegaalne 96km\/h\" \/>\n<meta name=\"robots\" content=\"index, follow, max-snippet:-1, max-image-preview:large, max-video-preview:-1\" \/>\n<link rel=\"canonical\" href=\"https:\/\/ranoja.ee\/toode\/cedrus-bensiinimootoriga-oksapurustaja-cedrbd16\/\" \/>\n<meta property=\"og:locale\" content=\"en_US\" \/>\n<meta property=\"og:type\" content=\"article\" \/>\n<meta property=\"og:title\" content=\"Cedrus bensiinimootoriga oksapurustaja CEDRBD16\" \/>\n<meta property=\"og:description\" content=\"Cedrus bensiinimootoriga oksapurustaja CEDRBD16, Loncin kahe silindriline LC2V90FD 24kw elektristarteriga mootor, Max l\u00e4bim\u00f5\u00f5t: 16cm, T\u00e4navalegaalne 96km\/h\" \/>\n<meta property=\"og:url\" content=\"https:\/\/ranoja.ee\/toode\/cedrus-bensiinimootoriga-oksapurustaja-cedrbd16\/\" \/>\n<meta property=\"og:site_name\" content=\"Ranoja\" \/>\n<meta property=\"article:publisher\" content=\"https:\/\/www.facebook.com\/ranoja.ee\" \/>\n<meta property=\"article:modified_time\" content=\"2025-12-10T08:48:33+00:00\" \/>\n<meta property=\"og:image\" content=\"https:\/\/ranoja.ee\/wp-content\/uploads\/2025\/02\/10959-scaled.jpg\" \/>\n\t<meta property=\"og:image:width\" content=\"2560\" \/>\n\t<meta property=\"og:image:height\" content=\"1707\" \/>\n\t<meta property=\"og:image:type\" content=\"image\/jpeg\" \/>\n<meta name=\"twitter:card\" content=\"summary_large_image\" \/>\n<meta name=\"twitter:label1\" content=\"Est. reading time\" \/>\n\t<meta name=\"twitter:data1\" content=\"2 minutes\" \/>\n<script type=\"application\/ld+json\" class=\"yoast-schema-graph\">{\"@context\":\"https:\\\/\\\/schema.org\",\"@graph\":[{\"@type\":\"WebPage\",\"@id\":\"https:\\\/\\\/ranoja.ee\\\/toode\\\/cedrus-bensiinimootoriga-oksapurustaja-cedrbd16\\\/\",\"url\":\"https:\\\/\\\/ranoja.ee\\\/toode\\\/cedrus-bensiinimootoriga-oksapurustaja-cedrbd16\\\/\",\"name\":\"Cedrus bensiinimootoriga oksapurustaja CEDRBD16\",\"isPartOf\":{\"@id\":\"https:\\\/\\\/ranoja.ee\\\/#website\"},\"primaryImageOfPage\":{\"@id\":\"https:\\\/\\\/ranoja.ee\\\/toode\\\/cedrus-bensiinimootoriga-oksapurustaja-cedrbd16\\\/#primaryimage\"},\"image\":{\"@id\":\"https:\\\/\\\/ranoja.ee\\\/toode\\\/cedrus-bensiinimootoriga-oksapurustaja-cedrbd16\\\/#primaryimage\"},\"thumbnailUrl\":\"https:\\\/\\\/ranoja.ee\\\/wp-content\\\/uploads\\\/2025\\\/02\\\/10959-scaled.jpg\",\"datePublished\":\"2025-02-14T08:04:55+00:00\",\"dateModified\":\"2025-12-10T08:48:33+00:00\",\"description\":\"Cedrus bensiinimootoriga oksapurustaja CEDRBD16, Loncin kahe silindriline LC2V90FD 24kw elektristarteriga mootor, Max l\u00e4bim\u00f5\u00f5t: 16cm, T\u00e4navalegaalne 96km\\\/h\",\"breadcrumb\":{\"@id\":\"https:\\\/\\\/ranoja.ee\\\/toode\\\/cedrus-bensiinimootoriga-oksapurustaja-cedrbd16\\\/#breadcrumb\"},\"inLanguage\":\"en-US\",\"potentialAction\":[{\"@type\":\"ReadAction\",\"target\":[\"https:\\\/\\\/ranoja.ee\\\/toode\\\/cedrus-bensiinimootoriga-oksapurustaja-cedrbd16\\\/\"]}]},{\"@type\":\"ImageObject\",\"inLanguage\":\"en-US\",\"@id\":\"https:\\\/\\\/ranoja.ee\\\/toode\\\/cedrus-bensiinimootoriga-oksapurustaja-cedrbd16\\\/#primaryimage\",\"url\":\"https:\\\/\\\/ranoja.ee\\\/wp-content\\\/uploads\\\/2025\\\/02\\\/10959-scaled.jpg\",\"contentUrl\":\"https:\\\/\\\/ranoja.ee\\\/wp-content\\\/uploads\\\/2025\\\/02\\\/10959-scaled.jpg\",\"width\":2560,\"height\":1707,\"caption\":\"Cedrus bensiinimootoriga oksapurustaja CEDRBD16\"},{\"@type\":\"BreadcrumbList\",\"@id\":\"https:\\\/\\\/ranoja.ee\\\/toode\\\/cedrus-bensiinimootoriga-oksapurustaja-cedrbd16\\\/#breadcrumb\",\"itemListElement\":[{\"@type\":\"ListItem\",\"position\":1,\"name\":\"Home\",\"item\":\"https:\\\/\\\/ranoja.ee\\\/\"},{\"@type\":\"ListItem\",\"position\":2,\"name\":\"Shop\",\"item\":\"https:\\\/\\\/ranoja.ee\\\/en\\\/shop\\\/\"},{\"@type\":\"ListItem\",\"position\":3,\"name\":\"Cedrus bensiinimootoriga oksapurustaja CEDRBD16 (T\u00e4navalegaalne)\"}]},{\"@type\":\"WebSite\",\"@id\":\"https:\\\/\\\/ranoja.ee\\\/#website\",\"url\":\"https:\\\/\\\/ranoja.ee\\\/\",\"name\":\"Ranoja\",\"description\":\"Equipment Shop WooCommerce WordPress Theme for Machine &amp; Tools\",\"publisher\":{\"@id\":\"https:\\\/\\\/ranoja.ee\\\/#organization\"},\"potentialAction\":[{\"@type\":\"SearchAction\",\"target\":{\"@type\":\"EntryPoint\",\"urlTemplate\":\"https:\\\/\\\/ranoja.ee\\\/?s={search_term_string}\"},\"query-input\":{\"@type\":\"PropertyValueSpecification\",\"valueRequired\":true,\"valueName\":\"search_term_string\"}}],\"inLanguage\":\"en-US\"},{\"@type\":\"Organization\",\"@id\":\"https:\\\/\\\/ranoja.ee\\\/#organization\",\"name\":\"Ranoja O\u00dc\",\"url\":\"https:\\\/\\\/ranoja.ee\\\/\",\"logo\":{\"@type\":\"ImageObject\",\"inLanguage\":\"en-US\",\"@id\":\"https:\\\/\\\/ranoja.ee\\\/#\\\/schema\\\/logo\\\/image\\\/\",\"url\":\"https:\\\/\\\/ranoja.ee\\\/wp-content\\\/uploads\\\/2023\\\/11\\\/ranoja-Logo.png\",\"contentUrl\":\"https:\\\/\\\/ranoja.ee\\\/wp-content\\\/uploads\\\/2023\\\/11\\\/ranoja-Logo.png\",\"width\":207,\"height\":58,\"caption\":\"Ranoja O\u00dc\"},\"image\":{\"@id\":\"https:\\\/\\\/ranoja.ee\\\/#\\\/schema\\\/logo\\\/image\\\/\"},\"sameAs\":[\"https:\\\/\\\/www.facebook.com\\\/ranoja.ee\",\"https:\\\/\\\/www.instagram.com\\\/ranoja__\\\/\"]}]}<\/script>\n<!-- \/ Yoast SEO plugin. -->","yoast_head_json":{"title":"Cedrus bensiinimootoriga oksapurustaja CEDRBD16","description":"Cedrus bensiinimootoriga oksapurustaja CEDRBD16, Loncin kahe silindriline LC2V90FD 24kw elektristarteriga mootor, Max l\u00e4bim\u00f5\u00f5t: 16cm, T\u00e4navalegaalne 96km\/h","robots":{"index":"index","follow":"follow","max-snippet":"max-snippet:-1","max-image-preview":"max-image-preview:large","max-video-preview":"max-video-preview:-1"},"canonical":"https:\/\/ranoja.ee\/toode\/cedrus-bensiinimootoriga-oksapurustaja-cedrbd16\/","og_locale":"en_US","og_type":"article","og_title":"Cedrus bensiinimootoriga oksapurustaja CEDRBD16","og_description":"Cedrus bensiinimootoriga oksapurustaja CEDRBD16, Loncin kahe silindriline LC2V90FD 24kw elektristarteriga mootor, Max l\u00e4bim\u00f5\u00f5t: 16cm, T\u00e4navalegaalne 96km\/h","og_url":"https:\/\/ranoja.ee\/toode\/cedrus-bensiinimootoriga-oksapurustaja-cedrbd16\/","og_site_name":"Ranoja","article_publisher":"https:\/\/www.facebook.com\/ranoja.ee","article_modified_time":"2025-12-10T08:48:33+00:00","og_image":[{"width":2560,"height":1707,"url":"https:\/\/ranoja.ee\/wp-content\/uploads\/2025\/02\/10959-scaled.jpg","type":"image\/jpeg"}],"twitter_card":"summary_large_image","twitter_misc":{"Est. reading time":"2 minutes"},"schema":{"@context":"https:\/\/schema.org","@graph":[{"@type":"WebPage","@id":"https:\/\/ranoja.ee\/toode\/cedrus-bensiinimootoriga-oksapurustaja-cedrbd16\/","url":"https:\/\/ranoja.ee\/toode\/cedrus-bensiinimootoriga-oksapurustaja-cedrbd16\/","name":"Cedrus bensiinimootoriga oksapurustaja CEDRBD16","isPartOf":{"@id":"https:\/\/ranoja.ee\/#website"},"primaryImageOfPage":{"@id":"https:\/\/ranoja.ee\/toode\/cedrus-bensiinimootoriga-oksapurustaja-cedrbd16\/#primaryimage"},"image":{"@id":"https:\/\/ranoja.ee\/toode\/cedrus-bensiinimootoriga-oksapurustaja-cedrbd16\/#primaryimage"},"thumbnailUrl":"https:\/\/ranoja.ee\/wp-content\/uploads\/2025\/02\/10959-scaled.jpg","datePublished":"2025-02-14T08:04:55+00:00","dateModified":"2025-12-10T08:48:33+00:00","description":"Cedrus bensiinimootoriga oksapurustaja CEDRBD16, Loncin kahe silindriline LC2V90FD 24kw elektristarteriga mootor, Max l\u00e4bim\u00f5\u00f5t: 16cm, T\u00e4navalegaalne 96km\/h","breadcrumb":{"@id":"https:\/\/ranoja.ee\/toode\/cedrus-bensiinimootoriga-oksapurustaja-cedrbd16\/#breadcrumb"},"inLanguage":"en-US","potentialAction":[{"@type":"ReadAction","target":["https:\/\/ranoja.ee\/toode\/cedrus-bensiinimootoriga-oksapurustaja-cedrbd16\/"]}]},{"@type":"ImageObject","inLanguage":"en-US","@id":"https:\/\/ranoja.ee\/toode\/cedrus-bensiinimootoriga-oksapurustaja-cedrbd16\/#primaryimage","url":"https:\/\/ranoja.ee\/wp-content\/uploads\/2025\/02\/10959-scaled.jpg","contentUrl":"https:\/\/ranoja.ee\/wp-content\/uploads\/2025\/02\/10959-scaled.jpg","width":2560,"height":1707,"caption":"Cedrus bensiinimootoriga oksapurustaja CEDRBD16"},{"@type":"BreadcrumbList","@id":"https:\/\/ranoja.ee\/toode\/cedrus-bensiinimootoriga-oksapurustaja-cedrbd16\/#breadcrumb","itemListElement":[{"@type":"ListItem","position":1,"name":"Home","item":"https:\/\/ranoja.ee\/"},{"@type":"ListItem","position":2,"name":"Shop","item":"https:\/\/ranoja.ee\/en\/shop\/"},{"@type":"ListItem","position":3,"name":"Cedrus bensiinimootoriga oksapurustaja CEDRBD16 (T\u00e4navalegaalne)"}]},{"@type":"WebSite","@id":"https:\/\/ranoja.ee\/#website","url":"https:\/\/ranoja.ee\/","name":"Ranoja","description":"Equipment Shop WooCommerce WordPress Theme for Machine &amp; Tools","publisher":{"@id":"https:\/\/ranoja.ee\/#organization"},"potentialAction":[{"@type":"SearchAction","target":{"@type":"EntryPoint","urlTemplate":"https:\/\/ranoja.ee\/?s={search_term_string}"},"query-input":{"@type":"PropertyValueSpecification","valueRequired":true,"valueName":"search_term_string"}}],"inLanguage":"en-US"},{"@type":"Organization","@id":"https:\/\/ranoja.ee\/#organization","name":"Ranoja O\u00dc","url":"https:\/\/ranoja.ee\/","logo":{"@type":"ImageObject","inLanguage":"en-US","@id":"https:\/\/ranoja.ee\/#\/schema\/logo\/image\/","url":"https:\/\/ranoja.ee\/wp-content\/uploads\/2023\/11\/ranoja-Logo.png","contentUrl":"https:\/\/ranoja.ee\/wp-content\/uploads\/2023\/11\/ranoja-Logo.png","width":207,"height":58,"caption":"Ranoja O\u00dc"},"image":{"@id":"https:\/\/ranoja.ee\/#\/schema\/logo\/image\/"},"sameAs":["https:\/\/www.facebook.com\/ranoja.ee","https:\/\/www.instagram.com\/ranoja__\/"]}]}},"_links":{"self":[{"href":"https:\/\/ranoja.ee\/en\/wp-json\/wp\/v2\/product\/15478","targetHints":{"allow":["GET"]}}],"collection":[{"href":"https:\/\/ranoja.ee\/en\/wp-json\/wp\/v2\/product"}],"about":[{"href":"https:\/\/ranoja.ee\/en\/wp-json\/wp\/v2\/types\/product"}],"wp:featuredmedia":[{"embeddable":true,"href":"https:\/\/ranoja.ee\/en\/wp-json\/wp\/v2\/media\/15491"}],"wp:attachment":[{"href":"https:\/\/ranoja.ee\/en\/wp-json\/wp\/v2\/media?parent=15478"}],"wp:term":[{"taxonomy":"product_cat","embeddable":true,"href":"https:\/\/ranoja.ee\/en\/wp-json\/wp\/v2\/product_cat?post=15478"},{"taxonomy":"product_tag","embeddable":true,"href":"https:\/\/ranoja.ee\/en\/wp-json\/wp\/v2\/product_tag?post=15478"}],"curies":[{"name":"wp","href":"https:\/\/api.w.org\/{rel}","templated":true}]}}