{"id":15422,"date":"2025-02-01T12:29:48","date_gmt":"2025-02-01T09:29:48","guid":{"rendered":"https:\/\/ranoja.ee\/?post_type=product&#038;p=15422"},"modified":"2025-12-12T14:36:29","modified_gmt":"2025-12-12T11:36:29","slug":"wiper-kxls-premium-robotniiduk-max-6000m2","status":"publish","type":"product","link":"https:\/\/ranoja.ee\/en\/toode\/wiper-kxls-premium-robotniiduk-max-6000m2\/","title":{"rendered":"Wiper KXLS PREMIUM robotniiduk max. 6000m2"},"content":{"rendered":"<p>Wiper KXLS PREMIUM robotniiduk max 6000m2 automaatniidukid hoolitsevad teie aia eest. Meie robotite iseloomulikuks tunnuseks on lihtne paigaldamine aeda ja intuitiivne juhtimine. Selleks, et niiduk saaks muru niita, on esmalt vaja paigaldada piirdekaabel, mis m\u00e4\u00e4ratleb roboti t\u00f6\u00f6piirkonna. Traat koos pulkadega ei kuulu komplekti. Seej\u00e4rel tuleks juhe \u00fchendada laadimisjaamaga. J\u00e4rgmine samm on asetada niiduk laadijasse ja l\u00fclitada see sisse. Neile, kes hindavad lihtsust, on Wiper niidukid eelprogrammeeritud. L\u00fclitage niiduk lihtsalt sisse ja see t\u00f6\u00f6tab vastavalt m\u00e4\u00e4ratud ajakavale.<br \/>\nKui soovite sisestada oma isiklikud seaded, saate seda teha kahel viisil.<br \/>\n1. Klaviatuuri ja ekraani kasutamine \u2013 vt kasutusjuhendit<br \/>\n2. \u00dchendage niiduk oma nutitelefoniga, kasutades rakendust &#8220;my robot wiper&#8221;.<br \/>\nWiper KS PREMIUM robotniiduk max 3500m2 on varustatud Bluetoothi \u200b\u200bja WiFi-ga. Kui olete niiduki oma koduse WiFi-v\u00f5rguga \u00fchendanud, saate seda juhtida k\u00f5ikjal.<br \/>\nMeie niidurobotid on ohutuse tagamiseks varustatud paljude anduritega.<br \/>\nIga wiper robotniidukil on standardvarustuses:<\/p>\n<p>&#8211; laadimisjaam<\/p>\n<p>&#8211; laadija<\/p>\n<p>&#8211; laadimisjaama naelad<\/p>\n<p>Kuidas wiper t\u00f6\u00f6tab<\/p>\n<p>&#8211; t\u00f6\u00f6ala on kaabliga piiratud<\/p>\n<p>&#8211; niiduk t\u00f6\u00f6tab automaatselt vastavalt graafikule<\/p>\n<p>&#8211; naaseb laadimiseks automaatselt baasi<\/p>\n<p>&#8211; sellel on neli l\u00e4htepunkti, mida saab kaardil redigeerida<\/p>\n<p>&#8211; \u00fchendub teie koduv\u00f5rgu ja telefoniga WIFI ja Bluetoothi \u200b\u200bkaudu<\/p>\n<p>&#8211; p\u00e4rast kodu WIFI-ga \u00fchendamist uuendab niiduk ennast automaatselt<\/p>\n<p>&#8211; l\u00f5ikab muru kettale asetatud teradega<\/p>\n<p>Wiper KXLS PREMIUM robotniiduk max 6000m2 on m\u00f5eldud krundile suurusega kuni 6000 m2. S\u00f5ltuvalt muru tihedusest ning sellest, kas krunt on pigem krobeline v\u00f5i sile tuleks kindluse m\u00f5ttes arvestada t\u00f6\u00f6alaga -20%.<\/p>\n<p>T\u00e4nu oma kaheosalise moodulilaadsele struktuurile kohandub Wiper KXLS robotniiduk erinevate ebatasaste murupindadega paremini kui \u00fckski teine robotniiduk. Pehmed ja laiad kummist rattad loovad suurema kontaktipinna maapinnaga, tagades parema haarduvuse.<\/p>\n<p>K\u00f5ikidele korrap\u00e4raselt hooldatud Wiper K seeria robotniidukitele kehtib 6-aastane (kuni 5000 t\u00f6\u00f6tundi) tehasegarantii.<\/p>\n","protected":false},"excerpt":{"rendered":"<p>Wiper KXLS PREMIUM robotniiduk max. 6000m2<\/p>\n<p>Niiduala: 6000m2<br \/>\nHarjavaba elektrimootor 10,35ah<br \/>\n8 erinevat t\u00f6\u00f6tsooni alguspunkti<br \/>\nMaximaalne lubatud kalle piirdekaabli juures: 20%<br \/>\nLubatud kitsaim koht 0,8m<br \/>\nL\u00f5ikelaius 35cm<br \/>\nL\u00f5ikek\u00f5rgus 25-65mm, reguleeritav automaatselt<br \/>\nAndurid: Kokkup\u00f5rke andur, kaldeandur, t\u00f5steandur, l\u00e4hendussensor, vihmasensor<br \/>\nT\u00e4hiktera, nugade kiirus 3000rpm<br \/>\nKaal: 15,8kg<br \/>\n*Pin kood<br \/>\n*bluetooth<br \/>\n*WIFI<br \/>\n*IPx5<br \/>\n*Heli kuni 63db<br \/>\n*Kummist rattad<br \/>\nMax. piirdekaabli pikkus 1000m<br \/>\n*Display robotniiduki seadistamiseks<br \/>\n*Seadistatav l\u00e4bi rakenduse: My robot wiper<\/p>\n<p><span style=\"color: #000000;\"><strong> Garantii eraisikule kuni 6 aastat v\u00f5i 5000tundi <\/strong><\/span><br \/>\n<strong>Seadme eeldatav tarneaeg 1-7 t\u00f6\u00f6p\u00e4eva<\/strong><\/p>\n","protected":false},"featured_media":15423,"template":"","meta":{"inline_featured_image":false},"product_cat":[1079,1080],"product_tag":[137,1150,567,1147,1144,1464,1471],"class_list":{"0":"post-15422","1":"product","2":"type-product","3":"status-publish","4":"has-post-thumbnail","6":"product_brand-wiper","7":"product_brand-wiper-robotic-mower","8":"product_cat-aiatehnika-ja-niidutehnika","9":"product_cat-robotniidukid","10":"product_tag-cedrus","11":"product_tag-mururobot","12":"product_tag-niiduk","13":"product_tag-robot","14":"product_tag-robotniiduk","15":"product_tag-wiper","16":"product_tag-wiper-trekker-s-premium","18":"first","19":"instock","20":"taxable","21":"shipping-taxable","22":"purchasable","23":"product-type-simple"},"yoast_head":"<!-- This site is optimized with the Yoast SEO plugin v27.4 - https:\/\/yoast.com\/product\/yoast-seo-wordpress\/ -->\n<title>Wiper KXLS PREMIUM robotniiduk max. 6000m2<\/title>\n<meta name=\"description\" content=\"Wiper KXLS PREMIUM robotniiduk max. 6000m2 , L\u00f5ikelaius 35cm, t\u00f6\u00f6aeg 4h, laadimisaeg 1,5h, harjadeta mootor, niiduk\u00f5rgus 25-65mm, kaal 15,8kg.\" \/>\n<meta name=\"robots\" content=\"index, follow, max-snippet:-1, max-image-preview:large, max-video-preview:-1\" \/>\n<link rel=\"canonical\" href=\"https:\/\/ranoja.ee\/toode\/wiper-kxls-premium-robotniiduk-max-6000m2\/\" \/>\n<meta property=\"og:locale\" content=\"en_US\" \/>\n<meta property=\"og:type\" content=\"article\" \/>\n<meta property=\"og:title\" content=\"Wiper KXLS PREMIUM robotniiduk max. 6000m2\" \/>\n<meta property=\"og:description\" content=\"Wiper KXLS PREMIUM robotniiduk max. 6000m2 , L\u00f5ikelaius 35cm, t\u00f6\u00f6aeg 4h, laadimisaeg 1,5h, harjadeta mootor, niiduk\u00f5rgus 25-65mm, kaal 15,8kg.\" \/>\n<meta property=\"og:url\" content=\"https:\/\/ranoja.ee\/toode\/wiper-kxls-premium-robotniiduk-max-6000m2\/\" \/>\n<meta property=\"og:site_name\" content=\"Ranoja\" \/>\n<meta property=\"article:publisher\" content=\"https:\/\/www.facebook.com\/ranoja.ee\" \/>\n<meta property=\"article:modified_time\" content=\"2025-12-12T11:36:29+00:00\" \/>\n<meta property=\"og:image\" content=\"https:\/\/ranoja.ee\/wp-content\/uploads\/2025\/02\/Wiper-KXLS-PREMIUM-robotniiduk-max.-6000m2.png\" \/>\n\t<meta property=\"og:image:width\" content=\"768\" \/>\n\t<meta property=\"og:image:height\" content=\"604\" \/>\n\t<meta property=\"og:image:type\" content=\"image\/png\" \/>\n<meta name=\"twitter:card\" content=\"summary_large_image\" \/>\n<meta name=\"twitter:label1\" content=\"Est. reading time\" \/>\n\t<meta name=\"twitter:data1\" content=\"2 minutes\" \/>\n<script type=\"application\/ld+json\" class=\"yoast-schema-graph\">{\"@context\":\"https:\\\/\\\/schema.org\",\"@graph\":[{\"@type\":\"WebPage\",\"@id\":\"https:\\\/\\\/ranoja.ee\\\/toode\\\/wiper-kxls-premium-robotniiduk-max-6000m2\\\/\",\"url\":\"https:\\\/\\\/ranoja.ee\\\/toode\\\/wiper-kxls-premium-robotniiduk-max-6000m2\\\/\",\"name\":\"Wiper KXLS PREMIUM robotniiduk max. 6000m2\",\"isPartOf\":{\"@id\":\"https:\\\/\\\/ranoja.ee\\\/#website\"},\"primaryImageOfPage\":{\"@id\":\"https:\\\/\\\/ranoja.ee\\\/toode\\\/wiper-kxls-premium-robotniiduk-max-6000m2\\\/#primaryimage\"},\"image\":{\"@id\":\"https:\\\/\\\/ranoja.ee\\\/toode\\\/wiper-kxls-premium-robotniiduk-max-6000m2\\\/#primaryimage\"},\"thumbnailUrl\":\"https:\\\/\\\/ranoja.ee\\\/wp-content\\\/uploads\\\/2025\\\/02\\\/Wiper-KXLS-PREMIUM-robotniiduk-max.-6000m2.png\",\"datePublished\":\"2025-02-01T09:29:48+00:00\",\"dateModified\":\"2025-12-12T11:36:29+00:00\",\"description\":\"Wiper KXLS PREMIUM robotniiduk max. 6000m2 , L\u00f5ikelaius 35cm, t\u00f6\u00f6aeg 4h, laadimisaeg 1,5h, harjadeta mootor, niiduk\u00f5rgus 25-65mm, kaal 15,8kg.\",\"breadcrumb\":{\"@id\":\"https:\\\/\\\/ranoja.ee\\\/toode\\\/wiper-kxls-premium-robotniiduk-max-6000m2\\\/#breadcrumb\"},\"inLanguage\":\"en-US\",\"potentialAction\":[{\"@type\":\"ReadAction\",\"target\":[\"https:\\\/\\\/ranoja.ee\\\/toode\\\/wiper-kxls-premium-robotniiduk-max-6000m2\\\/\"]}]},{\"@type\":\"ImageObject\",\"inLanguage\":\"en-US\",\"@id\":\"https:\\\/\\\/ranoja.ee\\\/toode\\\/wiper-kxls-premium-robotniiduk-max-6000m2\\\/#primaryimage\",\"url\":\"https:\\\/\\\/ranoja.ee\\\/wp-content\\\/uploads\\\/2025\\\/02\\\/Wiper-KXLS-PREMIUM-robotniiduk-max.-6000m2.png\",\"contentUrl\":\"https:\\\/\\\/ranoja.ee\\\/wp-content\\\/uploads\\\/2025\\\/02\\\/Wiper-KXLS-PREMIUM-robotniiduk-max.-6000m2.png\",\"width\":768,\"height\":604,\"caption\":\"Wiper KXLS PREMIUM robotniiduk max. 6000m2\"},{\"@type\":\"BreadcrumbList\",\"@id\":\"https:\\\/\\\/ranoja.ee\\\/toode\\\/wiper-kxls-premium-robotniiduk-max-6000m2\\\/#breadcrumb\",\"itemListElement\":[{\"@type\":\"ListItem\",\"position\":1,\"name\":\"Home\",\"item\":\"https:\\\/\\\/ranoja.ee\\\/\"},{\"@type\":\"ListItem\",\"position\":2,\"name\":\"Shop\",\"item\":\"https:\\\/\\\/ranoja.ee\\\/en\\\/shop\\\/\"},{\"@type\":\"ListItem\",\"position\":3,\"name\":\"Wiper KXLS PREMIUM robotniiduk max. 6000m2\"}]},{\"@type\":\"WebSite\",\"@id\":\"https:\\\/\\\/ranoja.ee\\\/#website\",\"url\":\"https:\\\/\\\/ranoja.ee\\\/\",\"name\":\"Ranoja\",\"description\":\"Equipment Shop WooCommerce WordPress Theme for Machine &amp; Tools\",\"publisher\":{\"@id\":\"https:\\\/\\\/ranoja.ee\\\/#organization\"},\"potentialAction\":[{\"@type\":\"SearchAction\",\"target\":{\"@type\":\"EntryPoint\",\"urlTemplate\":\"https:\\\/\\\/ranoja.ee\\\/?s={search_term_string}\"},\"query-input\":{\"@type\":\"PropertyValueSpecification\",\"valueRequired\":true,\"valueName\":\"search_term_string\"}}],\"inLanguage\":\"en-US\"},{\"@type\":\"Organization\",\"@id\":\"https:\\\/\\\/ranoja.ee\\\/#organization\",\"name\":\"Ranoja O\u00dc\",\"url\":\"https:\\\/\\\/ranoja.ee\\\/\",\"logo\":{\"@type\":\"ImageObject\",\"inLanguage\":\"en-US\",\"@id\":\"https:\\\/\\\/ranoja.ee\\\/#\\\/schema\\\/logo\\\/image\\\/\",\"url\":\"https:\\\/\\\/ranoja.ee\\\/wp-content\\\/uploads\\\/2023\\\/11\\\/ranoja-Logo.png\",\"contentUrl\":\"https:\\\/\\\/ranoja.ee\\\/wp-content\\\/uploads\\\/2023\\\/11\\\/ranoja-Logo.png\",\"width\":207,\"height\":58,\"caption\":\"Ranoja O\u00dc\"},\"image\":{\"@id\":\"https:\\\/\\\/ranoja.ee\\\/#\\\/schema\\\/logo\\\/image\\\/\"},\"sameAs\":[\"https:\\\/\\\/www.facebook.com\\\/ranoja.ee\",\"https:\\\/\\\/www.instagram.com\\\/ranoja__\\\/\"]}]}<\/script>\n<!-- \/ Yoast SEO plugin. -->","yoast_head_json":{"title":"Wiper KXLS PREMIUM robotniiduk max. 6000m2","description":"Wiper KXLS PREMIUM robotniiduk max. 6000m2 , L\u00f5ikelaius 35cm, t\u00f6\u00f6aeg 4h, laadimisaeg 1,5h, harjadeta mootor, niiduk\u00f5rgus 25-65mm, kaal 15,8kg.","robots":{"index":"index","follow":"follow","max-snippet":"max-snippet:-1","max-image-preview":"max-image-preview:large","max-video-preview":"max-video-preview:-1"},"canonical":"https:\/\/ranoja.ee\/toode\/wiper-kxls-premium-robotniiduk-max-6000m2\/","og_locale":"en_US","og_type":"article","og_title":"Wiper KXLS PREMIUM robotniiduk max. 6000m2","og_description":"Wiper KXLS PREMIUM robotniiduk max. 6000m2 , L\u00f5ikelaius 35cm, t\u00f6\u00f6aeg 4h, laadimisaeg 1,5h, harjadeta mootor, niiduk\u00f5rgus 25-65mm, kaal 15,8kg.","og_url":"https:\/\/ranoja.ee\/toode\/wiper-kxls-premium-robotniiduk-max-6000m2\/","og_site_name":"Ranoja","article_publisher":"https:\/\/www.facebook.com\/ranoja.ee","article_modified_time":"2025-12-12T11:36:29+00:00","og_image":[{"width":768,"height":604,"url":"https:\/\/ranoja.ee\/wp-content\/uploads\/2025\/02\/Wiper-KXLS-PREMIUM-robotniiduk-max.-6000m2.png","type":"image\/png"}],"twitter_card":"summary_large_image","twitter_misc":{"Est. reading time":"2 minutes"},"schema":{"@context":"https:\/\/schema.org","@graph":[{"@type":"WebPage","@id":"https:\/\/ranoja.ee\/toode\/wiper-kxls-premium-robotniiduk-max-6000m2\/","url":"https:\/\/ranoja.ee\/toode\/wiper-kxls-premium-robotniiduk-max-6000m2\/","name":"Wiper KXLS PREMIUM robotniiduk max. 6000m2","isPartOf":{"@id":"https:\/\/ranoja.ee\/#website"},"primaryImageOfPage":{"@id":"https:\/\/ranoja.ee\/toode\/wiper-kxls-premium-robotniiduk-max-6000m2\/#primaryimage"},"image":{"@id":"https:\/\/ranoja.ee\/toode\/wiper-kxls-premium-robotniiduk-max-6000m2\/#primaryimage"},"thumbnailUrl":"https:\/\/ranoja.ee\/wp-content\/uploads\/2025\/02\/Wiper-KXLS-PREMIUM-robotniiduk-max.-6000m2.png","datePublished":"2025-02-01T09:29:48+00:00","dateModified":"2025-12-12T11:36:29+00:00","description":"Wiper KXLS PREMIUM robotniiduk max. 6000m2 , L\u00f5ikelaius 35cm, t\u00f6\u00f6aeg 4h, laadimisaeg 1,5h, harjadeta mootor, niiduk\u00f5rgus 25-65mm, kaal 15,8kg.","breadcrumb":{"@id":"https:\/\/ranoja.ee\/toode\/wiper-kxls-premium-robotniiduk-max-6000m2\/#breadcrumb"},"inLanguage":"en-US","potentialAction":[{"@type":"ReadAction","target":["https:\/\/ranoja.ee\/toode\/wiper-kxls-premium-robotniiduk-max-6000m2\/"]}]},{"@type":"ImageObject","inLanguage":"en-US","@id":"https:\/\/ranoja.ee\/toode\/wiper-kxls-premium-robotniiduk-max-6000m2\/#primaryimage","url":"https:\/\/ranoja.ee\/wp-content\/uploads\/2025\/02\/Wiper-KXLS-PREMIUM-robotniiduk-max.-6000m2.png","contentUrl":"https:\/\/ranoja.ee\/wp-content\/uploads\/2025\/02\/Wiper-KXLS-PREMIUM-robotniiduk-max.-6000m2.png","width":768,"height":604,"caption":"Wiper KXLS PREMIUM robotniiduk max. 6000m2"},{"@type":"BreadcrumbList","@id":"https:\/\/ranoja.ee\/toode\/wiper-kxls-premium-robotniiduk-max-6000m2\/#breadcrumb","itemListElement":[{"@type":"ListItem","position":1,"name":"Home","item":"https:\/\/ranoja.ee\/"},{"@type":"ListItem","position":2,"name":"Shop","item":"https:\/\/ranoja.ee\/en\/shop\/"},{"@type":"ListItem","position":3,"name":"Wiper KXLS PREMIUM robotniiduk max. 6000m2"}]},{"@type":"WebSite","@id":"https:\/\/ranoja.ee\/#website","url":"https:\/\/ranoja.ee\/","name":"Ranoja","description":"Equipment Shop WooCommerce WordPress Theme for Machine &amp; Tools","publisher":{"@id":"https:\/\/ranoja.ee\/#organization"},"potentialAction":[{"@type":"SearchAction","target":{"@type":"EntryPoint","urlTemplate":"https:\/\/ranoja.ee\/?s={search_term_string}"},"query-input":{"@type":"PropertyValueSpecification","valueRequired":true,"valueName":"search_term_string"}}],"inLanguage":"en-US"},{"@type":"Organization","@id":"https:\/\/ranoja.ee\/#organization","name":"Ranoja O\u00dc","url":"https:\/\/ranoja.ee\/","logo":{"@type":"ImageObject","inLanguage":"en-US","@id":"https:\/\/ranoja.ee\/#\/schema\/logo\/image\/","url":"https:\/\/ranoja.ee\/wp-content\/uploads\/2023\/11\/ranoja-Logo.png","contentUrl":"https:\/\/ranoja.ee\/wp-content\/uploads\/2023\/11\/ranoja-Logo.png","width":207,"height":58,"caption":"Ranoja O\u00dc"},"image":{"@id":"https:\/\/ranoja.ee\/#\/schema\/logo\/image\/"},"sameAs":["https:\/\/www.facebook.com\/ranoja.ee","https:\/\/www.instagram.com\/ranoja__\/"]}]}},"_links":{"self":[{"href":"https:\/\/ranoja.ee\/en\/wp-json\/wp\/v2\/product\/15422","targetHints":{"allow":["GET"]}}],"collection":[{"href":"https:\/\/ranoja.ee\/en\/wp-json\/wp\/v2\/product"}],"about":[{"href":"https:\/\/ranoja.ee\/en\/wp-json\/wp\/v2\/types\/product"}],"wp:featuredmedia":[{"embeddable":true,"href":"https:\/\/ranoja.ee\/en\/wp-json\/wp\/v2\/media\/15423"}],"wp:attachment":[{"href":"https:\/\/ranoja.ee\/en\/wp-json\/wp\/v2\/media?parent=15422"}],"wp:term":[{"taxonomy":"product_cat","embeddable":true,"href":"https:\/\/ranoja.ee\/en\/wp-json\/wp\/v2\/product_cat?post=15422"},{"taxonomy":"product_tag","embeddable":true,"href":"https:\/\/ranoja.ee\/en\/wp-json\/wp\/v2\/product_tag?post=15422"}],"curies":[{"name":"wp","href":"https:\/\/api.w.org\/{rel}","templated":true}]}}