{"id":15328,"date":"2025-01-21T12:18:26","date_gmt":"2025-01-21T09:18:26","guid":{"rendered":"https:\/\/ranoja.ee\/?post_type=product&#038;p=15328"},"modified":"2025-12-10T11:39:36","modified_gmt":"2025-12-10T08:39:36","slug":"survepesuri-mc150-otsikute-komplekt-560356","status":"publish","type":"product","link":"https:\/\/ranoja.ee\/en\/toode\/survepesuri-mc150-otsikute-komplekt-560356\/","title":{"rendered":"Survepesuri MC150 otsikute komplekt 560356"},"content":{"rendered":"<p>Survepesuri MC150 otsikute komplekt 560356<\/p>\n<p>Lamepindade survepesuri harja saab kasutada paljude erinevate pindade pesemiseks. Siin on m\u00f5ned n\u00e4ited:<\/p>\n<p>1. Terrassid ja r\u00f5dud<br \/>\nPuidust terrassid: Harja abil saab eemaldada mustuse, sambla ja vetikaid, ilma et kahjustaks \u00f5rnu puitplaate.<br \/>\nKivist v\u00f5i betoonist terrassid: Eemaldab t\u00f5husalt plekid, tolmu ja mustuse, mis kipuvad kogunema pragudesse.<br \/>\n2. Teekatted ja sillutiskivid<br \/>\nKivisillutised: Harja p\u00f6\u00f6rlevad harjased eemaldavad t\u00f5husalt mustuse, sambla ja rohelise katte.<br \/>\nAsfalt ja betoon: Sobib suurep\u00e4raselt garaa\u017eisisses\u00f5itude, parkimisalade ja k\u00f5nniteede puhastamiseks.<br \/>\n3. Autod ja s\u00f5idukid<br \/>\nLamedale pinnasele m\u00f5eldud harja saab kasutada s\u00f5idukite suuremate pindade, nagu auto katus ja kapott, pesemiseks. Pehmemate harjastega mudelid kaitsevad v\u00e4rvkatet kriimustuste eest.<br \/>\n4. P\u00e4ikesepaneelid ja kasvuhooned<br \/>\n\u00d5rn harjas aitab eemaldada mustuse ja tolmu, kahjustamata klaasi v\u00f5i plastikut.<br \/>\n5. Laed ja seinad v\u00e4litingimustes<br \/>\nKasutage harja \u00f5ues olevate seinte ja lagede puhastamiseks, eriti kui need on kaetud tolmu, sambla v\u00f5i tahmaga.<br \/>\n6. Aiavalgustid ja m\u00f6\u00f6bel<br \/>\nAiavalgustite ja v\u00e4lim\u00f6\u00f6bli puhastamiseks on harja pind piisavalt \u00f5rn, et mitte kahjustada plastikust v\u00f5i metallist detaile.<\/p>\n<p>Survepesuri harjas lamedatele pindadele on praktiline ja t\u00f5hus t\u00f6\u00f6riist, mis muudab suurte pindade puhastamise kiiremaks, lihtsamaks ja ohutumaks. Korraliku hoolduse ja \u00f5igete tehnikate kasutamisega tagate selle pikaajalise t\u00f6\u00f6kindluse.<\/p>\n<p>Kuidas kasutada?<br \/>\nKinnitage harjas survepesurile: Kontrollige, et \u00fchendus oleks tihe ja lekkevaba.<br \/>\nValige sobiv surve: \u00d5rnema pinna jaoks kasutage madalamat r\u00f5hku ja tugevama pinna jaoks k\u00f5rgemat.<br \/>\nLiikuge aeglaselt ja \u00fchtlaselt: Veenduge, et harja harjased liiguvad \u00fcle pinna sujuvalt. V\u00e4ldi liiga tugevat surumist, et v\u00e4ltida pinna kahjustamist.<br \/>\nPuhastage harja p\u00e4rast kasutamist: Loputage harja jooksva vee all, et eemaldada sinna kogunenud mustus ja takistada harjaste kulumist.<\/p>\n<p>Survepesuri MC150 otsikute komplekt 560356<\/p>\n","protected":false},"excerpt":{"rendered":"<p>Survepesuri MC150 otsikute komplekt 560356<\/p>\n<p>Otsikud sobivad MC150 survepesurile<br \/>\n<strong>Tarneaeg 1-7 t\u00f6\u00f6p\u00e4eva<\/strong><\/p>\n","protected":false},"featured_media":15329,"template":"","meta":{"inline_featured_image":false},"product_cat":[1079,89],"product_tag":[1752,1753,137,585],"class_list":{"0":"post-15328","1":"product","2":"type-product","3":"status-publish","4":"has-post-thumbnail","6":"product_brand-cedrus","7":"product_cat-aiatehnika-ja-niidutehnika","8":"product_cat-survepesurid","9":"product_tag-1752","10":"product_tag-1753","11":"product_tag-cedrus","12":"product_tag-survepesur","14":"first","15":"instock","16":"taxable","17":"shipping-taxable","18":"purchasable","19":"product-type-simple"},"yoast_head":"<!-- This site is optimized with the Yoast SEO plugin v27.4 - https:\/\/yoast.com\/product\/yoast-seo-wordpress\/ -->\n<title>Survepesuri MC150 otsikute komplekt 560356<\/title>\n<meta name=\"description\" content=\"Survepesuri MC150 otsikute komplekt 560356 - Pese mugavalt Terrassid ja r\u00f5dud, Teekatted ja sillutiskivid, Laed ja seinad v\u00e4litingimustes\" \/>\n<meta name=\"robots\" content=\"index, follow, max-snippet:-1, max-image-preview:large, max-video-preview:-1\" \/>\n<link rel=\"canonical\" href=\"https:\/\/ranoja.ee\/toode\/survepesuri-mc150-otsikute-komplekt-560356\/\" \/>\n<meta property=\"og:locale\" content=\"en_US\" \/>\n<meta property=\"og:type\" content=\"article\" \/>\n<meta property=\"og:title\" content=\"Survepesuri MC150 otsikute komplekt 560356\" \/>\n<meta property=\"og:description\" content=\"Survepesuri MC150 otsikute komplekt 560356 - Pese mugavalt Terrassid ja r\u00f5dud, Teekatted ja sillutiskivid, Laed ja seinad v\u00e4litingimustes\" \/>\n<meta property=\"og:url\" content=\"https:\/\/ranoja.ee\/toode\/survepesuri-mc150-otsikute-komplekt-560356\/\" \/>\n<meta property=\"og:site_name\" content=\"Ranoja\" \/>\n<meta property=\"article:publisher\" content=\"https:\/\/www.facebook.com\/ranoja.ee\" \/>\n<meta property=\"article:modified_time\" content=\"2025-12-10T08:39:36+00:00\" \/>\n<meta property=\"og:image\" content=\"https:\/\/ranoja.ee\/wp-content\/uploads\/2025\/01\/560356-survepesuri-otsikud.jpg\" \/>\n\t<meta property=\"og:image:width\" content=\"1200\" \/>\n\t<meta property=\"og:image:height\" content=\"739\" \/>\n\t<meta property=\"og:image:type\" content=\"image\/jpeg\" \/>\n<meta name=\"twitter:card\" content=\"summary_large_image\" \/>\n<meta name=\"twitter:label1\" content=\"Est. reading time\" \/>\n\t<meta name=\"twitter:data1\" content=\"2 minutes\" \/>\n<script type=\"application\/ld+json\" class=\"yoast-schema-graph\">{\"@context\":\"https:\\\/\\\/schema.org\",\"@graph\":[{\"@type\":\"WebPage\",\"@id\":\"https:\\\/\\\/ranoja.ee\\\/toode\\\/survepesuri-mc150-otsikute-komplekt-560356\\\/\",\"url\":\"https:\\\/\\\/ranoja.ee\\\/toode\\\/survepesuri-mc150-otsikute-komplekt-560356\\\/\",\"name\":\"Survepesuri MC150 otsikute komplekt 560356\",\"isPartOf\":{\"@id\":\"https:\\\/\\\/ranoja.ee\\\/#website\"},\"primaryImageOfPage\":{\"@id\":\"https:\\\/\\\/ranoja.ee\\\/toode\\\/survepesuri-mc150-otsikute-komplekt-560356\\\/#primaryimage\"},\"image\":{\"@id\":\"https:\\\/\\\/ranoja.ee\\\/toode\\\/survepesuri-mc150-otsikute-komplekt-560356\\\/#primaryimage\"},\"thumbnailUrl\":\"https:\\\/\\\/ranoja.ee\\\/wp-content\\\/uploads\\\/2025\\\/01\\\/560356-survepesuri-otsikud.jpg\",\"datePublished\":\"2025-01-21T09:18:26+00:00\",\"dateModified\":\"2025-12-10T08:39:36+00:00\",\"description\":\"Survepesuri MC150 otsikute komplekt 560356 - Pese mugavalt Terrassid ja r\u00f5dud, Teekatted ja sillutiskivid, Laed ja seinad v\u00e4litingimustes\",\"breadcrumb\":{\"@id\":\"https:\\\/\\\/ranoja.ee\\\/toode\\\/survepesuri-mc150-otsikute-komplekt-560356\\\/#breadcrumb\"},\"inLanguage\":\"en-US\",\"potentialAction\":[{\"@type\":\"ReadAction\",\"target\":[\"https:\\\/\\\/ranoja.ee\\\/toode\\\/survepesuri-mc150-otsikute-komplekt-560356\\\/\"]}]},{\"@type\":\"ImageObject\",\"inLanguage\":\"en-US\",\"@id\":\"https:\\\/\\\/ranoja.ee\\\/toode\\\/survepesuri-mc150-otsikute-komplekt-560356\\\/#primaryimage\",\"url\":\"https:\\\/\\\/ranoja.ee\\\/wp-content\\\/uploads\\\/2025\\\/01\\\/560356-survepesuri-otsikud.jpg\",\"contentUrl\":\"https:\\\/\\\/ranoja.ee\\\/wp-content\\\/uploads\\\/2025\\\/01\\\/560356-survepesuri-otsikud.jpg\",\"width\":1200,\"height\":739,\"caption\":\"560356 survepesuri otsikud\"},{\"@type\":\"BreadcrumbList\",\"@id\":\"https:\\\/\\\/ranoja.ee\\\/toode\\\/survepesuri-mc150-otsikute-komplekt-560356\\\/#breadcrumb\",\"itemListElement\":[{\"@type\":\"ListItem\",\"position\":1,\"name\":\"Home\",\"item\":\"https:\\\/\\\/ranoja.ee\\\/\"},{\"@type\":\"ListItem\",\"position\":2,\"name\":\"Shop\",\"item\":\"https:\\\/\\\/ranoja.ee\\\/en\\\/shop\\\/\"},{\"@type\":\"ListItem\",\"position\":3,\"name\":\"Survepesuri MC150 otsikute komplekt 560356\"}]},{\"@type\":\"WebSite\",\"@id\":\"https:\\\/\\\/ranoja.ee\\\/#website\",\"url\":\"https:\\\/\\\/ranoja.ee\\\/\",\"name\":\"Ranoja\",\"description\":\"Equipment Shop WooCommerce WordPress Theme for Machine &amp; Tools\",\"publisher\":{\"@id\":\"https:\\\/\\\/ranoja.ee\\\/#organization\"},\"potentialAction\":[{\"@type\":\"SearchAction\",\"target\":{\"@type\":\"EntryPoint\",\"urlTemplate\":\"https:\\\/\\\/ranoja.ee\\\/?s={search_term_string}\"},\"query-input\":{\"@type\":\"PropertyValueSpecification\",\"valueRequired\":true,\"valueName\":\"search_term_string\"}}],\"inLanguage\":\"en-US\"},{\"@type\":\"Organization\",\"@id\":\"https:\\\/\\\/ranoja.ee\\\/#organization\",\"name\":\"Ranoja O\u00dc\",\"url\":\"https:\\\/\\\/ranoja.ee\\\/\",\"logo\":{\"@type\":\"ImageObject\",\"inLanguage\":\"en-US\",\"@id\":\"https:\\\/\\\/ranoja.ee\\\/#\\\/schema\\\/logo\\\/image\\\/\",\"url\":\"https:\\\/\\\/ranoja.ee\\\/wp-content\\\/uploads\\\/2023\\\/11\\\/ranoja-Logo.png\",\"contentUrl\":\"https:\\\/\\\/ranoja.ee\\\/wp-content\\\/uploads\\\/2023\\\/11\\\/ranoja-Logo.png\",\"width\":207,\"height\":58,\"caption\":\"Ranoja O\u00dc\"},\"image\":{\"@id\":\"https:\\\/\\\/ranoja.ee\\\/#\\\/schema\\\/logo\\\/image\\\/\"},\"sameAs\":[\"https:\\\/\\\/www.facebook.com\\\/ranoja.ee\",\"https:\\\/\\\/www.instagram.com\\\/ranoja__\\\/\"]}]}<\/script>\n<!-- \/ Yoast SEO plugin. -->","yoast_head_json":{"title":"Survepesuri MC150 otsikute komplekt 560356","description":"Survepesuri MC150 otsikute komplekt 560356 - Pese mugavalt Terrassid ja r\u00f5dud, Teekatted ja sillutiskivid, Laed ja seinad v\u00e4litingimustes","robots":{"index":"index","follow":"follow","max-snippet":"max-snippet:-1","max-image-preview":"max-image-preview:large","max-video-preview":"max-video-preview:-1"},"canonical":"https:\/\/ranoja.ee\/toode\/survepesuri-mc150-otsikute-komplekt-560356\/","og_locale":"en_US","og_type":"article","og_title":"Survepesuri MC150 otsikute komplekt 560356","og_description":"Survepesuri MC150 otsikute komplekt 560356 - Pese mugavalt Terrassid ja r\u00f5dud, Teekatted ja sillutiskivid, Laed ja seinad v\u00e4litingimustes","og_url":"https:\/\/ranoja.ee\/toode\/survepesuri-mc150-otsikute-komplekt-560356\/","og_site_name":"Ranoja","article_publisher":"https:\/\/www.facebook.com\/ranoja.ee","article_modified_time":"2025-12-10T08:39:36+00:00","og_image":[{"width":1200,"height":739,"url":"https:\/\/ranoja.ee\/wp-content\/uploads\/2025\/01\/560356-survepesuri-otsikud.jpg","type":"image\/jpeg"}],"twitter_card":"summary_large_image","twitter_misc":{"Est. reading time":"2 minutes"},"schema":{"@context":"https:\/\/schema.org","@graph":[{"@type":"WebPage","@id":"https:\/\/ranoja.ee\/toode\/survepesuri-mc150-otsikute-komplekt-560356\/","url":"https:\/\/ranoja.ee\/toode\/survepesuri-mc150-otsikute-komplekt-560356\/","name":"Survepesuri MC150 otsikute komplekt 560356","isPartOf":{"@id":"https:\/\/ranoja.ee\/#website"},"primaryImageOfPage":{"@id":"https:\/\/ranoja.ee\/toode\/survepesuri-mc150-otsikute-komplekt-560356\/#primaryimage"},"image":{"@id":"https:\/\/ranoja.ee\/toode\/survepesuri-mc150-otsikute-komplekt-560356\/#primaryimage"},"thumbnailUrl":"https:\/\/ranoja.ee\/wp-content\/uploads\/2025\/01\/560356-survepesuri-otsikud.jpg","datePublished":"2025-01-21T09:18:26+00:00","dateModified":"2025-12-10T08:39:36+00:00","description":"Survepesuri MC150 otsikute komplekt 560356 - Pese mugavalt Terrassid ja r\u00f5dud, Teekatted ja sillutiskivid, Laed ja seinad v\u00e4litingimustes","breadcrumb":{"@id":"https:\/\/ranoja.ee\/toode\/survepesuri-mc150-otsikute-komplekt-560356\/#breadcrumb"},"inLanguage":"en-US","potentialAction":[{"@type":"ReadAction","target":["https:\/\/ranoja.ee\/toode\/survepesuri-mc150-otsikute-komplekt-560356\/"]}]},{"@type":"ImageObject","inLanguage":"en-US","@id":"https:\/\/ranoja.ee\/toode\/survepesuri-mc150-otsikute-komplekt-560356\/#primaryimage","url":"https:\/\/ranoja.ee\/wp-content\/uploads\/2025\/01\/560356-survepesuri-otsikud.jpg","contentUrl":"https:\/\/ranoja.ee\/wp-content\/uploads\/2025\/01\/560356-survepesuri-otsikud.jpg","width":1200,"height":739,"caption":"560356 survepesuri otsikud"},{"@type":"BreadcrumbList","@id":"https:\/\/ranoja.ee\/toode\/survepesuri-mc150-otsikute-komplekt-560356\/#breadcrumb","itemListElement":[{"@type":"ListItem","position":1,"name":"Home","item":"https:\/\/ranoja.ee\/"},{"@type":"ListItem","position":2,"name":"Shop","item":"https:\/\/ranoja.ee\/en\/shop\/"},{"@type":"ListItem","position":3,"name":"Survepesuri MC150 otsikute komplekt 560356"}]},{"@type":"WebSite","@id":"https:\/\/ranoja.ee\/#website","url":"https:\/\/ranoja.ee\/","name":"Ranoja","description":"Equipment Shop WooCommerce WordPress Theme for Machine &amp; Tools","publisher":{"@id":"https:\/\/ranoja.ee\/#organization"},"potentialAction":[{"@type":"SearchAction","target":{"@type":"EntryPoint","urlTemplate":"https:\/\/ranoja.ee\/?s={search_term_string}"},"query-input":{"@type":"PropertyValueSpecification","valueRequired":true,"valueName":"search_term_string"}}],"inLanguage":"en-US"},{"@type":"Organization","@id":"https:\/\/ranoja.ee\/#organization","name":"Ranoja O\u00dc","url":"https:\/\/ranoja.ee\/","logo":{"@type":"ImageObject","inLanguage":"en-US","@id":"https:\/\/ranoja.ee\/#\/schema\/logo\/image\/","url":"https:\/\/ranoja.ee\/wp-content\/uploads\/2023\/11\/ranoja-Logo.png","contentUrl":"https:\/\/ranoja.ee\/wp-content\/uploads\/2023\/11\/ranoja-Logo.png","width":207,"height":58,"caption":"Ranoja O\u00dc"},"image":{"@id":"https:\/\/ranoja.ee\/#\/schema\/logo\/image\/"},"sameAs":["https:\/\/www.facebook.com\/ranoja.ee","https:\/\/www.instagram.com\/ranoja__\/"]}]}},"_links":{"self":[{"href":"https:\/\/ranoja.ee\/en\/wp-json\/wp\/v2\/product\/15328","targetHints":{"allow":["GET"]}}],"collection":[{"href":"https:\/\/ranoja.ee\/en\/wp-json\/wp\/v2\/product"}],"about":[{"href":"https:\/\/ranoja.ee\/en\/wp-json\/wp\/v2\/types\/product"}],"wp:featuredmedia":[{"embeddable":true,"href":"https:\/\/ranoja.ee\/en\/wp-json\/wp\/v2\/media\/15329"}],"wp:attachment":[{"href":"https:\/\/ranoja.ee\/en\/wp-json\/wp\/v2\/media?parent=15328"}],"wp:term":[{"taxonomy":"product_cat","embeddable":true,"href":"https:\/\/ranoja.ee\/en\/wp-json\/wp\/v2\/product_cat?post=15328"},{"taxonomy":"product_tag","embeddable":true,"href":"https:\/\/ranoja.ee\/en\/wp-json\/wp\/v2\/product_tag?post=15328"}],"curies":[{"name":"wp","href":"https:\/\/api.w.org\/{rel}","templated":true}]}}