{"id":15275,"date":"2025-01-20T17:40:08","date_gmt":"2025-01-20T14:40:08","guid":{"rendered":"https:\/\/ranoja.ee\/?post_type=product&#038;p=15275"},"modified":"2025-12-10T16:13:12","modified_gmt":"2025-12-10T13:13:12","slug":"oli-kutuse-imur-4l-cedrus","status":"publish","type":"product","link":"https:\/\/ranoja.ee\/en\/toode\/oli-kutuse-imur-4l-cedrus\/","title":{"rendered":"\u00d5li ja k\u00fctuse imur 4L Cedrus"},"content":{"rendered":"<p>\u00d5li ja k\u00fctuse imur 4L Cedrus<\/p>\n<p>\u00d5liimur<br \/>\nKasutamine ja otstarve<br \/>\n\u00d5liimur on t\u00f6\u00f6riist vana mootori\u00f5li eemaldamiseks seadmetest, nagu muruniidukid v\u00f5i kultivaatorid, kus \u00f5li vahetamine on vajalik regulaarselt. See t\u00f6\u00f6riist on eriti kasulik aiatehnika puhul, millel puudub klassikaline \u00f5li \u00e4ravooluava, v\u00f5i kus \u00f5li eemaldamine k\u00e4sitsi on keeruline ja m\u00e4\u00e4riv.<\/p>\n<p>Olukorrad, kus \u00f5liimur on vajalik:<br \/>\nRegulaarne hooldus: Mootori\u00f5li tuleks vahetada p\u00e4rast tootja poolt m\u00e4\u00e4ratud t\u00f6\u00f6aegade m\u00f6\u00f6dumist, et tagada mootori t\u00f5rgeteta t\u00f6\u00f6 ja pikem eluiga.<br \/>\nSaastunud \u00f5li eemaldamiseks: Kui \u00f5li on muutunud mustaks v\u00f5i on saastunud (nt tolmu v\u00f5i veega), tuleb see asendada.<br \/>\nMootori remontimiseks: \u00d5li on vaja eemaldada enne mootori osade lahti v\u00f5tmiseks.<\/p>\n<p>Kuidas kasutada?<br \/>\nK\u00e4ivitage mootor l\u00fchiajaliselt, et \u00f5li muutuks soojaks ja voolaks paremini.<br \/>\nSisestage imuri voolik \u00f5lipaaki v\u00f5i \u00f5lim\u00f5\u00f5tevarda avasse.<br \/>\nLooge vaakum (tavaliselt k\u00e4epumbaga) ja eemaldage vana \u00f5li.<br \/>\nKoguge \u00f5li sobivasse mahutisse ja viige see vastavasse j\u00e4\u00e4tmek\u00e4itluspunkti.<\/p>\n<p>K\u00fctuse- ja \u00f5liimuri eelised:<br \/>\nPuhtus ja ohutus: V\u00e4ldite k\u00fctuse v\u00f5i \u00f5li lekkimist, mis v\u00f5ib reostada keskkonda v\u00f5i muuta t\u00f6\u00f6koha ohtlikuks.<br \/>\nT\u00f5husus: K\u00fctuse ja \u00f5li eemaldamine on kiire ja lihtne.<br \/>\nKeskkonnas\u00f5bralikkus: K\u00fctuse ja \u00f5li korrektne kogumine ja utiliseerimine aitab v\u00e4hendada reostust.<br \/>\nHoolduskvaliteet: Seadmete hooldus muutub lihtsamaks, mis pikendab nende t\u00f6\u00f6iga ja tagab optimaalse t\u00f6\u00f6kindluse.<br \/>\nK\u00fctuse- ja \u00f5liimur on investeering, mis aitab hooldust\u00f6id h\u00f5lbustada, muuta need puhtamaks ning parandada aiatehnika hooldamise kvaliteeti. See t\u00f6\u00f6riist sobib nii koduseks kasutamiseks kui ka professionaalsetele mehaanikutele.<br \/>\n\u00d5li ja k\u00fctuse imur 4L Cedrus<\/p>\n","protected":false},"excerpt":{"rendered":"<p>\u00d5li ja k\u00fctuse imur 4L Cedrus<\/p>\n<p>See t\u00f6\u00f6riist on eriti kasulik aiatehnika puhul, millel puudub klassikaline \u00f5li \u00e4ravooluava.<br \/>\nMahutavus: 4L<br \/>\n<strong>Tarneaeg 1-7 t\u00f6\u00f6p\u00e4eva<\/strong><\/p>\n","protected":false},"featured_media":15278,"template":"","meta":{"inline_featured_image":false},"product_cat":[1126,1593,1123],"product_tag":[172,1749,810,1751,1750],"class_list":{"0":"post-15275","1":"product","2":"type-product","3":"status-publish","4":"has-post-thumbnail","6":"product_brand-cedrus","7":"product_cat-hoolduskomplektid","8":"product_cat-kutusesusteemid-ja-nende-varuosad","9":"product_cat-varuosad","10":"product_tag-bensiinimootor","11":"product_tag-garaaz","12":"product_tag-imur","13":"product_tag-mootor","14":"product_tag-tooriist","16":"first","17":"instock","18":"taxable","19":"shipping-taxable","20":"purchasable","21":"product-type-simple"},"yoast_head":"<!-- This site is optimized with the Yoast SEO plugin v27.4 - https:\/\/yoast.com\/product\/yoast-seo-wordpress\/ -->\n<title>\u00d5li ja k\u00fctuse imur 4L Cedrus<\/title>\n<meta name=\"description\" content=\"\u00d5li ja k\u00fctuse imur 4L Cedrus - See t\u00f6\u00f6riist on eriti kasulik aiatehnika puhul, millel puudub klassikaline \u00f5li \u00e4ravooluava. Murutraktoritele, mootoritele jne\" \/>\n<meta name=\"robots\" content=\"index, follow, max-snippet:-1, max-image-preview:large, max-video-preview:-1\" \/>\n<link rel=\"canonical\" href=\"https:\/\/ranoja.ee\/toode\/oli-kutuse-imur-4l-cedrus\/\" \/>\n<meta property=\"og:locale\" content=\"en_US\" \/>\n<meta property=\"og:type\" content=\"article\" \/>\n<meta property=\"og:title\" content=\"\u00d5li ja k\u00fctuse imur 4L Cedrus\" \/>\n<meta property=\"og:description\" content=\"\u00d5li ja k\u00fctuse imur 4L Cedrus - See t\u00f6\u00f6riist on eriti kasulik aiatehnika puhul, millel puudub klassikaline \u00f5li \u00e4ravooluava. Murutraktoritele, mootoritele jne\" \/>\n<meta property=\"og:url\" content=\"https:\/\/ranoja.ee\/toode\/oli-kutuse-imur-4l-cedrus\/\" \/>\n<meta property=\"og:site_name\" content=\"Ranoja\" \/>\n<meta property=\"article:publisher\" content=\"https:\/\/www.facebook.com\/ranoja.ee\" \/>\n<meta property=\"article:modified_time\" content=\"2025-12-10T13:13:12+00:00\" \/>\n<meta property=\"og:image\" content=\"https:\/\/ranoja.ee\/wp-content\/uploads\/2025\/01\/Oli-ja-kutuse-imur-4L-Cedrus-2.jpg\" \/>\n\t<meta property=\"og:image:width\" content=\"800\" \/>\n\t<meta property=\"og:image:height\" content=\"878\" \/>\n\t<meta property=\"og:image:type\" content=\"image\/jpeg\" \/>\n<meta name=\"twitter:card\" content=\"summary_large_image\" \/>\n<meta name=\"twitter:label1\" content=\"Est. reading time\" \/>\n\t<meta name=\"twitter:data1\" content=\"2 minutes\" \/>\n<script type=\"application\/ld+json\" class=\"yoast-schema-graph\">{\"@context\":\"https:\\\/\\\/schema.org\",\"@graph\":[{\"@type\":\"WebPage\",\"@id\":\"https:\\\/\\\/ranoja.ee\\\/toode\\\/oli-kutuse-imur-4l-cedrus\\\/\",\"url\":\"https:\\\/\\\/ranoja.ee\\\/toode\\\/oli-kutuse-imur-4l-cedrus\\\/\",\"name\":\"\u00d5li ja k\u00fctuse imur 4L Cedrus\",\"isPartOf\":{\"@id\":\"https:\\\/\\\/ranoja.ee\\\/#website\"},\"primaryImageOfPage\":{\"@id\":\"https:\\\/\\\/ranoja.ee\\\/toode\\\/oli-kutuse-imur-4l-cedrus\\\/#primaryimage\"},\"image\":{\"@id\":\"https:\\\/\\\/ranoja.ee\\\/toode\\\/oli-kutuse-imur-4l-cedrus\\\/#primaryimage\"},\"thumbnailUrl\":\"https:\\\/\\\/ranoja.ee\\\/wp-content\\\/uploads\\\/2025\\\/01\\\/Oli-ja-kutuse-imur-4L-Cedrus-2.jpg\",\"datePublished\":\"2025-01-20T14:40:08+00:00\",\"dateModified\":\"2025-12-10T13:13:12+00:00\",\"description\":\"\u00d5li ja k\u00fctuse imur 4L Cedrus - See t\u00f6\u00f6riist on eriti kasulik aiatehnika puhul, millel puudub klassikaline \u00f5li \u00e4ravooluava. Murutraktoritele, mootoritele jne\",\"breadcrumb\":{\"@id\":\"https:\\\/\\\/ranoja.ee\\\/toode\\\/oli-kutuse-imur-4l-cedrus\\\/#breadcrumb\"},\"inLanguage\":\"en-US\",\"potentialAction\":[{\"@type\":\"ReadAction\",\"target\":[\"https:\\\/\\\/ranoja.ee\\\/toode\\\/oli-kutuse-imur-4l-cedrus\\\/\"]}]},{\"@type\":\"ImageObject\",\"inLanguage\":\"en-US\",\"@id\":\"https:\\\/\\\/ranoja.ee\\\/toode\\\/oli-kutuse-imur-4l-cedrus\\\/#primaryimage\",\"url\":\"https:\\\/\\\/ranoja.ee\\\/wp-content\\\/uploads\\\/2025\\\/01\\\/Oli-ja-kutuse-imur-4L-Cedrus-2.jpg\",\"contentUrl\":\"https:\\\/\\\/ranoja.ee\\\/wp-content\\\/uploads\\\/2025\\\/01\\\/Oli-ja-kutuse-imur-4L-Cedrus-2.jpg\",\"width\":800,\"height\":878,\"caption\":\"\u00f5liimur\"},{\"@type\":\"BreadcrumbList\",\"@id\":\"https:\\\/\\\/ranoja.ee\\\/toode\\\/oli-kutuse-imur-4l-cedrus\\\/#breadcrumb\",\"itemListElement\":[{\"@type\":\"ListItem\",\"position\":1,\"name\":\"Home\",\"item\":\"https:\\\/\\\/ranoja.ee\\\/\"},{\"@type\":\"ListItem\",\"position\":2,\"name\":\"Shop\",\"item\":\"https:\\\/\\\/ranoja.ee\\\/en\\\/shop\\\/\"},{\"@type\":\"ListItem\",\"position\":3,\"name\":\"\u00d5li ja k\u00fctuse imur 4L Cedrus\"}]},{\"@type\":\"WebSite\",\"@id\":\"https:\\\/\\\/ranoja.ee\\\/#website\",\"url\":\"https:\\\/\\\/ranoja.ee\\\/\",\"name\":\"Ranoja\",\"description\":\"Equipment Shop WooCommerce WordPress Theme for Machine &amp; Tools\",\"publisher\":{\"@id\":\"https:\\\/\\\/ranoja.ee\\\/#organization\"},\"potentialAction\":[{\"@type\":\"SearchAction\",\"target\":{\"@type\":\"EntryPoint\",\"urlTemplate\":\"https:\\\/\\\/ranoja.ee\\\/?s={search_term_string}\"},\"query-input\":{\"@type\":\"PropertyValueSpecification\",\"valueRequired\":true,\"valueName\":\"search_term_string\"}}],\"inLanguage\":\"en-US\"},{\"@type\":\"Organization\",\"@id\":\"https:\\\/\\\/ranoja.ee\\\/#organization\",\"name\":\"Ranoja O\u00dc\",\"url\":\"https:\\\/\\\/ranoja.ee\\\/\",\"logo\":{\"@type\":\"ImageObject\",\"inLanguage\":\"en-US\",\"@id\":\"https:\\\/\\\/ranoja.ee\\\/#\\\/schema\\\/logo\\\/image\\\/\",\"url\":\"https:\\\/\\\/ranoja.ee\\\/wp-content\\\/uploads\\\/2023\\\/11\\\/ranoja-Logo.png\",\"contentUrl\":\"https:\\\/\\\/ranoja.ee\\\/wp-content\\\/uploads\\\/2023\\\/11\\\/ranoja-Logo.png\",\"width\":207,\"height\":58,\"caption\":\"Ranoja O\u00dc\"},\"image\":{\"@id\":\"https:\\\/\\\/ranoja.ee\\\/#\\\/schema\\\/logo\\\/image\\\/\"},\"sameAs\":[\"https:\\\/\\\/www.facebook.com\\\/ranoja.ee\",\"https:\\\/\\\/www.instagram.com\\\/ranoja__\\\/\"]}]}<\/script>\n<!-- \/ Yoast SEO plugin. -->","yoast_head_json":{"title":"\u00d5li ja k\u00fctuse imur 4L Cedrus","description":"\u00d5li ja k\u00fctuse imur 4L Cedrus - See t\u00f6\u00f6riist on eriti kasulik aiatehnika puhul, millel puudub klassikaline \u00f5li \u00e4ravooluava. Murutraktoritele, mootoritele jne","robots":{"index":"index","follow":"follow","max-snippet":"max-snippet:-1","max-image-preview":"max-image-preview:large","max-video-preview":"max-video-preview:-1"},"canonical":"https:\/\/ranoja.ee\/toode\/oli-kutuse-imur-4l-cedrus\/","og_locale":"en_US","og_type":"article","og_title":"\u00d5li ja k\u00fctuse imur 4L Cedrus","og_description":"\u00d5li ja k\u00fctuse imur 4L Cedrus - See t\u00f6\u00f6riist on eriti kasulik aiatehnika puhul, millel puudub klassikaline \u00f5li \u00e4ravooluava. Murutraktoritele, mootoritele jne","og_url":"https:\/\/ranoja.ee\/toode\/oli-kutuse-imur-4l-cedrus\/","og_site_name":"Ranoja","article_publisher":"https:\/\/www.facebook.com\/ranoja.ee","article_modified_time":"2025-12-10T13:13:12+00:00","og_image":[{"width":800,"height":878,"url":"https:\/\/ranoja.ee\/wp-content\/uploads\/2025\/01\/Oli-ja-kutuse-imur-4L-Cedrus-2.jpg","type":"image\/jpeg"}],"twitter_card":"summary_large_image","twitter_misc":{"Est. reading time":"2 minutes"},"schema":{"@context":"https:\/\/schema.org","@graph":[{"@type":"WebPage","@id":"https:\/\/ranoja.ee\/toode\/oli-kutuse-imur-4l-cedrus\/","url":"https:\/\/ranoja.ee\/toode\/oli-kutuse-imur-4l-cedrus\/","name":"\u00d5li ja k\u00fctuse imur 4L Cedrus","isPartOf":{"@id":"https:\/\/ranoja.ee\/#website"},"primaryImageOfPage":{"@id":"https:\/\/ranoja.ee\/toode\/oli-kutuse-imur-4l-cedrus\/#primaryimage"},"image":{"@id":"https:\/\/ranoja.ee\/toode\/oli-kutuse-imur-4l-cedrus\/#primaryimage"},"thumbnailUrl":"https:\/\/ranoja.ee\/wp-content\/uploads\/2025\/01\/Oli-ja-kutuse-imur-4L-Cedrus-2.jpg","datePublished":"2025-01-20T14:40:08+00:00","dateModified":"2025-12-10T13:13:12+00:00","description":"\u00d5li ja k\u00fctuse imur 4L Cedrus - See t\u00f6\u00f6riist on eriti kasulik aiatehnika puhul, millel puudub klassikaline \u00f5li \u00e4ravooluava. Murutraktoritele, mootoritele jne","breadcrumb":{"@id":"https:\/\/ranoja.ee\/toode\/oli-kutuse-imur-4l-cedrus\/#breadcrumb"},"inLanguage":"en-US","potentialAction":[{"@type":"ReadAction","target":["https:\/\/ranoja.ee\/toode\/oli-kutuse-imur-4l-cedrus\/"]}]},{"@type":"ImageObject","inLanguage":"en-US","@id":"https:\/\/ranoja.ee\/toode\/oli-kutuse-imur-4l-cedrus\/#primaryimage","url":"https:\/\/ranoja.ee\/wp-content\/uploads\/2025\/01\/Oli-ja-kutuse-imur-4L-Cedrus-2.jpg","contentUrl":"https:\/\/ranoja.ee\/wp-content\/uploads\/2025\/01\/Oli-ja-kutuse-imur-4L-Cedrus-2.jpg","width":800,"height":878,"caption":"\u00f5liimur"},{"@type":"BreadcrumbList","@id":"https:\/\/ranoja.ee\/toode\/oli-kutuse-imur-4l-cedrus\/#breadcrumb","itemListElement":[{"@type":"ListItem","position":1,"name":"Home","item":"https:\/\/ranoja.ee\/"},{"@type":"ListItem","position":2,"name":"Shop","item":"https:\/\/ranoja.ee\/en\/shop\/"},{"@type":"ListItem","position":3,"name":"\u00d5li ja k\u00fctuse imur 4L Cedrus"}]},{"@type":"WebSite","@id":"https:\/\/ranoja.ee\/#website","url":"https:\/\/ranoja.ee\/","name":"Ranoja","description":"Equipment Shop WooCommerce WordPress Theme for Machine &amp; Tools","publisher":{"@id":"https:\/\/ranoja.ee\/#organization"},"potentialAction":[{"@type":"SearchAction","target":{"@type":"EntryPoint","urlTemplate":"https:\/\/ranoja.ee\/?s={search_term_string}"},"query-input":{"@type":"PropertyValueSpecification","valueRequired":true,"valueName":"search_term_string"}}],"inLanguage":"en-US"},{"@type":"Organization","@id":"https:\/\/ranoja.ee\/#organization","name":"Ranoja O\u00dc","url":"https:\/\/ranoja.ee\/","logo":{"@type":"ImageObject","inLanguage":"en-US","@id":"https:\/\/ranoja.ee\/#\/schema\/logo\/image\/","url":"https:\/\/ranoja.ee\/wp-content\/uploads\/2023\/11\/ranoja-Logo.png","contentUrl":"https:\/\/ranoja.ee\/wp-content\/uploads\/2023\/11\/ranoja-Logo.png","width":207,"height":58,"caption":"Ranoja O\u00dc"},"image":{"@id":"https:\/\/ranoja.ee\/#\/schema\/logo\/image\/"},"sameAs":["https:\/\/www.facebook.com\/ranoja.ee","https:\/\/www.instagram.com\/ranoja__\/"]}]}},"_links":{"self":[{"href":"https:\/\/ranoja.ee\/en\/wp-json\/wp\/v2\/product\/15275","targetHints":{"allow":["GET"]}}],"collection":[{"href":"https:\/\/ranoja.ee\/en\/wp-json\/wp\/v2\/product"}],"about":[{"href":"https:\/\/ranoja.ee\/en\/wp-json\/wp\/v2\/types\/product"}],"wp:featuredmedia":[{"embeddable":true,"href":"https:\/\/ranoja.ee\/en\/wp-json\/wp\/v2\/media\/15278"}],"wp:attachment":[{"href":"https:\/\/ranoja.ee\/en\/wp-json\/wp\/v2\/media?parent=15275"}],"wp:term":[{"taxonomy":"product_cat","embeddable":true,"href":"https:\/\/ranoja.ee\/en\/wp-json\/wp\/v2\/product_cat?post=15275"},{"taxonomy":"product_tag","embeddable":true,"href":"https:\/\/ranoja.ee\/en\/wp-json\/wp\/v2\/product_tag?post=15275"}],"curies":[{"name":"wp","href":"https:\/\/api.w.org\/{rel}","templated":true}]}}