{"id":15138,"date":"2025-01-08T16:20:25","date_gmt":"2025-01-08T13:20:25","guid":{"rendered":"https:\/\/ranoja.ee\/?post_type=product&#038;p=15138"},"modified":"2026-02-10T12:51:13","modified_gmt":"2026-02-10T09:51:13","slug":"lumag-minilaadur-mt250","status":"publish","type":"product","link":"https:\/\/ranoja.ee\/en\/toode\/lumag-minilaadur-mt250\/","title":{"rendered":"Lumag minilaadur MT250"},"content":{"rendered":"<p>Lumag minilaadur MT250<\/p>\n<p>Lumag minilaadur MT250 on v\u00e4\u00e4rtuslik abivahend kodumajapidamises, eriti kui tegemist on suure aiaga, ehitust\u00f6\u00f6dega v\u00f5i \u00fcldise majapidamise. MT250 on kompaktne ja v\u00f5imas multifunktsionaalne mini-laadur \/ mitmeotstarbeline masin, mis sobib erinevate materjalide transportimiseks, laadimiseks. Maastikut\u00f6\u00f6deks nii ehitusel, aiapidamises kui ka haljastuses ja p\u00f5llumajanduses. See masin on loodud selleks, et lihtsustada rasket f\u00fc\u00fcsilist t\u00f6\u00f6d kitsastes v\u00f5i ebatasastes t\u00f6\u00f6oludes, kus suuremad seadmed ei mahu v\u00f5i ei ole praktilised.<\/p>\n<p>MT250 p\u00f5hineb tugeval roomiks\u00fcsteemil, mis tagab hea haardumise ka m\u00e4rjal, n\u00f5lval v\u00f5i ebatasasel pinnasel. See parandab stabiilsust raskemate koormate liigutamisel. Selle 1-silindriline 4-taktiline Trident TR306 EURO V bensiinimootor toodab umbes 6.3 kW (~9 hj) v\u00f5imsust ning k\u00e4ivitatakse elektrilise starteri ja s\u00fc\u00fctega, mis teeb masina kasutuse lihtsaks ja usaldusv\u00e4\u00e4rseks.<\/p>\n<p>MT250 on varustatud h\u00fcdraulilise s\u00fcsteemiga ning tavaliselt 80 liitrise laadimisalusega\/lusikaga, mida saab kasutada nii materjali t\u00f5stmiseks kui ka liigutamiseks. Masina maksimaalne koormus ulatub mitmesaja kilogrammini, v\u00f5imaldades t\u00f5husalt transportida liiva, kruusa, mulda, pr\u00fcgi ja muid ehitus- v\u00f5i aiat\u00f6\u00f6de materjale.<\/p>\n<p>Masina kompaktne disain (laius umbes 75 cm) v\u00f5imaldab sel man\u00f6\u00f6verdada kitsastes ruumides ning l\u00e4bi v\u00e4ravate ja piiratud alade, kus laiemad t\u00f6\u00f6masinad ei mahu. See on eriti kasulik aedades, \u00f5uealadel v\u00f5i hoonete l\u00e4hedal t\u00f6\u00f6tamisel. MT250 on h\u00e4sti man\u00f6\u00f6verdatav, intuitiivselt juhitav ning sobib nii kogenud kasutajatele kui ka neile, kes tegutsevad esimest korda v\u00e4iksema masinaga.<\/p>\n<p>Lisaks standardvarustusele on saadaval laias valikus lisavarustust ja lisatarvikuid, nagu h\u00fcdrauliline maapuur, k\u00fclg kallutav kopp, haakekonks, kahveltarvikud ja tasandus sahk.<\/p>\n<p>Lumag minilaadur MT250<\/p>\n","protected":false},"excerpt":{"rendered":"<p>Lumag minilaadur MT250<br \/>\nMootor: 4 taktiline bensiinimootor EURO V 6.3kw, 306cc<br \/>\nElektristarter + k\u00e4sistarter<br \/>\nKomplekt sisaldab: Laadimisk\u00fchvel 80 L<br \/>\nK\u00fctusepaak: 6.0 l<br \/>\nSeadme m\u00f5\u00f5dud: 200 x 75 x 120 cm<br \/>\nT\u00f5ste k\u00f5rgus: 200 cm<br \/>\nT\u00f5ste v\u00f5ime: 200 kg<br \/>\nKliirens: 11.4 cm<br \/>\nRoomiku laius: 18 cm<br \/>\nLED t\u00f6\u00f6tuli<br \/>\nV\u00f5imsad topelth\u00fcdraulika pumbad: 2 x 15l\/min<br \/>\nLiikumis kiirus edasi\/tagasi: 2.3 km\/h<br \/>\nOperaatori seisukoht koos turval\u00fclitiga<br \/>\nKaal: 572 kg<br \/>\n<strong>Lisaseadmed v\u00f5imalik juurde tellida: Maapuur l\u00e4bim\u00f5\u00f5duga 200 mm, t\u00f5ste kahvlid, adapter haagise veoks, laadimis k\u00fchvel k\u00fclje peale valamiseks, haarats, buldooseri tera <\/strong><br \/>\n<strong>Seadme eeldatav tarneaeg 1-7 t\u00f6\u00f6p\u00e4eva<\/strong><br \/>\n[embed]https:\/\/www.youtube.com\/watch?v=qT1cE8bmAOQ&#038;t=468s[\/embed]<\/p>\n","protected":false},"featured_media":15139,"template":"","meta":{"inline_featured_image":false},"product_cat":[1090,886,99,895],"product_tag":[364,354,347,173,367,356,346,1732,1731,369,357,368],"class_list":{"0":"post-15138","1":"product","2":"type-product","3":"status-publish","4":"has-post-thumbnail","6":"product_brand-lumag","7":"product_cat-ehitustehnika","8":"product_cat-miniekskavaatorid","9":"product_cat-minikallurid","10":"product_cat-parimad-pakkumised-aiatehnikale-ja-ehitustehnikale","11":"product_tag-bensiinimootoriga-aiakaru","12":"product_tag-bensiinimootoriga-kasikaru","13":"product_tag-dumper","14":"product_tag-loncin","15":"product_tag-lumag-minikallur-vh500proa","16":"product_tag-minidumper","17":"product_tag-minikallur","18":"product_tag-minilaadur","19":"product_tag-mt250","20":"product_tag-traktor","21":"product_tag-vaiketraktor","22":"product_tag-vh500proa","24":"first","25":"instock","26":"sale","27":"taxable","28":"shipping-taxable","29":"purchasable","30":"product-type-simple"},"yoast_head":"<!-- This site is optimized with the Yoast SEO plugin v27.4 - https:\/\/yoast.com\/product\/yoast-seo-wordpress\/ -->\n<title>Lumag minilaadur MT250<\/title>\n<meta name=\"description\" content=\"Lumag minilaadur MT250 Kompaktne ja v\u00f5imas multifunktsionaalne mini-laadur \/ mitmeotstarbeline masin, mis sobib erinevate materjalide transportimiseks.\" \/>\n<meta name=\"robots\" content=\"index, follow, max-snippet:-1, max-image-preview:large, max-video-preview:-1\" \/>\n<link rel=\"canonical\" href=\"https:\/\/ranoja.ee\/toode\/lumag-minilaadur-mt250\/\" \/>\n<meta property=\"og:locale\" content=\"en_US\" \/>\n<meta property=\"og:type\" content=\"article\" \/>\n<meta property=\"og:title\" content=\"Lumag minilaadur MT250\" \/>\n<meta property=\"og:description\" content=\"Lumag minilaadur MT250 Kompaktne ja v\u00f5imas multifunktsionaalne mini-laadur \/ mitmeotstarbeline masin, mis sobib erinevate materjalide transportimiseks.\" \/>\n<meta property=\"og:url\" content=\"https:\/\/ranoja.ee\/toode\/lumag-minilaadur-mt250\/\" \/>\n<meta property=\"og:site_name\" content=\"Ranoja\" \/>\n<meta property=\"article:publisher\" content=\"https:\/\/www.facebook.com\/ranoja.ee\" \/>\n<meta property=\"article:modified_time\" content=\"2026-02-10T09:51:13+00:00\" \/>\n<meta property=\"og:image\" content=\"https:\/\/ranoja.ee\/wp-content\/uploads\/2025\/01\/Lumag-minilaadur-MT250.png\" \/>\n\t<meta property=\"og:image:width\" content=\"1500\" \/>\n\t<meta property=\"og:image:height\" content=\"1500\" \/>\n\t<meta property=\"og:image:type\" content=\"image\/png\" \/>\n<meta name=\"twitter:card\" content=\"summary_large_image\" \/>\n<meta name=\"twitter:label1\" content=\"Est. reading time\" \/>\n\t<meta name=\"twitter:data1\" content=\"2 minutes\" \/>\n<script type=\"application\/ld+json\" class=\"yoast-schema-graph\">{\"@context\":\"https:\\\/\\\/schema.org\",\"@graph\":[{\"@type\":\"WebPage\",\"@id\":\"https:\\\/\\\/ranoja.ee\\\/toode\\\/lumag-minilaadur-mt250\\\/\",\"url\":\"https:\\\/\\\/ranoja.ee\\\/toode\\\/lumag-minilaadur-mt250\\\/\",\"name\":\"Lumag minilaadur MT250\",\"isPartOf\":{\"@id\":\"https:\\\/\\\/ranoja.ee\\\/#website\"},\"primaryImageOfPage\":{\"@id\":\"https:\\\/\\\/ranoja.ee\\\/toode\\\/lumag-minilaadur-mt250\\\/#primaryimage\"},\"image\":{\"@id\":\"https:\\\/\\\/ranoja.ee\\\/toode\\\/lumag-minilaadur-mt250\\\/#primaryimage\"},\"thumbnailUrl\":\"https:\\\/\\\/ranoja.ee\\\/wp-content\\\/uploads\\\/2025\\\/01\\\/Lumag-minilaadur-MT250.png\",\"datePublished\":\"2025-01-08T13:20:25+00:00\",\"dateModified\":\"2026-02-10T09:51:13+00:00\",\"description\":\"Lumag minilaadur MT250 Kompaktne ja v\u00f5imas multifunktsionaalne mini-laadur \\\/ mitmeotstarbeline masin, mis sobib erinevate materjalide transportimiseks.\",\"breadcrumb\":{\"@id\":\"https:\\\/\\\/ranoja.ee\\\/toode\\\/lumag-minilaadur-mt250\\\/#breadcrumb\"},\"inLanguage\":\"en-US\",\"potentialAction\":[{\"@type\":\"ReadAction\",\"target\":[\"https:\\\/\\\/ranoja.ee\\\/toode\\\/lumag-minilaadur-mt250\\\/\"]}]},{\"@type\":\"ImageObject\",\"inLanguage\":\"en-US\",\"@id\":\"https:\\\/\\\/ranoja.ee\\\/toode\\\/lumag-minilaadur-mt250\\\/#primaryimage\",\"url\":\"https:\\\/\\\/ranoja.ee\\\/wp-content\\\/uploads\\\/2025\\\/01\\\/Lumag-minilaadur-MT250.png\",\"contentUrl\":\"https:\\\/\\\/ranoja.ee\\\/wp-content\\\/uploads\\\/2025\\\/01\\\/Lumag-minilaadur-MT250.png\",\"width\":1500,\"height\":1500,\"caption\":\"Lumag minilaadur MT250\"},{\"@type\":\"BreadcrumbList\",\"@id\":\"https:\\\/\\\/ranoja.ee\\\/toode\\\/lumag-minilaadur-mt250\\\/#breadcrumb\",\"itemListElement\":[{\"@type\":\"ListItem\",\"position\":1,\"name\":\"Home\",\"item\":\"https:\\\/\\\/ranoja.ee\\\/\"},{\"@type\":\"ListItem\",\"position\":2,\"name\":\"Shop\",\"item\":\"https:\\\/\\\/ranoja.ee\\\/en\\\/shop\\\/\"},{\"@type\":\"ListItem\",\"position\":3,\"name\":\"Lumag minilaadur MT250\"}]},{\"@type\":\"WebSite\",\"@id\":\"https:\\\/\\\/ranoja.ee\\\/#website\",\"url\":\"https:\\\/\\\/ranoja.ee\\\/\",\"name\":\"Ranoja\",\"description\":\"Equipment Shop WooCommerce WordPress Theme for Machine &amp; Tools\",\"publisher\":{\"@id\":\"https:\\\/\\\/ranoja.ee\\\/#organization\"},\"potentialAction\":[{\"@type\":\"SearchAction\",\"target\":{\"@type\":\"EntryPoint\",\"urlTemplate\":\"https:\\\/\\\/ranoja.ee\\\/?s={search_term_string}\"},\"query-input\":{\"@type\":\"PropertyValueSpecification\",\"valueRequired\":true,\"valueName\":\"search_term_string\"}}],\"inLanguage\":\"en-US\"},{\"@type\":\"Organization\",\"@id\":\"https:\\\/\\\/ranoja.ee\\\/#organization\",\"name\":\"Ranoja O\u00dc\",\"url\":\"https:\\\/\\\/ranoja.ee\\\/\",\"logo\":{\"@type\":\"ImageObject\",\"inLanguage\":\"en-US\",\"@id\":\"https:\\\/\\\/ranoja.ee\\\/#\\\/schema\\\/logo\\\/image\\\/\",\"url\":\"https:\\\/\\\/ranoja.ee\\\/wp-content\\\/uploads\\\/2023\\\/11\\\/ranoja-Logo.png\",\"contentUrl\":\"https:\\\/\\\/ranoja.ee\\\/wp-content\\\/uploads\\\/2023\\\/11\\\/ranoja-Logo.png\",\"width\":207,\"height\":58,\"caption\":\"Ranoja O\u00dc\"},\"image\":{\"@id\":\"https:\\\/\\\/ranoja.ee\\\/#\\\/schema\\\/logo\\\/image\\\/\"},\"sameAs\":[\"https:\\\/\\\/www.facebook.com\\\/ranoja.ee\",\"https:\\\/\\\/www.instagram.com\\\/ranoja__\\\/\"]}]}<\/script>\n<!-- \/ Yoast SEO plugin. -->","yoast_head_json":{"title":"Lumag minilaadur MT250","description":"Lumag minilaadur MT250 Kompaktne ja v\u00f5imas multifunktsionaalne mini-laadur \/ mitmeotstarbeline masin, mis sobib erinevate materjalide transportimiseks.","robots":{"index":"index","follow":"follow","max-snippet":"max-snippet:-1","max-image-preview":"max-image-preview:large","max-video-preview":"max-video-preview:-1"},"canonical":"https:\/\/ranoja.ee\/toode\/lumag-minilaadur-mt250\/","og_locale":"en_US","og_type":"article","og_title":"Lumag minilaadur MT250","og_description":"Lumag minilaadur MT250 Kompaktne ja v\u00f5imas multifunktsionaalne mini-laadur \/ mitmeotstarbeline masin, mis sobib erinevate materjalide transportimiseks.","og_url":"https:\/\/ranoja.ee\/toode\/lumag-minilaadur-mt250\/","og_site_name":"Ranoja","article_publisher":"https:\/\/www.facebook.com\/ranoja.ee","article_modified_time":"2026-02-10T09:51:13+00:00","og_image":[{"width":1500,"height":1500,"url":"https:\/\/ranoja.ee\/wp-content\/uploads\/2025\/01\/Lumag-minilaadur-MT250.png","type":"image\/png"}],"twitter_card":"summary_large_image","twitter_misc":{"Est. reading time":"2 minutes"},"schema":{"@context":"https:\/\/schema.org","@graph":[{"@type":"WebPage","@id":"https:\/\/ranoja.ee\/toode\/lumag-minilaadur-mt250\/","url":"https:\/\/ranoja.ee\/toode\/lumag-minilaadur-mt250\/","name":"Lumag minilaadur MT250","isPartOf":{"@id":"https:\/\/ranoja.ee\/#website"},"primaryImageOfPage":{"@id":"https:\/\/ranoja.ee\/toode\/lumag-minilaadur-mt250\/#primaryimage"},"image":{"@id":"https:\/\/ranoja.ee\/toode\/lumag-minilaadur-mt250\/#primaryimage"},"thumbnailUrl":"https:\/\/ranoja.ee\/wp-content\/uploads\/2025\/01\/Lumag-minilaadur-MT250.png","datePublished":"2025-01-08T13:20:25+00:00","dateModified":"2026-02-10T09:51:13+00:00","description":"Lumag minilaadur MT250 Kompaktne ja v\u00f5imas multifunktsionaalne mini-laadur \/ mitmeotstarbeline masin, mis sobib erinevate materjalide transportimiseks.","breadcrumb":{"@id":"https:\/\/ranoja.ee\/toode\/lumag-minilaadur-mt250\/#breadcrumb"},"inLanguage":"en-US","potentialAction":[{"@type":"ReadAction","target":["https:\/\/ranoja.ee\/toode\/lumag-minilaadur-mt250\/"]}]},{"@type":"ImageObject","inLanguage":"en-US","@id":"https:\/\/ranoja.ee\/toode\/lumag-minilaadur-mt250\/#primaryimage","url":"https:\/\/ranoja.ee\/wp-content\/uploads\/2025\/01\/Lumag-minilaadur-MT250.png","contentUrl":"https:\/\/ranoja.ee\/wp-content\/uploads\/2025\/01\/Lumag-minilaadur-MT250.png","width":1500,"height":1500,"caption":"Lumag minilaadur MT250"},{"@type":"BreadcrumbList","@id":"https:\/\/ranoja.ee\/toode\/lumag-minilaadur-mt250\/#breadcrumb","itemListElement":[{"@type":"ListItem","position":1,"name":"Home","item":"https:\/\/ranoja.ee\/"},{"@type":"ListItem","position":2,"name":"Shop","item":"https:\/\/ranoja.ee\/en\/shop\/"},{"@type":"ListItem","position":3,"name":"Lumag minilaadur MT250"}]},{"@type":"WebSite","@id":"https:\/\/ranoja.ee\/#website","url":"https:\/\/ranoja.ee\/","name":"Ranoja","description":"Equipment Shop WooCommerce WordPress Theme for Machine &amp; Tools","publisher":{"@id":"https:\/\/ranoja.ee\/#organization"},"potentialAction":[{"@type":"SearchAction","target":{"@type":"EntryPoint","urlTemplate":"https:\/\/ranoja.ee\/?s={search_term_string}"},"query-input":{"@type":"PropertyValueSpecification","valueRequired":true,"valueName":"search_term_string"}}],"inLanguage":"en-US"},{"@type":"Organization","@id":"https:\/\/ranoja.ee\/#organization","name":"Ranoja O\u00dc","url":"https:\/\/ranoja.ee\/","logo":{"@type":"ImageObject","inLanguage":"en-US","@id":"https:\/\/ranoja.ee\/#\/schema\/logo\/image\/","url":"https:\/\/ranoja.ee\/wp-content\/uploads\/2023\/11\/ranoja-Logo.png","contentUrl":"https:\/\/ranoja.ee\/wp-content\/uploads\/2023\/11\/ranoja-Logo.png","width":207,"height":58,"caption":"Ranoja O\u00dc"},"image":{"@id":"https:\/\/ranoja.ee\/#\/schema\/logo\/image\/"},"sameAs":["https:\/\/www.facebook.com\/ranoja.ee","https:\/\/www.instagram.com\/ranoja__\/"]}]}},"_links":{"self":[{"href":"https:\/\/ranoja.ee\/en\/wp-json\/wp\/v2\/product\/15138","targetHints":{"allow":["GET"]}}],"collection":[{"href":"https:\/\/ranoja.ee\/en\/wp-json\/wp\/v2\/product"}],"about":[{"href":"https:\/\/ranoja.ee\/en\/wp-json\/wp\/v2\/types\/product"}],"wp:featuredmedia":[{"embeddable":true,"href":"https:\/\/ranoja.ee\/en\/wp-json\/wp\/v2\/media\/15139"}],"wp:attachment":[{"href":"https:\/\/ranoja.ee\/en\/wp-json\/wp\/v2\/media?parent=15138"}],"wp:term":[{"taxonomy":"product_cat","embeddable":true,"href":"https:\/\/ranoja.ee\/en\/wp-json\/wp\/v2\/product_cat?post=15138"},{"taxonomy":"product_tag","embeddable":true,"href":"https:\/\/ranoja.ee\/en\/wp-json\/wp\/v2\/product_tag?post=15138"}],"curies":[{"name":"wp","href":"https:\/\/api.w.org\/{rel}","templated":true}]}}