{"id":14885,"date":"2024-12-12T16:28:39","date_gmt":"2024-12-12T13:28:39","guid":{"rendered":"https:\/\/ranoja.ee\/?post_type=product&#038;p=14885"},"modified":"2025-12-10T16:13:12","modified_gmt":"2025-12-10T13:13:12","slug":"xl-saeketioli-5l","status":"publish","type":"product","link":"https:\/\/ranoja.ee\/en\/toode\/xl-saeketioli-5l\/","title":{"rendered":"XL SAEKETI\u00d5LI 5L"},"content":{"rendered":"<p>XL SAEKETI\u00d5LI 5L  on mootorsae jaoks h\u00e4davajalik, kuna see tagab saeketile vajaliku m\u00e4\u00e4rimise ja kaitse intensiivse t\u00f6\u00f6 ajal. Mootorsaag t\u00f6\u00f6tab k\u00f5rgetel kiirustel, kus saekett liigub m\u00f6\u00f6da juhtplaati suurel kiirusel, tekitades h\u00f5\u00f5rdumist ja kuumust. Kui kett j\u00e4\u00e4b m\u00e4\u00e4rimata, suureneb h\u00f5\u00f5rdumine m\u00e4rgatavalt, mis p\u00f5hjustab keti ja juhtplaadi kiiret kulumist ning v\u00f5ib p\u00f5hjustada ka sae \u00fclekuumenemist. Seega m\u00e4ngib keti\u00f5li kriitilist rolli sae t\u00f6\u00f6kindluse ja eluea pikendamisel.<\/p>\n<p>XL SAEKETI\u00d5LI 5L  peamine \u00fclesanne on luua kett ja juhtplaadi vahele \u00f5huke kaitsev \u00f5likiht, mis v\u00e4hendab h\u00f5\u00f5rdumist ja takistab metallide omavahelist kokkupuudet. See m\u00e4\u00e4rimiskiht aitab hoida sae temperatuuri kontrolli all ja v\u00e4hendab osade kuumenemist, mis on oluline sae j\u00f5udluse s\u00e4ilitamiseks. Lisaks tagab keti\u00f5li sujuva keti liikumise, mis muudab sae t\u00f6\u00f6 t\u00e4psemaks ja kergemaks.<\/p>\n<p>Keti\u00f5li omab ka korrosioonivastast kaitset, mis aitab ennetada sae metallosade roostetamist. Kuna saag t\u00f6\u00f6tab sageli niisketes ja karmides tingimustes, n\u00e4iteks vihma k\u00e4es v\u00f5i niiskes metsas, on korrosioonikaitse oluline sae pika eluea tagamiseks.<\/p>\n<p>Erinevalt mootori\u00f5list on keti\u00f5li spetsiaalselt v\u00e4lja t\u00f6\u00f6tatud kleepuva koostisega, et see p\u00fcsiks kindlalt keti k\u00fcljes ka suurel kiirusel ja raskete t\u00f6\u00f6de ajal. \u00d5igeaegne ja piisav keti\u00f5li kasutamine on h\u00e4davajalik, et hoida mootorsaag t\u00f6\u00f6korras, tagades nii efektiivse l\u00f5ikamise kui ka sae pikaajalise vastupidavuse.XL SAEKETI\u00d5LI 5L  <\/p>\n<p>CEDRUS on \u00fcks suurimaid aiandusmasinate, t\u00f6\u00f6riistade ning metsandus tarvikute edasim\u00fc\u00fcjaid Poolas.<br \/>\nMeie eesm\u00e4rk on pakkuda klientidele k\u00f5rgeima kvaliteediga tooteid konkurentsiv\u00f5imeliste hindadega.<br \/>\nAlates 2016. aastast oleme arendanud ka oma kaubam\u00e4rgi all olevat tootesarja Cedrus.<br \/>\nHetkel pakume enam kui 100 t\u00fc\u00fcpi CEDRUS kaubam\u00e4rgi aia- ja ehitusmasinaid, samuti k\u00f5iki hooldustarvikuid ja varuosi.<br \/>\n<img decoding=\"async\" src=\"https:\/\/www.ranoja.ee\/wp-content\/uploads\/2023\/07\/cedrus-logo-vaike-1-300x99.png\" alt=\"\" width=\"300\" height=\"99\" class=\"alignnone size-medium wp-image-5896\" srcset=\"https:\/\/ranoja.ee\/wp-content\/uploads\/2023\/07\/cedrus-logo-vaike-1-300x99.png 300w, https:\/\/ranoja.ee\/wp-content\/uploads\/2023\/07\/cedrus-logo-vaike-1.png 431w\" sizes=\"(max-width: 300px) 100vw, 300px\" \/><\/p>\n","protected":false},"excerpt":{"rendered":"<p>XL SAEKETI\u00d5LI 5L<br \/>\nMineraal\u00f5li baasil tugevdatud saeketi\u00f5li, mis sobib aastaringseks kasutamiseks<br \/>\nTootel on suurep\u00e4rased omadused ka suurtel temperatuuri k\u00f5ikumistel<br \/>\nSuurep\u00e4rased m\u00e4\u00e4rdeomadused tagavad m\u00e4\u00e4rdekelme kestvuse, viskoosuse ja m\u00e4\u00e4rimise<br \/>\nToode on ette n\u00e4htud ainult sae kettide m\u00e4\u00e4rimiseks<br \/>\n<strong>Toote eeldatav tarneaeg 1-7 t\u00f6\u00f6p\u00e4eva<\/strong><\/p>\n","protected":false},"featured_media":14886,"template":"","meta":{"inline_featured_image":false},"product_cat":[1128,1123],"product_tag":[1061,1707,137,867,866,868,1059,1060],"class_list":{"0":"post-14885","1":"product","2":"type-product","3":"status-publish","4":"has-post-thumbnail","6":"product_brand-xl","7":"product_cat-olid-ja-maarded","8":"product_cat-varuosad","9":"product_tag-1061","10":"product_tag-114-7001-5","11":"product_tag-cedrus","12":"product_tag-ketimaarimine","13":"product_tag-ketioli","14":"product_tag-ketiolitus","15":"product_tag-maarded","16":"product_tag-olid","18":"first","19":"instock","20":"taxable","21":"shipping-taxable","22":"purchasable","23":"product-type-simple"},"yoast_head":"<!-- This site is optimized with the Yoast SEO plugin v27.4 - https:\/\/yoast.com\/product\/yoast-seo-wordpress\/ -->\n<title>XL SAEKETI\u00d5LI 5L<\/title>\n<meta name=\"description\" content=\"XL SAEKETI\u00d5LI 5L, Mineraal\u00f5li baasil tugevdatud saeketi\u00f5li, mis sobib aastaringseks kasutamiseks, suurep\u00e4rased omadused ka suurtel temperatuuri k\u00f5ikumistel.\" \/>\n<meta name=\"robots\" content=\"index, follow, max-snippet:-1, max-image-preview:large, max-video-preview:-1\" \/>\n<link rel=\"canonical\" href=\"https:\/\/ranoja.ee\/toode\/xl-saeketioli-5l\/\" \/>\n<meta property=\"og:locale\" content=\"en_US\" \/>\n<meta property=\"og:type\" content=\"article\" \/>\n<meta property=\"og:title\" content=\"XL SAEKETI\u00d5LI 5L\" \/>\n<meta property=\"og:description\" content=\"XL SAEKETI\u00d5LI 5L, Mineraal\u00f5li baasil tugevdatud saeketi\u00f5li, mis sobib aastaringseks kasutamiseks, suurep\u00e4rased omadused ka suurtel temperatuuri k\u00f5ikumistel.\" \/>\n<meta property=\"og:url\" content=\"https:\/\/ranoja.ee\/toode\/xl-saeketioli-5l\/\" \/>\n<meta property=\"og:site_name\" content=\"Ranoja\" \/>\n<meta property=\"article:publisher\" content=\"https:\/\/www.facebook.com\/ranoja.ee\" \/>\n<meta property=\"article:modified_time\" content=\"2025-12-10T13:13:12+00:00\" \/>\n<meta property=\"og:image\" content=\"https:\/\/ranoja.ee\/wp-content\/uploads\/2024\/12\/114-7001-5-XL-SAEKETIOLI-5L.png\" \/>\n\t<meta property=\"og:image:width\" content=\"238\" \/>\n\t<meta property=\"og:image:height\" content=\"396\" \/>\n\t<meta property=\"og:image:type\" content=\"image\/png\" \/>\n<meta name=\"twitter:card\" content=\"summary_large_image\" \/>\n<meta name=\"twitter:label1\" content=\"Est. reading time\" \/>\n\t<meta name=\"twitter:data1\" content=\"2 minutes\" \/>\n<script type=\"application\/ld+json\" class=\"yoast-schema-graph\">{\"@context\":\"https:\\\/\\\/schema.org\",\"@graph\":[{\"@type\":\"WebPage\",\"@id\":\"https:\\\/\\\/ranoja.ee\\\/toode\\\/xl-saeketioli-5l\\\/\",\"url\":\"https:\\\/\\\/ranoja.ee\\\/toode\\\/xl-saeketioli-5l\\\/\",\"name\":\"XL SAEKETI\u00d5LI 5L\",\"isPartOf\":{\"@id\":\"https:\\\/\\\/ranoja.ee\\\/#website\"},\"primaryImageOfPage\":{\"@id\":\"https:\\\/\\\/ranoja.ee\\\/toode\\\/xl-saeketioli-5l\\\/#primaryimage\"},\"image\":{\"@id\":\"https:\\\/\\\/ranoja.ee\\\/toode\\\/xl-saeketioli-5l\\\/#primaryimage\"},\"thumbnailUrl\":\"https:\\\/\\\/ranoja.ee\\\/wp-content\\\/uploads\\\/2024\\\/12\\\/114-7001-5-XL-SAEKETIOLI-5L.png\",\"datePublished\":\"2024-12-12T13:28:39+00:00\",\"dateModified\":\"2025-12-10T13:13:12+00:00\",\"description\":\"XL SAEKETI\u00d5LI 5L, Mineraal\u00f5li baasil tugevdatud saeketi\u00f5li, mis sobib aastaringseks kasutamiseks, suurep\u00e4rased omadused ka suurtel temperatuuri k\u00f5ikumistel.\",\"breadcrumb\":{\"@id\":\"https:\\\/\\\/ranoja.ee\\\/toode\\\/xl-saeketioli-5l\\\/#breadcrumb\"},\"inLanguage\":\"en-US\",\"potentialAction\":[{\"@type\":\"ReadAction\",\"target\":[\"https:\\\/\\\/ranoja.ee\\\/toode\\\/xl-saeketioli-5l\\\/\"]}]},{\"@type\":\"ImageObject\",\"inLanguage\":\"en-US\",\"@id\":\"https:\\\/\\\/ranoja.ee\\\/toode\\\/xl-saeketioli-5l\\\/#primaryimage\",\"url\":\"https:\\\/\\\/ranoja.ee\\\/wp-content\\\/uploads\\\/2024\\\/12\\\/114-7001-5-XL-SAEKETIOLI-5L.png\",\"contentUrl\":\"https:\\\/\\\/ranoja.ee\\\/wp-content\\\/uploads\\\/2024\\\/12\\\/114-7001-5-XL-SAEKETIOLI-5L.png\",\"width\":238,\"height\":396,\"caption\":\"XL SAEKETI\u00d5LI 5L\"},{\"@type\":\"BreadcrumbList\",\"@id\":\"https:\\\/\\\/ranoja.ee\\\/toode\\\/xl-saeketioli-5l\\\/#breadcrumb\",\"itemListElement\":[{\"@type\":\"ListItem\",\"position\":1,\"name\":\"Home\",\"item\":\"https:\\\/\\\/ranoja.ee\\\/\"},{\"@type\":\"ListItem\",\"position\":2,\"name\":\"Shop\",\"item\":\"https:\\\/\\\/ranoja.ee\\\/en\\\/shop\\\/\"},{\"@type\":\"ListItem\",\"position\":3,\"name\":\"XL SAEKETI\u00d5LI 5L\"}]},{\"@type\":\"WebSite\",\"@id\":\"https:\\\/\\\/ranoja.ee\\\/#website\",\"url\":\"https:\\\/\\\/ranoja.ee\\\/\",\"name\":\"Ranoja\",\"description\":\"Equipment Shop WooCommerce WordPress Theme for Machine &amp; Tools\",\"publisher\":{\"@id\":\"https:\\\/\\\/ranoja.ee\\\/#organization\"},\"potentialAction\":[{\"@type\":\"SearchAction\",\"target\":{\"@type\":\"EntryPoint\",\"urlTemplate\":\"https:\\\/\\\/ranoja.ee\\\/?s={search_term_string}\"},\"query-input\":{\"@type\":\"PropertyValueSpecification\",\"valueRequired\":true,\"valueName\":\"search_term_string\"}}],\"inLanguage\":\"en-US\"},{\"@type\":\"Organization\",\"@id\":\"https:\\\/\\\/ranoja.ee\\\/#organization\",\"name\":\"Ranoja O\u00dc\",\"url\":\"https:\\\/\\\/ranoja.ee\\\/\",\"logo\":{\"@type\":\"ImageObject\",\"inLanguage\":\"en-US\",\"@id\":\"https:\\\/\\\/ranoja.ee\\\/#\\\/schema\\\/logo\\\/image\\\/\",\"url\":\"https:\\\/\\\/ranoja.ee\\\/wp-content\\\/uploads\\\/2023\\\/11\\\/ranoja-Logo.png\",\"contentUrl\":\"https:\\\/\\\/ranoja.ee\\\/wp-content\\\/uploads\\\/2023\\\/11\\\/ranoja-Logo.png\",\"width\":207,\"height\":58,\"caption\":\"Ranoja O\u00dc\"},\"image\":{\"@id\":\"https:\\\/\\\/ranoja.ee\\\/#\\\/schema\\\/logo\\\/image\\\/\"},\"sameAs\":[\"https:\\\/\\\/www.facebook.com\\\/ranoja.ee\",\"https:\\\/\\\/www.instagram.com\\\/ranoja__\\\/\"]}]}<\/script>\n<!-- \/ Yoast SEO plugin. -->","yoast_head_json":{"title":"XL SAEKETI\u00d5LI 5L","description":"XL SAEKETI\u00d5LI 5L, Mineraal\u00f5li baasil tugevdatud saeketi\u00f5li, mis sobib aastaringseks kasutamiseks, suurep\u00e4rased omadused ka suurtel temperatuuri k\u00f5ikumistel.","robots":{"index":"index","follow":"follow","max-snippet":"max-snippet:-1","max-image-preview":"max-image-preview:large","max-video-preview":"max-video-preview:-1"},"canonical":"https:\/\/ranoja.ee\/toode\/xl-saeketioli-5l\/","og_locale":"en_US","og_type":"article","og_title":"XL SAEKETI\u00d5LI 5L","og_description":"XL SAEKETI\u00d5LI 5L, Mineraal\u00f5li baasil tugevdatud saeketi\u00f5li, mis sobib aastaringseks kasutamiseks, suurep\u00e4rased omadused ka suurtel temperatuuri k\u00f5ikumistel.","og_url":"https:\/\/ranoja.ee\/toode\/xl-saeketioli-5l\/","og_site_name":"Ranoja","article_publisher":"https:\/\/www.facebook.com\/ranoja.ee","article_modified_time":"2025-12-10T13:13:12+00:00","og_image":[{"width":238,"height":396,"url":"https:\/\/ranoja.ee\/wp-content\/uploads\/2024\/12\/114-7001-5-XL-SAEKETIOLI-5L.png","type":"image\/png"}],"twitter_card":"summary_large_image","twitter_misc":{"Est. reading time":"2 minutes"},"schema":{"@context":"https:\/\/schema.org","@graph":[{"@type":"WebPage","@id":"https:\/\/ranoja.ee\/toode\/xl-saeketioli-5l\/","url":"https:\/\/ranoja.ee\/toode\/xl-saeketioli-5l\/","name":"XL SAEKETI\u00d5LI 5L","isPartOf":{"@id":"https:\/\/ranoja.ee\/#website"},"primaryImageOfPage":{"@id":"https:\/\/ranoja.ee\/toode\/xl-saeketioli-5l\/#primaryimage"},"image":{"@id":"https:\/\/ranoja.ee\/toode\/xl-saeketioli-5l\/#primaryimage"},"thumbnailUrl":"https:\/\/ranoja.ee\/wp-content\/uploads\/2024\/12\/114-7001-5-XL-SAEKETIOLI-5L.png","datePublished":"2024-12-12T13:28:39+00:00","dateModified":"2025-12-10T13:13:12+00:00","description":"XL SAEKETI\u00d5LI 5L, Mineraal\u00f5li baasil tugevdatud saeketi\u00f5li, mis sobib aastaringseks kasutamiseks, suurep\u00e4rased omadused ka suurtel temperatuuri k\u00f5ikumistel.","breadcrumb":{"@id":"https:\/\/ranoja.ee\/toode\/xl-saeketioli-5l\/#breadcrumb"},"inLanguage":"en-US","potentialAction":[{"@type":"ReadAction","target":["https:\/\/ranoja.ee\/toode\/xl-saeketioli-5l\/"]}]},{"@type":"ImageObject","inLanguage":"en-US","@id":"https:\/\/ranoja.ee\/toode\/xl-saeketioli-5l\/#primaryimage","url":"https:\/\/ranoja.ee\/wp-content\/uploads\/2024\/12\/114-7001-5-XL-SAEKETIOLI-5L.png","contentUrl":"https:\/\/ranoja.ee\/wp-content\/uploads\/2024\/12\/114-7001-5-XL-SAEKETIOLI-5L.png","width":238,"height":396,"caption":"XL SAEKETI\u00d5LI 5L"},{"@type":"BreadcrumbList","@id":"https:\/\/ranoja.ee\/toode\/xl-saeketioli-5l\/#breadcrumb","itemListElement":[{"@type":"ListItem","position":1,"name":"Home","item":"https:\/\/ranoja.ee\/"},{"@type":"ListItem","position":2,"name":"Shop","item":"https:\/\/ranoja.ee\/en\/shop\/"},{"@type":"ListItem","position":3,"name":"XL SAEKETI\u00d5LI 5L"}]},{"@type":"WebSite","@id":"https:\/\/ranoja.ee\/#website","url":"https:\/\/ranoja.ee\/","name":"Ranoja","description":"Equipment Shop WooCommerce WordPress Theme for Machine &amp; Tools","publisher":{"@id":"https:\/\/ranoja.ee\/#organization"},"potentialAction":[{"@type":"SearchAction","target":{"@type":"EntryPoint","urlTemplate":"https:\/\/ranoja.ee\/?s={search_term_string}"},"query-input":{"@type":"PropertyValueSpecification","valueRequired":true,"valueName":"search_term_string"}}],"inLanguage":"en-US"},{"@type":"Organization","@id":"https:\/\/ranoja.ee\/#organization","name":"Ranoja O\u00dc","url":"https:\/\/ranoja.ee\/","logo":{"@type":"ImageObject","inLanguage":"en-US","@id":"https:\/\/ranoja.ee\/#\/schema\/logo\/image\/","url":"https:\/\/ranoja.ee\/wp-content\/uploads\/2023\/11\/ranoja-Logo.png","contentUrl":"https:\/\/ranoja.ee\/wp-content\/uploads\/2023\/11\/ranoja-Logo.png","width":207,"height":58,"caption":"Ranoja O\u00dc"},"image":{"@id":"https:\/\/ranoja.ee\/#\/schema\/logo\/image\/"},"sameAs":["https:\/\/www.facebook.com\/ranoja.ee","https:\/\/www.instagram.com\/ranoja__\/"]}]}},"_links":{"self":[{"href":"https:\/\/ranoja.ee\/en\/wp-json\/wp\/v2\/product\/14885","targetHints":{"allow":["GET"]}}],"collection":[{"href":"https:\/\/ranoja.ee\/en\/wp-json\/wp\/v2\/product"}],"about":[{"href":"https:\/\/ranoja.ee\/en\/wp-json\/wp\/v2\/types\/product"}],"wp:featuredmedia":[{"embeddable":true,"href":"https:\/\/ranoja.ee\/en\/wp-json\/wp\/v2\/media\/14886"}],"wp:attachment":[{"href":"https:\/\/ranoja.ee\/en\/wp-json\/wp\/v2\/media?parent=14885"}],"wp:term":[{"taxonomy":"product_cat","embeddable":true,"href":"https:\/\/ranoja.ee\/en\/wp-json\/wp\/v2\/product_cat?post=14885"},{"taxonomy":"product_tag","embeddable":true,"href":"https:\/\/ranoja.ee\/en\/wp-json\/wp\/v2\/product_tag?post=14885"}],"curies":[{"name":"wp","href":"https:\/\/api.w.org\/{rel}","templated":true}]}}