{"id":13492,"date":"2024-11-15T13:43:47","date_gmt":"2024-11-15T10:43:47","guid":{"rendered":"https:\/\/ranoja.ee\/?post_type=product&#038;p=13492"},"modified":"2025-12-10T11:48:33","modified_gmt":"2025-12-10T08:48:33","slug":"lumag-kardaanajamiga-halumasin-ssa400zh-pro-s","status":"publish","type":"product","link":"https:\/\/ranoja.ee\/en\/toode\/lumag-kardaanajamiga-halumasin-ssa400zh-pro-s\/","title":{"rendered":"Lumag kardaanajamiga halumasin SSA400ZH-PRO\/S"},"content":{"rendered":"<p>Lumag kardaanajamiga halumasin SSA400ZH-PRO\/S<\/p>\n<p>T\u00e4ish\u00fcdrauliline SSA400ZH-PRO\/S on v\u00f5imas ja t\u00f6\u00f6kindel automaatne saagimismasin, mis t\u00e4nu j\u00f5uv\u00f5tuv\u00f5llile suudab h\u00f5lpsasti t\u00f6\u00f6delda suuremaid palke kuni 38 cm l\u00e4bim\u00f5\u00f5duga. Kettsaag on varustatud kvaliteetse saeketiga ja uue mehaanilise m\u00e4\u00e4rimiss\u00fcsteemiga, mis tagab pika kasutusea. H\u00fcdrauliline kettsae ja palgihoidja t\u00f6\u00f6 ning h\u00fcdrauliline l\u00f5hutusristi reguleerimine tagavad kiire ja lihtsa t\u00f6\u00f6, samal ajal kui uus laiem, integreeritud, h\u00fcdrauliline etteanalihm transpordib materjali automaatselt sael\u00f5ikusmasinasse. <\/p>\n<p>Kaks uut mehaanilist klappi ei lase saematerjalil enne poolitamist kalduda. Materjali automaatne eemaldamine lintkonveieri abil on see saagimismasin ideaalne valik t\u00f5husaks puidut\u00f6\u00f6tlemiseks. T\u00e4nu juhtventiili komplektile on kasutamine lihtne ja mugav. Juhtventiilide komplekt ning PARKERi pump ja h\u00fcdromootor on komplektis ning tagavad usaldusv\u00e4\u00e4rse ja kauakestva t\u00f6\u00f6.<\/p>\n<p>Eriomadused UUS!!!<\/p>\n<p>&#8211; Mehaaniline m\u00e4\u00e4rimiss\u00fcsteem<br \/>\n&#8211; Mehaanilised klapid saematerjali kinnikiilumise v\u00e4ltimiseks<br \/>\n&#8211; Hoides k\u00fc\u00fcniss\u00fcsteem t\u00e4psemaks t\u00f6\u00f6ks<br \/>\n&#8211; Laiema konveierketiga etteandes\u00fcsteem, et varustada saagimismasinat materjaliga<br \/>\nLumag elektrimootoriga halumasin SSA400EH-PRO\/S<\/p>\n<p>Halumasin on seade, mida kasutatakse puidu l\u00f5hkumiseks k\u00fcttehalgudeks. Seda t\u00fc\u00fcpi masinad muudavad k\u00e4sitsi puul\u00f5hkumise protsessi kiiremaks ja v\u00e4hem t\u00f6\u00f6mahukaks, pakkudes lahendust nii kodukasutajatele kui ka professionaalidele.<\/p>\n<p>Halumasinaid on elektri-, bensiini- ja diiselmootoriga ning ka h\u00fcdraulilisi mudeleid. Elektrilised halumasinad on vaiksed ja sobivad h\u00e4sti kodukasutuseks, samas kui bensiinimootoriga mudelid on v\u00f5imsamad ja sobivad v\u00e4likasutuseks, kus puudub elektri\u00fchendus. H\u00fcdraulilised halumasinad pakuvad k\u00f5ige suuremat l\u00f5hkumisj\u00f5udu ja on eelistatud professionaalses metsanduses.<\/p>\n<p>Halumasina kasutamine aitab s\u00e4\u00e4sta aega ja vaeva, muutes k\u00fcttepuude valmistamise kiireks ja mugavaks.<\/p>\n","protected":false},"excerpt":{"rendered":"<p>Lumag kardaanajamiga halumasin SSA400ZH-PRO\/S<\/p>\n<p>Mootor: PTO \/ kardaanajam Min traktori v\u00f5imsus ca 20hj<br \/>\nKardaani kiirus ca 540 p\/m<br \/>\n<strong>Halumasin ei ole j\u00e4relveetav! Kinnitub traktorile 3 punkti kinnitusega.<\/strong><br \/>\nH\u00fcdrauliline saagimine<br \/>\nSaelatt: 45cm<br \/>\nKett: Veol\u00fclid: 65 \/ samm: 0,375 \/ paksus: 1,6 mm<br \/>\nMax halude pikkus 50cm<br \/>\nMax materjali l\u00e4bim\u00f5\u00f5t: 10-38cm<br \/>\nL\u00f5hkumisj\u00f5ud: 10ton \/ l\u00f5hkumists\u00fckkel 4sekundit<br \/>\nKonveierlint: 3200 x 250 x 2200 mm<br \/>\nMasina kaal: 808 kg (705kg + 103kg konveier)<br \/>\n<strong>Komplekti kuulub: halumasin ise, kettlint etteveoks kuni saeni, 4 teraga kiil ja konveier toodangu edasi liigutamiseks<\/strong><\/p>\n<p><strong><span style=\"color: #008000;\">SOOVID ANTUD TOODET ETTEV\u00d5TTELE SOETADA?<\/span><br \/>\n<a href=\"https:\/\/ranoja.ee\/seadmete-rent-kasutusrendi-pohimottel\/\">TUTVU MEIE &#8220;SEADMETE RENT KASUTUSRENDI P\u00d5HIM\u00d5TTEL&#8221; FINANTSEERIMIS LAHENDUSEGA SIIN!<\/a><\/strong><\/p>\n<p><span style=\"color: #000000;\"><strong>Garantii 1 aasta (eraisikule 2 aastat)<\/strong><\/span><br \/>\n<strong>Seadme eeldatav tarneaeg 2-3 n\u00e4dalat<\/strong><\/p>\n<p><strong>VAATA TOOTEST VIDEOT:<\/strong><br \/>\n[embed]https:\/\/www.youtube.com\/watch?v=zFL3C_L-h4o&#038;t=40s[\/embed]<\/p>\n","protected":false},"featured_media":13493,"template":"","meta":{"inline_featured_image":false},"product_cat":[92,1087],"product_tag":[493,1660,470],"class_list":{"0":"post-13492","1":"product","2":"type-product","3":"status-publish","4":"has-post-thumbnail","6":"product_brand-lumag","7":"product_cat-halumasinad","8":"product_cat-metsatehnika","9":"product_tag-automaatne-puulohkumismasin","10":"product_tag-halu","11":"product_tag-halumasin","13":"first","14":"outofstock","15":"taxable","16":"shipping-taxable","17":"purchasable","18":"product-type-simple"},"yoast_head":"<!-- This site is optimized with the Yoast SEO plugin v27.4 - https:\/\/yoast.com\/product\/yoast-seo-wordpress\/ -->\n<title>Lumag kardaanajamiga halumasin SSA400ZH-PRO\/S<\/title>\n<meta name=\"description\" content=\"Lumag kardaanajamiga halumasin SSA400ZH-PRO\/S - Halumasin, kettlint etteveoks kuni saeni, 4 teraga kiil ja konveier toodangu edasi liigutamiseks.\" \/>\n<meta name=\"robots\" content=\"index, follow, max-snippet:-1, max-image-preview:large, max-video-preview:-1\" \/>\n<link rel=\"canonical\" href=\"https:\/\/ranoja.ee\/toode\/lumag-kardaanajamiga-halumasin-ssa400zh-pro-s\/\" \/>\n<meta property=\"og:locale\" content=\"en_US\" \/>\n<meta property=\"og:type\" content=\"article\" \/>\n<meta property=\"og:title\" content=\"Lumag kardaanajamiga halumasin SSA400ZH-PRO\/S\" \/>\n<meta property=\"og:description\" content=\"Lumag kardaanajamiga halumasin SSA400ZH-PRO\/S - Halumasin, kettlint etteveoks kuni saeni, 4 teraga kiil ja konveier toodangu edasi liigutamiseks.\" \/>\n<meta property=\"og:url\" content=\"https:\/\/ranoja.ee\/toode\/lumag-kardaanajamiga-halumasin-ssa400zh-pro-s\/\" \/>\n<meta property=\"og:site_name\" content=\"Ranoja\" \/>\n<meta property=\"article:publisher\" content=\"https:\/\/www.facebook.com\/ranoja.ee\" \/>\n<meta property=\"article:modified_time\" content=\"2025-12-10T08:48:33+00:00\" \/>\n<meta property=\"og:image\" content=\"https:\/\/ranoja.ee\/wp-content\/uploads\/2024\/11\/Lumag-kardaanajamiga-halumasin-SSA400ZH-PROS.png\" \/>\n\t<meta property=\"og:image:width\" content=\"800\" \/>\n\t<meta property=\"og:image:height\" content=\"800\" \/>\n\t<meta property=\"og:image:type\" content=\"image\/png\" \/>\n<meta name=\"twitter:card\" content=\"summary_large_image\" \/>\n<meta name=\"twitter:label1\" content=\"Est. reading time\" \/>\n\t<meta name=\"twitter:data1\" content=\"2 minutes\" \/>\n<script type=\"application\/ld+json\" class=\"yoast-schema-graph\">{\"@context\":\"https:\\\/\\\/schema.org\",\"@graph\":[{\"@type\":\"WebPage\",\"@id\":\"https:\\\/\\\/ranoja.ee\\\/toode\\\/lumag-kardaanajamiga-halumasin-ssa400zh-pro-s\\\/\",\"url\":\"https:\\\/\\\/ranoja.ee\\\/toode\\\/lumag-kardaanajamiga-halumasin-ssa400zh-pro-s\\\/\",\"name\":\"Lumag kardaanajamiga halumasin SSA400ZH-PRO\\\/S\",\"isPartOf\":{\"@id\":\"https:\\\/\\\/ranoja.ee\\\/#website\"},\"primaryImageOfPage\":{\"@id\":\"https:\\\/\\\/ranoja.ee\\\/toode\\\/lumag-kardaanajamiga-halumasin-ssa400zh-pro-s\\\/#primaryimage\"},\"image\":{\"@id\":\"https:\\\/\\\/ranoja.ee\\\/toode\\\/lumag-kardaanajamiga-halumasin-ssa400zh-pro-s\\\/#primaryimage\"},\"thumbnailUrl\":\"https:\\\/\\\/ranoja.ee\\\/wp-content\\\/uploads\\\/2024\\\/11\\\/Lumag-kardaanajamiga-halumasin-SSA400ZH-PROS.png\",\"datePublished\":\"2024-11-15T10:43:47+00:00\",\"dateModified\":\"2025-12-10T08:48:33+00:00\",\"description\":\"Lumag kardaanajamiga halumasin SSA400ZH-PRO\\\/S - Halumasin, kettlint etteveoks kuni saeni, 4 teraga kiil ja konveier toodangu edasi liigutamiseks.\",\"breadcrumb\":{\"@id\":\"https:\\\/\\\/ranoja.ee\\\/toode\\\/lumag-kardaanajamiga-halumasin-ssa400zh-pro-s\\\/#breadcrumb\"},\"inLanguage\":\"en-US\",\"potentialAction\":[{\"@type\":\"ReadAction\",\"target\":[\"https:\\\/\\\/ranoja.ee\\\/toode\\\/lumag-kardaanajamiga-halumasin-ssa400zh-pro-s\\\/\"]}]},{\"@type\":\"ImageObject\",\"inLanguage\":\"en-US\",\"@id\":\"https:\\\/\\\/ranoja.ee\\\/toode\\\/lumag-kardaanajamiga-halumasin-ssa400zh-pro-s\\\/#primaryimage\",\"url\":\"https:\\\/\\\/ranoja.ee\\\/wp-content\\\/uploads\\\/2024\\\/11\\\/Lumag-kardaanajamiga-halumasin-SSA400ZH-PROS.png\",\"contentUrl\":\"https:\\\/\\\/ranoja.ee\\\/wp-content\\\/uploads\\\/2024\\\/11\\\/Lumag-kardaanajamiga-halumasin-SSA400ZH-PROS.png\",\"width\":800,\"height\":800,\"caption\":\"Lumag kardaanajamiga halumasin SSA400ZH-PROS\"},{\"@type\":\"BreadcrumbList\",\"@id\":\"https:\\\/\\\/ranoja.ee\\\/toode\\\/lumag-kardaanajamiga-halumasin-ssa400zh-pro-s\\\/#breadcrumb\",\"itemListElement\":[{\"@type\":\"ListItem\",\"position\":1,\"name\":\"Home\",\"item\":\"https:\\\/\\\/ranoja.ee\\\/\"},{\"@type\":\"ListItem\",\"position\":2,\"name\":\"Shop\",\"item\":\"https:\\\/\\\/ranoja.ee\\\/en\\\/shop\\\/\"},{\"@type\":\"ListItem\",\"position\":3,\"name\":\"Lumag kardaanajamiga halumasin SSA400ZH-PRO\\\/S\"}]},{\"@type\":\"WebSite\",\"@id\":\"https:\\\/\\\/ranoja.ee\\\/#website\",\"url\":\"https:\\\/\\\/ranoja.ee\\\/\",\"name\":\"Ranoja\",\"description\":\"Equipment Shop WooCommerce WordPress Theme for Machine &amp; Tools\",\"publisher\":{\"@id\":\"https:\\\/\\\/ranoja.ee\\\/#organization\"},\"potentialAction\":[{\"@type\":\"SearchAction\",\"target\":{\"@type\":\"EntryPoint\",\"urlTemplate\":\"https:\\\/\\\/ranoja.ee\\\/?s={search_term_string}\"},\"query-input\":{\"@type\":\"PropertyValueSpecification\",\"valueRequired\":true,\"valueName\":\"search_term_string\"}}],\"inLanguage\":\"en-US\"},{\"@type\":\"Organization\",\"@id\":\"https:\\\/\\\/ranoja.ee\\\/#organization\",\"name\":\"Ranoja O\u00dc\",\"url\":\"https:\\\/\\\/ranoja.ee\\\/\",\"logo\":{\"@type\":\"ImageObject\",\"inLanguage\":\"en-US\",\"@id\":\"https:\\\/\\\/ranoja.ee\\\/#\\\/schema\\\/logo\\\/image\\\/\",\"url\":\"https:\\\/\\\/ranoja.ee\\\/wp-content\\\/uploads\\\/2023\\\/11\\\/ranoja-Logo.png\",\"contentUrl\":\"https:\\\/\\\/ranoja.ee\\\/wp-content\\\/uploads\\\/2023\\\/11\\\/ranoja-Logo.png\",\"width\":207,\"height\":58,\"caption\":\"Ranoja O\u00dc\"},\"image\":{\"@id\":\"https:\\\/\\\/ranoja.ee\\\/#\\\/schema\\\/logo\\\/image\\\/\"},\"sameAs\":[\"https:\\\/\\\/www.facebook.com\\\/ranoja.ee\",\"https:\\\/\\\/www.instagram.com\\\/ranoja__\\\/\"]}]}<\/script>\n<!-- \/ Yoast SEO plugin. -->","yoast_head_json":{"title":"Lumag kardaanajamiga halumasin SSA400ZH-PRO\/S","description":"Lumag kardaanajamiga halumasin SSA400ZH-PRO\/S - Halumasin, kettlint etteveoks kuni saeni, 4 teraga kiil ja konveier toodangu edasi liigutamiseks.","robots":{"index":"index","follow":"follow","max-snippet":"max-snippet:-1","max-image-preview":"max-image-preview:large","max-video-preview":"max-video-preview:-1"},"canonical":"https:\/\/ranoja.ee\/toode\/lumag-kardaanajamiga-halumasin-ssa400zh-pro-s\/","og_locale":"en_US","og_type":"article","og_title":"Lumag kardaanajamiga halumasin SSA400ZH-PRO\/S","og_description":"Lumag kardaanajamiga halumasin SSA400ZH-PRO\/S - Halumasin, kettlint etteveoks kuni saeni, 4 teraga kiil ja konveier toodangu edasi liigutamiseks.","og_url":"https:\/\/ranoja.ee\/toode\/lumag-kardaanajamiga-halumasin-ssa400zh-pro-s\/","og_site_name":"Ranoja","article_publisher":"https:\/\/www.facebook.com\/ranoja.ee","article_modified_time":"2025-12-10T08:48:33+00:00","og_image":[{"width":800,"height":800,"url":"https:\/\/ranoja.ee\/wp-content\/uploads\/2024\/11\/Lumag-kardaanajamiga-halumasin-SSA400ZH-PROS.png","type":"image\/png"}],"twitter_card":"summary_large_image","twitter_misc":{"Est. reading time":"2 minutes"},"schema":{"@context":"https:\/\/schema.org","@graph":[{"@type":"WebPage","@id":"https:\/\/ranoja.ee\/toode\/lumag-kardaanajamiga-halumasin-ssa400zh-pro-s\/","url":"https:\/\/ranoja.ee\/toode\/lumag-kardaanajamiga-halumasin-ssa400zh-pro-s\/","name":"Lumag kardaanajamiga halumasin SSA400ZH-PRO\/S","isPartOf":{"@id":"https:\/\/ranoja.ee\/#website"},"primaryImageOfPage":{"@id":"https:\/\/ranoja.ee\/toode\/lumag-kardaanajamiga-halumasin-ssa400zh-pro-s\/#primaryimage"},"image":{"@id":"https:\/\/ranoja.ee\/toode\/lumag-kardaanajamiga-halumasin-ssa400zh-pro-s\/#primaryimage"},"thumbnailUrl":"https:\/\/ranoja.ee\/wp-content\/uploads\/2024\/11\/Lumag-kardaanajamiga-halumasin-SSA400ZH-PROS.png","datePublished":"2024-11-15T10:43:47+00:00","dateModified":"2025-12-10T08:48:33+00:00","description":"Lumag kardaanajamiga halumasin SSA400ZH-PRO\/S - Halumasin, kettlint etteveoks kuni saeni, 4 teraga kiil ja konveier toodangu edasi liigutamiseks.","breadcrumb":{"@id":"https:\/\/ranoja.ee\/toode\/lumag-kardaanajamiga-halumasin-ssa400zh-pro-s\/#breadcrumb"},"inLanguage":"en-US","potentialAction":[{"@type":"ReadAction","target":["https:\/\/ranoja.ee\/toode\/lumag-kardaanajamiga-halumasin-ssa400zh-pro-s\/"]}]},{"@type":"ImageObject","inLanguage":"en-US","@id":"https:\/\/ranoja.ee\/toode\/lumag-kardaanajamiga-halumasin-ssa400zh-pro-s\/#primaryimage","url":"https:\/\/ranoja.ee\/wp-content\/uploads\/2024\/11\/Lumag-kardaanajamiga-halumasin-SSA400ZH-PROS.png","contentUrl":"https:\/\/ranoja.ee\/wp-content\/uploads\/2024\/11\/Lumag-kardaanajamiga-halumasin-SSA400ZH-PROS.png","width":800,"height":800,"caption":"Lumag kardaanajamiga halumasin SSA400ZH-PROS"},{"@type":"BreadcrumbList","@id":"https:\/\/ranoja.ee\/toode\/lumag-kardaanajamiga-halumasin-ssa400zh-pro-s\/#breadcrumb","itemListElement":[{"@type":"ListItem","position":1,"name":"Home","item":"https:\/\/ranoja.ee\/"},{"@type":"ListItem","position":2,"name":"Shop","item":"https:\/\/ranoja.ee\/en\/shop\/"},{"@type":"ListItem","position":3,"name":"Lumag kardaanajamiga halumasin SSA400ZH-PRO\/S"}]},{"@type":"WebSite","@id":"https:\/\/ranoja.ee\/#website","url":"https:\/\/ranoja.ee\/","name":"Ranoja","description":"Equipment Shop WooCommerce WordPress Theme for Machine &amp; Tools","publisher":{"@id":"https:\/\/ranoja.ee\/#organization"},"potentialAction":[{"@type":"SearchAction","target":{"@type":"EntryPoint","urlTemplate":"https:\/\/ranoja.ee\/?s={search_term_string}"},"query-input":{"@type":"PropertyValueSpecification","valueRequired":true,"valueName":"search_term_string"}}],"inLanguage":"en-US"},{"@type":"Organization","@id":"https:\/\/ranoja.ee\/#organization","name":"Ranoja O\u00dc","url":"https:\/\/ranoja.ee\/","logo":{"@type":"ImageObject","inLanguage":"en-US","@id":"https:\/\/ranoja.ee\/#\/schema\/logo\/image\/","url":"https:\/\/ranoja.ee\/wp-content\/uploads\/2023\/11\/ranoja-Logo.png","contentUrl":"https:\/\/ranoja.ee\/wp-content\/uploads\/2023\/11\/ranoja-Logo.png","width":207,"height":58,"caption":"Ranoja O\u00dc"},"image":{"@id":"https:\/\/ranoja.ee\/#\/schema\/logo\/image\/"},"sameAs":["https:\/\/www.facebook.com\/ranoja.ee","https:\/\/www.instagram.com\/ranoja__\/"]}]}},"_links":{"self":[{"href":"https:\/\/ranoja.ee\/en\/wp-json\/wp\/v2\/product\/13492","targetHints":{"allow":["GET"]}}],"collection":[{"href":"https:\/\/ranoja.ee\/en\/wp-json\/wp\/v2\/product"}],"about":[{"href":"https:\/\/ranoja.ee\/en\/wp-json\/wp\/v2\/types\/product"}],"wp:featuredmedia":[{"embeddable":true,"href":"https:\/\/ranoja.ee\/en\/wp-json\/wp\/v2\/media\/13493"}],"wp:attachment":[{"href":"https:\/\/ranoja.ee\/en\/wp-json\/wp\/v2\/media?parent=13492"}],"wp:term":[{"taxonomy":"product_cat","embeddable":true,"href":"https:\/\/ranoja.ee\/en\/wp-json\/wp\/v2\/product_cat?post=13492"},{"taxonomy":"product_tag","embeddable":true,"href":"https:\/\/ranoja.ee\/en\/wp-json\/wp\/v2\/product_tag?post=13492"}],"curies":[{"name":"wp","href":"https:\/\/api.w.org\/{rel}","templated":true}]}}