{"id":13349,"date":"2024-11-14T11:07:00","date_gmt":"2024-11-14T08:07:00","guid":{"rendered":"https:\/\/ranoja.ee\/?post_type=product&#038;p=13349"},"modified":"2025-12-10T16:08:49","modified_gmt":"2025-12-10T13:08:49","slug":"salongisoojendaja-termini-2100","status":"publish","type":"product","link":"https:\/\/ranoja.ee\/en\/toode\/salongisoojendaja-termini-2100\/","title":{"rendered":"Salongisoojendaja Termini 2100"},"content":{"rendered":"<p>Salongisoojendaja Termini 2100<\/p>\n<p>DEFA Termini II 2100 on Termini seeria v\u00f5imsaim salongisoojendaja, loodud suurimate s\u00f5idukite ja \u00e4\u00e4rmuslikult k\u00fclmade olude jaoks. Selle mudeli eesm\u00e4rk on pakkuda maksimaalset soojendust s\u00f5idukitele, millel on suur ja avar salong, tagades mugava temperatuuri ja selge n\u00e4htavuse enne s\u00f5idu alustamist.<\/p>\n<p>Termini II 2100 omadused:<br \/>\nV\u00f5imsus 2100 W: Termini II 2100 on varustatud 2100 W v\u00f5imsusega, mis muudab selle v\u00e4ga t\u00f5husaks ja kiireks soojendusseadmeks, sobides ka suurtele s\u00f5idukitele. See v\u00f5imsus v\u00f5imaldab salongi kiiresti ja t\u00f5husalt soojendada, hoides \u00e4ra akende j\u00e4\u00e4tumise.<\/p>\n<p>Kompaktne disain: Kuigi tegemist on v\u00f5imsa seadmega, on Termini II 2100 disainitud kompaktselt ja ruumis\u00e4\u00e4stlikult. See on kerge ja mahub h\u00e4sti ka suuremate s\u00f5idukite interj\u00f6\u00f6ri.<br \/>\nT\u00f5hus ja \u00fchtlane soojendus: Termini II 2100 tagab \u00fchtlase soojuse jaotuse kogu salongis, luues kiiresti meeldiva ja mugava keskkonna isegi v\u00e4ga k\u00fclma ilmaga.<\/p>\n<p>Ohutus ja usaldusv\u00e4\u00e4rsus: Seade on varustatud \u00fclekuumenemiskaitsega, mis tagab ohutu kasutamise ja pikaajalise vastupidavuse. \u00dclekuumenemiskaitse l\u00fclitab seadme automaatselt v\u00e4lja, kui temperatuur \u00fcletab ohutuse piiri.<br \/>\nLihtne paigaldamine ja \u00fchendamine: Termini II 2100 \u00fchildub DEFA eelsoojenduss\u00fcsteemidega, mis muudab selle paigaldamise lihtsaks ja kiireks. Seade on h\u00f5lpsasti integreeritav olemasolevatesse DEFA s\u00fcsteemidesse, sealhulgas taimerite ja kaugjuhtimisega seadmetesse.<\/p>\n<p>Automaatne temperatuuri reguleerimine: Seadme sisseehitatud termostaat j\u00e4lgib salongi temperatuuri ja l\u00fclitab seadme vajadusel sisse v\u00f5i v\u00e4lja, et hoida \u00fchtlast ja soovitud temperatuuri.<\/p>\n<p>Kus Termini II 2100 kasutatakse?<br \/>\nTermini II 2100 on loodud kasutamiseks suurtes s\u00f5idukites ja ekstreemsetes ilmastikutingimustes, sobides h\u00e4sti bussidele, furgoonidele, veoautodele, maasturitele, minibussidele ja teistele avarate salongidega s\u00f5idukitele. T\u00e4nu oma v\u00f5imsusele on see ideaalne valik, kui on vaja kiiret ja t\u00f5husat soojenemist ka v\u00e4ga k\u00fclma talve korral.<\/p>\n<p>See mudel sobib ideaalselt nii v\u00e4liparklates hoitavatele kui ka garaa\u017eitud s\u00f5idukitele, eriti kohtades, kus talvised temperatuurid langevad j\u00e4rsult ja vajavad kiiret k\u00fctmist. <\/p>\n<p>Termini II 2100 aitab tagada parema s\u00f5idukogemuse, pakkudes s\u00f5idukisse sisenedes sooja keskkonda. Lisaks h\u00e4rmatisevabu aknaid, mis parandavad ohutust ja s\u00f5idumugavust.<br \/>\nSalongisoojendaja Termini 2100<\/p>\n","protected":false},"excerpt":{"rendered":"<p>Salongisoojendaja Termini 2100<\/p>\n<p>M\u00f5\u00f5tmed: 47x141x183 mm<br \/>\nKaal: 250g (net 760g)<br \/>\nT\u00fc\u00fcp: 1300\/2100W (-25\u00b0C)<br \/>\nPinge: 230V<br \/>\nKirjeldus: Varustatud Termini-pistik. PTC (positiivse temperatuuriteguri) tehnoloogiat<br \/>\n<strong>Tarneaeg 1-7 t\u00f6\u00f6p\u00e4eva<\/strong><\/p>\n","protected":false},"featured_media":13350,"template":"","meta":{"inline_featured_image":false},"product_cat":[1658,1116],"product_tag":[1535,1659],"class_list":{"0":"post-13349","1":"product","2":"type-product","3":"status-publish","4":"has-post-thumbnail","6":"product_brand-defa","7":"product_cat-defa-seadmed-ning-varuosad","8":"product_cat-lisaseadmed-ehitusseadmed-led-lisatuled-cb-raadiod-lallar","9":"product_tag-defa","10":"product_tag-salongisoojendi","12":"first","13":"instock","14":"taxable","15":"shipping-taxable","16":"purchasable","17":"product-type-simple"},"yoast_head":"<!-- This site is optimized with the Yoast SEO plugin v27.4 - https:\/\/yoast.com\/product\/yoast-seo-wordpress\/ -->\n<title>Salongisoojendaja Termini 2100<\/title>\n<meta name=\"description\" content=\"Salongisoojendaja Termini 2100 - T\u00fc\u00fcp: 1300\/2100W (-25\u00b0C) Pinge: 230V Kirjeldus: Varustatud Termini-pistik. PTC (positiivse temperatuuriteguri) tehnoloogiat\" \/>\n<meta name=\"robots\" content=\"index, follow, max-snippet:-1, max-image-preview:large, max-video-preview:-1\" \/>\n<link rel=\"canonical\" href=\"https:\/\/ranoja.ee\/toode\/salongisoojendaja-termini-2100\/\" \/>\n<meta property=\"og:locale\" content=\"en_US\" \/>\n<meta property=\"og:type\" content=\"article\" \/>\n<meta property=\"og:title\" content=\"Salongisoojendaja Termini 2100\" \/>\n<meta property=\"og:description\" content=\"Salongisoojendaja Termini 2100 - T\u00fc\u00fcp: 1300\/2100W (-25\u00b0C) Pinge: 230V Kirjeldus: Varustatud Termini-pistik. PTC (positiivse temperatuuriteguri) tehnoloogiat\" \/>\n<meta property=\"og:url\" content=\"https:\/\/ranoja.ee\/toode\/salongisoojendaja-termini-2100\/\" \/>\n<meta property=\"og:site_name\" content=\"Ranoja\" \/>\n<meta property=\"article:publisher\" content=\"https:\/\/www.facebook.com\/ranoja.ee\" \/>\n<meta property=\"article:modified_time\" content=\"2025-12-10T13:08:49+00:00\" \/>\n<meta property=\"og:image\" content=\"https:\/\/ranoja.ee\/wp-content\/uploads\/2024\/11\/Salongisoojendaja-Termini-2100.jpg\" \/>\n\t<meta property=\"og:image:width\" content=\"400\" \/>\n\t<meta property=\"og:image:height\" content=\"300\" \/>\n\t<meta property=\"og:image:type\" content=\"image\/jpeg\" \/>\n<meta name=\"twitter:card\" content=\"summary_large_image\" \/>\n<meta name=\"twitter:label1\" content=\"Est. reading time\" \/>\n\t<meta name=\"twitter:data1\" content=\"2 minutes\" \/>\n<script type=\"application\/ld+json\" class=\"yoast-schema-graph\">{\"@context\":\"https:\\\/\\\/schema.org\",\"@graph\":[{\"@type\":\"WebPage\",\"@id\":\"https:\\\/\\\/ranoja.ee\\\/toode\\\/salongisoojendaja-termini-2100\\\/\",\"url\":\"https:\\\/\\\/ranoja.ee\\\/toode\\\/salongisoojendaja-termini-2100\\\/\",\"name\":\"Salongisoojendaja Termini 2100\",\"isPartOf\":{\"@id\":\"https:\\\/\\\/ranoja.ee\\\/#website\"},\"primaryImageOfPage\":{\"@id\":\"https:\\\/\\\/ranoja.ee\\\/toode\\\/salongisoojendaja-termini-2100\\\/#primaryimage\"},\"image\":{\"@id\":\"https:\\\/\\\/ranoja.ee\\\/toode\\\/salongisoojendaja-termini-2100\\\/#primaryimage\"},\"thumbnailUrl\":\"https:\\\/\\\/ranoja.ee\\\/wp-content\\\/uploads\\\/2024\\\/11\\\/Salongisoojendaja-Termini-2100.jpg\",\"datePublished\":\"2024-11-14T08:07:00+00:00\",\"dateModified\":\"2025-12-10T13:08:49+00:00\",\"description\":\"Salongisoojendaja Termini 2100 - T\u00fc\u00fcp: 1300\\\/2100W (-25\u00b0C) Pinge: 230V Kirjeldus: Varustatud Termini-pistik. PTC (positiivse temperatuuriteguri) tehnoloogiat\",\"breadcrumb\":{\"@id\":\"https:\\\/\\\/ranoja.ee\\\/toode\\\/salongisoojendaja-termini-2100\\\/#breadcrumb\"},\"inLanguage\":\"en-US\",\"potentialAction\":[{\"@type\":\"ReadAction\",\"target\":[\"https:\\\/\\\/ranoja.ee\\\/toode\\\/salongisoojendaja-termini-2100\\\/\"]}]},{\"@type\":\"ImageObject\",\"inLanguage\":\"en-US\",\"@id\":\"https:\\\/\\\/ranoja.ee\\\/toode\\\/salongisoojendaja-termini-2100\\\/#primaryimage\",\"url\":\"https:\\\/\\\/ranoja.ee\\\/wp-content\\\/uploads\\\/2024\\\/11\\\/Salongisoojendaja-Termini-2100.jpg\",\"contentUrl\":\"https:\\\/\\\/ranoja.ee\\\/wp-content\\\/uploads\\\/2024\\\/11\\\/Salongisoojendaja-Termini-2100.jpg\",\"width\":400,\"height\":300,\"caption\":\"Salongisoojendaja Termini 2100\"},{\"@type\":\"BreadcrumbList\",\"@id\":\"https:\\\/\\\/ranoja.ee\\\/toode\\\/salongisoojendaja-termini-2100\\\/#breadcrumb\",\"itemListElement\":[{\"@type\":\"ListItem\",\"position\":1,\"name\":\"Home\",\"item\":\"https:\\\/\\\/ranoja.ee\\\/\"},{\"@type\":\"ListItem\",\"position\":2,\"name\":\"Shop\",\"item\":\"https:\\\/\\\/ranoja.ee\\\/en\\\/shop\\\/\"},{\"@type\":\"ListItem\",\"position\":3,\"name\":\"Salongisoojendaja Termini 2100\"}]},{\"@type\":\"WebSite\",\"@id\":\"https:\\\/\\\/ranoja.ee\\\/#website\",\"url\":\"https:\\\/\\\/ranoja.ee\\\/\",\"name\":\"Ranoja\",\"description\":\"Equipment Shop WooCommerce WordPress Theme for Machine &amp; Tools\",\"publisher\":{\"@id\":\"https:\\\/\\\/ranoja.ee\\\/#organization\"},\"potentialAction\":[{\"@type\":\"SearchAction\",\"target\":{\"@type\":\"EntryPoint\",\"urlTemplate\":\"https:\\\/\\\/ranoja.ee\\\/?s={search_term_string}\"},\"query-input\":{\"@type\":\"PropertyValueSpecification\",\"valueRequired\":true,\"valueName\":\"search_term_string\"}}],\"inLanguage\":\"en-US\"},{\"@type\":\"Organization\",\"@id\":\"https:\\\/\\\/ranoja.ee\\\/#organization\",\"name\":\"Ranoja O\u00dc\",\"url\":\"https:\\\/\\\/ranoja.ee\\\/\",\"logo\":{\"@type\":\"ImageObject\",\"inLanguage\":\"en-US\",\"@id\":\"https:\\\/\\\/ranoja.ee\\\/#\\\/schema\\\/logo\\\/image\\\/\",\"url\":\"https:\\\/\\\/ranoja.ee\\\/wp-content\\\/uploads\\\/2023\\\/11\\\/ranoja-Logo.png\",\"contentUrl\":\"https:\\\/\\\/ranoja.ee\\\/wp-content\\\/uploads\\\/2023\\\/11\\\/ranoja-Logo.png\",\"width\":207,\"height\":58,\"caption\":\"Ranoja O\u00dc\"},\"image\":{\"@id\":\"https:\\\/\\\/ranoja.ee\\\/#\\\/schema\\\/logo\\\/image\\\/\"},\"sameAs\":[\"https:\\\/\\\/www.facebook.com\\\/ranoja.ee\",\"https:\\\/\\\/www.instagram.com\\\/ranoja__\\\/\"]}]}<\/script>\n<!-- \/ Yoast SEO plugin. -->","yoast_head_json":{"title":"Salongisoojendaja Termini 2100","description":"Salongisoojendaja Termini 2100 - T\u00fc\u00fcp: 1300\/2100W (-25\u00b0C) Pinge: 230V Kirjeldus: Varustatud Termini-pistik. PTC (positiivse temperatuuriteguri) tehnoloogiat","robots":{"index":"index","follow":"follow","max-snippet":"max-snippet:-1","max-image-preview":"max-image-preview:large","max-video-preview":"max-video-preview:-1"},"canonical":"https:\/\/ranoja.ee\/toode\/salongisoojendaja-termini-2100\/","og_locale":"en_US","og_type":"article","og_title":"Salongisoojendaja Termini 2100","og_description":"Salongisoojendaja Termini 2100 - T\u00fc\u00fcp: 1300\/2100W (-25\u00b0C) Pinge: 230V Kirjeldus: Varustatud Termini-pistik. PTC (positiivse temperatuuriteguri) tehnoloogiat","og_url":"https:\/\/ranoja.ee\/toode\/salongisoojendaja-termini-2100\/","og_site_name":"Ranoja","article_publisher":"https:\/\/www.facebook.com\/ranoja.ee","article_modified_time":"2025-12-10T13:08:49+00:00","og_image":[{"width":400,"height":300,"url":"https:\/\/ranoja.ee\/wp-content\/uploads\/2024\/11\/Salongisoojendaja-Termini-2100.jpg","type":"image\/jpeg"}],"twitter_card":"summary_large_image","twitter_misc":{"Est. reading time":"2 minutes"},"schema":{"@context":"https:\/\/schema.org","@graph":[{"@type":"WebPage","@id":"https:\/\/ranoja.ee\/toode\/salongisoojendaja-termini-2100\/","url":"https:\/\/ranoja.ee\/toode\/salongisoojendaja-termini-2100\/","name":"Salongisoojendaja Termini 2100","isPartOf":{"@id":"https:\/\/ranoja.ee\/#website"},"primaryImageOfPage":{"@id":"https:\/\/ranoja.ee\/toode\/salongisoojendaja-termini-2100\/#primaryimage"},"image":{"@id":"https:\/\/ranoja.ee\/toode\/salongisoojendaja-termini-2100\/#primaryimage"},"thumbnailUrl":"https:\/\/ranoja.ee\/wp-content\/uploads\/2024\/11\/Salongisoojendaja-Termini-2100.jpg","datePublished":"2024-11-14T08:07:00+00:00","dateModified":"2025-12-10T13:08:49+00:00","description":"Salongisoojendaja Termini 2100 - T\u00fc\u00fcp: 1300\/2100W (-25\u00b0C) Pinge: 230V Kirjeldus: Varustatud Termini-pistik. PTC (positiivse temperatuuriteguri) tehnoloogiat","breadcrumb":{"@id":"https:\/\/ranoja.ee\/toode\/salongisoojendaja-termini-2100\/#breadcrumb"},"inLanguage":"en-US","potentialAction":[{"@type":"ReadAction","target":["https:\/\/ranoja.ee\/toode\/salongisoojendaja-termini-2100\/"]}]},{"@type":"ImageObject","inLanguage":"en-US","@id":"https:\/\/ranoja.ee\/toode\/salongisoojendaja-termini-2100\/#primaryimage","url":"https:\/\/ranoja.ee\/wp-content\/uploads\/2024\/11\/Salongisoojendaja-Termini-2100.jpg","contentUrl":"https:\/\/ranoja.ee\/wp-content\/uploads\/2024\/11\/Salongisoojendaja-Termini-2100.jpg","width":400,"height":300,"caption":"Salongisoojendaja Termini 2100"},{"@type":"BreadcrumbList","@id":"https:\/\/ranoja.ee\/toode\/salongisoojendaja-termini-2100\/#breadcrumb","itemListElement":[{"@type":"ListItem","position":1,"name":"Home","item":"https:\/\/ranoja.ee\/"},{"@type":"ListItem","position":2,"name":"Shop","item":"https:\/\/ranoja.ee\/en\/shop\/"},{"@type":"ListItem","position":3,"name":"Salongisoojendaja Termini 2100"}]},{"@type":"WebSite","@id":"https:\/\/ranoja.ee\/#website","url":"https:\/\/ranoja.ee\/","name":"Ranoja","description":"Equipment Shop WooCommerce WordPress Theme for Machine &amp; Tools","publisher":{"@id":"https:\/\/ranoja.ee\/#organization"},"potentialAction":[{"@type":"SearchAction","target":{"@type":"EntryPoint","urlTemplate":"https:\/\/ranoja.ee\/?s={search_term_string}"},"query-input":{"@type":"PropertyValueSpecification","valueRequired":true,"valueName":"search_term_string"}}],"inLanguage":"en-US"},{"@type":"Organization","@id":"https:\/\/ranoja.ee\/#organization","name":"Ranoja O\u00dc","url":"https:\/\/ranoja.ee\/","logo":{"@type":"ImageObject","inLanguage":"en-US","@id":"https:\/\/ranoja.ee\/#\/schema\/logo\/image\/","url":"https:\/\/ranoja.ee\/wp-content\/uploads\/2023\/11\/ranoja-Logo.png","contentUrl":"https:\/\/ranoja.ee\/wp-content\/uploads\/2023\/11\/ranoja-Logo.png","width":207,"height":58,"caption":"Ranoja O\u00dc"},"image":{"@id":"https:\/\/ranoja.ee\/#\/schema\/logo\/image\/"},"sameAs":["https:\/\/www.facebook.com\/ranoja.ee","https:\/\/www.instagram.com\/ranoja__\/"]}]}},"_links":{"self":[{"href":"https:\/\/ranoja.ee\/en\/wp-json\/wp\/v2\/product\/13349","targetHints":{"allow":["GET"]}}],"collection":[{"href":"https:\/\/ranoja.ee\/en\/wp-json\/wp\/v2\/product"}],"about":[{"href":"https:\/\/ranoja.ee\/en\/wp-json\/wp\/v2\/types\/product"}],"wp:featuredmedia":[{"embeddable":true,"href":"https:\/\/ranoja.ee\/en\/wp-json\/wp\/v2\/media\/13350"}],"wp:attachment":[{"href":"https:\/\/ranoja.ee\/en\/wp-json\/wp\/v2\/media?parent=13349"}],"wp:term":[{"taxonomy":"product_cat","embeddable":true,"href":"https:\/\/ranoja.ee\/en\/wp-json\/wp\/v2\/product_cat?post=13349"},{"taxonomy":"product_tag","embeddable":true,"href":"https:\/\/ranoja.ee\/en\/wp-json\/wp\/v2\/product_tag?post=13349"}],"curies":[{"name":"wp","href":"https:\/\/api.w.org\/{rel}","templated":true}]}}