{"id":13287,"date":"2024-11-12T14:18:12","date_gmt":"2024-11-12T11:18:12","guid":{"rendered":"https:\/\/ranoja.ee\/?post_type=product&#038;p=13287"},"modified":"2025-12-10T16:13:12","modified_gmt":"2025-12-10T13:13:12","slug":"fixus-destilleeritud-vesi-25l","status":"publish","type":"product","link":"https:\/\/ranoja.ee\/en\/toode\/fixus-destilleeritud-vesi-25l\/","title":{"rendered":"FIXUS DESTILLEERITUD VESI 25L"},"content":{"rendered":"<p>FIXUS DESTILLEERITUD VESI 25L otstarbeks m\u00f5eldud destilleeritud vesi on k\u00f5rge puhtusastmega vesi, mida kasutatakse mitmesugustes t\u00f6\u00f6stuslikes ja tehnilistes rakendustes, kus tavaline kraanivesi ei sobi lisandite t\u00f5ttu. Destilleeritud vee tootmisel eemaldatakse mineraalid, soolad ja muud lisandid muutes selle sobivaks kasutamiseks seadmetes ja protsessides. Kus isegi v\u00e4hesed lisandid v\u00f5ivad p\u00f5hjustada t\u00f5rkeid, korrosiooni v\u00f5i kontaminatsiooni.<\/p>\n<p>\u00dcks peamisi destilleeritud vee kasutusvaldkondi on elektrit tootvad ja t\u00f6\u00f6tavad seadmed, nagu patareid, akud ja kondensaatorid. Tavaline kraanivesi sisaldab mineraale ja ioone, mis v\u00f5ivad seadmete sees tekitada katlakivi v\u00f5i korrosiooni. N\u00e4iteks autoakudes kasutatakse destilleeritud vett, kuna see aitab v\u00e4ltida metalliosade oks\u00fcdeerumist ja aku t\u00f6\u00f6v\u00f5ime langust. Elektrijaamades ja teistes energiatootmise s\u00fcsteemides, kus on kasutusel auruturbiinid ja keerukad jahutuss\u00fcsteemid. Kasutatakse destilleeritud vett auruna, et v\u00e4ltida katlakivi kogunemist, mis v\u00f5ib viia t\u00f5siste s\u00fcsteemit\u00f5rgeteni ja suurendada hoolduskulusid.<\/p>\n<p>FIXUS DESTILLEERITUD VESI 25L on h\u00e4davajalik ka peenmehaanika ja t\u00e4ppisinstrumentide hoolduses, kus iga lisand v\u00f5ib p\u00f5hjustada liigset h\u00f5\u00f5rdumist v\u00f5i saasteainete kogunemist, mis omakorda kahjustab seadme t\u00f6\u00f6kindlust. N\u00e4iteks kasutatakse destilleeritud vett mikroskoopide, anal\u00fcsaatorite ja laboriseadmete puhastamisel, kuna see ei j\u00e4ta pinnale setteid ega tekita kriimustusi. Suure puhtusastmega vesi on h\u00e4davajalik ka pooljuhtide tootmisel ja elektroonikat\u00f6\u00f6stuses, kus isegi mikroskoopilised lisandid v\u00f5ivad kahjustada tundlikke komponente ja seel\u00e4bi v\u00e4hendada toodete t\u00f6\u00f6kindlust.<\/p>\n<p>Jahutuss\u00fcsteemides m\u00e4ngib destilleeritud vesi olulist rolli just oma puhtuse t\u00f5ttu, mis aitab v\u00e4ltida torustike ja radiaatorite ummistumist. Tavalises vees sisalduvad mineraalid ja muud osakesed v\u00f5ivad koguneda torudesse ja tekitada katlakivi, mis v\u00e4hendab s\u00fcsteemi efektiivsust ja suurendab hooldusvajadust. N\u00e4iteks kasutatakse destilleeritud vett t\u00f6\u00f6stuslike jahutustornide ja suuremahuliste HVAC-s\u00fcsteemide (k\u00fctte, ventilatsiooni ja kliimaseadmete) jahutusahelates, et tagada sujuv ja t\u00f5hus t\u00f6\u00f6 ilma ummistusteta.<\/p>\n","protected":false},"excerpt":{"rendered":"<p>FIXUS DESTILLEERITUD VESI 25L<br \/>\nKogus: 25l<br \/>\nTehniliseks otstarbeks<br \/>\nKasutamiseks aurutriikraudadel, akudel, \u00f5huniisutajatel, autoradiaatoritel ja teistel seadmetel mis vajavad destilleeritud vett<br \/>\nToode on valmistatud p\u00f6\u00f6rdosmoos meetodil<br \/>\nEi sobi meditsiiniliseks kasutamiseks<br \/>\nEi sobi joogiks<br \/>\n<strong>Seadme eeldatav tarneaeg 1-7 t\u00f6\u00f6p\u00e4eva<\/strong><\/p>\n","protected":false},"featured_media":13278,"template":"","meta":{"inline_featured_image":false},"product_cat":[1127,1123],"product_tag":[1648,192,1649,1294],"class_list":{"0":"post-13287","1":"product","2":"type-product","3":"status-publish","4":"has-post-thumbnail","6":"product_brand-fixus","7":"product_cat-tehnilised-vedelikud","8":"product_cat-varuosad","9":"product_tag-114-103-25","10":"product_tag-aku","11":"product_tag-destilleeritud-vesi","12":"product_tag-fixus","14":"first","15":"instock","16":"taxable","17":"shipping-taxable","18":"purchasable","19":"product-type-simple"},"yoast_head":"<!-- This site is optimized with the Yoast SEO plugin v27.4 - https:\/\/yoast.com\/product\/yoast-seo-wordpress\/ -->\n<title>FIXUS DESTILLEERITUD VESI 25L<\/title>\n<meta name=\"description\" content=\"FIXUS DESTILLEERITUD VESI 25L, Toode on valmistatud p\u00f6\u00f6rdosmoos meetodil, Ei sobi meditsiiniliseks kasutamiseks, Ei sobi joogiks.\" \/>\n<meta name=\"robots\" content=\"index, follow, max-snippet:-1, max-image-preview:large, max-video-preview:-1\" \/>\n<link rel=\"canonical\" href=\"https:\/\/ranoja.ee\/toode\/fixus-destilleeritud-vesi-25l\/\" \/>\n<meta property=\"og:locale\" content=\"en_US\" \/>\n<meta property=\"og:type\" content=\"article\" \/>\n<meta property=\"og:title\" content=\"FIXUS DESTILLEERITUD VESI 25L\" \/>\n<meta property=\"og:description\" content=\"FIXUS DESTILLEERITUD VESI 25L, Toode on valmistatud p\u00f6\u00f6rdosmoos meetodil, Ei sobi meditsiiniliseks kasutamiseks, Ei sobi joogiks.\" \/>\n<meta property=\"og:url\" content=\"https:\/\/ranoja.ee\/toode\/fixus-destilleeritud-vesi-25l\/\" \/>\n<meta property=\"og:site_name\" content=\"Ranoja\" \/>\n<meta property=\"article:publisher\" content=\"https:\/\/www.facebook.com\/ranoja.ee\" \/>\n<meta property=\"article:modified_time\" content=\"2025-12-10T13:13:12+00:00\" \/>\n<meta property=\"og:image\" content=\"https:\/\/ranoja.ee\/wp-content\/uploads\/2024\/03\/FIXUS-DESTILLEERITUD-VESI-25L.png\" \/>\n\t<meta property=\"og:image:width\" content=\"318\" \/>\n\t<meta property=\"og:image:height\" content=\"396\" \/>\n\t<meta property=\"og:image:type\" content=\"image\/png\" \/>\n<meta name=\"twitter:card\" content=\"summary_large_image\" \/>\n<meta name=\"twitter:label1\" content=\"Est. reading time\" \/>\n\t<meta name=\"twitter:data1\" content=\"2 minutes\" \/>\n<script type=\"application\/ld+json\" class=\"yoast-schema-graph\">{\"@context\":\"https:\\\/\\\/schema.org\",\"@graph\":[{\"@type\":\"WebPage\",\"@id\":\"https:\\\/\\\/ranoja.ee\\\/toode\\\/fixus-destilleeritud-vesi-25l\\\/\",\"url\":\"https:\\\/\\\/ranoja.ee\\\/toode\\\/fixus-destilleeritud-vesi-25l\\\/\",\"name\":\"FIXUS DESTILLEERITUD VESI 25L\",\"isPartOf\":{\"@id\":\"https:\\\/\\\/ranoja.ee\\\/#website\"},\"primaryImageOfPage\":{\"@id\":\"https:\\\/\\\/ranoja.ee\\\/toode\\\/fixus-destilleeritud-vesi-25l\\\/#primaryimage\"},\"image\":{\"@id\":\"https:\\\/\\\/ranoja.ee\\\/toode\\\/fixus-destilleeritud-vesi-25l\\\/#primaryimage\"},\"thumbnailUrl\":\"https:\\\/\\\/ranoja.ee\\\/wp-content\\\/uploads\\\/2024\\\/03\\\/FIXUS-DESTILLEERITUD-VESI-25L.png\",\"datePublished\":\"2024-11-12T11:18:12+00:00\",\"dateModified\":\"2025-12-10T13:13:12+00:00\",\"description\":\"FIXUS DESTILLEERITUD VESI 25L, Toode on valmistatud p\u00f6\u00f6rdosmoos meetodil, Ei sobi meditsiiniliseks kasutamiseks, Ei sobi joogiks.\",\"breadcrumb\":{\"@id\":\"https:\\\/\\\/ranoja.ee\\\/toode\\\/fixus-destilleeritud-vesi-25l\\\/#breadcrumb\"},\"inLanguage\":\"en-US\",\"potentialAction\":[{\"@type\":\"ReadAction\",\"target\":[\"https:\\\/\\\/ranoja.ee\\\/toode\\\/fixus-destilleeritud-vesi-25l\\\/\"]}]},{\"@type\":\"ImageObject\",\"inLanguage\":\"en-US\",\"@id\":\"https:\\\/\\\/ranoja.ee\\\/toode\\\/fixus-destilleeritud-vesi-25l\\\/#primaryimage\",\"url\":\"https:\\\/\\\/ranoja.ee\\\/wp-content\\\/uploads\\\/2024\\\/03\\\/FIXUS-DESTILLEERITUD-VESI-25L.png\",\"contentUrl\":\"https:\\\/\\\/ranoja.ee\\\/wp-content\\\/uploads\\\/2024\\\/03\\\/FIXUS-DESTILLEERITUD-VESI-25L.png\",\"width\":318,\"height\":396,\"caption\":\"FIXUS DESTILLEERITUD VESI 25L\"},{\"@type\":\"BreadcrumbList\",\"@id\":\"https:\\\/\\\/ranoja.ee\\\/toode\\\/fixus-destilleeritud-vesi-25l\\\/#breadcrumb\",\"itemListElement\":[{\"@type\":\"ListItem\",\"position\":1,\"name\":\"Home\",\"item\":\"https:\\\/\\\/ranoja.ee\\\/\"},{\"@type\":\"ListItem\",\"position\":2,\"name\":\"Shop\",\"item\":\"https:\\\/\\\/ranoja.ee\\\/en\\\/shop\\\/\"},{\"@type\":\"ListItem\",\"position\":3,\"name\":\"FIXUS DESTILLEERITUD VESI 25L\"}]},{\"@type\":\"WebSite\",\"@id\":\"https:\\\/\\\/ranoja.ee\\\/#website\",\"url\":\"https:\\\/\\\/ranoja.ee\\\/\",\"name\":\"Ranoja\",\"description\":\"Equipment Shop WooCommerce WordPress Theme for Machine &amp; Tools\",\"publisher\":{\"@id\":\"https:\\\/\\\/ranoja.ee\\\/#organization\"},\"potentialAction\":[{\"@type\":\"SearchAction\",\"target\":{\"@type\":\"EntryPoint\",\"urlTemplate\":\"https:\\\/\\\/ranoja.ee\\\/?s={search_term_string}\"},\"query-input\":{\"@type\":\"PropertyValueSpecification\",\"valueRequired\":true,\"valueName\":\"search_term_string\"}}],\"inLanguage\":\"en-US\"},{\"@type\":\"Organization\",\"@id\":\"https:\\\/\\\/ranoja.ee\\\/#organization\",\"name\":\"Ranoja O\u00dc\",\"url\":\"https:\\\/\\\/ranoja.ee\\\/\",\"logo\":{\"@type\":\"ImageObject\",\"inLanguage\":\"en-US\",\"@id\":\"https:\\\/\\\/ranoja.ee\\\/#\\\/schema\\\/logo\\\/image\\\/\",\"url\":\"https:\\\/\\\/ranoja.ee\\\/wp-content\\\/uploads\\\/2023\\\/11\\\/ranoja-Logo.png\",\"contentUrl\":\"https:\\\/\\\/ranoja.ee\\\/wp-content\\\/uploads\\\/2023\\\/11\\\/ranoja-Logo.png\",\"width\":207,\"height\":58,\"caption\":\"Ranoja O\u00dc\"},\"image\":{\"@id\":\"https:\\\/\\\/ranoja.ee\\\/#\\\/schema\\\/logo\\\/image\\\/\"},\"sameAs\":[\"https:\\\/\\\/www.facebook.com\\\/ranoja.ee\",\"https:\\\/\\\/www.instagram.com\\\/ranoja__\\\/\"]}]}<\/script>\n<!-- \/ Yoast SEO plugin. -->","yoast_head_json":{"title":"FIXUS DESTILLEERITUD VESI 25L","description":"FIXUS DESTILLEERITUD VESI 25L, Toode on valmistatud p\u00f6\u00f6rdosmoos meetodil, Ei sobi meditsiiniliseks kasutamiseks, Ei sobi joogiks.","robots":{"index":"index","follow":"follow","max-snippet":"max-snippet:-1","max-image-preview":"max-image-preview:large","max-video-preview":"max-video-preview:-1"},"canonical":"https:\/\/ranoja.ee\/toode\/fixus-destilleeritud-vesi-25l\/","og_locale":"en_US","og_type":"article","og_title":"FIXUS DESTILLEERITUD VESI 25L","og_description":"FIXUS DESTILLEERITUD VESI 25L, Toode on valmistatud p\u00f6\u00f6rdosmoos meetodil, Ei sobi meditsiiniliseks kasutamiseks, Ei sobi joogiks.","og_url":"https:\/\/ranoja.ee\/toode\/fixus-destilleeritud-vesi-25l\/","og_site_name":"Ranoja","article_publisher":"https:\/\/www.facebook.com\/ranoja.ee","article_modified_time":"2025-12-10T13:13:12+00:00","og_image":[{"width":318,"height":396,"url":"https:\/\/ranoja.ee\/wp-content\/uploads\/2024\/03\/FIXUS-DESTILLEERITUD-VESI-25L.png","type":"image\/png"}],"twitter_card":"summary_large_image","twitter_misc":{"Est. reading time":"2 minutes"},"schema":{"@context":"https:\/\/schema.org","@graph":[{"@type":"WebPage","@id":"https:\/\/ranoja.ee\/toode\/fixus-destilleeritud-vesi-25l\/","url":"https:\/\/ranoja.ee\/toode\/fixus-destilleeritud-vesi-25l\/","name":"FIXUS DESTILLEERITUD VESI 25L","isPartOf":{"@id":"https:\/\/ranoja.ee\/#website"},"primaryImageOfPage":{"@id":"https:\/\/ranoja.ee\/toode\/fixus-destilleeritud-vesi-25l\/#primaryimage"},"image":{"@id":"https:\/\/ranoja.ee\/toode\/fixus-destilleeritud-vesi-25l\/#primaryimage"},"thumbnailUrl":"https:\/\/ranoja.ee\/wp-content\/uploads\/2024\/03\/FIXUS-DESTILLEERITUD-VESI-25L.png","datePublished":"2024-11-12T11:18:12+00:00","dateModified":"2025-12-10T13:13:12+00:00","description":"FIXUS DESTILLEERITUD VESI 25L, Toode on valmistatud p\u00f6\u00f6rdosmoos meetodil, Ei sobi meditsiiniliseks kasutamiseks, Ei sobi joogiks.","breadcrumb":{"@id":"https:\/\/ranoja.ee\/toode\/fixus-destilleeritud-vesi-25l\/#breadcrumb"},"inLanguage":"en-US","potentialAction":[{"@type":"ReadAction","target":["https:\/\/ranoja.ee\/toode\/fixus-destilleeritud-vesi-25l\/"]}]},{"@type":"ImageObject","inLanguage":"en-US","@id":"https:\/\/ranoja.ee\/toode\/fixus-destilleeritud-vesi-25l\/#primaryimage","url":"https:\/\/ranoja.ee\/wp-content\/uploads\/2024\/03\/FIXUS-DESTILLEERITUD-VESI-25L.png","contentUrl":"https:\/\/ranoja.ee\/wp-content\/uploads\/2024\/03\/FIXUS-DESTILLEERITUD-VESI-25L.png","width":318,"height":396,"caption":"FIXUS DESTILLEERITUD VESI 25L"},{"@type":"BreadcrumbList","@id":"https:\/\/ranoja.ee\/toode\/fixus-destilleeritud-vesi-25l\/#breadcrumb","itemListElement":[{"@type":"ListItem","position":1,"name":"Home","item":"https:\/\/ranoja.ee\/"},{"@type":"ListItem","position":2,"name":"Shop","item":"https:\/\/ranoja.ee\/en\/shop\/"},{"@type":"ListItem","position":3,"name":"FIXUS DESTILLEERITUD VESI 25L"}]},{"@type":"WebSite","@id":"https:\/\/ranoja.ee\/#website","url":"https:\/\/ranoja.ee\/","name":"Ranoja","description":"Equipment Shop WooCommerce WordPress Theme for Machine &amp; Tools","publisher":{"@id":"https:\/\/ranoja.ee\/#organization"},"potentialAction":[{"@type":"SearchAction","target":{"@type":"EntryPoint","urlTemplate":"https:\/\/ranoja.ee\/?s={search_term_string}"},"query-input":{"@type":"PropertyValueSpecification","valueRequired":true,"valueName":"search_term_string"}}],"inLanguage":"en-US"},{"@type":"Organization","@id":"https:\/\/ranoja.ee\/#organization","name":"Ranoja O\u00dc","url":"https:\/\/ranoja.ee\/","logo":{"@type":"ImageObject","inLanguage":"en-US","@id":"https:\/\/ranoja.ee\/#\/schema\/logo\/image\/","url":"https:\/\/ranoja.ee\/wp-content\/uploads\/2023\/11\/ranoja-Logo.png","contentUrl":"https:\/\/ranoja.ee\/wp-content\/uploads\/2023\/11\/ranoja-Logo.png","width":207,"height":58,"caption":"Ranoja O\u00dc"},"image":{"@id":"https:\/\/ranoja.ee\/#\/schema\/logo\/image\/"},"sameAs":["https:\/\/www.facebook.com\/ranoja.ee","https:\/\/www.instagram.com\/ranoja__\/"]}]}},"_links":{"self":[{"href":"https:\/\/ranoja.ee\/en\/wp-json\/wp\/v2\/product\/13287","targetHints":{"allow":["GET"]}}],"collection":[{"href":"https:\/\/ranoja.ee\/en\/wp-json\/wp\/v2\/product"}],"about":[{"href":"https:\/\/ranoja.ee\/en\/wp-json\/wp\/v2\/types\/product"}],"wp:featuredmedia":[{"embeddable":true,"href":"https:\/\/ranoja.ee\/en\/wp-json\/wp\/v2\/media\/13278"}],"wp:attachment":[{"href":"https:\/\/ranoja.ee\/en\/wp-json\/wp\/v2\/media?parent=13287"}],"wp:term":[{"taxonomy":"product_cat","embeddable":true,"href":"https:\/\/ranoja.ee\/en\/wp-json\/wp\/v2\/product_cat?post=13287"},{"taxonomy":"product_tag","embeddable":true,"href":"https:\/\/ranoja.ee\/en\/wp-json\/wp\/v2\/product_tag?post=13287"}],"curies":[{"name":"wp","href":"https:\/\/api.w.org\/{rel}","templated":true}]}}