{"id":13235,"date":"2024-11-11T17:25:16","date_gmt":"2024-11-11T14:25:16","guid":{"rendered":"https:\/\/ranoja.ee\/?post_type=product&#038;p=13235"},"modified":"2025-12-10T13:14:43","modified_gmt":"2025-12-10T10:14:43","slug":"michelin-kompressor-270l-55kw","status":"publish","type":"product","link":"https:\/\/ranoja.ee\/en\/toode\/michelin-kompressor-270l-55kw\/","title":{"rendered":"Michelin kompressor 270L 5,5kw"},"content":{"rendered":"<p>Michelin kompressor 270L 5,5kw on v\u00e4ga kasulik ja mitmek\u00fclgne t\u00f6\u00f6riist, mis leiab majapidamises palju rakendusi. \u00dcks levinumaid kasutusviise on rehvide t\u00e4itmine \u2013 kompressor v\u00f5imaldab kiiresti ja mugavalt pumbata \u00f5hku auto, jalgratta, murutraktori v\u00f5i k\u00e4rurehvidesse, tagades s\u00f5idukite ohutuse ja optimaalse k\u00fctusekulu. Lisaks rehvidele saab kompressoriga t\u00e4ita ka erinevaid \u00f5hkpatju, kummipaate ja m\u00e4nguasju, mis on eriti praktiline suvel.<\/p>\n<p>Kodustes remondi- ja hooldust\u00f6\u00f6des on kompressor samuti asendamatu. Seda saab kasutada mitmesuguste t\u00f6\u00f6riistade, nagu naelap\u00fcstolite, v\u00e4rvip\u00fcstolite ja \u00f5hupuhastajate, t\u00f6\u00f6le rakendamiseks. Naelap\u00fcstolite ja klambrip\u00fcstolite puhul muudab kompressoriga t\u00f6\u00f6tamine protsessi kiiremaks ja t\u00e4psemaks, kuna see v\u00f5imaldab suurendada l\u00f6\u00f6gij\u00f5udu ja t\u00f6\u00f6tempot. V\u00e4rvip\u00fcstoli kasutamisel tagab kompressor \u00fchtlase ja sileda v\u00e4rvikihi, mis on eriti vajalik, kui soovitakse v\u00e4rvida suuri pindu, n\u00e4iteks m\u00f6\u00f6blit v\u00f5i seinu.<\/p>\n<p>Michelin kompressor 270L 5,5kw saab t\u00f5husalt ka puhastada tolmu ja mustust kohtadest, kuhu tavaline tolmuimeja v\u00f5i lapiga ligi ei p\u00e4\u00e4se, n\u00e4iteks t\u00f6\u00f6riistadelt, garaa\u017einurkadest ja keerukate kujundustega pindadelt. See on eriti kasulik masinaosade, t\u00f6\u00f6riistade ja filtrite puhastamisel.<\/p>\n<p>Kokkuv\u00f5ttes on kompressor majapidamises h\u00e4davajalik, sest see v\u00f5imaldab kiiresti t\u00e4ita rehve ja \u00f5hkp\u00f5hiseid esemeid, toetab koduseid remondit\u00f6id ning aitab kaasa t\u00f5husale puhastamisele. See on t\u00f6\u00f6kindel ja mitmeotstarbeline abivahend, mis muudab kodused hooldus- ja puhastust\u00f6\u00f6d lihtsamaks ja mugavamaks.<\/p>\n<p>CEDRUS on \u00fcks suurimaid aiandusmasinate, t\u00f6\u00f6riistade ning metsandus tarvikute edasim\u00fc\u00fcjaid Poolas.<br \/>\nMeie eesm\u00e4rk on pakkuda klientidele k\u00f5rgeima kvaliteediga tooteid konkurentsiv\u00f5imeliste hindadega.<br \/>\nAlates 2016. aastast oleme arendanud ka oma kaubam\u00e4rgi all olevat tootesarja Cedrus.<br \/>\nHetkel pakume enam kui 100 t\u00fc\u00fcpi CEDRUS kaubam\u00e4rgi aia- ja ehitusmasinaid, samuti k\u00f5iki hooldustarvikuid ja varuosi.<br \/>\n<img decoding=\"async\" src=\"https:\/\/www.ranoja.ee\/wp-content\/uploads\/2023\/07\/cedrus-logo-vaike-1-300x99.png\" alt=\"\" width=\"300\" height=\"99\" class=\"alignnone size-medium wp-image-5896\" srcset=\"https:\/\/ranoja.ee\/wp-content\/uploads\/2023\/07\/cedrus-logo-vaike-1-300x99.png 300w, https:\/\/ranoja.ee\/wp-content\/uploads\/2023\/07\/cedrus-logo-vaike-1.png 431w\" sizes=\"(max-width: 300px) 100vw, 300px\" \/><\/p>\n","protected":false},"excerpt":{"rendered":"<p>Michelin kompressor 270L 5,5kw<br \/>\n\u00d5hupaak: 270L<br \/>\nToide: 400V\/3faasi<br \/>\nV\u00f5imsus: 5,5kW<br \/>\nJ\u00f5udlus: 620L\/min- 6 bar vastusurvel<br \/>\nT\u00f6\u00f6surve : max. 10 bar<br \/>\nAjam: rihm\u00fclekanne<br \/>\nAuto start-stop<br \/>\nL\u00e4bi r\u00f5hul\u00fcliti ressiivri r\u00f5hu manomeeter<br \/>\nManomeetriga surveregulaator<br \/>\n<strong>Seadme eeldatav tarneaeg 1-7 t\u00f6\u00f6p\u00e4eva<\/strong><\/p>\n","protected":false},"featured_media":13236,"template":"","meta":{"inline_featured_image":false},"product_cat":[1090,120],"product_tag":[591,1637,1639,137,590,292,1638,592],"class_list":{"0":"post-13235","1":"product","2":"type-product","3":"status-publish","4":"has-post-thumbnail","6":"product_brand-michelin","7":"product_cat-ehitustehnika","8":"product_cat-kompressorid","9":"product_tag-100l","10":"product_tag-282-10-270598","11":"product_tag-282-10-270858","12":"product_tag-cedrus","13":"product_tag-km100","14":"product_tag-kompressor","15":"product_tag-michelin","16":"product_tag-ohukompressor","18":"first","19":"instock","20":"taxable","21":"shipping-taxable","22":"purchasable","23":"product-type-simple"},"yoast_head":"<!-- This site is optimized with the Yoast SEO plugin v27.4 - https:\/\/yoast.com\/product\/yoast-seo-wordpress\/ -->\n<title>Michelin kompressor 270L 5,5kw<\/title>\n<meta name=\"description\" content=\"Michelin kompressor 270L 5,5kw, rihmajamiga, tootlikus 620l\/min, max. t\u00f6\u00f6surve 10bar, mootor 5,5kw, 400V, 3-faasi, auto start-stop,\" \/>\n<meta name=\"robots\" content=\"index, follow, max-snippet:-1, max-image-preview:large, max-video-preview:-1\" \/>\n<link rel=\"canonical\" href=\"https:\/\/ranoja.ee\/toode\/michelin-kompressor-270l-55kw\/\" \/>\n<meta property=\"og:locale\" content=\"en_US\" \/>\n<meta property=\"og:type\" content=\"article\" \/>\n<meta property=\"og:title\" content=\"Michelin kompressor 270L 5,5kw\" \/>\n<meta property=\"og:description\" content=\"Michelin kompressor 270L 5,5kw, rihmajamiga, tootlikus 620l\/min, max. t\u00f6\u00f6surve 10bar, mootor 5,5kw, 400V, 3-faasi, auto start-stop,\" \/>\n<meta property=\"og:url\" content=\"https:\/\/ranoja.ee\/toode\/michelin-kompressor-270l-55kw\/\" \/>\n<meta property=\"og:site_name\" content=\"Ranoja\" \/>\n<meta property=\"article:publisher\" content=\"https:\/\/www.facebook.com\/ranoja.ee\" \/>\n<meta property=\"article:modified_time\" content=\"2025-12-10T10:14:43+00:00\" \/>\n<meta property=\"og:image\" content=\"https:\/\/ranoja.ee\/wp-content\/uploads\/2024\/11\/Michelin-kompressor-270L-55kw.png\" \/>\n\t<meta property=\"og:image:width\" content=\"385\" \/>\n\t<meta property=\"og:image:height\" content=\"397\" \/>\n\t<meta property=\"og:image:type\" content=\"image\/png\" \/>\n<meta name=\"twitter:card\" content=\"summary_large_image\" \/>\n<meta name=\"twitter:label1\" content=\"Est. reading time\" \/>\n\t<meta name=\"twitter:data1\" content=\"2 minutes\" \/>\n<script type=\"application\/ld+json\" class=\"yoast-schema-graph\">{\"@context\":\"https:\\\/\\\/schema.org\",\"@graph\":[{\"@type\":\"WebPage\",\"@id\":\"https:\\\/\\\/ranoja.ee\\\/toode\\\/michelin-kompressor-270l-55kw\\\/\",\"url\":\"https:\\\/\\\/ranoja.ee\\\/toode\\\/michelin-kompressor-270l-55kw\\\/\",\"name\":\"Michelin kompressor 270L 5,5kw\",\"isPartOf\":{\"@id\":\"https:\\\/\\\/ranoja.ee\\\/#website\"},\"primaryImageOfPage\":{\"@id\":\"https:\\\/\\\/ranoja.ee\\\/toode\\\/michelin-kompressor-270l-55kw\\\/#primaryimage\"},\"image\":{\"@id\":\"https:\\\/\\\/ranoja.ee\\\/toode\\\/michelin-kompressor-270l-55kw\\\/#primaryimage\"},\"thumbnailUrl\":\"https:\\\/\\\/ranoja.ee\\\/wp-content\\\/uploads\\\/2024\\\/11\\\/Michelin-kompressor-270L-55kw.png\",\"datePublished\":\"2024-11-11T14:25:16+00:00\",\"dateModified\":\"2025-12-10T10:14:43+00:00\",\"description\":\"Michelin kompressor 270L 5,5kw, rihmajamiga, tootlikus 620l\\\/min, max. t\u00f6\u00f6surve 10bar, mootor 5,5kw, 400V, 3-faasi, auto start-stop,\",\"breadcrumb\":{\"@id\":\"https:\\\/\\\/ranoja.ee\\\/toode\\\/michelin-kompressor-270l-55kw\\\/#breadcrumb\"},\"inLanguage\":\"en-US\",\"potentialAction\":[{\"@type\":\"ReadAction\",\"target\":[\"https:\\\/\\\/ranoja.ee\\\/toode\\\/michelin-kompressor-270l-55kw\\\/\"]}]},{\"@type\":\"ImageObject\",\"inLanguage\":\"en-US\",\"@id\":\"https:\\\/\\\/ranoja.ee\\\/toode\\\/michelin-kompressor-270l-55kw\\\/#primaryimage\",\"url\":\"https:\\\/\\\/ranoja.ee\\\/wp-content\\\/uploads\\\/2024\\\/11\\\/Michelin-kompressor-270L-55kw.png\",\"contentUrl\":\"https:\\\/\\\/ranoja.ee\\\/wp-content\\\/uploads\\\/2024\\\/11\\\/Michelin-kompressor-270L-55kw.png\",\"width\":385,\"height\":397,\"caption\":\"Michelin kompressor 270L 5,5kw\"},{\"@type\":\"BreadcrumbList\",\"@id\":\"https:\\\/\\\/ranoja.ee\\\/toode\\\/michelin-kompressor-270l-55kw\\\/#breadcrumb\",\"itemListElement\":[{\"@type\":\"ListItem\",\"position\":1,\"name\":\"Home\",\"item\":\"https:\\\/\\\/ranoja.ee\\\/\"},{\"@type\":\"ListItem\",\"position\":2,\"name\":\"Shop\",\"item\":\"https:\\\/\\\/ranoja.ee\\\/en\\\/shop\\\/\"},{\"@type\":\"ListItem\",\"position\":3,\"name\":\"Michelin kompressor 270L 5,5kw\"}]},{\"@type\":\"WebSite\",\"@id\":\"https:\\\/\\\/ranoja.ee\\\/#website\",\"url\":\"https:\\\/\\\/ranoja.ee\\\/\",\"name\":\"Ranoja\",\"description\":\"Equipment Shop WooCommerce WordPress Theme for Machine &amp; Tools\",\"publisher\":{\"@id\":\"https:\\\/\\\/ranoja.ee\\\/#organization\"},\"potentialAction\":[{\"@type\":\"SearchAction\",\"target\":{\"@type\":\"EntryPoint\",\"urlTemplate\":\"https:\\\/\\\/ranoja.ee\\\/?s={search_term_string}\"},\"query-input\":{\"@type\":\"PropertyValueSpecification\",\"valueRequired\":true,\"valueName\":\"search_term_string\"}}],\"inLanguage\":\"en-US\"},{\"@type\":\"Organization\",\"@id\":\"https:\\\/\\\/ranoja.ee\\\/#organization\",\"name\":\"Ranoja O\u00dc\",\"url\":\"https:\\\/\\\/ranoja.ee\\\/\",\"logo\":{\"@type\":\"ImageObject\",\"inLanguage\":\"en-US\",\"@id\":\"https:\\\/\\\/ranoja.ee\\\/#\\\/schema\\\/logo\\\/image\\\/\",\"url\":\"https:\\\/\\\/ranoja.ee\\\/wp-content\\\/uploads\\\/2023\\\/11\\\/ranoja-Logo.png\",\"contentUrl\":\"https:\\\/\\\/ranoja.ee\\\/wp-content\\\/uploads\\\/2023\\\/11\\\/ranoja-Logo.png\",\"width\":207,\"height\":58,\"caption\":\"Ranoja O\u00dc\"},\"image\":{\"@id\":\"https:\\\/\\\/ranoja.ee\\\/#\\\/schema\\\/logo\\\/image\\\/\"},\"sameAs\":[\"https:\\\/\\\/www.facebook.com\\\/ranoja.ee\",\"https:\\\/\\\/www.instagram.com\\\/ranoja__\\\/\"]}]}<\/script>\n<!-- \/ Yoast SEO plugin. -->","yoast_head_json":{"title":"Michelin kompressor 270L 5,5kw","description":"Michelin kompressor 270L 5,5kw, rihmajamiga, tootlikus 620l\/min, max. t\u00f6\u00f6surve 10bar, mootor 5,5kw, 400V, 3-faasi, auto start-stop,","robots":{"index":"index","follow":"follow","max-snippet":"max-snippet:-1","max-image-preview":"max-image-preview:large","max-video-preview":"max-video-preview:-1"},"canonical":"https:\/\/ranoja.ee\/toode\/michelin-kompressor-270l-55kw\/","og_locale":"en_US","og_type":"article","og_title":"Michelin kompressor 270L 5,5kw","og_description":"Michelin kompressor 270L 5,5kw, rihmajamiga, tootlikus 620l\/min, max. t\u00f6\u00f6surve 10bar, mootor 5,5kw, 400V, 3-faasi, auto start-stop,","og_url":"https:\/\/ranoja.ee\/toode\/michelin-kompressor-270l-55kw\/","og_site_name":"Ranoja","article_publisher":"https:\/\/www.facebook.com\/ranoja.ee","article_modified_time":"2025-12-10T10:14:43+00:00","og_image":[{"width":385,"height":397,"url":"https:\/\/ranoja.ee\/wp-content\/uploads\/2024\/11\/Michelin-kompressor-270L-55kw.png","type":"image\/png"}],"twitter_card":"summary_large_image","twitter_misc":{"Est. reading time":"2 minutes"},"schema":{"@context":"https:\/\/schema.org","@graph":[{"@type":"WebPage","@id":"https:\/\/ranoja.ee\/toode\/michelin-kompressor-270l-55kw\/","url":"https:\/\/ranoja.ee\/toode\/michelin-kompressor-270l-55kw\/","name":"Michelin kompressor 270L 5,5kw","isPartOf":{"@id":"https:\/\/ranoja.ee\/#website"},"primaryImageOfPage":{"@id":"https:\/\/ranoja.ee\/toode\/michelin-kompressor-270l-55kw\/#primaryimage"},"image":{"@id":"https:\/\/ranoja.ee\/toode\/michelin-kompressor-270l-55kw\/#primaryimage"},"thumbnailUrl":"https:\/\/ranoja.ee\/wp-content\/uploads\/2024\/11\/Michelin-kompressor-270L-55kw.png","datePublished":"2024-11-11T14:25:16+00:00","dateModified":"2025-12-10T10:14:43+00:00","description":"Michelin kompressor 270L 5,5kw, rihmajamiga, tootlikus 620l\/min, max. t\u00f6\u00f6surve 10bar, mootor 5,5kw, 400V, 3-faasi, auto start-stop,","breadcrumb":{"@id":"https:\/\/ranoja.ee\/toode\/michelin-kompressor-270l-55kw\/#breadcrumb"},"inLanguage":"en-US","potentialAction":[{"@type":"ReadAction","target":["https:\/\/ranoja.ee\/toode\/michelin-kompressor-270l-55kw\/"]}]},{"@type":"ImageObject","inLanguage":"en-US","@id":"https:\/\/ranoja.ee\/toode\/michelin-kompressor-270l-55kw\/#primaryimage","url":"https:\/\/ranoja.ee\/wp-content\/uploads\/2024\/11\/Michelin-kompressor-270L-55kw.png","contentUrl":"https:\/\/ranoja.ee\/wp-content\/uploads\/2024\/11\/Michelin-kompressor-270L-55kw.png","width":385,"height":397,"caption":"Michelin kompressor 270L 5,5kw"},{"@type":"BreadcrumbList","@id":"https:\/\/ranoja.ee\/toode\/michelin-kompressor-270l-55kw\/#breadcrumb","itemListElement":[{"@type":"ListItem","position":1,"name":"Home","item":"https:\/\/ranoja.ee\/"},{"@type":"ListItem","position":2,"name":"Shop","item":"https:\/\/ranoja.ee\/en\/shop\/"},{"@type":"ListItem","position":3,"name":"Michelin kompressor 270L 5,5kw"}]},{"@type":"WebSite","@id":"https:\/\/ranoja.ee\/#website","url":"https:\/\/ranoja.ee\/","name":"Ranoja","description":"Equipment Shop WooCommerce WordPress Theme for Machine &amp; Tools","publisher":{"@id":"https:\/\/ranoja.ee\/#organization"},"potentialAction":[{"@type":"SearchAction","target":{"@type":"EntryPoint","urlTemplate":"https:\/\/ranoja.ee\/?s={search_term_string}"},"query-input":{"@type":"PropertyValueSpecification","valueRequired":true,"valueName":"search_term_string"}}],"inLanguage":"en-US"},{"@type":"Organization","@id":"https:\/\/ranoja.ee\/#organization","name":"Ranoja O\u00dc","url":"https:\/\/ranoja.ee\/","logo":{"@type":"ImageObject","inLanguage":"en-US","@id":"https:\/\/ranoja.ee\/#\/schema\/logo\/image\/","url":"https:\/\/ranoja.ee\/wp-content\/uploads\/2023\/11\/ranoja-Logo.png","contentUrl":"https:\/\/ranoja.ee\/wp-content\/uploads\/2023\/11\/ranoja-Logo.png","width":207,"height":58,"caption":"Ranoja O\u00dc"},"image":{"@id":"https:\/\/ranoja.ee\/#\/schema\/logo\/image\/"},"sameAs":["https:\/\/www.facebook.com\/ranoja.ee","https:\/\/www.instagram.com\/ranoja__\/"]}]}},"_links":{"self":[{"href":"https:\/\/ranoja.ee\/en\/wp-json\/wp\/v2\/product\/13235","targetHints":{"allow":["GET"]}}],"collection":[{"href":"https:\/\/ranoja.ee\/en\/wp-json\/wp\/v2\/product"}],"about":[{"href":"https:\/\/ranoja.ee\/en\/wp-json\/wp\/v2\/types\/product"}],"wp:featuredmedia":[{"embeddable":true,"href":"https:\/\/ranoja.ee\/en\/wp-json\/wp\/v2\/media\/13236"}],"wp:attachment":[{"href":"https:\/\/ranoja.ee\/en\/wp-json\/wp\/v2\/media?parent=13235"}],"wp:term":[{"taxonomy":"product_cat","embeddable":true,"href":"https:\/\/ranoja.ee\/en\/wp-json\/wp\/v2\/product_cat?post=13235"},{"taxonomy":"product_tag","embeddable":true,"href":"https:\/\/ranoja.ee\/en\/wp-json\/wp\/v2\/product_tag?post=13235"}],"curies":[{"name":"wp","href":"https:\/\/api.w.org\/{rel}","templated":true}]}}