{"id":13207,"date":"2024-11-11T14:10:13","date_gmt":"2024-11-11T11:10:13","guid":{"rendered":"https:\/\/ranoja.ee\/?post_type=product&#038;p=13207"},"modified":"2025-12-10T16:14:07","modified_gmt":"2025-12-10T13:14:07","slug":"veokois-1600-kg-4m","status":"publish","type":"product","link":"https:\/\/ranoja.ee\/en\/toode\/veokois-1600-kg-4m\/","title":{"rendered":"VEOK\u00d6IS 1600 KG 4m"},"content":{"rendered":"<p>VEOK\u00d6IS 1600 KG 4m on s\u00f5idukite v\u00e4lja t\u00f5mbamisel asendamatu abivahend. V\u00f5imaldab t\u00f5husalt ja turvaliselt aidata kinni j\u00e4\u00e4nud s\u00f5idukeid rasketes oludes, nagu n\u00e4iteks mudas, lumes v\u00f5i liivas. Seda kasutatakse sageli off-road s\u00f5itudel, talvistes oludes ja ka maanteel juhul kui s\u00f5iduk on sattunud teelt v\u00e4lja. Veok\u00f6ie paindlikkus ja vastupidavus muudavad selle ideaalseks vahendiks. Veok\u00f6is suudab taluda suuri t\u00f5mbej\u00f5ude ning \u00e4kilisi j\u00f5uk\u00f5ikumisi, mis tekivad raskema s\u00f5iduki vedamisel.<\/p>\n<p>Veok\u00f6ied on tavaliselt valmistatud tugevast materjalist, n\u00e4iteks nailonist v\u00f5i pol\u00fcestrist, mis taluvad suurt koormust ja on venivad. Aidates \u00fchtlustada t\u00f5mbej\u00f5udu ja v\u00e4hendada j\u00e4rske pingeid k\u00f6iel ja s\u00f5idukitel. Venivus on s\u00f5iduki v\u00e4lja t\u00f5mbamisel oluline, kuna see v\u00e4hendab \u00e4kilist koormust nii kinni j\u00e4\u00e4nud kui ka t\u00f5mbava s\u00f5iduki kinnituskohale, v\u00e4ltides kahjustusi. Nailonk\u00f6ied on eriti populaarsed just nende venivuse t\u00f5ttu, mis aitab tasakaalustada t\u00f5mbeid, muutes protsessi sujuvamaks ja ohutumaks.<\/p>\n<p>VEOK\u00d6IS 1600 KG 4m pikkus ja tugevus on olulised omadused, sest need m\u00e4\u00e4ravad, milliseid s\u00f5idukeid ja millistes tingimustes on v\u00f5imalik t\u00f5husalt liigutada. Pikk k\u00f6is annab ruumi man\u00f6\u00f6verdada ja hoiab t\u00f5mbes\u00f5iduki ohutus kauguses, v\u00e4ltides olukorda, kus t\u00f5mmatav s\u00f5iduk v\u00f5iks ootamatult liikudes teisele kahjustusi tekitada.<\/p>\n<p>Veok\u00f6ied on tavaliselt varustatud tugevate kinnituste v\u00f5i aasadega, mis v\u00f5imaldavad kiiret ja kindlat \u00fchendamist. Turvalisuse tagamiseks on oluline veenduda, et k\u00f6is on kinnitatud kindlatesse t\u00f5mbe- v\u00f5i pukseerimispunktidesse, et v\u00e4ltida selle libisemist v\u00f5i purunemist. Veok\u00f6ie kasutamine \u00f5igesti aitab ennetada kahjustusi s\u00f5idukitele ja vigastusi inimestele.<\/p>\n","protected":false},"excerpt":{"rendered":"<p>Veok\u00f6is<br \/>\nT\u00f5mbetugevus 1600kg<br \/>\nPikkus 4m<br \/>\nVarustatud metallkonksudega ja m\u00e4rgistuslipuga<br \/>\nSobib tarbes\u00f5idukitele<br \/>\n<strong>Seadme eeldatav tarneaeg 1-7 t\u00f6\u00f6p\u00e4eva<\/strong><\/p>\n","protected":false},"featured_media":13208,"template":"","meta":{"inline_featured_image":false},"product_cat":[1253,1123],"product_tag":[1618,1621,1626,1629,1619,1622,1620,1628,1627],"class_list":{"0":"post-13207","1":"product","2":"type-product","3":"status-publish","4":"has-post-thumbnail","6":"product_cat-muud-varuosad","7":"product_cat-varuosad","8":"product_tag-792-sl35","9":"product_tag-792-sl50","10":"product_tag-937-11","11":"product_tag-937-2k","12":"product_tag-koormarihm","13":"product_tag-koormarihm-10m","14":"product_tag-koormarihm-6m","15":"product_tag-veniv-veokois","16":"product_tag-veokois","18":"first","19":"instock","20":"taxable","21":"shipping-taxable","22":"purchasable","23":"product-type-simple"},"yoast_head":"<!-- This site is optimized with the Yoast SEO plugin v27.4 - https:\/\/yoast.com\/product\/yoast-seo-wordpress\/ -->\n<title>VEOK\u00d6IS 1600 KG 4m<\/title>\n<meta name=\"description\" content=\"Veniv veok\u00f6is 1600 kg, pikkus 4 m. Sobib ideaalselt s\u00f5idukite ja maasturite v\u00e4ljat\u00f5mbamiseks. V\u00e4ga kompaktne kaasa v\u00f5tmiseks.\" \/>\n<meta name=\"robots\" content=\"index, follow, max-snippet:-1, max-image-preview:large, max-video-preview:-1\" \/>\n<link rel=\"canonical\" href=\"https:\/\/ranoja.ee\/toode\/veokois-1600-kg-4m\/\" \/>\n<meta property=\"og:locale\" content=\"en_US\" \/>\n<meta property=\"og:type\" content=\"article\" \/>\n<meta property=\"og:title\" content=\"VEOK\u00d6IS 1600 KG 4m\" \/>\n<meta property=\"og:description\" content=\"Veniv veok\u00f6is 1600 kg, pikkus 4 m. Sobib ideaalselt s\u00f5idukite ja maasturite v\u00e4ljat\u00f5mbamiseks. V\u00e4ga kompaktne kaasa v\u00f5tmiseks.\" \/>\n<meta property=\"og:url\" content=\"https:\/\/ranoja.ee\/toode\/veokois-1600-kg-4m\/\" \/>\n<meta property=\"og:site_name\" content=\"Ranoja\" \/>\n<meta property=\"article:publisher\" content=\"https:\/\/www.facebook.com\/ranoja.ee\" \/>\n<meta property=\"article:modified_time\" content=\"2025-12-10T13:14:07+00:00\" \/>\n<meta property=\"og:image\" content=\"https:\/\/ranoja.ee\/wp-content\/uploads\/2024\/11\/VEOKOIS-VENIV-1600-KG-4m.png\" \/>\n\t<meta property=\"og:image:width\" content=\"271\" \/>\n\t<meta property=\"og:image:height\" content=\"297\" \/>\n\t<meta property=\"og:image:type\" content=\"image\/png\" \/>\n<meta name=\"twitter:card\" content=\"summary_large_image\" \/>\n<meta name=\"twitter:label1\" content=\"Est. reading time\" \/>\n\t<meta name=\"twitter:data1\" content=\"2 minutes\" \/>\n<script type=\"application\/ld+json\" class=\"yoast-schema-graph\">{\"@context\":\"https:\\\/\\\/schema.org\",\"@graph\":[{\"@type\":\"WebPage\",\"@id\":\"https:\\\/\\\/ranoja.ee\\\/toode\\\/veokois-1600-kg-4m\\\/\",\"url\":\"https:\\\/\\\/ranoja.ee\\\/toode\\\/veokois-1600-kg-4m\\\/\",\"name\":\"VEOK\u00d6IS 1600 KG 4m\",\"isPartOf\":{\"@id\":\"https:\\\/\\\/ranoja.ee\\\/#website\"},\"primaryImageOfPage\":{\"@id\":\"https:\\\/\\\/ranoja.ee\\\/toode\\\/veokois-1600-kg-4m\\\/#primaryimage\"},\"image\":{\"@id\":\"https:\\\/\\\/ranoja.ee\\\/toode\\\/veokois-1600-kg-4m\\\/#primaryimage\"},\"thumbnailUrl\":\"https:\\\/\\\/ranoja.ee\\\/wp-content\\\/uploads\\\/2024\\\/11\\\/VEOKOIS-VENIV-1600-KG-4m.png\",\"datePublished\":\"2024-11-11T11:10:13+00:00\",\"dateModified\":\"2025-12-10T13:14:07+00:00\",\"description\":\"Veniv veok\u00f6is 1600 kg, pikkus 4 m. Sobib ideaalselt s\u00f5idukite ja maasturite v\u00e4ljat\u00f5mbamiseks. V\u00e4ga kompaktne kaasa v\u00f5tmiseks.\",\"breadcrumb\":{\"@id\":\"https:\\\/\\\/ranoja.ee\\\/toode\\\/veokois-1600-kg-4m\\\/#breadcrumb\"},\"inLanguage\":\"en-US\",\"potentialAction\":[{\"@type\":\"ReadAction\",\"target\":[\"https:\\\/\\\/ranoja.ee\\\/toode\\\/veokois-1600-kg-4m\\\/\"]}]},{\"@type\":\"ImageObject\",\"inLanguage\":\"en-US\",\"@id\":\"https:\\\/\\\/ranoja.ee\\\/toode\\\/veokois-1600-kg-4m\\\/#primaryimage\",\"url\":\"https:\\\/\\\/ranoja.ee\\\/wp-content\\\/uploads\\\/2024\\\/11\\\/VEOKOIS-VENIV-1600-KG-4m.png\",\"contentUrl\":\"https:\\\/\\\/ranoja.ee\\\/wp-content\\\/uploads\\\/2024\\\/11\\\/VEOKOIS-VENIV-1600-KG-4m.png\",\"width\":271,\"height\":297,\"caption\":\"VEOK\u00d6IS 1600 KG 4m\"},{\"@type\":\"BreadcrumbList\",\"@id\":\"https:\\\/\\\/ranoja.ee\\\/toode\\\/veokois-1600-kg-4m\\\/#breadcrumb\",\"itemListElement\":[{\"@type\":\"ListItem\",\"position\":1,\"name\":\"Home\",\"item\":\"https:\\\/\\\/ranoja.ee\\\/\"},{\"@type\":\"ListItem\",\"position\":2,\"name\":\"Shop\",\"item\":\"https:\\\/\\\/ranoja.ee\\\/en\\\/shop\\\/\"},{\"@type\":\"ListItem\",\"position\":3,\"name\":\"VEOK\u00d6IS 1600 KG 4m\"}]},{\"@type\":\"WebSite\",\"@id\":\"https:\\\/\\\/ranoja.ee\\\/#website\",\"url\":\"https:\\\/\\\/ranoja.ee\\\/\",\"name\":\"Ranoja\",\"description\":\"Equipment Shop WooCommerce WordPress Theme for Machine &amp; Tools\",\"publisher\":{\"@id\":\"https:\\\/\\\/ranoja.ee\\\/#organization\"},\"potentialAction\":[{\"@type\":\"SearchAction\",\"target\":{\"@type\":\"EntryPoint\",\"urlTemplate\":\"https:\\\/\\\/ranoja.ee\\\/?s={search_term_string}\"},\"query-input\":{\"@type\":\"PropertyValueSpecification\",\"valueRequired\":true,\"valueName\":\"search_term_string\"}}],\"inLanguage\":\"en-US\"},{\"@type\":\"Organization\",\"@id\":\"https:\\\/\\\/ranoja.ee\\\/#organization\",\"name\":\"Ranoja O\u00dc\",\"url\":\"https:\\\/\\\/ranoja.ee\\\/\",\"logo\":{\"@type\":\"ImageObject\",\"inLanguage\":\"en-US\",\"@id\":\"https:\\\/\\\/ranoja.ee\\\/#\\\/schema\\\/logo\\\/image\\\/\",\"url\":\"https:\\\/\\\/ranoja.ee\\\/wp-content\\\/uploads\\\/2023\\\/11\\\/ranoja-Logo.png\",\"contentUrl\":\"https:\\\/\\\/ranoja.ee\\\/wp-content\\\/uploads\\\/2023\\\/11\\\/ranoja-Logo.png\",\"width\":207,\"height\":58,\"caption\":\"Ranoja O\u00dc\"},\"image\":{\"@id\":\"https:\\\/\\\/ranoja.ee\\\/#\\\/schema\\\/logo\\\/image\\\/\"},\"sameAs\":[\"https:\\\/\\\/www.facebook.com\\\/ranoja.ee\",\"https:\\\/\\\/www.instagram.com\\\/ranoja__\\\/\"]}]}<\/script>\n<!-- \/ Yoast SEO plugin. -->","yoast_head_json":{"title":"VEOK\u00d6IS 1600 KG 4m","description":"Veniv veok\u00f6is 1600 kg, pikkus 4 m. Sobib ideaalselt s\u00f5idukite ja maasturite v\u00e4ljat\u00f5mbamiseks. V\u00e4ga kompaktne kaasa v\u00f5tmiseks.","robots":{"index":"index","follow":"follow","max-snippet":"max-snippet:-1","max-image-preview":"max-image-preview:large","max-video-preview":"max-video-preview:-1"},"canonical":"https:\/\/ranoja.ee\/toode\/veokois-1600-kg-4m\/","og_locale":"en_US","og_type":"article","og_title":"VEOK\u00d6IS 1600 KG 4m","og_description":"Veniv veok\u00f6is 1600 kg, pikkus 4 m. Sobib ideaalselt s\u00f5idukite ja maasturite v\u00e4ljat\u00f5mbamiseks. V\u00e4ga kompaktne kaasa v\u00f5tmiseks.","og_url":"https:\/\/ranoja.ee\/toode\/veokois-1600-kg-4m\/","og_site_name":"Ranoja","article_publisher":"https:\/\/www.facebook.com\/ranoja.ee","article_modified_time":"2025-12-10T13:14:07+00:00","og_image":[{"width":271,"height":297,"url":"https:\/\/ranoja.ee\/wp-content\/uploads\/2024\/11\/VEOKOIS-VENIV-1600-KG-4m.png","type":"image\/png"}],"twitter_card":"summary_large_image","twitter_misc":{"Est. reading time":"2 minutes"},"schema":{"@context":"https:\/\/schema.org","@graph":[{"@type":"WebPage","@id":"https:\/\/ranoja.ee\/toode\/veokois-1600-kg-4m\/","url":"https:\/\/ranoja.ee\/toode\/veokois-1600-kg-4m\/","name":"VEOK\u00d6IS 1600 KG 4m","isPartOf":{"@id":"https:\/\/ranoja.ee\/#website"},"primaryImageOfPage":{"@id":"https:\/\/ranoja.ee\/toode\/veokois-1600-kg-4m\/#primaryimage"},"image":{"@id":"https:\/\/ranoja.ee\/toode\/veokois-1600-kg-4m\/#primaryimage"},"thumbnailUrl":"https:\/\/ranoja.ee\/wp-content\/uploads\/2024\/11\/VEOKOIS-VENIV-1600-KG-4m.png","datePublished":"2024-11-11T11:10:13+00:00","dateModified":"2025-12-10T13:14:07+00:00","description":"Veniv veok\u00f6is 1600 kg, pikkus 4 m. Sobib ideaalselt s\u00f5idukite ja maasturite v\u00e4ljat\u00f5mbamiseks. V\u00e4ga kompaktne kaasa v\u00f5tmiseks.","breadcrumb":{"@id":"https:\/\/ranoja.ee\/toode\/veokois-1600-kg-4m\/#breadcrumb"},"inLanguage":"en-US","potentialAction":[{"@type":"ReadAction","target":["https:\/\/ranoja.ee\/toode\/veokois-1600-kg-4m\/"]}]},{"@type":"ImageObject","inLanguage":"en-US","@id":"https:\/\/ranoja.ee\/toode\/veokois-1600-kg-4m\/#primaryimage","url":"https:\/\/ranoja.ee\/wp-content\/uploads\/2024\/11\/VEOKOIS-VENIV-1600-KG-4m.png","contentUrl":"https:\/\/ranoja.ee\/wp-content\/uploads\/2024\/11\/VEOKOIS-VENIV-1600-KG-4m.png","width":271,"height":297,"caption":"VEOK\u00d6IS 1600 KG 4m"},{"@type":"BreadcrumbList","@id":"https:\/\/ranoja.ee\/toode\/veokois-1600-kg-4m\/#breadcrumb","itemListElement":[{"@type":"ListItem","position":1,"name":"Home","item":"https:\/\/ranoja.ee\/"},{"@type":"ListItem","position":2,"name":"Shop","item":"https:\/\/ranoja.ee\/en\/shop\/"},{"@type":"ListItem","position":3,"name":"VEOK\u00d6IS 1600 KG 4m"}]},{"@type":"WebSite","@id":"https:\/\/ranoja.ee\/#website","url":"https:\/\/ranoja.ee\/","name":"Ranoja","description":"Equipment Shop WooCommerce WordPress Theme for Machine &amp; Tools","publisher":{"@id":"https:\/\/ranoja.ee\/#organization"},"potentialAction":[{"@type":"SearchAction","target":{"@type":"EntryPoint","urlTemplate":"https:\/\/ranoja.ee\/?s={search_term_string}"},"query-input":{"@type":"PropertyValueSpecification","valueRequired":true,"valueName":"search_term_string"}}],"inLanguage":"en-US"},{"@type":"Organization","@id":"https:\/\/ranoja.ee\/#organization","name":"Ranoja O\u00dc","url":"https:\/\/ranoja.ee\/","logo":{"@type":"ImageObject","inLanguage":"en-US","@id":"https:\/\/ranoja.ee\/#\/schema\/logo\/image\/","url":"https:\/\/ranoja.ee\/wp-content\/uploads\/2023\/11\/ranoja-Logo.png","contentUrl":"https:\/\/ranoja.ee\/wp-content\/uploads\/2023\/11\/ranoja-Logo.png","width":207,"height":58,"caption":"Ranoja O\u00dc"},"image":{"@id":"https:\/\/ranoja.ee\/#\/schema\/logo\/image\/"},"sameAs":["https:\/\/www.facebook.com\/ranoja.ee","https:\/\/www.instagram.com\/ranoja__\/"]}]}},"_links":{"self":[{"href":"https:\/\/ranoja.ee\/en\/wp-json\/wp\/v2\/product\/13207","targetHints":{"allow":["GET"]}}],"collection":[{"href":"https:\/\/ranoja.ee\/en\/wp-json\/wp\/v2\/product"}],"about":[{"href":"https:\/\/ranoja.ee\/en\/wp-json\/wp\/v2\/types\/product"}],"wp:featuredmedia":[{"embeddable":true,"href":"https:\/\/ranoja.ee\/en\/wp-json\/wp\/v2\/media\/13208"}],"wp:attachment":[{"href":"https:\/\/ranoja.ee\/en\/wp-json\/wp\/v2\/media?parent=13207"}],"wp:term":[{"taxonomy":"product_cat","embeddable":true,"href":"https:\/\/ranoja.ee\/en\/wp-json\/wp\/v2\/product_cat?post=13207"},{"taxonomy":"product_tag","embeddable":true,"href":"https:\/\/ranoja.ee\/en\/wp-json\/wp\/v2\/product_tag?post=13207"}],"curies":[{"name":"wp","href":"https:\/\/api.w.org\/{rel}","templated":true}]}}