{"id":13089,"date":"2024-11-03T23:56:18","date_gmt":"2024-11-03T20:56:18","guid":{"rendered":"https:\/\/ranoja.ee\/?post_type=product&#038;p=13089"},"modified":"2025-12-12T15:48:34","modified_gmt":"2025-12-12T12:48:34","slug":"eco-heat-curved","status":"publish","type":"product","link":"https:\/\/ranoja.ee\/en\/toode\/eco-heat-curved\/","title":{"rendered":"ECO Heat Curved"},"content":{"rendered":"<p>ECO Heat Curved<\/p>\n<p>Kumer disain suuremaks valgustusalaks<br \/>\nECO Heat Curved LED-bari kumer kuju v\u00f5imaldab valgusel levida laiemalt ja \u00fchtlasemalt, pakkudes optimaalset valgustust kogu s\u00f5iduki ees ja k\u00fclgedel. Kumer disain on kasulik just maastikus\u00f5itudel, kus on vaja valgustada suuremat ala ja tuvastada potentsiaalseid takistusi.<\/p>\n<p>V\u00f5imas ja t\u00f5hus LED-valgustus<br \/>\nECO Heat Curved on varustatud kvaliteetsete LED-idega, mis toodavad eredat ja selget valgust, pakkudes samal ajal ka energias\u00e4\u00e4stlikkust. <\/p>\n<p>LED-tehnoloogia tagab suure valgusj\u00f5u v\u00e4ikese energiatarbega, mist\u00f5ttu sobib see valgusti ideaalselt s\u00f5idukitele, kus on vaja v\u00e4ltida liigset elektris\u00fcsteemi koormamist.<\/p>\n<p>Kestvus ja ilmastikukindlus<br \/>\nLED-bar on loodud vastu pidama rasketes t\u00f6\u00f6- ja ilmastikutingimustes. Selle tugev konstruktsioon talub vibratsiooni, l\u00f6\u00f6ke ja niiskust, mist\u00f5ttu on see t\u00f6\u00f6kindel valik erinevates keskkondades.<br \/>\nAlates tolmustest teedest kuni vihmaste ja poriste oludeni. See LED-bar sobib h\u00e4sti ka intensiivseks igap\u00e4evaseks kasutamiseks.<\/p>\n<p>Energias\u00e4\u00e4stlik ja pika t\u00f6\u00f6eaga<br \/>\nT\u00e4nu LED-tehnoloogiale on ECO Heat Curved pika t\u00f6\u00f6eaga, mis v\u00e4hendab hooldusvajadust ja tagab t\u00f6\u00f6kindluse aastateks. Madal energiatarve ja pikk eluiga aitavad v\u00e4hendada kulusid ja muudavad selle LED-bari suurep\u00e4raseks investeeringuks, pakkudes \u00f6konoomsust ja t\u00f6\u00f6kindlust pikka aega.<\/p>\n<p>Kasutusalad<br \/>\nLED-bar sobib mitmesugusteks kasutusaladeks:<\/p>\n<p>Maastikus\u00f5idukid ja off-road s\u00f5idukid \u2013 ideaalne neile, kes s\u00f5idavad keerulisel maastikul ja vajavad laia valgusvihku, mis valgustab ka k\u00fclgi.<br \/>\nT\u00f6\u00f6masinad ja ehitustehnika \u2013 suurep\u00e4rane valik t\u00f6\u00f6masinatele, mida kasutatakse kehvades ilmastikutingimustes v\u00f5i pimedas, kus on vaja usaldusv\u00e4\u00e4rset ja vastupidavat valgustust.<br \/>\nVeokid ja pikamaa s\u00f5idukid \u2013 annab lisaturvalisust ja n\u00e4htavust pimedas v\u00f5i v\u00e4hese n\u00e4htavusega keskkondades, n\u00e4iteks tolmu v\u00f5i vihma korral.<\/p>\n","protected":false},"excerpt":{"rendered":"<p>M\u00f5\u00f5tmed: 560.00 x 79.00 x 75.00mm<br \/>\nKaal: 3.00kg (net 3.00kg)<br \/>\nPinge: 10-30V<br \/>\nLumenid: 6700 lm<br \/>\nLumenid (m\u00f5\u00f5detud): 5000 lm<br \/>\nV\u00f5imsus: 120 W<br \/>\nReference value: 10<br \/>\nVorm: Riba<br \/>\nKorpuse materjal: Alumiinium<br \/>\nL\u00e4\u00e4tse materjal: Pol\u00fckarbonaat<br \/>\nIP klassifikatsioon: IP67<br \/>\nSertifikaadid: R112, R10<br \/>\nMudeli nimi: Heat Curved<br \/>\nKirjeldus: Kumer lisatuli klaasisoojendusega, eriti lai valgusvihk, 40 x 3W leds, 1 lux @ 164m, 0.25 lux @ 325m, voolutarve 6A @ 13.7V, roostevabast terasest kinnitused, silikoonkaabel.<br \/>\n<strong><span style=\"color: #3366ff;\"><a style=\"color: #3366ff;\" href=\"https:\/\/ranoja.ee\/tootekategooria\/lisaseadmed\/tulede-tarvikud\/?_gl=1*193johg*_gcl_au*MTU2NTE4MDgwNC4xNzIyNzY2MDc2\">VALI SOBIVAD TARVIKUD V\u00d5I KINNITUSED SIIT<\/a><\/span><\/strong><br \/>\n<strong>Tarneaeg 3-4 t\u00f6\u00f6p\u00e4eva<\/strong><\/p>\n","protected":false},"featured_media":13090,"template":"","meta":{"inline_featured_image":false},"product_cat":[1116,1117],"product_tag":[650,913,648,649],"class_list":{"0":"post-13089","1":"product","2":"type-product","3":"status-publish","4":"has-post-thumbnail","6":"product_brand-eco","7":"product_cat-lisaseadmed-ehitusseadmed-led-lisatuled-cb-raadiod-lallar","8":"product_cat-lisatuled","9":"product_tag-kaugtuli","10":"product_tag-led-bar","11":"product_tag-ledbar","12":"product_tag-lisatuli","14":"first","15":"instock","16":"sale","17":"taxable","18":"shipping-taxable","19":"purchasable","20":"product-type-simple"},"yoast_head":"<!-- This site is optimized with the Yoast SEO plugin v27.4 - https:\/\/yoast.com\/product\/yoast-seo-wordpress\/ -->\n<title>ECO Heat Curved<\/title>\n<meta name=\"description\" content=\"ECO Heat Curved - Kumer lisatuli klaasisoojendusega, eriti lai valgusvihk, 40 x 3W leds, 1 lux @ 164m, 0.25 lux @ 325m, roostevabast terasest kinnitused.\" \/>\n<meta name=\"robots\" content=\"index, follow, max-snippet:-1, max-image-preview:large, max-video-preview:-1\" \/>\n<link rel=\"canonical\" href=\"https:\/\/ranoja.ee\/toode\/eco-heat-curved\/\" \/>\n<meta property=\"og:locale\" content=\"en_US\" \/>\n<meta property=\"og:type\" content=\"article\" \/>\n<meta property=\"og:title\" content=\"ECO Heat Curved\" \/>\n<meta property=\"og:description\" content=\"ECO Heat Curved - Kumer lisatuli klaasisoojendusega, eriti lai valgusvihk, 40 x 3W leds, 1 lux @ 164m, 0.25 lux @ 325m, roostevabast terasest kinnitused.\" \/>\n<meta property=\"og:url\" content=\"https:\/\/ranoja.ee\/toode\/eco-heat-curved\/\" \/>\n<meta property=\"og:site_name\" content=\"Ranoja\" \/>\n<meta property=\"article:publisher\" content=\"https:\/\/www.facebook.com\/ranoja.ee\" \/>\n<meta property=\"article:modified_time\" content=\"2025-12-12T12:48:34+00:00\" \/>\n<meta property=\"og:image\" content=\"https:\/\/ranoja.ee\/wp-content\/uploads\/2024\/11\/ECO-Heat-Curved.jpg\" \/>\n\t<meta property=\"og:image:width\" content=\"800\" \/>\n\t<meta property=\"og:image:height\" content=\"600\" \/>\n\t<meta property=\"og:image:type\" content=\"image\/jpeg\" \/>\n<meta name=\"twitter:card\" content=\"summary_large_image\" \/>\n<meta name=\"twitter:label1\" content=\"Est. reading time\" \/>\n\t<meta name=\"twitter:data1\" content=\"2 minutes\" \/>\n<script type=\"application\/ld+json\" class=\"yoast-schema-graph\">{\"@context\":\"https:\\\/\\\/schema.org\",\"@graph\":[{\"@type\":\"WebPage\",\"@id\":\"https:\\\/\\\/ranoja.ee\\\/toode\\\/eco-heat-curved\\\/\",\"url\":\"https:\\\/\\\/ranoja.ee\\\/toode\\\/eco-heat-curved\\\/\",\"name\":\"ECO Heat Curved\",\"isPartOf\":{\"@id\":\"https:\\\/\\\/ranoja.ee\\\/#website\"},\"primaryImageOfPage\":{\"@id\":\"https:\\\/\\\/ranoja.ee\\\/toode\\\/eco-heat-curved\\\/#primaryimage\"},\"image\":{\"@id\":\"https:\\\/\\\/ranoja.ee\\\/toode\\\/eco-heat-curved\\\/#primaryimage\"},\"thumbnailUrl\":\"https:\\\/\\\/ranoja.ee\\\/wp-content\\\/uploads\\\/2024\\\/11\\\/ECO-Heat-Curved.jpg\",\"datePublished\":\"2024-11-03T20:56:18+00:00\",\"dateModified\":\"2025-12-12T12:48:34+00:00\",\"description\":\"ECO Heat Curved - Kumer lisatuli klaasisoojendusega, eriti lai valgusvihk, 40 x 3W leds, 1 lux @ 164m, 0.25 lux @ 325m, roostevabast terasest kinnitused.\",\"breadcrumb\":{\"@id\":\"https:\\\/\\\/ranoja.ee\\\/toode\\\/eco-heat-curved\\\/#breadcrumb\"},\"inLanguage\":\"en-US\",\"potentialAction\":[{\"@type\":\"ReadAction\",\"target\":[\"https:\\\/\\\/ranoja.ee\\\/toode\\\/eco-heat-curved\\\/\"]}]},{\"@type\":\"ImageObject\",\"inLanguage\":\"en-US\",\"@id\":\"https:\\\/\\\/ranoja.ee\\\/toode\\\/eco-heat-curved\\\/#primaryimage\",\"url\":\"https:\\\/\\\/ranoja.ee\\\/wp-content\\\/uploads\\\/2024\\\/11\\\/ECO-Heat-Curved.jpg\",\"contentUrl\":\"https:\\\/\\\/ranoja.ee\\\/wp-content\\\/uploads\\\/2024\\\/11\\\/ECO-Heat-Curved.jpg\",\"width\":800,\"height\":600,\"caption\":\"ECO Heat Curved soojendusega led-bar lisatuli\"},{\"@type\":\"BreadcrumbList\",\"@id\":\"https:\\\/\\\/ranoja.ee\\\/toode\\\/eco-heat-curved\\\/#breadcrumb\",\"itemListElement\":[{\"@type\":\"ListItem\",\"position\":1,\"name\":\"Home\",\"item\":\"https:\\\/\\\/ranoja.ee\\\/\"},{\"@type\":\"ListItem\",\"position\":2,\"name\":\"Shop\",\"item\":\"https:\\\/\\\/ranoja.ee\\\/en\\\/shop\\\/\"},{\"@type\":\"ListItem\",\"position\":3,\"name\":\"ECO Heat Curved\"}]},{\"@type\":\"WebSite\",\"@id\":\"https:\\\/\\\/ranoja.ee\\\/#website\",\"url\":\"https:\\\/\\\/ranoja.ee\\\/\",\"name\":\"Ranoja\",\"description\":\"Equipment Shop WooCommerce WordPress Theme for Machine &amp; Tools\",\"publisher\":{\"@id\":\"https:\\\/\\\/ranoja.ee\\\/#organization\"},\"potentialAction\":[{\"@type\":\"SearchAction\",\"target\":{\"@type\":\"EntryPoint\",\"urlTemplate\":\"https:\\\/\\\/ranoja.ee\\\/?s={search_term_string}\"},\"query-input\":{\"@type\":\"PropertyValueSpecification\",\"valueRequired\":true,\"valueName\":\"search_term_string\"}}],\"inLanguage\":\"en-US\"},{\"@type\":\"Organization\",\"@id\":\"https:\\\/\\\/ranoja.ee\\\/#organization\",\"name\":\"Ranoja O\u00dc\",\"url\":\"https:\\\/\\\/ranoja.ee\\\/\",\"logo\":{\"@type\":\"ImageObject\",\"inLanguage\":\"en-US\",\"@id\":\"https:\\\/\\\/ranoja.ee\\\/#\\\/schema\\\/logo\\\/image\\\/\",\"url\":\"https:\\\/\\\/ranoja.ee\\\/wp-content\\\/uploads\\\/2023\\\/11\\\/ranoja-Logo.png\",\"contentUrl\":\"https:\\\/\\\/ranoja.ee\\\/wp-content\\\/uploads\\\/2023\\\/11\\\/ranoja-Logo.png\",\"width\":207,\"height\":58,\"caption\":\"Ranoja O\u00dc\"},\"image\":{\"@id\":\"https:\\\/\\\/ranoja.ee\\\/#\\\/schema\\\/logo\\\/image\\\/\"},\"sameAs\":[\"https:\\\/\\\/www.facebook.com\\\/ranoja.ee\",\"https:\\\/\\\/www.instagram.com\\\/ranoja__\\\/\"]}]}<\/script>\n<!-- \/ Yoast SEO plugin. -->","yoast_head_json":{"title":"ECO Heat Curved","description":"ECO Heat Curved - Kumer lisatuli klaasisoojendusega, eriti lai valgusvihk, 40 x 3W leds, 1 lux @ 164m, 0.25 lux @ 325m, roostevabast terasest kinnitused.","robots":{"index":"index","follow":"follow","max-snippet":"max-snippet:-1","max-image-preview":"max-image-preview:large","max-video-preview":"max-video-preview:-1"},"canonical":"https:\/\/ranoja.ee\/toode\/eco-heat-curved\/","og_locale":"en_US","og_type":"article","og_title":"ECO Heat Curved","og_description":"ECO Heat Curved - Kumer lisatuli klaasisoojendusega, eriti lai valgusvihk, 40 x 3W leds, 1 lux @ 164m, 0.25 lux @ 325m, roostevabast terasest kinnitused.","og_url":"https:\/\/ranoja.ee\/toode\/eco-heat-curved\/","og_site_name":"Ranoja","article_publisher":"https:\/\/www.facebook.com\/ranoja.ee","article_modified_time":"2025-12-12T12:48:34+00:00","og_image":[{"width":800,"height":600,"url":"https:\/\/ranoja.ee\/wp-content\/uploads\/2024\/11\/ECO-Heat-Curved.jpg","type":"image\/jpeg"}],"twitter_card":"summary_large_image","twitter_misc":{"Est. reading time":"2 minutes"},"schema":{"@context":"https:\/\/schema.org","@graph":[{"@type":"WebPage","@id":"https:\/\/ranoja.ee\/toode\/eco-heat-curved\/","url":"https:\/\/ranoja.ee\/toode\/eco-heat-curved\/","name":"ECO Heat Curved","isPartOf":{"@id":"https:\/\/ranoja.ee\/#website"},"primaryImageOfPage":{"@id":"https:\/\/ranoja.ee\/toode\/eco-heat-curved\/#primaryimage"},"image":{"@id":"https:\/\/ranoja.ee\/toode\/eco-heat-curved\/#primaryimage"},"thumbnailUrl":"https:\/\/ranoja.ee\/wp-content\/uploads\/2024\/11\/ECO-Heat-Curved.jpg","datePublished":"2024-11-03T20:56:18+00:00","dateModified":"2025-12-12T12:48:34+00:00","description":"ECO Heat Curved - Kumer lisatuli klaasisoojendusega, eriti lai valgusvihk, 40 x 3W leds, 1 lux @ 164m, 0.25 lux @ 325m, roostevabast terasest kinnitused.","breadcrumb":{"@id":"https:\/\/ranoja.ee\/toode\/eco-heat-curved\/#breadcrumb"},"inLanguage":"en-US","potentialAction":[{"@type":"ReadAction","target":["https:\/\/ranoja.ee\/toode\/eco-heat-curved\/"]}]},{"@type":"ImageObject","inLanguage":"en-US","@id":"https:\/\/ranoja.ee\/toode\/eco-heat-curved\/#primaryimage","url":"https:\/\/ranoja.ee\/wp-content\/uploads\/2024\/11\/ECO-Heat-Curved.jpg","contentUrl":"https:\/\/ranoja.ee\/wp-content\/uploads\/2024\/11\/ECO-Heat-Curved.jpg","width":800,"height":600,"caption":"ECO Heat Curved soojendusega led-bar lisatuli"},{"@type":"BreadcrumbList","@id":"https:\/\/ranoja.ee\/toode\/eco-heat-curved\/#breadcrumb","itemListElement":[{"@type":"ListItem","position":1,"name":"Home","item":"https:\/\/ranoja.ee\/"},{"@type":"ListItem","position":2,"name":"Shop","item":"https:\/\/ranoja.ee\/en\/shop\/"},{"@type":"ListItem","position":3,"name":"ECO Heat Curved"}]},{"@type":"WebSite","@id":"https:\/\/ranoja.ee\/#website","url":"https:\/\/ranoja.ee\/","name":"Ranoja","description":"Equipment Shop WooCommerce WordPress Theme for Machine &amp; Tools","publisher":{"@id":"https:\/\/ranoja.ee\/#organization"},"potentialAction":[{"@type":"SearchAction","target":{"@type":"EntryPoint","urlTemplate":"https:\/\/ranoja.ee\/?s={search_term_string}"},"query-input":{"@type":"PropertyValueSpecification","valueRequired":true,"valueName":"search_term_string"}}],"inLanguage":"en-US"},{"@type":"Organization","@id":"https:\/\/ranoja.ee\/#organization","name":"Ranoja O\u00dc","url":"https:\/\/ranoja.ee\/","logo":{"@type":"ImageObject","inLanguage":"en-US","@id":"https:\/\/ranoja.ee\/#\/schema\/logo\/image\/","url":"https:\/\/ranoja.ee\/wp-content\/uploads\/2023\/11\/ranoja-Logo.png","contentUrl":"https:\/\/ranoja.ee\/wp-content\/uploads\/2023\/11\/ranoja-Logo.png","width":207,"height":58,"caption":"Ranoja O\u00dc"},"image":{"@id":"https:\/\/ranoja.ee\/#\/schema\/logo\/image\/"},"sameAs":["https:\/\/www.facebook.com\/ranoja.ee","https:\/\/www.instagram.com\/ranoja__\/"]}]}},"_links":{"self":[{"href":"https:\/\/ranoja.ee\/en\/wp-json\/wp\/v2\/product\/13089","targetHints":{"allow":["GET"]}}],"collection":[{"href":"https:\/\/ranoja.ee\/en\/wp-json\/wp\/v2\/product"}],"about":[{"href":"https:\/\/ranoja.ee\/en\/wp-json\/wp\/v2\/types\/product"}],"wp:featuredmedia":[{"embeddable":true,"href":"https:\/\/ranoja.ee\/en\/wp-json\/wp\/v2\/media\/13090"}],"wp:attachment":[{"href":"https:\/\/ranoja.ee\/en\/wp-json\/wp\/v2\/media?parent=13089"}],"wp:term":[{"taxonomy":"product_cat","embeddable":true,"href":"https:\/\/ranoja.ee\/en\/wp-json\/wp\/v2\/product_cat?post=13089"},{"taxonomy":"product_tag","embeddable":true,"href":"https:\/\/ranoja.ee\/en\/wp-json\/wp\/v2\/product_tag?post=13089"}],"curies":[{"name":"wp","href":"https:\/\/api.w.org\/{rel}","templated":true}]}}