{"id":13031,"date":"2024-11-03T22:56:08","date_gmt":"2024-11-03T19:56:08","guid":{"rendered":"https:\/\/ranoja.ee\/?post_type=product&#038;p=13031"},"modified":"2025-12-12T15:48:35","modified_gmt":"2025-12-12T12:48:35","slug":"optibeam-super-captain-dual-600-curved","status":"publish","type":"product","link":"https:\/\/ranoja.ee\/en\/toode\/optibeam-super-captain-dual-600-curved\/","title":{"rendered":"OPTIBEAM Super Captain Dual 600 Curved (kumer)"},"content":{"rendered":"<p>OPTIBEAM Super Captain Dual 600 Curved<\/p>\n<p>Optibeami k\u00f5ige populaarsem lisatulede seeria Super Captain on saanud uued ja veelgi t\u00f5husamad Super Captain Curved mudelid, mis pakuvad suuremat valgustugevust, uuendatud elektroonikat ja parema valgustuse tagamiseks kumerat disaini. Uus seeria on v\u00e4lja t\u00f6\u00f6tatud kasutajate tagasiside p\u00f5hjal ja vastab ka k\u00f5ige n\u00f5udlikumate kasutajate ootustele, kuna see on t\u00f5husam ja usaldusv\u00e4\u00e4rsem ning sellel on 36-kuuline garantii.<\/p>\n<p>OPTIBEAM Super Captain Dual 600 Curved on k\u00f5rge kvaliteediga kumer LED-lisatuli. T\u00e4nu oma suurele valgustugevusele ja kumerale disainile sobib see tuli ideaalselt maastikus\u00f5idukitele, t\u00f6\u00f6masinatele ja ka maanteel s\u00f5itmiseks. Pakkudes maksimaalset n\u00e4htavust ja ohutust igal ajal ja igasugustes ilmastikutingimustes.<\/p>\n<p>Omadused<br \/>\nSuure valgustugevusega LED-valgustus:<br \/>\nOPTIBEAM Super Captain Dual 600 Curved pakub erakordset valgustust, t\u00e4nu kvaliteetsetele ja v\u00f5imsatele LED-idele, mis annavad kokku 600 W v\u00f5imsust. See tagab selge ja kaugele ulatuva valgusvihuga n\u00e4htavuse ka pimedal ja raskel maastikul ning kehvades ilmastikutingimustes.<\/p>\n<p>Kumer disain laiemaks valgusvihuks:<br \/>\nKumer konstruktsioon aitab saavutada laia valgustusnurga, mis katab suure ala s\u00f5iduki ees. See muudab selle tule ideaalseks kasutamiseks maastikus\u00f5itudel, kuna pakub laia ja s\u00fcgavat valgusvihku, mis aitab paremini tuvastada takistusi ja maastiku ise\u00e4rasusi.<\/p>\n<p>Dual Beam tehnoloogia:<br \/>\nTulepaneel on varustatud Dual Beam (kaksikkiire) s\u00fcsteemiga, mis kombineerib l\u00e4hivalguse ja kaugtule. See tagab suurep\u00e4rase n\u00e4htavuse nii l\u00e4hi- kui ka kaugdistantsidel, mis muudab selle sobivaks igat t\u00fc\u00fcpi s\u00f5itudeks \u2013 nii aeglasematel tehnilistel maastikul kui ka kiiretel teedel.<\/p>\n<p>Vastupidav konstruktsioon:<br \/>\nTuli on valmistatud vastupidavast alumiiniumist ja sellel on tugevdatud korpus, mis peab vastu vibratsioonile, l\u00f6\u00f6kidele ja karmidele keskkonnatingimustele. Selle tolmu- ja veekindel konstruktsioon vastab IP68 standardile, mis t\u00e4hendab, et tuli on t\u00e4ielikult kaitstud tolmu ja vee eest isegi s\u00fcgavas vees.<\/p>\n<p>Pikk eluiga ja energias\u00e4\u00e4stlikkus:<br \/>\nLED-tehnoloogia tagab valgusallikale pika t\u00f6\u00f6ea (kuni 50 000 tundi), mis muudab selle energias\u00e4\u00e4stlikuks ja hooldusvabaks lahenduseks. Tuli tarbib v\u00e4hem energiat v\u00f5rreldes traditsiooniliste halogeen- ja HID-lampidega, mist\u00f5ttu see koormab v\u00e4hem s\u00f5iduki elektris\u00fcsteemi.<\/p>\n","protected":false},"excerpt":{"rendered":"<p>M\u00f5\u00f5tmed: 525.00 x 68.50 x 80.00mm<br \/>\nKaal: 3.00kg (net 3.00kg)<br \/>\nPinge: 9-36V<br \/>\nLumenid: 21000 lm<br \/>\nReference value: 30<br \/>\nVorm: Riba<br \/>\nV\u00e4rvitemperatuur: 5000 K<br \/>\nVahemik, 1 lux: 359 m<br \/>\nDouble up vahemik, 1 lux: 787 m<br \/>\nJuhtme pikkus: 2,20 m<br \/>\nMudeli nimi: Super Captain Dual 600 Curved<br \/>\nKirjeldus: Kumer raam. Double up. Kollane v\u00f5i valge parktuli (R148), voolutarve: 22.77A @13,7V<br \/>\nGarantii 3 aastat<br \/>\nSOBIB JUHTMESTIK:<strong> <a href=\"https:\/\/www.ranoja.ee\/toode\/optibeam-juhtmestik-lisatulele\/\">Juhtmestik optibeam<\/a><\/strong><strong><span style=\"color: #3366ff;\"><br \/>\n<strong>Tarneaeg 3-4 t\u00f6\u00f6p\u00e4eva<\/strong><\/span><\/strong><\/p>\n","protected":false},"featured_media":13032,"template":"","meta":{"inline_featured_image":false},"product_cat":[1116,1117],"product_tag":[650,913,648,649],"class_list":{"0":"post-13031","1":"product","2":"type-product","3":"status-publish","4":"has-post-thumbnail","6":"product_brand-optibeam","7":"product_cat-lisaseadmed-ehitusseadmed-led-lisatuled-cb-raadiod-lallar","8":"product_cat-lisatuled","9":"product_tag-kaugtuli","10":"product_tag-led-bar","11":"product_tag-ledbar","12":"product_tag-lisatuli","14":"first","15":"instock","16":"sale","17":"taxable","18":"shipping-taxable","19":"purchasable","20":"product-type-simple"},"yoast_head":"<!-- This site is optimized with the Yoast SEO plugin v27.4 - https:\/\/yoast.com\/product\/yoast-seo-wordpress\/ -->\n<title>OPTIBEAM Super Captain Dual 600 Curved<\/title>\n<meta name=\"description\" content=\"OPTIBEAM Super Captain Dual 600 Curved - pakub suuremat valgustugevust, uuendatud elektroonikat ja parema valgustuse tagamiseks kumerat disaini!\" \/>\n<meta name=\"robots\" content=\"index, follow, max-snippet:-1, max-image-preview:large, max-video-preview:-1\" \/>\n<link rel=\"canonical\" href=\"https:\/\/ranoja.ee\/toode\/optibeam-super-captain-dual-600-curved\/\" \/>\n<meta property=\"og:locale\" content=\"en_US\" \/>\n<meta property=\"og:type\" content=\"article\" \/>\n<meta property=\"og:title\" content=\"OPTIBEAM Super Captain Dual 600 Curved\" \/>\n<meta property=\"og:description\" content=\"OPTIBEAM Super Captain Dual 600 Curved - pakub suuremat valgustugevust, uuendatud elektroonikat ja parema valgustuse tagamiseks kumerat disaini!\" \/>\n<meta property=\"og:url\" content=\"https:\/\/ranoja.ee\/toode\/optibeam-super-captain-dual-600-curved\/\" \/>\n<meta property=\"og:site_name\" content=\"Ranoja\" \/>\n<meta property=\"article:publisher\" content=\"https:\/\/www.facebook.com\/ranoja.ee\" \/>\n<meta property=\"article:modified_time\" content=\"2025-12-12T12:48:35+00:00\" \/>\n<meta property=\"og:image\" content=\"https:\/\/ranoja.ee\/wp-content\/uploads\/2024\/11\/OPTIBEAM-Super-Captain-Dual-600-Curved.jpg\" \/>\n\t<meta property=\"og:image:width\" content=\"800\" \/>\n\t<meta property=\"og:image:height\" content=\"600\" \/>\n\t<meta property=\"og:image:type\" content=\"image\/jpeg\" \/>\n<meta name=\"twitter:card\" content=\"summary_large_image\" \/>\n<meta name=\"twitter:label1\" content=\"Est. reading time\" \/>\n\t<meta name=\"twitter:data1\" content=\"2 minutes\" \/>\n<script type=\"application\/ld+json\" class=\"yoast-schema-graph\">{\"@context\":\"https:\\\/\\\/schema.org\",\"@graph\":[{\"@type\":\"WebPage\",\"@id\":\"https:\\\/\\\/ranoja.ee\\\/toode\\\/optibeam-super-captain-dual-600-curved\\\/\",\"url\":\"https:\\\/\\\/ranoja.ee\\\/toode\\\/optibeam-super-captain-dual-600-curved\\\/\",\"name\":\"OPTIBEAM Super Captain Dual 600 Curved\",\"isPartOf\":{\"@id\":\"https:\\\/\\\/ranoja.ee\\\/#website\"},\"primaryImageOfPage\":{\"@id\":\"https:\\\/\\\/ranoja.ee\\\/toode\\\/optibeam-super-captain-dual-600-curved\\\/#primaryimage\"},\"image\":{\"@id\":\"https:\\\/\\\/ranoja.ee\\\/toode\\\/optibeam-super-captain-dual-600-curved\\\/#primaryimage\"},\"thumbnailUrl\":\"https:\\\/\\\/ranoja.ee\\\/wp-content\\\/uploads\\\/2024\\\/11\\\/OPTIBEAM-Super-Captain-Dual-600-Curved.jpg\",\"datePublished\":\"2024-11-03T19:56:08+00:00\",\"dateModified\":\"2025-12-12T12:48:35+00:00\",\"description\":\"OPTIBEAM Super Captain Dual 600 Curved - pakub suuremat valgustugevust, uuendatud elektroonikat ja parema valgustuse tagamiseks kumerat disaini!\",\"breadcrumb\":{\"@id\":\"https:\\\/\\\/ranoja.ee\\\/toode\\\/optibeam-super-captain-dual-600-curved\\\/#breadcrumb\"},\"inLanguage\":\"en-US\",\"potentialAction\":[{\"@type\":\"ReadAction\",\"target\":[\"https:\\\/\\\/ranoja.ee\\\/toode\\\/optibeam-super-captain-dual-600-curved\\\/\"]}]},{\"@type\":\"ImageObject\",\"inLanguage\":\"en-US\",\"@id\":\"https:\\\/\\\/ranoja.ee\\\/toode\\\/optibeam-super-captain-dual-600-curved\\\/#primaryimage\",\"url\":\"https:\\\/\\\/ranoja.ee\\\/wp-content\\\/uploads\\\/2024\\\/11\\\/OPTIBEAM-Super-Captain-Dual-600-Curved.jpg\",\"contentUrl\":\"https:\\\/\\\/ranoja.ee\\\/wp-content\\\/uploads\\\/2024\\\/11\\\/OPTIBEAM-Super-Captain-Dual-600-Curved.jpg\",\"width\":800,\"height\":600,\"caption\":\"OPTIBEAM Super Captain Dual 600 Curved ledbar lisatuli kaugtuli\"},{\"@type\":\"BreadcrumbList\",\"@id\":\"https:\\\/\\\/ranoja.ee\\\/toode\\\/optibeam-super-captain-dual-600-curved\\\/#breadcrumb\",\"itemListElement\":[{\"@type\":\"ListItem\",\"position\":1,\"name\":\"Home\",\"item\":\"https:\\\/\\\/ranoja.ee\\\/\"},{\"@type\":\"ListItem\",\"position\":2,\"name\":\"Shop\",\"item\":\"https:\\\/\\\/ranoja.ee\\\/en\\\/shop\\\/\"},{\"@type\":\"ListItem\",\"position\":3,\"name\":\"OPTIBEAM Super Captain Dual 600 Curved (kumer)\"}]},{\"@type\":\"WebSite\",\"@id\":\"https:\\\/\\\/ranoja.ee\\\/#website\",\"url\":\"https:\\\/\\\/ranoja.ee\\\/\",\"name\":\"Ranoja\",\"description\":\"Equipment Shop WooCommerce WordPress Theme for Machine &amp; Tools\",\"publisher\":{\"@id\":\"https:\\\/\\\/ranoja.ee\\\/#organization\"},\"potentialAction\":[{\"@type\":\"SearchAction\",\"target\":{\"@type\":\"EntryPoint\",\"urlTemplate\":\"https:\\\/\\\/ranoja.ee\\\/?s={search_term_string}\"},\"query-input\":{\"@type\":\"PropertyValueSpecification\",\"valueRequired\":true,\"valueName\":\"search_term_string\"}}],\"inLanguage\":\"en-US\"},{\"@type\":\"Organization\",\"@id\":\"https:\\\/\\\/ranoja.ee\\\/#organization\",\"name\":\"Ranoja O\u00dc\",\"url\":\"https:\\\/\\\/ranoja.ee\\\/\",\"logo\":{\"@type\":\"ImageObject\",\"inLanguage\":\"en-US\",\"@id\":\"https:\\\/\\\/ranoja.ee\\\/#\\\/schema\\\/logo\\\/image\\\/\",\"url\":\"https:\\\/\\\/ranoja.ee\\\/wp-content\\\/uploads\\\/2023\\\/11\\\/ranoja-Logo.png\",\"contentUrl\":\"https:\\\/\\\/ranoja.ee\\\/wp-content\\\/uploads\\\/2023\\\/11\\\/ranoja-Logo.png\",\"width\":207,\"height\":58,\"caption\":\"Ranoja O\u00dc\"},\"image\":{\"@id\":\"https:\\\/\\\/ranoja.ee\\\/#\\\/schema\\\/logo\\\/image\\\/\"},\"sameAs\":[\"https:\\\/\\\/www.facebook.com\\\/ranoja.ee\",\"https:\\\/\\\/www.instagram.com\\\/ranoja__\\\/\"]}]}<\/script>\n<!-- \/ Yoast SEO plugin. -->","yoast_head_json":{"title":"OPTIBEAM Super Captain Dual 600 Curved","description":"OPTIBEAM Super Captain Dual 600 Curved - pakub suuremat valgustugevust, uuendatud elektroonikat ja parema valgustuse tagamiseks kumerat disaini!","robots":{"index":"index","follow":"follow","max-snippet":"max-snippet:-1","max-image-preview":"max-image-preview:large","max-video-preview":"max-video-preview:-1"},"canonical":"https:\/\/ranoja.ee\/toode\/optibeam-super-captain-dual-600-curved\/","og_locale":"en_US","og_type":"article","og_title":"OPTIBEAM Super Captain Dual 600 Curved","og_description":"OPTIBEAM Super Captain Dual 600 Curved - pakub suuremat valgustugevust, uuendatud elektroonikat ja parema valgustuse tagamiseks kumerat disaini!","og_url":"https:\/\/ranoja.ee\/toode\/optibeam-super-captain-dual-600-curved\/","og_site_name":"Ranoja","article_publisher":"https:\/\/www.facebook.com\/ranoja.ee","article_modified_time":"2025-12-12T12:48:35+00:00","og_image":[{"width":800,"height":600,"url":"https:\/\/ranoja.ee\/wp-content\/uploads\/2024\/11\/OPTIBEAM-Super-Captain-Dual-600-Curved.jpg","type":"image\/jpeg"}],"twitter_card":"summary_large_image","twitter_misc":{"Est. reading time":"2 minutes"},"schema":{"@context":"https:\/\/schema.org","@graph":[{"@type":"WebPage","@id":"https:\/\/ranoja.ee\/toode\/optibeam-super-captain-dual-600-curved\/","url":"https:\/\/ranoja.ee\/toode\/optibeam-super-captain-dual-600-curved\/","name":"OPTIBEAM Super Captain Dual 600 Curved","isPartOf":{"@id":"https:\/\/ranoja.ee\/#website"},"primaryImageOfPage":{"@id":"https:\/\/ranoja.ee\/toode\/optibeam-super-captain-dual-600-curved\/#primaryimage"},"image":{"@id":"https:\/\/ranoja.ee\/toode\/optibeam-super-captain-dual-600-curved\/#primaryimage"},"thumbnailUrl":"https:\/\/ranoja.ee\/wp-content\/uploads\/2024\/11\/OPTIBEAM-Super-Captain-Dual-600-Curved.jpg","datePublished":"2024-11-03T19:56:08+00:00","dateModified":"2025-12-12T12:48:35+00:00","description":"OPTIBEAM Super Captain Dual 600 Curved - pakub suuremat valgustugevust, uuendatud elektroonikat ja parema valgustuse tagamiseks kumerat disaini!","breadcrumb":{"@id":"https:\/\/ranoja.ee\/toode\/optibeam-super-captain-dual-600-curved\/#breadcrumb"},"inLanguage":"en-US","potentialAction":[{"@type":"ReadAction","target":["https:\/\/ranoja.ee\/toode\/optibeam-super-captain-dual-600-curved\/"]}]},{"@type":"ImageObject","inLanguage":"en-US","@id":"https:\/\/ranoja.ee\/toode\/optibeam-super-captain-dual-600-curved\/#primaryimage","url":"https:\/\/ranoja.ee\/wp-content\/uploads\/2024\/11\/OPTIBEAM-Super-Captain-Dual-600-Curved.jpg","contentUrl":"https:\/\/ranoja.ee\/wp-content\/uploads\/2024\/11\/OPTIBEAM-Super-Captain-Dual-600-Curved.jpg","width":800,"height":600,"caption":"OPTIBEAM Super Captain Dual 600 Curved ledbar lisatuli kaugtuli"},{"@type":"BreadcrumbList","@id":"https:\/\/ranoja.ee\/toode\/optibeam-super-captain-dual-600-curved\/#breadcrumb","itemListElement":[{"@type":"ListItem","position":1,"name":"Home","item":"https:\/\/ranoja.ee\/"},{"@type":"ListItem","position":2,"name":"Shop","item":"https:\/\/ranoja.ee\/en\/shop\/"},{"@type":"ListItem","position":3,"name":"OPTIBEAM Super Captain Dual 600 Curved (kumer)"}]},{"@type":"WebSite","@id":"https:\/\/ranoja.ee\/#website","url":"https:\/\/ranoja.ee\/","name":"Ranoja","description":"Equipment Shop WooCommerce WordPress Theme for Machine &amp; Tools","publisher":{"@id":"https:\/\/ranoja.ee\/#organization"},"potentialAction":[{"@type":"SearchAction","target":{"@type":"EntryPoint","urlTemplate":"https:\/\/ranoja.ee\/?s={search_term_string}"},"query-input":{"@type":"PropertyValueSpecification","valueRequired":true,"valueName":"search_term_string"}}],"inLanguage":"en-US"},{"@type":"Organization","@id":"https:\/\/ranoja.ee\/#organization","name":"Ranoja O\u00dc","url":"https:\/\/ranoja.ee\/","logo":{"@type":"ImageObject","inLanguage":"en-US","@id":"https:\/\/ranoja.ee\/#\/schema\/logo\/image\/","url":"https:\/\/ranoja.ee\/wp-content\/uploads\/2023\/11\/ranoja-Logo.png","contentUrl":"https:\/\/ranoja.ee\/wp-content\/uploads\/2023\/11\/ranoja-Logo.png","width":207,"height":58,"caption":"Ranoja O\u00dc"},"image":{"@id":"https:\/\/ranoja.ee\/#\/schema\/logo\/image\/"},"sameAs":["https:\/\/www.facebook.com\/ranoja.ee","https:\/\/www.instagram.com\/ranoja__\/"]}]}},"_links":{"self":[{"href":"https:\/\/ranoja.ee\/en\/wp-json\/wp\/v2\/product\/13031","targetHints":{"allow":["GET"]}}],"collection":[{"href":"https:\/\/ranoja.ee\/en\/wp-json\/wp\/v2\/product"}],"about":[{"href":"https:\/\/ranoja.ee\/en\/wp-json\/wp\/v2\/types\/product"}],"wp:featuredmedia":[{"embeddable":true,"href":"https:\/\/ranoja.ee\/en\/wp-json\/wp\/v2\/media\/13032"}],"wp:attachment":[{"href":"https:\/\/ranoja.ee\/en\/wp-json\/wp\/v2\/media?parent=13031"}],"wp:term":[{"taxonomy":"product_cat","embeddable":true,"href":"https:\/\/ranoja.ee\/en\/wp-json\/wp\/v2\/product_cat?post=13031"},{"taxonomy":"product_tag","embeddable":true,"href":"https:\/\/ranoja.ee\/en\/wp-json\/wp\/v2\/product_tag?post=13031"}],"curies":[{"name":"wp","href":"https:\/\/api.w.org\/{rel}","templated":true}]}}