{"id":13013,"date":"2024-11-03T22:33:44","date_gmt":"2024-11-03T19:33:44","guid":{"rendered":"https:\/\/ranoja.ee\/?post_type=product&#038;p=13013"},"modified":"2025-12-10T16:08:50","modified_gmt":"2025-12-10T13:08:50","slug":"noco-lithium-powersport-250a-kaivitusaku","status":"publish","type":"product","link":"https:\/\/ranoja.ee\/en\/toode\/noco-lithium-powersport-250a-kaivitusaku\/","title":{"rendered":"NOCO Lithium Powersport 250A k\u00e4ivitusaku"},"content":{"rendered":"<p>NOCO Lithium Powersport 250A k\u00e4ivitusaku<\/p>\n<p>NOCO Lithium Powersport 250A k\u00e4ivitusaku on kompaktsest ja t\u00f6\u00f6kindlast liitiumtehnoloogiast loodud kerge ja v\u00f5imas aku, mis sobib suurep\u00e4raselt v\u00e4iksemate mootorrataste, ATV-de, mopeedide ja teiste v\u00e4iksema mootorimahuga s\u00f5idukite jaoks. Kuigi see on v\u00f5imsuselt veidi v\u00e4iksem kui 400A mudel, pakub see siiski usaldusv\u00e4\u00e4rset ja tugevat k\u00e4ivitusv\u00f5imsust, mis sobib just v\u00e4iksemate masinate k\u00e4ivitamiseks ja on ideaalne valik, kui otsitakse kerget, t\u00f6\u00f6kindlat ja kauakestvat akut.<\/p>\n<p>Omadused<br \/>\n250 amprit k\u00e4ivitusv\u00f5imsust:<br \/>\nNOCO Lithium Powersport 250A aku pakub piisavalt k\u00e4ivitusvoolu, et kindlustada sujuv ja kiire mootori k\u00e4ivitus v\u00e4iksematel s\u00f5idukitel. Aku on loodud pakkuma tugevat esmast j\u00f5udu, mis on vajalik usaldusv\u00e4\u00e4rseks k\u00e4ivitamiseks igap\u00e4evastes oludes.<\/p>\n<p>Kerge ja kompaktne disain:<br \/>\nAku on kuni 80% kergem kui tavap\u00e4rane pliiaku, aidates seel\u00e4bi v\u00e4hendada s\u00f5iduki \u00fcldist kaalu. Kompaktne disain muudab selle paigaldamise lihtsaks ka piiratud ruumiga s\u00f5idukites, sobides suurep\u00e4raselt v\u00e4iksemate masinate jaoks, kus kaalu v\u00e4hendamine ja efektiivsus on olulised.<\/p>\n<p>V\u00e4hene iset\u00fchjenemine ja pikaealisus:<br \/>\nT\u00e4nu liitiumtehnoloogiale on NOCO Lithium Powersport 250A akul madal iset\u00fchjenemise m\u00e4\u00e4r, mis v\u00f5imaldab akul p\u00fcsida laetuna ka siis, kui s\u00f5idukit ei kasutata pidevalt. Aku on ideaalne hooajaliselt kasutatavatele s\u00f5idukitele, kuna see ei vaja pidevat laadimist.<\/p>\n<p>Sisseehitatud turvas\u00fcsteemid:<br \/>\nAku on varustatud kaitsefunktsioonidega, mis pakuvad kaitset \u00fclelaadimise, \u00fclekuumenemise, l\u00fchiste ja teiste v\u00f5imalike ohtude eest. See tagab ohutuse ja aku pika eluea, v\u00e4hendades vajadust sagedase hoolduse j\u00e4rele.<\/p>\n<p>Sobivus erinevatesse ilmastikutingimustesse:<br \/>\nNOCO 250A liitiumaku on disainitud taluma erinevaid ilmastikutingimusi, sealhulgas k\u00fclma ja kuuma ilma. Aku t\u00f6\u00f6tab usaldusv\u00e4\u00e4rselt ja sujuvalt nii suvekuumuses kui ka k\u00fclmadel talvep\u00e4evadel.<\/p>\n","protected":false},"excerpt":{"rendered":"<p>M\u00f5\u00f5tmed: 113.00 x 70.00 x 88.00mm<br \/>\nKaal: 1.04kg (net 1.04kg)<br \/>\nT\u00fc\u00fcp: \u2013\/+<br \/>\nPinge: 12V<br \/>\nAmprid k\u00fclmk\u00e4ivitamisel: 250 A<br \/>\nAku mahtuvus: 2 Ah<br \/>\nIP klassifikatsioon: IP66<br \/>\nMudeli nimi: Lithium Powersport 250A<br \/>\nKirjeldus: K\u00f5ige t\u00f5husam ja vastupidavam aku mootorratastele ja muudele masinatele: \u00fcle 50 000 k\u00e4ivituse ja 2000 laadimiskorra. 2Ah &#8211; pliiakude ekvivalent 4.2Ah. Kiirlaadimine: t\u00e4nu kaasaegsele kiirlaadimistehnoloogiale annab aku juba viie minutilise laadimise j\u00e4rel piisavalt k\u00e4ivitusvoolu. Mitmek\u00fclgsed paigaldusv\u00f5imalused \u2192 laialdane \u00fchilduvus; multifunktsionaalsed akuklemmid v\u00f5imaldavad \u00fchendust eest, k\u00fcljelt v\u00f5i pealt, samuti saab klemmi eemaldada ja kaabli otse aku k\u00fclge kruvida. Kaasas paigaldusklotsid (1&#215;20\/1&#215;24 mm) mis v\u00f5imaldavad akut kindlalt paigutada. Hea l\u00f6\u00f6gikindlus ja vibratsioonikaitse. laadimisvool max. 6A, t\u00f6\u00f6temperatuur -20\u00b0C &#8230; +60\u00b0C<br \/>\n<strong>Tarneaeg 3-4 t\u00f6\u00f6p\u00e4eva<\/strong><\/p>\n","protected":false},"featured_media":13014,"template":"","meta":{"inline_featured_image":false},"product_cat":[121,1116],"product_tag":[1611],"class_list":{"0":"post-13013","1":"product","2":"type-product","3":"status-publish","4":"has-post-thumbnail","6":"product_brand-noco","7":"product_cat-kaivitusakud-ja-laadijad","8":"product_cat-lisaseadmed-ehitusseadmed-led-lisatuled-cb-raadiod-lallar","9":"product_tag-kaivitusaku","11":"first","12":"instock","13":"taxable","14":"shipping-taxable","15":"purchasable","16":"product-type-simple"},"yoast_head":"<!-- This site is optimized with the Yoast SEO plugin v27.4 - https:\/\/yoast.com\/product\/yoast-seo-wordpress\/ -->\n<title>NOCO Lithium Powersport 250A k\u00e4ivitusaku<\/title>\n<meta name=\"description\" content=\"NOCO Lithium Powersport 250A k\u00e4ivitusaku - 2x suurem v\u00f5imsus - 10x rohkem k\u00e4ivitusi - 5x pikem eluiga - parim alternatiiv tavalisele mootorratta pliiakule!\" \/>\n<meta name=\"robots\" content=\"index, follow, max-snippet:-1, max-image-preview:large, max-video-preview:-1\" \/>\n<link rel=\"canonical\" href=\"https:\/\/ranoja.ee\/toode\/noco-lithium-powersport-250a-kaivitusaku\/\" \/>\n<meta property=\"og:locale\" content=\"en_US\" \/>\n<meta property=\"og:type\" content=\"article\" \/>\n<meta property=\"og:title\" content=\"NOCO Lithium Powersport 250A k\u00e4ivitusaku\" \/>\n<meta property=\"og:description\" content=\"NOCO Lithium Powersport 250A k\u00e4ivitusaku - 2x suurem v\u00f5imsus - 10x rohkem k\u00e4ivitusi - 5x pikem eluiga - parim alternatiiv tavalisele mootorratta pliiakule!\" \/>\n<meta property=\"og:url\" content=\"https:\/\/ranoja.ee\/toode\/noco-lithium-powersport-250a-kaivitusaku\/\" \/>\n<meta property=\"og:site_name\" content=\"Ranoja\" \/>\n<meta property=\"article:publisher\" content=\"https:\/\/www.facebook.com\/ranoja.ee\" \/>\n<meta property=\"article:modified_time\" content=\"2025-12-10T13:08:50+00:00\" \/>\n<meta property=\"og:image\" content=\"https:\/\/ranoja.ee\/wp-content\/uploads\/2024\/11\/NOCO-Lithium-Powersport-250A-kaivitusaku.jpg\" \/>\n\t<meta property=\"og:image:width\" content=\"800\" \/>\n\t<meta property=\"og:image:height\" content=\"600\" \/>\n\t<meta property=\"og:image:type\" content=\"image\/jpeg\" \/>\n<meta name=\"twitter:card\" content=\"summary_large_image\" \/>\n<meta name=\"twitter:label1\" content=\"Est. reading time\" \/>\n\t<meta name=\"twitter:data1\" content=\"2 minutes\" \/>\n<script type=\"application\/ld+json\" class=\"yoast-schema-graph\">{\"@context\":\"https:\\\/\\\/schema.org\",\"@graph\":[{\"@type\":\"WebPage\",\"@id\":\"https:\\\/\\\/ranoja.ee\\\/toode\\\/noco-lithium-powersport-250a-kaivitusaku\\\/\",\"url\":\"https:\\\/\\\/ranoja.ee\\\/toode\\\/noco-lithium-powersport-250a-kaivitusaku\\\/\",\"name\":\"NOCO Lithium Powersport 250A k\u00e4ivitusaku\",\"isPartOf\":{\"@id\":\"https:\\\/\\\/ranoja.ee\\\/#website\"},\"primaryImageOfPage\":{\"@id\":\"https:\\\/\\\/ranoja.ee\\\/toode\\\/noco-lithium-powersport-250a-kaivitusaku\\\/#primaryimage\"},\"image\":{\"@id\":\"https:\\\/\\\/ranoja.ee\\\/toode\\\/noco-lithium-powersport-250a-kaivitusaku\\\/#primaryimage\"},\"thumbnailUrl\":\"https:\\\/\\\/ranoja.ee\\\/wp-content\\\/uploads\\\/2024\\\/11\\\/NOCO-Lithium-Powersport-250A-kaivitusaku.jpg\",\"datePublished\":\"2024-11-03T19:33:44+00:00\",\"dateModified\":\"2025-12-10T13:08:50+00:00\",\"description\":\"NOCO Lithium Powersport 250A k\u00e4ivitusaku - 2x suurem v\u00f5imsus - 10x rohkem k\u00e4ivitusi - 5x pikem eluiga - parim alternatiiv tavalisele mootorratta pliiakule!\",\"breadcrumb\":{\"@id\":\"https:\\\/\\\/ranoja.ee\\\/toode\\\/noco-lithium-powersport-250a-kaivitusaku\\\/#breadcrumb\"},\"inLanguage\":\"en-US\",\"potentialAction\":[{\"@type\":\"ReadAction\",\"target\":[\"https:\\\/\\\/ranoja.ee\\\/toode\\\/noco-lithium-powersport-250a-kaivitusaku\\\/\"]}]},{\"@type\":\"ImageObject\",\"inLanguage\":\"en-US\",\"@id\":\"https:\\\/\\\/ranoja.ee\\\/toode\\\/noco-lithium-powersport-250a-kaivitusaku\\\/#primaryimage\",\"url\":\"https:\\\/\\\/ranoja.ee\\\/wp-content\\\/uploads\\\/2024\\\/11\\\/NOCO-Lithium-Powersport-250A-kaivitusaku.jpg\",\"contentUrl\":\"https:\\\/\\\/ranoja.ee\\\/wp-content\\\/uploads\\\/2024\\\/11\\\/NOCO-Lithium-Powersport-250A-kaivitusaku.jpg\",\"width\":800,\"height\":600,\"caption\":\"NOCO Lithium Powersport 250A k\u00e4ivitusaku mootorratastele atv ja muule tehnikale\"},{\"@type\":\"BreadcrumbList\",\"@id\":\"https:\\\/\\\/ranoja.ee\\\/toode\\\/noco-lithium-powersport-250a-kaivitusaku\\\/#breadcrumb\",\"itemListElement\":[{\"@type\":\"ListItem\",\"position\":1,\"name\":\"Home\",\"item\":\"https:\\\/\\\/ranoja.ee\\\/\"},{\"@type\":\"ListItem\",\"position\":2,\"name\":\"Shop\",\"item\":\"https:\\\/\\\/ranoja.ee\\\/en\\\/shop\\\/\"},{\"@type\":\"ListItem\",\"position\":3,\"name\":\"NOCO Lithium Powersport 250A k\u00e4ivitusaku\"}]},{\"@type\":\"WebSite\",\"@id\":\"https:\\\/\\\/ranoja.ee\\\/#website\",\"url\":\"https:\\\/\\\/ranoja.ee\\\/\",\"name\":\"Ranoja\",\"description\":\"Equipment Shop WooCommerce WordPress Theme for Machine &amp; Tools\",\"publisher\":{\"@id\":\"https:\\\/\\\/ranoja.ee\\\/#organization\"},\"potentialAction\":[{\"@type\":\"SearchAction\",\"target\":{\"@type\":\"EntryPoint\",\"urlTemplate\":\"https:\\\/\\\/ranoja.ee\\\/?s={search_term_string}\"},\"query-input\":{\"@type\":\"PropertyValueSpecification\",\"valueRequired\":true,\"valueName\":\"search_term_string\"}}],\"inLanguage\":\"en-US\"},{\"@type\":\"Organization\",\"@id\":\"https:\\\/\\\/ranoja.ee\\\/#organization\",\"name\":\"Ranoja O\u00dc\",\"url\":\"https:\\\/\\\/ranoja.ee\\\/\",\"logo\":{\"@type\":\"ImageObject\",\"inLanguage\":\"en-US\",\"@id\":\"https:\\\/\\\/ranoja.ee\\\/#\\\/schema\\\/logo\\\/image\\\/\",\"url\":\"https:\\\/\\\/ranoja.ee\\\/wp-content\\\/uploads\\\/2023\\\/11\\\/ranoja-Logo.png\",\"contentUrl\":\"https:\\\/\\\/ranoja.ee\\\/wp-content\\\/uploads\\\/2023\\\/11\\\/ranoja-Logo.png\",\"width\":207,\"height\":58,\"caption\":\"Ranoja O\u00dc\"},\"image\":{\"@id\":\"https:\\\/\\\/ranoja.ee\\\/#\\\/schema\\\/logo\\\/image\\\/\"},\"sameAs\":[\"https:\\\/\\\/www.facebook.com\\\/ranoja.ee\",\"https:\\\/\\\/www.instagram.com\\\/ranoja__\\\/\"]}]}<\/script>\n<!-- \/ Yoast SEO plugin. -->","yoast_head_json":{"title":"NOCO Lithium Powersport 250A k\u00e4ivitusaku","description":"NOCO Lithium Powersport 250A k\u00e4ivitusaku - 2x suurem v\u00f5imsus - 10x rohkem k\u00e4ivitusi - 5x pikem eluiga - parim alternatiiv tavalisele mootorratta pliiakule!","robots":{"index":"index","follow":"follow","max-snippet":"max-snippet:-1","max-image-preview":"max-image-preview:large","max-video-preview":"max-video-preview:-1"},"canonical":"https:\/\/ranoja.ee\/toode\/noco-lithium-powersport-250a-kaivitusaku\/","og_locale":"en_US","og_type":"article","og_title":"NOCO Lithium Powersport 250A k\u00e4ivitusaku","og_description":"NOCO Lithium Powersport 250A k\u00e4ivitusaku - 2x suurem v\u00f5imsus - 10x rohkem k\u00e4ivitusi - 5x pikem eluiga - parim alternatiiv tavalisele mootorratta pliiakule!","og_url":"https:\/\/ranoja.ee\/toode\/noco-lithium-powersport-250a-kaivitusaku\/","og_site_name":"Ranoja","article_publisher":"https:\/\/www.facebook.com\/ranoja.ee","article_modified_time":"2025-12-10T13:08:50+00:00","og_image":[{"width":800,"height":600,"url":"https:\/\/ranoja.ee\/wp-content\/uploads\/2024\/11\/NOCO-Lithium-Powersport-250A-kaivitusaku.jpg","type":"image\/jpeg"}],"twitter_card":"summary_large_image","twitter_misc":{"Est. reading time":"2 minutes"},"schema":{"@context":"https:\/\/schema.org","@graph":[{"@type":"WebPage","@id":"https:\/\/ranoja.ee\/toode\/noco-lithium-powersport-250a-kaivitusaku\/","url":"https:\/\/ranoja.ee\/toode\/noco-lithium-powersport-250a-kaivitusaku\/","name":"NOCO Lithium Powersport 250A k\u00e4ivitusaku","isPartOf":{"@id":"https:\/\/ranoja.ee\/#website"},"primaryImageOfPage":{"@id":"https:\/\/ranoja.ee\/toode\/noco-lithium-powersport-250a-kaivitusaku\/#primaryimage"},"image":{"@id":"https:\/\/ranoja.ee\/toode\/noco-lithium-powersport-250a-kaivitusaku\/#primaryimage"},"thumbnailUrl":"https:\/\/ranoja.ee\/wp-content\/uploads\/2024\/11\/NOCO-Lithium-Powersport-250A-kaivitusaku.jpg","datePublished":"2024-11-03T19:33:44+00:00","dateModified":"2025-12-10T13:08:50+00:00","description":"NOCO Lithium Powersport 250A k\u00e4ivitusaku - 2x suurem v\u00f5imsus - 10x rohkem k\u00e4ivitusi - 5x pikem eluiga - parim alternatiiv tavalisele mootorratta pliiakule!","breadcrumb":{"@id":"https:\/\/ranoja.ee\/toode\/noco-lithium-powersport-250a-kaivitusaku\/#breadcrumb"},"inLanguage":"en-US","potentialAction":[{"@type":"ReadAction","target":["https:\/\/ranoja.ee\/toode\/noco-lithium-powersport-250a-kaivitusaku\/"]}]},{"@type":"ImageObject","inLanguage":"en-US","@id":"https:\/\/ranoja.ee\/toode\/noco-lithium-powersport-250a-kaivitusaku\/#primaryimage","url":"https:\/\/ranoja.ee\/wp-content\/uploads\/2024\/11\/NOCO-Lithium-Powersport-250A-kaivitusaku.jpg","contentUrl":"https:\/\/ranoja.ee\/wp-content\/uploads\/2024\/11\/NOCO-Lithium-Powersport-250A-kaivitusaku.jpg","width":800,"height":600,"caption":"NOCO Lithium Powersport 250A k\u00e4ivitusaku mootorratastele atv ja muule tehnikale"},{"@type":"BreadcrumbList","@id":"https:\/\/ranoja.ee\/toode\/noco-lithium-powersport-250a-kaivitusaku\/#breadcrumb","itemListElement":[{"@type":"ListItem","position":1,"name":"Home","item":"https:\/\/ranoja.ee\/"},{"@type":"ListItem","position":2,"name":"Shop","item":"https:\/\/ranoja.ee\/en\/shop\/"},{"@type":"ListItem","position":3,"name":"NOCO Lithium Powersport 250A k\u00e4ivitusaku"}]},{"@type":"WebSite","@id":"https:\/\/ranoja.ee\/#website","url":"https:\/\/ranoja.ee\/","name":"Ranoja","description":"Equipment Shop WooCommerce WordPress Theme for Machine &amp; Tools","publisher":{"@id":"https:\/\/ranoja.ee\/#organization"},"potentialAction":[{"@type":"SearchAction","target":{"@type":"EntryPoint","urlTemplate":"https:\/\/ranoja.ee\/?s={search_term_string}"},"query-input":{"@type":"PropertyValueSpecification","valueRequired":true,"valueName":"search_term_string"}}],"inLanguage":"en-US"},{"@type":"Organization","@id":"https:\/\/ranoja.ee\/#organization","name":"Ranoja O\u00dc","url":"https:\/\/ranoja.ee\/","logo":{"@type":"ImageObject","inLanguage":"en-US","@id":"https:\/\/ranoja.ee\/#\/schema\/logo\/image\/","url":"https:\/\/ranoja.ee\/wp-content\/uploads\/2023\/11\/ranoja-Logo.png","contentUrl":"https:\/\/ranoja.ee\/wp-content\/uploads\/2023\/11\/ranoja-Logo.png","width":207,"height":58,"caption":"Ranoja O\u00dc"},"image":{"@id":"https:\/\/ranoja.ee\/#\/schema\/logo\/image\/"},"sameAs":["https:\/\/www.facebook.com\/ranoja.ee","https:\/\/www.instagram.com\/ranoja__\/"]}]}},"_links":{"self":[{"href":"https:\/\/ranoja.ee\/en\/wp-json\/wp\/v2\/product\/13013","targetHints":{"allow":["GET"]}}],"collection":[{"href":"https:\/\/ranoja.ee\/en\/wp-json\/wp\/v2\/product"}],"about":[{"href":"https:\/\/ranoja.ee\/en\/wp-json\/wp\/v2\/types\/product"}],"wp:featuredmedia":[{"embeddable":true,"href":"https:\/\/ranoja.ee\/en\/wp-json\/wp\/v2\/media\/13014"}],"wp:attachment":[{"href":"https:\/\/ranoja.ee\/en\/wp-json\/wp\/v2\/media?parent=13013"}],"wp:term":[{"taxonomy":"product_cat","embeddable":true,"href":"https:\/\/ranoja.ee\/en\/wp-json\/wp\/v2\/product_cat?post=13013"},{"taxonomy":"product_tag","embeddable":true,"href":"https:\/\/ranoja.ee\/en\/wp-json\/wp\/v2\/product_tag?post=13013"}],"curies":[{"name":"wp","href":"https:\/\/api.w.org\/{rel}","templated":true}]}}