{"id":12982,"date":"2024-10-30T18:06:14","date_gmt":"2024-10-30T15:06:14","guid":{"rendered":"https:\/\/ranoja.ee\/?post_type=product&#038;p=12982"},"modified":"2025-12-10T16:08:50","modified_gmt":"2025-12-10T13:08:50","slug":"tooriistakomplekt-1-2-24-osa","status":"publish","type":"product","link":"https:\/\/ranoja.ee\/en\/toode\/tooriistakomplekt-1-2-24-osa\/","title":{"rendered":"T\u00f6\u00f6riistakomplekt 1\/2&#8243; 24-osa"},"content":{"rendered":"<p>T\u00f6\u00f6riistakomplekt 1\/2&#8243; 24-osa on h\u00e4davajalik t\u00f6\u00f6riistakomplekt igasuguste remontt\u00f6\u00f6de puhul. Pakkudes laia valikut padruneid ja tarvikuid, mis sobivad erineva suuruse ja t\u00fc\u00fcpi mutrite, poltide ning kruvide kinnitamiseks ja lahti keeramiseks. Eriti kasulik on padrunikomplekt auto- ja masinate remondis, kus sageli leidub keeratavaid elemente, mis n\u00f5uavad t\u00e4pset t\u00f6\u00f6riista. Komplekti kuuluvad padrunid erinevad nii suuruse kui ka profiili poolest, tagades, et iga keeramis\u00fclesande jaoks on olemas sobiv lahendus.<\/p>\n<p>Remontt\u00f6\u00f6del on padrunikomplekti eeliseks selle multifunktsionaalsus ja ajas\u00e4\u00e4stlikkus. T\u00e4nu mitmek\u00fclgsele padrunite valikule on v\u00f5imalik kiiresti t\u00f6\u00f6delda mitut t\u00fc\u00fcpi polte ja mutreid ilma erinevaid t\u00f6\u00f6riistu vahetamata. Padrunikomplekt sisaldab tavaliselt nii l\u00fchikesi kui ka pikki padruneid, mis v\u00f5imaldavad j\u00f5uda kitsastesse ja raskesti ligip\u00e4\u00e4setavatesse kohtadesse \u2013 omadus, mis on eriti oluline keerukamate remondit\u00f6\u00f6de puhul.<\/p>\n<p>Lisaks t\u00f6\u00f6tab padrunikomplekt h\u00e4sti koos mutriv\u00f5tme v\u00f5i narre-s\u00fcsteemiga, mis annab t\u00f6\u00f6riistale vajaliku tugevuse ja t\u00e4psuse. See aitab v\u00e4ltida mutrite ja poltide kahjustamist, mis v\u00f5ib tekkida valesti valitud v\u00f5i sobimatu t\u00f6\u00f6riista kasutamisel. Lisaks on padrunikomplekti abil v\u00f5imalik saavutada tugevam ja \u00fchtlasem kinnitus, kuna padrunid ja nende hoidjad tagavad t\u00f6\u00f6riista hea haarde ja optimaalse j\u00f5u jaotuse.T\u00f6\u00f6riistakomplekt 1\/2&#8243; 24-osa<\/p>\n<p>Padrunikomplekt muudab remontt\u00f6\u00f6d ajas\u00e4\u00e4stlikumaks ja t\u00e4psemaks, kuna t\u00f6\u00f6riistade vahetamine on lihtne ning padrunid p\u00fcsivad h\u00e4sti oma kohal, tagades \u00fchtlase surve jaotuse. See aitab v\u00e4hendada vigastuste ja kulumise ohtu. Kuna \u00f5igesti valitud padrunid ei libise ja hoiavad polte kindlalt. Lisaks on padrunikomplekt oluline investeering t\u00f6\u00f6 kvaliteeti, pakkudes k\u00f5ike vajalikku k\u00e4ep\u00e4rast, et t\u00f6\u00f6riistade otsimisele v\u00f5i kohandamisele aega ei kuluks.<\/p>\n","protected":false},"excerpt":{"rendered":"<p>T\u00f6\u00f6riistakomplekt 1\/2&#8243; 24-osa<br \/>\nKomplekt sisaldab: Padrunid 10-32mm<br \/>\nNarre + pikendused: 125 ja 250mm<br \/>\nS\u00fc\u00fctek\u00fc\u00fcnlapadrunid: 16 ja 21mm<br \/>\n72 hambaga narre<br \/>\nLiigend<br \/>\nT-saba<br \/>\nToodetud Soomes<br \/>\n<strong>Seadme eeldatav tarneaeg 1-7 t\u00f6\u00f6p\u00e4eva<\/strong><\/p>\n","protected":false},"featured_media":12983,"template":"","meta":{"inline_featured_image":false},"product_cat":[1596,1116],"product_tag":[1607,1608,1609,1599,1603,1604,1606,1605,1597,1601,1600,1598],"class_list":{"0":"post-12982","1":"product","2":"type-product","3":"status-publish","4":"has-post-thumbnail","6":"product_cat-kasitooriistad","7":"product_cat-lisaseadmed-ehitusseadmed-led-lisatuled-cb-raadiod-lallar","8":"product_tag-260-44000049","9":"product_tag-260-44002016","10":"product_tag-260-55002024","11":"product_tag-284-33-t38","12":"product_tag-284-b33-1991","13":"product_tag-284-b33-2052a","14":"product_tag-284-b33-3221a","15":"product_tag-284-b33-d1918","16":"product_tag-kasitooriistad","17":"product_tag-narre","18":"product_tag-padrun","19":"product_tag-padrunikomplekt","21":"first","22":"instock","23":"taxable","24":"shipping-taxable","25":"purchasable","26":"product-type-simple"},"yoast_head":"<!-- This site is optimized with the Yoast SEO plugin v27.4 - https:\/\/yoast.com\/product\/yoast-seo-wordpress\/ -->\n<title>T\u00f6\u00f6riistakomplekt 1\/2&quot; 24-osa<\/title>\n<meta name=\"description\" content=\"T\u00f6\u00f6riistakomplekt 1\/2&quot; 24-osa, Komplekt sisaldab: Padrunid 10-32mm, Narre + pikendused: 125 ja 250mm, S\u00fc\u00fctek\u00fc\u00fcnlapadrunid: 16 ja 21mm, liigend, T-saba\" \/>\n<meta name=\"robots\" content=\"index, follow, max-snippet:-1, max-image-preview:large, max-video-preview:-1\" \/>\n<link rel=\"canonical\" href=\"https:\/\/ranoja.ee\/toode\/tooriistakomplekt-1-2-24-osa\/\" \/>\n<meta property=\"og:locale\" content=\"en_US\" \/>\n<meta property=\"og:type\" content=\"article\" \/>\n<meta property=\"og:title\" content=\"T\u00f6\u00f6riistakomplekt 1\/2&quot; 24-osa\" \/>\n<meta property=\"og:description\" content=\"T\u00f6\u00f6riistakomplekt 1\/2&quot; 24-osa, Komplekt sisaldab: Padrunid 10-32mm, Narre + pikendused: 125 ja 250mm, S\u00fc\u00fctek\u00fc\u00fcnlapadrunid: 16 ja 21mm, liigend, T-saba\" \/>\n<meta property=\"og:url\" content=\"https:\/\/ranoja.ee\/toode\/tooriistakomplekt-1-2-24-osa\/\" \/>\n<meta property=\"og:site_name\" content=\"Ranoja\" \/>\n<meta property=\"article:publisher\" content=\"https:\/\/www.facebook.com\/ranoja.ee\" \/>\n<meta property=\"article:modified_time\" content=\"2025-12-10T13:08:50+00:00\" \/>\n<meta property=\"og:image\" content=\"https:\/\/ranoja.ee\/wp-content\/uploads\/2024\/10\/Tooriistakomplekt-24-osa.png\" \/>\n\t<meta property=\"og:image:width\" content=\"505\" \/>\n\t<meta property=\"og:image:height\" content=\"395\" \/>\n\t<meta property=\"og:image:type\" content=\"image\/png\" \/>\n<meta name=\"twitter:card\" content=\"summary_large_image\" \/>\n<meta name=\"twitter:label1\" content=\"Est. reading time\" \/>\n\t<meta name=\"twitter:data1\" content=\"2 minutes\" \/>\n<script type=\"application\/ld+json\" class=\"yoast-schema-graph\">{\"@context\":\"https:\\\/\\\/schema.org\",\"@graph\":[{\"@type\":\"WebPage\",\"@id\":\"https:\\\/\\\/ranoja.ee\\\/toode\\\/tooriistakomplekt-1-2-24-osa\\\/\",\"url\":\"https:\\\/\\\/ranoja.ee\\\/toode\\\/tooriistakomplekt-1-2-24-osa\\\/\",\"name\":\"T\u00f6\u00f6riistakomplekt 1\\\/2\\\" 24-osa\",\"isPartOf\":{\"@id\":\"https:\\\/\\\/ranoja.ee\\\/#website\"},\"primaryImageOfPage\":{\"@id\":\"https:\\\/\\\/ranoja.ee\\\/toode\\\/tooriistakomplekt-1-2-24-osa\\\/#primaryimage\"},\"image\":{\"@id\":\"https:\\\/\\\/ranoja.ee\\\/toode\\\/tooriistakomplekt-1-2-24-osa\\\/#primaryimage\"},\"thumbnailUrl\":\"https:\\\/\\\/ranoja.ee\\\/wp-content\\\/uploads\\\/2024\\\/10\\\/Tooriistakomplekt-24-osa.png\",\"datePublished\":\"2024-10-30T15:06:14+00:00\",\"dateModified\":\"2025-12-10T13:08:50+00:00\",\"description\":\"T\u00f6\u00f6riistakomplekt 1\\\/2\\\" 24-osa, Komplekt sisaldab: Padrunid 10-32mm, Narre + pikendused: 125 ja 250mm, S\u00fc\u00fctek\u00fc\u00fcnlapadrunid: 16 ja 21mm, liigend, T-saba\",\"breadcrumb\":{\"@id\":\"https:\\\/\\\/ranoja.ee\\\/toode\\\/tooriistakomplekt-1-2-24-osa\\\/#breadcrumb\"},\"inLanguage\":\"en-US\",\"potentialAction\":[{\"@type\":\"ReadAction\",\"target\":[\"https:\\\/\\\/ranoja.ee\\\/toode\\\/tooriistakomplekt-1-2-24-osa\\\/\"]}]},{\"@type\":\"ImageObject\",\"inLanguage\":\"en-US\",\"@id\":\"https:\\\/\\\/ranoja.ee\\\/toode\\\/tooriistakomplekt-1-2-24-osa\\\/#primaryimage\",\"url\":\"https:\\\/\\\/ranoja.ee\\\/wp-content\\\/uploads\\\/2024\\\/10\\\/Tooriistakomplekt-24-osa.png\",\"contentUrl\":\"https:\\\/\\\/ranoja.ee\\\/wp-content\\\/uploads\\\/2024\\\/10\\\/Tooriistakomplekt-24-osa.png\",\"width\":505,\"height\":395,\"caption\":\"T\u00f6\u00f6riistakomplekt 1\\\/2\\\" 24-osa\"},{\"@type\":\"BreadcrumbList\",\"@id\":\"https:\\\/\\\/ranoja.ee\\\/toode\\\/tooriistakomplekt-1-2-24-osa\\\/#breadcrumb\",\"itemListElement\":[{\"@type\":\"ListItem\",\"position\":1,\"name\":\"Home\",\"item\":\"https:\\\/\\\/ranoja.ee\\\/\"},{\"@type\":\"ListItem\",\"position\":2,\"name\":\"Shop\",\"item\":\"https:\\\/\\\/ranoja.ee\\\/en\\\/shop\\\/\"},{\"@type\":\"ListItem\",\"position\":3,\"name\":\"T\u00f6\u00f6riistakomplekt 1\\\/2&#8243; 24-osa\"}]},{\"@type\":\"WebSite\",\"@id\":\"https:\\\/\\\/ranoja.ee\\\/#website\",\"url\":\"https:\\\/\\\/ranoja.ee\\\/\",\"name\":\"Ranoja\",\"description\":\"Equipment Shop WooCommerce WordPress Theme for Machine &amp; Tools\",\"publisher\":{\"@id\":\"https:\\\/\\\/ranoja.ee\\\/#organization\"},\"potentialAction\":[{\"@type\":\"SearchAction\",\"target\":{\"@type\":\"EntryPoint\",\"urlTemplate\":\"https:\\\/\\\/ranoja.ee\\\/?s={search_term_string}\"},\"query-input\":{\"@type\":\"PropertyValueSpecification\",\"valueRequired\":true,\"valueName\":\"search_term_string\"}}],\"inLanguage\":\"en-US\"},{\"@type\":\"Organization\",\"@id\":\"https:\\\/\\\/ranoja.ee\\\/#organization\",\"name\":\"Ranoja O\u00dc\",\"url\":\"https:\\\/\\\/ranoja.ee\\\/\",\"logo\":{\"@type\":\"ImageObject\",\"inLanguage\":\"en-US\",\"@id\":\"https:\\\/\\\/ranoja.ee\\\/#\\\/schema\\\/logo\\\/image\\\/\",\"url\":\"https:\\\/\\\/ranoja.ee\\\/wp-content\\\/uploads\\\/2023\\\/11\\\/ranoja-Logo.png\",\"contentUrl\":\"https:\\\/\\\/ranoja.ee\\\/wp-content\\\/uploads\\\/2023\\\/11\\\/ranoja-Logo.png\",\"width\":207,\"height\":58,\"caption\":\"Ranoja O\u00dc\"},\"image\":{\"@id\":\"https:\\\/\\\/ranoja.ee\\\/#\\\/schema\\\/logo\\\/image\\\/\"},\"sameAs\":[\"https:\\\/\\\/www.facebook.com\\\/ranoja.ee\",\"https:\\\/\\\/www.instagram.com\\\/ranoja__\\\/\"]}]}<\/script>\n<!-- \/ Yoast SEO plugin. -->","yoast_head_json":{"title":"T\u00f6\u00f6riistakomplekt 1\/2\" 24-osa","description":"T\u00f6\u00f6riistakomplekt 1\/2\" 24-osa, Komplekt sisaldab: Padrunid 10-32mm, Narre + pikendused: 125 ja 250mm, S\u00fc\u00fctek\u00fc\u00fcnlapadrunid: 16 ja 21mm, liigend, T-saba","robots":{"index":"index","follow":"follow","max-snippet":"max-snippet:-1","max-image-preview":"max-image-preview:large","max-video-preview":"max-video-preview:-1"},"canonical":"https:\/\/ranoja.ee\/toode\/tooriistakomplekt-1-2-24-osa\/","og_locale":"en_US","og_type":"article","og_title":"T\u00f6\u00f6riistakomplekt 1\/2\" 24-osa","og_description":"T\u00f6\u00f6riistakomplekt 1\/2\" 24-osa, Komplekt sisaldab: Padrunid 10-32mm, Narre + pikendused: 125 ja 250mm, S\u00fc\u00fctek\u00fc\u00fcnlapadrunid: 16 ja 21mm, liigend, T-saba","og_url":"https:\/\/ranoja.ee\/toode\/tooriistakomplekt-1-2-24-osa\/","og_site_name":"Ranoja","article_publisher":"https:\/\/www.facebook.com\/ranoja.ee","article_modified_time":"2025-12-10T13:08:50+00:00","og_image":[{"width":505,"height":395,"url":"https:\/\/ranoja.ee\/wp-content\/uploads\/2024\/10\/Tooriistakomplekt-24-osa.png","type":"image\/png"}],"twitter_card":"summary_large_image","twitter_misc":{"Est. reading time":"2 minutes"},"schema":{"@context":"https:\/\/schema.org","@graph":[{"@type":"WebPage","@id":"https:\/\/ranoja.ee\/toode\/tooriistakomplekt-1-2-24-osa\/","url":"https:\/\/ranoja.ee\/toode\/tooriistakomplekt-1-2-24-osa\/","name":"T\u00f6\u00f6riistakomplekt 1\/2\" 24-osa","isPartOf":{"@id":"https:\/\/ranoja.ee\/#website"},"primaryImageOfPage":{"@id":"https:\/\/ranoja.ee\/toode\/tooriistakomplekt-1-2-24-osa\/#primaryimage"},"image":{"@id":"https:\/\/ranoja.ee\/toode\/tooriistakomplekt-1-2-24-osa\/#primaryimage"},"thumbnailUrl":"https:\/\/ranoja.ee\/wp-content\/uploads\/2024\/10\/Tooriistakomplekt-24-osa.png","datePublished":"2024-10-30T15:06:14+00:00","dateModified":"2025-12-10T13:08:50+00:00","description":"T\u00f6\u00f6riistakomplekt 1\/2\" 24-osa, Komplekt sisaldab: Padrunid 10-32mm, Narre + pikendused: 125 ja 250mm, S\u00fc\u00fctek\u00fc\u00fcnlapadrunid: 16 ja 21mm, liigend, T-saba","breadcrumb":{"@id":"https:\/\/ranoja.ee\/toode\/tooriistakomplekt-1-2-24-osa\/#breadcrumb"},"inLanguage":"en-US","potentialAction":[{"@type":"ReadAction","target":["https:\/\/ranoja.ee\/toode\/tooriistakomplekt-1-2-24-osa\/"]}]},{"@type":"ImageObject","inLanguage":"en-US","@id":"https:\/\/ranoja.ee\/toode\/tooriistakomplekt-1-2-24-osa\/#primaryimage","url":"https:\/\/ranoja.ee\/wp-content\/uploads\/2024\/10\/Tooriistakomplekt-24-osa.png","contentUrl":"https:\/\/ranoja.ee\/wp-content\/uploads\/2024\/10\/Tooriistakomplekt-24-osa.png","width":505,"height":395,"caption":"T\u00f6\u00f6riistakomplekt 1\/2\" 24-osa"},{"@type":"BreadcrumbList","@id":"https:\/\/ranoja.ee\/toode\/tooriistakomplekt-1-2-24-osa\/#breadcrumb","itemListElement":[{"@type":"ListItem","position":1,"name":"Home","item":"https:\/\/ranoja.ee\/"},{"@type":"ListItem","position":2,"name":"Shop","item":"https:\/\/ranoja.ee\/en\/shop\/"},{"@type":"ListItem","position":3,"name":"T\u00f6\u00f6riistakomplekt 1\/2&#8243; 24-osa"}]},{"@type":"WebSite","@id":"https:\/\/ranoja.ee\/#website","url":"https:\/\/ranoja.ee\/","name":"Ranoja","description":"Equipment Shop WooCommerce WordPress Theme for Machine &amp; Tools","publisher":{"@id":"https:\/\/ranoja.ee\/#organization"},"potentialAction":[{"@type":"SearchAction","target":{"@type":"EntryPoint","urlTemplate":"https:\/\/ranoja.ee\/?s={search_term_string}"},"query-input":{"@type":"PropertyValueSpecification","valueRequired":true,"valueName":"search_term_string"}}],"inLanguage":"en-US"},{"@type":"Organization","@id":"https:\/\/ranoja.ee\/#organization","name":"Ranoja O\u00dc","url":"https:\/\/ranoja.ee\/","logo":{"@type":"ImageObject","inLanguage":"en-US","@id":"https:\/\/ranoja.ee\/#\/schema\/logo\/image\/","url":"https:\/\/ranoja.ee\/wp-content\/uploads\/2023\/11\/ranoja-Logo.png","contentUrl":"https:\/\/ranoja.ee\/wp-content\/uploads\/2023\/11\/ranoja-Logo.png","width":207,"height":58,"caption":"Ranoja O\u00dc"},"image":{"@id":"https:\/\/ranoja.ee\/#\/schema\/logo\/image\/"},"sameAs":["https:\/\/www.facebook.com\/ranoja.ee","https:\/\/www.instagram.com\/ranoja__\/"]}]}},"_links":{"self":[{"href":"https:\/\/ranoja.ee\/en\/wp-json\/wp\/v2\/product\/12982","targetHints":{"allow":["GET"]}}],"collection":[{"href":"https:\/\/ranoja.ee\/en\/wp-json\/wp\/v2\/product"}],"about":[{"href":"https:\/\/ranoja.ee\/en\/wp-json\/wp\/v2\/types\/product"}],"wp:featuredmedia":[{"embeddable":true,"href":"https:\/\/ranoja.ee\/en\/wp-json\/wp\/v2\/media\/12983"}],"wp:attachment":[{"href":"https:\/\/ranoja.ee\/en\/wp-json\/wp\/v2\/media?parent=12982"}],"wp:term":[{"taxonomy":"product_cat","embeddable":true,"href":"https:\/\/ranoja.ee\/en\/wp-json\/wp\/v2\/product_cat?post=12982"},{"taxonomy":"product_tag","embeddable":true,"href":"https:\/\/ranoja.ee\/en\/wp-json\/wp\/v2\/product_tag?post=12982"}],"curies":[{"name":"wp","href":"https:\/\/api.w.org\/{rel}","templated":true}]}}