{"id":12963,"date":"2024-10-30T11:45:11","date_gmt":"2024-10-30T08:45:11","guid":{"rendered":"https:\/\/ranoja.ee\/?post_type=product&#038;p=12963"},"modified":"2025-12-10T16:08:51","modified_gmt":"2025-12-10T13:08:51","slug":"padrunikomplekt-1-4-ja-1-2-91-osa","status":"publish","type":"product","link":"https:\/\/ranoja.ee\/en\/toode\/padrunikomplekt-1-4-ja-1-2-91-osa\/","title":{"rendered":"Padrunikomplekt 1\/4\u201c ja 1\/2&#8243; 91-osa"},"content":{"rendered":"<p>Padrunikomplekt 1\/4\u201c ja 1\/2&#8243; 91-osa on h\u00e4davajalik t\u00f6\u00f6riistakomplekt igasuguste remontt\u00f6\u00f6de puhul. Pakkudes laia valikut padruneid ja tarvikuid, mis sobivad erineva suuruse ja t\u00fc\u00fcpi mutrite, poltide ning kruvide kinnitamiseks ja lahti keeramiseks. Eriti kasulik on padrunikomplekt auto- ja masinate remondis, kus sageli leidub keeratavaid elemente, mis n\u00f5uavad t\u00e4pset t\u00f6\u00f6riista. Komplekti kuuluvad padrunid erinevad nii suuruse kui ka profiili poolest, tagades, et iga keeramis\u00fclesande jaoks on olemas sobiv lahendus.<\/p>\n<p>Remontt\u00f6\u00f6del on padrunikomplekti eeliseks selle multifunktsionaalsus ja ajas\u00e4\u00e4stlikkus. T\u00e4nu mitmek\u00fclgsele padrunite valikule on v\u00f5imalik kiiresti t\u00f6\u00f6delda mitut t\u00fc\u00fcpi polte ja mutreid ilma erinevaid t\u00f6\u00f6riistu vahetamata. Padrunikomplekt sisaldab tavaliselt nii l\u00fchikesi kui ka pikki padruneid, mis v\u00f5imaldavad j\u00f5uda kitsastesse ja raskesti ligip\u00e4\u00e4setavatesse kohtadesse \u2013 omadus, mis on eriti oluline keerukamate remondit\u00f6\u00f6de puhul.<\/p>\n<p>Lisaks t\u00f6\u00f6tab padrunikomplekt h\u00e4sti koos mutriv\u00f5tme v\u00f5i narre-s\u00fcsteemiga, mis annab t\u00f6\u00f6riistale vajaliku tugevuse ja t\u00e4psuse. See aitab v\u00e4ltida mutrite ja poltide kahjustamist, mis v\u00f5ib tekkida valesti valitud v\u00f5i sobimatu t\u00f6\u00f6riista kasutamisel. Lisaks on padrunikomplekti abil v\u00f5imalik saavutada tugevam ja \u00fchtlasem kinnitus, kuna padrunid ja nende hoidjad tagavad t\u00f6\u00f6riista hea haarde ja optimaalse j\u00f5u jaotuse.Padrunikomplekt 1\/4\u201c ja 1\/2&#8243; 91-osa<\/p>\n<p>Padrunikomplekt muudab remontt\u00f6\u00f6d ajas\u00e4\u00e4stlikumaks ja t\u00e4psemaks, kuna t\u00f6\u00f6riistade vahetamine on lihtne ning padrunid p\u00fcsivad h\u00e4sti oma kohal, tagades \u00fchtlase surve jaotuse. See aitab v\u00e4hendada vigastuste ja kulumise ohtu. Kuna \u00f5igesti valitud padrunid ei libise ja hoiavad polte kindlalt. Lisaks on padrunikomplekt oluline investeering t\u00f6\u00f6 kvaliteeti, pakkudes k\u00f5ike vajalikku k\u00e4ep\u00e4rast, et t\u00f6\u00f6riistade otsimisele v\u00f5i kohandamisele aega ei kuluks.<\/p>\n","protected":false},"excerpt":{"rendered":"<p>Padrunikomplekt 1\/4\u201c ja 1\/2&#8243; 91-osa<br \/>\n1\/4&#8243; Padrunid 4, 4,5, 5, 5,5, 6, 7, 8, 9, 10, 11, 12, 13 mm 1\/4&#8243; Pikad padrunid 4, 5, 6, 7, 8, 9, 10, 11, 12, 13 mm<br \/>\n1\/4&#8243; kruvikeeraja pesade jaoks 150 mm<br \/>\n1\/4&#8243; pikendused 50 ja 100 mm<br \/>\n1\/4&#8243; liigend<br \/>\n1\/4&#8243; adapter 1\/4&#8243; padruni jaoks<br \/>\n1\/2&#8243; Padrunid 10, 12, 13, 14, 15, 17, 19, 21, 22, 24, 27, 30, 32 mm<br \/>\n1\/2&#8243; pikendused 125 ja 250 mm<br \/>\n1\/2&#8243; liigend<br \/>\n1\/2&#8243; s\u00fc\u00fctek\u00fc\u00fcnla pesad 16 ja 21 mm<br \/>\n1\/2&#8243; adapter 5\/16&#8243; padrunite jaoks<br \/>\nAdapter 3\/8&#8243; -> 1\/2&#8243;<br \/>\nLehtv\u00f5tmed 8, 10, 12, 13, 14, 15, 17, 19 mm<br \/>\n1\/4&#8243; otsikud: &#8211; 4,5 \/ 5,5 \/ 6,5 \/ 7 mm &#8211; PH1, PH2, PH3 &#8211; PZ1, PZ2, PZ3<br \/>\nTorx avaga T7, T8, T10, T15, T20, T25, T27, T30, T40<br \/>\nKuusnurkne pesa 1,5 \/ 2 \/ 2,5 \/ 3 \/ 4 \/ 5 \/ 6 \/ 8 mm<br \/>\nXZN M5, M65\/16&#8243;<br \/>\nOtsikud &#8211; T40, T45, T47, T50<br \/>\n<strong>Seadme eeldatav tarneaeg 1-7 t\u00f6\u00f6p\u00e4eva<\/strong><\/p>\n","protected":false},"featured_media":12964,"template":"","meta":{"inline_featured_image":false},"product_cat":[1596,1116],"product_tag":[1599,1603,1597,1601,1600,1598],"class_list":{"0":"post-12963","1":"product","2":"type-product","3":"status-publish","4":"has-post-thumbnail","6":"product_cat-kasitooriistad","7":"product_cat-lisaseadmed-ehitusseadmed-led-lisatuled-cb-raadiod-lallar","8":"product_tag-284-33-t38","9":"product_tag-284-b33-1991","10":"product_tag-kasitooriistad","11":"product_tag-narre","12":"product_tag-padrun","13":"product_tag-padrunikomplekt","15":"first","16":"instock","17":"taxable","18":"shipping-taxable","19":"purchasable","20":"product-type-simple"},"yoast_head":"<!-- This site is optimized with the Yoast SEO plugin v27.4 - https:\/\/yoast.com\/product\/yoast-seo-wordpress\/ -->\n<title>Padrunikomplekt 1\/4\u201c ja 1\/2&quot; 91-osa<\/title>\n<meta name=\"description\" content=\"Komplektis padrunid, pikendused, liigendid, adapterid, 1\/2&quot; Padrunid, pikendused, liigend, s\u00fc\u00fctek\u00fc\u00fcnla pesad, adapterid 5\/16&quot;,3\/8&quot; -&gt; 1\/2&quot;Lehtv\u00f5tmed\" \/>\n<meta name=\"robots\" content=\"index, follow, max-snippet:-1, max-image-preview:large, max-video-preview:-1\" \/>\n<link rel=\"canonical\" href=\"https:\/\/ranoja.ee\/toode\/padrunikomplekt-1-4-ja-1-2-91-osa\/\" \/>\n<meta property=\"og:locale\" content=\"en_US\" \/>\n<meta property=\"og:type\" content=\"article\" \/>\n<meta property=\"og:title\" content=\"Padrunikomplekt 1\/4\u201c ja 1\/2&quot; 91-osa\" \/>\n<meta property=\"og:description\" content=\"Komplektis padrunid, pikendused, liigendid, adapterid, 1\/2&quot; Padrunid, pikendused, liigend, s\u00fc\u00fctek\u00fc\u00fcnla pesad, adapterid 5\/16&quot;,3\/8&quot; -&gt; 1\/2&quot;Lehtv\u00f5tmed\" \/>\n<meta property=\"og:url\" content=\"https:\/\/ranoja.ee\/toode\/padrunikomplekt-1-4-ja-1-2-91-osa\/\" \/>\n<meta property=\"og:site_name\" content=\"Ranoja\" \/>\n<meta property=\"article:publisher\" content=\"https:\/\/www.facebook.com\/ranoja.ee\" \/>\n<meta property=\"article:modified_time\" content=\"2025-12-10T13:08:51+00:00\" \/>\n<meta property=\"og:image\" content=\"https:\/\/ranoja.ee\/wp-content\/uploads\/2024\/10\/Padrunikomplekt-91-osa.png\" \/>\n\t<meta property=\"og:image:width\" content=\"332\" \/>\n\t<meta property=\"og:image:height\" content=\"397\" \/>\n\t<meta property=\"og:image:type\" content=\"image\/png\" \/>\n<meta name=\"twitter:card\" content=\"summary_large_image\" \/>\n<meta name=\"twitter:label1\" content=\"Est. reading time\" \/>\n\t<meta name=\"twitter:data1\" content=\"2 minutes\" \/>\n<script type=\"application\/ld+json\" class=\"yoast-schema-graph\">{\"@context\":\"https:\\\/\\\/schema.org\",\"@graph\":[{\"@type\":\"WebPage\",\"@id\":\"https:\\\/\\\/ranoja.ee\\\/toode\\\/padrunikomplekt-1-4-ja-1-2-91-osa\\\/\",\"url\":\"https:\\\/\\\/ranoja.ee\\\/toode\\\/padrunikomplekt-1-4-ja-1-2-91-osa\\\/\",\"name\":\"Padrunikomplekt 1\\\/4\u201c ja 1\\\/2\\\" 91-osa\",\"isPartOf\":{\"@id\":\"https:\\\/\\\/ranoja.ee\\\/#website\"},\"primaryImageOfPage\":{\"@id\":\"https:\\\/\\\/ranoja.ee\\\/toode\\\/padrunikomplekt-1-4-ja-1-2-91-osa\\\/#primaryimage\"},\"image\":{\"@id\":\"https:\\\/\\\/ranoja.ee\\\/toode\\\/padrunikomplekt-1-4-ja-1-2-91-osa\\\/#primaryimage\"},\"thumbnailUrl\":\"https:\\\/\\\/ranoja.ee\\\/wp-content\\\/uploads\\\/2024\\\/10\\\/Padrunikomplekt-91-osa.png\",\"datePublished\":\"2024-10-30T08:45:11+00:00\",\"dateModified\":\"2025-12-10T13:08:51+00:00\",\"description\":\"Komplektis padrunid, pikendused, liigendid, adapterid, 1\\\/2\\\" Padrunid, pikendused, liigend, s\u00fc\u00fctek\u00fc\u00fcnla pesad, adapterid 5\\\/16\\\",3\\\/8\\\" -> 1\\\/2\\\"Lehtv\u00f5tmed\",\"breadcrumb\":{\"@id\":\"https:\\\/\\\/ranoja.ee\\\/toode\\\/padrunikomplekt-1-4-ja-1-2-91-osa\\\/#breadcrumb\"},\"inLanguage\":\"en-US\",\"potentialAction\":[{\"@type\":\"ReadAction\",\"target\":[\"https:\\\/\\\/ranoja.ee\\\/toode\\\/padrunikomplekt-1-4-ja-1-2-91-osa\\\/\"]}]},{\"@type\":\"ImageObject\",\"inLanguage\":\"en-US\",\"@id\":\"https:\\\/\\\/ranoja.ee\\\/toode\\\/padrunikomplekt-1-4-ja-1-2-91-osa\\\/#primaryimage\",\"url\":\"https:\\\/\\\/ranoja.ee\\\/wp-content\\\/uploads\\\/2024\\\/10\\\/Padrunikomplekt-91-osa.png\",\"contentUrl\":\"https:\\\/\\\/ranoja.ee\\\/wp-content\\\/uploads\\\/2024\\\/10\\\/Padrunikomplekt-91-osa.png\",\"width\":332,\"height\":397,\"caption\":\"Padrunikomplekt 1\\\/4\u201c ja 1\\\/2\\\" 91-osa - K\u00e4sit\u00f6\u00f6riistad - mutriv\u00f5tmed, komplektid, kruvikeerajad, haamrid, t\u00f6\u00f6riistakomplektid, padrunikomplektid\"},{\"@type\":\"BreadcrumbList\",\"@id\":\"https:\\\/\\\/ranoja.ee\\\/toode\\\/padrunikomplekt-1-4-ja-1-2-91-osa\\\/#breadcrumb\",\"itemListElement\":[{\"@type\":\"ListItem\",\"position\":1,\"name\":\"Home\",\"item\":\"https:\\\/\\\/ranoja.ee\\\/\"},{\"@type\":\"ListItem\",\"position\":2,\"name\":\"Shop\",\"item\":\"https:\\\/\\\/ranoja.ee\\\/en\\\/shop\\\/\"},{\"@type\":\"ListItem\",\"position\":3,\"name\":\"Padrunikomplekt 1\\\/4\u201c ja 1\\\/2&#8243; 91-osa\"}]},{\"@type\":\"WebSite\",\"@id\":\"https:\\\/\\\/ranoja.ee\\\/#website\",\"url\":\"https:\\\/\\\/ranoja.ee\\\/\",\"name\":\"Ranoja\",\"description\":\"Equipment Shop WooCommerce WordPress Theme for Machine &amp; Tools\",\"publisher\":{\"@id\":\"https:\\\/\\\/ranoja.ee\\\/#organization\"},\"potentialAction\":[{\"@type\":\"SearchAction\",\"target\":{\"@type\":\"EntryPoint\",\"urlTemplate\":\"https:\\\/\\\/ranoja.ee\\\/?s={search_term_string}\"},\"query-input\":{\"@type\":\"PropertyValueSpecification\",\"valueRequired\":true,\"valueName\":\"search_term_string\"}}],\"inLanguage\":\"en-US\"},{\"@type\":\"Organization\",\"@id\":\"https:\\\/\\\/ranoja.ee\\\/#organization\",\"name\":\"Ranoja O\u00dc\",\"url\":\"https:\\\/\\\/ranoja.ee\\\/\",\"logo\":{\"@type\":\"ImageObject\",\"inLanguage\":\"en-US\",\"@id\":\"https:\\\/\\\/ranoja.ee\\\/#\\\/schema\\\/logo\\\/image\\\/\",\"url\":\"https:\\\/\\\/ranoja.ee\\\/wp-content\\\/uploads\\\/2023\\\/11\\\/ranoja-Logo.png\",\"contentUrl\":\"https:\\\/\\\/ranoja.ee\\\/wp-content\\\/uploads\\\/2023\\\/11\\\/ranoja-Logo.png\",\"width\":207,\"height\":58,\"caption\":\"Ranoja O\u00dc\"},\"image\":{\"@id\":\"https:\\\/\\\/ranoja.ee\\\/#\\\/schema\\\/logo\\\/image\\\/\"},\"sameAs\":[\"https:\\\/\\\/www.facebook.com\\\/ranoja.ee\",\"https:\\\/\\\/www.instagram.com\\\/ranoja__\\\/\"]}]}<\/script>\n<!-- \/ Yoast SEO plugin. -->","yoast_head_json":{"title":"Padrunikomplekt 1\/4\u201c ja 1\/2\" 91-osa","description":"Komplektis padrunid, pikendused, liigendid, adapterid, 1\/2\" Padrunid, pikendused, liigend, s\u00fc\u00fctek\u00fc\u00fcnla pesad, adapterid 5\/16\",3\/8\" -> 1\/2\"Lehtv\u00f5tmed","robots":{"index":"index","follow":"follow","max-snippet":"max-snippet:-1","max-image-preview":"max-image-preview:large","max-video-preview":"max-video-preview:-1"},"canonical":"https:\/\/ranoja.ee\/toode\/padrunikomplekt-1-4-ja-1-2-91-osa\/","og_locale":"en_US","og_type":"article","og_title":"Padrunikomplekt 1\/4\u201c ja 1\/2\" 91-osa","og_description":"Komplektis padrunid, pikendused, liigendid, adapterid, 1\/2\" Padrunid, pikendused, liigend, s\u00fc\u00fctek\u00fc\u00fcnla pesad, adapterid 5\/16\",3\/8\" -> 1\/2\"Lehtv\u00f5tmed","og_url":"https:\/\/ranoja.ee\/toode\/padrunikomplekt-1-4-ja-1-2-91-osa\/","og_site_name":"Ranoja","article_publisher":"https:\/\/www.facebook.com\/ranoja.ee","article_modified_time":"2025-12-10T13:08:51+00:00","og_image":[{"width":332,"height":397,"url":"https:\/\/ranoja.ee\/wp-content\/uploads\/2024\/10\/Padrunikomplekt-91-osa.png","type":"image\/png"}],"twitter_card":"summary_large_image","twitter_misc":{"Est. reading time":"2 minutes"},"schema":{"@context":"https:\/\/schema.org","@graph":[{"@type":"WebPage","@id":"https:\/\/ranoja.ee\/toode\/padrunikomplekt-1-4-ja-1-2-91-osa\/","url":"https:\/\/ranoja.ee\/toode\/padrunikomplekt-1-4-ja-1-2-91-osa\/","name":"Padrunikomplekt 1\/4\u201c ja 1\/2\" 91-osa","isPartOf":{"@id":"https:\/\/ranoja.ee\/#website"},"primaryImageOfPage":{"@id":"https:\/\/ranoja.ee\/toode\/padrunikomplekt-1-4-ja-1-2-91-osa\/#primaryimage"},"image":{"@id":"https:\/\/ranoja.ee\/toode\/padrunikomplekt-1-4-ja-1-2-91-osa\/#primaryimage"},"thumbnailUrl":"https:\/\/ranoja.ee\/wp-content\/uploads\/2024\/10\/Padrunikomplekt-91-osa.png","datePublished":"2024-10-30T08:45:11+00:00","dateModified":"2025-12-10T13:08:51+00:00","description":"Komplektis padrunid, pikendused, liigendid, adapterid, 1\/2\" Padrunid, pikendused, liigend, s\u00fc\u00fctek\u00fc\u00fcnla pesad, adapterid 5\/16\",3\/8\" -> 1\/2\"Lehtv\u00f5tmed","breadcrumb":{"@id":"https:\/\/ranoja.ee\/toode\/padrunikomplekt-1-4-ja-1-2-91-osa\/#breadcrumb"},"inLanguage":"en-US","potentialAction":[{"@type":"ReadAction","target":["https:\/\/ranoja.ee\/toode\/padrunikomplekt-1-4-ja-1-2-91-osa\/"]}]},{"@type":"ImageObject","inLanguage":"en-US","@id":"https:\/\/ranoja.ee\/toode\/padrunikomplekt-1-4-ja-1-2-91-osa\/#primaryimage","url":"https:\/\/ranoja.ee\/wp-content\/uploads\/2024\/10\/Padrunikomplekt-91-osa.png","contentUrl":"https:\/\/ranoja.ee\/wp-content\/uploads\/2024\/10\/Padrunikomplekt-91-osa.png","width":332,"height":397,"caption":"Padrunikomplekt 1\/4\u201c ja 1\/2\" 91-osa - K\u00e4sit\u00f6\u00f6riistad - mutriv\u00f5tmed, komplektid, kruvikeerajad, haamrid, t\u00f6\u00f6riistakomplektid, padrunikomplektid"},{"@type":"BreadcrumbList","@id":"https:\/\/ranoja.ee\/toode\/padrunikomplekt-1-4-ja-1-2-91-osa\/#breadcrumb","itemListElement":[{"@type":"ListItem","position":1,"name":"Home","item":"https:\/\/ranoja.ee\/"},{"@type":"ListItem","position":2,"name":"Shop","item":"https:\/\/ranoja.ee\/en\/shop\/"},{"@type":"ListItem","position":3,"name":"Padrunikomplekt 1\/4\u201c ja 1\/2&#8243; 91-osa"}]},{"@type":"WebSite","@id":"https:\/\/ranoja.ee\/#website","url":"https:\/\/ranoja.ee\/","name":"Ranoja","description":"Equipment Shop WooCommerce WordPress Theme for Machine &amp; Tools","publisher":{"@id":"https:\/\/ranoja.ee\/#organization"},"potentialAction":[{"@type":"SearchAction","target":{"@type":"EntryPoint","urlTemplate":"https:\/\/ranoja.ee\/?s={search_term_string}"},"query-input":{"@type":"PropertyValueSpecification","valueRequired":true,"valueName":"search_term_string"}}],"inLanguage":"en-US"},{"@type":"Organization","@id":"https:\/\/ranoja.ee\/#organization","name":"Ranoja O\u00dc","url":"https:\/\/ranoja.ee\/","logo":{"@type":"ImageObject","inLanguage":"en-US","@id":"https:\/\/ranoja.ee\/#\/schema\/logo\/image\/","url":"https:\/\/ranoja.ee\/wp-content\/uploads\/2023\/11\/ranoja-Logo.png","contentUrl":"https:\/\/ranoja.ee\/wp-content\/uploads\/2023\/11\/ranoja-Logo.png","width":207,"height":58,"caption":"Ranoja O\u00dc"},"image":{"@id":"https:\/\/ranoja.ee\/#\/schema\/logo\/image\/"},"sameAs":["https:\/\/www.facebook.com\/ranoja.ee","https:\/\/www.instagram.com\/ranoja__\/"]}]}},"_links":{"self":[{"href":"https:\/\/ranoja.ee\/en\/wp-json\/wp\/v2\/product\/12963","targetHints":{"allow":["GET"]}}],"collection":[{"href":"https:\/\/ranoja.ee\/en\/wp-json\/wp\/v2\/product"}],"about":[{"href":"https:\/\/ranoja.ee\/en\/wp-json\/wp\/v2\/types\/product"}],"wp:featuredmedia":[{"embeddable":true,"href":"https:\/\/ranoja.ee\/en\/wp-json\/wp\/v2\/media\/12964"}],"wp:attachment":[{"href":"https:\/\/ranoja.ee\/en\/wp-json\/wp\/v2\/media?parent=12963"}],"wp:term":[{"taxonomy":"product_cat","embeddable":true,"href":"https:\/\/ranoja.ee\/en\/wp-json\/wp\/v2\/product_cat?post=12963"},{"taxonomy":"product_tag","embeddable":true,"href":"https:\/\/ranoja.ee\/en\/wp-json\/wp\/v2\/product_tag?post=12963"}],"curies":[{"name":"wp","href":"https:\/\/api.w.org\/{rel}","templated":true}]}}