{"id":12948,"date":"2024-10-29T16:05:06","date_gmt":"2024-10-29T13:05:06","guid":{"rendered":"https:\/\/ranoja.ee\/?post_type=product&#038;p=12948"},"modified":"2025-12-10T16:08:51","modified_gmt":"2025-12-10T13:08:51","slug":"akulaadija-blue-smart-ip67-25a","status":"publish","type":"product","link":"https:\/\/ranoja.ee\/en\/toode\/akulaadija-blue-smart-ip67-25a\/","title":{"rendered":"Akulaadija Blue Smart IP67 25A"},"content":{"rendered":"<p>Akulaadija Blue Smart IP67 25A<br \/>\nBlue Smart IP67 25A akulaadija on Victroni suure v\u00f5imsusega ja vastupidav laadija, mis on loodud spetsiaalselt 12V akude jaoks. See mudel sobib h\u00e4sti kasutamiseks matkaautodes, paatides, p\u00e4ikeseenergia s\u00fcsteemides ja muudes v\u00e4listingimustes v\u00f5i mobiilsetes seadistustes, kus on vajalik vastupidavus ja t\u00f6\u00f6kindlus.<\/p>\n<p>Omadused:<br \/>\nT\u00e4ielikult veekindel ja tolmukindel: IP67 kaitseklass tagab, et laadija on 100% kaitstud nii vee kui ka tolmu sissep\u00e4\u00e4su eest. See v\u00f5imaldab laadijat kasutada m\u00e4rgades ja tolmustes tingimustes, muutes selle ideaalseks v\u00e4litingimustes, n\u00e4iteks paatides ja matkabussides.<br \/>\nArukas laadimisalgoritm (seitse laadimisetappi): Seitsmeastmeline laadimisprotsess kohandub vastavalt aku t\u00fc\u00fcbile ja seisundile, et tagada maksimaalne j\u00f5udlus ja aku eluiga. Laadija optimeerib iga laadimisetapi, mis hoiab \u00e4ra \u00fclelaadimise ja v\u00e4hendab aku kulumist. Sobib suurep\u00e4raselt nii pliiakude (AGM, GEL) kui ka liitiumakude jaoks.<\/p>\n<p>Bluetoothi \u00fchendus ja Victron Connect rakendus: Bluetoothi kaudu saab laadimist juhtida ja j\u00e4lgida otse nutitelefonist, pakkudes reaalajas andmeid ja kohandatavaid laadimisvalikuid Victron Connect rakenduse kaudu.<br \/>\nPingekompensatsioon kaablikao korral: Laadija reguleerib pinget, et kompenseerida pinge kadu pikkade laadimiskaablite puhul. See tagab, et aku saab alati optimaalse pinge, olenemata kaabli pikkusest.<br \/>\nRegeneratsioonire\u017eiim sulfaatunud pliiakude jaoks: See erifunktsioon aitab taastada ja elavdada sulfaatunud pliiakusid, parandades nende salvestusv\u00f5imet ja pikendades aku eluiga, eriti kui tegemist on kaua seisnud v\u00f5i eba\u00fchtlaselt hooldatud akudega.<\/p>\n<p>Tehnilised andmed:<br \/>\nV\u00e4ljundvool: 25 A<br \/>\nToitepinge: 230V AC<br \/>\nLaadimispinge: 12V<br \/>\nT\u00f6\u00f6temperatuur: -20 \u00b0C kuni +50 \u00b0C<br \/>\nKaitseklass: IP67 (kaitse tolmu ja vee eest)<br \/>\nAku t\u00fc\u00fcpide tugi: Sobib pliiakudele (GEL ja AGM) ning liitiumakudele, sh LiFePO4.<br \/>\nEelised ja kasutusv\u00f5imalused<\/p>\n<p>Kasutamine karmides tingimustes: T\u00e4nu IP67 kaitseklassile on laadija ideaalne v\u00e4listingimustesse, kus v\u00f5ib esineda niiskust ja tolmu.<br \/>\nV\u00f5imekas ja kiire laadimine: Suure v\u00e4ljundvooluga 25A laadija sobib h\u00e4sti suuremate akude ja akupankade laadimiseks.<br \/>\nMugav j\u00e4lgimine ja seadistamine Bluetoothi kaudu: Kasutaja saab laadimisprotsessi reaalajas j\u00e4lgida ja juhtida otse nutitelefoni kaudu.<\/p>\n","protected":false},"excerpt":{"rendered":"<p>Akulaadija Blue Smart IP67 25A<\/p>\n<p>M\u00f5\u00f5tmed: 99.00 x 219.00 x 65.00mm<br \/>\nKaal: 2.80kg (net 2.40kg)<br \/>\nT\u00fc\u00fcp: Blue Smart IP67<br \/>\nPinge: 12V<br \/>\nVoolutugevus: 25 A<br \/>\nMaterjal: Alumiinium<br \/>\nIP klassifikatsioon: IP67<br \/>\nSertifikaadid: EN 60335-1, EN 60335-2-29<br \/>\nKirjeldus: veekindel, automaatne, integreeritud bluetooth: aku ja laadija olekut saab kontrollida nutitelefoni v\u00f5i tahvelarvuti kaudu, v\u00e4ga t\u00f5hus, 5-astmeline laadimisalgoritm: optimeerib laadimisprotsessi automaatselt vastavalt aku kasutusviisile, t\u00e4ielikult t\u00fchjenenud aku taastamine funktsioon, Salvestusre\u017eiimis v\u00e4hendatakse pinget 2,2 V-ni elemendi kohta: minimeerib positiivsete plaatide gaaside teket ja korrosiooni. Kord n\u00e4dalas t\u00f5stetakse pinge tagasi neeldumistasemele: takistab elektrol\u00fc\u00fcdi kihistumist ja sulfaatimist. Igat t\u00fc\u00fcpi akudele: ka Liitium-ioon, saab kasutada toiteallikana, kaitsed: \u00fclekuumenemine (v\u00e4ljundvool v\u00e4heneb +60\u00b0C juures) &#8211; vastupidine polaarsus (kaitse) &#8211; v\u00e4ljund l\u00fchis, peakaabel 1,5m w. CEE 7\/7 pistik, laadimiskaabel 1,5m w. r\u00f5ngasklemmid, 1,8kg, sisend 180-265VAC 45-65Hz, laadimine normaalne\/madal: 25\/10A, kasutegur 95%, koormuseta v\u00f5imsus 0,5W, -30\u00b0C \u2026 +60\u00b0C, \u00f5huniiskus kuni 100%<br \/>\n<strong>Tarneaeg 3-4 t\u00f6\u00f6p\u00e4eva<\/strong><\/p>\n","protected":false},"featured_media":12949,"template":"","meta":{"inline_featured_image":false},"product_cat":[121,1116],"product_tag":[203,196],"class_list":{"0":"post-12948","1":"product","2":"type-product","3":"status-publish","4":"has-post-thumbnail","6":"product_brand-victron-energy","7":"product_cat-kaivitusakud-ja-laadijad","8":"product_cat-lisaseadmed-ehitusseadmed-led-lisatuled-cb-raadiod-lallar","9":"product_tag-akulaadija","10":"product_tag-laadija","12":"first","13":"instock","14":"taxable","15":"shipping-taxable","16":"purchasable","17":"product-type-simple"},"yoast_head":"<!-- This site is optimized with the Yoast SEO plugin v27.4 - https:\/\/yoast.com\/product\/yoast-seo-wordpress\/ -->\n<title>Akulaadija Blue Smart IP67 25A<\/title>\n<meta name=\"description\" content=\"Akulaadija Blue Smart IP67 25A - aku ja laadija olekut saab kontrollida nutitelefoni v\u00f5i tahvelarvuti kaudu, v\u00e4ga t\u00f5hus 5-astmeline.\" \/>\n<meta name=\"robots\" content=\"index, follow, max-snippet:-1, max-image-preview:large, max-video-preview:-1\" \/>\n<link rel=\"canonical\" href=\"https:\/\/ranoja.ee\/toode\/akulaadija-blue-smart-ip67-25a\/\" \/>\n<meta property=\"og:locale\" content=\"en_US\" \/>\n<meta property=\"og:type\" content=\"article\" \/>\n<meta property=\"og:title\" content=\"Akulaadija Blue Smart IP67 25A\" \/>\n<meta property=\"og:description\" content=\"Akulaadija Blue Smart IP67 25A - aku ja laadija olekut saab kontrollida nutitelefoni v\u00f5i tahvelarvuti kaudu, v\u00e4ga t\u00f5hus 5-astmeline.\" \/>\n<meta property=\"og:url\" content=\"https:\/\/ranoja.ee\/toode\/akulaadija-blue-smart-ip67-25a\/\" \/>\n<meta property=\"og:site_name\" content=\"Ranoja\" \/>\n<meta property=\"article:publisher\" content=\"https:\/\/www.facebook.com\/ranoja.ee\" \/>\n<meta property=\"article:modified_time\" content=\"2025-12-10T13:08:51+00:00\" \/>\n<meta property=\"og:image\" content=\"https:\/\/ranoja.ee\/wp-content\/uploads\/2024\/10\/Akulaadija-Blue-Smart-IP67-25A.jpg\" \/>\n\t<meta property=\"og:image:width\" content=\"800\" \/>\n\t<meta property=\"og:image:height\" content=\"600\" \/>\n\t<meta property=\"og:image:type\" content=\"image\/jpeg\" \/>\n<meta name=\"twitter:card\" content=\"summary_large_image\" \/>\n<meta name=\"twitter:label1\" content=\"Est. reading time\" \/>\n\t<meta name=\"twitter:data1\" content=\"2 minutes\" \/>\n<script type=\"application\/ld+json\" class=\"yoast-schema-graph\">{\"@context\":\"https:\\\/\\\/schema.org\",\"@graph\":[{\"@type\":\"WebPage\",\"@id\":\"https:\\\/\\\/ranoja.ee\\\/toode\\\/akulaadija-blue-smart-ip67-25a\\\/\",\"url\":\"https:\\\/\\\/ranoja.ee\\\/toode\\\/akulaadija-blue-smart-ip67-25a\\\/\",\"name\":\"Akulaadija Blue Smart IP67 25A\",\"isPartOf\":{\"@id\":\"https:\\\/\\\/ranoja.ee\\\/#website\"},\"primaryImageOfPage\":{\"@id\":\"https:\\\/\\\/ranoja.ee\\\/toode\\\/akulaadija-blue-smart-ip67-25a\\\/#primaryimage\"},\"image\":{\"@id\":\"https:\\\/\\\/ranoja.ee\\\/toode\\\/akulaadija-blue-smart-ip67-25a\\\/#primaryimage\"},\"thumbnailUrl\":\"https:\\\/\\\/ranoja.ee\\\/wp-content\\\/uploads\\\/2024\\\/10\\\/Akulaadija-Blue-Smart-IP67-25A.jpg\",\"datePublished\":\"2024-10-29T13:05:06+00:00\",\"dateModified\":\"2025-12-10T13:08:51+00:00\",\"description\":\"Akulaadija Blue Smart IP67 25A - aku ja laadija olekut saab kontrollida nutitelefoni v\u00f5i tahvelarvuti kaudu, v\u00e4ga t\u00f5hus 5-astmeline.\",\"breadcrumb\":{\"@id\":\"https:\\\/\\\/ranoja.ee\\\/toode\\\/akulaadija-blue-smart-ip67-25a\\\/#breadcrumb\"},\"inLanguage\":\"en-US\",\"potentialAction\":[{\"@type\":\"ReadAction\",\"target\":[\"https:\\\/\\\/ranoja.ee\\\/toode\\\/akulaadija-blue-smart-ip67-25a\\\/\"]}]},{\"@type\":\"ImageObject\",\"inLanguage\":\"en-US\",\"@id\":\"https:\\\/\\\/ranoja.ee\\\/toode\\\/akulaadija-blue-smart-ip67-25a\\\/#primaryimage\",\"url\":\"https:\\\/\\\/ranoja.ee\\\/wp-content\\\/uploads\\\/2024\\\/10\\\/Akulaadija-Blue-Smart-IP67-25A.jpg\",\"contentUrl\":\"https:\\\/\\\/ranoja.ee\\\/wp-content\\\/uploads\\\/2024\\\/10\\\/Akulaadija-Blue-Smart-IP67-25A.jpg\",\"width\":800,\"height\":600,\"caption\":\"Akulaadija Blue Smart IP67 25A\"},{\"@type\":\"BreadcrumbList\",\"@id\":\"https:\\\/\\\/ranoja.ee\\\/toode\\\/akulaadija-blue-smart-ip67-25a\\\/#breadcrumb\",\"itemListElement\":[{\"@type\":\"ListItem\",\"position\":1,\"name\":\"Home\",\"item\":\"https:\\\/\\\/ranoja.ee\\\/\"},{\"@type\":\"ListItem\",\"position\":2,\"name\":\"Shop\",\"item\":\"https:\\\/\\\/ranoja.ee\\\/en\\\/shop\\\/\"},{\"@type\":\"ListItem\",\"position\":3,\"name\":\"Akulaadija Blue Smart IP67 25A\"}]},{\"@type\":\"WebSite\",\"@id\":\"https:\\\/\\\/ranoja.ee\\\/#website\",\"url\":\"https:\\\/\\\/ranoja.ee\\\/\",\"name\":\"Ranoja\",\"description\":\"Equipment Shop WooCommerce WordPress Theme for Machine &amp; Tools\",\"publisher\":{\"@id\":\"https:\\\/\\\/ranoja.ee\\\/#organization\"},\"potentialAction\":[{\"@type\":\"SearchAction\",\"target\":{\"@type\":\"EntryPoint\",\"urlTemplate\":\"https:\\\/\\\/ranoja.ee\\\/?s={search_term_string}\"},\"query-input\":{\"@type\":\"PropertyValueSpecification\",\"valueRequired\":true,\"valueName\":\"search_term_string\"}}],\"inLanguage\":\"en-US\"},{\"@type\":\"Organization\",\"@id\":\"https:\\\/\\\/ranoja.ee\\\/#organization\",\"name\":\"Ranoja O\u00dc\",\"url\":\"https:\\\/\\\/ranoja.ee\\\/\",\"logo\":{\"@type\":\"ImageObject\",\"inLanguage\":\"en-US\",\"@id\":\"https:\\\/\\\/ranoja.ee\\\/#\\\/schema\\\/logo\\\/image\\\/\",\"url\":\"https:\\\/\\\/ranoja.ee\\\/wp-content\\\/uploads\\\/2023\\\/11\\\/ranoja-Logo.png\",\"contentUrl\":\"https:\\\/\\\/ranoja.ee\\\/wp-content\\\/uploads\\\/2023\\\/11\\\/ranoja-Logo.png\",\"width\":207,\"height\":58,\"caption\":\"Ranoja O\u00dc\"},\"image\":{\"@id\":\"https:\\\/\\\/ranoja.ee\\\/#\\\/schema\\\/logo\\\/image\\\/\"},\"sameAs\":[\"https:\\\/\\\/www.facebook.com\\\/ranoja.ee\",\"https:\\\/\\\/www.instagram.com\\\/ranoja__\\\/\"]}]}<\/script>\n<!-- \/ Yoast SEO plugin. -->","yoast_head_json":{"title":"Akulaadija Blue Smart IP67 25A","description":"Akulaadija Blue Smart IP67 25A - aku ja laadija olekut saab kontrollida nutitelefoni v\u00f5i tahvelarvuti kaudu, v\u00e4ga t\u00f5hus 5-astmeline.","robots":{"index":"index","follow":"follow","max-snippet":"max-snippet:-1","max-image-preview":"max-image-preview:large","max-video-preview":"max-video-preview:-1"},"canonical":"https:\/\/ranoja.ee\/toode\/akulaadija-blue-smart-ip67-25a\/","og_locale":"en_US","og_type":"article","og_title":"Akulaadija Blue Smart IP67 25A","og_description":"Akulaadija Blue Smart IP67 25A - aku ja laadija olekut saab kontrollida nutitelefoni v\u00f5i tahvelarvuti kaudu, v\u00e4ga t\u00f5hus 5-astmeline.","og_url":"https:\/\/ranoja.ee\/toode\/akulaadija-blue-smart-ip67-25a\/","og_site_name":"Ranoja","article_publisher":"https:\/\/www.facebook.com\/ranoja.ee","article_modified_time":"2025-12-10T13:08:51+00:00","og_image":[{"width":800,"height":600,"url":"https:\/\/ranoja.ee\/wp-content\/uploads\/2024\/10\/Akulaadija-Blue-Smart-IP67-25A.jpg","type":"image\/jpeg"}],"twitter_card":"summary_large_image","twitter_misc":{"Est. reading time":"2 minutes"},"schema":{"@context":"https:\/\/schema.org","@graph":[{"@type":"WebPage","@id":"https:\/\/ranoja.ee\/toode\/akulaadija-blue-smart-ip67-25a\/","url":"https:\/\/ranoja.ee\/toode\/akulaadija-blue-smart-ip67-25a\/","name":"Akulaadija Blue Smart IP67 25A","isPartOf":{"@id":"https:\/\/ranoja.ee\/#website"},"primaryImageOfPage":{"@id":"https:\/\/ranoja.ee\/toode\/akulaadija-blue-smart-ip67-25a\/#primaryimage"},"image":{"@id":"https:\/\/ranoja.ee\/toode\/akulaadija-blue-smart-ip67-25a\/#primaryimage"},"thumbnailUrl":"https:\/\/ranoja.ee\/wp-content\/uploads\/2024\/10\/Akulaadija-Blue-Smart-IP67-25A.jpg","datePublished":"2024-10-29T13:05:06+00:00","dateModified":"2025-12-10T13:08:51+00:00","description":"Akulaadija Blue Smart IP67 25A - aku ja laadija olekut saab kontrollida nutitelefoni v\u00f5i tahvelarvuti kaudu, v\u00e4ga t\u00f5hus 5-astmeline.","breadcrumb":{"@id":"https:\/\/ranoja.ee\/toode\/akulaadija-blue-smart-ip67-25a\/#breadcrumb"},"inLanguage":"en-US","potentialAction":[{"@type":"ReadAction","target":["https:\/\/ranoja.ee\/toode\/akulaadija-blue-smart-ip67-25a\/"]}]},{"@type":"ImageObject","inLanguage":"en-US","@id":"https:\/\/ranoja.ee\/toode\/akulaadija-blue-smart-ip67-25a\/#primaryimage","url":"https:\/\/ranoja.ee\/wp-content\/uploads\/2024\/10\/Akulaadija-Blue-Smart-IP67-25A.jpg","contentUrl":"https:\/\/ranoja.ee\/wp-content\/uploads\/2024\/10\/Akulaadija-Blue-Smart-IP67-25A.jpg","width":800,"height":600,"caption":"Akulaadija Blue Smart IP67 25A"},{"@type":"BreadcrumbList","@id":"https:\/\/ranoja.ee\/toode\/akulaadija-blue-smart-ip67-25a\/#breadcrumb","itemListElement":[{"@type":"ListItem","position":1,"name":"Home","item":"https:\/\/ranoja.ee\/"},{"@type":"ListItem","position":2,"name":"Shop","item":"https:\/\/ranoja.ee\/en\/shop\/"},{"@type":"ListItem","position":3,"name":"Akulaadija Blue Smart IP67 25A"}]},{"@type":"WebSite","@id":"https:\/\/ranoja.ee\/#website","url":"https:\/\/ranoja.ee\/","name":"Ranoja","description":"Equipment Shop WooCommerce WordPress Theme for Machine &amp; Tools","publisher":{"@id":"https:\/\/ranoja.ee\/#organization"},"potentialAction":[{"@type":"SearchAction","target":{"@type":"EntryPoint","urlTemplate":"https:\/\/ranoja.ee\/?s={search_term_string}"},"query-input":{"@type":"PropertyValueSpecification","valueRequired":true,"valueName":"search_term_string"}}],"inLanguage":"en-US"},{"@type":"Organization","@id":"https:\/\/ranoja.ee\/#organization","name":"Ranoja O\u00dc","url":"https:\/\/ranoja.ee\/","logo":{"@type":"ImageObject","inLanguage":"en-US","@id":"https:\/\/ranoja.ee\/#\/schema\/logo\/image\/","url":"https:\/\/ranoja.ee\/wp-content\/uploads\/2023\/11\/ranoja-Logo.png","contentUrl":"https:\/\/ranoja.ee\/wp-content\/uploads\/2023\/11\/ranoja-Logo.png","width":207,"height":58,"caption":"Ranoja O\u00dc"},"image":{"@id":"https:\/\/ranoja.ee\/#\/schema\/logo\/image\/"},"sameAs":["https:\/\/www.facebook.com\/ranoja.ee","https:\/\/www.instagram.com\/ranoja__\/"]}]}},"_links":{"self":[{"href":"https:\/\/ranoja.ee\/en\/wp-json\/wp\/v2\/product\/12948","targetHints":{"allow":["GET"]}}],"collection":[{"href":"https:\/\/ranoja.ee\/en\/wp-json\/wp\/v2\/product"}],"about":[{"href":"https:\/\/ranoja.ee\/en\/wp-json\/wp\/v2\/types\/product"}],"wp:featuredmedia":[{"embeddable":true,"href":"https:\/\/ranoja.ee\/en\/wp-json\/wp\/v2\/media\/12949"}],"wp:attachment":[{"href":"https:\/\/ranoja.ee\/en\/wp-json\/wp\/v2\/media?parent=12948"}],"wp:term":[{"taxonomy":"product_cat","embeddable":true,"href":"https:\/\/ranoja.ee\/en\/wp-json\/wp\/v2\/product_cat?post=12948"},{"taxonomy":"product_tag","embeddable":true,"href":"https:\/\/ranoja.ee\/en\/wp-json\/wp\/v2\/product_tag?post=12948"}],"curies":[{"name":"wp","href":"https:\/\/api.w.org\/{rel}","templated":true}]}}