{"id":12926,"date":"2024-10-29T15:29:35","date_gmt":"2024-10-29T12:29:35","guid":{"rendered":"https:\/\/ranoja.ee\/?post_type=product&#038;p=12926"},"modified":"2025-12-12T14:40:59","modified_gmt":"2025-12-12T11:40:59","slug":"aku-woima-agm-vrla-250ah","status":"publish","type":"product","link":"https:\/\/ranoja.ee\/en\/toode\/aku-woima-agm-vrla-250ah\/","title":{"rendered":"AKU WOIMA AGM VRLA 250Ah"},"content":{"rendered":"<p>AKU WOIMA AGM VRLA 250Ah<\/p>\n<p>Vabaaja akud m\u00e4ngivad olulist rolli taastuvenergia s\u00fcsteemides, matkabussides ja teistes autonoomsetes elektris\u00fcsteemides. Need akud v\u00f5imaldavad energiat salvestada ja kasutada s\u00f5ltumata elektriv\u00f5rgust, olles eriti kasulikud p\u00e4ikeseenergia lahendustes, mis koguvad energiat eba\u00fchtlaselt (n\u00e4iteks pilviste p\u00e4evade t\u00f5ttu) ning varustades seadmeid energiaga \u00f6\u00f6sel v\u00f5i siis, kui p\u00e4ikesekiirgus on madal.<\/p>\n<p>P\u00e4ikesepaneelide ja vabaaja akude kombinatsioon v\u00f5imaldab energiat salvestada siis, kui p\u00e4ikesepaneelid toodavad, ja tarbida seda hiljem. P\u00e4ikesepaneelide ja akude s\u00fcsteem koosneb peamiselt j\u00e4rgmistest osadest:<\/p>\n<p>P\u00e4ikesepaneelid: Need paneelid koguvad p\u00e4ikeseenergiat ja muudavad selle elektriks.<br \/>\nLaadimiskontroller: Laadimiskontroller reguleerib p\u00e4ikesepaneelide poolt toodetud voolu, et see ei kahjustaks akut. MPPT (Maximum Power Point Tracking) laadimiskontrollerid on t\u00f5husamad ja sobivad eriti h\u00e4sti liitiumakudega.<br \/>\nAku: Akud salvestavad energiat hilisemaks kasutamiseks. Kui tegemist on matkabussi v\u00f5i muu liikuvate seadmetega, eelistatakse tavaliselt kergekaalulisi ja pikaealisi liitium- v\u00f5i AGM-akusid.<br \/>\nInverter: Kui seadmed t\u00f6\u00f6tavad vahelduvvoolul (AC), muundab inverter aku alalisvoolu (DC) vahelduvvooluks.<\/p>\n<p>Vabaaja akude eelised ja hooldus taastuvenergia ja matkabusside s\u00fcsteemides<br \/>\nEnergiavarustuse kindlus: Vabaaja akud pakuvad kindlust, et vajalikud seadmed t\u00f6\u00f6tavad ka elektriv\u00f5rgust eemal olles.<br \/>\nKaasaskantavus: Kuna need akud on loodud mobiilseks kasutamiseks, sobivad nad h\u00e4sti matkabussidesse ja maale, kuhu tavap\u00e4rast elektriv\u00f5rku ei ulatu.<br \/>\nVastupidavus ja pikk eluiga: Liitiumakud, eriti LiFePO4, taluvad h\u00e4sti sagedasi laadimis- ja t\u00fchjendusts\u00fckleid, mist\u00f5ttu on nad pikaealised ja t\u00f6\u00f6kindlad.<br \/>\nAKU WOIMA AGM VRLA 250Ah<\/p>\n<p>Taastuvenergia s\u00fcsteemides, n\u00e4iteks p\u00e4ikese- v\u00f5i tuuleenergia puhul, on oluline s\u00e4ilitada energiat akudes, et oleks pidev ligip\u00e4\u00e4s elektrile. Siin kasutatakse sagedamini j\u00e4rgmisi akut\u00fc\u00fcpe:<\/p>\n","protected":false},"excerpt":{"rendered":"<p>AKU WOIMA AGM VRLA 250Ah<\/p>\n<p>M\u00f5\u00f5tmed: 520.00 x 269.00 x 220.00mm<br \/>\nKaal: 70.90kg (net 70.90kg)<br \/>\nT\u00fc\u00fcp: (\u2013\/+)<br \/>\nPinge: 12V<br \/>\nAku mahtuvus: 250 Ah<br \/>\nMudeli nimi: AGM VRLA 250Ah<br \/>\nKirjeldus: GFM-seeria: valmistatud pliipastast, mis sobib suurele voolutarbimisele. Spetsiaalne k\u00f5rge korrosioonikindlusega sulam. Unikaalse disainiga gaasi eemaldamise struktuur ja tihendustehnoloogia. Paindlik paigaldus ja lihtne hooldus. T\u00fc\u00fcpilised rakendused: UPS, telekommunikatsioon, elektris\u00fcsteemid.<br \/>\n<strong>12 aastat eluiga. Suurep\u00e4rane vastupidavus. Madal iset\u00fchjenemine. Hea taastumine t\u00e4ielikust t\u00fchjenemisest.<\/strong><br \/>\n<strong>Tarneaeg 3-4 t\u00f6\u00f6p\u00e4eva<\/strong><\/p>\n","protected":false},"featured_media":12937,"template":"","meta":{"inline_featured_image":false},"product_cat":[121,1116],"product_tag":[192,1595],"class_list":{"0":"post-12926","1":"product","2":"type-product","3":"status-publish","4":"has-post-thumbnail","6":"product_brand-woima","7":"product_cat-kaivitusakud-ja-laadijad","8":"product_cat-lisaseadmed-ehitusseadmed-led-lisatuled-cb-raadiod-lallar","9":"product_tag-aku","10":"product_tag-laadijad","12":"first","13":"instock","14":"taxable","15":"shipping-taxable","16":"purchasable","17":"product-type-simple"},"yoast_head":"<!-- This site is optimized with the Yoast SEO plugin v27.4 - https:\/\/yoast.com\/product\/yoast-seo-wordpress\/ -->\n<title>AKU WOIMA AGM VRLA 250Ah<\/title>\n<meta name=\"description\" content=\"AKU WOIMA AGM VRLA 250Ah - GFM-seeria: valmistatud pliipastast, mis sobib suurele voolutarbimisele. Unikaalse disainiga gaasi eemaldamise struktuur.\" \/>\n<meta name=\"robots\" content=\"index, follow, max-snippet:-1, max-image-preview:large, max-video-preview:-1\" \/>\n<link rel=\"canonical\" href=\"https:\/\/ranoja.ee\/toode\/aku-woima-agm-vrla-250ah\/\" \/>\n<meta property=\"og:locale\" content=\"en_US\" \/>\n<meta property=\"og:type\" content=\"article\" \/>\n<meta property=\"og:title\" content=\"AKU WOIMA AGM VRLA 250Ah\" \/>\n<meta property=\"og:description\" content=\"AKU WOIMA AGM VRLA 250Ah - GFM-seeria: valmistatud pliipastast, mis sobib suurele voolutarbimisele. Unikaalse disainiga gaasi eemaldamise struktuur.\" \/>\n<meta property=\"og:url\" content=\"https:\/\/ranoja.ee\/toode\/aku-woima-agm-vrla-250ah\/\" \/>\n<meta property=\"og:site_name\" content=\"Ranoja\" \/>\n<meta property=\"article:publisher\" content=\"https:\/\/www.facebook.com\/ranoja.ee\" \/>\n<meta property=\"article:modified_time\" content=\"2025-12-12T11:40:59+00:00\" \/>\n<meta property=\"og:image\" content=\"https:\/\/ranoja.ee\/wp-content\/uploads\/2024\/10\/AKU-WOIMA-AGM-VRLA-250Ah.jpg\" \/>\n\t<meta property=\"og:image:width\" content=\"800\" \/>\n\t<meta property=\"og:image:height\" content=\"600\" \/>\n\t<meta property=\"og:image:type\" content=\"image\/jpeg\" \/>\n<meta name=\"twitter:card\" content=\"summary_large_image\" \/>\n<meta name=\"twitter:label1\" content=\"Est. reading time\" \/>\n\t<meta name=\"twitter:data1\" content=\"2 minutes\" \/>\n<script type=\"application\/ld+json\" class=\"yoast-schema-graph\">{\"@context\":\"https:\\\/\\\/schema.org\",\"@graph\":[{\"@type\":\"WebPage\",\"@id\":\"https:\\\/\\\/ranoja.ee\\\/toode\\\/aku-woima-agm-vrla-250ah\\\/\",\"url\":\"https:\\\/\\\/ranoja.ee\\\/toode\\\/aku-woima-agm-vrla-250ah\\\/\",\"name\":\"AKU WOIMA AGM VRLA 250Ah\",\"isPartOf\":{\"@id\":\"https:\\\/\\\/ranoja.ee\\\/#website\"},\"primaryImageOfPage\":{\"@id\":\"https:\\\/\\\/ranoja.ee\\\/toode\\\/aku-woima-agm-vrla-250ah\\\/#primaryimage\"},\"image\":{\"@id\":\"https:\\\/\\\/ranoja.ee\\\/toode\\\/aku-woima-agm-vrla-250ah\\\/#primaryimage\"},\"thumbnailUrl\":\"https:\\\/\\\/ranoja.ee\\\/wp-content\\\/uploads\\\/2024\\\/10\\\/AKU-WOIMA-AGM-VRLA-250Ah.jpg\",\"datePublished\":\"2024-10-29T12:29:35+00:00\",\"dateModified\":\"2025-12-12T11:40:59+00:00\",\"description\":\"AKU WOIMA AGM VRLA 250Ah - GFM-seeria: valmistatud pliipastast, mis sobib suurele voolutarbimisele. Unikaalse disainiga gaasi eemaldamise struktuur.\",\"breadcrumb\":{\"@id\":\"https:\\\/\\\/ranoja.ee\\\/toode\\\/aku-woima-agm-vrla-250ah\\\/#breadcrumb\"},\"inLanguage\":\"en-US\",\"potentialAction\":[{\"@type\":\"ReadAction\",\"target\":[\"https:\\\/\\\/ranoja.ee\\\/toode\\\/aku-woima-agm-vrla-250ah\\\/\"]}]},{\"@type\":\"ImageObject\",\"inLanguage\":\"en-US\",\"@id\":\"https:\\\/\\\/ranoja.ee\\\/toode\\\/aku-woima-agm-vrla-250ah\\\/#primaryimage\",\"url\":\"https:\\\/\\\/ranoja.ee\\\/wp-content\\\/uploads\\\/2024\\\/10\\\/AKU-WOIMA-AGM-VRLA-250Ah.jpg\",\"contentUrl\":\"https:\\\/\\\/ranoja.ee\\\/wp-content\\\/uploads\\\/2024\\\/10\\\/AKU-WOIMA-AGM-VRLA-250Ah.jpg\",\"width\":800,\"height\":600,\"caption\":\"AKU WOIMA AGM VRLA 250Ah\"},{\"@type\":\"BreadcrumbList\",\"@id\":\"https:\\\/\\\/ranoja.ee\\\/toode\\\/aku-woima-agm-vrla-250ah\\\/#breadcrumb\",\"itemListElement\":[{\"@type\":\"ListItem\",\"position\":1,\"name\":\"Home\",\"item\":\"https:\\\/\\\/ranoja.ee\\\/\"},{\"@type\":\"ListItem\",\"position\":2,\"name\":\"Shop\",\"item\":\"https:\\\/\\\/ranoja.ee\\\/en\\\/shop\\\/\"},{\"@type\":\"ListItem\",\"position\":3,\"name\":\"AKU WOIMA AGM VRLA 250Ah\"}]},{\"@type\":\"WebSite\",\"@id\":\"https:\\\/\\\/ranoja.ee\\\/#website\",\"url\":\"https:\\\/\\\/ranoja.ee\\\/\",\"name\":\"Ranoja\",\"description\":\"Equipment Shop WooCommerce WordPress Theme for Machine &amp; Tools\",\"publisher\":{\"@id\":\"https:\\\/\\\/ranoja.ee\\\/#organization\"},\"potentialAction\":[{\"@type\":\"SearchAction\",\"target\":{\"@type\":\"EntryPoint\",\"urlTemplate\":\"https:\\\/\\\/ranoja.ee\\\/?s={search_term_string}\"},\"query-input\":{\"@type\":\"PropertyValueSpecification\",\"valueRequired\":true,\"valueName\":\"search_term_string\"}}],\"inLanguage\":\"en-US\"},{\"@type\":\"Organization\",\"@id\":\"https:\\\/\\\/ranoja.ee\\\/#organization\",\"name\":\"Ranoja O\u00dc\",\"url\":\"https:\\\/\\\/ranoja.ee\\\/\",\"logo\":{\"@type\":\"ImageObject\",\"inLanguage\":\"en-US\",\"@id\":\"https:\\\/\\\/ranoja.ee\\\/#\\\/schema\\\/logo\\\/image\\\/\",\"url\":\"https:\\\/\\\/ranoja.ee\\\/wp-content\\\/uploads\\\/2023\\\/11\\\/ranoja-Logo.png\",\"contentUrl\":\"https:\\\/\\\/ranoja.ee\\\/wp-content\\\/uploads\\\/2023\\\/11\\\/ranoja-Logo.png\",\"width\":207,\"height\":58,\"caption\":\"Ranoja O\u00dc\"},\"image\":{\"@id\":\"https:\\\/\\\/ranoja.ee\\\/#\\\/schema\\\/logo\\\/image\\\/\"},\"sameAs\":[\"https:\\\/\\\/www.facebook.com\\\/ranoja.ee\",\"https:\\\/\\\/www.instagram.com\\\/ranoja__\\\/\"]}]}<\/script>\n<!-- \/ Yoast SEO plugin. -->","yoast_head_json":{"title":"AKU WOIMA AGM VRLA 250Ah","description":"AKU WOIMA AGM VRLA 250Ah - GFM-seeria: valmistatud pliipastast, mis sobib suurele voolutarbimisele. Unikaalse disainiga gaasi eemaldamise struktuur.","robots":{"index":"index","follow":"follow","max-snippet":"max-snippet:-1","max-image-preview":"max-image-preview:large","max-video-preview":"max-video-preview:-1"},"canonical":"https:\/\/ranoja.ee\/toode\/aku-woima-agm-vrla-250ah\/","og_locale":"en_US","og_type":"article","og_title":"AKU WOIMA AGM VRLA 250Ah","og_description":"AKU WOIMA AGM VRLA 250Ah - GFM-seeria: valmistatud pliipastast, mis sobib suurele voolutarbimisele. Unikaalse disainiga gaasi eemaldamise struktuur.","og_url":"https:\/\/ranoja.ee\/toode\/aku-woima-agm-vrla-250ah\/","og_site_name":"Ranoja","article_publisher":"https:\/\/www.facebook.com\/ranoja.ee","article_modified_time":"2025-12-12T11:40:59+00:00","og_image":[{"width":800,"height":600,"url":"https:\/\/ranoja.ee\/wp-content\/uploads\/2024\/10\/AKU-WOIMA-AGM-VRLA-250Ah.jpg","type":"image\/jpeg"}],"twitter_card":"summary_large_image","twitter_misc":{"Est. reading time":"2 minutes"},"schema":{"@context":"https:\/\/schema.org","@graph":[{"@type":"WebPage","@id":"https:\/\/ranoja.ee\/toode\/aku-woima-agm-vrla-250ah\/","url":"https:\/\/ranoja.ee\/toode\/aku-woima-agm-vrla-250ah\/","name":"AKU WOIMA AGM VRLA 250Ah","isPartOf":{"@id":"https:\/\/ranoja.ee\/#website"},"primaryImageOfPage":{"@id":"https:\/\/ranoja.ee\/toode\/aku-woima-agm-vrla-250ah\/#primaryimage"},"image":{"@id":"https:\/\/ranoja.ee\/toode\/aku-woima-agm-vrla-250ah\/#primaryimage"},"thumbnailUrl":"https:\/\/ranoja.ee\/wp-content\/uploads\/2024\/10\/AKU-WOIMA-AGM-VRLA-250Ah.jpg","datePublished":"2024-10-29T12:29:35+00:00","dateModified":"2025-12-12T11:40:59+00:00","description":"AKU WOIMA AGM VRLA 250Ah - GFM-seeria: valmistatud pliipastast, mis sobib suurele voolutarbimisele. Unikaalse disainiga gaasi eemaldamise struktuur.","breadcrumb":{"@id":"https:\/\/ranoja.ee\/toode\/aku-woima-agm-vrla-250ah\/#breadcrumb"},"inLanguage":"en-US","potentialAction":[{"@type":"ReadAction","target":["https:\/\/ranoja.ee\/toode\/aku-woima-agm-vrla-250ah\/"]}]},{"@type":"ImageObject","inLanguage":"en-US","@id":"https:\/\/ranoja.ee\/toode\/aku-woima-agm-vrla-250ah\/#primaryimage","url":"https:\/\/ranoja.ee\/wp-content\/uploads\/2024\/10\/AKU-WOIMA-AGM-VRLA-250Ah.jpg","contentUrl":"https:\/\/ranoja.ee\/wp-content\/uploads\/2024\/10\/AKU-WOIMA-AGM-VRLA-250Ah.jpg","width":800,"height":600,"caption":"AKU WOIMA AGM VRLA 250Ah"},{"@type":"BreadcrumbList","@id":"https:\/\/ranoja.ee\/toode\/aku-woima-agm-vrla-250ah\/#breadcrumb","itemListElement":[{"@type":"ListItem","position":1,"name":"Home","item":"https:\/\/ranoja.ee\/"},{"@type":"ListItem","position":2,"name":"Shop","item":"https:\/\/ranoja.ee\/en\/shop\/"},{"@type":"ListItem","position":3,"name":"AKU WOIMA AGM VRLA 250Ah"}]},{"@type":"WebSite","@id":"https:\/\/ranoja.ee\/#website","url":"https:\/\/ranoja.ee\/","name":"Ranoja","description":"Equipment Shop WooCommerce WordPress Theme for Machine &amp; Tools","publisher":{"@id":"https:\/\/ranoja.ee\/#organization"},"potentialAction":[{"@type":"SearchAction","target":{"@type":"EntryPoint","urlTemplate":"https:\/\/ranoja.ee\/?s={search_term_string}"},"query-input":{"@type":"PropertyValueSpecification","valueRequired":true,"valueName":"search_term_string"}}],"inLanguage":"en-US"},{"@type":"Organization","@id":"https:\/\/ranoja.ee\/#organization","name":"Ranoja O\u00dc","url":"https:\/\/ranoja.ee\/","logo":{"@type":"ImageObject","inLanguage":"en-US","@id":"https:\/\/ranoja.ee\/#\/schema\/logo\/image\/","url":"https:\/\/ranoja.ee\/wp-content\/uploads\/2023\/11\/ranoja-Logo.png","contentUrl":"https:\/\/ranoja.ee\/wp-content\/uploads\/2023\/11\/ranoja-Logo.png","width":207,"height":58,"caption":"Ranoja O\u00dc"},"image":{"@id":"https:\/\/ranoja.ee\/#\/schema\/logo\/image\/"},"sameAs":["https:\/\/www.facebook.com\/ranoja.ee","https:\/\/www.instagram.com\/ranoja__\/"]}]}},"_links":{"self":[{"href":"https:\/\/ranoja.ee\/en\/wp-json\/wp\/v2\/product\/12926","targetHints":{"allow":["GET"]}}],"collection":[{"href":"https:\/\/ranoja.ee\/en\/wp-json\/wp\/v2\/product"}],"about":[{"href":"https:\/\/ranoja.ee\/en\/wp-json\/wp\/v2\/types\/product"}],"wp:featuredmedia":[{"embeddable":true,"href":"https:\/\/ranoja.ee\/en\/wp-json\/wp\/v2\/media\/12937"}],"wp:attachment":[{"href":"https:\/\/ranoja.ee\/en\/wp-json\/wp\/v2\/media?parent=12926"}],"wp:term":[{"taxonomy":"product_cat","embeddable":true,"href":"https:\/\/ranoja.ee\/en\/wp-json\/wp\/v2\/product_cat?post=12926"},{"taxonomy":"product_tag","embeddable":true,"href":"https:\/\/ranoja.ee\/en\/wp-json\/wp\/v2\/product_tag?post=12926"}],"curies":[{"name":"wp","href":"https:\/\/api.w.org\/{rel}","templated":true}]}}