{"id":12705,"date":"2024-10-23T14:57:48","date_gmt":"2024-10-23T11:57:48","guid":{"rendered":"https:\/\/ranoja.ee\/?post_type=product&#038;p=12705"},"modified":"2025-12-10T13:20:22","modified_gmt":"2025-12-10T10:20:22","slug":"aku-survepesur-cedwp160li","status":"publish","type":"product","link":"https:\/\/ranoja.ee\/en\/toode\/aku-survepesur-cedwp160li\/","title":{"rendered":"Aku Survepesur CEDWP160LI"},"content":{"rendered":"<p>Cedrus poola on tuntud kvaliteetsete akutoitel t\u00f6\u00f6riistade tootja, pakkudes mitmek\u00fclgseid lahendusi igap\u00e4evastele ehitus- ja remondit\u00f6\u00f6dele. Nende akut\u00f6\u00f6riistad on loodud, arvestades kasutusmugavust, j\u00f5udlust ja vastupidavust.<\/p>\n<p>Cedrusel on lai valik akut\u00f6\u00f6riistu, sealhulgas akukruvikeerajad, akutrellid, akusaed, akutrimmerid ja palju muud. Nende akukruvikeerajad on varustatud v\u00f5imsate akudega, mis tagavad pika t\u00f6\u00f6aja \u00fche laadimisega. T\u00f6\u00f6riistade ergonoomiline disain ja kerge kaal muudavad need kasutajale mugavaks ja v\u00e4hendavad v\u00e4simust pikemate t\u00f6\u00f6perioodide jooksul.Aku Survepesur CEDWP160LI<\/p>\n<p>Cedrus keskendub ka ohutusele, integreerides oma akut\u00f6\u00f6riistadesse mitmeid turvafunktsioone. N\u00e4iteks on nende akutrellidel ja akusaagidel kaitsevahendid, mis minimeerivad vigastuste ohtu.<\/p>\n<p>Tehnoloogiliselt edasij\u00f5udnud ja vastupidavad, on Cedrus akutoitel t\u00f6\u00f6riistad usaldusv\u00e4\u00e4rsed partnerid nii professionaalsetele ehitajatele kui ka koduhuvilistele, kes hindavad tippkvaliteeti ja tipptasemel j\u00f5udlust oma t\u00f6\u00f6kohtades v\u00f5i kodudes. Cedrus on kindlalt p\u00fchendunud pakkuma klientidele t\u00f6\u00f6riistu, mis vastavad k\u00f5rgetele standarditele ja muudavad igap\u00e4evased t\u00f6\u00f6d efektiivsemaks ja nauditavamaks. Cedrus brandi akut\u00f6\u00f6riistadel ja teistel seadmetel on pikk garantii ning usaldusv\u00e4\u00e4rde j\u00e4reltugi pikkadeks aastateks.<\/p>\n<p>Cedrus on br\u00e4nd, mis on tuntud oma kvaliteetsete aiat\u00f6\u00f6riistade ja aiatehnika lahenduste poolest, pakkudes kasutajatele usaldusv\u00e4\u00e4rseid vahendeid aia hooldamiseks ja kujundamiseks. Br\u00e4ndi filosoofia keskendub funktsionaalsusele, vastupidavusele ja kasutusmugavusele, mis teeb Cedrus toodetest atraktiivse valiku nii koduaednikele kui ka professionaalsetele aednikele.<\/p>\n<p>Cedrus on p\u00fchendunud innovatsioonile ja tehnoloogilisele arengule, tagades, et nende tooted vastaksid t\u00e4nap\u00e4evastele n\u00f5udmistele ja vajadustele. Br\u00e4ndi tootevalik h\u00f5lmab mitmesuguseid aiat\u00f6\u00f6riistu, alates oksapurustajatest ja muruniidukitest kuni trimmerite ja lehepuhuriteni. Iga toode on hoolikalt disainitud, arvestades kasutajate vajadusi ja keskkonnas\u00f5bralikkust.<\/p>\n<p>Br\u00e4ndi CEDRUS taga on p\u00fchendunud meeskond, kes usub, et iga aednik peaks saama nautida aiat\u00f6id ilma kompromissideta. C<br \/>\nedrus tooted on loodud selleks, et muuta aiat\u00f6\u00f6d lihtsamaks, t\u00f5husamaks ja nauditavamaks. Olgu tegemist aia korrastamise, rohu niitmise v\u00f5i oksapurustamisega \u2013 Cedrus br\u00e4ndi all leiab iga\u00fcks endale sobiva lahenduse oma aia eest hoolitsemiseks.<br \/>\n<img decoding=\"async\" src=\"https:\/\/www.ranoja.ee\/wp-content\/uploads\/2023\/07\/cedrus-logo-vaike-1-300x99.png\" alt=\"\" width=\"300\" height=\"99\" class=\"alignnone size-medium wp-image-5896\" srcset=\"https:\/\/ranoja.ee\/wp-content\/uploads\/2023\/07\/cedrus-logo-vaike-1-300x99.png 300w, https:\/\/ranoja.ee\/wp-content\/uploads\/2023\/07\/cedrus-logo-vaike-1.png 431w\" sizes=\"(max-width: 300px) 100vw, 300px\" \/><\/p>\n","protected":false},"excerpt":{"rendered":"<p>Aku Survepesur CEDWP160LI (ilma aku\/laadijata) 20V<br \/>\nT\u00f6\u00f6surve: 24bar<br \/>\nVooluhulk: 160l\/h<br \/>\nD\u00fc\u00fcs: 6in1<br \/>\nPesuaine paak komplektis.<\/p>\n<p><span style=\"color: #000000;\"><strong>Garantii 1 aasta (eraisikule 3 aastat)<\/strong><\/span><br \/>\n<strong>Seadme eeldatav tarneaeg 1-7 t\u00f6\u00f6p\u00e4eva<\/strong><\/p>\n<p><span style=\"color: #000000;\"><strong>KASUTA SEDA T\u00d6\u00d6RIISTA OMA <span style=\"color: #339966;\">18V &#8211; MAKITA<\/span>, <span style=\"color: #339966;\">BOSCH<\/span> V\u00d5I <span style=\"color: #339966;\">DEWALT<\/span> AKUGA!<\/strong><\/span><span style=\"color: #000000;\"><strong><a style=\"color: #000000;\" href=\"https:\/\/www.ranoja.ee\/tootekategooria\/akutooriistad\/vaheadapterid\/\">Leia endale <span style=\"color: #339966;\">sobiv vaheadapter siit\u2192<\/span><\/a><\/strong><\/span><\/p>\n<p><strong><a href=\"https:\/\/www.ranoja.ee\/tootekategooria\/akutooriistad\/akud-ja-laadijad\/\">T\u00f6\u00f6riistale sobivad <span style=\"color: #339966;\">Cedrus Power + akud ja laadijad leiad siit\u2192<\/span><\/a><\/strong><\/p>\n","protected":false},"featured_media":12707,"template":"","meta":{"inline_featured_image":false},"product_cat":[1094,89],"product_tag":[294,137,225,1579,184,295],"class_list":{"0":"post-12705","1":"product","2":"type-product","3":"status-publish","4":"has-post-thumbnail","6":"product_brand-cedrus","7":"product_cat-akutooriistad","8":"product_cat-survepesurid","9":"product_tag-cedpc160li","10":"product_tag-cedrus","11":"product_tag-cedrus-power","12":"product_tag-cedwp160li","13":"product_tag-kivisillutise-puhastamine","14":"product_tag-tanavakivide-puhastustooriist","16":"first","17":"instock","18":"taxable","19":"shipping-taxable","20":"purchasable","21":"product-type-simple"},"yoast_head":"<!-- This site is optimized with the Yoast SEO plugin v27.4 - https:\/\/yoast.com\/product\/yoast-seo-wordpress\/ -->\n<title>Aku Survepesur CEDWP160LI<\/title>\n<meta name=\"description\" content=\"Aku Survepesur CEDWP160LI (ilma aku\/laadijata), 20V, T\u00f6\u00f6surve 24bar, Veevool 160l\/h, k\u00f5ikidele CEDRUS akut\u00f6\u00f6riistadele kehtib 3 aastane tehasegarantii.\" \/>\n<meta name=\"robots\" content=\"index, follow, max-snippet:-1, max-image-preview:large, max-video-preview:-1\" \/>\n<link rel=\"canonical\" href=\"https:\/\/ranoja.ee\/toode\/aku-survepesur-cedwp160li\/\" \/>\n<meta property=\"og:locale\" content=\"en_US\" \/>\n<meta property=\"og:type\" content=\"article\" \/>\n<meta property=\"og:title\" content=\"Aku Survepesur CEDWP160LI\" \/>\n<meta property=\"og:description\" content=\"Aku Survepesur CEDWP160LI (ilma aku\/laadijata), 20V, T\u00f6\u00f6surve 24bar, Veevool 160l\/h, k\u00f5ikidele CEDRUS akut\u00f6\u00f6riistadele kehtib 3 aastane tehasegarantii.\" \/>\n<meta property=\"og:url\" content=\"https:\/\/ranoja.ee\/toode\/aku-survepesur-cedwp160li\/\" \/>\n<meta property=\"og:site_name\" content=\"Ranoja\" \/>\n<meta property=\"article:publisher\" content=\"https:\/\/www.facebook.com\/ranoja.ee\" \/>\n<meta property=\"article:modified_time\" content=\"2025-12-10T10:20:22+00:00\" \/>\n<meta property=\"og:image\" content=\"https:\/\/ranoja.ee\/wp-content\/uploads\/2024\/10\/Aku-Survepesur-CEDWP160LI.png\" \/>\n\t<meta property=\"og:image:width\" content=\"522\" \/>\n\t<meta property=\"og:image:height\" content=\"554\" \/>\n\t<meta property=\"og:image:type\" content=\"image\/png\" \/>\n<meta name=\"twitter:card\" content=\"summary_large_image\" \/>\n<meta name=\"twitter:label1\" content=\"Est. reading time\" \/>\n\t<meta name=\"twitter:data1\" content=\"2 minutes\" \/>\n<script type=\"application\/ld+json\" class=\"yoast-schema-graph\">{\"@context\":\"https:\\\/\\\/schema.org\",\"@graph\":[{\"@type\":\"WebPage\",\"@id\":\"https:\\\/\\\/ranoja.ee\\\/toode\\\/aku-survepesur-cedwp160li\\\/\",\"url\":\"https:\\\/\\\/ranoja.ee\\\/toode\\\/aku-survepesur-cedwp160li\\\/\",\"name\":\"Aku Survepesur CEDWP160LI\",\"isPartOf\":{\"@id\":\"https:\\\/\\\/ranoja.ee\\\/#website\"},\"primaryImageOfPage\":{\"@id\":\"https:\\\/\\\/ranoja.ee\\\/toode\\\/aku-survepesur-cedwp160li\\\/#primaryimage\"},\"image\":{\"@id\":\"https:\\\/\\\/ranoja.ee\\\/toode\\\/aku-survepesur-cedwp160li\\\/#primaryimage\"},\"thumbnailUrl\":\"https:\\\/\\\/ranoja.ee\\\/wp-content\\\/uploads\\\/2024\\\/10\\\/Aku-Survepesur-CEDWP160LI.png\",\"datePublished\":\"2024-10-23T11:57:48+00:00\",\"dateModified\":\"2025-12-10T10:20:22+00:00\",\"description\":\"Aku Survepesur CEDWP160LI (ilma aku\\\/laadijata), 20V, T\u00f6\u00f6surve 24bar, Veevool 160l\\\/h, k\u00f5ikidele CEDRUS akut\u00f6\u00f6riistadele kehtib 3 aastane tehasegarantii.\",\"breadcrumb\":{\"@id\":\"https:\\\/\\\/ranoja.ee\\\/toode\\\/aku-survepesur-cedwp160li\\\/#breadcrumb\"},\"inLanguage\":\"en-US\",\"potentialAction\":[{\"@type\":\"ReadAction\",\"target\":[\"https:\\\/\\\/ranoja.ee\\\/toode\\\/aku-survepesur-cedwp160li\\\/\"]}]},{\"@type\":\"ImageObject\",\"inLanguage\":\"en-US\",\"@id\":\"https:\\\/\\\/ranoja.ee\\\/toode\\\/aku-survepesur-cedwp160li\\\/#primaryimage\",\"url\":\"https:\\\/\\\/ranoja.ee\\\/wp-content\\\/uploads\\\/2024\\\/10\\\/Aku-Survepesur-CEDWP160LI.png\",\"contentUrl\":\"https:\\\/\\\/ranoja.ee\\\/wp-content\\\/uploads\\\/2024\\\/10\\\/Aku-Survepesur-CEDWP160LI.png\",\"width\":522,\"height\":554,\"caption\":\"Aku Survepesur CEDWP160LI\"},{\"@type\":\"BreadcrumbList\",\"@id\":\"https:\\\/\\\/ranoja.ee\\\/toode\\\/aku-survepesur-cedwp160li\\\/#breadcrumb\",\"itemListElement\":[{\"@type\":\"ListItem\",\"position\":1,\"name\":\"Home\",\"item\":\"https:\\\/\\\/ranoja.ee\\\/\"},{\"@type\":\"ListItem\",\"position\":2,\"name\":\"Shop\",\"item\":\"https:\\\/\\\/ranoja.ee\\\/en\\\/shop\\\/\"},{\"@type\":\"ListItem\",\"position\":3,\"name\":\"Aku Survepesur CEDWP160LI\"}]},{\"@type\":\"WebSite\",\"@id\":\"https:\\\/\\\/ranoja.ee\\\/#website\",\"url\":\"https:\\\/\\\/ranoja.ee\\\/\",\"name\":\"Ranoja\",\"description\":\"Equipment Shop WooCommerce WordPress Theme for Machine &amp; Tools\",\"publisher\":{\"@id\":\"https:\\\/\\\/ranoja.ee\\\/#organization\"},\"potentialAction\":[{\"@type\":\"SearchAction\",\"target\":{\"@type\":\"EntryPoint\",\"urlTemplate\":\"https:\\\/\\\/ranoja.ee\\\/?s={search_term_string}\"},\"query-input\":{\"@type\":\"PropertyValueSpecification\",\"valueRequired\":true,\"valueName\":\"search_term_string\"}}],\"inLanguage\":\"en-US\"},{\"@type\":\"Organization\",\"@id\":\"https:\\\/\\\/ranoja.ee\\\/#organization\",\"name\":\"Ranoja O\u00dc\",\"url\":\"https:\\\/\\\/ranoja.ee\\\/\",\"logo\":{\"@type\":\"ImageObject\",\"inLanguage\":\"en-US\",\"@id\":\"https:\\\/\\\/ranoja.ee\\\/#\\\/schema\\\/logo\\\/image\\\/\",\"url\":\"https:\\\/\\\/ranoja.ee\\\/wp-content\\\/uploads\\\/2023\\\/11\\\/ranoja-Logo.png\",\"contentUrl\":\"https:\\\/\\\/ranoja.ee\\\/wp-content\\\/uploads\\\/2023\\\/11\\\/ranoja-Logo.png\",\"width\":207,\"height\":58,\"caption\":\"Ranoja O\u00dc\"},\"image\":{\"@id\":\"https:\\\/\\\/ranoja.ee\\\/#\\\/schema\\\/logo\\\/image\\\/\"},\"sameAs\":[\"https:\\\/\\\/www.facebook.com\\\/ranoja.ee\",\"https:\\\/\\\/www.instagram.com\\\/ranoja__\\\/\"]}]}<\/script>\n<!-- \/ Yoast SEO plugin. -->","yoast_head_json":{"title":"Aku Survepesur CEDWP160LI","description":"Aku Survepesur CEDWP160LI (ilma aku\/laadijata), 20V, T\u00f6\u00f6surve 24bar, Veevool 160l\/h, k\u00f5ikidele CEDRUS akut\u00f6\u00f6riistadele kehtib 3 aastane tehasegarantii.","robots":{"index":"index","follow":"follow","max-snippet":"max-snippet:-1","max-image-preview":"max-image-preview:large","max-video-preview":"max-video-preview:-1"},"canonical":"https:\/\/ranoja.ee\/toode\/aku-survepesur-cedwp160li\/","og_locale":"en_US","og_type":"article","og_title":"Aku Survepesur CEDWP160LI","og_description":"Aku Survepesur CEDWP160LI (ilma aku\/laadijata), 20V, T\u00f6\u00f6surve 24bar, Veevool 160l\/h, k\u00f5ikidele CEDRUS akut\u00f6\u00f6riistadele kehtib 3 aastane tehasegarantii.","og_url":"https:\/\/ranoja.ee\/toode\/aku-survepesur-cedwp160li\/","og_site_name":"Ranoja","article_publisher":"https:\/\/www.facebook.com\/ranoja.ee","article_modified_time":"2025-12-10T10:20:22+00:00","og_image":[{"width":522,"height":554,"url":"https:\/\/ranoja.ee\/wp-content\/uploads\/2024\/10\/Aku-Survepesur-CEDWP160LI.png","type":"image\/png"}],"twitter_card":"summary_large_image","twitter_misc":{"Est. reading time":"2 minutes"},"schema":{"@context":"https:\/\/schema.org","@graph":[{"@type":"WebPage","@id":"https:\/\/ranoja.ee\/toode\/aku-survepesur-cedwp160li\/","url":"https:\/\/ranoja.ee\/toode\/aku-survepesur-cedwp160li\/","name":"Aku Survepesur CEDWP160LI","isPartOf":{"@id":"https:\/\/ranoja.ee\/#website"},"primaryImageOfPage":{"@id":"https:\/\/ranoja.ee\/toode\/aku-survepesur-cedwp160li\/#primaryimage"},"image":{"@id":"https:\/\/ranoja.ee\/toode\/aku-survepesur-cedwp160li\/#primaryimage"},"thumbnailUrl":"https:\/\/ranoja.ee\/wp-content\/uploads\/2024\/10\/Aku-Survepesur-CEDWP160LI.png","datePublished":"2024-10-23T11:57:48+00:00","dateModified":"2025-12-10T10:20:22+00:00","description":"Aku Survepesur CEDWP160LI (ilma aku\/laadijata), 20V, T\u00f6\u00f6surve 24bar, Veevool 160l\/h, k\u00f5ikidele CEDRUS akut\u00f6\u00f6riistadele kehtib 3 aastane tehasegarantii.","breadcrumb":{"@id":"https:\/\/ranoja.ee\/toode\/aku-survepesur-cedwp160li\/#breadcrumb"},"inLanguage":"en-US","potentialAction":[{"@type":"ReadAction","target":["https:\/\/ranoja.ee\/toode\/aku-survepesur-cedwp160li\/"]}]},{"@type":"ImageObject","inLanguage":"en-US","@id":"https:\/\/ranoja.ee\/toode\/aku-survepesur-cedwp160li\/#primaryimage","url":"https:\/\/ranoja.ee\/wp-content\/uploads\/2024\/10\/Aku-Survepesur-CEDWP160LI.png","contentUrl":"https:\/\/ranoja.ee\/wp-content\/uploads\/2024\/10\/Aku-Survepesur-CEDWP160LI.png","width":522,"height":554,"caption":"Aku Survepesur CEDWP160LI"},{"@type":"BreadcrumbList","@id":"https:\/\/ranoja.ee\/toode\/aku-survepesur-cedwp160li\/#breadcrumb","itemListElement":[{"@type":"ListItem","position":1,"name":"Home","item":"https:\/\/ranoja.ee\/"},{"@type":"ListItem","position":2,"name":"Shop","item":"https:\/\/ranoja.ee\/en\/shop\/"},{"@type":"ListItem","position":3,"name":"Aku Survepesur CEDWP160LI"}]},{"@type":"WebSite","@id":"https:\/\/ranoja.ee\/#website","url":"https:\/\/ranoja.ee\/","name":"Ranoja","description":"Equipment Shop WooCommerce WordPress Theme for Machine &amp; Tools","publisher":{"@id":"https:\/\/ranoja.ee\/#organization"},"potentialAction":[{"@type":"SearchAction","target":{"@type":"EntryPoint","urlTemplate":"https:\/\/ranoja.ee\/?s={search_term_string}"},"query-input":{"@type":"PropertyValueSpecification","valueRequired":true,"valueName":"search_term_string"}}],"inLanguage":"en-US"},{"@type":"Organization","@id":"https:\/\/ranoja.ee\/#organization","name":"Ranoja O\u00dc","url":"https:\/\/ranoja.ee\/","logo":{"@type":"ImageObject","inLanguage":"en-US","@id":"https:\/\/ranoja.ee\/#\/schema\/logo\/image\/","url":"https:\/\/ranoja.ee\/wp-content\/uploads\/2023\/11\/ranoja-Logo.png","contentUrl":"https:\/\/ranoja.ee\/wp-content\/uploads\/2023\/11\/ranoja-Logo.png","width":207,"height":58,"caption":"Ranoja O\u00dc"},"image":{"@id":"https:\/\/ranoja.ee\/#\/schema\/logo\/image\/"},"sameAs":["https:\/\/www.facebook.com\/ranoja.ee","https:\/\/www.instagram.com\/ranoja__\/"]}]}},"_links":{"self":[{"href":"https:\/\/ranoja.ee\/en\/wp-json\/wp\/v2\/product\/12705","targetHints":{"allow":["GET"]}}],"collection":[{"href":"https:\/\/ranoja.ee\/en\/wp-json\/wp\/v2\/product"}],"about":[{"href":"https:\/\/ranoja.ee\/en\/wp-json\/wp\/v2\/types\/product"}],"wp:featuredmedia":[{"embeddable":true,"href":"https:\/\/ranoja.ee\/en\/wp-json\/wp\/v2\/media\/12707"}],"wp:attachment":[{"href":"https:\/\/ranoja.ee\/en\/wp-json\/wp\/v2\/media?parent=12705"}],"wp:term":[{"taxonomy":"product_cat","embeddable":true,"href":"https:\/\/ranoja.ee\/en\/wp-json\/wp\/v2\/product_cat?post=12705"},{"taxonomy":"product_tag","embeddable":true,"href":"https:\/\/ranoja.ee\/en\/wp-json\/wp\/v2\/product_tag?post=12705"}],"curies":[{"name":"wp","href":"https:\/\/api.w.org\/{rel}","templated":true}]}}