{"id":12089,"date":"2024-09-27T16:58:49","date_gmt":"2024-09-27T13:58:49","guid":{"rendered":"https:\/\/ranoja.ee\/?post_type=product&#038;p=12089"},"modified":"2025-12-10T16:08:52","modified_gmt":"2025-12-10T13:08:52","slug":"led-vilkurpaneel-truckvision","status":"publish","type":"product","link":"https:\/\/ranoja.ee\/en\/toode\/led-vilkurpaneel-truckvision\/","title":{"rendered":"LED vilkurpaneel Truckvision"},"content":{"rendered":"<p>LED vilkurpaneel Truckvision<\/p>\n<p>Vilkurid ja m\u00e4rgutuled on olulised seadmed, mida kasutatakse erinevates valdkondades nagu ehitusplatsidel, teedeehituses ja eriolukordades, et t\u00f5sta ohutust, teavitada teisi liiklejaid ja t\u00f6\u00f6tajaid potentsiaalsetest ohtudest ning juhtida t\u00e4helepanu olulistele objektidele v\u00f5i t\u00f6\u00f6dele.<\/p>\n<p>M\u00e4rgutuled ja nende kasutamine<br \/>\nM\u00e4rgutuled on laiemalt kasutatavad seadmed, mis suudavad juhtida liiklust ja t\u00e4helepanu kindlatele punktidele v\u00f5i takistustele teel v\u00f5i ehitusplatsil. M\u00e4rgutuled v\u00f5ivad olla staatilised v\u00f5i vilkuvad, s\u00f5ltuvalt nende eesm\u00e4rgist.<\/p>\n<p>T\u00fc\u00fcbid ja kasutusalad:<br \/>\nAjutine liikluskorraldus: M\u00e4rgutuled paigutatakse tihti ajutiste liikluskorralduste jaoks, n\u00e4iteks teet\u00f6\u00f6de alale v\u00f5i ajutiste \u00fcmbers\u00f5itude t\u00e4histamiseks. Need on tavaliselt oran\u017ei v\u00f5i kollast v\u00e4rvi ning sageli vilkuvad, et suurendada n\u00e4htavust \u00f6\u00f6sel v\u00f5i kehvades ilmastikuoludes.<\/p>\n<p>Ohu t\u00e4histamine: N\u00e4iteks kaevet\u00f6\u00f6d v\u00f5i takistused, mis v\u00f5ivad ohustada s\u00f5idukijuhte v\u00f5i jalak\u00e4ijaid. M\u00e4rgutuled t\u00f5mbavad t\u00e4helepanu ohtlikele piirkondadele, hoides nii \u00e4ra \u00f5nnetusi.<br \/>\nEhitusplatside t\u00e4histamine: Sageli kasutatakse neid ka perimeetrite t\u00e4histamiseks ehitusplatsidel v\u00f5i hoiatusm\u00e4rkidena, et juhatada inimesi v\u00f5i s\u00f5idukeid ohututest tsoonidest eemale.<\/p>\n<p>Vilkurite ja m\u00e4rgutulede kasutamise eelised<br \/>\nSuurenenud n\u00e4htavus: Need seadmed parandavad ohutusmeetmeid, suurendades ohu ja t\u00f6\u00f6kohtade n\u00e4htavust, eriti pimedas v\u00f5i kehvades ilmastikuoludes.<br \/>\nT\u00f6\u00f6efektiivsuse t\u00f5us: Ehitusplatsidel ja liikluses v\u00f5imaldavad vilkurid ja m\u00e4rgutuled juhtida inimeste ja s\u00f5idukite liikumist, v\u00e4hendades segadust ja suurendades t\u00f6\u00f6 sujuvust.<\/p>\n<p>Ennetab \u00f5nnetusi: Need seadmed pakuvad varajast hoiatust ning ennetavad potentsiaalseid kokkup\u00f5rkeid v\u00f5i \u00f5nnetusi t\u00f6\u00f6masinate ja liiklejate vahel.<br \/>\nVilkurite ja m\u00e4rgutulede t\u00f5hus kasutamine on h\u00e4davajalik erinevate t\u00f6\u00f6de puhul, tagades ohutuse ning hoides liikluse sujuvana.<br \/>\nLED vilkurpaneel Truckvision<\/p>\n","protected":false},"excerpt":{"rendered":"<p>LED vilkurpaneel Truckvision<\/p>\n<p>M\u00f5\u00f5tmed: 328.00 x 186.00 x 50.00mm<br \/>\nKaal: 1.20kg (net 1.20kg)<br \/>\nPinge: 12\/24V<br \/>\nV\u00e4rv: Kollane<br \/>\nJuhtme pikkus: 2,50 m<br \/>\nIP klassifikatsioon: IP66<br \/>\nSertifikaadid: ADR, ECE R65, ECE R10, TA1 SF, SAE C1&#038;C2, SAE J845<br \/>\nKirjeldus: 48 suure valgustugevusega LEDi saavutavad Class 1 sertifikaadi erakordse heleduse, 360\u00b0 n\u00e4htavuse, ECE R65 topeltvilkumise, 10 vilkumisre\u017eiimi, sh sujuvalt p\u00f6\u00f6rlev muster, elegantset profiili t\u00e4iendab vastupidav pol\u00fckarbonaatl\u00e4\u00e4ts, mis tagab vastupidavuse teede ja t\u00f6\u00f6platside raskustele, sobib ideaalselt eelk\u00f5ige ehitus-, kommunaal- ja teet\u00f6\u00f6deks, projekteeritud ekstreemsete tingimuste jaoks: temperatuurivahemik -30\u00b0C &#8230; +50\u00b0C, mitmek\u00fclgsed paigaldusv\u00f5imalused: kaks magnetit v\u00f5i \u00fcks polt (m\u00f5lemad koos), magnetkinnitus 2,5 m kaabliga + sigaretis\u00fc\u00fctaja pistik koos 2 l\u00fclitiga.<br \/>\n<strong><span style=\"color: #3366ff;\"><a style=\"color: #3366ff;\" href=\"https:\/\/ranoja.ee\/tootekategooria\/lisaseadmed\/tulede-tarvikud\/?_gl=1*193johg*_gcl_au*MTU2NTE4MDgwNC4xNzIyNzY2MDc2\">VALI SOBIVAD TARVIKUD V\u00d5I KINNITUSED SIIT<\/a><\/span><\/strong><br \/>\n<strong><span style=\"color: #339966;\">Seadme tarneaeg 3-4 t\u00f6\u00f6p\u00e4eva<\/span><\/strong><\/p>\n","protected":false},"featured_media":12090,"template":"","meta":{"inline_featured_image":false},"product_cat":[1116,1550],"product_tag":[1555,1554],"class_list":{"0":"post-12089","1":"product","2":"type-product","3":"status-publish","4":"has-post-thumbnail","6":"product_brand-truckvision","7":"product_cat-lisaseadmed-ehitusseadmed-led-lisatuled-cb-raadiod-lallar","8":"product_cat-vilkurid-ja-margutuled","9":"product_tag-truckvision","10":"product_tag-vilkurpaneel","12":"first","13":"instock","14":"taxable","15":"shipping-taxable","16":"purchasable","17":"product-type-simple"},"yoast_head":"<!-- This site is optimized with the Yoast SEO plugin v27.4 - https:\/\/yoast.com\/product\/yoast-seo-wordpress\/ -->\n<title>LED vilkurpaneel Truckvision<\/title>\n<meta name=\"description\" content=\"LED vilkurpaneel Truckvision - 48 suure valgustugevusega LEDi saavutavad Class 1 sertifikaadi erakordse heleduse, 360\u00b0 , 10 vilkumisre\u017eiimi\" \/>\n<meta name=\"robots\" content=\"index, follow, max-snippet:-1, max-image-preview:large, max-video-preview:-1\" \/>\n<link rel=\"canonical\" href=\"https:\/\/ranoja.ee\/toode\/led-vilkurpaneel-truckvision\/\" \/>\n<meta property=\"og:locale\" content=\"en_US\" \/>\n<meta property=\"og:type\" content=\"article\" \/>\n<meta property=\"og:title\" content=\"LED vilkurpaneel Truckvision\" \/>\n<meta property=\"og:description\" content=\"LED vilkurpaneel Truckvision - 48 suure valgustugevusega LEDi saavutavad Class 1 sertifikaadi erakordse heleduse, 360\u00b0 , 10 vilkumisre\u017eiimi\" \/>\n<meta property=\"og:url\" content=\"https:\/\/ranoja.ee\/toode\/led-vilkurpaneel-truckvision\/\" \/>\n<meta property=\"og:site_name\" content=\"Ranoja\" \/>\n<meta property=\"article:publisher\" content=\"https:\/\/www.facebook.com\/ranoja.ee\" \/>\n<meta property=\"article:modified_time\" content=\"2025-12-10T13:08:52+00:00\" \/>\n<meta property=\"og:image\" content=\"https:\/\/ranoja.ee\/wp-content\/uploads\/2024\/09\/LED-vilkurpaneel-Truckvision.jpg\" \/>\n\t<meta property=\"og:image:width\" content=\"800\" \/>\n\t<meta property=\"og:image:height\" content=\"600\" \/>\n\t<meta property=\"og:image:type\" content=\"image\/jpeg\" \/>\n<meta name=\"twitter:card\" content=\"summary_large_image\" \/>\n<meta name=\"twitter:label1\" content=\"Est. reading time\" \/>\n\t<meta name=\"twitter:data1\" content=\"2 minutes\" \/>\n<script type=\"application\/ld+json\" class=\"yoast-schema-graph\">{\"@context\":\"https:\\\/\\\/schema.org\",\"@graph\":[{\"@type\":\"WebPage\",\"@id\":\"https:\\\/\\\/ranoja.ee\\\/toode\\\/led-vilkurpaneel-truckvision\\\/\",\"url\":\"https:\\\/\\\/ranoja.ee\\\/toode\\\/led-vilkurpaneel-truckvision\\\/\",\"name\":\"LED vilkurpaneel Truckvision\",\"isPartOf\":{\"@id\":\"https:\\\/\\\/ranoja.ee\\\/#website\"},\"primaryImageOfPage\":{\"@id\":\"https:\\\/\\\/ranoja.ee\\\/toode\\\/led-vilkurpaneel-truckvision\\\/#primaryimage\"},\"image\":{\"@id\":\"https:\\\/\\\/ranoja.ee\\\/toode\\\/led-vilkurpaneel-truckvision\\\/#primaryimage\"},\"thumbnailUrl\":\"https:\\\/\\\/ranoja.ee\\\/wp-content\\\/uploads\\\/2024\\\/09\\\/LED-vilkurpaneel-Truckvision.jpg\",\"datePublished\":\"2024-09-27T13:58:49+00:00\",\"dateModified\":\"2025-12-10T13:08:52+00:00\",\"description\":\"LED vilkurpaneel Truckvision - 48 suure valgustugevusega LEDi saavutavad Class 1 sertifikaadi erakordse heleduse, 360\u00b0 , 10 vilkumisre\u017eiimi\",\"breadcrumb\":{\"@id\":\"https:\\\/\\\/ranoja.ee\\\/toode\\\/led-vilkurpaneel-truckvision\\\/#breadcrumb\"},\"inLanguage\":\"en-US\",\"potentialAction\":[{\"@type\":\"ReadAction\",\"target\":[\"https:\\\/\\\/ranoja.ee\\\/toode\\\/led-vilkurpaneel-truckvision\\\/\"]}]},{\"@type\":\"ImageObject\",\"inLanguage\":\"en-US\",\"@id\":\"https:\\\/\\\/ranoja.ee\\\/toode\\\/led-vilkurpaneel-truckvision\\\/#primaryimage\",\"url\":\"https:\\\/\\\/ranoja.ee\\\/wp-content\\\/uploads\\\/2024\\\/09\\\/LED-vilkurpaneel-Truckvision.jpg\",\"contentUrl\":\"https:\\\/\\\/ranoja.ee\\\/wp-content\\\/uploads\\\/2024\\\/09\\\/LED-vilkurpaneel-Truckvision.jpg\",\"width\":800,\"height\":600,\"caption\":\"LED vilkurpaneel Truckvision\"},{\"@type\":\"BreadcrumbList\",\"@id\":\"https:\\\/\\\/ranoja.ee\\\/toode\\\/led-vilkurpaneel-truckvision\\\/#breadcrumb\",\"itemListElement\":[{\"@type\":\"ListItem\",\"position\":1,\"name\":\"Home\",\"item\":\"https:\\\/\\\/ranoja.ee\\\/\"},{\"@type\":\"ListItem\",\"position\":2,\"name\":\"Shop\",\"item\":\"https:\\\/\\\/ranoja.ee\\\/en\\\/shop\\\/\"},{\"@type\":\"ListItem\",\"position\":3,\"name\":\"LED vilkurpaneel Truckvision\"}]},{\"@type\":\"WebSite\",\"@id\":\"https:\\\/\\\/ranoja.ee\\\/#website\",\"url\":\"https:\\\/\\\/ranoja.ee\\\/\",\"name\":\"Ranoja\",\"description\":\"Equipment Shop WooCommerce WordPress Theme for Machine &amp; Tools\",\"publisher\":{\"@id\":\"https:\\\/\\\/ranoja.ee\\\/#organization\"},\"potentialAction\":[{\"@type\":\"SearchAction\",\"target\":{\"@type\":\"EntryPoint\",\"urlTemplate\":\"https:\\\/\\\/ranoja.ee\\\/?s={search_term_string}\"},\"query-input\":{\"@type\":\"PropertyValueSpecification\",\"valueRequired\":true,\"valueName\":\"search_term_string\"}}],\"inLanguage\":\"en-US\"},{\"@type\":\"Organization\",\"@id\":\"https:\\\/\\\/ranoja.ee\\\/#organization\",\"name\":\"Ranoja O\u00dc\",\"url\":\"https:\\\/\\\/ranoja.ee\\\/\",\"logo\":{\"@type\":\"ImageObject\",\"inLanguage\":\"en-US\",\"@id\":\"https:\\\/\\\/ranoja.ee\\\/#\\\/schema\\\/logo\\\/image\\\/\",\"url\":\"https:\\\/\\\/ranoja.ee\\\/wp-content\\\/uploads\\\/2023\\\/11\\\/ranoja-Logo.png\",\"contentUrl\":\"https:\\\/\\\/ranoja.ee\\\/wp-content\\\/uploads\\\/2023\\\/11\\\/ranoja-Logo.png\",\"width\":207,\"height\":58,\"caption\":\"Ranoja O\u00dc\"},\"image\":{\"@id\":\"https:\\\/\\\/ranoja.ee\\\/#\\\/schema\\\/logo\\\/image\\\/\"},\"sameAs\":[\"https:\\\/\\\/www.facebook.com\\\/ranoja.ee\",\"https:\\\/\\\/www.instagram.com\\\/ranoja__\\\/\"]}]}<\/script>\n<!-- \/ Yoast SEO plugin. -->","yoast_head_json":{"title":"LED vilkurpaneel Truckvision","description":"LED vilkurpaneel Truckvision - 48 suure valgustugevusega LEDi saavutavad Class 1 sertifikaadi erakordse heleduse, 360\u00b0 , 10 vilkumisre\u017eiimi","robots":{"index":"index","follow":"follow","max-snippet":"max-snippet:-1","max-image-preview":"max-image-preview:large","max-video-preview":"max-video-preview:-1"},"canonical":"https:\/\/ranoja.ee\/toode\/led-vilkurpaneel-truckvision\/","og_locale":"en_US","og_type":"article","og_title":"LED vilkurpaneel Truckvision","og_description":"LED vilkurpaneel Truckvision - 48 suure valgustugevusega LEDi saavutavad Class 1 sertifikaadi erakordse heleduse, 360\u00b0 , 10 vilkumisre\u017eiimi","og_url":"https:\/\/ranoja.ee\/toode\/led-vilkurpaneel-truckvision\/","og_site_name":"Ranoja","article_publisher":"https:\/\/www.facebook.com\/ranoja.ee","article_modified_time":"2025-12-10T13:08:52+00:00","og_image":[{"width":800,"height":600,"url":"https:\/\/ranoja.ee\/wp-content\/uploads\/2024\/09\/LED-vilkurpaneel-Truckvision.jpg","type":"image\/jpeg"}],"twitter_card":"summary_large_image","twitter_misc":{"Est. reading time":"2 minutes"},"schema":{"@context":"https:\/\/schema.org","@graph":[{"@type":"WebPage","@id":"https:\/\/ranoja.ee\/toode\/led-vilkurpaneel-truckvision\/","url":"https:\/\/ranoja.ee\/toode\/led-vilkurpaneel-truckvision\/","name":"LED vilkurpaneel Truckvision","isPartOf":{"@id":"https:\/\/ranoja.ee\/#website"},"primaryImageOfPage":{"@id":"https:\/\/ranoja.ee\/toode\/led-vilkurpaneel-truckvision\/#primaryimage"},"image":{"@id":"https:\/\/ranoja.ee\/toode\/led-vilkurpaneel-truckvision\/#primaryimage"},"thumbnailUrl":"https:\/\/ranoja.ee\/wp-content\/uploads\/2024\/09\/LED-vilkurpaneel-Truckvision.jpg","datePublished":"2024-09-27T13:58:49+00:00","dateModified":"2025-12-10T13:08:52+00:00","description":"LED vilkurpaneel Truckvision - 48 suure valgustugevusega LEDi saavutavad Class 1 sertifikaadi erakordse heleduse, 360\u00b0 , 10 vilkumisre\u017eiimi","breadcrumb":{"@id":"https:\/\/ranoja.ee\/toode\/led-vilkurpaneel-truckvision\/#breadcrumb"},"inLanguage":"en-US","potentialAction":[{"@type":"ReadAction","target":["https:\/\/ranoja.ee\/toode\/led-vilkurpaneel-truckvision\/"]}]},{"@type":"ImageObject","inLanguage":"en-US","@id":"https:\/\/ranoja.ee\/toode\/led-vilkurpaneel-truckvision\/#primaryimage","url":"https:\/\/ranoja.ee\/wp-content\/uploads\/2024\/09\/LED-vilkurpaneel-Truckvision.jpg","contentUrl":"https:\/\/ranoja.ee\/wp-content\/uploads\/2024\/09\/LED-vilkurpaneel-Truckvision.jpg","width":800,"height":600,"caption":"LED vilkurpaneel Truckvision"},{"@type":"BreadcrumbList","@id":"https:\/\/ranoja.ee\/toode\/led-vilkurpaneel-truckvision\/#breadcrumb","itemListElement":[{"@type":"ListItem","position":1,"name":"Home","item":"https:\/\/ranoja.ee\/"},{"@type":"ListItem","position":2,"name":"Shop","item":"https:\/\/ranoja.ee\/en\/shop\/"},{"@type":"ListItem","position":3,"name":"LED vilkurpaneel Truckvision"}]},{"@type":"WebSite","@id":"https:\/\/ranoja.ee\/#website","url":"https:\/\/ranoja.ee\/","name":"Ranoja","description":"Equipment Shop WooCommerce WordPress Theme for Machine &amp; Tools","publisher":{"@id":"https:\/\/ranoja.ee\/#organization"},"potentialAction":[{"@type":"SearchAction","target":{"@type":"EntryPoint","urlTemplate":"https:\/\/ranoja.ee\/?s={search_term_string}"},"query-input":{"@type":"PropertyValueSpecification","valueRequired":true,"valueName":"search_term_string"}}],"inLanguage":"en-US"},{"@type":"Organization","@id":"https:\/\/ranoja.ee\/#organization","name":"Ranoja O\u00dc","url":"https:\/\/ranoja.ee\/","logo":{"@type":"ImageObject","inLanguage":"en-US","@id":"https:\/\/ranoja.ee\/#\/schema\/logo\/image\/","url":"https:\/\/ranoja.ee\/wp-content\/uploads\/2023\/11\/ranoja-Logo.png","contentUrl":"https:\/\/ranoja.ee\/wp-content\/uploads\/2023\/11\/ranoja-Logo.png","width":207,"height":58,"caption":"Ranoja O\u00dc"},"image":{"@id":"https:\/\/ranoja.ee\/#\/schema\/logo\/image\/"},"sameAs":["https:\/\/www.facebook.com\/ranoja.ee","https:\/\/www.instagram.com\/ranoja__\/"]}]}},"_links":{"self":[{"href":"https:\/\/ranoja.ee\/en\/wp-json\/wp\/v2\/product\/12089","targetHints":{"allow":["GET"]}}],"collection":[{"href":"https:\/\/ranoja.ee\/en\/wp-json\/wp\/v2\/product"}],"about":[{"href":"https:\/\/ranoja.ee\/en\/wp-json\/wp\/v2\/types\/product"}],"wp:featuredmedia":[{"embeddable":true,"href":"https:\/\/ranoja.ee\/en\/wp-json\/wp\/v2\/media\/12090"}],"wp:attachment":[{"href":"https:\/\/ranoja.ee\/en\/wp-json\/wp\/v2\/media?parent=12089"}],"wp:term":[{"taxonomy":"product_cat","embeddable":true,"href":"https:\/\/ranoja.ee\/en\/wp-json\/wp\/v2\/product_cat?post=12089"},{"taxonomy":"product_tag","embeddable":true,"href":"https:\/\/ranoja.ee\/en\/wp-json\/wp\/v2\/product_tag?post=12089"}],"curies":[{"name":"wp","href":"https:\/\/api.w.org\/{rel}","templated":true}]}}