{"id":11173,"date":"2024-09-20T13:43:51","date_gmt":"2024-09-20T10:43:51","guid":{"rendered":"https:\/\/ranoja.ee\/?post_type=product&#038;p=11173"},"modified":"2025-12-12T15:48:35","modified_gmt":"2025-12-12T12:48:35","slug":"led-soidutuli-kaug-lahituli","status":"publish","type":"product","link":"https:\/\/ranoja.ee\/en\/toode\/led-soidutuli-kaug-lahituli\/","title":{"rendered":"LED s\u00f5idutuli kaug-l\u00e4hituli"},"content":{"rendered":"<p>LED s\u00f5idutuli kaug-l\u00e4hituli<\/p>\n<p>LED-p\u00e4evas\u00f5idutuled (Daytime Running Lights ehk DRL-id) on s\u00f5idukite esituled, mis s\u00fcttivad automaatselt, kui auto s\u00fc\u00fcde on sisse l\u00fclitatud, ja neid kasutatakse peamiselt p\u00e4evasel ajal auto n\u00e4htavuse parandamiseks. P\u00e4evas\u00f5idutulede kasutamine on kohustuslik paljudes riikides, sealhulgas Eestis, ja need aitavad v\u00e4hendada liiklus\u00f5nnetuste riski, muutes s\u00f5idukid teistel juhtidel paremini n\u00e4htavaks.<\/p>\n<p>LED-p\u00e4evas\u00f5idutulede eelised:<br \/>\nEnergiat\u00f5husus: LED-tehnoloogia tarbib v\u00e4hem energiat kui traditsioonilised halogeentuled, mis t\u00e4hendab v\u00e4iksemat k\u00fctusekulu ja pikemat aku eluiga.<br \/>\nParem n\u00e4htavus: LED-tulede eredus tagab, et s\u00f5iduk on h\u00e4sti n\u00e4htav ka h\u00e4maras v\u00f5i halbades ilmastikuoludes.<br \/>\nP\u00e4evas\u00f5idutuli &#8211; Pikem eluiga: LED-lambid kestavad tavaliselt palju kauem kui halogeen- v\u00f5i ksenoonlambid.<br \/>\nAutomaatne toimimine: P\u00e4evas\u00f5idutuled l\u00fclituvad sisse automaatselt, kui s\u00f5iduki mootor k\u00e4ivitub, mis v\u00e4hendab juhi vajadust manuaalselt tulesid sisse ja v\u00e4lja l\u00fclitada.<br \/>\nKasutamise eeskirjad Eestis:<br \/>\nP\u00e4evane s\u00f5it: P\u00e4evasel ajal on seadusega n\u00f5utud, et s\u00f5idukil oleksid p\u00f5levad kas l\u00e4hituled v\u00f5i p\u00e4evas\u00f5idutuled.<br \/>\nP\u00e4evas\u00f5idutulede kasutamine: Kui autol on LED-p\u00e4evas\u00f5idutuled, ei pea juht p\u00e4eva ajal l\u00e4hitulesid sisse l\u00fclitama, kuna p\u00e4evas\u00f5idutuled t\u00e4idavad n\u00e4htavuse parandamise funktsiooni.<br \/>\nH\u00e4marates oludes: Kui n\u00e4htavus v\u00e4heneb (nt vihma, udu v\u00f5i h\u00e4maruse t\u00f5ttu), tuleb sisse l\u00fclitada s\u00f5iduki l\u00e4hituled, kuna LED-p\u00e4evas\u00f5idutuled ei valgusta teed ja v\u00f5ivad olla ebapiisavad sellistes tingimustes.<br \/>\nOluline on meeles pidada:<br \/>\nTagatuled: LED-p\u00e4evas\u00f5idutuled ei s\u00fc\u00fcta tavaliselt tagatulesid, mist\u00f5ttu tuleb halbades ilmastikuoludes v\u00f5i pimedas s\u00f5ites kindlasti kasutada tavalisi l\u00e4hitulesid.<br \/>\nSeadistamine: Paljudel autodel on v\u00f5imalik seadistada, et p\u00e4evas\u00f5idutuled l\u00fclituvad automaatselt l\u00e4hituledeks, kui ilmastikuolud muutuvad halvemaks v\u00f5i kui pimedaks l\u00e4heb.<br \/>\nKokkuv\u00f5ttes suurendavad LED-p\u00e4evas\u00f5idutuled oluliselt s\u00f5iduki n\u00e4htavust ning parandavad liiklusohutust, kuid neid tuleks kasutada vastavalt eeskirjadele ja tingimustele.<br \/>\nLED s\u00f5idutuli kaug-l\u00e4hituli<\/p>\n","protected":false},"excerpt":{"rendered":"<p>LED s\u00f5idutuli kaug-l\u00e4hituli<\/p>\n<p>M\u00f5\u00f5tmed: \u00f8 150.00 x 172.00mm<br \/>\nKaal: 370g (net 370g)<br \/>\nPinge: 10-30V<br \/>\nReference value: 12.5<br \/>\nV\u00e4rvitemperatuur: 5700 K<br \/>\nJuhtme pikkus: 1,00 m<br \/>\nKorpuse materjal: Alumiinium<br \/>\nL\u00e4\u00e4tse materjal: Pol\u00fckarbonaat<br \/>\nIP klassifikatsioon: IP69K<br \/>\nKirjeldus: 15W\/15W kaug\/l\u00e4hituli, Osram LED, 700\/1200lm, 5700K, alumiiniumkorpus, PC klaas, Ref. 12.5, ECE R10, ECE R112, roostevabast terasest kinnitused, IP6K9K, juhe 1000mm. Korpus avatav kolme kruviga esipaneelis. LED moodul p\u00f6\u00f6ratav 90 v\u00f5i 180 kraadi. Nii saab lampi paigaldada k\u00fclili v\u00f5i tagurpidi.<br \/>\n<strong><span style=\"color: #3366ff;\"><a style=\"color: #3366ff;\" href=\"https:\/\/ranoja.ee\/tootekategooria\/lisaseadmed\/tulede-tarvikud\/?_gl=1*193johg*_gcl_au*MTU2NTE4MDgwNC4xNzIyNzY2MDc2\">VALI SOBIVAD TARVIKUD V\u00d5I KINNITUSED SIIT<\/a><\/span><\/strong><br \/>\n<strong><span style=\"color: #339966;\">Seadme tarneaeg 3-4 t\u00f6\u00f6p\u00e4eva<\/span><\/strong><\/p>\n","protected":false},"featured_media":11174,"template":"","meta":{"inline_featured_image":false},"product_cat":[1116,1117],"product_tag":[651],"class_list":{"0":"post-11173","1":"product","2":"type-product","3":"status-publish","4":"has-post-thumbnail","6":"product_cat-lisaseadmed-ehitusseadmed-led-lisatuled-cb-raadiod-lallar","7":"product_cat-lisatuled","8":"product_tag-lisatuled","10":"first","11":"instock","12":"sale","13":"taxable","14":"shipping-taxable","15":"purchasable","16":"product-type-simple"},"yoast_head":"<!-- This site is optimized with the Yoast SEO plugin v27.4 - https:\/\/yoast.com\/product\/yoast-seo-wordpress\/ -->\n<title>LED s\u00f5idutuli kaug-l\u00e4hituli<\/title>\n<meta name=\"description\" content=\"LED s\u00f5idutuli kaug-l\u00e4hituli - 15W\/15W kaug\/l\u00e4hituli, Osram LED, 700\/1200lm, 5700K, alumiiniumkorpus. ED moodul p\u00f6\u00f6ratav 90 v\u00f5i 180 kraadi.\" \/>\n<meta name=\"robots\" content=\"index, follow, max-snippet:-1, max-image-preview:large, max-video-preview:-1\" \/>\n<link rel=\"canonical\" href=\"https:\/\/ranoja.ee\/toode\/led-soidutuli-kaug-lahituli\/\" \/>\n<meta property=\"og:locale\" content=\"en_US\" \/>\n<meta property=\"og:type\" content=\"article\" \/>\n<meta property=\"og:title\" content=\"LED s\u00f5idutuli kaug-l\u00e4hituli\" \/>\n<meta property=\"og:description\" content=\"LED s\u00f5idutuli kaug-l\u00e4hituli - 15W\/15W kaug\/l\u00e4hituli, Osram LED, 700\/1200lm, 5700K, alumiiniumkorpus. ED moodul p\u00f6\u00f6ratav 90 v\u00f5i 180 kraadi.\" \/>\n<meta property=\"og:url\" content=\"https:\/\/ranoja.ee\/toode\/led-soidutuli-kaug-lahituli\/\" \/>\n<meta property=\"og:site_name\" content=\"Ranoja\" \/>\n<meta property=\"article:publisher\" content=\"https:\/\/www.facebook.com\/ranoja.ee\" \/>\n<meta property=\"article:modified_time\" content=\"2025-12-12T12:48:35+00:00\" \/>\n<meta property=\"og:image\" content=\"https:\/\/ranoja.ee\/wp-content\/uploads\/2024\/09\/LED-soidutuli-kaug-lahituli.jpg\" \/>\n\t<meta property=\"og:image:width\" content=\"400\" \/>\n\t<meta property=\"og:image:height\" content=\"300\" \/>\n\t<meta property=\"og:image:type\" content=\"image\/jpeg\" \/>\n<meta name=\"twitter:card\" content=\"summary_large_image\" \/>\n<meta name=\"twitter:label1\" content=\"Est. reading time\" \/>\n\t<meta name=\"twitter:data1\" content=\"2 minutes\" \/>\n<script type=\"application\/ld+json\" class=\"yoast-schema-graph\">{\"@context\":\"https:\\\/\\\/schema.org\",\"@graph\":[{\"@type\":\"WebPage\",\"@id\":\"https:\\\/\\\/ranoja.ee\\\/toode\\\/led-soidutuli-kaug-lahituli\\\/\",\"url\":\"https:\\\/\\\/ranoja.ee\\\/toode\\\/led-soidutuli-kaug-lahituli\\\/\",\"name\":\"LED s\u00f5idutuli kaug-l\u00e4hituli\",\"isPartOf\":{\"@id\":\"https:\\\/\\\/ranoja.ee\\\/#website\"},\"primaryImageOfPage\":{\"@id\":\"https:\\\/\\\/ranoja.ee\\\/toode\\\/led-soidutuli-kaug-lahituli\\\/#primaryimage\"},\"image\":{\"@id\":\"https:\\\/\\\/ranoja.ee\\\/toode\\\/led-soidutuli-kaug-lahituli\\\/#primaryimage\"},\"thumbnailUrl\":\"https:\\\/\\\/ranoja.ee\\\/wp-content\\\/uploads\\\/2024\\\/09\\\/LED-soidutuli-kaug-lahituli.jpg\",\"datePublished\":\"2024-09-20T10:43:51+00:00\",\"dateModified\":\"2025-12-12T12:48:35+00:00\",\"description\":\"LED s\u00f5idutuli kaug-l\u00e4hituli - 15W\\\/15W kaug\\\/l\u00e4hituli, Osram LED, 700\\\/1200lm, 5700K, alumiiniumkorpus. ED moodul p\u00f6\u00f6ratav 90 v\u00f5i 180 kraadi.\",\"breadcrumb\":{\"@id\":\"https:\\\/\\\/ranoja.ee\\\/toode\\\/led-soidutuli-kaug-lahituli\\\/#breadcrumb\"},\"inLanguage\":\"en-US\",\"potentialAction\":[{\"@type\":\"ReadAction\",\"target\":[\"https:\\\/\\\/ranoja.ee\\\/toode\\\/led-soidutuli-kaug-lahituli\\\/\"]}]},{\"@type\":\"ImageObject\",\"inLanguage\":\"en-US\",\"@id\":\"https:\\\/\\\/ranoja.ee\\\/toode\\\/led-soidutuli-kaug-lahituli\\\/#primaryimage\",\"url\":\"https:\\\/\\\/ranoja.ee\\\/wp-content\\\/uploads\\\/2024\\\/09\\\/LED-soidutuli-kaug-lahituli.jpg\",\"contentUrl\":\"https:\\\/\\\/ranoja.ee\\\/wp-content\\\/uploads\\\/2024\\\/09\\\/LED-soidutuli-kaug-lahituli.jpg\",\"width\":400,\"height\":300,\"caption\":\"LED s\u00f5idutuli kaug-l\u00e4hituli\"},{\"@type\":\"BreadcrumbList\",\"@id\":\"https:\\\/\\\/ranoja.ee\\\/toode\\\/led-soidutuli-kaug-lahituli\\\/#breadcrumb\",\"itemListElement\":[{\"@type\":\"ListItem\",\"position\":1,\"name\":\"Home\",\"item\":\"https:\\\/\\\/ranoja.ee\\\/\"},{\"@type\":\"ListItem\",\"position\":2,\"name\":\"Shop\",\"item\":\"https:\\\/\\\/ranoja.ee\\\/en\\\/shop\\\/\"},{\"@type\":\"ListItem\",\"position\":3,\"name\":\"LED s\u00f5idutuli kaug-l\u00e4hituli\"}]},{\"@type\":\"WebSite\",\"@id\":\"https:\\\/\\\/ranoja.ee\\\/#website\",\"url\":\"https:\\\/\\\/ranoja.ee\\\/\",\"name\":\"Ranoja\",\"description\":\"Equipment Shop WooCommerce WordPress Theme for Machine &amp; Tools\",\"publisher\":{\"@id\":\"https:\\\/\\\/ranoja.ee\\\/#organization\"},\"potentialAction\":[{\"@type\":\"SearchAction\",\"target\":{\"@type\":\"EntryPoint\",\"urlTemplate\":\"https:\\\/\\\/ranoja.ee\\\/?s={search_term_string}\"},\"query-input\":{\"@type\":\"PropertyValueSpecification\",\"valueRequired\":true,\"valueName\":\"search_term_string\"}}],\"inLanguage\":\"en-US\"},{\"@type\":\"Organization\",\"@id\":\"https:\\\/\\\/ranoja.ee\\\/#organization\",\"name\":\"Ranoja O\u00dc\",\"url\":\"https:\\\/\\\/ranoja.ee\\\/\",\"logo\":{\"@type\":\"ImageObject\",\"inLanguage\":\"en-US\",\"@id\":\"https:\\\/\\\/ranoja.ee\\\/#\\\/schema\\\/logo\\\/image\\\/\",\"url\":\"https:\\\/\\\/ranoja.ee\\\/wp-content\\\/uploads\\\/2023\\\/11\\\/ranoja-Logo.png\",\"contentUrl\":\"https:\\\/\\\/ranoja.ee\\\/wp-content\\\/uploads\\\/2023\\\/11\\\/ranoja-Logo.png\",\"width\":207,\"height\":58,\"caption\":\"Ranoja O\u00dc\"},\"image\":{\"@id\":\"https:\\\/\\\/ranoja.ee\\\/#\\\/schema\\\/logo\\\/image\\\/\"},\"sameAs\":[\"https:\\\/\\\/www.facebook.com\\\/ranoja.ee\",\"https:\\\/\\\/www.instagram.com\\\/ranoja__\\\/\"]}]}<\/script>\n<!-- \/ Yoast SEO plugin. -->","yoast_head_json":{"title":"LED s\u00f5idutuli kaug-l\u00e4hituli","description":"LED s\u00f5idutuli kaug-l\u00e4hituli - 15W\/15W kaug\/l\u00e4hituli, Osram LED, 700\/1200lm, 5700K, alumiiniumkorpus. ED moodul p\u00f6\u00f6ratav 90 v\u00f5i 180 kraadi.","robots":{"index":"index","follow":"follow","max-snippet":"max-snippet:-1","max-image-preview":"max-image-preview:large","max-video-preview":"max-video-preview:-1"},"canonical":"https:\/\/ranoja.ee\/toode\/led-soidutuli-kaug-lahituli\/","og_locale":"en_US","og_type":"article","og_title":"LED s\u00f5idutuli kaug-l\u00e4hituli","og_description":"LED s\u00f5idutuli kaug-l\u00e4hituli - 15W\/15W kaug\/l\u00e4hituli, Osram LED, 700\/1200lm, 5700K, alumiiniumkorpus. ED moodul p\u00f6\u00f6ratav 90 v\u00f5i 180 kraadi.","og_url":"https:\/\/ranoja.ee\/toode\/led-soidutuli-kaug-lahituli\/","og_site_name":"Ranoja","article_publisher":"https:\/\/www.facebook.com\/ranoja.ee","article_modified_time":"2025-12-12T12:48:35+00:00","og_image":[{"width":400,"height":300,"url":"https:\/\/ranoja.ee\/wp-content\/uploads\/2024\/09\/LED-soidutuli-kaug-lahituli.jpg","type":"image\/jpeg"}],"twitter_card":"summary_large_image","twitter_misc":{"Est. reading time":"2 minutes"},"schema":{"@context":"https:\/\/schema.org","@graph":[{"@type":"WebPage","@id":"https:\/\/ranoja.ee\/toode\/led-soidutuli-kaug-lahituli\/","url":"https:\/\/ranoja.ee\/toode\/led-soidutuli-kaug-lahituli\/","name":"LED s\u00f5idutuli kaug-l\u00e4hituli","isPartOf":{"@id":"https:\/\/ranoja.ee\/#website"},"primaryImageOfPage":{"@id":"https:\/\/ranoja.ee\/toode\/led-soidutuli-kaug-lahituli\/#primaryimage"},"image":{"@id":"https:\/\/ranoja.ee\/toode\/led-soidutuli-kaug-lahituli\/#primaryimage"},"thumbnailUrl":"https:\/\/ranoja.ee\/wp-content\/uploads\/2024\/09\/LED-soidutuli-kaug-lahituli.jpg","datePublished":"2024-09-20T10:43:51+00:00","dateModified":"2025-12-12T12:48:35+00:00","description":"LED s\u00f5idutuli kaug-l\u00e4hituli - 15W\/15W kaug\/l\u00e4hituli, Osram LED, 700\/1200lm, 5700K, alumiiniumkorpus. ED moodul p\u00f6\u00f6ratav 90 v\u00f5i 180 kraadi.","breadcrumb":{"@id":"https:\/\/ranoja.ee\/toode\/led-soidutuli-kaug-lahituli\/#breadcrumb"},"inLanguage":"en-US","potentialAction":[{"@type":"ReadAction","target":["https:\/\/ranoja.ee\/toode\/led-soidutuli-kaug-lahituli\/"]}]},{"@type":"ImageObject","inLanguage":"en-US","@id":"https:\/\/ranoja.ee\/toode\/led-soidutuli-kaug-lahituli\/#primaryimage","url":"https:\/\/ranoja.ee\/wp-content\/uploads\/2024\/09\/LED-soidutuli-kaug-lahituli.jpg","contentUrl":"https:\/\/ranoja.ee\/wp-content\/uploads\/2024\/09\/LED-soidutuli-kaug-lahituli.jpg","width":400,"height":300,"caption":"LED s\u00f5idutuli kaug-l\u00e4hituli"},{"@type":"BreadcrumbList","@id":"https:\/\/ranoja.ee\/toode\/led-soidutuli-kaug-lahituli\/#breadcrumb","itemListElement":[{"@type":"ListItem","position":1,"name":"Home","item":"https:\/\/ranoja.ee\/"},{"@type":"ListItem","position":2,"name":"Shop","item":"https:\/\/ranoja.ee\/en\/shop\/"},{"@type":"ListItem","position":3,"name":"LED s\u00f5idutuli kaug-l\u00e4hituli"}]},{"@type":"WebSite","@id":"https:\/\/ranoja.ee\/#website","url":"https:\/\/ranoja.ee\/","name":"Ranoja","description":"Equipment Shop WooCommerce WordPress Theme for Machine &amp; Tools","publisher":{"@id":"https:\/\/ranoja.ee\/#organization"},"potentialAction":[{"@type":"SearchAction","target":{"@type":"EntryPoint","urlTemplate":"https:\/\/ranoja.ee\/?s={search_term_string}"},"query-input":{"@type":"PropertyValueSpecification","valueRequired":true,"valueName":"search_term_string"}}],"inLanguage":"en-US"},{"@type":"Organization","@id":"https:\/\/ranoja.ee\/#organization","name":"Ranoja O\u00dc","url":"https:\/\/ranoja.ee\/","logo":{"@type":"ImageObject","inLanguage":"en-US","@id":"https:\/\/ranoja.ee\/#\/schema\/logo\/image\/","url":"https:\/\/ranoja.ee\/wp-content\/uploads\/2023\/11\/ranoja-Logo.png","contentUrl":"https:\/\/ranoja.ee\/wp-content\/uploads\/2023\/11\/ranoja-Logo.png","width":207,"height":58,"caption":"Ranoja O\u00dc"},"image":{"@id":"https:\/\/ranoja.ee\/#\/schema\/logo\/image\/"},"sameAs":["https:\/\/www.facebook.com\/ranoja.ee","https:\/\/www.instagram.com\/ranoja__\/"]}]}},"_links":{"self":[{"href":"https:\/\/ranoja.ee\/en\/wp-json\/wp\/v2\/product\/11173","targetHints":{"allow":["GET"]}}],"collection":[{"href":"https:\/\/ranoja.ee\/en\/wp-json\/wp\/v2\/product"}],"about":[{"href":"https:\/\/ranoja.ee\/en\/wp-json\/wp\/v2\/types\/product"}],"wp:featuredmedia":[{"embeddable":true,"href":"https:\/\/ranoja.ee\/en\/wp-json\/wp\/v2\/media\/11174"}],"wp:attachment":[{"href":"https:\/\/ranoja.ee\/en\/wp-json\/wp\/v2\/media?parent=11173"}],"wp:term":[{"taxonomy":"product_cat","embeddable":true,"href":"https:\/\/ranoja.ee\/en\/wp-json\/wp\/v2\/product_cat?post=11173"},{"taxonomy":"product_tag","embeddable":true,"href":"https:\/\/ranoja.ee\/en\/wp-json\/wp\/v2\/product_tag?post=11173"}],"curies":[{"name":"wp","href":"https:\/\/api.w.org\/{rel}","templated":true}]}}