{"id":10860,"date":"2024-09-12T11:19:02","date_gmt":"2024-09-12T08:19:02","guid":{"rendered":"https:\/\/ranoja.ee\/?post_type=product&#038;p=10860"},"modified":"2025-12-10T16:08:52","modified_gmt":"2025-12-10T13:08:52","slug":"akulaadija-kaiviti-sc30-400-5-800ah-akudele","status":"publish","type":"product","link":"https:\/\/ranoja.ee\/en\/toode\/akulaadija-kaiviti-sc30-400-5-800ah-akudele\/","title":{"rendered":"Akulaadija-k\u00e4iviti SC30\/400 5-800Ah akudele"},"content":{"rendered":"<p>Akulaadija-k\u00e4iviti SC30\/400 5-800Ah akudele on vajalik seade, mis \u00fchendab endas nii autoakulaadija kui ka k\u00e4ivitusabi funktsionaalsuse. Selle kasutamise vajadus tuleneb sageli aku t\u00fchjenemisest v\u00f5i riketest, mis v\u00f5ivad juhtuda n\u00e4iteks k\u00fclma ilmaga, auto pikaajalise seismise ajal v\u00f5i elektris\u00fcsteemide koormamise tagaj\u00e4rjel. Tavap\u00e4rane olukord on, et auto aku saab ootamatult t\u00fchjaks, j\u00e4ttes juhi olukorda, kus s\u00f5iduki k\u00e4ivitamine pole v\u00f5imalik. Akulaadija-k\u00e4iviti aitab sellistel juhtudel autot kiiresti ja lihtsalt uuesti k\u00e4ivitada.<\/p>\n<p>Lisaks sellele, et seade tagab kiire k\u00e4ivituse ka madala v\u00f5i t\u00fchja aku korral, pakub see ka akulaadimisfunktsiooni, mis aitab pikendada aku eluiga. Seade laeb akut j\u00e4rk-j\u00e4rgult ja turvaliselt, v\u00e4hendades \u00fclekoormuse v\u00f5i \u00fclekuumenemise riske. See on eriti oluline olukordades, kus aku pole t\u00e4ielikult t\u00fchi, kuid vajab pidevat hooldust ja laadimist.<\/p>\n<p>Akulaadija-k\u00e4iviti on kasulik mitte ainult autojuhtidele, vaid ka paadihuvilistele, mootorratturitele ja teistele s\u00f5idukite omanikele, kelle s\u00f5idukitel on sisep\u00f5lemismootor. See on ka mugav abivahend maapiirkondades, kus ligip\u00e4\u00e4s autoabi teenustele v\u00f5ib olla keeruline v\u00f5i kulukas.<\/p>\n<p>Seade on kompaktne ja kergesti transporditav, mis muudab selle h\u00e4davajalikuks lisaks t\u00f6\u00f6riistakomplektile autos. Kiire ja usaldusv\u00e4\u00e4rne akulaadija-k\u00e4iviti v\u00e4hendab ootamatute rikete tekitatud stressi ja tagab muretu s\u00f5idu ka keerulistes tingimustes.<br \/>\nAkulaadija-k\u00e4iviti SC30\/400 5-800Ah akudele<\/p>\n<p>Class Boost on br\u00e4nd, mis pakub kvaliteetseid ja v\u00f5imsaid akulaadijaid ning k\u00e4ivitusabiseadmeid. Class Boost keskendub tipptasemel j\u00f5udlusele ja usaldusv\u00e4\u00e4rsusele, aidates kasutajatel kiirelt ja efektiivselt lahendada aku ja k\u00e4ivitusega seotud probleeme. Br\u00e4nd \u00fclesanne on pakkuda uuenduslikke ja kasutajas\u00f5bralikke tooteid, mis on m\u00f5eldud nii igap\u00e4evastele autojuhtidele kui ka professionaalsetele mehhaanikutele. Class viitab kvaliteedile ja usaldusv\u00e4\u00e4rsusele, samas kui Boost vihjab kiirele lahendusele, mida nende seadmed suudavad pakkuda aku t\u00fchjenemise korral.<\/p>\n","protected":false},"excerpt":{"rendered":"<p>Akulaadija-k\u00e4iviti SC30\/400 5-800Ah akudele<br \/>\nSobib k\u00f5igile 12\/24V akudele<br \/>\nLaadimisping 20\/30A<br \/>\nAkudele mahtuvusega 12\/24V: 5-800Ah<br \/>\nK\u00e4ivitusvool: 400A<br \/>\nM\u00f5\u00f5dud: 47x32x75cm<br \/>\nKaal: 28kg<br \/>\nProfessionaalne elektrooniliselt juhitav laadija-k\u00e4iviti<br \/>\nSafe Charge &#038; Boost- ohutu auto elektroonikale<br \/>\nDigitaalne voltmeeter\/ ampermeeter<br \/>\n<span style=\"color: #000000;\"><strong>Garantii 1 aasta (eraisikule 2 aastat)<\/strong><\/span><br \/>\n<strong>Tarneaeg 1-7 t\u00f6\u00f6p\u00e4eva<\/strong><\/p>\n","protected":false},"featured_media":10861,"template":"","meta":{"inline_featured_image":false},"product_cat":[121,1116],"product_tag":[203,1536,1539,1538,1290],"class_list":{"0":"post-10860","1":"product","2":"type-product","3":"status-publish","4":"has-post-thumbnail","6":"product_brand-class-booster","7":"product_cat-kaivitusakud-ja-laadijad","8":"product_cat-lisaseadmed-ehitusseadmed-led-lisatuled-cb-raadiod-lallar","9":"product_tag-akulaadija","10":"product_tag-auto-akulaadija","11":"product_tag-booster","12":"product_tag-class-booster","13":"product_tag-kiirlaadija","15":"first","16":"instock","17":"taxable","18":"shipping-taxable","19":"purchasable","20":"product-type-simple"},"yoast_head":"<!-- This site is optimized with the Yoast SEO plugin v27.4 - https:\/\/yoast.com\/product\/yoast-seo-wordpress\/ -->\n<title>Akulaadija-k\u00e4iviti SC30\/400 5-800Ah akudele<\/title>\n<meta name=\"description\" content=\"Akulaadija-k\u00e4iviti SC30\/400 5-800Ah akudele, 12\/24V, professionaalne elektrooniliselt juhitav laadija-k\u00e4iviti, \u00b4\u00b4Safe Charge &amp; Boost\u00b4\u00b4 k\u00e4ivitusvool 400A.\" \/>\n<meta name=\"robots\" content=\"index, follow, max-snippet:-1, max-image-preview:large, max-video-preview:-1\" \/>\n<link rel=\"canonical\" href=\"https:\/\/ranoja.ee\/toode\/akulaadija-kaiviti-sc30-400-5-800ah-akudele\/\" \/>\n<meta property=\"og:locale\" content=\"en_US\" \/>\n<meta property=\"og:type\" content=\"article\" \/>\n<meta property=\"og:title\" content=\"Akulaadija-k\u00e4iviti SC30\/400 5-800Ah akudele\" \/>\n<meta property=\"og:description\" content=\"Akulaadija-k\u00e4iviti SC30\/400 5-800Ah akudele, 12\/24V, professionaalne elektrooniliselt juhitav laadija-k\u00e4iviti, \u00b4\u00b4Safe Charge &amp; Boost\u00b4\u00b4 k\u00e4ivitusvool 400A.\" \/>\n<meta property=\"og:url\" content=\"https:\/\/ranoja.ee\/toode\/akulaadija-kaiviti-sc30-400-5-800ah-akudele\/\" \/>\n<meta property=\"og:site_name\" content=\"Ranoja\" \/>\n<meta property=\"article:publisher\" content=\"https:\/\/www.facebook.com\/ranoja.ee\" \/>\n<meta property=\"article:modified_time\" content=\"2025-12-10T13:08:52+00:00\" \/>\n<meta property=\"og:image\" content=\"https:\/\/ranoja.ee\/wp-content\/uploads\/2024\/09\/297-10-SC30.png\" \/>\n\t<meta property=\"og:image:width\" content=\"250\" \/>\n\t<meta property=\"og:image:height\" content=\"397\" \/>\n\t<meta property=\"og:image:type\" content=\"image\/png\" \/>\n<meta name=\"twitter:card\" content=\"summary_large_image\" \/>\n<meta name=\"twitter:label1\" content=\"Est. reading time\" \/>\n\t<meta name=\"twitter:data1\" content=\"2 minutes\" \/>\n<script type=\"application\/ld+json\" class=\"yoast-schema-graph\">{\"@context\":\"https:\\\/\\\/schema.org\",\"@graph\":[{\"@type\":\"WebPage\",\"@id\":\"https:\\\/\\\/ranoja.ee\\\/toode\\\/akulaadija-kaiviti-sc30-400-5-800ah-akudele\\\/\",\"url\":\"https:\\\/\\\/ranoja.ee\\\/toode\\\/akulaadija-kaiviti-sc30-400-5-800ah-akudele\\\/\",\"name\":\"Akulaadija-k\u00e4iviti SC30\\\/400 5-800Ah akudele\",\"isPartOf\":{\"@id\":\"https:\\\/\\\/ranoja.ee\\\/#website\"},\"primaryImageOfPage\":{\"@id\":\"https:\\\/\\\/ranoja.ee\\\/toode\\\/akulaadija-kaiviti-sc30-400-5-800ah-akudele\\\/#primaryimage\"},\"image\":{\"@id\":\"https:\\\/\\\/ranoja.ee\\\/toode\\\/akulaadija-kaiviti-sc30-400-5-800ah-akudele\\\/#primaryimage\"},\"thumbnailUrl\":\"https:\\\/\\\/ranoja.ee\\\/wp-content\\\/uploads\\\/2024\\\/09\\\/297-10-SC30.png\",\"datePublished\":\"2024-09-12T08:19:02+00:00\",\"dateModified\":\"2025-12-10T13:08:52+00:00\",\"description\":\"Akulaadija-k\u00e4iviti SC30\\\/400 5-800Ah akudele, 12\\\/24V, professionaalne elektrooniliselt juhitav laadija-k\u00e4iviti, \u00b4\u00b4Safe Charge & Boost\u00b4\u00b4 k\u00e4ivitusvool 400A.\",\"breadcrumb\":{\"@id\":\"https:\\\/\\\/ranoja.ee\\\/toode\\\/akulaadija-kaiviti-sc30-400-5-800ah-akudele\\\/#breadcrumb\"},\"inLanguage\":\"en-US\",\"potentialAction\":[{\"@type\":\"ReadAction\",\"target\":[\"https:\\\/\\\/ranoja.ee\\\/toode\\\/akulaadija-kaiviti-sc30-400-5-800ah-akudele\\\/\"]}]},{\"@type\":\"ImageObject\",\"inLanguage\":\"en-US\",\"@id\":\"https:\\\/\\\/ranoja.ee\\\/toode\\\/akulaadija-kaiviti-sc30-400-5-800ah-akudele\\\/#primaryimage\",\"url\":\"https:\\\/\\\/ranoja.ee\\\/wp-content\\\/uploads\\\/2024\\\/09\\\/297-10-SC30.png\",\"contentUrl\":\"https:\\\/\\\/ranoja.ee\\\/wp-content\\\/uploads\\\/2024\\\/09\\\/297-10-SC30.png\",\"width\":250,\"height\":397,\"caption\":\"Akulaadija-k\u00e4iviti SC30\\\/400 5-800Ah akudele\"},{\"@type\":\"BreadcrumbList\",\"@id\":\"https:\\\/\\\/ranoja.ee\\\/toode\\\/akulaadija-kaiviti-sc30-400-5-800ah-akudele\\\/#breadcrumb\",\"itemListElement\":[{\"@type\":\"ListItem\",\"position\":1,\"name\":\"Home\",\"item\":\"https:\\\/\\\/ranoja.ee\\\/\"},{\"@type\":\"ListItem\",\"position\":2,\"name\":\"Shop\",\"item\":\"https:\\\/\\\/ranoja.ee\\\/en\\\/shop\\\/\"},{\"@type\":\"ListItem\",\"position\":3,\"name\":\"Akulaadija-k\u00e4iviti SC30\\\/400 5-800Ah akudele\"}]},{\"@type\":\"WebSite\",\"@id\":\"https:\\\/\\\/ranoja.ee\\\/#website\",\"url\":\"https:\\\/\\\/ranoja.ee\\\/\",\"name\":\"Ranoja\",\"description\":\"Equipment Shop WooCommerce WordPress Theme for Machine &amp; Tools\",\"publisher\":{\"@id\":\"https:\\\/\\\/ranoja.ee\\\/#organization\"},\"potentialAction\":[{\"@type\":\"SearchAction\",\"target\":{\"@type\":\"EntryPoint\",\"urlTemplate\":\"https:\\\/\\\/ranoja.ee\\\/?s={search_term_string}\"},\"query-input\":{\"@type\":\"PropertyValueSpecification\",\"valueRequired\":true,\"valueName\":\"search_term_string\"}}],\"inLanguage\":\"en-US\"},{\"@type\":\"Organization\",\"@id\":\"https:\\\/\\\/ranoja.ee\\\/#organization\",\"name\":\"Ranoja O\u00dc\",\"url\":\"https:\\\/\\\/ranoja.ee\\\/\",\"logo\":{\"@type\":\"ImageObject\",\"inLanguage\":\"en-US\",\"@id\":\"https:\\\/\\\/ranoja.ee\\\/#\\\/schema\\\/logo\\\/image\\\/\",\"url\":\"https:\\\/\\\/ranoja.ee\\\/wp-content\\\/uploads\\\/2023\\\/11\\\/ranoja-Logo.png\",\"contentUrl\":\"https:\\\/\\\/ranoja.ee\\\/wp-content\\\/uploads\\\/2023\\\/11\\\/ranoja-Logo.png\",\"width\":207,\"height\":58,\"caption\":\"Ranoja O\u00dc\"},\"image\":{\"@id\":\"https:\\\/\\\/ranoja.ee\\\/#\\\/schema\\\/logo\\\/image\\\/\"},\"sameAs\":[\"https:\\\/\\\/www.facebook.com\\\/ranoja.ee\",\"https:\\\/\\\/www.instagram.com\\\/ranoja__\\\/\"]}]}<\/script>\n<!-- \/ Yoast SEO plugin. -->","yoast_head_json":{"title":"Akulaadija-k\u00e4iviti SC30\/400 5-800Ah akudele","description":"Akulaadija-k\u00e4iviti SC30\/400 5-800Ah akudele, 12\/24V, professionaalne elektrooniliselt juhitav laadija-k\u00e4iviti, \u00b4\u00b4Safe Charge & Boost\u00b4\u00b4 k\u00e4ivitusvool 400A.","robots":{"index":"index","follow":"follow","max-snippet":"max-snippet:-1","max-image-preview":"max-image-preview:large","max-video-preview":"max-video-preview:-1"},"canonical":"https:\/\/ranoja.ee\/toode\/akulaadija-kaiviti-sc30-400-5-800ah-akudele\/","og_locale":"en_US","og_type":"article","og_title":"Akulaadija-k\u00e4iviti SC30\/400 5-800Ah akudele","og_description":"Akulaadija-k\u00e4iviti SC30\/400 5-800Ah akudele, 12\/24V, professionaalne elektrooniliselt juhitav laadija-k\u00e4iviti, \u00b4\u00b4Safe Charge & Boost\u00b4\u00b4 k\u00e4ivitusvool 400A.","og_url":"https:\/\/ranoja.ee\/toode\/akulaadija-kaiviti-sc30-400-5-800ah-akudele\/","og_site_name":"Ranoja","article_publisher":"https:\/\/www.facebook.com\/ranoja.ee","article_modified_time":"2025-12-10T13:08:52+00:00","og_image":[{"width":250,"height":397,"url":"https:\/\/ranoja.ee\/wp-content\/uploads\/2024\/09\/297-10-SC30.png","type":"image\/png"}],"twitter_card":"summary_large_image","twitter_misc":{"Est. reading time":"2 minutes"},"schema":{"@context":"https:\/\/schema.org","@graph":[{"@type":"WebPage","@id":"https:\/\/ranoja.ee\/toode\/akulaadija-kaiviti-sc30-400-5-800ah-akudele\/","url":"https:\/\/ranoja.ee\/toode\/akulaadija-kaiviti-sc30-400-5-800ah-akudele\/","name":"Akulaadija-k\u00e4iviti SC30\/400 5-800Ah akudele","isPartOf":{"@id":"https:\/\/ranoja.ee\/#website"},"primaryImageOfPage":{"@id":"https:\/\/ranoja.ee\/toode\/akulaadija-kaiviti-sc30-400-5-800ah-akudele\/#primaryimage"},"image":{"@id":"https:\/\/ranoja.ee\/toode\/akulaadija-kaiviti-sc30-400-5-800ah-akudele\/#primaryimage"},"thumbnailUrl":"https:\/\/ranoja.ee\/wp-content\/uploads\/2024\/09\/297-10-SC30.png","datePublished":"2024-09-12T08:19:02+00:00","dateModified":"2025-12-10T13:08:52+00:00","description":"Akulaadija-k\u00e4iviti SC30\/400 5-800Ah akudele, 12\/24V, professionaalne elektrooniliselt juhitav laadija-k\u00e4iviti, \u00b4\u00b4Safe Charge & Boost\u00b4\u00b4 k\u00e4ivitusvool 400A.","breadcrumb":{"@id":"https:\/\/ranoja.ee\/toode\/akulaadija-kaiviti-sc30-400-5-800ah-akudele\/#breadcrumb"},"inLanguage":"en-US","potentialAction":[{"@type":"ReadAction","target":["https:\/\/ranoja.ee\/toode\/akulaadija-kaiviti-sc30-400-5-800ah-akudele\/"]}]},{"@type":"ImageObject","inLanguage":"en-US","@id":"https:\/\/ranoja.ee\/toode\/akulaadija-kaiviti-sc30-400-5-800ah-akudele\/#primaryimage","url":"https:\/\/ranoja.ee\/wp-content\/uploads\/2024\/09\/297-10-SC30.png","contentUrl":"https:\/\/ranoja.ee\/wp-content\/uploads\/2024\/09\/297-10-SC30.png","width":250,"height":397,"caption":"Akulaadija-k\u00e4iviti SC30\/400 5-800Ah akudele"},{"@type":"BreadcrumbList","@id":"https:\/\/ranoja.ee\/toode\/akulaadija-kaiviti-sc30-400-5-800ah-akudele\/#breadcrumb","itemListElement":[{"@type":"ListItem","position":1,"name":"Home","item":"https:\/\/ranoja.ee\/"},{"@type":"ListItem","position":2,"name":"Shop","item":"https:\/\/ranoja.ee\/en\/shop\/"},{"@type":"ListItem","position":3,"name":"Akulaadija-k\u00e4iviti SC30\/400 5-800Ah akudele"}]},{"@type":"WebSite","@id":"https:\/\/ranoja.ee\/#website","url":"https:\/\/ranoja.ee\/","name":"Ranoja","description":"Equipment Shop WooCommerce WordPress Theme for Machine &amp; Tools","publisher":{"@id":"https:\/\/ranoja.ee\/#organization"},"potentialAction":[{"@type":"SearchAction","target":{"@type":"EntryPoint","urlTemplate":"https:\/\/ranoja.ee\/?s={search_term_string}"},"query-input":{"@type":"PropertyValueSpecification","valueRequired":true,"valueName":"search_term_string"}}],"inLanguage":"en-US"},{"@type":"Organization","@id":"https:\/\/ranoja.ee\/#organization","name":"Ranoja O\u00dc","url":"https:\/\/ranoja.ee\/","logo":{"@type":"ImageObject","inLanguage":"en-US","@id":"https:\/\/ranoja.ee\/#\/schema\/logo\/image\/","url":"https:\/\/ranoja.ee\/wp-content\/uploads\/2023\/11\/ranoja-Logo.png","contentUrl":"https:\/\/ranoja.ee\/wp-content\/uploads\/2023\/11\/ranoja-Logo.png","width":207,"height":58,"caption":"Ranoja O\u00dc"},"image":{"@id":"https:\/\/ranoja.ee\/#\/schema\/logo\/image\/"},"sameAs":["https:\/\/www.facebook.com\/ranoja.ee","https:\/\/www.instagram.com\/ranoja__\/"]}]}},"_links":{"self":[{"href":"https:\/\/ranoja.ee\/en\/wp-json\/wp\/v2\/product\/10860","targetHints":{"allow":["GET"]}}],"collection":[{"href":"https:\/\/ranoja.ee\/en\/wp-json\/wp\/v2\/product"}],"about":[{"href":"https:\/\/ranoja.ee\/en\/wp-json\/wp\/v2\/types\/product"}],"wp:featuredmedia":[{"embeddable":true,"href":"https:\/\/ranoja.ee\/en\/wp-json\/wp\/v2\/media\/10861"}],"wp:attachment":[{"href":"https:\/\/ranoja.ee\/en\/wp-json\/wp\/v2\/media?parent=10860"}],"wp:term":[{"taxonomy":"product_cat","embeddable":true,"href":"https:\/\/ranoja.ee\/en\/wp-json\/wp\/v2\/product_cat?post=10860"},{"taxonomy":"product_tag","embeddable":true,"href":"https:\/\/ranoja.ee\/en\/wp-json\/wp\/v2\/product_tag?post=10860"}],"curies":[{"name":"wp","href":"https:\/\/api.w.org\/{rel}","templated":true}]}}