{"id":10756,"date":"2024-09-10T11:15:23","date_gmt":"2024-09-10T08:15:23","guid":{"rendered":"https:\/\/ranoja.ee\/?post_type=product&#038;p=10756"},"modified":"2025-12-10T16:08:53","modified_gmt":"2025-12-10T13:08:53","slug":"bosch-c80-li-6-12v-5a-15a","status":"publish","type":"product","link":"https:\/\/ranoja.ee\/en\/toode\/bosch-c80-li-6-12v-5a-15a\/","title":{"rendered":"BOSCH C80-Li 6\/12V-5A\/15A"},"content":{"rendered":"<p>BOSCH C80-Li 6\/12V-5A\/15A<br \/>\nAkulaadijad ja kiirlaadijad on seadmed, mida kasutatakse autoakude laadimiseks. Need on olulised vahendid s\u00f5idukite omanikele, eriti juhul kui auto aku on t\u00fchi v\u00f5i n\u00f5rgenenud ning vajab laadimist.<\/p>\n<p>Akulaadijad:<br \/>\nKasutamine: Akulaadijat kasutatakse autoaku laadimiseks, \u00fchendades selle otseselt aku klemmidega. Laadija saab \u00fchendatud tavalisse vooluv\u00f5rku, misj\u00e4rel see hakkab tootma voolu, et laadida aku.<\/p>\n<p>T\u00f6\u00f6p\u00f5him\u00f5te: Akulaadija toimib muundurina, mis muudab vooluallika (nt elektriv\u00f5rgu) alalisvooluks, mis on sobiv autoaku laadimiseks. See vool suunatakse aku klemmide kaudu, kus see laeb aku keemilisi rakke.<\/p>\n<p>Laadimisaeg: Tavaline akulaadija laeb autoakut tavaliselt aeglaselt, v\u00f5ttes mitu tundi v\u00f5i isegi kauem, s\u00f5ltuvalt aku suurusest ja t\u00fchjenemise m\u00e4\u00e4rast.<\/p>\n<p>Kiirlaadijad:<br \/>\nKasutamine: Kiirlaadijaid kasutatakse samuti autoakude laadimiseks, kuid need suudavad laadida aku oluliselt kiiremini kui tavalised akulaadijad. Neid v\u00f5ib leida n\u00e4iteks avalikes laadimispunktides v\u00f5i m\u00f5nel koduses laadimisseadmel.<\/p>\n<p>T\u00f6\u00f6p\u00f5him\u00f5te: Kiirlaadijad kasutavad k\u00f5rgemat laadimisvoolu v\u00f5rreldes tavaliste akulaadijatega, mis v\u00f5imaldab neil laadida aku palju kiiremini. Samuti on need sageli varustatud tehnoloogiatega, mis optimeerivad laadimisprotsessi, et v\u00e4ltida \u00fclekuumenemist v\u00f5i aku kahjustusi.<\/p>\n<p>Laadimisaeg: Kiirlaadijad v\u00f5ivad laadida autoakuid v\u00e4ga kiiresti, m\u00f5nikord isegi vaid m\u00f5ne tunni v\u00f5i veelgi kiiremini, s\u00f5ltuvalt laadimisseadme v\u00f5imsusest ja auto aku mahust.<\/p>\n<p>M\u00f5lemal juhul on oluline j\u00e4rgida tootja juhiseid ja ohutusn\u00f5udeid, et v\u00e4ltida vigastusi v\u00f5i kahjustusi nii laadijale kui ka autole. Lisaks on soovitatav kasutada spetsiaalselt autodele m\u00f5eldud laadimisseadmeid, mis tagavad ohutu ja t\u00f5husa laadimise.<br \/>\nBOSCH C80-Li 6\/12V-5A\/15A<\/p>\n","protected":false},"excerpt":{"rendered":"<p>Bosch C80-Li akulaadija<br \/>\nSobib k\u00f5iki t\u00fc\u00fcpi 6V ja 12V Lithium-ion ja  plii-happeakude, AGM, EFB, GEL, VRLA, hooldatavate ja hooldusvabade akude laadimiseks<br \/>\nAkulaadija maksimaalne laadimisvool 6V\/5A ja 12V\/15A<br \/>\nkaitseklass: IP65<br \/>\nVale\u00fchenduskaitse, impulsslaadimisfunktsioon, s\u00e4ilitusfunktsioon<br \/>\nAkudele mahtuvusega 6V: 14Ah-120Ah, 12V: 30Ah-400Ah<br \/>\nRiputuskonks<br \/>\n<span style=\"color: #000000;\"><strong>Garantii 1 aasta (eraisikule 2 aastat)<\/strong><\/span><br \/>\n<strong>Tarneaeg 1-7 t\u00f6\u00f6p\u00e4eva<\/strong><\/p>\n","protected":false},"featured_media":10757,"template":"","meta":{"inline_featured_image":false},"product_cat":[121,1116],"product_tag":[203,1310,1290],"class_list":{"0":"post-10756","1":"product","2":"type-product","3":"status-publish","4":"has-post-thumbnail","6":"product_brand-bosch","7":"product_cat-kaivitusakud-ja-laadijad","8":"product_cat-lisaseadmed-ehitusseadmed-led-lisatuled-cb-raadiod-lallar","9":"product_tag-akulaadija","10":"product_tag-bosch","11":"product_tag-kiirlaadija","13":"first","14":"instock","15":"taxable","16":"shipping-taxable","17":"purchasable","18":"product-type-simple"},"yoast_head":"<!-- This site is optimized with the Yoast SEO plugin v27.4 - https:\/\/yoast.com\/product\/yoast-seo-wordpress\/ -->\n<title>BOSCH C80-Li 6\/12V-5A\/15A<\/title>\n<meta name=\"description\" content=\"BOSCH C80-Li 6\/12V-5A\/15A, sobib k\u00f5iki t\u00fc\u00fcpi 6V ja 12V lithium-ion ja plii-happeakudele, AGM, EFB, GEL, VRLA hooldatavate ja hooldusvaba akude laadimiseks.\" \/>\n<meta name=\"robots\" content=\"index, follow, max-snippet:-1, max-image-preview:large, max-video-preview:-1\" \/>\n<link rel=\"canonical\" href=\"https:\/\/ranoja.ee\/toode\/bosch-c80-li-6-12v-5a-15a\/\" \/>\n<meta property=\"og:locale\" content=\"en_US\" \/>\n<meta property=\"og:type\" content=\"article\" \/>\n<meta property=\"og:title\" content=\"BOSCH C80-Li 6\/12V-5A\/15A\" \/>\n<meta property=\"og:description\" content=\"BOSCH C80-Li 6\/12V-5A\/15A, sobib k\u00f5iki t\u00fc\u00fcpi 6V ja 12V lithium-ion ja plii-happeakudele, AGM, EFB, GEL, VRLA hooldatavate ja hooldusvaba akude laadimiseks.\" \/>\n<meta property=\"og:url\" content=\"https:\/\/ranoja.ee\/toode\/bosch-c80-li-6-12v-5a-15a\/\" \/>\n<meta property=\"og:site_name\" content=\"Ranoja\" \/>\n<meta property=\"article:publisher\" content=\"https:\/\/www.facebook.com\/ranoja.ee\" \/>\n<meta property=\"article:modified_time\" content=\"2025-12-10T13:08:53+00:00\" \/>\n<meta property=\"og:image\" content=\"https:\/\/ranoja.ee\/wp-content\/uploads\/2024\/09\/0189921080.png\" \/>\n\t<meta property=\"og:image:width\" content=\"593\" \/>\n\t<meta property=\"og:image:height\" content=\"372\" \/>\n\t<meta property=\"og:image:type\" content=\"image\/png\" \/>\n<meta name=\"twitter:card\" content=\"summary_large_image\" \/>\n<meta name=\"twitter:label1\" content=\"Est. reading time\" \/>\n\t<meta name=\"twitter:data1\" content=\"2 minutes\" \/>\n<script type=\"application\/ld+json\" class=\"yoast-schema-graph\">{\"@context\":\"https:\\\/\\\/schema.org\",\"@graph\":[{\"@type\":\"WebPage\",\"@id\":\"https:\\\/\\\/ranoja.ee\\\/toode\\\/bosch-c80-li-6-12v-5a-15a\\\/\",\"url\":\"https:\\\/\\\/ranoja.ee\\\/toode\\\/bosch-c80-li-6-12v-5a-15a\\\/\",\"name\":\"BOSCH C80-Li 6\\\/12V-5A\\\/15A\",\"isPartOf\":{\"@id\":\"https:\\\/\\\/ranoja.ee\\\/#website\"},\"primaryImageOfPage\":{\"@id\":\"https:\\\/\\\/ranoja.ee\\\/toode\\\/bosch-c80-li-6-12v-5a-15a\\\/#primaryimage\"},\"image\":{\"@id\":\"https:\\\/\\\/ranoja.ee\\\/toode\\\/bosch-c80-li-6-12v-5a-15a\\\/#primaryimage\"},\"thumbnailUrl\":\"https:\\\/\\\/ranoja.ee\\\/wp-content\\\/uploads\\\/2024\\\/09\\\/0189921080.png\",\"datePublished\":\"2024-09-10T08:15:23+00:00\",\"dateModified\":\"2025-12-10T13:08:53+00:00\",\"description\":\"BOSCH C80-Li 6\\\/12V-5A\\\/15A, sobib k\u00f5iki t\u00fc\u00fcpi 6V ja 12V lithium-ion ja plii-happeakudele, AGM, EFB, GEL, VRLA hooldatavate ja hooldusvaba akude laadimiseks.\",\"breadcrumb\":{\"@id\":\"https:\\\/\\\/ranoja.ee\\\/toode\\\/bosch-c80-li-6-12v-5a-15a\\\/#breadcrumb\"},\"inLanguage\":\"en-US\",\"potentialAction\":[{\"@type\":\"ReadAction\",\"target\":[\"https:\\\/\\\/ranoja.ee\\\/toode\\\/bosch-c80-li-6-12v-5a-15a\\\/\"]}]},{\"@type\":\"ImageObject\",\"inLanguage\":\"en-US\",\"@id\":\"https:\\\/\\\/ranoja.ee\\\/toode\\\/bosch-c80-li-6-12v-5a-15a\\\/#primaryimage\",\"url\":\"https:\\\/\\\/ranoja.ee\\\/wp-content\\\/uploads\\\/2024\\\/09\\\/0189921080.png\",\"contentUrl\":\"https:\\\/\\\/ranoja.ee\\\/wp-content\\\/uploads\\\/2024\\\/09\\\/0189921080.png\",\"width\":593,\"height\":372,\"caption\":\"BOSCH C80-Li 6\\\/12V-5A\\\/15A\"},{\"@type\":\"BreadcrumbList\",\"@id\":\"https:\\\/\\\/ranoja.ee\\\/toode\\\/bosch-c80-li-6-12v-5a-15a\\\/#breadcrumb\",\"itemListElement\":[{\"@type\":\"ListItem\",\"position\":1,\"name\":\"Home\",\"item\":\"https:\\\/\\\/ranoja.ee\\\/\"},{\"@type\":\"ListItem\",\"position\":2,\"name\":\"Shop\",\"item\":\"https:\\\/\\\/ranoja.ee\\\/en\\\/shop\\\/\"},{\"@type\":\"ListItem\",\"position\":3,\"name\":\"BOSCH C80-Li 6\\\/12V-5A\\\/15A\"}]},{\"@type\":\"WebSite\",\"@id\":\"https:\\\/\\\/ranoja.ee\\\/#website\",\"url\":\"https:\\\/\\\/ranoja.ee\\\/\",\"name\":\"Ranoja\",\"description\":\"Equipment Shop WooCommerce WordPress Theme for Machine &amp; Tools\",\"publisher\":{\"@id\":\"https:\\\/\\\/ranoja.ee\\\/#organization\"},\"potentialAction\":[{\"@type\":\"SearchAction\",\"target\":{\"@type\":\"EntryPoint\",\"urlTemplate\":\"https:\\\/\\\/ranoja.ee\\\/?s={search_term_string}\"},\"query-input\":{\"@type\":\"PropertyValueSpecification\",\"valueRequired\":true,\"valueName\":\"search_term_string\"}}],\"inLanguage\":\"en-US\"},{\"@type\":\"Organization\",\"@id\":\"https:\\\/\\\/ranoja.ee\\\/#organization\",\"name\":\"Ranoja O\u00dc\",\"url\":\"https:\\\/\\\/ranoja.ee\\\/\",\"logo\":{\"@type\":\"ImageObject\",\"inLanguage\":\"en-US\",\"@id\":\"https:\\\/\\\/ranoja.ee\\\/#\\\/schema\\\/logo\\\/image\\\/\",\"url\":\"https:\\\/\\\/ranoja.ee\\\/wp-content\\\/uploads\\\/2023\\\/11\\\/ranoja-Logo.png\",\"contentUrl\":\"https:\\\/\\\/ranoja.ee\\\/wp-content\\\/uploads\\\/2023\\\/11\\\/ranoja-Logo.png\",\"width\":207,\"height\":58,\"caption\":\"Ranoja O\u00dc\"},\"image\":{\"@id\":\"https:\\\/\\\/ranoja.ee\\\/#\\\/schema\\\/logo\\\/image\\\/\"},\"sameAs\":[\"https:\\\/\\\/www.facebook.com\\\/ranoja.ee\",\"https:\\\/\\\/www.instagram.com\\\/ranoja__\\\/\"]}]}<\/script>\n<!-- \/ Yoast SEO plugin. -->","yoast_head_json":{"title":"BOSCH C80-Li 6\/12V-5A\/15A","description":"BOSCH C80-Li 6\/12V-5A\/15A, sobib k\u00f5iki t\u00fc\u00fcpi 6V ja 12V lithium-ion ja plii-happeakudele, AGM, EFB, GEL, VRLA hooldatavate ja hooldusvaba akude laadimiseks.","robots":{"index":"index","follow":"follow","max-snippet":"max-snippet:-1","max-image-preview":"max-image-preview:large","max-video-preview":"max-video-preview:-1"},"canonical":"https:\/\/ranoja.ee\/toode\/bosch-c80-li-6-12v-5a-15a\/","og_locale":"en_US","og_type":"article","og_title":"BOSCH C80-Li 6\/12V-5A\/15A","og_description":"BOSCH C80-Li 6\/12V-5A\/15A, sobib k\u00f5iki t\u00fc\u00fcpi 6V ja 12V lithium-ion ja plii-happeakudele, AGM, EFB, GEL, VRLA hooldatavate ja hooldusvaba akude laadimiseks.","og_url":"https:\/\/ranoja.ee\/toode\/bosch-c80-li-6-12v-5a-15a\/","og_site_name":"Ranoja","article_publisher":"https:\/\/www.facebook.com\/ranoja.ee","article_modified_time":"2025-12-10T13:08:53+00:00","og_image":[{"width":593,"height":372,"url":"https:\/\/ranoja.ee\/wp-content\/uploads\/2024\/09\/0189921080.png","type":"image\/png"}],"twitter_card":"summary_large_image","twitter_misc":{"Est. reading time":"2 minutes"},"schema":{"@context":"https:\/\/schema.org","@graph":[{"@type":"WebPage","@id":"https:\/\/ranoja.ee\/toode\/bosch-c80-li-6-12v-5a-15a\/","url":"https:\/\/ranoja.ee\/toode\/bosch-c80-li-6-12v-5a-15a\/","name":"BOSCH C80-Li 6\/12V-5A\/15A","isPartOf":{"@id":"https:\/\/ranoja.ee\/#website"},"primaryImageOfPage":{"@id":"https:\/\/ranoja.ee\/toode\/bosch-c80-li-6-12v-5a-15a\/#primaryimage"},"image":{"@id":"https:\/\/ranoja.ee\/toode\/bosch-c80-li-6-12v-5a-15a\/#primaryimage"},"thumbnailUrl":"https:\/\/ranoja.ee\/wp-content\/uploads\/2024\/09\/0189921080.png","datePublished":"2024-09-10T08:15:23+00:00","dateModified":"2025-12-10T13:08:53+00:00","description":"BOSCH C80-Li 6\/12V-5A\/15A, sobib k\u00f5iki t\u00fc\u00fcpi 6V ja 12V lithium-ion ja plii-happeakudele, AGM, EFB, GEL, VRLA hooldatavate ja hooldusvaba akude laadimiseks.","breadcrumb":{"@id":"https:\/\/ranoja.ee\/toode\/bosch-c80-li-6-12v-5a-15a\/#breadcrumb"},"inLanguage":"en-US","potentialAction":[{"@type":"ReadAction","target":["https:\/\/ranoja.ee\/toode\/bosch-c80-li-6-12v-5a-15a\/"]}]},{"@type":"ImageObject","inLanguage":"en-US","@id":"https:\/\/ranoja.ee\/toode\/bosch-c80-li-6-12v-5a-15a\/#primaryimage","url":"https:\/\/ranoja.ee\/wp-content\/uploads\/2024\/09\/0189921080.png","contentUrl":"https:\/\/ranoja.ee\/wp-content\/uploads\/2024\/09\/0189921080.png","width":593,"height":372,"caption":"BOSCH C80-Li 6\/12V-5A\/15A"},{"@type":"BreadcrumbList","@id":"https:\/\/ranoja.ee\/toode\/bosch-c80-li-6-12v-5a-15a\/#breadcrumb","itemListElement":[{"@type":"ListItem","position":1,"name":"Home","item":"https:\/\/ranoja.ee\/"},{"@type":"ListItem","position":2,"name":"Shop","item":"https:\/\/ranoja.ee\/en\/shop\/"},{"@type":"ListItem","position":3,"name":"BOSCH C80-Li 6\/12V-5A\/15A"}]},{"@type":"WebSite","@id":"https:\/\/ranoja.ee\/#website","url":"https:\/\/ranoja.ee\/","name":"Ranoja","description":"Equipment Shop WooCommerce WordPress Theme for Machine &amp; Tools","publisher":{"@id":"https:\/\/ranoja.ee\/#organization"},"potentialAction":[{"@type":"SearchAction","target":{"@type":"EntryPoint","urlTemplate":"https:\/\/ranoja.ee\/?s={search_term_string}"},"query-input":{"@type":"PropertyValueSpecification","valueRequired":true,"valueName":"search_term_string"}}],"inLanguage":"en-US"},{"@type":"Organization","@id":"https:\/\/ranoja.ee\/#organization","name":"Ranoja O\u00dc","url":"https:\/\/ranoja.ee\/","logo":{"@type":"ImageObject","inLanguage":"en-US","@id":"https:\/\/ranoja.ee\/#\/schema\/logo\/image\/","url":"https:\/\/ranoja.ee\/wp-content\/uploads\/2023\/11\/ranoja-Logo.png","contentUrl":"https:\/\/ranoja.ee\/wp-content\/uploads\/2023\/11\/ranoja-Logo.png","width":207,"height":58,"caption":"Ranoja O\u00dc"},"image":{"@id":"https:\/\/ranoja.ee\/#\/schema\/logo\/image\/"},"sameAs":["https:\/\/www.facebook.com\/ranoja.ee","https:\/\/www.instagram.com\/ranoja__\/"]}]}},"_links":{"self":[{"href":"https:\/\/ranoja.ee\/en\/wp-json\/wp\/v2\/product\/10756","targetHints":{"allow":["GET"]}}],"collection":[{"href":"https:\/\/ranoja.ee\/en\/wp-json\/wp\/v2\/product"}],"about":[{"href":"https:\/\/ranoja.ee\/en\/wp-json\/wp\/v2\/types\/product"}],"wp:featuredmedia":[{"embeddable":true,"href":"https:\/\/ranoja.ee\/en\/wp-json\/wp\/v2\/media\/10757"}],"wp:attachment":[{"href":"https:\/\/ranoja.ee\/en\/wp-json\/wp\/v2\/media?parent=10756"}],"wp:term":[{"taxonomy":"product_cat","embeddable":true,"href":"https:\/\/ranoja.ee\/en\/wp-json\/wp\/v2\/product_cat?post=10756"},{"taxonomy":"product_tag","embeddable":true,"href":"https:\/\/ranoja.ee\/en\/wp-json\/wp\/v2\/product_tag?post=10756"}],"curies":[{"name":"wp","href":"https:\/\/api.w.org\/{rel}","templated":true}]}}