{"id":10615,"date":"2024-08-28T16:05:33","date_gmt":"2024-08-28T13:05:33","guid":{"rendered":"https:\/\/www.ranoja.ee\/?post_type=product&#038;p=10615"},"modified":"2025-12-10T16:14:08","modified_gmt":"2025-12-10T13:14:08","slug":"nac-trimmeripea-nz432","status":"publish","type":"product","link":"https:\/\/ranoja.ee\/en\/toode\/nac-trimmeripea-nz432\/","title":{"rendered":"NAC trimmeripea NZ432"},"content":{"rendered":"<p>NAC trimmeripea NZ432<\/p>\n<p>SISEKEERMEGA TRIMMERIPEA M 10 X 1,25<br \/>\nVASAKU K\u00c4E KEERMEGA<br \/>\nPEA L\u00c4BIM\u00d5\u00d5T 115 mm<br \/>\nMAX. KIIRUS 10000 RPM\/1 MIN MAX.<br \/>\nJ\u00d5HVI PAKSUS 2,8 mm<br \/>\nSobib Hiina seadmetele nagu (BC CG CYG) 26, 260, 32, 33, 43, 415, 430, 520 ja sellistele kaubam\u00e4rkidele nagu: SCION, MATRIX, NAC, DEMON, VICTUS, GUDE, EUROCRAFT, EUROTEC, KRAFTER, MAGNUM , FLO, POWERTEC, TEXAS, ROLNIK, FLORA<br \/>\nAsendus: HARDER PNBC 260 &#8211; 1T, HARDER PNBC 415 &#8211; 2T,<br \/>\nCastorama SPS02-43BC<br \/>\nSobib v\u00f5sal\u00f5ikuritele: AL-KO BC 301; Castorama SPS02-43BC Dolmar MS 25,30,340; Echo SRM 2305,250,330,350,4000,5000; K\u00f5vem PNBC 260 &#8211; 1T,415 &#8211; 2T Honda UMK 425 431 435; Husqvarna 323L,325LD,232R,322R,326R; Kawasaki KBH 27,34,43,48; Makita DBC 250 290 300 340; NAC CG260 B, CG330 B, CG430 B, CG260 N, CG330 N, CG430 N; TEXAS BC300,BC320,CG260,CG330,CG430B; VICTUS BC26,BC32,BC43<\/p>\n<p>J\u00f5hvidega trimmeripead on k\u00f5ige levinumad ja mitmek\u00fclgsemad trimmeri lisaseadmed, mida kasutatakse peamiselt rohu, umbrohu ja peenema taimestiku l\u00f5ikamiseks. Need trimmeripead kasutavad l\u00f5ikevahendina nailonn\u00f6\u00f6ri (j\u00f5hvi), mis l\u00f5ikab l\u00e4bi taimestiku suurel kiirusel p\u00f6\u00f6rledes.<\/p>\n<p>Mis on j\u00f5hvidega trimmeripea?<br \/>\nJ\u00f5hvidega trimmeripea on trimmeri pea, mille k\u00fclge kinnitatakse \u00fcks v\u00f5i mitu nailonj\u00f5hvi. Need j\u00f5hvid p\u00f6\u00f6rlevad suurel kiirusel ja l\u00f5ikavad l\u00e4bi rohu, umbrohu ja peenema taimestiku.<br \/>\nJ\u00f5hve on erineva paksuse ja kujuga, mis sobivad erinevateks l\u00f5ikamis\u00fclesanneteks. N\u00e4iteks peenemad j\u00f5hvid sobivad pehmema ja l\u00fchema rohu l\u00f5ikamiseks, samas kui paksemad ja tugevamad j\u00f5hvid on m\u00f5eldud tihedama taimestiku ja umbrohu jaoks.<\/p>\n","protected":false},"excerpt":{"rendered":"<p>NAC trimmeripea NZ432<br \/>\nM\u00f5\u00f5tmed:M 10 X 1,25 X 115mm<br \/>\nVASAKU K\u00c4E KEERMEGA<br \/>\nJ\u00d5HVI PAKSUS 2,8 mm<br \/>\nBump-N-Work<br \/>\n<strong>Toote eeldatav tarneaeg 1-7 t\u00f6\u00f6p\u00e4eva<\/strong><\/p>\n","protected":false},"featured_media":13437,"template":"","meta":{"inline_featured_image":false},"product_cat":[1079,1124,896,1123],"product_tag":[908,1528,259,899,1514],"class_list":{"0":"post-10615","1":"product","2":"type-product","3":"status-publish","4":"has-post-thumbnail","6":"product_brand-cedrus","7":"product_cat-aiatehnika-ja-niidutehnika","8":"product_cat-loiketerad","9":"product_cat-trimmerid-vosaloikurid","10":"product_cat-varuosad","11":"product_tag-murutrimmer","12":"product_tag-nz432","13":"product_tag-trimmer","14":"product_tag-trimmerdamine","15":"product_tag-trimmeripea","17":"first","18":"instock","19":"taxable","20":"shipping-taxable","21":"purchasable","22":"product-type-simple"},"yoast_head":"<!-- This site is optimized with the Yoast SEO plugin v27.4 - https:\/\/yoast.com\/product\/yoast-seo-wordpress\/ -->\n<title>NAC trimmeripea NZ432<\/title>\n<meta name=\"description\" content=\"NAC trimmeripea NZ432 M\u00f5\u00f5tmed:M 10 X 1,25 X 115mm VASAKU K\u00c4E KEERMEGA J\u00d5HVI PAKSUS 2,8 mm Bump-N-Work. Sobib laiale trimmerite valikule!\" \/>\n<meta name=\"robots\" content=\"index, follow, max-snippet:-1, max-image-preview:large, max-video-preview:-1\" \/>\n<link rel=\"canonical\" href=\"https:\/\/ranoja.ee\/toode\/nac-trimmeripea-nz432\/\" \/>\n<meta property=\"og:locale\" content=\"en_US\" \/>\n<meta property=\"og:type\" content=\"article\" \/>\n<meta property=\"og:title\" content=\"NAC trimmeripea NZ432\" \/>\n<meta property=\"og:description\" content=\"NAC trimmeripea NZ432 M\u00f5\u00f5tmed:M 10 X 1,25 X 115mm VASAKU K\u00c4E KEERMEGA J\u00d5HVI PAKSUS 2,8 mm Bump-N-Work. Sobib laiale trimmerite valikule!\" \/>\n<meta property=\"og:url\" content=\"https:\/\/ranoja.ee\/toode\/nac-trimmeripea-nz432\/\" \/>\n<meta property=\"og:site_name\" content=\"Ranoja\" \/>\n<meta property=\"article:publisher\" content=\"https:\/\/www.facebook.com\/ranoja.ee\" \/>\n<meta property=\"article:modified_time\" content=\"2025-12-10T13:14:08+00:00\" \/>\n<meta property=\"og:image\" content=\"https:\/\/ranoja.ee\/wp-content\/uploads\/2024\/08\/NAC-trimmeripea-NZ432.jpg\" \/>\n\t<meta property=\"og:image:width\" content=\"800\" \/>\n\t<meta property=\"og:image:height\" content=\"583\" \/>\n\t<meta property=\"og:image:type\" content=\"image\/jpeg\" \/>\n<meta name=\"twitter:card\" content=\"summary_large_image\" \/>\n<meta name=\"twitter:label1\" content=\"Est. reading time\" \/>\n\t<meta name=\"twitter:data1\" content=\"2 minutes\" \/>\n<script type=\"application\/ld+json\" class=\"yoast-schema-graph\">{\"@context\":\"https:\\\/\\\/schema.org\",\"@graph\":[{\"@type\":\"WebPage\",\"@id\":\"https:\\\/\\\/ranoja.ee\\\/toode\\\/nac-trimmeripea-nz432\\\/\",\"url\":\"https:\\\/\\\/ranoja.ee\\\/toode\\\/nac-trimmeripea-nz432\\\/\",\"name\":\"NAC trimmeripea NZ432\",\"isPartOf\":{\"@id\":\"https:\\\/\\\/ranoja.ee\\\/#website\"},\"primaryImageOfPage\":{\"@id\":\"https:\\\/\\\/ranoja.ee\\\/toode\\\/nac-trimmeripea-nz432\\\/#primaryimage\"},\"image\":{\"@id\":\"https:\\\/\\\/ranoja.ee\\\/toode\\\/nac-trimmeripea-nz432\\\/#primaryimage\"},\"thumbnailUrl\":\"https:\\\/\\\/ranoja.ee\\\/wp-content\\\/uploads\\\/2024\\\/08\\\/NAC-trimmeripea-NZ432.jpg\",\"datePublished\":\"2024-08-28T13:05:33+00:00\",\"dateModified\":\"2025-12-10T13:14:08+00:00\",\"description\":\"NAC trimmeripea NZ432 M\u00f5\u00f5tmed:M 10 X 1,25 X 115mm VASAKU K\u00c4E KEERMEGA J\u00d5HVI PAKSUS 2,8 mm Bump-N-Work. Sobib laiale trimmerite valikule!\",\"breadcrumb\":{\"@id\":\"https:\\\/\\\/ranoja.ee\\\/toode\\\/nac-trimmeripea-nz432\\\/#breadcrumb\"},\"inLanguage\":\"en-US\",\"potentialAction\":[{\"@type\":\"ReadAction\",\"target\":[\"https:\\\/\\\/ranoja.ee\\\/toode\\\/nac-trimmeripea-nz432\\\/\"]}]},{\"@type\":\"ImageObject\",\"inLanguage\":\"en-US\",\"@id\":\"https:\\\/\\\/ranoja.ee\\\/toode\\\/nac-trimmeripea-nz432\\\/#primaryimage\",\"url\":\"https:\\\/\\\/ranoja.ee\\\/wp-content\\\/uploads\\\/2024\\\/08\\\/NAC-trimmeripea-NZ432.jpg\",\"contentUrl\":\"https:\\\/\\\/ranoja.ee\\\/wp-content\\\/uploads\\\/2024\\\/08\\\/NAC-trimmeripea-NZ432.jpg\",\"width\":800,\"height\":583,\"caption\":\"NAC trimmeripea NZ432\"},{\"@type\":\"BreadcrumbList\",\"@id\":\"https:\\\/\\\/ranoja.ee\\\/toode\\\/nac-trimmeripea-nz432\\\/#breadcrumb\",\"itemListElement\":[{\"@type\":\"ListItem\",\"position\":1,\"name\":\"Home\",\"item\":\"https:\\\/\\\/ranoja.ee\\\/\"},{\"@type\":\"ListItem\",\"position\":2,\"name\":\"Shop\",\"item\":\"https:\\\/\\\/ranoja.ee\\\/en\\\/shop\\\/\"},{\"@type\":\"ListItem\",\"position\":3,\"name\":\"NAC trimmeripea NZ432\"}]},{\"@type\":\"WebSite\",\"@id\":\"https:\\\/\\\/ranoja.ee\\\/#website\",\"url\":\"https:\\\/\\\/ranoja.ee\\\/\",\"name\":\"Ranoja\",\"description\":\"Equipment Shop WooCommerce WordPress Theme for Machine &amp; Tools\",\"publisher\":{\"@id\":\"https:\\\/\\\/ranoja.ee\\\/#organization\"},\"potentialAction\":[{\"@type\":\"SearchAction\",\"target\":{\"@type\":\"EntryPoint\",\"urlTemplate\":\"https:\\\/\\\/ranoja.ee\\\/?s={search_term_string}\"},\"query-input\":{\"@type\":\"PropertyValueSpecification\",\"valueRequired\":true,\"valueName\":\"search_term_string\"}}],\"inLanguage\":\"en-US\"},{\"@type\":\"Organization\",\"@id\":\"https:\\\/\\\/ranoja.ee\\\/#organization\",\"name\":\"Ranoja O\u00dc\",\"url\":\"https:\\\/\\\/ranoja.ee\\\/\",\"logo\":{\"@type\":\"ImageObject\",\"inLanguage\":\"en-US\",\"@id\":\"https:\\\/\\\/ranoja.ee\\\/#\\\/schema\\\/logo\\\/image\\\/\",\"url\":\"https:\\\/\\\/ranoja.ee\\\/wp-content\\\/uploads\\\/2023\\\/11\\\/ranoja-Logo.png\",\"contentUrl\":\"https:\\\/\\\/ranoja.ee\\\/wp-content\\\/uploads\\\/2023\\\/11\\\/ranoja-Logo.png\",\"width\":207,\"height\":58,\"caption\":\"Ranoja O\u00dc\"},\"image\":{\"@id\":\"https:\\\/\\\/ranoja.ee\\\/#\\\/schema\\\/logo\\\/image\\\/\"},\"sameAs\":[\"https:\\\/\\\/www.facebook.com\\\/ranoja.ee\",\"https:\\\/\\\/www.instagram.com\\\/ranoja__\\\/\"]}]}<\/script>\n<!-- \/ Yoast SEO plugin. -->","yoast_head_json":{"title":"NAC trimmeripea NZ432","description":"NAC trimmeripea NZ432 M\u00f5\u00f5tmed:M 10 X 1,25 X 115mm VASAKU K\u00c4E KEERMEGA J\u00d5HVI PAKSUS 2,8 mm Bump-N-Work. Sobib laiale trimmerite valikule!","robots":{"index":"index","follow":"follow","max-snippet":"max-snippet:-1","max-image-preview":"max-image-preview:large","max-video-preview":"max-video-preview:-1"},"canonical":"https:\/\/ranoja.ee\/toode\/nac-trimmeripea-nz432\/","og_locale":"en_US","og_type":"article","og_title":"NAC trimmeripea NZ432","og_description":"NAC trimmeripea NZ432 M\u00f5\u00f5tmed:M 10 X 1,25 X 115mm VASAKU K\u00c4E KEERMEGA J\u00d5HVI PAKSUS 2,8 mm Bump-N-Work. Sobib laiale trimmerite valikule!","og_url":"https:\/\/ranoja.ee\/toode\/nac-trimmeripea-nz432\/","og_site_name":"Ranoja","article_publisher":"https:\/\/www.facebook.com\/ranoja.ee","article_modified_time":"2025-12-10T13:14:08+00:00","og_image":[{"width":800,"height":583,"url":"https:\/\/ranoja.ee\/wp-content\/uploads\/2024\/08\/NAC-trimmeripea-NZ432.jpg","type":"image\/jpeg"}],"twitter_card":"summary_large_image","twitter_misc":{"Est. reading time":"2 minutes"},"schema":{"@context":"https:\/\/schema.org","@graph":[{"@type":"WebPage","@id":"https:\/\/ranoja.ee\/toode\/nac-trimmeripea-nz432\/","url":"https:\/\/ranoja.ee\/toode\/nac-trimmeripea-nz432\/","name":"NAC trimmeripea NZ432","isPartOf":{"@id":"https:\/\/ranoja.ee\/#website"},"primaryImageOfPage":{"@id":"https:\/\/ranoja.ee\/toode\/nac-trimmeripea-nz432\/#primaryimage"},"image":{"@id":"https:\/\/ranoja.ee\/toode\/nac-trimmeripea-nz432\/#primaryimage"},"thumbnailUrl":"https:\/\/ranoja.ee\/wp-content\/uploads\/2024\/08\/NAC-trimmeripea-NZ432.jpg","datePublished":"2024-08-28T13:05:33+00:00","dateModified":"2025-12-10T13:14:08+00:00","description":"NAC trimmeripea NZ432 M\u00f5\u00f5tmed:M 10 X 1,25 X 115mm VASAKU K\u00c4E KEERMEGA J\u00d5HVI PAKSUS 2,8 mm Bump-N-Work. Sobib laiale trimmerite valikule!","breadcrumb":{"@id":"https:\/\/ranoja.ee\/toode\/nac-trimmeripea-nz432\/#breadcrumb"},"inLanguage":"en-US","potentialAction":[{"@type":"ReadAction","target":["https:\/\/ranoja.ee\/toode\/nac-trimmeripea-nz432\/"]}]},{"@type":"ImageObject","inLanguage":"en-US","@id":"https:\/\/ranoja.ee\/toode\/nac-trimmeripea-nz432\/#primaryimage","url":"https:\/\/ranoja.ee\/wp-content\/uploads\/2024\/08\/NAC-trimmeripea-NZ432.jpg","contentUrl":"https:\/\/ranoja.ee\/wp-content\/uploads\/2024\/08\/NAC-trimmeripea-NZ432.jpg","width":800,"height":583,"caption":"NAC trimmeripea NZ432"},{"@type":"BreadcrumbList","@id":"https:\/\/ranoja.ee\/toode\/nac-trimmeripea-nz432\/#breadcrumb","itemListElement":[{"@type":"ListItem","position":1,"name":"Home","item":"https:\/\/ranoja.ee\/"},{"@type":"ListItem","position":2,"name":"Shop","item":"https:\/\/ranoja.ee\/en\/shop\/"},{"@type":"ListItem","position":3,"name":"NAC trimmeripea NZ432"}]},{"@type":"WebSite","@id":"https:\/\/ranoja.ee\/#website","url":"https:\/\/ranoja.ee\/","name":"Ranoja","description":"Equipment Shop WooCommerce WordPress Theme for Machine &amp; Tools","publisher":{"@id":"https:\/\/ranoja.ee\/#organization"},"potentialAction":[{"@type":"SearchAction","target":{"@type":"EntryPoint","urlTemplate":"https:\/\/ranoja.ee\/?s={search_term_string}"},"query-input":{"@type":"PropertyValueSpecification","valueRequired":true,"valueName":"search_term_string"}}],"inLanguage":"en-US"},{"@type":"Organization","@id":"https:\/\/ranoja.ee\/#organization","name":"Ranoja O\u00dc","url":"https:\/\/ranoja.ee\/","logo":{"@type":"ImageObject","inLanguage":"en-US","@id":"https:\/\/ranoja.ee\/#\/schema\/logo\/image\/","url":"https:\/\/ranoja.ee\/wp-content\/uploads\/2023\/11\/ranoja-Logo.png","contentUrl":"https:\/\/ranoja.ee\/wp-content\/uploads\/2023\/11\/ranoja-Logo.png","width":207,"height":58,"caption":"Ranoja O\u00dc"},"image":{"@id":"https:\/\/ranoja.ee\/#\/schema\/logo\/image\/"},"sameAs":["https:\/\/www.facebook.com\/ranoja.ee","https:\/\/www.instagram.com\/ranoja__\/"]}]}},"_links":{"self":[{"href":"https:\/\/ranoja.ee\/en\/wp-json\/wp\/v2\/product\/10615","targetHints":{"allow":["GET"]}}],"collection":[{"href":"https:\/\/ranoja.ee\/en\/wp-json\/wp\/v2\/product"}],"about":[{"href":"https:\/\/ranoja.ee\/en\/wp-json\/wp\/v2\/types\/product"}],"wp:featuredmedia":[{"embeddable":true,"href":"https:\/\/ranoja.ee\/en\/wp-json\/wp\/v2\/media\/13437"}],"wp:attachment":[{"href":"https:\/\/ranoja.ee\/en\/wp-json\/wp\/v2\/media?parent=10615"}],"wp:term":[{"taxonomy":"product_cat","embeddable":true,"href":"https:\/\/ranoja.ee\/en\/wp-json\/wp\/v2\/product_cat?post=10615"},{"taxonomy":"product_tag","embeddable":true,"href":"https:\/\/ranoja.ee\/en\/wp-json\/wp\/v2\/product_tag?post=10615"}],"curies":[{"name":"wp","href":"https:\/\/api.w.org\/{rel}","templated":true}]}}