{"id":10514,"date":"2024-08-28T09:52:43","date_gmt":"2024-08-28T06:52:43","guid":{"rendered":"https:\/\/www.ranoja.ee\/?post_type=product&#038;p=10514"},"modified":"2025-12-10T11:41:16","modified_gmt":"2025-12-10T08:41:16","slug":"mururull-cedrus-sp45103-murutraktorile","status":"publish","type":"product","link":"https:\/\/ranoja.ee\/en\/toode\/mururull-cedrus-sp45103-murutraktorile\/","title":{"rendered":"Mururull CEDRUS SP45103 murutraktorile"},"content":{"rendered":"<p>Mururull CEDRUS SP45103 murutraktorile on oluline, kui soovitakse saavutada \u00fchtlane ja kvaliteetne murupind, olgu tegemist koduaia, staadioni v\u00f5i pargiga. Mururull on t\u00f6\u00f6riist, mida kasutatakse muru k\u00fclvamisel, hooldamisel ja renoveerimisel, et tagada seemnete, pinnase ja murujuurte korralik kokkupuutumine maapinnaga.<\/p>\n<p>\u00dcks peamisi mururulli kasutamise eeliseid on see, et see aitab seemned tihedalt pinnasega kokku suruda, mis soodustab \u00fchtlast idanemist ja paremat juurdumist. Kui seemned on lahtiselt pinnal, v\u00f5ivad need kergesti tuulega minema kanduda v\u00f5i lindude toiduks saada. Mururull v\u00e4hendab neid riske, kindlustades, et seemned p\u00fcsivad paigal ja saavad vajalikku niiskust, et idaneda.<\/p>\n<p>Mururull CEDRUS SP45103 murutraktorile on m\u00f5eldud tasandada ebatasasusi maapinnal. Uue muru rajamisel v\u00f5i olemasoleva muru parandamisel v\u00f5ib pinnas olla eba\u00fchtlane, mis m\u00f5jutab muru kasvamist ja v\u00e4limust. Mururull surub pinnase tasaseks, likvideerides v\u00e4iksemad k\u00fcnkad ja lohud, et muru saaks \u00fchtlaselt kasvada ja hooldada oleks lihtsam.<\/p>\n<p>Peale k\u00fclvi kasutatakse mururulli ka p\u00e4rast muru niitmist v\u00f5i muru hooldust\u00f6\u00f6de, n\u00e4iteks \u00f5hutamise v\u00f5i liivamise, j\u00e4rel. See aitab kindlustada, et muru on tihedalt pinnasega seotud ja kasvab tugevamalt.<\/p>\n<p>Kokkuv\u00f5ttes on mururull h\u00e4davajalik t\u00f6\u00f6riist igale muru omanikule v\u00f5i hooldajale, kes soovib saavutada ilusa ja vastupidava murupinna. See lihtsustab muru hooldamist ja aitab v\u00e4ltida probleeme, mis v\u00f5ivad tekkida ebatasase v\u00f5i n\u00f5rgalt juurdunud muru t\u00f5ttu.<\/p>\n<p>CEDRUS on \u00fcks suurimaid aiandusmasinate, t\u00f6\u00f6riistade ning metsandus tarvikute edasim\u00fc\u00fcjaid Poolas.<br \/>\nMeie eesm\u00e4rk on pakkuda klientidele k\u00f5rgeima kvaliteediga tooteid konkurentsiv\u00f5imeliste hindadega.<br \/>\nAlates 2016. aastast oleme arendanud ka oma kaubam\u00e4rgi all olevat tootesarja Cedrus.<br \/>\nHetkel pakume enam kui 100 t\u00fc\u00fcpi CEDRUS kaubam\u00e4rgi aia- ja ehitusmasinaid, samuti k\u00f5iki hooldustarvikuid ja varuosi.<br \/>\n<img decoding=\"async\" src=\"https:\/\/www.ranoja.ee\/wp-content\/uploads\/2023\/07\/cedrus-logo-vaike-1-300x99.png\" alt=\"\" width=\"300\" height=\"99\" class=\"alignnone size-medium wp-image-5896\" srcset=\"https:\/\/ranoja.ee\/wp-content\/uploads\/2023\/07\/cedrus-logo-vaike-1-300x99.png 300w, https:\/\/ranoja.ee\/wp-content\/uploads\/2023\/07\/cedrus-logo-vaike-1.png 431w\" sizes=\"(max-width: 300px) 100vw, 300px\" \/><\/p>\n","protected":false},"excerpt":{"rendered":"<p>T\u00f6\u00f6laius: 91cm<br \/>\nMahutavus: 86l<br \/>\nDiameeter: 36cm<br \/>\nT\u00e4iteava veega t\u00e4itmiseks<br \/>\nMaterjal: Teras<br \/>\nKaal: 50kg\/ veega t\u00e4idetud 136kg<br \/>\n<strong>Seadme eeldatav tarneaeg 1-7 t\u00f6\u00f6p\u00e4eva<\/strong><\/p>\n","protected":false},"featured_media":13755,"template":"","meta":{"inline_featured_image":false},"product_cat":[1079,1081],"product_tag":[1063,137,1498,1298,1500,1501,1499],"class_list":{"0":"post-10514","1":"product","2":"type-product","3":"status-publish","4":"has-post-thumbnail","6":"product_brand-cedrus","7":"product_cat-aiatehnika-ja-niidutehnika","8":"product_cat-murutraktorid","9":"product_tag-aiahooldus","10":"product_tag-cedrus","11":"product_tag-mururull","12":"product_tag-murutraktor","13":"product_tag-murutraktori-lisaseadmed","14":"product_tag-murutraktori-lisavarustus","15":"product_tag-sp45103","17":"first","18":"instock","19":"taxable","20":"shipping-taxable","21":"purchasable","22":"product-type-simple"},"yoast_head":"<!-- This site is optimized with the Yoast SEO plugin v27.4 - https:\/\/yoast.com\/product\/yoast-seo-wordpress\/ -->\n<title>Mururull CEDRUS SP45103 murutraktorile<\/title>\n<meta name=\"description\" content=\"Mururull murutraktorile Laius: 91cm, diameeter 36cm, Mahutavus: 86l, T\u00e4iteava vee lisamiseks, Neto kaal 50kg\/ veega t\u00e4idetult 136kg.\" \/>\n<meta name=\"robots\" content=\"index, follow, max-snippet:-1, max-image-preview:large, max-video-preview:-1\" \/>\n<link rel=\"canonical\" href=\"https:\/\/ranoja.ee\/toode\/mururull-cedrus-sp45103-murutraktorile\/\" \/>\n<meta property=\"og:locale\" content=\"en_US\" \/>\n<meta property=\"og:type\" content=\"article\" \/>\n<meta property=\"og:title\" content=\"Mururull CEDRUS SP45103 murutraktorile\" \/>\n<meta property=\"og:description\" content=\"Mururull murutraktorile Laius: 91cm, diameeter 36cm, Mahutavus: 86l, T\u00e4iteava vee lisamiseks, Neto kaal 50kg\/ veega t\u00e4idetult 136kg.\" \/>\n<meta property=\"og:url\" content=\"https:\/\/ranoja.ee\/toode\/mururull-cedrus-sp45103-murutraktorile\/\" \/>\n<meta property=\"og:site_name\" content=\"Ranoja\" \/>\n<meta property=\"article:publisher\" content=\"https:\/\/www.facebook.com\/ranoja.ee\" \/>\n<meta property=\"article:modified_time\" content=\"2025-12-10T08:41:16+00:00\" \/>\n<meta property=\"og:image\" content=\"https:\/\/ranoja.ee\/wp-content\/uploads\/2024\/08\/Mururull-CEDRUS-SP45103-murutraktorile.jpg\" \/>\n\t<meta property=\"og:image:width\" content=\"800\" \/>\n\t<meta property=\"og:image:height\" content=\"560\" \/>\n\t<meta property=\"og:image:type\" content=\"image\/jpeg\" \/>\n<meta name=\"twitter:card\" content=\"summary_large_image\" \/>\n<meta name=\"twitter:label1\" content=\"Est. reading time\" \/>\n\t<meta name=\"twitter:data1\" content=\"2 minutes\" \/>\n<script type=\"application\/ld+json\" class=\"yoast-schema-graph\">{\"@context\":\"https:\\\/\\\/schema.org\",\"@graph\":[{\"@type\":\"WebPage\",\"@id\":\"https:\\\/\\\/ranoja.ee\\\/toode\\\/mururull-cedrus-sp45103-murutraktorile\\\/\",\"url\":\"https:\\\/\\\/ranoja.ee\\\/toode\\\/mururull-cedrus-sp45103-murutraktorile\\\/\",\"name\":\"Mururull CEDRUS SP45103 murutraktorile\",\"isPartOf\":{\"@id\":\"https:\\\/\\\/ranoja.ee\\\/#website\"},\"primaryImageOfPage\":{\"@id\":\"https:\\\/\\\/ranoja.ee\\\/toode\\\/mururull-cedrus-sp45103-murutraktorile\\\/#primaryimage\"},\"image\":{\"@id\":\"https:\\\/\\\/ranoja.ee\\\/toode\\\/mururull-cedrus-sp45103-murutraktorile\\\/#primaryimage\"},\"thumbnailUrl\":\"https:\\\/\\\/ranoja.ee\\\/wp-content\\\/uploads\\\/2024\\\/08\\\/Mururull-CEDRUS-SP45103-murutraktorile.jpg\",\"datePublished\":\"2024-08-28T06:52:43+00:00\",\"dateModified\":\"2025-12-10T08:41:16+00:00\",\"description\":\"Mururull murutraktorile Laius: 91cm, diameeter 36cm, Mahutavus: 86l, T\u00e4iteava vee lisamiseks, Neto kaal 50kg\\\/ veega t\u00e4idetult 136kg.\",\"breadcrumb\":{\"@id\":\"https:\\\/\\\/ranoja.ee\\\/toode\\\/mururull-cedrus-sp45103-murutraktorile\\\/#breadcrumb\"},\"inLanguage\":\"en-US\",\"potentialAction\":[{\"@type\":\"ReadAction\",\"target\":[\"https:\\\/\\\/ranoja.ee\\\/toode\\\/mururull-cedrus-sp45103-murutraktorile\\\/\"]}]},{\"@type\":\"ImageObject\",\"inLanguage\":\"en-US\",\"@id\":\"https:\\\/\\\/ranoja.ee\\\/toode\\\/mururull-cedrus-sp45103-murutraktorile\\\/#primaryimage\",\"url\":\"https:\\\/\\\/ranoja.ee\\\/wp-content\\\/uploads\\\/2024\\\/08\\\/Mururull-CEDRUS-SP45103-murutraktorile.jpg\",\"contentUrl\":\"https:\\\/\\\/ranoja.ee\\\/wp-content\\\/uploads\\\/2024\\\/08\\\/Mururull-CEDRUS-SP45103-murutraktorile.jpg\",\"width\":800,\"height\":560,\"caption\":\"Mururull CEDRUS SP45103 murutraktorile\"},{\"@type\":\"BreadcrumbList\",\"@id\":\"https:\\\/\\\/ranoja.ee\\\/toode\\\/mururull-cedrus-sp45103-murutraktorile\\\/#breadcrumb\",\"itemListElement\":[{\"@type\":\"ListItem\",\"position\":1,\"name\":\"Home\",\"item\":\"https:\\\/\\\/ranoja.ee\\\/\"},{\"@type\":\"ListItem\",\"position\":2,\"name\":\"Shop\",\"item\":\"https:\\\/\\\/ranoja.ee\\\/en\\\/shop\\\/\"},{\"@type\":\"ListItem\",\"position\":3,\"name\":\"Mururull CEDRUS SP45103 murutraktorile\"}]},{\"@type\":\"WebSite\",\"@id\":\"https:\\\/\\\/ranoja.ee\\\/#website\",\"url\":\"https:\\\/\\\/ranoja.ee\\\/\",\"name\":\"Ranoja\",\"description\":\"Equipment Shop WooCommerce WordPress Theme for Machine &amp; Tools\",\"publisher\":{\"@id\":\"https:\\\/\\\/ranoja.ee\\\/#organization\"},\"potentialAction\":[{\"@type\":\"SearchAction\",\"target\":{\"@type\":\"EntryPoint\",\"urlTemplate\":\"https:\\\/\\\/ranoja.ee\\\/?s={search_term_string}\"},\"query-input\":{\"@type\":\"PropertyValueSpecification\",\"valueRequired\":true,\"valueName\":\"search_term_string\"}}],\"inLanguage\":\"en-US\"},{\"@type\":\"Organization\",\"@id\":\"https:\\\/\\\/ranoja.ee\\\/#organization\",\"name\":\"Ranoja O\u00dc\",\"url\":\"https:\\\/\\\/ranoja.ee\\\/\",\"logo\":{\"@type\":\"ImageObject\",\"inLanguage\":\"en-US\",\"@id\":\"https:\\\/\\\/ranoja.ee\\\/#\\\/schema\\\/logo\\\/image\\\/\",\"url\":\"https:\\\/\\\/ranoja.ee\\\/wp-content\\\/uploads\\\/2023\\\/11\\\/ranoja-Logo.png\",\"contentUrl\":\"https:\\\/\\\/ranoja.ee\\\/wp-content\\\/uploads\\\/2023\\\/11\\\/ranoja-Logo.png\",\"width\":207,\"height\":58,\"caption\":\"Ranoja O\u00dc\"},\"image\":{\"@id\":\"https:\\\/\\\/ranoja.ee\\\/#\\\/schema\\\/logo\\\/image\\\/\"},\"sameAs\":[\"https:\\\/\\\/www.facebook.com\\\/ranoja.ee\",\"https:\\\/\\\/www.instagram.com\\\/ranoja__\\\/\"]}]}<\/script>\n<!-- \/ Yoast SEO plugin. -->","yoast_head_json":{"title":"Mururull CEDRUS SP45103 murutraktorile","description":"Mururull murutraktorile Laius: 91cm, diameeter 36cm, Mahutavus: 86l, T\u00e4iteava vee lisamiseks, Neto kaal 50kg\/ veega t\u00e4idetult 136kg.","robots":{"index":"index","follow":"follow","max-snippet":"max-snippet:-1","max-image-preview":"max-image-preview:large","max-video-preview":"max-video-preview:-1"},"canonical":"https:\/\/ranoja.ee\/toode\/mururull-cedrus-sp45103-murutraktorile\/","og_locale":"en_US","og_type":"article","og_title":"Mururull CEDRUS SP45103 murutraktorile","og_description":"Mururull murutraktorile Laius: 91cm, diameeter 36cm, Mahutavus: 86l, T\u00e4iteava vee lisamiseks, Neto kaal 50kg\/ veega t\u00e4idetult 136kg.","og_url":"https:\/\/ranoja.ee\/toode\/mururull-cedrus-sp45103-murutraktorile\/","og_site_name":"Ranoja","article_publisher":"https:\/\/www.facebook.com\/ranoja.ee","article_modified_time":"2025-12-10T08:41:16+00:00","og_image":[{"width":800,"height":560,"url":"https:\/\/ranoja.ee\/wp-content\/uploads\/2024\/08\/Mururull-CEDRUS-SP45103-murutraktorile.jpg","type":"image\/jpeg"}],"twitter_card":"summary_large_image","twitter_misc":{"Est. reading time":"2 minutes"},"schema":{"@context":"https:\/\/schema.org","@graph":[{"@type":"WebPage","@id":"https:\/\/ranoja.ee\/toode\/mururull-cedrus-sp45103-murutraktorile\/","url":"https:\/\/ranoja.ee\/toode\/mururull-cedrus-sp45103-murutraktorile\/","name":"Mururull CEDRUS SP45103 murutraktorile","isPartOf":{"@id":"https:\/\/ranoja.ee\/#website"},"primaryImageOfPage":{"@id":"https:\/\/ranoja.ee\/toode\/mururull-cedrus-sp45103-murutraktorile\/#primaryimage"},"image":{"@id":"https:\/\/ranoja.ee\/toode\/mururull-cedrus-sp45103-murutraktorile\/#primaryimage"},"thumbnailUrl":"https:\/\/ranoja.ee\/wp-content\/uploads\/2024\/08\/Mururull-CEDRUS-SP45103-murutraktorile.jpg","datePublished":"2024-08-28T06:52:43+00:00","dateModified":"2025-12-10T08:41:16+00:00","description":"Mururull murutraktorile Laius: 91cm, diameeter 36cm, Mahutavus: 86l, T\u00e4iteava vee lisamiseks, Neto kaal 50kg\/ veega t\u00e4idetult 136kg.","breadcrumb":{"@id":"https:\/\/ranoja.ee\/toode\/mururull-cedrus-sp45103-murutraktorile\/#breadcrumb"},"inLanguage":"en-US","potentialAction":[{"@type":"ReadAction","target":["https:\/\/ranoja.ee\/toode\/mururull-cedrus-sp45103-murutraktorile\/"]}]},{"@type":"ImageObject","inLanguage":"en-US","@id":"https:\/\/ranoja.ee\/toode\/mururull-cedrus-sp45103-murutraktorile\/#primaryimage","url":"https:\/\/ranoja.ee\/wp-content\/uploads\/2024\/08\/Mururull-CEDRUS-SP45103-murutraktorile.jpg","contentUrl":"https:\/\/ranoja.ee\/wp-content\/uploads\/2024\/08\/Mururull-CEDRUS-SP45103-murutraktorile.jpg","width":800,"height":560,"caption":"Mururull CEDRUS SP45103 murutraktorile"},{"@type":"BreadcrumbList","@id":"https:\/\/ranoja.ee\/toode\/mururull-cedrus-sp45103-murutraktorile\/#breadcrumb","itemListElement":[{"@type":"ListItem","position":1,"name":"Home","item":"https:\/\/ranoja.ee\/"},{"@type":"ListItem","position":2,"name":"Shop","item":"https:\/\/ranoja.ee\/en\/shop\/"},{"@type":"ListItem","position":3,"name":"Mururull CEDRUS SP45103 murutraktorile"}]},{"@type":"WebSite","@id":"https:\/\/ranoja.ee\/#website","url":"https:\/\/ranoja.ee\/","name":"Ranoja","description":"Equipment Shop WooCommerce WordPress Theme for Machine &amp; Tools","publisher":{"@id":"https:\/\/ranoja.ee\/#organization"},"potentialAction":[{"@type":"SearchAction","target":{"@type":"EntryPoint","urlTemplate":"https:\/\/ranoja.ee\/?s={search_term_string}"},"query-input":{"@type":"PropertyValueSpecification","valueRequired":true,"valueName":"search_term_string"}}],"inLanguage":"en-US"},{"@type":"Organization","@id":"https:\/\/ranoja.ee\/#organization","name":"Ranoja O\u00dc","url":"https:\/\/ranoja.ee\/","logo":{"@type":"ImageObject","inLanguage":"en-US","@id":"https:\/\/ranoja.ee\/#\/schema\/logo\/image\/","url":"https:\/\/ranoja.ee\/wp-content\/uploads\/2023\/11\/ranoja-Logo.png","contentUrl":"https:\/\/ranoja.ee\/wp-content\/uploads\/2023\/11\/ranoja-Logo.png","width":207,"height":58,"caption":"Ranoja O\u00dc"},"image":{"@id":"https:\/\/ranoja.ee\/#\/schema\/logo\/image\/"},"sameAs":["https:\/\/www.facebook.com\/ranoja.ee","https:\/\/www.instagram.com\/ranoja__\/"]}]}},"_links":{"self":[{"href":"https:\/\/ranoja.ee\/en\/wp-json\/wp\/v2\/product\/10514","targetHints":{"allow":["GET"]}}],"collection":[{"href":"https:\/\/ranoja.ee\/en\/wp-json\/wp\/v2\/product"}],"about":[{"href":"https:\/\/ranoja.ee\/en\/wp-json\/wp\/v2\/types\/product"}],"wp:featuredmedia":[{"embeddable":true,"href":"https:\/\/ranoja.ee\/en\/wp-json\/wp\/v2\/media\/13755"}],"wp:attachment":[{"href":"https:\/\/ranoja.ee\/en\/wp-json\/wp\/v2\/media?parent=10514"}],"wp:term":[{"taxonomy":"product_cat","embeddable":true,"href":"https:\/\/ranoja.ee\/en\/wp-json\/wp\/v2\/product_cat?post=10514"},{"taxonomy":"product_tag","embeddable":true,"href":"https:\/\/ranoja.ee\/en\/wp-json\/wp\/v2\/product_tag?post=10514"}],"curies":[{"name":"wp","href":"https:\/\/api.w.org\/{rel}","templated":true}]}}