{"id":10506,"date":"2024-08-28T09:11:27","date_gmt":"2024-08-28T06:11:27","guid":{"rendered":"https:\/\/www.ranoja.ee\/?post_type=product&#038;p=10506"},"modified":"2025-12-10T11:41:16","modified_gmt":"2025-12-10T08:41:16","slug":"murutraktori-kulgtostuk-cedrus-acc0161","status":"publish","type":"product","link":"https:\/\/ranoja.ee\/en\/toode\/murutraktori-kulgtostuk-cedrus-acc0161\/","title":{"rendered":"Murutraktori k\u00fclgt\u00f5stuk Cedrus ACC0161"},"content":{"rendered":"<p>Murutraktori t\u00f5stuki vajadus hooldust\u00f6\u00f6del on oluline, et tagada ohutus, efektiivsus ja t\u00f6\u00f6 mugavus. Murutraktorid on rasked masinad, mis vajavad regulaarset hooldust, sealhulgas tera teritamist, \u00f5livahetust, \u00f5hufiltrite puhastamist ja rihmade vahetust. Need t\u00f6\u00f6d n\u00f5uavad tihti juurdep\u00e4\u00e4su traktori alumistele osadele, mis on maapinnal olles raskesti ligip\u00e4\u00e4setavad.<\/p>\n<p>Murutraktori k\u00fclgt\u00f5stuk Cedrus ACC0161 v\u00f5imaldab traktori ohutut ja stabiilset t\u00f5stmist vajalikule k\u00f5rgusele, andes hooldustehnikule piisavalt ruumi ja parema n\u00e4htavuse t\u00f6\u00f6de teostamiseks. See v\u00e4hendab vajadust masinat ebamugavalt kallutada v\u00f5i panna ebastabiilsetele alustele, mis v\u00f5iksid ohustada t\u00f6\u00f6taja turvalisust. Lisaks v\u00f5imaldab t\u00f5stuk t\u00f5sta murutraktori \u00fchtlaselt, v\u00e4ltides masina kahjustamist, mis v\u00f5ib tekkida, kui t\u00f5stmist teostatakse ebav\u00f5rdselt v\u00f5i valesti.<\/p>\n<p>Murutraktori k\u00fclgt\u00f5stuk Cedrus ACC0161 aitab v\u00e4hendada hoolduse teostamise aega. Kui masina alumistele osadele p\u00e4\u00e4seb kiiresti ja mugavalt ligi, saab hooldust\u00f6\u00f6d teha efektiivsemalt, mis s\u00e4\u00e4stab nii aega kui ka ressursse. See on eriti oluline suuremas mahus hooldust\u00f6id teostavatele ettev\u00f5tetele, kus igap\u00e4evane t\u00f6\u00f6voog s\u00f5ltub masinate kiirest ja t\u00f5husast hooldamisest.<\/p>\n<p>Kokkuv\u00f5ttes on murutraktori t\u00f5stuk vajalik t\u00f6\u00f6riist, mis mitte ainult ei lihtsusta ja kiirenda hooldust\u00f6id, vaid tagab ka t\u00f6\u00f6tajate ohutuse ja masina pikaajalise t\u00f6\u00f6kindluse.<\/p>\n<p>CEDRUS on \u00fcks suurimaid aiandusmasinate, t\u00f6\u00f6riistade ning metsandus tarvikute edasim\u00fc\u00fcjaid Poolas.<br \/>\nMeie eesm\u00e4rk on pakkuda klientidele k\u00f5rgeima kvaliteediga tooteid konkurentsiv\u00f5imeliste hindadega.<br \/>\nAlates 2016. aastast oleme arendanud ka oma kaubam\u00e4rgi all olevat tootesarja Cedrus.<br \/>\nHetkel pakume enam kui 100 t\u00fc\u00fcpi CEDRUS kaubam\u00e4rgi aia- ja ehitusmasinaid, samuti k\u00f5iki hooldustarvikuid ja varuosi.<br \/>\n<img decoding=\"async\" src=\"https:\/\/www.ranoja.ee\/wp-content\/uploads\/2023\/07\/cedrus-logo-vaike-1-300x99.png\" alt=\"\" width=\"300\" height=\"99\" class=\"alignnone size-medium wp-image-5896\" srcset=\"https:\/\/ranoja.ee\/wp-content\/uploads\/2023\/07\/cedrus-logo-vaike-1-300x99.png 300w, https:\/\/ranoja.ee\/wp-content\/uploads\/2023\/07\/cedrus-logo-vaike-1.png 431w\" sizes=\"(max-width: 300px) 100vw, 300px\" \/><\/p>\n","protected":false},"excerpt":{"rendered":"<p>Murutraktori k\u00fclgt\u00f5stuk Cedrus ACC0161<br \/>\nKandev\u00f5ime: 400kg<br \/>\nT\u00f5stek\u00f5rgus: 80cm<br \/>\nKaldtee laius: 100cm<br \/>\nKaal: 17kg<br \/>\nLukustuskaitse kontrollimatu langemise eest t\u00f6\u00f6 ajal<br \/>\nPulberv\u00e4rvitud<br \/>\nK\u00e4sivints masina h\u00f5lpsaks t\u00f5stmiseks<br \/>\n<strong>Seadme eeldatav tarneaeg 1-7 t\u00f6\u00f6p\u00e4eva<\/strong><\/p>\n","protected":false},"featured_media":13751,"template":"","meta":{"inline_featured_image":false},"product_cat":[1079,1081],"product_tag":[1495,1063,137,1220,1298,1496],"class_list":{"0":"post-10506","1":"product","2":"type-product","3":"status-publish","4":"has-post-thumbnail","6":"product_brand-cedrus","7":"product_cat-aiatehnika-ja-niidutehnika","8":"product_cat-murutraktorid","9":"product_tag-acc0161","10":"product_tag-aiahooldus","11":"product_tag-cedrus","12":"product_tag-hooldus","13":"product_tag-murutraktor","14":"product_tag-murutraktori-tostuk","16":"first","17":"instock","18":"taxable","19":"shipping-taxable","20":"purchasable","21":"product-type-simple"},"yoast_head":"<!-- This site is optimized with the Yoast SEO plugin v27.4 - https:\/\/yoast.com\/product\/yoast-seo-wordpress\/ -->\n<title>Murutraktori k\u00fclgt\u00f5stuk Cedrus ACC0161<\/title>\n<meta name=\"description\" content=\"Kandev\u00f5ime 400kg, T\u00f5stek\u00f5rgus 80cm, Kaldtee laius 100cm, Kaal 17kg Lukustuskaitse kontrollimatu langemise eest, K\u00e4sivints masina h\u00f5lpsaks t\u00f5stmiseks\" \/>\n<meta name=\"robots\" content=\"index, follow, max-snippet:-1, max-image-preview:large, max-video-preview:-1\" \/>\n<link rel=\"canonical\" href=\"https:\/\/ranoja.ee\/toode\/murutraktori-kulgtostuk-cedrus-acc0161\/\" \/>\n<meta property=\"og:locale\" content=\"en_US\" \/>\n<meta property=\"og:type\" content=\"article\" \/>\n<meta property=\"og:title\" content=\"Murutraktori k\u00fclgt\u00f5stuk Cedrus ACC0161\" \/>\n<meta property=\"og:description\" content=\"Kandev\u00f5ime 400kg, T\u00f5stek\u00f5rgus 80cm, Kaldtee laius 100cm, Kaal 17kg Lukustuskaitse kontrollimatu langemise eest, K\u00e4sivints masina h\u00f5lpsaks t\u00f5stmiseks\" \/>\n<meta property=\"og:url\" content=\"https:\/\/ranoja.ee\/toode\/murutraktori-kulgtostuk-cedrus-acc0161\/\" \/>\n<meta property=\"og:site_name\" content=\"Ranoja\" \/>\n<meta property=\"article:publisher\" content=\"https:\/\/www.facebook.com\/ranoja.ee\" \/>\n<meta property=\"article:modified_time\" content=\"2025-12-10T08:41:16+00:00\" \/>\n<meta property=\"og:image\" content=\"https:\/\/ranoja.ee\/wp-content\/uploads\/2024\/08\/Murutraktori-kulgtostuk-Cedrus-ACC0161.jpg\" \/>\n\t<meta property=\"og:image:width\" content=\"663\" \/>\n\t<meta property=\"og:image:height\" content=\"800\" \/>\n\t<meta property=\"og:image:type\" content=\"image\/jpeg\" \/>\n<meta name=\"twitter:card\" content=\"summary_large_image\" \/>\n<meta name=\"twitter:label1\" content=\"Est. reading time\" \/>\n\t<meta name=\"twitter:data1\" content=\"2 minutes\" \/>\n<script type=\"application\/ld+json\" class=\"yoast-schema-graph\">{\"@context\":\"https:\\\/\\\/schema.org\",\"@graph\":[{\"@type\":\"WebPage\",\"@id\":\"https:\\\/\\\/ranoja.ee\\\/toode\\\/murutraktori-kulgtostuk-cedrus-acc0161\\\/\",\"url\":\"https:\\\/\\\/ranoja.ee\\\/toode\\\/murutraktori-kulgtostuk-cedrus-acc0161\\\/\",\"name\":\"Murutraktori k\u00fclgt\u00f5stuk Cedrus ACC0161\",\"isPartOf\":{\"@id\":\"https:\\\/\\\/ranoja.ee\\\/#website\"},\"primaryImageOfPage\":{\"@id\":\"https:\\\/\\\/ranoja.ee\\\/toode\\\/murutraktori-kulgtostuk-cedrus-acc0161\\\/#primaryimage\"},\"image\":{\"@id\":\"https:\\\/\\\/ranoja.ee\\\/toode\\\/murutraktori-kulgtostuk-cedrus-acc0161\\\/#primaryimage\"},\"thumbnailUrl\":\"https:\\\/\\\/ranoja.ee\\\/wp-content\\\/uploads\\\/2024\\\/08\\\/Murutraktori-kulgtostuk-Cedrus-ACC0161.jpg\",\"datePublished\":\"2024-08-28T06:11:27+00:00\",\"dateModified\":\"2025-12-10T08:41:16+00:00\",\"description\":\"Kandev\u00f5ime 400kg, T\u00f5stek\u00f5rgus 80cm, Kaldtee laius 100cm, Kaal 17kg Lukustuskaitse kontrollimatu langemise eest, K\u00e4sivints masina h\u00f5lpsaks t\u00f5stmiseks\",\"breadcrumb\":{\"@id\":\"https:\\\/\\\/ranoja.ee\\\/toode\\\/murutraktori-kulgtostuk-cedrus-acc0161\\\/#breadcrumb\"},\"inLanguage\":\"en-US\",\"potentialAction\":[{\"@type\":\"ReadAction\",\"target\":[\"https:\\\/\\\/ranoja.ee\\\/toode\\\/murutraktori-kulgtostuk-cedrus-acc0161\\\/\"]}]},{\"@type\":\"ImageObject\",\"inLanguage\":\"en-US\",\"@id\":\"https:\\\/\\\/ranoja.ee\\\/toode\\\/murutraktori-kulgtostuk-cedrus-acc0161\\\/#primaryimage\",\"url\":\"https:\\\/\\\/ranoja.ee\\\/wp-content\\\/uploads\\\/2024\\\/08\\\/Murutraktori-kulgtostuk-Cedrus-ACC0161.jpg\",\"contentUrl\":\"https:\\\/\\\/ranoja.ee\\\/wp-content\\\/uploads\\\/2024\\\/08\\\/Murutraktori-kulgtostuk-Cedrus-ACC0161.jpg\",\"width\":663,\"height\":800,\"caption\":\"Murutraktori k\u00fclgt\u00f5stuk Cedrus ACC0161\"},{\"@type\":\"BreadcrumbList\",\"@id\":\"https:\\\/\\\/ranoja.ee\\\/toode\\\/murutraktori-kulgtostuk-cedrus-acc0161\\\/#breadcrumb\",\"itemListElement\":[{\"@type\":\"ListItem\",\"position\":1,\"name\":\"Home\",\"item\":\"https:\\\/\\\/ranoja.ee\\\/\"},{\"@type\":\"ListItem\",\"position\":2,\"name\":\"Shop\",\"item\":\"https:\\\/\\\/ranoja.ee\\\/en\\\/shop\\\/\"},{\"@type\":\"ListItem\",\"position\":3,\"name\":\"Murutraktori k\u00fclgt\u00f5stuk Cedrus ACC0161\"}]},{\"@type\":\"WebSite\",\"@id\":\"https:\\\/\\\/ranoja.ee\\\/#website\",\"url\":\"https:\\\/\\\/ranoja.ee\\\/\",\"name\":\"Ranoja\",\"description\":\"Equipment Shop WooCommerce WordPress Theme for Machine &amp; Tools\",\"publisher\":{\"@id\":\"https:\\\/\\\/ranoja.ee\\\/#organization\"},\"potentialAction\":[{\"@type\":\"SearchAction\",\"target\":{\"@type\":\"EntryPoint\",\"urlTemplate\":\"https:\\\/\\\/ranoja.ee\\\/?s={search_term_string}\"},\"query-input\":{\"@type\":\"PropertyValueSpecification\",\"valueRequired\":true,\"valueName\":\"search_term_string\"}}],\"inLanguage\":\"en-US\"},{\"@type\":\"Organization\",\"@id\":\"https:\\\/\\\/ranoja.ee\\\/#organization\",\"name\":\"Ranoja O\u00dc\",\"url\":\"https:\\\/\\\/ranoja.ee\\\/\",\"logo\":{\"@type\":\"ImageObject\",\"inLanguage\":\"en-US\",\"@id\":\"https:\\\/\\\/ranoja.ee\\\/#\\\/schema\\\/logo\\\/image\\\/\",\"url\":\"https:\\\/\\\/ranoja.ee\\\/wp-content\\\/uploads\\\/2023\\\/11\\\/ranoja-Logo.png\",\"contentUrl\":\"https:\\\/\\\/ranoja.ee\\\/wp-content\\\/uploads\\\/2023\\\/11\\\/ranoja-Logo.png\",\"width\":207,\"height\":58,\"caption\":\"Ranoja O\u00dc\"},\"image\":{\"@id\":\"https:\\\/\\\/ranoja.ee\\\/#\\\/schema\\\/logo\\\/image\\\/\"},\"sameAs\":[\"https:\\\/\\\/www.facebook.com\\\/ranoja.ee\",\"https:\\\/\\\/www.instagram.com\\\/ranoja__\\\/\"]}]}<\/script>\n<!-- \/ Yoast SEO plugin. -->","yoast_head_json":{"title":"Murutraktori k\u00fclgt\u00f5stuk Cedrus ACC0161","description":"Kandev\u00f5ime 400kg, T\u00f5stek\u00f5rgus 80cm, Kaldtee laius 100cm, Kaal 17kg Lukustuskaitse kontrollimatu langemise eest, K\u00e4sivints masina h\u00f5lpsaks t\u00f5stmiseks","robots":{"index":"index","follow":"follow","max-snippet":"max-snippet:-1","max-image-preview":"max-image-preview:large","max-video-preview":"max-video-preview:-1"},"canonical":"https:\/\/ranoja.ee\/toode\/murutraktori-kulgtostuk-cedrus-acc0161\/","og_locale":"en_US","og_type":"article","og_title":"Murutraktori k\u00fclgt\u00f5stuk Cedrus ACC0161","og_description":"Kandev\u00f5ime 400kg, T\u00f5stek\u00f5rgus 80cm, Kaldtee laius 100cm, Kaal 17kg Lukustuskaitse kontrollimatu langemise eest, K\u00e4sivints masina h\u00f5lpsaks t\u00f5stmiseks","og_url":"https:\/\/ranoja.ee\/toode\/murutraktori-kulgtostuk-cedrus-acc0161\/","og_site_name":"Ranoja","article_publisher":"https:\/\/www.facebook.com\/ranoja.ee","article_modified_time":"2025-12-10T08:41:16+00:00","og_image":[{"width":663,"height":800,"url":"https:\/\/ranoja.ee\/wp-content\/uploads\/2024\/08\/Murutraktori-kulgtostuk-Cedrus-ACC0161.jpg","type":"image\/jpeg"}],"twitter_card":"summary_large_image","twitter_misc":{"Est. reading time":"2 minutes"},"schema":{"@context":"https:\/\/schema.org","@graph":[{"@type":"WebPage","@id":"https:\/\/ranoja.ee\/toode\/murutraktori-kulgtostuk-cedrus-acc0161\/","url":"https:\/\/ranoja.ee\/toode\/murutraktori-kulgtostuk-cedrus-acc0161\/","name":"Murutraktori k\u00fclgt\u00f5stuk Cedrus ACC0161","isPartOf":{"@id":"https:\/\/ranoja.ee\/#website"},"primaryImageOfPage":{"@id":"https:\/\/ranoja.ee\/toode\/murutraktori-kulgtostuk-cedrus-acc0161\/#primaryimage"},"image":{"@id":"https:\/\/ranoja.ee\/toode\/murutraktori-kulgtostuk-cedrus-acc0161\/#primaryimage"},"thumbnailUrl":"https:\/\/ranoja.ee\/wp-content\/uploads\/2024\/08\/Murutraktori-kulgtostuk-Cedrus-ACC0161.jpg","datePublished":"2024-08-28T06:11:27+00:00","dateModified":"2025-12-10T08:41:16+00:00","description":"Kandev\u00f5ime 400kg, T\u00f5stek\u00f5rgus 80cm, Kaldtee laius 100cm, Kaal 17kg Lukustuskaitse kontrollimatu langemise eest, K\u00e4sivints masina h\u00f5lpsaks t\u00f5stmiseks","breadcrumb":{"@id":"https:\/\/ranoja.ee\/toode\/murutraktori-kulgtostuk-cedrus-acc0161\/#breadcrumb"},"inLanguage":"en-US","potentialAction":[{"@type":"ReadAction","target":["https:\/\/ranoja.ee\/toode\/murutraktori-kulgtostuk-cedrus-acc0161\/"]}]},{"@type":"ImageObject","inLanguage":"en-US","@id":"https:\/\/ranoja.ee\/toode\/murutraktori-kulgtostuk-cedrus-acc0161\/#primaryimage","url":"https:\/\/ranoja.ee\/wp-content\/uploads\/2024\/08\/Murutraktori-kulgtostuk-Cedrus-ACC0161.jpg","contentUrl":"https:\/\/ranoja.ee\/wp-content\/uploads\/2024\/08\/Murutraktori-kulgtostuk-Cedrus-ACC0161.jpg","width":663,"height":800,"caption":"Murutraktori k\u00fclgt\u00f5stuk Cedrus ACC0161"},{"@type":"BreadcrumbList","@id":"https:\/\/ranoja.ee\/toode\/murutraktori-kulgtostuk-cedrus-acc0161\/#breadcrumb","itemListElement":[{"@type":"ListItem","position":1,"name":"Home","item":"https:\/\/ranoja.ee\/"},{"@type":"ListItem","position":2,"name":"Shop","item":"https:\/\/ranoja.ee\/en\/shop\/"},{"@type":"ListItem","position":3,"name":"Murutraktori k\u00fclgt\u00f5stuk Cedrus ACC0161"}]},{"@type":"WebSite","@id":"https:\/\/ranoja.ee\/#website","url":"https:\/\/ranoja.ee\/","name":"Ranoja","description":"Equipment Shop WooCommerce WordPress Theme for Machine &amp; Tools","publisher":{"@id":"https:\/\/ranoja.ee\/#organization"},"potentialAction":[{"@type":"SearchAction","target":{"@type":"EntryPoint","urlTemplate":"https:\/\/ranoja.ee\/?s={search_term_string}"},"query-input":{"@type":"PropertyValueSpecification","valueRequired":true,"valueName":"search_term_string"}}],"inLanguage":"en-US"},{"@type":"Organization","@id":"https:\/\/ranoja.ee\/#organization","name":"Ranoja O\u00dc","url":"https:\/\/ranoja.ee\/","logo":{"@type":"ImageObject","inLanguage":"en-US","@id":"https:\/\/ranoja.ee\/#\/schema\/logo\/image\/","url":"https:\/\/ranoja.ee\/wp-content\/uploads\/2023\/11\/ranoja-Logo.png","contentUrl":"https:\/\/ranoja.ee\/wp-content\/uploads\/2023\/11\/ranoja-Logo.png","width":207,"height":58,"caption":"Ranoja O\u00dc"},"image":{"@id":"https:\/\/ranoja.ee\/#\/schema\/logo\/image\/"},"sameAs":["https:\/\/www.facebook.com\/ranoja.ee","https:\/\/www.instagram.com\/ranoja__\/"]}]}},"_links":{"self":[{"href":"https:\/\/ranoja.ee\/en\/wp-json\/wp\/v2\/product\/10506","targetHints":{"allow":["GET"]}}],"collection":[{"href":"https:\/\/ranoja.ee\/en\/wp-json\/wp\/v2\/product"}],"about":[{"href":"https:\/\/ranoja.ee\/en\/wp-json\/wp\/v2\/types\/product"}],"wp:featuredmedia":[{"embeddable":true,"href":"https:\/\/ranoja.ee\/en\/wp-json\/wp\/v2\/media\/13751"}],"wp:attachment":[{"href":"https:\/\/ranoja.ee\/en\/wp-json\/wp\/v2\/media?parent=10506"}],"wp:term":[{"taxonomy":"product_cat","embeddable":true,"href":"https:\/\/ranoja.ee\/en\/wp-json\/wp\/v2\/product_cat?post=10506"},{"taxonomy":"product_tag","embeddable":true,"href":"https:\/\/ranoja.ee\/en\/wp-json\/wp\/v2\/product_tag?post=10506"}],"curies":[{"name":"wp","href":"https:\/\/api.w.org\/{rel}","templated":true}]}}