{"id":10482,"date":"2024-08-27T14:47:21","date_gmt":"2024-08-27T11:47:21","guid":{"rendered":"https:\/\/www.ranoja.ee\/?post_type=product&#038;p=10482"},"modified":"2026-03-04T15:04:05","modified_gmt":"2026-03-04T12:04:05","slug":"veetav-aeraator-kulvik-cedrus-sp31509-murutraktorile","status":"publish","type":"product","link":"https:\/\/ranoja.ee\/en\/toode\/veetav-aeraator-kulvik-cedrus-sp31509-murutraktorile\/","title":{"rendered":"Veetav aeraator-k\u00fclvik Cedrus SP31509 murutraktorile"},"content":{"rendered":"<p>Veetav aeraator-k\u00fclvik Cedrus SP31509 murutraktorile on mitmek\u00fclgne t\u00f6\u00f6riist, mis on asendamatu igas majapidamises, kus on muru- v\u00f5i aiamaa. Selle seadme peamine eesm\u00e4rk on tagada mulla parem \u00f5hutus ja toitainevahetus, mis omakorda soodustab taimestiku tervist ja kasvu.<\/p>\n<p>Veetav aeraator-k\u00fclvik Cedrus SP31509 murutraktorile \u00fchendab kahte olulist funktsiooni: mulla \u00f5hutamist ja seemnete k\u00fclvamist. Aeraerimine, mille k\u00e4igus tehakse mulda v\u00e4ikseid auke v\u00f5i torkeid, aitab parandada mulla struktuuri, muutes selle \u00f5hulisemaks ja h\u00f5lbustades vee, \u00f5hu ja toitainete j\u00f5udmist taimede juurteni. See protsess v\u00e4hendab ka pinnase tihenemist, mis on sageli muru halva seisundi p\u00f5hjuseks.<\/p>\n<p>K\u00fclvikufunktsioon v\u00f5imaldab t\u00e4pselt ja \u00fchtlaselt jaotada seemneid v\u00f5i v\u00e4etist, mis tagab muru v\u00f5i taimede \u00fchtlase kasvu ja tugevama juurdumise. See on eriti oluline uue muru rajamisel v\u00f5i olemasoleva muru uuendamisel. K\u00fclvik aitab ka s\u00e4\u00e4sta aega ja v\u00e4hendada t\u00f6\u00f6j\u00f5ukulu, kuna k\u00e4sitsi k\u00fclvamine v\u00f5ib olla aegan\u00f5udev ja eba\u00fchtlane.<\/p>\n<p>Majapidamises, kus soovitakse hoida muru tiheda, tervena ja ilusa, on aeraato-k\u00fclvik h\u00e4davajalik t\u00f6\u00f6riist. Selle abil saab h\u00f5lpsasti hooldada suuri muru- ja aiapindu, parandades mulla kvaliteeti ja taimede kasvu. Investeerides kvaliteetsesse aeraato-k\u00fclvikusse, tagate, et teie aed on alati parimas seisukorras, n\u00f5udes samal ajal v\u00e4hem hooldust ja aega.<\/p>\n<p>CEDRUS on \u00fcks suurimaid aiandusmasinate, t\u00f6\u00f6riistade ning metsandus tarvikute edasim\u00fc\u00fcjaid Poolas.<br \/>\nMeie eesm\u00e4rk on pakkuda klientidele k\u00f5rgeima kvaliteediga tooteid konkurentsiv\u00f5imeliste hindadega.<br \/>\nAlates 2016. aastast oleme arendanud ka oma kaubam\u00e4rgi all olevat tootesarja Cedrus.<br \/>\nHetkel pakume enam kui 100 t\u00fc\u00fcpi CEDRUS kaubam\u00e4rgi aia- ja ehitusmasinaid, samuti k\u00f5iki hooldustarvikuid ja varuosi.<br \/>\n<img decoding=\"async\" src=\"https:\/\/www.ranoja.ee\/wp-content\/uploads\/2023\/07\/cedrus-logo-vaike-1-300x99.png\" alt=\"\" width=\"300\" height=\"99\" class=\"alignnone size-medium wp-image-5896\" srcset=\"https:\/\/ranoja.ee\/wp-content\/uploads\/2023\/07\/cedrus-logo-vaike-1-300x99.png 300w, https:\/\/ranoja.ee\/wp-content\/uploads\/2023\/07\/cedrus-logo-vaike-1.png 431w\" sizes=\"(max-width: 300px) 100vw, 300px\" \/><\/p>\n","protected":false},"excerpt":{"rendered":"<p>Laius: 81,3cm<br \/>\nMahutavus: 43,5l<br \/>\nT\u00fc\u00fcp: Veetav murutraktori haakes<br \/>\nKoguri materjal: Plastik<br \/>\nTugevad plastikust rattad<br \/>\n9 t\u00e4he kujulist tera muru\u00f5hutamiseks<br \/>\n<strong>Seadme eeldatav tarneaeg 1-7 t\u00f6\u00f6p\u00e4eva<\/strong><\/p>\n","protected":false},"featured_media":13897,"template":"","meta":{"inline_featured_image":false},"product_cat":[1079,1083,1081,895],"product_tag":[581,1063,137,157,1491],"class_list":{"0":"post-10482","1":"product","2":"type-product","3":"status-publish","4":"has-post-thumbnail","6":"product_brand-cedrus","7":"product_cat-aiatehnika-ja-niidutehnika","8":"product_cat-muruohutajad","9":"product_cat-murutraktorid","10":"product_cat-parimad-pakkumised-aiatehnikale-ja-ehitustehnikale","11":"product_tag-aeraator","12":"product_tag-aiahooldus","13":"product_tag-cedrus","14":"product_tag-muruohutaja","15":"product_tag-sp31509","17":"first","18":"instock","19":"sale","20":"taxable","21":"shipping-taxable","22":"purchasable","23":"product-type-simple"},"yoast_head":"<!-- This site is optimized with the Yoast SEO plugin v27.4 - https:\/\/yoast.com\/product\/yoast-seo-wordpress\/ -->\n<title>Veetav aeraator-k\u00fclvik Cedrus SP31509 murutraktorile<\/title>\n<meta name=\"description\" content=\"Laius: 81,3cm, Kogumis punkri maht: 43,5l, murutraktori haakesse, Koguri materjaliks on plastik mis ei roosteta, v\u00f5imaldab \u00f5hutada ja k\u00fclvata samaaegselt.\" \/>\n<meta name=\"robots\" content=\"index, follow, max-snippet:-1, max-image-preview:large, max-video-preview:-1\" \/>\n<link rel=\"canonical\" href=\"https:\/\/ranoja.ee\/toode\/veetav-aeraator-kulvik-cedrus-sp31509-murutraktorile\/\" \/>\n<meta property=\"og:locale\" content=\"en_US\" \/>\n<meta property=\"og:type\" content=\"article\" \/>\n<meta property=\"og:title\" content=\"Veetav aeraator-k\u00fclvik Cedrus SP31509 murutraktorile\" \/>\n<meta property=\"og:description\" content=\"Laius: 81,3cm, Kogumis punkri maht: 43,5l, murutraktori haakesse, Koguri materjaliks on plastik mis ei roosteta, v\u00f5imaldab \u00f5hutada ja k\u00fclvata samaaegselt.\" \/>\n<meta property=\"og:url\" content=\"https:\/\/ranoja.ee\/toode\/veetav-aeraator-kulvik-cedrus-sp31509-murutraktorile\/\" \/>\n<meta property=\"og:site_name\" content=\"Ranoja\" \/>\n<meta property=\"article:publisher\" content=\"https:\/\/www.facebook.com\/ranoja.ee\" \/>\n<meta property=\"article:modified_time\" content=\"2026-03-04T12:04:05+00:00\" \/>\n<meta property=\"og:image\" content=\"https:\/\/ranoja.ee\/wp-content\/uploads\/2024\/08\/Veetav-aeraator-kulvik-Cedrus-SP31509-murutraktorile.jpg\" \/>\n\t<meta property=\"og:image:width\" content=\"800\" \/>\n\t<meta property=\"og:image:height\" content=\"521\" \/>\n\t<meta property=\"og:image:type\" content=\"image\/jpeg\" \/>\n<meta name=\"twitter:card\" content=\"summary_large_image\" \/>\n<meta name=\"twitter:label1\" content=\"Est. reading time\" \/>\n\t<meta name=\"twitter:data1\" content=\"2 minutes\" \/>\n<script type=\"application\/ld+json\" class=\"yoast-schema-graph\">{\"@context\":\"https:\\\/\\\/schema.org\",\"@graph\":[{\"@type\":\"WebPage\",\"@id\":\"https:\\\/\\\/ranoja.ee\\\/toode\\\/veetav-aeraator-kulvik-cedrus-sp31509-murutraktorile\\\/\",\"url\":\"https:\\\/\\\/ranoja.ee\\\/toode\\\/veetav-aeraator-kulvik-cedrus-sp31509-murutraktorile\\\/\",\"name\":\"Veetav aeraator-k\u00fclvik Cedrus SP31509 murutraktorile\",\"isPartOf\":{\"@id\":\"https:\\\/\\\/ranoja.ee\\\/#website\"},\"primaryImageOfPage\":{\"@id\":\"https:\\\/\\\/ranoja.ee\\\/toode\\\/veetav-aeraator-kulvik-cedrus-sp31509-murutraktorile\\\/#primaryimage\"},\"image\":{\"@id\":\"https:\\\/\\\/ranoja.ee\\\/toode\\\/veetav-aeraator-kulvik-cedrus-sp31509-murutraktorile\\\/#primaryimage\"},\"thumbnailUrl\":\"https:\\\/\\\/ranoja.ee\\\/wp-content\\\/uploads\\\/2024\\\/08\\\/Veetav-aeraator-kulvik-Cedrus-SP31509-murutraktorile.jpg\",\"datePublished\":\"2024-08-27T11:47:21+00:00\",\"dateModified\":\"2026-03-04T12:04:05+00:00\",\"description\":\"Laius: 81,3cm, Kogumis punkri maht: 43,5l, murutraktori haakesse, Koguri materjaliks on plastik mis ei roosteta, v\u00f5imaldab \u00f5hutada ja k\u00fclvata samaaegselt.\",\"breadcrumb\":{\"@id\":\"https:\\\/\\\/ranoja.ee\\\/toode\\\/veetav-aeraator-kulvik-cedrus-sp31509-murutraktorile\\\/#breadcrumb\"},\"inLanguage\":\"en-US\",\"potentialAction\":[{\"@type\":\"ReadAction\",\"target\":[\"https:\\\/\\\/ranoja.ee\\\/toode\\\/veetav-aeraator-kulvik-cedrus-sp31509-murutraktorile\\\/\"]}]},{\"@type\":\"ImageObject\",\"inLanguage\":\"en-US\",\"@id\":\"https:\\\/\\\/ranoja.ee\\\/toode\\\/veetav-aeraator-kulvik-cedrus-sp31509-murutraktorile\\\/#primaryimage\",\"url\":\"https:\\\/\\\/ranoja.ee\\\/wp-content\\\/uploads\\\/2024\\\/08\\\/Veetav-aeraator-kulvik-Cedrus-SP31509-murutraktorile.jpg\",\"contentUrl\":\"https:\\\/\\\/ranoja.ee\\\/wp-content\\\/uploads\\\/2024\\\/08\\\/Veetav-aeraator-kulvik-Cedrus-SP31509-murutraktorile.jpg\",\"width\":800,\"height\":521,\"caption\":\"Veetav aeraator-k\u00fclvik Cedrus SP31509 murutraktorile\"},{\"@type\":\"BreadcrumbList\",\"@id\":\"https:\\\/\\\/ranoja.ee\\\/toode\\\/veetav-aeraator-kulvik-cedrus-sp31509-murutraktorile\\\/#breadcrumb\",\"itemListElement\":[{\"@type\":\"ListItem\",\"position\":1,\"name\":\"Home\",\"item\":\"https:\\\/\\\/ranoja.ee\\\/\"},{\"@type\":\"ListItem\",\"position\":2,\"name\":\"Shop\",\"item\":\"https:\\\/\\\/ranoja.ee\\\/en\\\/shop\\\/\"},{\"@type\":\"ListItem\",\"position\":3,\"name\":\"Veetav aeraator-k\u00fclvik Cedrus SP31509 murutraktorile\"}]},{\"@type\":\"WebSite\",\"@id\":\"https:\\\/\\\/ranoja.ee\\\/#website\",\"url\":\"https:\\\/\\\/ranoja.ee\\\/\",\"name\":\"Ranoja\",\"description\":\"Equipment Shop WooCommerce WordPress Theme for Machine &amp; Tools\",\"publisher\":{\"@id\":\"https:\\\/\\\/ranoja.ee\\\/#organization\"},\"potentialAction\":[{\"@type\":\"SearchAction\",\"target\":{\"@type\":\"EntryPoint\",\"urlTemplate\":\"https:\\\/\\\/ranoja.ee\\\/?s={search_term_string}\"},\"query-input\":{\"@type\":\"PropertyValueSpecification\",\"valueRequired\":true,\"valueName\":\"search_term_string\"}}],\"inLanguage\":\"en-US\"},{\"@type\":\"Organization\",\"@id\":\"https:\\\/\\\/ranoja.ee\\\/#organization\",\"name\":\"Ranoja O\u00dc\",\"url\":\"https:\\\/\\\/ranoja.ee\\\/\",\"logo\":{\"@type\":\"ImageObject\",\"inLanguage\":\"en-US\",\"@id\":\"https:\\\/\\\/ranoja.ee\\\/#\\\/schema\\\/logo\\\/image\\\/\",\"url\":\"https:\\\/\\\/ranoja.ee\\\/wp-content\\\/uploads\\\/2023\\\/11\\\/ranoja-Logo.png\",\"contentUrl\":\"https:\\\/\\\/ranoja.ee\\\/wp-content\\\/uploads\\\/2023\\\/11\\\/ranoja-Logo.png\",\"width\":207,\"height\":58,\"caption\":\"Ranoja O\u00dc\"},\"image\":{\"@id\":\"https:\\\/\\\/ranoja.ee\\\/#\\\/schema\\\/logo\\\/image\\\/\"},\"sameAs\":[\"https:\\\/\\\/www.facebook.com\\\/ranoja.ee\",\"https:\\\/\\\/www.instagram.com\\\/ranoja__\\\/\"]}]}<\/script>\n<!-- \/ Yoast SEO plugin. -->","yoast_head_json":{"title":"Veetav aeraator-k\u00fclvik Cedrus SP31509 murutraktorile","description":"Laius: 81,3cm, Kogumis punkri maht: 43,5l, murutraktori haakesse, Koguri materjaliks on plastik mis ei roosteta, v\u00f5imaldab \u00f5hutada ja k\u00fclvata samaaegselt.","robots":{"index":"index","follow":"follow","max-snippet":"max-snippet:-1","max-image-preview":"max-image-preview:large","max-video-preview":"max-video-preview:-1"},"canonical":"https:\/\/ranoja.ee\/toode\/veetav-aeraator-kulvik-cedrus-sp31509-murutraktorile\/","og_locale":"en_US","og_type":"article","og_title":"Veetav aeraator-k\u00fclvik Cedrus SP31509 murutraktorile","og_description":"Laius: 81,3cm, Kogumis punkri maht: 43,5l, murutraktori haakesse, Koguri materjaliks on plastik mis ei roosteta, v\u00f5imaldab \u00f5hutada ja k\u00fclvata samaaegselt.","og_url":"https:\/\/ranoja.ee\/toode\/veetav-aeraator-kulvik-cedrus-sp31509-murutraktorile\/","og_site_name":"Ranoja","article_publisher":"https:\/\/www.facebook.com\/ranoja.ee","article_modified_time":"2026-03-04T12:04:05+00:00","og_image":[{"width":800,"height":521,"url":"https:\/\/ranoja.ee\/wp-content\/uploads\/2024\/08\/Veetav-aeraator-kulvik-Cedrus-SP31509-murutraktorile.jpg","type":"image\/jpeg"}],"twitter_card":"summary_large_image","twitter_misc":{"Est. reading time":"2 minutes"},"schema":{"@context":"https:\/\/schema.org","@graph":[{"@type":"WebPage","@id":"https:\/\/ranoja.ee\/toode\/veetav-aeraator-kulvik-cedrus-sp31509-murutraktorile\/","url":"https:\/\/ranoja.ee\/toode\/veetav-aeraator-kulvik-cedrus-sp31509-murutraktorile\/","name":"Veetav aeraator-k\u00fclvik Cedrus SP31509 murutraktorile","isPartOf":{"@id":"https:\/\/ranoja.ee\/#website"},"primaryImageOfPage":{"@id":"https:\/\/ranoja.ee\/toode\/veetav-aeraator-kulvik-cedrus-sp31509-murutraktorile\/#primaryimage"},"image":{"@id":"https:\/\/ranoja.ee\/toode\/veetav-aeraator-kulvik-cedrus-sp31509-murutraktorile\/#primaryimage"},"thumbnailUrl":"https:\/\/ranoja.ee\/wp-content\/uploads\/2024\/08\/Veetav-aeraator-kulvik-Cedrus-SP31509-murutraktorile.jpg","datePublished":"2024-08-27T11:47:21+00:00","dateModified":"2026-03-04T12:04:05+00:00","description":"Laius: 81,3cm, Kogumis punkri maht: 43,5l, murutraktori haakesse, Koguri materjaliks on plastik mis ei roosteta, v\u00f5imaldab \u00f5hutada ja k\u00fclvata samaaegselt.","breadcrumb":{"@id":"https:\/\/ranoja.ee\/toode\/veetav-aeraator-kulvik-cedrus-sp31509-murutraktorile\/#breadcrumb"},"inLanguage":"en-US","potentialAction":[{"@type":"ReadAction","target":["https:\/\/ranoja.ee\/toode\/veetav-aeraator-kulvik-cedrus-sp31509-murutraktorile\/"]}]},{"@type":"ImageObject","inLanguage":"en-US","@id":"https:\/\/ranoja.ee\/toode\/veetav-aeraator-kulvik-cedrus-sp31509-murutraktorile\/#primaryimage","url":"https:\/\/ranoja.ee\/wp-content\/uploads\/2024\/08\/Veetav-aeraator-kulvik-Cedrus-SP31509-murutraktorile.jpg","contentUrl":"https:\/\/ranoja.ee\/wp-content\/uploads\/2024\/08\/Veetav-aeraator-kulvik-Cedrus-SP31509-murutraktorile.jpg","width":800,"height":521,"caption":"Veetav aeraator-k\u00fclvik Cedrus SP31509 murutraktorile"},{"@type":"BreadcrumbList","@id":"https:\/\/ranoja.ee\/toode\/veetav-aeraator-kulvik-cedrus-sp31509-murutraktorile\/#breadcrumb","itemListElement":[{"@type":"ListItem","position":1,"name":"Home","item":"https:\/\/ranoja.ee\/"},{"@type":"ListItem","position":2,"name":"Shop","item":"https:\/\/ranoja.ee\/en\/shop\/"},{"@type":"ListItem","position":3,"name":"Veetav aeraator-k\u00fclvik Cedrus SP31509 murutraktorile"}]},{"@type":"WebSite","@id":"https:\/\/ranoja.ee\/#website","url":"https:\/\/ranoja.ee\/","name":"Ranoja","description":"Equipment Shop WooCommerce WordPress Theme for Machine &amp; Tools","publisher":{"@id":"https:\/\/ranoja.ee\/#organization"},"potentialAction":[{"@type":"SearchAction","target":{"@type":"EntryPoint","urlTemplate":"https:\/\/ranoja.ee\/?s={search_term_string}"},"query-input":{"@type":"PropertyValueSpecification","valueRequired":true,"valueName":"search_term_string"}}],"inLanguage":"en-US"},{"@type":"Organization","@id":"https:\/\/ranoja.ee\/#organization","name":"Ranoja O\u00dc","url":"https:\/\/ranoja.ee\/","logo":{"@type":"ImageObject","inLanguage":"en-US","@id":"https:\/\/ranoja.ee\/#\/schema\/logo\/image\/","url":"https:\/\/ranoja.ee\/wp-content\/uploads\/2023\/11\/ranoja-Logo.png","contentUrl":"https:\/\/ranoja.ee\/wp-content\/uploads\/2023\/11\/ranoja-Logo.png","width":207,"height":58,"caption":"Ranoja O\u00dc"},"image":{"@id":"https:\/\/ranoja.ee\/#\/schema\/logo\/image\/"},"sameAs":["https:\/\/www.facebook.com\/ranoja.ee","https:\/\/www.instagram.com\/ranoja__\/"]}]}},"_links":{"self":[{"href":"https:\/\/ranoja.ee\/en\/wp-json\/wp\/v2\/product\/10482","targetHints":{"allow":["GET"]}}],"collection":[{"href":"https:\/\/ranoja.ee\/en\/wp-json\/wp\/v2\/product"}],"about":[{"href":"https:\/\/ranoja.ee\/en\/wp-json\/wp\/v2\/types\/product"}],"wp:featuredmedia":[{"embeddable":true,"href":"https:\/\/ranoja.ee\/en\/wp-json\/wp\/v2\/media\/13897"}],"wp:attachment":[{"href":"https:\/\/ranoja.ee\/en\/wp-json\/wp\/v2\/media?parent=10482"}],"wp:term":[{"taxonomy":"product_cat","embeddable":true,"href":"https:\/\/ranoja.ee\/en\/wp-json\/wp\/v2\/product_cat?post=10482"},{"taxonomy":"product_tag","embeddable":true,"href":"https:\/\/ranoja.ee\/en\/wp-json\/wp\/v2\/product_tag?post=10482"}],"curies":[{"name":"wp","href":"https:\/\/api.w.org\/{rel}","templated":true}]}}